{"id":17627,"date":"2018-11-09T09:03:20","date_gmt":"2018-11-09T08:03:20","guid":{"rendered":"https:\/\/leregardlibre.com\/mon-compte\/"},"modified":"2026-01-01T20:55:05","modified_gmt":"2026-01-01T19:55:05","slug":"mein-konto","status":"publish","type":"page","link":"https:\/\/leregardlibre.com\/de\/mein-konto\/","title":{"rendered":"Mein Konto"},"content":{"rendered":"<div class=\"woocommerce\"><\/div>\n\n\n\n<p><\/p>","protected":false},"excerpt":{"rendered":"[woocommerce_my_account]","protected":false},"author":1,"featured_media":0,"parent":0,"menu_order":0,"comment_status":"closed","ping_status":"closed","template":"","meta":{"_acf_changed":false,"footnotes":""},"class_list":["post-17627","page","type-page","status-publish","hentry"],"acf":[],"yoast_head":"<!-- This site is optimized with the Yoast SEO Premium plugin v26.9 (Yoast SEO v26.9) - https:\/\/yoast.com\/product\/yoast-seo-premium-wordpress\/ -->\n<title>Mon compte | Le Regard Libre<\/title>\n<meta name=\"description\" content=\"Connexion et gestion de mon compte utilisateur sur le site du mensuel lib\u00e9ral suisse romand Le Regard Libre\" \/>\n<meta name=\"robots\" content=\"index, follow, max-snippet:-1, max-image-preview:large, max-video-preview:-1\" \/>\n<link rel=\"canonical\" href=\"https:\/\/leregardlibre.com\/de\/mein-konto\/\" \/>\n<meta property=\"og:locale\" content=\"de_DE\" \/>\n<meta property=\"og:type\" content=\"article\" \/>\n<meta property=\"og:title\" content=\"Mon compte\" \/>\n<meta property=\"og:description\" content=\"Connexion et gestion de mon compte utilisateur sur le site du mensuel lib\u00e9ral suisse romand Le Regard Libre\" \/>\n<meta property=\"og:url\" content=\"https:\/\/leregardlibre.com\/de\/mein-konto\/\" \/>\n<meta property=\"og:site_name\" content=\"Le Regard Libre\" \/>\n<meta property=\"article:publisher\" content=\"https:\/\/www.facebook.com\/leregardlibre\/\" \/>\n<meta property=\"article:modified_time\" content=\"2026-01-01T19:55:05+00:00\" \/>\n<meta property=\"og:image\" content=\"https:\/\/leregardlibre.com\/wp-content\/uploads\/2025\/11\/rl_logo_1a-e1762609033480.jpg\" \/>\n\t<meta property=\"og:image:width\" content=\"2154\" \/>\n\t<meta property=\"og:image:height\" content=\"1264\" \/>\n\t<meta property=\"og:image:type\" content=\"image\/jpeg\" \/>\n<meta name=\"twitter:card\" content=\"summary_large_image\" \/>\n<meta name=\"twitter:site\" content=\"@LeRegardLibre\" \/>\n<meta name=\"twitter:label1\" content=\"Gesch\u00e4tzte Lesezeit\" \/>\n\t<meta name=\"twitter:data1\" content=\"1\u00a0Minute\" \/>\n<script type=\"application\/ld+json\" class=\"yoast-schema-graph\">{\"@context\":\"https:\/\/schema.org\",\"@graph\":[{\"@type\":\"WebPage\",\"@id\":\"https:\/\/leregardlibre.com\/mon-compte\/\",\"url\":\"https:\/\/leregardlibre.com\/mon-compte\/\",\"name\":\"Mon compte | Le Regard Libre\",\"isPartOf\":{\"@id\":\"https:\/\/leregardlibre.com\/#website\"},\"datePublished\":\"2018-11-09T08:03:20+00:00\",\"dateModified\":\"2026-01-01T19:55:05+00:00\",\"description\":\"Connexion et gestion de mon compte utilisateur sur le site du mensuel lib\u00e9ral suisse romand Le Regard Libre\",\"breadcrumb\":{\"@id\":\"https:\/\/leregardlibre.com\/mon-compte\/#breadcrumb\"},\"inLanguage\":\"de\",\"potentialAction\":[{\"@type\":\"ReadAction\",\"target\":[\"https:\/\/leregardlibre.com\/mon-compte\/\"]}]},{\"@type\":\"BreadcrumbList\",\"@id\":\"https:\/\/leregardlibre.com\/mon-compte\/#breadcrumb\",\"itemListElement\":[{\"@type\":\"ListItem\",\"position\":1,\"name\":\"Accueil\",\"item\":\"https:\/\/leregardlibre.com\/\"},{\"@type\":\"ListItem\",\"position\":2,\"name\":\"Mon compte\"}]},{\"@type\":\"WebSite\",\"@id\":\"https:\/\/leregardlibre.com\/#website\",\"url\":\"https:\/\/leregardlibre.com\/\",\"name\":\"Le Regard Libre\",\"description\":\"Premier mensuel suisse de d\u00e9bat\",\"publisher\":{\"@id\":\"https:\/\/leregardlibre.com\/#organization\"},\"potentialAction\":[{\"@type\":\"SearchAction\",\"target\":{\"@type\":\"EntryPoint\",\"urlTemplate\":\"https:\/\/leregardlibre.com\/?s={search_term_string}\"},\"query-input\":{\"@type\":\"PropertyValueSpecification\",\"valueRequired\":true,\"valueName\":\"search_term_string\"}}],\"inLanguage\":\"de\"},{\"@type\":\"Organization\",\"@id\":\"https:\/\/leregardlibre.com\/#organization\",\"name\":\"Le Regard Libre\",\"url\":\"https:\/\/leregardlibre.com\/\",\"logo\":{\"@type\":\"ImageObject\",\"inLanguage\":\"de\",\"@id\":\"https:\/\/leregardlibre.com\/#\/schema\/logo\/image\/\",\"url\":\"https:\/\/leregardlibre.com\/wp-content\/uploads\/2025\/08\/logo-rl-icone-neg.jpeg\",\"contentUrl\":\"https:\/\/leregardlibre.com\/wp-content\/uploads\/2025\/08\/logo-rl-icone-neg.jpeg\",\"width\":557,\"height\":556,\"caption\":\"Le Regard Libre\"},\"image\":{\"@id\":\"https:\/\/leregardlibre.com\/#\/schema\/logo\/image\/\"},\"sameAs\":[\"https:\/\/www.facebook.com\/leregardlibre\/\",\"https:\/\/x.com\/LeRegardLibre\",\"https:\/\/www.linkedin.com\/company\/le-regard-libre\",\"https:\/\/www.instagram.com\/leregardlibre\/\",\"http:\/\/t.me\/leregardlibre\",\"https:\/\/youtube.com\/channel\/UC6HzGPomj1LsUmlz-sJtITQ\"],\"description\":\"Le Regard Libre est un mensuel suisse de d\u00e9bat intellectuel et culturel. Sa r\u00e9daction est jeune, b\u00e9n\u00e9vole, lib\u00e9rale et pluraliste. Le magazine para\u00eet en ligne et sous forme papier. Sa langue est le fran\u00e7ais.\",\"email\":\"redaction@leregardlibre.com\",\"legalName\":\"Le Regard Libre\",\"foundingDate\":\"2014-01-01\",\"numberOfEmployees\":{\"@type\":\"QuantitativeValue\",\"minValue\":\"11\",\"maxValue\":\"50\"},\"publishingPrinciples\":\"https:\/\/leregardlibre.com\/a-propos\/notre-manifeste\/\",\"ownershipFundingInfo\":\"https:\/\/leregardlibre.com\/mentions-legales\/\",\"actionableFeedbackPolicy\":\"https:\/\/leregardlibre.com\/conditions-generales-de-vente\/\"}]}<\/script>\n<!-- \/ Yoast SEO Premium plugin. -->","yoast_head_json":{"title":"Mein Konto | Le Regard Libre","description":"Anmeldung und Verwaltung meines Benutzerkontos auf der Website der liberalen Monatszeitschrift Le Regard Libre aus der franz\u00f6sischsprachigen Schweiz","robots":{"index":"index","follow":"follow","max-snippet":"max-snippet:-1","max-image-preview":"max-image-preview:large","max-video-preview":"max-video-preview:-1"},"canonical":"https:\/\/leregardlibre.com\/de\/mein-konto\/","og_locale":"de_DE","og_type":"article","og_title":"Mon compte","og_description":"Connexion et gestion de mon compte utilisateur sur le site du mensuel lib\u00e9ral suisse romand Le Regard Libre","og_url":"https:\/\/leregardlibre.com\/de\/mein-konto\/","og_site_name":"Le Regard Libre","article_publisher":"https:\/\/www.facebook.com\/leregardlibre\/","article_modified_time":"2026-01-01T19:55:05+00:00","og_image":[{"width":2154,"height":1264,"url":"https:\/\/leregardlibre.com\/wp-content\/uploads\/2025\/11\/rl_logo_1a-e1762609033480.jpg","type":"image\/jpeg"}],"twitter_card":"summary_large_image","twitter_site":"@LeRegardLibre","twitter_misc":{"Gesch\u00e4tzte Lesezeit":"1\u00a0Minute"},"schema":{"@context":"https:\/\/schema.org","@graph":[{"@type":"WebPage","@id":"https:\/\/leregardlibre.com\/mon-compte\/","url":"https:\/\/leregardlibre.com\/mon-compte\/","name":"Mein Konto | Le Regard Libre","isPartOf":{"@id":"https:\/\/leregardlibre.com\/#website"},"datePublished":"2018-11-09T08:03:20+00:00","dateModified":"2026-01-01T19:55:05+00:00","description":"Anmeldung und Verwaltung meines Benutzerkontos auf der Website der liberalen Monatszeitschrift Le Regard Libre aus der franz\u00f6sischsprachigen Schweiz","breadcrumb":{"@id":"https:\/\/leregardlibre.com\/mon-compte\/#breadcrumb"},"inLanguage":"de","potentialAction":[{"@type":"ReadAction","target":["https:\/\/leregardlibre.com\/mon-compte\/"]}]},{"@type":"BreadcrumbList","@id":"https:\/\/leregardlibre.com\/mon-compte\/#breadcrumb","itemListElement":[{"@type":"ListItem","position":1,"name":"Accueil","item":"https:\/\/leregardlibre.com\/"},{"@type":"ListItem","position":2,"name":"Mon compte"}]},{"@type":"WebSite","@id":"https:\/\/leregardlibre.com\/#website","url":"https:\/\/leregardlibre.com\/","name":"Le Regard Libre","description":"Erste Schweizer Monatszeitschrift f\u00fcr Debatten","publisher":{"@id":"https:\/\/leregardlibre.com\/#organization"},"potentialAction":[{"@type":"SearchAction","target":{"@type":"EntryPoint","urlTemplate":"https:\/\/leregardlibre.com\/?s={search_term_string}"},"query-input":{"@type":"PropertyValueSpecification","valueRequired":true,"valueName":"search_term_string"}}],"inLanguage":"de"},{"@type":"Organization","@id":"https:\/\/leregardlibre.com\/#organization","name":"Le Regard Libre","url":"https:\/\/leregardlibre.com\/","logo":{"@type":"ImageObject","inLanguage":"de","@id":"https:\/\/leregardlibre.com\/#\/schema\/logo\/image\/","url":"https:\/\/leregardlibre.com\/wp-content\/uploads\/2025\/08\/logo-rl-icone-neg.jpeg","contentUrl":"https:\/\/leregardlibre.com\/wp-content\/uploads\/2025\/08\/logo-rl-icone-neg.jpeg","width":557,"height":556,"caption":"Le Regard Libre"},"image":{"@id":"https:\/\/leregardlibre.com\/#\/schema\/logo\/image\/"},"sameAs":["https:\/\/www.facebook.com\/leregardlibre\/","https:\/\/x.com\/LeRegardLibre","https:\/\/www.linkedin.com\/company\/le-regard-libre","https:\/\/www.instagram.com\/leregardlibre\/","http:\/\/t.me\/leregardlibre","https:\/\/youtube.com\/channel\/UC6HzGPomj1LsUmlz-sJtITQ"],"description":"Le Regard Libre ist eine Schweizer Monatszeitschrift f\u00fcr intellektuelle und kulturelle Debatten. Seine Redaktion ist jung, ehrenamtlich, liberal und pluralistisch. Das Magazin erscheint online und in gedruckter Form. Seine Sprache ist Franz\u00f6sisch.","email":"redaction@leregardlibre.com","legalName":"Le Regard Libre","foundingDate":"2014-01-01","numberOfEmployees":{"@type":"QuantitativeValue","minValue":"11","maxValue":"50"},"publishingPrinciples":"https:\/\/leregardlibre.com\/a-propos\/notre-manifeste\/","ownershipFundingInfo":"https:\/\/leregardlibre.com\/mentions-legales\/","actionableFeedbackPolicy":"https:\/\/leregardlibre.com\/conditions-generales-de-vente\/"}]}},"_links":{"self":[{"href":"https:\/\/leregardlibre.com\/de\/wp-json\/wp\/v2\/pages\/17627","targetHints":{"allow":["GET"]}}],"collection":[{"href":"https:\/\/leregardlibre.com\/de\/wp-json\/wp\/v2\/pages"}],"about":[{"href":"https:\/\/leregardlibre.com\/de\/wp-json\/wp\/v2\/types\/page"}],"author":[{"embeddable":true,"href":"https:\/\/leregardlibre.com\/de\/wp-json\/wp\/v2\/users\/1"}],"replies":[{"embeddable":true,"href":"https:\/\/leregardlibre.com\/de\/wp-json\/wp\/v2\/comments?post=17627"}],"version-history":[{"count":1,"href":"https:\/\/leregardlibre.com\/de\/wp-json\/wp\/v2\/pages\/17627\/revisions"}],"predecessor-version":[{"id":50017,"href":"https:\/\/leregardlibre.com\/de\/wp-json\/wp\/v2\/pages\/17627\/revisions\/50017"}],"wp:attachment":[{"href":"https:\/\/leregardlibre.com\/de\/wp-json\/wp\/v2\/media?parent=17627"}],"curies":[{"name":"wp","href":"https:\/\/api.w.org\/{rel}","templated":true}]}}