{"id":45975,"date":"2022-02-14T18:19:33","date_gmt":"2022-02-14T17:19:33","guid":{"rendered":"https:\/\/leregardlibre.com\/?page_id=45975"},"modified":"2025-08-20T17:11:28","modified_gmt":"2025-08-20T15:11:28","slug":"le-retour-roman-feuilleton-inedit-alle-erschienenen-episoden","status":"publish","type":"page","link":"https:\/\/leregardlibre.com\/de\/le-retour-roman-feuilleton-inedit-alle-erschienenen-episoden\/","title":{"rendered":"\u00abDie R\u00fcckkehr\u00bb (Roman): Alle bisher erschienenen Episoden"},"content":{"rendered":"<p class=\"has-drop-cap\"><strong>In den Jahren 2022 und 2023 wird der junge Schweizer Autor <a href=\"https:\/\/twitter.com\/LeRegardLibre\/status\/1481491234623471618\">Elliot Mazzella<\/a> ver\u00f6ffentlichte exklusiv seinen Roman <em>Die R\u00fcckkehr<\/em> in den Spalten des <em>Regard Libre<\/em>, In der alten Tradition der Fortsetzungsromane wird das Buch in Episodenform ver\u00f6ffentlicht. Hier finden Sie alle bereits erschienenen Episoden:<\/strong><\/p>\n\n\n\n<h6 class=\"wp-block-heading\"><a href=\"https:\/\/leregardlibre.com\/de\/literatur\/die-ruckkehr-episode-1\/\">Episode 1\/15<\/a><\/h6>\n\n\n\n<p><em>Nach Jahren der Abwesenheit kehrt Joseph in sein Heimatdorf zur\u00fcck.<\/em><\/p>\n\n\n\n<h6 class=\"wp-block-heading\"><a href=\"https:\/\/leregardlibre.com\/de\/literatur\/le-retour-episode-2\/\">Episode 2\/15<\/a><\/h6>\n\n\n\n<p><em>Nach Jahren der Abwesenheit kehrt Joseph in sein Heimatdorf zur\u00fcck. Seine R\u00fcckkehr wird von allen erwartet und ihm zu Ehren soll ein gro\u00dfes Fest gefeiert werden, so glaubt er zumindest.<\/em><\/p>\n\n\n\n<h6 class=\"wp-block-heading\"><a href=\"https:\/\/leregardlibre.com\/de\/literatur\/le-retour-episode-3\/\">Episode 3\/15<\/a><\/h6>\n\n\n\n<p><em>Nach Jahren der Abwesenheit kehrt Joseph in sein Heimatdorf zur\u00fcck. Als er vor den Toren seines Dorfes ankommt, laufen die Dinge nicht wie erwartet: Niemand scheint ihn zu erkennen. Joseph glaubt an einen Scherz und erkl\u00e4rt sich bereit, mit seinem alten Freund Pierre zu k\u00e4mpfen. Es dauert nicht lange, bis der Kampf zu Gunsten von Pierre ausgeht. Joseph verliert das Bewusstsein und die M\u00e4nner bringen ihn mitten in der Nacht zur\u00fcck ins Dorf. Der Fremde wird bei der Witwe Agathe untergebracht.<\/em><\/p>\n\n\n\n<h6 class=\"wp-block-heading\"><a href=\"https:\/\/leregardlibre.com\/de\/literatur\/le-retour-episode-4\/\">Episode 4\/15<\/a><\/h6>\n\n\n\n<p><em>Josephs R\u00fcckkehr verl\u00e4uft nicht wie geplant. Obwohl er erwartet hatte, als wahrer Held empfangen zu werden, wird der junge Mann an der Schwelle seines Heimatdorfes gelyncht. Nach kurzer Beratung beschlie\u00dfen die M\u00e4nner, ihn bei Agathe, der Witwe, unterzubringen. Das pl\u00f6tzliche Auftauchen von Agathe scheint in ihr alte Schmerzen zu wecken. Joseph erf\u00e4hrt, dass sein Vater St\u00e9phane einst von der Witwe geliebt wurde.<\/em><\/p>\n\n\n\n<h6 class=\"wp-block-heading\"><a href=\"https:\/\/leregardlibre.com\/de\/literatur\/le-retour-episode-5\/\">Episode 5\/15<\/a><\/h6>\n\n\n\n<p><em>Kaum ist Joseph in sein Heimatdorf zur\u00fcckgekehrt, wo er als Held empfangen werden sollte, wohnt er bei der Witwe Agathe und wartet darauf, dass das Dorf \u00fcber sein Schicksal entscheidet: Soll er als Fremder zur\u00fcckgeschickt werden oder soll er Zeit bekommen, um zu beweisen, dass er der Joseph ist, den alle im Dorf gekannt haben? Am Tag nach seiner R\u00fcckkehr wird Joseph aufgefordert, sich an der t\u00e4glichen Arbeit zu beteiligen. Das ist die erste Pr\u00fcfung.<\/em><\/p>\n\n\n\n<h6 class=\"wp-block-heading\"><a href=\"https:\/\/leregardlibre.com\/de\/literatur\/le-retour-episode-6\/\">Episode 6\/15<\/a><\/h6>\n\n\n\n<p><em>Kaum ist Joseph in sein Heimatdorf zur\u00fcckgekehrt, wo er erwartet hatte, wie ein Held gefeiert zu werden, wird er verschiedenen Pr\u00fcfungen unterzogen. Nach seinem ersten Arbeitstag vertraut ihm der scheinbare Dorfvorsteher Sim\u00e9on an, dass er fr\u00fcher eine besondere Beziehung zu seinem Vater St\u00e9phane hatte und so sein Vertrauen gewonnen hat. Doch Joseph darf nicht vergessen, dass im Dorf nichts selbstverst\u00e4ndlich ist.<\/em><\/p>\n\n\n\n<h6 class=\"wp-block-heading\"><a href=\"https:\/\/leregardlibre.com\/de\/literatur\/die-ruckkehr-inedit-roman-epsiode-7-15\/\">Episode 7\/15<\/a><\/h6>\n\n\n\n<p><em><em>Josephs R\u00fcckkehr verl\u00e4uft nicht wie geplant. Mal ist er ein Fremder, mal ein Mitglied der Gemeinschaft, seine Situation ist \u00e4u\u00dferst instabil. Die gemeinschaftlichen Aufgaben, an denen er teilnimmt, werden nach und nach zu Pr\u00fcfungen, die manchmal sogar sein Leben in Gefahr bringen. Nach einer vorget\u00e4uschten Menschenjagd wird Joseph der Schweinestall anvertraut, wo, ohne dass er es wei\u00df, ein alter Bekannter auf ihn wartet.<\/em><\/em><\/p>\n\n\n\n<h6 class=\"wp-block-heading\"><a href=\"https:\/\/leregardlibre.com\/de\/literatur\/le-retour-roman-inedit-episode-8\/\">Episode 8\/15<\/a><\/h6>\n\n\n\n<p><em>Josephs Situation im Dorf ist nach wie vor instabil. Nach seiner Begegnung mit Pierre im Schweinestall des Dorfes wird er zum Sterben zur\u00fcckgelassen. Pierre ist \u00fcberzeugt, einen Brudermord begangen zu haben, und flieht. Es ist Simeon, der Josephs scheinbar leblosen K\u00f6rper zur\u00fcckbringt, obwohl er am Vortag seinen M\u00e4nnern befohlen hatte, ihn wie ein Tier zu jagen.<\/em><\/p>\n\n\n\n<h6 class=\"wp-block-heading\"><a href=\"https:\/\/leregardlibre.com\/de\/literatur\/le-retour-roman-inedit-episode-9\/\">Episode 9\/15<\/a><\/h6>\n\n\n\n<p><em>Nach dem \u00dcberfall auf Joseph ist Pierre noch immer nicht ins Dorf zur\u00fcckgekehrt. Simeon, der den K\u00f6rper des Fremden nach Hause gebracht hat, als w\u00e4re er sein Sohn, scheint besorgt zu sein. Joseph ruht derweil in einem Zimmer, \u00fcber das Leila wacht. Sie wei\u00df, dass ihr Vater etwas mit dem Tod seiner alten Liebe zu tun hat.<\/em><\/p>\n\n\n\n<h6 class=\"wp-block-heading\"><a href=\"https:\/\/leregardlibre.com\/de\/literatur\/le-retour-roman-inedit-episode-10-elliot-mazzella\/\">Episode 10\/15<\/a><\/h6>\n\n\n\n<p><em>Die T\u00f6tung hat stattgefunden, bei der weder Peter noch Joseph anwesend waren. Die seit jeher verfeindeten Br\u00fcder finden sich in ihrem gemeinsamen Exil fernab des Dorfes wieder zusammen. Simeon ahnt unterdessen eine bevorstehende Katastrophe. Es gibt etwas Unruhiges in den Angelegenheiten des Dorfes, und er wei\u00df das nur zu gut...<\/em><\/p>\n\n\n\n<h6 class=\"wp-block-heading\"><a href=\"https:\/\/leregardlibre.com\/de\/literatur\/le-retour-roman-inedit\/\">Episode 11\/15<\/a><a href=\"https:\/\/leregardlibre.com\/de\/literatur\/le-retour-roman-inedit-episode-8\/\"><\/a><\/h6>\n\n\n\n<p><em>Joseph ist in einen fiebrigen Schlaf gefallen und tr\u00e4umt. Er wandert an der Seite seines ehemaligen Freundes Pierre durch eine trostlose Heidelandschaft. Er erinnert sich an die Einsamkeit und an eine Vergangenheit, die in ihm gestorben ist. Die beiden Freunde wandern bis zum Waldrand, wo eine Frau auf sie wartet. Es handelt sich um Leila. Sie muss eine Wahl treffen, und sie entscheidet sich f\u00fcr Joseph. Pierre bricht zusammen...<\/em><\/p>\n\n\n\n<p><strong><a href=\"https:\/\/leregardlibre.com\/de\/literatur\/le-retour-roman-inedit-episode-12\/\">Episode 12\/15<\/a><\/strong><\/p>\n\n\n\n<p><em>Josephs Genesung neigt sich dem Ende zu. Am Ende seines Bettes h\u00f6rte er eine vertraute Stimme, die nicht die der vorigen Dienerin Agathe war. Das ist sie, das ist Leila, seine Jugendliebe. Ihr Wiedersehen markiert den Beginn einer Zeit des Friedens und der Vers\u00f6hnung. Joseph nimmt nun am Dorfleben teil, er arbeitet, isst und lacht mit denen, die vielleicht zu seinen eigenen geworden sind.<\/em><\/p>\n\n\n\n<h6 class=\"wp-block-heading\"><a href=\"https:\/\/leregardlibre.com\/de\/literatur\/le-retour-roman-inedit-episode-13\/\">Episode 13\/15<\/a><\/h6>\n\n\n\n<p><em>Josephs Genesung neigt sich dem Ende zu. Am Ende seines Bettes h\u00f6rte er eine vertraute Stimme, die nicht die der vorigen Dienerin Agathe war. Das ist sie, das ist Leila, seine Jugendliebe. Ihr Wiedersehen markiert den Beginn einer Zeit des Friedens und der Vers\u00f6hnung. Joseph nimmt nun am Dorfleben teil, er arbeitet, isst und lacht mit denen, die vielleicht zu seinen eigenen geworden sind.<\/em><\/p>\n\n\n\n<h6 class=\"wp-block-heading\"><a href=\"https:\/\/leregardlibre.com\/de\/literatur\/le-retour-roman-inedit-episode-14\/\">Episode 14\/15<\/a><\/h6>\n\n\n\n<p><em>Joseph ist wieder bei seiner Familie. Ihm gelingt alles. Er arbeitet, er liebt und wird geliebt. Am Ende eines Erntetages und nach einem feuchtfr\u00f6hlichen Abend kehrt Joseph zu Agathe zur\u00fcck, wo eine \u00dcberraschung auf ihn wartet. Es ist Leila. Sie bietet ihm an, mit ihr das Dorf zu verlassen...<\/em><\/p>\n\n\n\n<h6 class=\"wp-block-heading\"><a href=\"https:\/\/leregardlibre.com\/de\/literatur\/le-retour-roman-inedit-episode-15\/\">Episode 15\/15<\/a><\/h6>\n\n\n\n<p><em>Joseph ist fr\u00fch aufgestanden, weil er seine Gro\u00dfeltern, die ihm sehr wichtig sind, wiedersehen wird. Auf seinem Weg durch das Dorf trifft er auf einige Dorfbewohner, die ihm fr\u00fcher so feindlich gesinnt waren. Alle zeigen ihm ihren Respekt und ihre Sympathie und alle erinnern sich an Marguerite und Aim\u00e9. Seine Gro\u00dfmutter begr\u00fc\u00dft ihn so, wie er anfangs vom Dorf begr\u00fc\u00dft werden wollte. Sie sprechen \u00fcber Worte und B\u00fccher.<\/em><\/p>","protected":false},"excerpt":{"rendered":"<p>En 2022 et 2023, le jeune auteur suisse Elliot Mazzella a publi\u00e9 en exclusivit\u00e9 son roman Le retour dans les&#8230;<\/p>","protected":false},"author":1,"featured_media":0,"parent":0,"menu_order":0,"comment_status":"closed","ping_status":"closed","template":"","meta":{"_acf_changed":false,"footnotes":""},"class_list":["post-45975","page","type-page","status-publish","hentry"],"acf":[],"yoast_head":"<!-- This site is optimized with the Yoast SEO Premium plugin v27.4 (Yoast SEO v27.4) - https:\/\/yoast.com\/product\/yoast-seo-premium-wordpress\/ -->\n<title>\u00abLe retour\u00bb (roman): tous les \u00e9pisodes parus<\/title>\n<meta name=\"description\" content=\"\u00abLe retour\u00bb, roman in\u00e9dit du jeune auteur suisse Elliot Mazzella sous forme de feuilleton de quinze \u00e9pisodes. Tous les \u00e9pisodes d\u00e9j\u00e0 parus\" \/>\n<meta name=\"robots\" content=\"index, follow, max-snippet:-1, max-image-preview:large, max-video-preview:-1\" \/>\n<link rel=\"canonical\" href=\"https:\/\/leregardlibre.com\/de\/le-retour-roman-feuilleton-inedit-alle-erschienenen-episoden\/\" \/>\n<meta property=\"og:locale\" content=\"de_DE\" \/>\n<meta property=\"og:type\" content=\"article\" \/>\n<meta property=\"og:title\" content=\"\u00abLe retour\u00bb (roman): tous les \u00e9pisodes parus\" \/>\n<meta property=\"og:description\" content=\"\u00abLe retour\u00bb, roman in\u00e9dit du jeune auteur suisse Elliot Mazzella sous forme de feuilleton de quinze \u00e9pisodes. Tous les \u00e9pisodes d\u00e9j\u00e0 parus\" \/>\n<meta property=\"og:url\" content=\"https:\/\/leregardlibre.com\/de\/le-retour-roman-feuilleton-inedit-alle-erschienenen-episoden\/\" \/>\n<meta property=\"og:site_name\" content=\"Le Regard Libre\" \/>\n<meta property=\"article:publisher\" content=\"https:\/\/www.facebook.com\/leregardlibre\/\" \/>\n<meta property=\"article:modified_time\" content=\"2025-08-20T15:11:28+00:00\" \/>\n<meta property=\"og:image\" content=\"https:\/\/leregardlibre.com\/wp-content\/uploads\/2025\/11\/rl_logo_1a-e1762609033480.jpg\" \/>\n\t<meta property=\"og:image:width\" content=\"2154\" \/>\n\t<meta property=\"og:image:height\" content=\"1264\" \/>\n\t<meta property=\"og:image:type\" content=\"image\/jpeg\" \/>\n<meta name=\"twitter:card\" content=\"summary_large_image\" \/>\n<meta name=\"twitter:site\" content=\"@LeRegardLibre\" \/>\n<meta name=\"twitter:label1\" content=\"Gesch\u00e4tzte Lesezeit\" \/>\n\t<meta name=\"twitter:data1\" content=\"6\u00a0Minuten\" \/>\n<script type=\"application\/ld+json\" class=\"yoast-schema-graph\">{\"@context\":\"https:\\\/\\\/schema.org\",\"@graph\":[{\"@type\":\"WebPage\",\"@id\":\"https:\\\/\\\/leregardlibre.com\\\/le-retour-roman-feuilleton-inedit-tous-les-episodes-parus\\\/\",\"url\":\"https:\\\/\\\/leregardlibre.com\\\/le-retour-roman-feuilleton-inedit-tous-les-episodes-parus\\\/\",\"name\":\"\u00abLe retour\u00bb (roman): tous les \u00e9pisodes parus\",\"isPartOf\":{\"@id\":\"https:\\\/\\\/leregardlibre.com\\\/#website\"},\"datePublished\":\"2022-02-14T17:19:33+00:00\",\"dateModified\":\"2025-08-20T15:11:28+00:00\",\"description\":\"\u00abLe retour\u00bb, roman in\u00e9dit du jeune auteur suisse Elliot Mazzella sous forme de feuilleton de quinze \u00e9pisodes. Tous les \u00e9pisodes d\u00e9j\u00e0 parus\",\"breadcrumb\":{\"@id\":\"https:\\\/\\\/leregardlibre.com\\\/le-retour-roman-feuilleton-inedit-tous-les-episodes-parus\\\/#breadcrumb\"},\"inLanguage\":\"de\",\"potentialAction\":[{\"@type\":\"ReadAction\",\"target\":[\"https:\\\/\\\/leregardlibre.com\\\/le-retour-roman-feuilleton-inedit-tous-les-episodes-parus\\\/\"]}]},{\"@type\":\"BreadcrumbList\",\"@id\":\"https:\\\/\\\/leregardlibre.com\\\/le-retour-roman-feuilleton-inedit-tous-les-episodes-parus\\\/#breadcrumb\",\"itemListElement\":[{\"@type\":\"ListItem\",\"position\":1,\"name\":\"Accueil\",\"item\":\"https:\\\/\\\/leregardlibre.com\\\/\"},{\"@type\":\"ListItem\",\"position\":2,\"name\":\"\u00abLe retour\u00bb (roman): tous les \u00e9pisodes parus\"}]},{\"@type\":\"WebSite\",\"@id\":\"https:\\\/\\\/leregardlibre.com\\\/#website\",\"url\":\"https:\\\/\\\/leregardlibre.com\\\/\",\"name\":\"Le Regard Libre\",\"description\":\"Premier mensuel suisse de d\u00e9bat\",\"publisher\":{\"@id\":\"https:\\\/\\\/leregardlibre.com\\\/#organization\"},\"potentialAction\":[{\"@type\":\"SearchAction\",\"target\":{\"@type\":\"EntryPoint\",\"urlTemplate\":\"https:\\\/\\\/leregardlibre.com\\\/?s={search_term_string}\"},\"query-input\":{\"@type\":\"PropertyValueSpecification\",\"valueRequired\":true,\"valueName\":\"search_term_string\"}}],\"inLanguage\":\"de\"},{\"@type\":\"Organization\",\"@id\":\"https:\\\/\\\/leregardlibre.com\\\/#organization\",\"name\":\"Le Regard Libre\",\"url\":\"https:\\\/\\\/leregardlibre.com\\\/\",\"logo\":{\"@type\":\"ImageObject\",\"inLanguage\":\"de\",\"@id\":\"https:\\\/\\\/leregardlibre.com\\\/#\\\/schema\\\/logo\\\/image\\\/\",\"url\":\"https:\\\/\\\/leregardlibre.com\\\/wp-content\\\/uploads\\\/2025\\\/08\\\/logo-rl-icone-neg.jpeg\",\"contentUrl\":\"https:\\\/\\\/leregardlibre.com\\\/wp-content\\\/uploads\\\/2025\\\/08\\\/logo-rl-icone-neg.jpeg\",\"width\":557,\"height\":556,\"caption\":\"Le Regard Libre\"},\"image\":{\"@id\":\"https:\\\/\\\/leregardlibre.com\\\/#\\\/schema\\\/logo\\\/image\\\/\"},\"sameAs\":[\"https:\\\/\\\/www.facebook.com\\\/leregardlibre\\\/\",\"https:\\\/\\\/x.com\\\/LeRegardLibre\",\"https:\\\/\\\/www.linkedin.com\\\/company\\\/le-regard-libre\",\"https:\\\/\\\/www.instagram.com\\\/leregardlibre\\\/\",\"http:\\\/\\\/t.me\\\/leregardlibre\",\"https:\\\/\\\/youtube.com\\\/channel\\\/UC6HzGPomj1LsUmlz-sJtITQ\"],\"description\":\"Le Regard Libre est un mensuel suisse de d\u00e9bat intellectuel et culturel. Sa r\u00e9daction est jeune, b\u00e9n\u00e9vole, lib\u00e9rale et pluraliste. Le magazine para\u00eet en ligne et sous forme papier. Sa langue est le fran\u00e7ais.\",\"email\":\"redaction@leregardlibre.com\",\"legalName\":\"Le Regard Libre\",\"foundingDate\":\"2014-01-01\",\"numberOfEmployees\":{\"@type\":\"QuantitativeValue\",\"minValue\":\"11\",\"maxValue\":\"50\"},\"publishingPrinciples\":\"https:\\\/\\\/leregardlibre.com\\\/a-propos\\\/notre-manifeste\\\/\",\"ownershipFundingInfo\":\"https:\\\/\\\/leregardlibre.com\\\/mentions-legales\\\/\",\"actionableFeedbackPolicy\":\"https:\\\/\\\/leregardlibre.com\\\/conditions-generales-de-vente\\\/\"}]}<\/script>\n<!-- \/ Yoast SEO Premium plugin. -->","yoast_head_json":{"title":"\u00abDie R\u00fcckkehr\u00bb (Roman): Alle bisher erschienenen Episoden","description":"\u00abDie R\u00fcckkehr\u00bb, ein unver\u00f6ffentlichter Roman des jungen Schweizer Autors Elliot Mazzella in Form einer Serie mit f\u00fcnfzehn Episoden. Alle bereits erschienenen Episoden","robots":{"index":"index","follow":"follow","max-snippet":"max-snippet:-1","max-image-preview":"max-image-preview:large","max-video-preview":"max-video-preview:-1"},"canonical":"https:\/\/leregardlibre.com\/de\/le-retour-roman-feuilleton-inedit-alle-erschienenen-episoden\/","og_locale":"de_DE","og_type":"article","og_title":"\u00abLe retour\u00bb (roman): tous les \u00e9pisodes parus","og_description":"\u00abLe retour\u00bb, roman in\u00e9dit du jeune auteur suisse Elliot Mazzella sous forme de feuilleton de quinze \u00e9pisodes. Tous les \u00e9pisodes d\u00e9j\u00e0 parus","og_url":"https:\/\/leregardlibre.com\/de\/le-retour-roman-feuilleton-inedit-alle-erschienenen-episoden\/","og_site_name":"Le Regard Libre","article_publisher":"https:\/\/www.facebook.com\/leregardlibre\/","article_modified_time":"2025-08-20T15:11:28+00:00","og_image":[{"width":2154,"height":1264,"url":"https:\/\/leregardlibre.com\/wp-content\/uploads\/2025\/11\/rl_logo_1a-e1762609033480.jpg","type":"image\/jpeg"}],"twitter_card":"summary_large_image","twitter_site":"@LeRegardLibre","twitter_misc":{"Gesch\u00e4tzte Lesezeit":"6\u00a0Minuten"},"schema":{"@context":"https:\/\/schema.org","@graph":[{"@type":"WebPage","@id":"https:\/\/leregardlibre.com\/le-retour-roman-feuilleton-inedit-tous-les-episodes-parus\/","url":"https:\/\/leregardlibre.com\/le-retour-roman-feuilleton-inedit-tous-les-episodes-parus\/","name":"\u00abDie R\u00fcckkehr\u00bb (Roman): Alle bisher erschienenen Episoden","isPartOf":{"@id":"https:\/\/leregardlibre.com\/#website"},"datePublished":"2022-02-14T17:19:33+00:00","dateModified":"2025-08-20T15:11:28+00:00","description":"\u00abDie R\u00fcckkehr\u00bb, ein unver\u00f6ffentlichter Roman des jungen Schweizer Autors Elliot Mazzella in Form einer Serie mit f\u00fcnfzehn Episoden. Alle bereits erschienenen Episoden","breadcrumb":{"@id":"https:\/\/leregardlibre.com\/le-retour-roman-feuilleton-inedit-tous-les-episodes-parus\/#breadcrumb"},"inLanguage":"de","potentialAction":[{"@type":"ReadAction","target":["https:\/\/leregardlibre.com\/le-retour-roman-feuilleton-inedit-tous-les-episodes-parus\/"]}]},{"@type":"BreadcrumbList","@id":"https:\/\/leregardlibre.com\/le-retour-roman-feuilleton-inedit-tous-les-episodes-parus\/#breadcrumb","itemListElement":[{"@type":"ListItem","position":1,"name":"Accueil","item":"https:\/\/leregardlibre.com\/"},{"@type":"ListItem","position":2,"name":"\u00abLe retour\u00bb (roman): tous les \u00e9pisodes parus"}]},{"@type":"WebSite","@id":"https:\/\/leregardlibre.com\/#website","url":"https:\/\/leregardlibre.com\/","name":"Le Regard Libre","description":"Erste Schweizer Monatszeitschrift f\u00fcr Debatten","publisher":{"@id":"https:\/\/leregardlibre.com\/#organization"},"potentialAction":[{"@type":"SearchAction","target":{"@type":"EntryPoint","urlTemplate":"https:\/\/leregardlibre.com\/?s={search_term_string}"},"query-input":{"@type":"PropertyValueSpecification","valueRequired":true,"valueName":"search_term_string"}}],"inLanguage":"de"},{"@type":"Organization","@id":"https:\/\/leregardlibre.com\/#organization","name":"Le Regard Libre","url":"https:\/\/leregardlibre.com\/","logo":{"@type":"ImageObject","inLanguage":"de","@id":"https:\/\/leregardlibre.com\/#\/schema\/logo\/image\/","url":"https:\/\/leregardlibre.com\/wp-content\/uploads\/2025\/08\/logo-rl-icone-neg.jpeg","contentUrl":"https:\/\/leregardlibre.com\/wp-content\/uploads\/2025\/08\/logo-rl-icone-neg.jpeg","width":557,"height":556,"caption":"Le Regard Libre"},"image":{"@id":"https:\/\/leregardlibre.com\/#\/schema\/logo\/image\/"},"sameAs":["https:\/\/www.facebook.com\/leregardlibre\/","https:\/\/x.com\/LeRegardLibre","https:\/\/www.linkedin.com\/company\/le-regard-libre","https:\/\/www.instagram.com\/leregardlibre\/","http:\/\/t.me\/leregardlibre","https:\/\/youtube.com\/channel\/UC6HzGPomj1LsUmlz-sJtITQ"],"description":"Le Regard Libre ist eine Schweizer Monatszeitschrift f\u00fcr intellektuelle und kulturelle Debatten. Seine Redaktion ist jung, ehrenamtlich, liberal und pluralistisch. Das Magazin erscheint online und in gedruckter Form. Seine Sprache ist Franz\u00f6sisch.","email":"redaction@leregardlibre.com","legalName":"Le Regard Libre","foundingDate":"2014-01-01","numberOfEmployees":{"@type":"QuantitativeValue","minValue":"11","maxValue":"50"},"publishingPrinciples":"https:\/\/leregardlibre.com\/a-propos\/notre-manifeste\/","ownershipFundingInfo":"https:\/\/leregardlibre.com\/mentions-legales\/","actionableFeedbackPolicy":"https:\/\/leregardlibre.com\/conditions-generales-de-vente\/"}]}},"_links":{"self":[{"href":"https:\/\/leregardlibre.com\/de\/wp-json\/wp\/v2\/pages\/45975","targetHints":{"allow":["GET"]}}],"collection":[{"href":"https:\/\/leregardlibre.com\/de\/wp-json\/wp\/v2\/pages"}],"about":[{"href":"https:\/\/leregardlibre.com\/de\/wp-json\/wp\/v2\/types\/page"}],"author":[{"embeddable":true,"href":"https:\/\/leregardlibre.com\/de\/wp-json\/wp\/v2\/users\/1"}],"replies":[{"embeddable":true,"href":"https:\/\/leregardlibre.com\/de\/wp-json\/wp\/v2\/comments?post=45975"}],"version-history":[{"count":2,"href":"https:\/\/leregardlibre.com\/de\/wp-json\/wp\/v2\/pages\/45975\/revisions"}],"predecessor-version":[{"id":521702,"href":"https:\/\/leregardlibre.com\/de\/wp-json\/wp\/v2\/pages\/45975\/revisions\/521702"}],"wp:attachment":[{"href":"https:\/\/leregardlibre.com\/de\/wp-json\/wp\/v2\/media?parent=45975"}],"curies":[{"name":"wp","href":"https:\/\/api.w.org\/{rel}","templated":true}]}}