{"id":49867,"date":"2022-06-28T08:12:19","date_gmt":"2022-06-28T06:12:19","guid":{"rendered":"https:\/\/leregardlibre.com\/?page_id=49867"},"modified":"2025-11-10T08:25:50","modified_gmt":"2025-11-10T07:25:50","slug":"a-propos","status":"publish","type":"page","link":"https:\/\/leregardlibre.com\/de\/a-propos\/","title":{"rendered":"\u00dcber"},"content":{"rendered":"<div data-elementor-type=\"wp-page\" data-elementor-id=\"49867\" class=\"elementor elementor-49867\">\n\t\t\t\t\t\t<section class=\"elementor-section elementor-top-section elementor-element elementor-element-72a51fa elementor-section-boxed elementor-section-height-default elementor-section-height-default\" data-id=\"72a51fa\" data-element_type=\"section\" data-e-type=\"section\">\n\t\t\t\t\t\t<div class=\"elementor-container elementor-column-gap-default\">\n\t\t\t\t\t<div class=\"elementor-column elementor-col-100 elementor-top-column elementor-element elementor-element-01ad100\" data-id=\"01ad100\" data-element_type=\"column\" data-e-type=\"column\">\n\t\t\t<div class=\"elementor-widget-wrap elementor-element-populated\">\n\t\t\t\t\t\t<div class=\"elementor-element elementor-element-a562184 elementor-widget elementor-widget-heading\" data-id=\"a562184\" data-element_type=\"widget\" data-e-type=\"widget\" data-widget_type=\"heading.default\">\n\t\t\t\t<div class=\"elementor-widget-container\">\n\t\t\t\t\t<h1 class=\"elementor-heading-title elementor-size-default\">\u00dcber<\/h1>\t\t\t\t<\/div>\n\t\t\t\t<\/div>\n\t\t\t\t\t<\/div>\n\t\t<\/div>\n\t\t\t\t\t<\/div>\n\t\t<\/section>\n\t\t\t\t<section class=\"elementor-section elementor-top-section elementor-element elementor-element-2926a69 elementor-section-content-top elementor-section-boxed elementor-section-height-default elementor-section-height-default\" data-id=\"2926a69\" data-element_type=\"section\" data-e-type=\"section\">\n\t\t\t\t\t\t<div class=\"elementor-container elementor-column-gap-default\">\n\t\t\t\t\t<div class=\"elementor-column elementor-col-50 elementor-top-column elementor-element elementor-element-3be1316\" data-id=\"3be1316\" data-element_type=\"column\" data-e-type=\"column\">\n\t\t\t<div class=\"elementor-widget-wrap elementor-element-populated\">\n\t\t\t\t\t\t<div class=\"elementor-element elementor-element-42fa946 elementor-widget elementor-widget-text-editor\" data-id=\"42fa946\" data-element_type=\"widget\" data-e-type=\"widget\" data-widget_type=\"text-editor.default\">\n\t\t\t\t<div class=\"elementor-widget-container\">\n\t\t\t\t\t\t\t\t\t<p style=\"margin-bottom: 17px; text-align: left; font-family: Cabin, sans-serif; font-weight: 400; color: #313131;\"><span style=\"font-weight: bolder;\">Haben Sie trotz der Vielzahl an Akteuren einen Mangel in der Medienwelt festgestellt?<\/span>\u00a0Gibt es eine Nachahmung der behandelten Themen und der ge\u00e4u\u00dferten Ansichten?<\/p><p style=\"margin-bottom: 17px; text-align: left; font-family: Cabin, sans-serif; font-weight: 400; color: #313131;\"><span style=\"font-weight: bolder;\">Es sollte auf der journalistischen und intellektuellen B\u00fchne ein Medium der Reflexion entstehen,<\/span>\u00a0die ihre Leser nicht so sehr informieren, sondern ihnen vielmehr Denkanst\u00f6\u00dfe geben will. Sie sollen Analysen, Debatten und Einblicke in wenig beachtete Aspekte der Realit\u00e4t und des Lebens der Ideen erhalten.<\/p><p style=\"margin-bottom: 17px; text-align: left; font-family: Cabin, sans-serif; font-weight: 400; color: #313131;\"><span style=\"font-weight: bolder; font-size: inherit;\">Dieses Medium, das 2014 erschien, ist\u00a0<\/span><em style=\"font-weight: bolder; font-size: inherit;\">Le Regard Libre<\/em><span style=\"font-weight: bolder; font-size: inherit;\">.<\/span><\/p><p style=\"margin-bottom: 17px; text-align: left; font-family: Cabin, sans-serif; font-weight: 400; color: #313131;\"><span style=\"font-weight: bolder;\">Frei, weil unabh\u00e4ngig.<\/span>\u00a0Unabh\u00e4ngig von gro\u00dfen Medienkonzernen, Verlegern, M\u00e4zenen oder Anzeigenkunden, unabh\u00e4ngig von Modew\u00f6rtern und vorgefertigten Ideen, unabh\u00e4ngig von politischen oder konfessionellen Lagern, unabh\u00e4ngig vom moralischen Druck der Gesellschaft, unabh\u00e4ngig vom L\u00e4rm der Nachrichten.<\/p><p style=\"margin-bottom: 17px; text-align: left; font-family: Cabin, sans-serif; font-weight: 400; color: #313131;\"><span style=\"font-weight: bolder;\">Unabh\u00e4ngig auch von der Routine, die ein Gehalt einfl\u00f6\u00dft, denn unser Team ist 100% ehrenamtlich und investiert aus \u00dcberzeugung<\/span>, Die Mitarbeiter der Redaktion und die Mitglieder des Vereins Le Regard Libre, der das gleichnamige Medium herausgibt.<\/p><p style=\"margin-bottom: 17px; text-align: left; font-family: Cabin, sans-serif; font-weight: 400; color: #313131;\"><span style=\"font-weight: bolder;\">Ein Grundsatz, der uns leitet, ist die Notwendigkeit einer offenen und ernsthaften Argumentation.<\/span>\u00a0Entdecken Sie mit uns Ideen, die sich gegenseitig bek\u00e4mpfen, Beobachter, die unserer Umgebung einen Sinn verleihen, und K\u00fcnstler, die unseren Alltag veredeln.<\/p><p style=\"margin-bottom: 17px; text-align: left;\"><em><a href=\"https:\/\/leregardlibre.com\/de\/unser-manifest\/\" rel=\"noopener\">Unser Manifest<\/a> |\u00a0<a href=\"https:\/\/leregardlibre.com\/de\/unser-angebot\/\" rel=\"noopener\">Unser Angebot<\/a> | <a href=\"https:\/\/leregardlibre.com\/de\/team\/\" rel=\"noopener\">Unser Team<\/a><\/em><\/p><p style=\"margin-bottom: 17px; text-align: left;\"><strong style=\"color: inherit; font-family: inherit; font-size: inherit; text-align: inherit;\"><em>Le Regard Libre<\/em> wird ebenfalls vorgestellt von<\/strong><strong>\u00a0<a href=\"https:\/\/leregardlibre.com\/de\/gesellschaft\/medien\/der-freie-blick-leser-erfahrungsberichte\/\">unsere Leser<\/a>.<\/strong><\/p>\t\t\t\t\t\t\t\t<\/div>\n\t\t\t\t<\/div>\n\t\t\t\t\t<\/div>\n\t\t<\/div>\n\t\t\t\t<div class=\"elementor-column elementor-col-50 elementor-top-column elementor-element elementor-element-8cd323a\" data-id=\"8cd323a\" data-element_type=\"column\" data-e-type=\"column\" data-settings=\"{&quot;background_background&quot;:&quot;classic&quot;}\">\n\t\t\t<div class=\"elementor-widget-wrap elementor-element-populated\">\n\t\t\t\t\t\t<div class=\"elementor-element elementor-element-d5f0d70 elementor-widget elementor-widget-image\" data-id=\"d5f0d70\" data-element_type=\"widget\" data-e-type=\"widget\" data-widget_type=\"image.default\">\n\t\t\t\t<div class=\"elementor-widget-container\">\n\t\t\t\t\t\t\t\t\t\t\t\t\t\t\t<img fetchpriority=\"high\" decoding=\"async\" width=\"724\" height=\"1024\" src=\"https:\/\/leregardlibre.com\/wp-content\/uploads\/2024\/12\/une-le-regard-libre-n112-724x1024.jpg\" class=\"attachment-large size-large wp-image-526031\" alt=\"Eine Le Regard Libre N\u00b0112\" srcset=\"https:\/\/leregardlibre.com\/wp-content\/uploads\/2024\/12\/une-le-regard-libre-n112-724x1024.jpg 724w, https:\/\/leregardlibre.com\/wp-content\/uploads\/2024\/12\/une-le-regard-libre-n112-212x300.jpg 212w, https:\/\/leregardlibre.com\/wp-content\/uploads\/2024\/12\/une-le-regard-libre-n112-106x150.jpg 106w, https:\/\/leregardlibre.com\/wp-content\/uploads\/2024\/12\/une-le-regard-libre-n112-768x1086.jpg 768w, https:\/\/leregardlibre.com\/wp-content\/uploads\/2024\/12\/une-le-regard-libre-n112-e1734338862347.jpg 1920w, https:\/\/leregardlibre.com\/wp-content\/uploads\/2024\/12\/une-le-regard-libre-n112-1170x1655.jpg 1170w, https:\/\/leregardlibre.com\/wp-content\/uploads\/2024\/12\/une-le-regard-libre-n112-585x827.jpg 585w, https:\/\/leregardlibre.com\/wp-content\/uploads\/2024\/12\/une-le-regard-libre-n112-300x424.jpg 300w, https:\/\/leregardlibre.com\/wp-content\/uploads\/2024\/12\/une-le-regard-libre-n112-600x849.jpg 600w\" sizes=\"(max-width: 724px) 100vw, 724px\" \/>\t\t\t\t\t\t\t\t\t\t\t\t\t\t\t<\/div>\n\t\t\t\t<\/div>\n\t\t\t\t\t<\/div>\n\t\t<\/div>\n\t\t\t\t\t<\/div>\n\t\t<\/section>\n\t\t\t\t<\/div>","protected":false},"excerpt":{"rendered":"<p>Accueil A propos Vous aussi, vous constatez un manque dans le monde m\u00e9diatique, malgr\u00e9 la multitude des acteurs?\u00a0Un mim\u00e9tisme des&#8230;<\/p>","protected":false},"author":1,"featured_media":0,"parent":0,"menu_order":0,"comment_status":"closed","ping_status":"closed","template":"page-fullwidth.php","meta":{"_acf_changed":false,"footnotes":""},"class_list":["post-49867","page","type-page","status-publish","hentry"],"acf":[],"yoast_head":"<!-- This site is optimized with the Yoast SEO Premium plugin v27.4 (Yoast SEO v27.4) - https:\/\/yoast.com\/product\/yoast-seo-premium-wordpress\/ -->\n<title>A propos | Le Regard Libre<\/title>\n<meta name=\"description\" content=\"Le mensuel Le Regard Libre entend combler un vide dans la vie des id\u00e9es\u00a0en servant de pont entre les d\u00e9bats de fond et le grand public.\" \/>\n<meta name=\"robots\" content=\"index, follow, max-snippet:-1, max-image-preview:large, max-video-preview:-1\" \/>\n<link rel=\"canonical\" href=\"https:\/\/leregardlibre.com\/de\/a-propos\/\" \/>\n<meta property=\"og:locale\" content=\"de_DE\" \/>\n<meta property=\"og:type\" content=\"article\" \/>\n<meta property=\"og:title\" content=\"A propos\" \/>\n<meta property=\"og:description\" content=\"Le mensuel Le Regard Libre entend combler un vide dans la vie des id\u00e9es\u00a0en servant de pont entre les d\u00e9bats de fond et le grand public.\" \/>\n<meta property=\"og:url\" content=\"https:\/\/leregardlibre.com\/de\/a-propos\/\" \/>\n<meta property=\"og:site_name\" content=\"Le Regard Libre\" \/>\n<meta property=\"article:publisher\" content=\"https:\/\/www.facebook.com\/leregardlibre\/\" \/>\n<meta property=\"article:modified_time\" content=\"2025-11-10T07:25:50+00:00\" \/>\n<meta property=\"og:image\" content=\"https:\/\/leregardlibre.com\/wp-content\/uploads\/2024\/12\/une-le-regard-libre-n112-e1734338862347.jpg\" \/>\n\t<meta property=\"og:image:width\" content=\"1920\" \/>\n\t<meta property=\"og:image:height\" content=\"2716\" \/>\n\t<meta property=\"og:image:type\" content=\"image\/jpeg\" \/>\n<meta name=\"twitter:card\" content=\"summary_large_image\" \/>\n<meta name=\"twitter:site\" content=\"@LeRegardLibre\" \/>\n<meta name=\"twitter:label1\" content=\"Gesch\u00e4tzte Lesezeit\" \/>\n\t<meta name=\"twitter:data1\" content=\"2\u00a0Minuten\" \/>\n<script type=\"application\/ld+json\" class=\"yoast-schema-graph\">{\"@context\":\"https:\\\/\\\/schema.org\",\"@graph\":[{\"@type\":\"WebPage\",\"@id\":\"https:\\\/\\\/leregardlibre.com\\\/a-propos\\\/\",\"url\":\"https:\\\/\\\/leregardlibre.com\\\/a-propos\\\/\",\"name\":\"A propos | Le Regard Libre\",\"isPartOf\":{\"@id\":\"https:\\\/\\\/leregardlibre.com\\\/#website\"},\"primaryImageOfPage\":{\"@id\":\"https:\\\/\\\/leregardlibre.com\\\/a-propos\\\/#primaryimage\"},\"image\":{\"@id\":\"https:\\\/\\\/leregardlibre.com\\\/a-propos\\\/#primaryimage\"},\"thumbnailUrl\":\"https:\\\/\\\/leregardlibre.com\\\/wp-content\\\/uploads\\\/2024\\\/12\\\/une-le-regard-libre-n112-724x1024.jpg\",\"datePublished\":\"2022-06-28T06:12:19+00:00\",\"dateModified\":\"2025-11-10T07:25:50+00:00\",\"description\":\"Le mensuel Le Regard Libre entend combler un vide dans la vie des id\u00e9es\u00a0en servant de pont entre les d\u00e9bats de fond et le grand public.\",\"breadcrumb\":{\"@id\":\"https:\\\/\\\/leregardlibre.com\\\/a-propos\\\/#breadcrumb\"},\"inLanguage\":\"de\",\"potentialAction\":[{\"@type\":\"ReadAction\",\"target\":[\"https:\\\/\\\/leregardlibre.com\\\/a-propos\\\/\"]}]},{\"@type\":\"ImageObject\",\"inLanguage\":\"de\",\"@id\":\"https:\\\/\\\/leregardlibre.com\\\/a-propos\\\/#primaryimage\",\"url\":\"https:\\\/\\\/leregardlibre.com\\\/wp-content\\\/uploads\\\/2024\\\/12\\\/une-le-regard-libre-n112-724x1024.jpg\",\"contentUrl\":\"https:\\\/\\\/leregardlibre.com\\\/wp-content\\\/uploads\\\/2024\\\/12\\\/une-le-regard-libre-n112-724x1024.jpg\"},{\"@type\":\"BreadcrumbList\",\"@id\":\"https:\\\/\\\/leregardlibre.com\\\/a-propos\\\/#breadcrumb\",\"itemListElement\":[{\"@type\":\"ListItem\",\"position\":1,\"name\":\"Accueil\",\"item\":\"https:\\\/\\\/leregardlibre.com\\\/\"},{\"@type\":\"ListItem\",\"position\":2,\"name\":\"A propos\"}]},{\"@type\":\"WebSite\",\"@id\":\"https:\\\/\\\/leregardlibre.com\\\/#website\",\"url\":\"https:\\\/\\\/leregardlibre.com\\\/\",\"name\":\"Le Regard Libre\",\"description\":\"Premier mensuel suisse de d\u00e9bat\",\"publisher\":{\"@id\":\"https:\\\/\\\/leregardlibre.com\\\/#organization\"},\"potentialAction\":[{\"@type\":\"SearchAction\",\"target\":{\"@type\":\"EntryPoint\",\"urlTemplate\":\"https:\\\/\\\/leregardlibre.com\\\/?s={search_term_string}\"},\"query-input\":{\"@type\":\"PropertyValueSpecification\",\"valueRequired\":true,\"valueName\":\"search_term_string\"}}],\"inLanguage\":\"de\"},{\"@type\":\"Organization\",\"@id\":\"https:\\\/\\\/leregardlibre.com\\\/#organization\",\"name\":\"Le Regard Libre\",\"url\":\"https:\\\/\\\/leregardlibre.com\\\/\",\"logo\":{\"@type\":\"ImageObject\",\"inLanguage\":\"de\",\"@id\":\"https:\\\/\\\/leregardlibre.com\\\/#\\\/schema\\\/logo\\\/image\\\/\",\"url\":\"https:\\\/\\\/leregardlibre.com\\\/wp-content\\\/uploads\\\/2025\\\/08\\\/logo-rl-icone-neg.jpeg\",\"contentUrl\":\"https:\\\/\\\/leregardlibre.com\\\/wp-content\\\/uploads\\\/2025\\\/08\\\/logo-rl-icone-neg.jpeg\",\"width\":557,\"height\":556,\"caption\":\"Le Regard Libre\"},\"image\":{\"@id\":\"https:\\\/\\\/leregardlibre.com\\\/#\\\/schema\\\/logo\\\/image\\\/\"},\"sameAs\":[\"https:\\\/\\\/www.facebook.com\\\/leregardlibre\\\/\",\"https:\\\/\\\/x.com\\\/LeRegardLibre\",\"https:\\\/\\\/www.linkedin.com\\\/company\\\/le-regard-libre\",\"https:\\\/\\\/www.instagram.com\\\/leregardlibre\\\/\",\"http:\\\/\\\/t.me\\\/leregardlibre\",\"https:\\\/\\\/youtube.com\\\/channel\\\/UC6HzGPomj1LsUmlz-sJtITQ\"],\"description\":\"Le Regard Libre est un mensuel suisse de d\u00e9bat intellectuel et culturel. Sa r\u00e9daction est jeune, b\u00e9n\u00e9vole, lib\u00e9rale et pluraliste. Le magazine para\u00eet en ligne et sous forme papier. Sa langue est le fran\u00e7ais.\",\"email\":\"redaction@leregardlibre.com\",\"legalName\":\"Le Regard Libre\",\"foundingDate\":\"2014-01-01\",\"numberOfEmployees\":{\"@type\":\"QuantitativeValue\",\"minValue\":\"11\",\"maxValue\":\"50\"},\"publishingPrinciples\":\"https:\\\/\\\/leregardlibre.com\\\/a-propos\\\/notre-manifeste\\\/\",\"ownershipFundingInfo\":\"https:\\\/\\\/leregardlibre.com\\\/mentions-legales\\\/\",\"actionableFeedbackPolicy\":\"https:\\\/\\\/leregardlibre.com\\\/conditions-generales-de-vente\\\/\"}]}<\/script>\n<!-- \/ Yoast SEO Premium plugin. -->","yoast_head_json":{"title":"\u00dcber uns | Le Regard Libre","description":"Die Monatszeitschrift Le Regard Libre will eine L\u00fccke im Leben der Ideen f\u00fcllen, indem sie als Br\u00fccke zwischen Grundsatzdebatten und der breiten \u00d6ffentlichkeit fungiert.","robots":{"index":"index","follow":"follow","max-snippet":"max-snippet:-1","max-image-preview":"max-image-preview:large","max-video-preview":"max-video-preview:-1"},"canonical":"https:\/\/leregardlibre.com\/de\/a-propos\/","og_locale":"de_DE","og_type":"article","og_title":"A propos","og_description":"Le mensuel Le Regard Libre entend combler un vide dans la vie des id\u00e9es\u00a0en servant de pont entre les d\u00e9bats de fond et le grand public.","og_url":"https:\/\/leregardlibre.com\/de\/a-propos\/","og_site_name":"Le Regard Libre","article_publisher":"https:\/\/www.facebook.com\/leregardlibre\/","article_modified_time":"2025-11-10T07:25:50+00:00","og_image":[{"width":1920,"height":2716,"url":"https:\/\/leregardlibre.com\/wp-content\/uploads\/2024\/12\/une-le-regard-libre-n112-e1734338862347.jpg","type":"image\/jpeg"}],"twitter_card":"summary_large_image","twitter_site":"@LeRegardLibre","twitter_misc":{"Gesch\u00e4tzte Lesezeit":"2\u00a0Minuten"},"schema":{"@context":"https:\/\/schema.org","@graph":[{"@type":"WebPage","@id":"https:\/\/leregardlibre.com\/a-propos\/","url":"https:\/\/leregardlibre.com\/a-propos\/","name":"\u00dcber uns | Le Regard Libre","isPartOf":{"@id":"https:\/\/leregardlibre.com\/#website"},"primaryImageOfPage":{"@id":"https:\/\/leregardlibre.com\/a-propos\/#primaryimage"},"image":{"@id":"https:\/\/leregardlibre.com\/a-propos\/#primaryimage"},"thumbnailUrl":"https:\/\/leregardlibre.com\/wp-content\/uploads\/2024\/12\/une-le-regard-libre-n112-724x1024.jpg","datePublished":"2022-06-28T06:12:19+00:00","dateModified":"2025-11-10T07:25:50+00:00","description":"Die Monatszeitschrift Le Regard Libre will eine L\u00fccke im Leben der Ideen f\u00fcllen, indem sie als Br\u00fccke zwischen Grundsatzdebatten und der breiten \u00d6ffentlichkeit fungiert.","breadcrumb":{"@id":"https:\/\/leregardlibre.com\/a-propos\/#breadcrumb"},"inLanguage":"de","potentialAction":[{"@type":"ReadAction","target":["https:\/\/leregardlibre.com\/a-propos\/"]}]},{"@type":"ImageObject","inLanguage":"de","@id":"https:\/\/leregardlibre.com\/a-propos\/#primaryimage","url":"https:\/\/leregardlibre.com\/wp-content\/uploads\/2024\/12\/une-le-regard-libre-n112-724x1024.jpg","contentUrl":"https:\/\/leregardlibre.com\/wp-content\/uploads\/2024\/12\/une-le-regard-libre-n112-724x1024.jpg"},{"@type":"BreadcrumbList","@id":"https:\/\/leregardlibre.com\/a-propos\/#breadcrumb","itemListElement":[{"@type":"ListItem","position":1,"name":"Accueil","item":"https:\/\/leregardlibre.com\/"},{"@type":"ListItem","position":2,"name":"A propos"}]},{"@type":"WebSite","@id":"https:\/\/leregardlibre.com\/#website","url":"https:\/\/leregardlibre.com\/","name":"Le Regard Libre","description":"Erste Schweizer Monatszeitschrift f\u00fcr Debatten","publisher":{"@id":"https:\/\/leregardlibre.com\/#organization"},"potentialAction":[{"@type":"SearchAction","target":{"@type":"EntryPoint","urlTemplate":"https:\/\/leregardlibre.com\/?s={search_term_string}"},"query-input":{"@type":"PropertyValueSpecification","valueRequired":true,"valueName":"search_term_string"}}],"inLanguage":"de"},{"@type":"Organization","@id":"https:\/\/leregardlibre.com\/#organization","name":"Le Regard Libre","url":"https:\/\/leregardlibre.com\/","logo":{"@type":"ImageObject","inLanguage":"de","@id":"https:\/\/leregardlibre.com\/#\/schema\/logo\/image\/","url":"https:\/\/leregardlibre.com\/wp-content\/uploads\/2025\/08\/logo-rl-icone-neg.jpeg","contentUrl":"https:\/\/leregardlibre.com\/wp-content\/uploads\/2025\/08\/logo-rl-icone-neg.jpeg","width":557,"height":556,"caption":"Le Regard Libre"},"image":{"@id":"https:\/\/leregardlibre.com\/#\/schema\/logo\/image\/"},"sameAs":["https:\/\/www.facebook.com\/leregardlibre\/","https:\/\/x.com\/LeRegardLibre","https:\/\/www.linkedin.com\/company\/le-regard-libre","https:\/\/www.instagram.com\/leregardlibre\/","http:\/\/t.me\/leregardlibre","https:\/\/youtube.com\/channel\/UC6HzGPomj1LsUmlz-sJtITQ"],"description":"Le Regard Libre ist eine Schweizer Monatszeitschrift f\u00fcr intellektuelle und kulturelle Debatten. Seine Redaktion ist jung, ehrenamtlich, liberal und pluralistisch. Das Magazin erscheint online und in gedruckter Form. Seine Sprache ist Franz\u00f6sisch.","email":"redaction@leregardlibre.com","legalName":"Le Regard Libre","foundingDate":"2014-01-01","numberOfEmployees":{"@type":"QuantitativeValue","minValue":"11","maxValue":"50"},"publishingPrinciples":"https:\/\/leregardlibre.com\/a-propos\/notre-manifeste\/","ownershipFundingInfo":"https:\/\/leregardlibre.com\/mentions-legales\/","actionableFeedbackPolicy":"https:\/\/leregardlibre.com\/conditions-generales-de-vente\/"}]}},"_links":{"self":[{"href":"https:\/\/leregardlibre.com\/de\/wp-json\/wp\/v2\/pages\/49867","targetHints":{"allow":["GET"]}}],"collection":[{"href":"https:\/\/leregardlibre.com\/de\/wp-json\/wp\/v2\/pages"}],"about":[{"href":"https:\/\/leregardlibre.com\/de\/wp-json\/wp\/v2\/types\/page"}],"author":[{"embeddable":true,"href":"https:\/\/leregardlibre.com\/de\/wp-json\/wp\/v2\/users\/1"}],"replies":[{"embeddable":true,"href":"https:\/\/leregardlibre.com\/de\/wp-json\/wp\/v2\/comments?post=49867"}],"version-history":[{"count":2,"href":"https:\/\/leregardlibre.com\/de\/wp-json\/wp\/v2\/pages\/49867\/revisions"}],"predecessor-version":[{"id":529803,"href":"https:\/\/leregardlibre.com\/de\/wp-json\/wp\/v2\/pages\/49867\/revisions\/529803"}],"wp:attachment":[{"href":"https:\/\/leregardlibre.com\/de\/wp-json\/wp\/v2\/media?parent=49867"}],"curies":[{"name":"wp","href":"https:\/\/api.w.org\/{rel}","templated":true}]}}