{"id":508738,"date":"2022-08-31T16:10:21","date_gmt":"2022-08-31T14:10:21","guid":{"rendered":"https:\/\/leregardlibre.com\/?page_id=508738"},"modified":"2026-01-01T16:50:10","modified_gmt":"2026-01-01T15:50:10","slug":"unser-manifest","status":"publish","type":"page","link":"https:\/\/leregardlibre.com\/de\/a-propos\/unser-manifest\/","title":{"rendered":"Unser Manifest"},"content":{"rendered":"<div data-elementor-type=\"wp-page\" data-elementor-id=\"508738\" class=\"elementor elementor-508738\">\n\t\t\t\t\t\t<section class=\"elementor-section elementor-top-section elementor-element elementor-element-72a51fa elementor-section-boxed elementor-section-height-default elementor-section-height-default\" data-id=\"72a51fa\" data-element_type=\"section\" data-e-type=\"section\">\n\t\t\t\t\t\t<div class=\"elementor-container elementor-column-gap-default\">\n\t\t\t\t\t<div class=\"elementor-column elementor-col-100 elementor-top-column elementor-element elementor-element-01ad100\" data-id=\"01ad100\" data-element_type=\"column\" data-e-type=\"column\">\n\t\t\t<div class=\"elementor-widget-wrap elementor-element-populated\">\n\t\t\t\t\t\t<div class=\"elementor-element elementor-element-a562184 elementor-widget elementor-widget-heading\" data-id=\"a562184\" data-element_type=\"widget\" data-e-type=\"widget\" data-widget_type=\"heading.default\">\n\t\t\t\t<div class=\"elementor-widget-container\">\n\t\t\t\t\t<h1 class=\"elementor-heading-title elementor-size-default\">Unser Manifest<\/h1>\t\t\t\t<\/div>\n\t\t\t\t<\/div>\n\t\t\t\t\t<\/div>\n\t\t<\/div>\n\t\t\t\t\t<\/div>\n\t\t<\/section>\n\t\t\t\t<section class=\"elementor-section elementor-top-section elementor-element elementor-element-2926a69 elementor-section-content-top elementor-section-boxed elementor-section-height-default elementor-section-height-default\" data-id=\"2926a69\" data-element_type=\"section\" data-e-type=\"section\">\n\t\t\t\t\t\t<div class=\"elementor-container elementor-column-gap-default\">\n\t\t\t\t\t<div class=\"elementor-column elementor-col-100 elementor-top-column elementor-element elementor-element-3be1316\" data-id=\"3be1316\" data-element_type=\"column\" data-e-type=\"column\">\n\t\t\t<div class=\"elementor-widget-wrap elementor-element-populated\">\n\t\t\t\t\t\t<div class=\"elementor-element elementor-element-42fa946 elementor-widget elementor-widget-text-editor\" data-id=\"42fa946\" data-element_type=\"widget\" data-e-type=\"widget\" data-widget_type=\"text-editor.default\">\n\t\t\t\t<div class=\"elementor-widget-container\">\n\t\t\t\t\t\t\t\t\t<p>Weil wir Ihnen Qualit\u00e4tsjournalismus bieten wollen, engagieren wir uns:<br \/><br \/><\/p><ul><li>eine\u00a0<strong>Mehrwert auf Informationen vorzuschlagen<\/strong><\/li><li>den\u00a0<strong>demokratische Debatte zu f\u00f6rdern<\/strong><\/li><li>\u00fcber die\u00a0<strong>aktuelle Kontroversen zu berichten<\/strong><\/li><li>weder in Oberfl\u00e4chlichkeit noch in die Herrschaft der Experten<strong style=\"font-family: var(--pcbody-font);\">\u00a0zu fallen<\/strong><\/li><li>die \u00dcberlegungen\u00a0<strong>vorantreiben<\/strong> in einer liberalen und pluralistischen <strong>liberal<\/strong> und <span style=\"font-weight: bolder;\">Perspektive<\/span>.<\/li><li>unsere Fehler\u00a0<b>niemals t\u00e4uschen<\/b><\/li><li>zu beweisen\u00a0<strong>Witz<\/strong>\u00a0statt Ernsthaftigkeit zu zeigen<\/li><li>unsere Fehler\u00a0<strong>zu akzeptieren<\/strong>\u00a0und sie mitzuteilen<\/li><\/ul><p><span style=\"font-family: var(--pcbody-font);\"><br \/>All dies auf der Grundlage von\u00a0<\/span><strong style=\"color: inherit; font-family: inherit; font-size: inherit; text-align: inherit;\">gepr\u00fcfte Fakten<\/strong><span style=\"color: inherit; font-family: inherit; font-size: inherit; font-weight: inherit; text-align: inherit;\">,\u00a0<\/span><strong style=\"color: inherit; font-family: inherit; font-size: inherit; text-align: inherit;\">\u00fcberpr\u00fcften, vielf\u00e4ltigen<\/strong><span style=\"color: inherit; font-family: inherit; font-size: inherit; font-weight: inherit; text-align: inherit;\">\u00a0und\u00a0<\/span><strong style=\"color: inherit; font-family: inherit; font-size: inherit; text-align: inherit;\">und in einen Zusammenhang gestellten Fakten.<\/strong><span style=\"color: inherit; font-family: inherit; font-size: inherit; font-weight: inherit; text-align: inherit;\">.<\/span><\/p>\t\t\t\t\t\t\t\t<\/div>\n\t\t\t\t<\/div>\n\t\t\t\t\t<\/div>\n\t\t<\/div>\n\t\t\t\t\t<\/div>\n\t\t<\/section>\n\t\t\t\t<\/div>","protected":false},"excerpt":{"rendered":"<p>Notre manifeste Parce que nous voulons vous offrir un journalisme de qualit\u00e9, nous nous engageons:\u00e0 proposer une\u00a0plus-value sur l\u2019information\u00e0 faire&#8230;<\/p>","protected":false},"author":1,"featured_media":0,"parent":49867,"menu_order":0,"comment_status":"closed","ping_status":"closed","template":"page-fullwidth.php","meta":{"_acf_changed":false,"footnotes":""},"class_list":["post-508738","page","type-page","status-publish","hentry"],"acf":[],"yoast_head":"<!-- This site is optimized with the Yoast SEO Premium plugin v26.9 (Yoast SEO v26.9) - https:\/\/yoast.com\/product\/yoast-seo-premium-wordpress\/ -->\n<title>Notre manifeste | Le Regard Libre<\/title>\n<meta name=\"description\" content=\"Le Regard Libre entend combler un vide dans la vie des id\u00e9es\u00a0en servant de pont entre les d\u00e9bats de fond et le grand public. Notre manifeste\" \/>\n<meta name=\"robots\" content=\"index, follow, max-snippet:-1, max-image-preview:large, max-video-preview:-1\" \/>\n<link rel=\"canonical\" href=\"https:\/\/leregardlibre.com\/de\/a-propos\/unser-manifest\/\" \/>\n<meta property=\"og:locale\" content=\"de_DE\" \/>\n<meta property=\"og:type\" content=\"article\" \/>\n<meta property=\"og:title\" content=\"Notre manifeste\" \/>\n<meta property=\"og:description\" content=\"Le Regard Libre entend combler un vide dans la vie des id\u00e9es\u00a0en servant de pont entre les d\u00e9bats de fond et le grand public. Notre manifeste\" \/>\n<meta property=\"og:url\" content=\"https:\/\/leregardlibre.com\/de\/a-propos\/unser-manifest\/\" \/>\n<meta property=\"og:site_name\" content=\"Le Regard Libre\" \/>\n<meta property=\"article:publisher\" content=\"https:\/\/www.facebook.com\/leregardlibre\/\" \/>\n<meta property=\"article:modified_time\" content=\"2026-01-01T15:50:10+00:00\" \/>\n<meta property=\"og:image\" content=\"https:\/\/leregardlibre.com\/wp-content\/uploads\/2025\/11\/rl_logo_1a-e1762609033480.jpg\" \/>\n\t<meta property=\"og:image:width\" content=\"2154\" \/>\n\t<meta property=\"og:image:height\" content=\"1264\" \/>\n\t<meta property=\"og:image:type\" content=\"image\/jpeg\" \/>\n<meta name=\"twitter:card\" content=\"summary_large_image\" \/>\n<meta name=\"twitter:site\" content=\"@LeRegardLibre\" \/>\n<meta name=\"twitter:label1\" content=\"Gesch\u00e4tzte Lesezeit\" \/>\n\t<meta name=\"twitter:data1\" content=\"1\u00a0Minute\" \/>\n<script type=\"application\/ld+json\" class=\"yoast-schema-graph\">{\"@context\":\"https:\/\/schema.org\",\"@graph\":[{\"@type\":\"WebPage\",\"@id\":\"https:\/\/leregardlibre.com\/a-propos\/notre-manifeste\/\",\"url\":\"https:\/\/leregardlibre.com\/a-propos\/notre-manifeste\/\",\"name\":\"Notre manifeste | Le Regard Libre\",\"isPartOf\":{\"@id\":\"https:\/\/leregardlibre.com\/#website\"},\"datePublished\":\"2022-08-31T14:10:21+00:00\",\"dateModified\":\"2026-01-01T15:50:10+00:00\",\"description\":\"Le Regard Libre entend combler un vide dans la vie des id\u00e9es\u00a0en servant de pont entre les d\u00e9bats de fond et le grand public. Notre manifeste\",\"breadcrumb\":{\"@id\":\"https:\/\/leregardlibre.com\/a-propos\/notre-manifeste\/#breadcrumb\"},\"inLanguage\":\"de\",\"potentialAction\":[{\"@type\":\"ReadAction\",\"target\":[\"https:\/\/leregardlibre.com\/a-propos\/notre-manifeste\/\"]}]},{\"@type\":\"BreadcrumbList\",\"@id\":\"https:\/\/leregardlibre.com\/a-propos\/notre-manifeste\/#breadcrumb\",\"itemListElement\":[{\"@type\":\"ListItem\",\"position\":1,\"name\":\"Accueil\",\"item\":\"https:\/\/leregardlibre.com\/\"},{\"@type\":\"ListItem\",\"position\":2,\"name\":\"A propos\",\"item\":\"https:\/\/leregardlibre.com\/a-propos\/\"},{\"@type\":\"ListItem\",\"position\":3,\"name\":\"Notre manifeste\"}]},{\"@type\":\"WebSite\",\"@id\":\"https:\/\/leregardlibre.com\/#website\",\"url\":\"https:\/\/leregardlibre.com\/\",\"name\":\"Le Regard Libre\",\"description\":\"Premier mensuel suisse de d\u00e9bat\",\"publisher\":{\"@id\":\"https:\/\/leregardlibre.com\/#organization\"},\"potentialAction\":[{\"@type\":\"SearchAction\",\"target\":{\"@type\":\"EntryPoint\",\"urlTemplate\":\"https:\/\/leregardlibre.com\/?s={search_term_string}\"},\"query-input\":{\"@type\":\"PropertyValueSpecification\",\"valueRequired\":true,\"valueName\":\"search_term_string\"}}],\"inLanguage\":\"de\"},{\"@type\":\"Organization\",\"@id\":\"https:\/\/leregardlibre.com\/#organization\",\"name\":\"Le Regard Libre\",\"url\":\"https:\/\/leregardlibre.com\/\",\"logo\":{\"@type\":\"ImageObject\",\"inLanguage\":\"de\",\"@id\":\"https:\/\/leregardlibre.com\/#\/schema\/logo\/image\/\",\"url\":\"https:\/\/leregardlibre.com\/wp-content\/uploads\/2025\/08\/logo-rl-icone-neg.jpeg\",\"contentUrl\":\"https:\/\/leregardlibre.com\/wp-content\/uploads\/2025\/08\/logo-rl-icone-neg.jpeg\",\"width\":557,\"height\":556,\"caption\":\"Le Regard Libre\"},\"image\":{\"@id\":\"https:\/\/leregardlibre.com\/#\/schema\/logo\/image\/\"},\"sameAs\":[\"https:\/\/www.facebook.com\/leregardlibre\/\",\"https:\/\/x.com\/LeRegardLibre\",\"https:\/\/www.linkedin.com\/company\/le-regard-libre\",\"https:\/\/www.instagram.com\/leregardlibre\/\",\"http:\/\/t.me\/leregardlibre\",\"https:\/\/youtube.com\/channel\/UC6HzGPomj1LsUmlz-sJtITQ\"],\"description\":\"Le Regard Libre est un mensuel suisse de d\u00e9bat intellectuel et culturel. Sa r\u00e9daction est jeune, b\u00e9n\u00e9vole, lib\u00e9rale et pluraliste. Le magazine para\u00eet en ligne et sous forme papier. Sa langue est le fran\u00e7ais.\",\"email\":\"redaction@leregardlibre.com\",\"legalName\":\"Le Regard Libre\",\"foundingDate\":\"2014-01-01\",\"numberOfEmployees\":{\"@type\":\"QuantitativeValue\",\"minValue\":\"11\",\"maxValue\":\"50\"},\"publishingPrinciples\":\"https:\/\/leregardlibre.com\/a-propos\/notre-manifeste\/\",\"ownershipFundingInfo\":\"https:\/\/leregardlibre.com\/mentions-legales\/\",\"actionableFeedbackPolicy\":\"https:\/\/leregardlibre.com\/conditions-generales-de-vente\/\"}]}<\/script>\n<!-- \/ Yoast SEO Premium plugin. -->","yoast_head_json":{"title":"Unser Manifest | Le Regard Libre","description":"Le Regard Libre m\u00f6chte eine L\u00fccke im Leben der Ideen f\u00fcllen, indem es als Br\u00fccke zwischen Grundsatzdebatten und der breiten \u00d6ffentlichkeit fungiert. Unser Manifest","robots":{"index":"index","follow":"follow","max-snippet":"max-snippet:-1","max-image-preview":"max-image-preview:large","max-video-preview":"max-video-preview:-1"},"canonical":"https:\/\/leregardlibre.com\/de\/a-propos\/unser-manifest\/","og_locale":"de_DE","og_type":"article","og_title":"Notre manifeste","og_description":"Le Regard Libre entend combler un vide dans la vie des id\u00e9es\u00a0en servant de pont entre les d\u00e9bats de fond et le grand public. Notre manifeste","og_url":"https:\/\/leregardlibre.com\/de\/a-propos\/unser-manifest\/","og_site_name":"Le Regard Libre","article_publisher":"https:\/\/www.facebook.com\/leregardlibre\/","article_modified_time":"2026-01-01T15:50:10+00:00","og_image":[{"width":2154,"height":1264,"url":"https:\/\/leregardlibre.com\/wp-content\/uploads\/2025\/11\/rl_logo_1a-e1762609033480.jpg","type":"image\/jpeg"}],"twitter_card":"summary_large_image","twitter_site":"@LeRegardLibre","twitter_misc":{"Gesch\u00e4tzte Lesezeit":"1\u00a0Minute"},"schema":{"@context":"https:\/\/schema.org","@graph":[{"@type":"WebPage","@id":"https:\/\/leregardlibre.com\/a-propos\/notre-manifeste\/","url":"https:\/\/leregardlibre.com\/a-propos\/notre-manifeste\/","name":"Unser Manifest | Le Regard Libre","isPartOf":{"@id":"https:\/\/leregardlibre.com\/#website"},"datePublished":"2022-08-31T14:10:21+00:00","dateModified":"2026-01-01T15:50:10+00:00","description":"Le Regard Libre m\u00f6chte eine L\u00fccke im Leben der Ideen f\u00fcllen, indem es als Br\u00fccke zwischen Grundsatzdebatten und der breiten \u00d6ffentlichkeit fungiert. Unser Manifest","breadcrumb":{"@id":"https:\/\/leregardlibre.com\/a-propos\/notre-manifeste\/#breadcrumb"},"inLanguage":"de","potentialAction":[{"@type":"ReadAction","target":["https:\/\/leregardlibre.com\/a-propos\/notre-manifeste\/"]}]},{"@type":"BreadcrumbList","@id":"https:\/\/leregardlibre.com\/a-propos\/notre-manifeste\/#breadcrumb","itemListElement":[{"@type":"ListItem","position":1,"name":"Accueil","item":"https:\/\/leregardlibre.com\/"},{"@type":"ListItem","position":2,"name":"A propos","item":"https:\/\/leregardlibre.com\/a-propos\/"},{"@type":"ListItem","position":3,"name":"Notre manifeste"}]},{"@type":"WebSite","@id":"https:\/\/leregardlibre.com\/#website","url":"https:\/\/leregardlibre.com\/","name":"Le Regard Libre","description":"Erste Schweizer Monatszeitschrift f\u00fcr Debatten","publisher":{"@id":"https:\/\/leregardlibre.com\/#organization"},"potentialAction":[{"@type":"SearchAction","target":{"@type":"EntryPoint","urlTemplate":"https:\/\/leregardlibre.com\/?s={search_term_string}"},"query-input":{"@type":"PropertyValueSpecification","valueRequired":true,"valueName":"search_term_string"}}],"inLanguage":"de"},{"@type":"Organization","@id":"https:\/\/leregardlibre.com\/#organization","name":"Le Regard Libre","url":"https:\/\/leregardlibre.com\/","logo":{"@type":"ImageObject","inLanguage":"de","@id":"https:\/\/leregardlibre.com\/#\/schema\/logo\/image\/","url":"https:\/\/leregardlibre.com\/wp-content\/uploads\/2025\/08\/logo-rl-icone-neg.jpeg","contentUrl":"https:\/\/leregardlibre.com\/wp-content\/uploads\/2025\/08\/logo-rl-icone-neg.jpeg","width":557,"height":556,"caption":"Le Regard Libre"},"image":{"@id":"https:\/\/leregardlibre.com\/#\/schema\/logo\/image\/"},"sameAs":["https:\/\/www.facebook.com\/leregardlibre\/","https:\/\/x.com\/LeRegardLibre","https:\/\/www.linkedin.com\/company\/le-regard-libre","https:\/\/www.instagram.com\/leregardlibre\/","http:\/\/t.me\/leregardlibre","https:\/\/youtube.com\/channel\/UC6HzGPomj1LsUmlz-sJtITQ"],"description":"Le Regard Libre ist eine Schweizer Monatszeitschrift f\u00fcr intellektuelle und kulturelle Debatten. Seine Redaktion ist jung, ehrenamtlich, liberal und pluralistisch. Das Magazin erscheint online und in gedruckter Form. Seine Sprache ist Franz\u00f6sisch.","email":"redaction@leregardlibre.com","legalName":"Le Regard Libre","foundingDate":"2014-01-01","numberOfEmployees":{"@type":"QuantitativeValue","minValue":"11","maxValue":"50"},"publishingPrinciples":"https:\/\/leregardlibre.com\/a-propos\/notre-manifeste\/","ownershipFundingInfo":"https:\/\/leregardlibre.com\/mentions-legales\/","actionableFeedbackPolicy":"https:\/\/leregardlibre.com\/conditions-generales-de-vente\/"}]}},"_links":{"self":[{"href":"https:\/\/leregardlibre.com\/de\/wp-json\/wp\/v2\/pages\/508738","targetHints":{"allow":["GET"]}}],"collection":[{"href":"https:\/\/leregardlibre.com\/de\/wp-json\/wp\/v2\/pages"}],"about":[{"href":"https:\/\/leregardlibre.com\/de\/wp-json\/wp\/v2\/types\/page"}],"author":[{"embeddable":true,"href":"https:\/\/leregardlibre.com\/de\/wp-json\/wp\/v2\/users\/1"}],"replies":[{"embeddable":true,"href":"https:\/\/leregardlibre.com\/de\/wp-json\/wp\/v2\/comments?post=508738"}],"version-history":[{"count":2,"href":"https:\/\/leregardlibre.com\/de\/wp-json\/wp\/v2\/pages\/508738\/revisions"}],"predecessor-version":[{"id":529797,"href":"https:\/\/leregardlibre.com\/de\/wp-json\/wp\/v2\/pages\/508738\/revisions\/529797"}],"up":[{"embeddable":true,"href":"https:\/\/leregardlibre.com\/de\/wp-json\/wp\/v2\/pages\/49867"}],"wp:attachment":[{"href":"https:\/\/leregardlibre.com\/de\/wp-json\/wp\/v2\/media?parent=508738"}],"curies":[{"name":"wp","href":"https:\/\/api.w.org\/{rel}","templated":true}]}}