{"id":508758,"date":"2022-08-31T16:20:03","date_gmt":"2022-08-31T14:20:03","guid":{"rendered":"https:\/\/leregardlibre.com\/?page_id=508758"},"modified":"2026-04-03T16:02:47","modified_gmt":"2026-04-03T14:02:47","slug":"veranstaltungen","status":"publish","type":"page","link":"https:\/\/leregardlibre.com\/de\/veranstaltungen\/","title":{"rendered":"Veranstaltungen"},"content":{"rendered":"<div data-elementor-type=\"wp-page\" data-elementor-id=\"508758\" class=\"elementor elementor-508758\">\n\t\t\t\t\t\t<section class=\"elementor-section elementor-top-section elementor-element elementor-element-72a51fa elementor-section-boxed elementor-section-height-default elementor-section-height-default\" data-id=\"72a51fa\" data-element_type=\"section\" data-e-type=\"section\">\n\t\t\t\t\t\t<div class=\"elementor-container elementor-column-gap-default\">\n\t\t\t\t\t<div class=\"elementor-column elementor-col-100 elementor-top-column elementor-element elementor-element-01ad100\" data-id=\"01ad100\" data-element_type=\"column\" data-e-type=\"column\">\n\t\t\t<div class=\"elementor-widget-wrap elementor-element-populated\">\n\t\t\t\t\t\t<div class=\"elementor-element elementor-element-a562184 elementor-widget elementor-widget-heading\" data-id=\"a562184\" data-element_type=\"widget\" data-e-type=\"widget\" data-widget_type=\"heading.default\">\n\t\t\t\t<div class=\"elementor-widget-container\">\n\t\t\t\t\t<h1 class=\"elementor-heading-title elementor-size-default\">Veranstaltungen<\/h1>\t\t\t\t<\/div>\n\t\t\t\t<\/div>\n\t\t\t\t\t<\/div>\n\t\t<\/div>\n\t\t\t\t\t<\/div>\n\t\t<\/section>\n\t\t\t\t<section class=\"elementor-section elementor-top-section elementor-element elementor-element-1556be7 elementor-section-boxed elementor-section-height-default elementor-section-height-default\" data-id=\"1556be7\" data-element_type=\"section\" data-e-type=\"section\">\n\t\t\t\t\t\t<div class=\"elementor-container elementor-column-gap-default\">\n\t\t\t\t\t<div class=\"elementor-column elementor-col-100 elementor-top-column elementor-element elementor-element-106d283\" data-id=\"106d283\" data-element_type=\"column\" data-e-type=\"column\">\n\t\t\t<div class=\"elementor-widget-wrap elementor-element-populated\">\n\t\t\t\t\t\t<div class=\"elementor-element elementor-element-47d04e2 elementor-widget elementor-widget-spacer\" data-id=\"47d04e2\" data-element_type=\"widget\" data-e-type=\"widget\" data-widget_type=\"spacer.default\">\n\t\t\t\t<div class=\"elementor-widget-container\">\n\t\t\t\t\t\t\t<div class=\"elementor-spacer\">\n\t\t\t<div class=\"elementor-spacer-inner\"><\/div>\n\t\t<\/div>\n\t\t\t\t\t\t<\/div>\n\t\t\t\t<\/div>\n\t\t\t\t\t<\/div>\n\t\t<\/div>\n\t\t\t\t\t<\/div>\n\t\t<\/section>\n\t\t\t\t<section class=\"elementor-section elementor-top-section elementor-element elementor-element-8404028 elementor-section-boxed elementor-section-height-default elementor-section-height-default\" data-id=\"8404028\" data-element_type=\"section\" data-e-type=\"section\">\n\t\t\t\t\t\t<div class=\"elementor-container elementor-column-gap-default\">\n\t\t\t\t\t<div class=\"elementor-column elementor-col-100 elementor-top-column elementor-element elementor-element-6de548e\" data-id=\"6de548e\" data-element_type=\"column\" data-e-type=\"column\">\n\t\t\t<div class=\"elementor-widget-wrap elementor-element-populated\">\n\t\t\t\t\t\t<div class=\"elementor-element elementor-element-2db0d1d elementor-widget elementor-widget-text-editor\" data-id=\"2db0d1d\" data-element_type=\"widget\" data-e-type=\"widget\" data-widget_type=\"text-editor.default\">\n\t\t\t\t<div class=\"elementor-widget-container\">\n\t\t\t\t\t\t\t\t\t<p>Le Regard Libre ist ein Verein mit dem Ziel, die Kultur und die Debatte \u00fcber Ideen zu f\u00f6rdern, indem er monatlich eine gleichnamige Zeitschrift herausgibt, aber auch \u00f6ffentliche Veranstaltungen organisiert.<\/p>\t\t\t\t\t\t\t\t<\/div>\n\t\t\t\t<\/div>\n\t\t\t\t<div class=\"elementor-element elementor-element-a58a65e elementor-widget elementor-widget-spacer\" data-id=\"a58a65e\" data-element_type=\"widget\" data-e-type=\"widget\" data-widget_type=\"spacer.default\">\n\t\t\t\t<div class=\"elementor-widget-container\">\n\t\t\t\t\t\t\t<div class=\"elementor-spacer\">\n\t\t\t<div class=\"elementor-spacer-inner\"><\/div>\n\t\t<\/div>\n\t\t\t\t\t\t<\/div>\n\t\t\t\t<\/div>\n\t\t\t\t\t<\/div>\n\t\t<\/div>\n\t\t\t\t\t<\/div>\n\t\t<\/section>\n\t\t\t\t<section class=\"elementor-section elementor-top-section elementor-element elementor-element-fc961b2 elementor-section-boxed elementor-section-height-default elementor-section-height-default\" data-id=\"fc961b2\" data-element_type=\"section\" data-e-type=\"section\">\n\t\t\t\t\t\t<div class=\"elementor-container elementor-column-gap-default\">\n\t\t\t\t\t<div class=\"elementor-column elementor-col-50 elementor-top-column elementor-element elementor-element-42271cb\" data-id=\"42271cb\" data-element_type=\"column\" data-e-type=\"column\">\n\t\t\t<div class=\"elementor-widget-wrap elementor-element-populated\">\n\t\t\t\t\t\t<div class=\"elementor-element elementor-element-1728bd7 elementor-widget elementor-widget-text-editor\" data-id=\"1728bd7\" data-element_type=\"widget\" data-e-type=\"widget\" data-widget_type=\"text-editor.default\">\n\t\t\t\t<div class=\"elementor-widget-container\">\n\t\t\t\t\t\t\t\t\t<h3>Fr\u00fchst\u00fccksmasterclass: Wie man ein Start-up-Unternehmen antreibt<\/h3><p><em>Le Regard Libre<\/em> und der Campus Unlimitrust laden Sie zu einer exklusiven Masterclass mit zwei Westschweizer Unternehmern ein, die erfolgreich sind, wo es nur wenige schaffen: Sie schaffen <em>scale-ups<\/em>, In der Schweiz sind diese wachstumsstarken Unternehmen noch selten.<\/p><p><strong>Aur\u00e9lien Demaurex (Ecorobotix)<\/strong> und <strong>Timon Zimmermann (Visium und MageMetrics)<\/strong> werden ihre Erfahrungen teilen: wie sie ihr Start-up gegr\u00fcndet und skaliert haben, die wichtigsten Entscheidungen, die Herausforderungen - und was es heute in der Schweiz, insbesondere im Technologiebereich, bedeutet, ein Unternehmer zu sein.<\/p><p>In einem intimen Fr\u00fchst\u00fccksformat haben Sie die M\u00f6glichkeit, direkt von deren Werdegang zu lernen, Ihre Fragen zu stellen und sich mit anderen Teilnehmern im Herzen des Waadtl\u00e4nder Innovations-\u00d6kosystems auszutauschen.<\/p><p><span style=\"text-decoration: underline;\">Programm:<br \/><\/span><strong>08.00 - 08.30 Uhr:<\/strong> Empfang mit Kaffee und Croissants<br \/><strong>08:30 - 09:30 Uhr<\/strong> Runder Tisch<br \/><strong>09.30 - 10.30 Uhr:<\/strong> Kaffee und Networking<\/p><p>Die Podiumsdiskussion wird moderiert von Yann Costa, Journalist beim <em>Regard Libre<\/em>. Exemplare der Sonderausgaben \u00abUnternehmergeist\u00bb werden zur Verf\u00fcgung stehen. <a href=\"https:\/\/infomaniak.events\/fr-ch\/conferences\/petit-dejeuner-masterclass-comment-propulser-une-start-up\/f4c059e8-f256-481d-bdba-ba2926c137f8\/events\/390461\"><strong>Melden Sie sich gleich an<\/strong><\/a>\u00a0um diese seltene Gelegenheit zu nutzen, von denen zu lernen, die bereits Erfolge aufgebaut haben.<\/p>\t\t\t\t\t\t\t\t<\/div>\n\t\t\t\t<\/div>\n\t\t\t\t\t<\/div>\n\t\t<\/div>\n\t\t\t\t<div class=\"elementor-column elementor-col-50 elementor-top-column elementor-element elementor-element-74bce12\" data-id=\"74bce12\" data-element_type=\"column\" data-e-type=\"column\">\n\t\t\t<div class=\"elementor-widget-wrap elementor-element-populated\">\n\t\t\t\t\t\t\t\t\t\n\t\t<img class=\"e-image-base\" \n\t\t\t\t\tdata-interaction-id=\"e7b6c51\" \n\t\t\tdata-interactions=\"&#x5B;&#x5D;\"\n\t\t \n\t\t \n\t\t\t\t\t\t\t\t\tid=\"531956\"\n\t\t\t\t\t\t\t\t\t\t\t\tsrc=\"https:\/\/leregardlibre.com\/wp-content\/uploads\/2026\/03\/affiche-masterclass-scaled.jpg\"\n\t\t\t\t\t\t\t\t\t\t\t\twidth=\"1810\"\n\t\t\t\t\t\t\t\t\t\t\t\theight=\"2560\"\n\t\t\t\t\t\t\t\t\t\t\t\tsrcset=\"https:\/\/leregardlibre.com\/wp-content\/uploads\/2026\/03\/affiche-masterclass-scaled.jpg 1810w, https:\/\/leregardlibre.com\/wp-content\/uploads\/2026\/03\/affiche-masterclass-212x300.jpg 212w, https:\/\/leregardlibre.com\/wp-content\/uploads\/2026\/03\/affiche-masterclass-724x1024.jpg 724w, https:\/\/leregardlibre.com\/wp-content\/uploads\/2026\/03\/affiche-masterclass-106x150.jpg 106w, https:\/\/leregardlibre.com\/wp-content\/uploads\/2026\/03\/affiche-masterclass-768x1086.jpg 768w, https:\/\/leregardlibre.com\/wp-content\/uploads\/2026\/03\/affiche-masterclass-1086x1536.jpg 1086w, https:\/\/leregardlibre.com\/wp-content\/uploads\/2026\/03\/affiche-masterclass-1448x2048.jpg 1448w, https:\/\/leregardlibre.com\/wp-content\/uploads\/2026\/03\/affiche-masterclass-8x12.jpg 8w, https:\/\/leregardlibre.com\/wp-content\/uploads\/2026\/03\/affiche-masterclass-460x650.jpg 460w, https:\/\/leregardlibre.com\/wp-content\/uploads\/2026\/03\/affiche-masterclass-300x424.jpg 300w, https:\/\/leregardlibre.com\/wp-content\/uploads\/2026\/03\/affiche-masterclass-600x849.jpg 600w\"\n\t\t\t\t\t\t\t\t\t\t\t\talt=\"\"\n\t\t\t\t\t\t\/>\n\t\t\t\t\t\t<\/div>\n\t\t<\/div>\n\t\t\t\t\t<\/div>\n\t\t<\/section>\n\t\t\t\t<\/div>","protected":false},"excerpt":{"rendered":"<p>Ev\u00e9nements Le Regard Libre est une association ayant pour but de promouvoir la culture et le d\u00e9bat d\u2019id\u00e9es, en \u00e9ditant&#8230;<\/p>","protected":false},"author":1,"featured_media":0,"parent":0,"menu_order":0,"comment_status":"closed","ping_status":"closed","template":"","meta":{"_acf_changed":false,"footnotes":""},"class_list":["post-508758","page","type-page","status-publish","hentry"],"acf":[],"yoast_head":"<!-- This site is optimized with the Yoast SEO Premium plugin v26.9 (Yoast SEO v26.9) - https:\/\/yoast.com\/product\/yoast-seo-premium-wordpress\/ -->\n<title>Ev\u00e9nements | Le Regard Libre<\/title>\n<meta name=\"description\" content=\"Conf\u00e9rences, tables rondes, d\u00e9bats: retrouvez tous les \u00e9v\u00e9nements du mensuel suisse romand de d\u00e9bat intellectuel et culturel Le Regard Libre\" \/>\n<meta name=\"robots\" content=\"index, follow, max-snippet:-1, max-image-preview:large, max-video-preview:-1\" \/>\n<link rel=\"canonical\" href=\"https:\/\/leregardlibre.com\/de\/veranstaltungen\/\" \/>\n<meta property=\"og:locale\" content=\"de_DE\" \/>\n<meta property=\"og:type\" content=\"article\" \/>\n<meta property=\"og:title\" content=\"Ev\u00e9nements\" \/>\n<meta property=\"og:description\" content=\"Conf\u00e9rences, tables rondes, d\u00e9bats: retrouvez tous les \u00e9v\u00e9nements du mensuel suisse romand de d\u00e9bat intellectuel et culturel Le Regard Libre\" \/>\n<meta property=\"og:url\" content=\"https:\/\/leregardlibre.com\/de\/veranstaltungen\/\" \/>\n<meta property=\"og:site_name\" content=\"Le Regard Libre\" \/>\n<meta property=\"article:publisher\" content=\"https:\/\/www.facebook.com\/leregardlibre\/\" \/>\n<meta property=\"article:modified_time\" content=\"2026-04-03T14:02:47+00:00\" \/>\n<meta property=\"og:image\" content=\"https:\/\/leregardlibre.com\/wp-content\/uploads\/2026\/03\/affiche-masterclass-scaled.jpg\" \/>\n<meta name=\"twitter:card\" content=\"summary_large_image\" \/>\n<meta name=\"twitter:site\" content=\"@LeRegardLibre\" \/>\n<meta name=\"twitter:label1\" content=\"Gesch\u00e4tzte Lesezeit\" \/>\n\t<meta name=\"twitter:data1\" content=\"2\u00a0Minuten\" \/>\n<script type=\"application\/ld+json\" class=\"yoast-schema-graph\">{\"@context\":\"https:\/\/schema.org\",\"@graph\":[{\"@type\":\"WebPage\",\"@id\":\"https:\/\/leregardlibre.com\/evenements\/\",\"url\":\"https:\/\/leregardlibre.com\/evenements\/\",\"name\":\"Ev\u00e9nements | Le Regard Libre\",\"isPartOf\":{\"@id\":\"https:\/\/leregardlibre.com\/#website\"},\"primaryImageOfPage\":{\"@id\":\"https:\/\/leregardlibre.com\/evenements\/#primaryimage\"},\"image\":{\"@id\":\"https:\/\/leregardlibre.com\/evenements\/#primaryimage\"},\"thumbnailUrl\":\"https:\/\/leregardlibre.com\/wp-content\/uploads\/2026\/03\/affiche-masterclass-scaled.jpg\",\"datePublished\":\"2022-08-31T14:20:03+00:00\",\"dateModified\":\"2026-04-03T14:02:47+00:00\",\"description\":\"Conf\u00e9rences, tables rondes, d\u00e9bats: retrouvez tous les \u00e9v\u00e9nements du mensuel suisse romand de d\u00e9bat intellectuel et culturel Le Regard Libre\",\"breadcrumb\":{\"@id\":\"https:\/\/leregardlibre.com\/evenements\/#breadcrumb\"},\"inLanguage\":\"de\",\"potentialAction\":[{\"@type\":\"ReadAction\",\"target\":[\"https:\/\/leregardlibre.com\/evenements\/\"]}]},{\"@type\":\"ImageObject\",\"inLanguage\":\"de\",\"@id\":\"https:\/\/leregardlibre.com\/evenements\/#primaryimage\",\"url\":\"https:\/\/leregardlibre.com\/wp-content\/uploads\/2026\/03\/affiche-masterclass-scaled.jpg\",\"contentUrl\":\"https:\/\/leregardlibre.com\/wp-content\/uploads\/2026\/03\/affiche-masterclass-scaled.jpg\"},{\"@type\":\"BreadcrumbList\",\"@id\":\"https:\/\/leregardlibre.com\/evenements\/#breadcrumb\",\"itemListElement\":[{\"@type\":\"ListItem\",\"position\":1,\"name\":\"Accueil\",\"item\":\"https:\/\/leregardlibre.com\/\"},{\"@type\":\"ListItem\",\"position\":2,\"name\":\"Ev\u00e9nements\"}]},{\"@type\":\"WebSite\",\"@id\":\"https:\/\/leregardlibre.com\/#website\",\"url\":\"https:\/\/leregardlibre.com\/\",\"name\":\"Le Regard Libre\",\"description\":\"Premier mensuel suisse de d\u00e9bat\",\"publisher\":{\"@id\":\"https:\/\/leregardlibre.com\/#organization\"},\"potentialAction\":[{\"@type\":\"SearchAction\",\"target\":{\"@type\":\"EntryPoint\",\"urlTemplate\":\"https:\/\/leregardlibre.com\/?s={search_term_string}\"},\"query-input\":{\"@type\":\"PropertyValueSpecification\",\"valueRequired\":true,\"valueName\":\"search_term_string\"}}],\"inLanguage\":\"de\"},{\"@type\":\"Organization\",\"@id\":\"https:\/\/leregardlibre.com\/#organization\",\"name\":\"Le Regard Libre\",\"url\":\"https:\/\/leregardlibre.com\/\",\"logo\":{\"@type\":\"ImageObject\",\"inLanguage\":\"de\",\"@id\":\"https:\/\/leregardlibre.com\/#\/schema\/logo\/image\/\",\"url\":\"https:\/\/leregardlibre.com\/wp-content\/uploads\/2025\/08\/logo-rl-icone-neg.jpeg\",\"contentUrl\":\"https:\/\/leregardlibre.com\/wp-content\/uploads\/2025\/08\/logo-rl-icone-neg.jpeg\",\"width\":557,\"height\":556,\"caption\":\"Le Regard Libre\"},\"image\":{\"@id\":\"https:\/\/leregardlibre.com\/#\/schema\/logo\/image\/\"},\"sameAs\":[\"https:\/\/www.facebook.com\/leregardlibre\/\",\"https:\/\/x.com\/LeRegardLibre\",\"https:\/\/www.linkedin.com\/company\/le-regard-libre\",\"https:\/\/www.instagram.com\/leregardlibre\/\",\"http:\/\/t.me\/leregardlibre\",\"https:\/\/youtube.com\/channel\/UC6HzGPomj1LsUmlz-sJtITQ\"],\"description\":\"Le Regard Libre est un mensuel suisse de d\u00e9bat intellectuel et culturel. Sa r\u00e9daction est jeune, b\u00e9n\u00e9vole, lib\u00e9rale et pluraliste. Le magazine para\u00eet en ligne et sous forme papier. Sa langue est le fran\u00e7ais.\",\"email\":\"redaction@leregardlibre.com\",\"legalName\":\"Le Regard Libre\",\"foundingDate\":\"2014-01-01\",\"numberOfEmployees\":{\"@type\":\"QuantitativeValue\",\"minValue\":\"11\",\"maxValue\":\"50\"},\"publishingPrinciples\":\"https:\/\/leregardlibre.com\/a-propos\/notre-manifeste\/\",\"ownershipFundingInfo\":\"https:\/\/leregardlibre.com\/mentions-legales\/\",\"actionableFeedbackPolicy\":\"https:\/\/leregardlibre.com\/conditions-generales-de-vente\/\"}]}<\/script>\n<!-- \/ Yoast SEO Premium plugin. -->","yoast_head_json":{"title":"Veranstaltungen | Le Regard Libre","description":"Konferenzen, Podiumsdiskussionen, Debatten: Hier finden Sie alle Veranstaltungen der Westschweizer Monatszeitschrift f\u00fcr intellektuelle und kulturelle Debatten Le Regard Libre.","robots":{"index":"index","follow":"follow","max-snippet":"max-snippet:-1","max-image-preview":"max-image-preview:large","max-video-preview":"max-video-preview:-1"},"canonical":"https:\/\/leregardlibre.com\/de\/veranstaltungen\/","og_locale":"de_DE","og_type":"article","og_title":"Ev\u00e9nements","og_description":"Conf\u00e9rences, tables rondes, d\u00e9bats: retrouvez tous les \u00e9v\u00e9nements du mensuel suisse romand de d\u00e9bat intellectuel et culturel Le Regard Libre","og_url":"https:\/\/leregardlibre.com\/de\/veranstaltungen\/","og_site_name":"Le Regard Libre","article_publisher":"https:\/\/www.facebook.com\/leregardlibre\/","article_modified_time":"2026-04-03T14:02:47+00:00","og_image":[{"url":"https:\/\/leregardlibre.com\/wp-content\/uploads\/2026\/03\/affiche-masterclass-scaled.jpg","type":"","width":"","height":""}],"twitter_card":"summary_large_image","twitter_site":"@LeRegardLibre","twitter_misc":{"Gesch\u00e4tzte Lesezeit":"2\u00a0Minuten"},"schema":{"@context":"https:\/\/schema.org","@graph":[{"@type":"WebPage","@id":"https:\/\/leregardlibre.com\/evenements\/","url":"https:\/\/leregardlibre.com\/evenements\/","name":"Veranstaltungen | Le Regard Libre","isPartOf":{"@id":"https:\/\/leregardlibre.com\/#website"},"primaryImageOfPage":{"@id":"https:\/\/leregardlibre.com\/evenements\/#primaryimage"},"image":{"@id":"https:\/\/leregardlibre.com\/evenements\/#primaryimage"},"thumbnailUrl":"https:\/\/leregardlibre.com\/wp-content\/uploads\/2026\/03\/affiche-masterclass-scaled.jpg","datePublished":"2022-08-31T14:20:03+00:00","dateModified":"2026-04-03T14:02:47+00:00","description":"Konferenzen, Podiumsdiskussionen, Debatten: Hier finden Sie alle Veranstaltungen der Westschweizer Monatszeitschrift f\u00fcr intellektuelle und kulturelle Debatten Le Regard Libre.","breadcrumb":{"@id":"https:\/\/leregardlibre.com\/evenements\/#breadcrumb"},"inLanguage":"de","potentialAction":[{"@type":"ReadAction","target":["https:\/\/leregardlibre.com\/evenements\/"]}]},{"@type":"ImageObject","inLanguage":"de","@id":"https:\/\/leregardlibre.com\/evenements\/#primaryimage","url":"https:\/\/leregardlibre.com\/wp-content\/uploads\/2026\/03\/affiche-masterclass-scaled.jpg","contentUrl":"https:\/\/leregardlibre.com\/wp-content\/uploads\/2026\/03\/affiche-masterclass-scaled.jpg"},{"@type":"BreadcrumbList","@id":"https:\/\/leregardlibre.com\/evenements\/#breadcrumb","itemListElement":[{"@type":"ListItem","position":1,"name":"Accueil","item":"https:\/\/leregardlibre.com\/"},{"@type":"ListItem","position":2,"name":"Ev\u00e9nements"}]},{"@type":"WebSite","@id":"https:\/\/leregardlibre.com\/#website","url":"https:\/\/leregardlibre.com\/","name":"Le Regard Libre","description":"Erste Schweizer Monatszeitschrift f\u00fcr Debatten","publisher":{"@id":"https:\/\/leregardlibre.com\/#organization"},"potentialAction":[{"@type":"SearchAction","target":{"@type":"EntryPoint","urlTemplate":"https:\/\/leregardlibre.com\/?s={search_term_string}"},"query-input":{"@type":"PropertyValueSpecification","valueRequired":true,"valueName":"search_term_string"}}],"inLanguage":"de"},{"@type":"Organization","@id":"https:\/\/leregardlibre.com\/#organization","name":"Le Regard Libre","url":"https:\/\/leregardlibre.com\/","logo":{"@type":"ImageObject","inLanguage":"de","@id":"https:\/\/leregardlibre.com\/#\/schema\/logo\/image\/","url":"https:\/\/leregardlibre.com\/wp-content\/uploads\/2025\/08\/logo-rl-icone-neg.jpeg","contentUrl":"https:\/\/leregardlibre.com\/wp-content\/uploads\/2025\/08\/logo-rl-icone-neg.jpeg","width":557,"height":556,"caption":"Le Regard Libre"},"image":{"@id":"https:\/\/leregardlibre.com\/#\/schema\/logo\/image\/"},"sameAs":["https:\/\/www.facebook.com\/leregardlibre\/","https:\/\/x.com\/LeRegardLibre","https:\/\/www.linkedin.com\/company\/le-regard-libre","https:\/\/www.instagram.com\/leregardlibre\/","http:\/\/t.me\/leregardlibre","https:\/\/youtube.com\/channel\/UC6HzGPomj1LsUmlz-sJtITQ"],"description":"Le Regard Libre ist eine Schweizer Monatszeitschrift f\u00fcr intellektuelle und kulturelle Debatten. Seine Redaktion ist jung, ehrenamtlich, liberal und pluralistisch. Das Magazin erscheint online und in gedruckter Form. Seine Sprache ist Franz\u00f6sisch.","email":"redaction@leregardlibre.com","legalName":"Le Regard Libre","foundingDate":"2014-01-01","numberOfEmployees":{"@type":"QuantitativeValue","minValue":"11","maxValue":"50"},"publishingPrinciples":"https:\/\/leregardlibre.com\/a-propos\/notre-manifeste\/","ownershipFundingInfo":"https:\/\/leregardlibre.com\/mentions-legales\/","actionableFeedbackPolicy":"https:\/\/leregardlibre.com\/conditions-generales-de-vente\/"}]}},"_links":{"self":[{"href":"https:\/\/leregardlibre.com\/de\/wp-json\/wp\/v2\/pages\/508758","targetHints":{"allow":["GET"]}}],"collection":[{"href":"https:\/\/leregardlibre.com\/de\/wp-json\/wp\/v2\/pages"}],"about":[{"href":"https:\/\/leregardlibre.com\/de\/wp-json\/wp\/v2\/types\/page"}],"author":[{"embeddable":true,"href":"https:\/\/leregardlibre.com\/de\/wp-json\/wp\/v2\/users\/1"}],"replies":[{"embeddable":true,"href":"https:\/\/leregardlibre.com\/de\/wp-json\/wp\/v2\/comments?post=508758"}],"version-history":[{"count":74,"href":"https:\/\/leregardlibre.com\/de\/wp-json\/wp\/v2\/pages\/508758\/revisions"}],"predecessor-version":[{"id":532026,"href":"https:\/\/leregardlibre.com\/de\/wp-json\/wp\/v2\/pages\/508758\/revisions\/532026"}],"wp:attachment":[{"href":"https:\/\/leregardlibre.com\/de\/wp-json\/wp\/v2\/media?parent=508758"}],"curies":[{"name":"wp","href":"https:\/\/api.w.org\/{rel}","templated":true}]}}