{"id":530493,"date":"2025-11-30T16:24:07","date_gmt":"2025-11-30T15:24:07","guid":{"rendered":"https:\/\/leregardlibre.com\/?page_id=530493"},"modified":"2026-01-01T16:32:21","modified_gmt":"2026-01-01T15:32:21","slug":"schweiz-usa","status":"publish","type":"page","link":"https:\/\/leregardlibre.com\/de\/schweiz-usa\/","title":{"rendered":"Die Schweiz und die USA von gestern bis heute - Zeit f\u00fcr einen Vergleich"},"content":{"rendered":"<div data-elementor-type=\"wp-page\" data-elementor-id=\"530493\" class=\"elementor elementor-530493\">\n\t\t\t\t\t\t<section class=\"elementor-section elementor-top-section elementor-element elementor-element-2926a69 elementor-section-content-top elementor-section-boxed elementor-section-height-default elementor-section-height-default\" data-id=\"2926a69\" data-element_type=\"section\" data-e-type=\"section\">\n\t\t\t\t\t\t<div class=\"elementor-container elementor-column-gap-default\">\n\t\t\t\t\t<div class=\"elementor-column elementor-col-100 elementor-top-column elementor-element elementor-element-3be1316\" data-id=\"3be1316\" data-element_type=\"column\" data-e-type=\"column\">\n\t\t\t<div class=\"elementor-widget-wrap elementor-element-populated\">\n\t\t\t\t\t\t<div class=\"elementor-element elementor-element-a06f02a elementor-widget elementor-widget-spacer\" data-id=\"a06f02a\" data-element_type=\"widget\" data-e-type=\"widget\" data-widget_type=\"spacer.default\">\n\t\t\t\t<div class=\"elementor-widget-container\">\n\t\t\t\t\t\t\t<div class=\"elementor-spacer\">\n\t\t\t<div class=\"elementor-spacer-inner\"><\/div>\n\t\t<\/div>\n\t\t\t\t\t\t<\/div>\n\t\t\t\t<\/div>\n\t\t\t\t<div class=\"elementor-element elementor-element-19a2123 elementor-widget elementor-widget-image\" data-id=\"19a2123\" data-element_type=\"widget\" data-e-type=\"widget\" data-widget_type=\"image.default\">\n\t\t\t\t<div class=\"elementor-widget-container\">\n\t\t\t\t\t\t\t\t\t\t\t\t\t\t\t<img fetchpriority=\"high\" decoding=\"async\" width=\"1920\" height=\"1280\" src=\"https:\/\/leregardlibre.com\/wp-content\/uploads\/2025\/11\/hs-usa-e1763124473701.jpg\" class=\"attachment-full size-full wp-image-529925\" alt=\"der freie Blick in den Vereinigten Staaten\" srcset=\"https:\/\/leregardlibre.com\/wp-content\/uploads\/2025\/11\/hs-usa-e1763124473701.jpg 1920w, https:\/\/leregardlibre.com\/wp-content\/uploads\/2025\/11\/hs-usa-e1763124473701-300x200.jpg 300w, https:\/\/leregardlibre.com\/wp-content\/uploads\/2025\/11\/hs-usa-e1763124473701-1024x683.jpg 1024w, https:\/\/leregardlibre.com\/wp-content\/uploads\/2025\/11\/hs-usa-e1763124473701-150x100.jpg 150w, https:\/\/leregardlibre.com\/wp-content\/uploads\/2025\/11\/hs-usa-e1763124473701-768x512.jpg 768w, https:\/\/leregardlibre.com\/wp-content\/uploads\/2025\/11\/hs-usa-e1763124473701-1536x1024.jpg 1536w, https:\/\/leregardlibre.com\/wp-content\/uploads\/2025\/11\/hs-usa-e1763124473701-18x12.jpg 18w, https:\/\/leregardlibre.com\/wp-content\/uploads\/2025\/11\/hs-usa-e1763124473701-1170x780.jpg 1170w, https:\/\/leregardlibre.com\/wp-content\/uploads\/2025\/11\/hs-usa-e1763124473701-585x390.jpg 585w, https:\/\/leregardlibre.com\/wp-content\/uploads\/2025\/11\/hs-usa-e1763124473701-263x175.jpg 263w, https:\/\/leregardlibre.com\/wp-content\/uploads\/2025\/11\/hs-usa-e1763124473701-600x400.jpg 600w\" sizes=\"(max-width: 1920px) 100vw, 1920px\" \/>\t\t\t\t\t\t\t\t\t\t\t\t\t\t\t<\/div>\n\t\t\t\t<\/div>\n\t\t\t\t<div class=\"elementor-element elementor-element-7e9bdaa elementor-widget elementor-widget-spacer\" data-id=\"7e9bdaa\" data-element_type=\"widget\" data-e-type=\"widget\" data-widget_type=\"spacer.default\">\n\t\t\t\t<div class=\"elementor-widget-container\">\n\t\t\t\t\t\t\t<div class=\"elementor-spacer\">\n\t\t\t<div class=\"elementor-spacer-inner\"><\/div>\n\t\t<\/div>\n\t\t\t\t\t\t<\/div>\n\t\t\t\t<\/div>\n\t\t\t\t<div class=\"elementor-element elementor-element-42fa946 elementor-widget elementor-widget-text-editor\" data-id=\"42fa946\" data-element_type=\"widget\" data-e-type=\"widget\" data-widget_type=\"text-editor.default\">\n\t\t\t\t<div class=\"elementor-widget-container\">\n\t\t\t\t\t\t\t\t\t<p class=\"p1\">\u00abEinen Monat lang hat die Redaktion des <i>Regard Libre<\/i> einen Teil der Vereinigten Staaten durchquert hat, <strong>von der Ostk\u00fcste bis Texas, \u00fcber die Great Plains, die Megast\u00e4dte und die Berge von Oklahoma<\/strong>. Dieses journalistische und menschliche Abenteuer, das im Sommer 2025 stattfand, f\u00fchrte zur Entstehung des vorliegenden <strong>Sonderausgabe<\/strong>, Diese Brosch\u00fcre ist das Ergebnis von Teamarbeit, Routenplanung und Reflexion.<br \/><br \/>Allzu oft wird uns Amerika durch ein verzerrtes Prisma vorgefertigter Bilder pr\u00e4sentiert: ein zerrissenes Land, ein untergehendes Imperium, ein Laboratorium der Exzesse. <strong>Wir wollten uns selbst ein Bild machen.<\/strong> Vor Ort trafen wir auf eine nuanciertere Realit\u00e4t: ein gastfreundliches, unternehmungslustiges, aber auch zutiefst paradoxes Volk.<br \/><br \/><span class=\"s1\">In einer Zeit, in der Donald Trump 39% Z\u00f6lle auf Schweizer Exporte verh\u00e4ngt, <strong><i>Le Regard Libre<\/i> wollte die Diskussion er\u00f6ffnen, indem sie erkundete, was diese <i>Schwesterrepubliken<\/i>, die sich gegenseitig in ihren demokratischen Systemen beeinflusst haben, haben einander noch etwas zu sagen<\/strong>. Der vom US-Pr\u00e4sidenten angezettelte Handelskrieg wird im Dossier der aktuellen Novemberausgabe \u00fcber die R\u00fcckkehr des Merkantilismus eingehend analysiert.\u00a0<br \/><br \/><\/span><span class=\"s2\">Vier Beobachter haben an dieser Expedition per Flugzeug, Auto, Bus und zu Fu\u00df teilgenommen: Nicolas Brodard, Yann Costa, Nicolas Jutzet und ich. Gemeinsam zeichnen wir f\u00fcr die Texte und Bilder dieser Sonderausgabe verantwortlich. <strong>intellektuelles und visuelles Reisetagebuch<\/strong>.<br \/><br \/><\/span>M\u00f6gen Sie beim Lesen dieser Seiten ein wenig von den \u00dcberraschungen unserer Reise und den Gegens\u00e4tzen dieser L\u00e4nder wiederfinden. Unser Fotograf Nicolas Brodard, der die k\u00fcnstlerische Leitung der Publikation innehatte, hat einen visuellen Ausdruck dieser Gegens\u00e4tze erarbeitet. Vergoldet bietet diese einen kritischen Blick auf die Fehler und Sch\u00f6nheiten der Gegenwart, indem sie sich die Symbolik des goldenen Zeitalters zunutze macht, die es erm\u00f6glicht, diese zu enth\u00fcllen. Jedes Bild besteht aus zwei Fotografien, die vor Ort aufgenommen und in einen Dialog gebracht wurden - ohne k\u00fcnstliche Intelligenz. Gute Reise!<br \/><br \/><em>Jonas Follonier, Chefredakteur<\/em><\/p>\t\t\t\t\t\t\t\t<\/div>\n\t\t\t\t<\/div>\n\t\t\t\t<div class=\"elementor-element elementor-element-0e0dae2 elementor-widget elementor-widget-spacer\" data-id=\"0e0dae2\" data-element_type=\"widget\" data-e-type=\"widget\" data-widget_type=\"spacer.default\">\n\t\t\t\t<div class=\"elementor-widget-container\">\n\t\t\t\t\t\t\t<div class=\"elementor-spacer\">\n\t\t\t<div class=\"elementor-spacer-inner\"><\/div>\n\t\t<\/div>\n\t\t\t\t\t\t<\/div>\n\t\t\t\t<\/div>\n\t\t\t\t\t<\/div>\n\t\t<\/div>\n\t\t\t\t\t<\/div>\n\t\t<\/section>\n\t\t\t\t<section class=\"elementor-section elementor-top-section elementor-element elementor-element-10a5f56 elementor-section-boxed elementor-section-height-default elementor-section-height-default\" data-id=\"10a5f56\" data-element_type=\"section\" data-e-type=\"section\">\n\t\t\t\t\t\t<div class=\"elementor-container elementor-column-gap-default\">\n\t\t\t\t\t<div class=\"elementor-column elementor-col-50 elementor-top-column elementor-element elementor-element-7a50b4b\" data-id=\"7a50b4b\" data-element_type=\"column\" data-e-type=\"column\">\n\t\t\t<div class=\"elementor-widget-wrap elementor-element-populated\">\n\t\t\t\t\t\t<div class=\"elementor-element elementor-element-64462ad elementor-widget elementor-widget-text-editor\" data-id=\"64462ad\" data-element_type=\"widget\" data-e-type=\"widget\" data-widget_type=\"text-editor.default\">\n\t\t\t\t<div class=\"elementor-widget-container\">\n\t\t\t\t\t\t\t\t\t<h3><a href=\"https:\/\/leregardlibre.com\/de\/cpt-editions\/der-freie-blick-schweiz-vereinigte-staaten\/\">Bestellen Sie unsere Sonderausgabe<\/a>, In diesem Fall ist es wichtig, dass Sie den Text in gedruckter oder digitaler Form vorlegen.<br \/><br \/>Oder, <a href=\"https:\/\/leregardlibre.com\/de\/abonnement\/\">abonnieren Sie<\/a> und erhalten Sie diese Publikation als Willkommensgeschenk!<\/h3>\t\t\t\t\t\t\t\t<\/div>\n\t\t\t\t<\/div>\n\t\t\t\t\t<\/div>\n\t\t<\/div>\n\t\t\t\t<div class=\"elementor-column elementor-col-50 elementor-top-column elementor-element elementor-element-b2c1911\" data-id=\"b2c1911\" data-element_type=\"column\" data-e-type=\"column\">\n\t\t\t<div class=\"elementor-widget-wrap\">\n\t\t\t\t\t\t\t<\/div>\n\t\t<\/div>\n\t\t\t\t\t<\/div>\n\t\t<\/section>\n\t\t\t\t<\/div>","protected":false},"excerpt":{"rendered":"<p>\u00abDurant un mois, la r\u00e9daction du Regard Libre a travers\u00e9 une partie des Etats-Unis, de la c\u00f4te Est au Texas,&#8230;<\/p>","protected":false},"author":1,"featured_media":0,"parent":0,"menu_order":0,"comment_status":"closed","ping_status":"closed","template":"page-fullwidth.php","meta":{"_acf_changed":false,"footnotes":""},"class_list":["post-530493","page","type-page","status-publish","hentry"],"acf":[],"yoast_head":"<!-- This site is optimized with the Yoast SEO Premium plugin v27.4 (Yoast SEO v27.4) - https:\/\/yoast.com\/product\/yoast-seo-premium-wordpress\/ -->\n<title>Suisse et Etats-Unis, d\u2019hier \u00e0 aujourd\u2019hui \u2013 L\u2019heure de la comparaison | Le Regard Libre<\/title>\n<meta name=\"description\" content=\"Le mensuel Le Regard Libre entend combler un vide dans la vie des id\u00e9es\u00a0en servant de pont entre les d\u00e9bats de fond et le grand public.\" \/>\n<meta name=\"robots\" content=\"index, follow, max-snippet:-1, max-image-preview:large, max-video-preview:-1\" \/>\n<link rel=\"canonical\" href=\"https:\/\/leregardlibre.com\/de\/schweiz-usa\/\" \/>\n<meta property=\"og:locale\" content=\"de_DE\" \/>\n<meta property=\"og:type\" content=\"article\" \/>\n<meta property=\"og:title\" content=\"Suisse et Etats-Unis, d\u2019hier \u00e0 aujourd\u2019hui \u2013 L\u2019heure de la comparaison\" \/>\n<meta property=\"og:description\" content=\"Le mensuel Le Regard Libre entend combler un vide dans la vie des id\u00e9es\u00a0en servant de pont entre les d\u00e9bats de fond et le grand public.\" \/>\n<meta property=\"og:url\" content=\"https:\/\/leregardlibre.com\/de\/schweiz-usa\/\" \/>\n<meta property=\"og:site_name\" content=\"Le Regard Libre\" \/>\n<meta property=\"article:publisher\" content=\"https:\/\/www.facebook.com\/leregardlibre\/\" \/>\n<meta property=\"article:modified_time\" content=\"2026-01-01T15:32:21+00:00\" \/>\n<meta property=\"og:image\" content=\"https:\/\/leregardlibre.com\/wp-content\/uploads\/2025\/11\/hs-usa-e1763124473701.jpg\" \/>\n\t<meta property=\"og:image:width\" content=\"1920\" \/>\n\t<meta property=\"og:image:height\" content=\"1280\" \/>\n\t<meta property=\"og:image:type\" content=\"image\/jpeg\" \/>\n<meta name=\"twitter:card\" content=\"summary_large_image\" \/>\n<meta name=\"twitter:site\" content=\"@LeRegardLibre\" \/>\n<meta name=\"twitter:label1\" content=\"Gesch\u00e4tzte Lesezeit\" \/>\n\t<meta name=\"twitter:data1\" content=\"3\u00a0Minuten\" \/>\n<script type=\"application\/ld+json\" class=\"yoast-schema-graph\">{\"@context\":\"https:\\\/\\\/schema.org\",\"@graph\":[{\"@type\":\"WebPage\",\"@id\":\"https:\\\/\\\/leregardlibre.com\\\/suisse-usa\\\/\",\"url\":\"https:\\\/\\\/leregardlibre.com\\\/suisse-usa\\\/\",\"name\":\"Suisse et Etats-Unis, d\u2019hier \u00e0 aujourd\u2019hui \u2013 L\u2019heure de la comparaison | Le Regard Libre\",\"isPartOf\":{\"@id\":\"https:\\\/\\\/leregardlibre.com\\\/#website\"},\"primaryImageOfPage\":{\"@id\":\"https:\\\/\\\/leregardlibre.com\\\/suisse-usa\\\/#primaryimage\"},\"image\":{\"@id\":\"https:\\\/\\\/leregardlibre.com\\\/suisse-usa\\\/#primaryimage\"},\"thumbnailUrl\":\"https:\\\/\\\/leregardlibre.com\\\/wp-content\\\/uploads\\\/2025\\\/11\\\/hs-usa-e1763124473701.jpg\",\"datePublished\":\"2025-11-30T15:24:07+00:00\",\"dateModified\":\"2026-01-01T15:32:21+00:00\",\"description\":\"Le mensuel Le Regard Libre entend combler un vide dans la vie des id\u00e9es\u00a0en servant de pont entre les d\u00e9bats de fond et le grand public.\",\"breadcrumb\":{\"@id\":\"https:\\\/\\\/leregardlibre.com\\\/suisse-usa\\\/#breadcrumb\"},\"inLanguage\":\"de\",\"potentialAction\":[{\"@type\":\"ReadAction\",\"target\":[\"https:\\\/\\\/leregardlibre.com\\\/suisse-usa\\\/\"]}]},{\"@type\":\"ImageObject\",\"inLanguage\":\"de\",\"@id\":\"https:\\\/\\\/leregardlibre.com\\\/suisse-usa\\\/#primaryimage\",\"url\":\"https:\\\/\\\/leregardlibre.com\\\/wp-content\\\/uploads\\\/2025\\\/11\\\/hs-usa-e1763124473701.jpg\",\"contentUrl\":\"https:\\\/\\\/leregardlibre.com\\\/wp-content\\\/uploads\\\/2025\\\/11\\\/hs-usa-e1763124473701.jpg\"},{\"@type\":\"BreadcrumbList\",\"@id\":\"https:\\\/\\\/leregardlibre.com\\\/suisse-usa\\\/#breadcrumb\",\"itemListElement\":[{\"@type\":\"ListItem\",\"position\":1,\"name\":\"Accueil\",\"item\":\"https:\\\/\\\/leregardlibre.com\\\/\"},{\"@type\":\"ListItem\",\"position\":2,\"name\":\"Suisse et Etats-Unis, d\u2019hier \u00e0 aujourd\u2019hui \u2013 L\u2019heure de la comparaison\"}]},{\"@type\":\"WebSite\",\"@id\":\"https:\\\/\\\/leregardlibre.com\\\/#website\",\"url\":\"https:\\\/\\\/leregardlibre.com\\\/\",\"name\":\"Le Regard Libre\",\"description\":\"Premier mensuel suisse de d\u00e9bat\",\"publisher\":{\"@id\":\"https:\\\/\\\/leregardlibre.com\\\/#organization\"},\"potentialAction\":[{\"@type\":\"SearchAction\",\"target\":{\"@type\":\"EntryPoint\",\"urlTemplate\":\"https:\\\/\\\/leregardlibre.com\\\/?s={search_term_string}\"},\"query-input\":{\"@type\":\"PropertyValueSpecification\",\"valueRequired\":true,\"valueName\":\"search_term_string\"}}],\"inLanguage\":\"de\"},{\"@type\":\"Organization\",\"@id\":\"https:\\\/\\\/leregardlibre.com\\\/#organization\",\"name\":\"Le Regard Libre\",\"url\":\"https:\\\/\\\/leregardlibre.com\\\/\",\"logo\":{\"@type\":\"ImageObject\",\"inLanguage\":\"de\",\"@id\":\"https:\\\/\\\/leregardlibre.com\\\/#\\\/schema\\\/logo\\\/image\\\/\",\"url\":\"https:\\\/\\\/leregardlibre.com\\\/wp-content\\\/uploads\\\/2025\\\/08\\\/logo-rl-icone-neg.jpeg\",\"contentUrl\":\"https:\\\/\\\/leregardlibre.com\\\/wp-content\\\/uploads\\\/2025\\\/08\\\/logo-rl-icone-neg.jpeg\",\"width\":557,\"height\":556,\"caption\":\"Le Regard Libre\"},\"image\":{\"@id\":\"https:\\\/\\\/leregardlibre.com\\\/#\\\/schema\\\/logo\\\/image\\\/\"},\"sameAs\":[\"https:\\\/\\\/www.facebook.com\\\/leregardlibre\\\/\",\"https:\\\/\\\/x.com\\\/LeRegardLibre\",\"https:\\\/\\\/www.linkedin.com\\\/company\\\/le-regard-libre\",\"https:\\\/\\\/www.instagram.com\\\/leregardlibre\\\/\",\"http:\\\/\\\/t.me\\\/leregardlibre\",\"https:\\\/\\\/youtube.com\\\/channel\\\/UC6HzGPomj1LsUmlz-sJtITQ\"],\"description\":\"Le Regard Libre est un mensuel suisse de d\u00e9bat intellectuel et culturel. Sa r\u00e9daction est jeune, b\u00e9n\u00e9vole, lib\u00e9rale et pluraliste. Le magazine para\u00eet en ligne et sous forme papier. Sa langue est le fran\u00e7ais.\",\"email\":\"redaction@leregardlibre.com\",\"legalName\":\"Le Regard Libre\",\"foundingDate\":\"2014-01-01\",\"numberOfEmployees\":{\"@type\":\"QuantitativeValue\",\"minValue\":\"11\",\"maxValue\":\"50\"},\"publishingPrinciples\":\"https:\\\/\\\/leregardlibre.com\\\/a-propos\\\/notre-manifeste\\\/\",\"ownershipFundingInfo\":\"https:\\\/\\\/leregardlibre.com\\\/mentions-legales\\\/\",\"actionableFeedbackPolicy\":\"https:\\\/\\\/leregardlibre.com\\\/conditions-generales-de-vente\\\/\"}]}<\/script>\n<!-- \/ Yoast SEO Premium plugin. -->","yoast_head_json":{"title":"Die Schweiz und die USA, von gestern bis heute - Zeit f\u00fcr einen Vergleich | Le Regard Libre","description":"Die Monatszeitschrift Le Regard Libre will eine L\u00fccke im Leben der Ideen f\u00fcllen, indem sie als Br\u00fccke zwischen Grundsatzdebatten und der breiten \u00d6ffentlichkeit fungiert.","robots":{"index":"index","follow":"follow","max-snippet":"max-snippet:-1","max-image-preview":"max-image-preview:large","max-video-preview":"max-video-preview:-1"},"canonical":"https:\/\/leregardlibre.com\/de\/schweiz-usa\/","og_locale":"de_DE","og_type":"article","og_title":"Suisse et Etats-Unis, d\u2019hier \u00e0 aujourd\u2019hui \u2013 L\u2019heure de la comparaison","og_description":"Le mensuel Le Regard Libre entend combler un vide dans la vie des id\u00e9es\u00a0en servant de pont entre les d\u00e9bats de fond et le grand public.","og_url":"https:\/\/leregardlibre.com\/de\/schweiz-usa\/","og_site_name":"Le Regard Libre","article_publisher":"https:\/\/www.facebook.com\/leregardlibre\/","article_modified_time":"2026-01-01T15:32:21+00:00","og_image":[{"width":1920,"height":1280,"url":"https:\/\/leregardlibre.com\/wp-content\/uploads\/2025\/11\/hs-usa-e1763124473701.jpg","type":"image\/jpeg"}],"twitter_card":"summary_large_image","twitter_site":"@LeRegardLibre","twitter_misc":{"Gesch\u00e4tzte Lesezeit":"3\u00a0Minuten"},"schema":{"@context":"https:\/\/schema.org","@graph":[{"@type":"WebPage","@id":"https:\/\/leregardlibre.com\/suisse-usa\/","url":"https:\/\/leregardlibre.com\/suisse-usa\/","name":"Die Schweiz und die USA, von gestern bis heute - Zeit f\u00fcr einen Vergleich | Le Regard Libre","isPartOf":{"@id":"https:\/\/leregardlibre.com\/#website"},"primaryImageOfPage":{"@id":"https:\/\/leregardlibre.com\/suisse-usa\/#primaryimage"},"image":{"@id":"https:\/\/leregardlibre.com\/suisse-usa\/#primaryimage"},"thumbnailUrl":"https:\/\/leregardlibre.com\/wp-content\/uploads\/2025\/11\/hs-usa-e1763124473701.jpg","datePublished":"2025-11-30T15:24:07+00:00","dateModified":"2026-01-01T15:32:21+00:00","description":"Die Monatszeitschrift Le Regard Libre will eine L\u00fccke im Leben der Ideen f\u00fcllen, indem sie als Br\u00fccke zwischen Grundsatzdebatten und der breiten \u00d6ffentlichkeit fungiert.","breadcrumb":{"@id":"https:\/\/leregardlibre.com\/suisse-usa\/#breadcrumb"},"inLanguage":"de","potentialAction":[{"@type":"ReadAction","target":["https:\/\/leregardlibre.com\/suisse-usa\/"]}]},{"@type":"ImageObject","inLanguage":"de","@id":"https:\/\/leregardlibre.com\/suisse-usa\/#primaryimage","url":"https:\/\/leregardlibre.com\/wp-content\/uploads\/2025\/11\/hs-usa-e1763124473701.jpg","contentUrl":"https:\/\/leregardlibre.com\/wp-content\/uploads\/2025\/11\/hs-usa-e1763124473701.jpg"},{"@type":"BreadcrumbList","@id":"https:\/\/leregardlibre.com\/suisse-usa\/#breadcrumb","itemListElement":[{"@type":"ListItem","position":1,"name":"Accueil","item":"https:\/\/leregardlibre.com\/"},{"@type":"ListItem","position":2,"name":"Suisse et Etats-Unis, d\u2019hier \u00e0 aujourd\u2019hui \u2013 L\u2019heure de la comparaison"}]},{"@type":"WebSite","@id":"https:\/\/leregardlibre.com\/#website","url":"https:\/\/leregardlibre.com\/","name":"Le Regard Libre","description":"Erste Schweizer Monatszeitschrift f\u00fcr Debatten","publisher":{"@id":"https:\/\/leregardlibre.com\/#organization"},"potentialAction":[{"@type":"SearchAction","target":{"@type":"EntryPoint","urlTemplate":"https:\/\/leregardlibre.com\/?s={search_term_string}"},"query-input":{"@type":"PropertyValueSpecification","valueRequired":true,"valueName":"search_term_string"}}],"inLanguage":"de"},{"@type":"Organization","@id":"https:\/\/leregardlibre.com\/#organization","name":"Le Regard Libre","url":"https:\/\/leregardlibre.com\/","logo":{"@type":"ImageObject","inLanguage":"de","@id":"https:\/\/leregardlibre.com\/#\/schema\/logo\/image\/","url":"https:\/\/leregardlibre.com\/wp-content\/uploads\/2025\/08\/logo-rl-icone-neg.jpeg","contentUrl":"https:\/\/leregardlibre.com\/wp-content\/uploads\/2025\/08\/logo-rl-icone-neg.jpeg","width":557,"height":556,"caption":"Le Regard Libre"},"image":{"@id":"https:\/\/leregardlibre.com\/#\/schema\/logo\/image\/"},"sameAs":["https:\/\/www.facebook.com\/leregardlibre\/","https:\/\/x.com\/LeRegardLibre","https:\/\/www.linkedin.com\/company\/le-regard-libre","https:\/\/www.instagram.com\/leregardlibre\/","http:\/\/t.me\/leregardlibre","https:\/\/youtube.com\/channel\/UC6HzGPomj1LsUmlz-sJtITQ"],"description":"Le Regard Libre ist eine Schweizer Monatszeitschrift f\u00fcr intellektuelle und kulturelle Debatten. Seine Redaktion ist jung, ehrenamtlich, liberal und pluralistisch. Das Magazin erscheint online und in gedruckter Form. Seine Sprache ist Franz\u00f6sisch.","email":"redaction@leregardlibre.com","legalName":"Le Regard Libre","foundingDate":"2014-01-01","numberOfEmployees":{"@type":"QuantitativeValue","minValue":"11","maxValue":"50"},"publishingPrinciples":"https:\/\/leregardlibre.com\/a-propos\/notre-manifeste\/","ownershipFundingInfo":"https:\/\/leregardlibre.com\/mentions-legales\/","actionableFeedbackPolicy":"https:\/\/leregardlibre.com\/conditions-generales-de-vente\/"}]}},"_links":{"self":[{"href":"https:\/\/leregardlibre.com\/de\/wp-json\/wp\/v2\/pages\/530493","targetHints":{"allow":["GET"]}}],"collection":[{"href":"https:\/\/leregardlibre.com\/de\/wp-json\/wp\/v2\/pages"}],"about":[{"href":"https:\/\/leregardlibre.com\/de\/wp-json\/wp\/v2\/types\/page"}],"author":[{"embeddable":true,"href":"https:\/\/leregardlibre.com\/de\/wp-json\/wp\/v2\/users\/1"}],"replies":[{"embeddable":true,"href":"https:\/\/leregardlibre.com\/de\/wp-json\/wp\/v2\/comments?post=530493"}],"version-history":[{"count":2,"href":"https:\/\/leregardlibre.com\/de\/wp-json\/wp\/v2\/pages\/530493\/revisions"}],"predecessor-version":[{"id":530500,"href":"https:\/\/leregardlibre.com\/de\/wp-json\/wp\/v2\/pages\/530493\/revisions\/530500"}],"wp:attachment":[{"href":"https:\/\/leregardlibre.com\/de\/wp-json\/wp\/v2\/media?parent=530493"}],"curies":[{"name":"wp","href":"https:\/\/api.w.org\/{rel}","templated":true}]}}