{"id":17743,"date":"2019-01-16T14:18:35","date_gmt":"2019-01-16T13:18:35","guid":{"rendered":"https:\/\/leregardlibre.com\/?post_type=product&#038;p=17743"},"modified":"2024-07-11T07:54:47","modified_gmt":"2024-07-11T05:54:47","slug":"der-freie-blick-n-46","status":"publish","type":"product","link":"https:\/\/leregardlibre.com\/de\/produkt\/der-freie-blick-n-46\/","title":{"rendered":"Le Regard Libre - Nr. 46"},"content":{"rendered":"<p>Papierexemplar<br \/>\nAusgabe vom Januar 2019<br \/>\nSchickes Papiermagazinformat (68 Seiten)<\/p>\n<p>INHALT:<\/p>\n<p><span class=\"s1\"><i>02<\/i><\/span><b>\u00a0Editorial<br \/>\n<\/b>Die \u00abGelbwesten\u00bb: einige \u00dcberlegungen<\/p>\n<p class=\"p1\"><span class=\"s1\"><i>04<\/i><\/span><b> Pflege<br \/>\n<\/b>Bertil Galland, der Westschweizer Literat<\/p>\n<p><span class=\"s1\"><i>10<\/i><\/span><b> Musik<br \/>\n<\/b>Die subtilen Duette von V\u00e9ronique Sanson lassen uns sie wiederentdecken<br \/>\nKery James, der Schmied der Reime<br \/>\nPolnareff bekommt ein Kind <em>Endlich!\u00a0<\/em>- Erz\u00e4hlung einer Frustration<br \/>\nJordi Savall, der Historiker der mittelalterlichen Musik<br \/>\nTreffen mit dem Duo Marzella, das in eine gro\u00dfe Zukunft fliegt<br \/>\nClara Luciani, K\u00f6nigin auf der B\u00fchne<\/p>\n<p class=\"p3\"><span class=\"s1\"><i>24<\/i><\/span><b> Politik<br \/>\n<\/b>China und das Erlernen von Macht<br \/>\nYuval Noah Harari: Der Historiker der Disruptionen der Gegenwart<\/p>\n<p class=\"p3\"><span class=\"s1\"><i>28<\/i><\/span><b> <\/b><b>Literatur<br \/>\n<\/b><i>Ein Wendepunkt im Leben<\/i>: Ist das neue Buch von Christine Angot wirklich schlecht?<br \/>\n<i>Verdammter Schlaganfall!<\/i>, Ein unentbehrliches und ber\u00fchrendes Zeugnis<br \/>\n<i>Der Sammler<\/i>, eine k\u00f6stliche Dosis Terror<\/p>\n<p class=\"p3\"><span class=\"s1\"><i>32<\/i><\/span><b> Philosophie<br \/>\n<\/b>Jede Sprache ist einzigartig und unersetzlich<\/p>\n<p class=\"p3\"><span class=\"s1\"><i>34<\/i><\/span><b> Wirtschaft<br \/>\n<\/b>Facebook, ein Koloss auf t\u00f6nernen F\u00fc\u00dfen?<\/p>\n<p class=\"p3\"><span class=\"s1\"><i>54<\/i><\/span><b> Fotografie<\/b><\/p>\n<p class=\"p3\"><span class=\"s1\"><i>58<\/i><\/span><b> Gastronomie<br \/>\n<\/b>Zelig, ein Cham\u00e4leon im Universit\u00e4tsdschungel<br \/>\nDie Brasserie B'ART hat ihre T\u00fcren f\u00fcr die Neuenburger Bubus ge\u00f6ffnet<\/p>\n<p class=\"p3\"><span class=\"s1\"><i>60<\/i><\/span><b> Forum<br \/>\n<\/b>Im Caf\u00e9, ein Durst nach Gesellschaft<br \/>\nDie Haute Couture - eine Welt voller Fehlentwicklungen und Desinformationen<br \/>\nDie <i>fit-girl<\/i>, Die weibliche Spezies, die Instagram \u00fcberschwemmt<br \/>\n#CINE, ein Verein von und f\u00fcr 14-18-J\u00e4hrige<br \/>\nBrief an einen Freund (philosophisches Pasticcio)<\/p>\n<p><span class=\"s1\"><i>68<\/i><\/span><b> Die Zeichnungen von Nicolas Locatelli<br \/>\n<\/b><\/p>","protected":false},"excerpt":{"rendered":"<p>Exemplaire papier Edition de janvier 2019 Format magazine papier chic (68 pages) SOMMAIRE: 02\u00a0Editorial Les \u00abgilets jaunes\u00bb: quelques r\u00e9flexions 04&#8230;<\/p>","protected":false},"featured_media":18033,"comment_status":"open","ping_status":"closed","template":"","meta":{"_acf_changed":false},"product_brand":[],"product_cat":[644340392],"product_tag":[],"class_list":{"0":"post-17743","1":"product","2":"type-product","3":"status-publish","4":"has-post-thumbnail","6":"product_cat-numeros","8":"first","9":"instock","10":"shipping-taxable","11":"purchasable","12":"product-type-simple"},"acf":[],"yoast_head":"<!-- This site is optimized with the Yoast SEO Premium plugin v27.4 (Yoast SEO v27.4) - https:\/\/yoast.com\/product\/yoast-seo-premium-wordpress\/ -->\n<title>Le Regard Libre - N\u00b0\u00a046 | Le Regard Libre<\/title>\n<meta name=\"robots\" content=\"index, follow, max-snippet:-1, max-image-preview:large, max-video-preview:-1\" \/>\n<link rel=\"canonical\" href=\"https:\/\/leregardlibre.com\/de\/produkt\/der-freie-blick-n-46\/\" \/>\n<meta property=\"og:locale\" content=\"de_DE\" \/>\n<meta property=\"og:type\" content=\"article\" \/>\n<meta property=\"og:title\" content=\"Le Regard Libre - N\u00b0\u00a046\" \/>\n<meta property=\"og:description\" content=\"Exemplaire papier Edition de janvier 2019 Format magazine papier chic (68 pages) SOMMAIRE: 02\u00a0Editorial Les \u00abgilets jaunes\u00bb: quelques r\u00e9flexions 04...\" \/>\n<meta property=\"og:url\" content=\"https:\/\/leregardlibre.com\/de\/produkt\/der-freie-blick-n-46\/\" \/>\n<meta property=\"og:site_name\" content=\"Le Regard Libre\" \/>\n<meta property=\"article:publisher\" content=\"https:\/\/www.facebook.com\/leregardlibre\/\" \/>\n<meta property=\"article:modified_time\" content=\"2024-07-11T05:54:47+00:00\" \/>\n<meta property=\"og:image\" content=\"https:\/\/leregardlibre.com\/wp-content\/uploads\/2018\/11\/Une-RL-N\u00b0-46.jpeg\" \/>\n\t<meta property=\"og:image:width\" content=\"905\" \/>\n\t<meta property=\"og:image:height\" content=\"1280\" \/>\n\t<meta property=\"og:image:type\" content=\"image\/jpeg\" \/>\n<meta name=\"twitter:card\" content=\"summary_large_image\" \/>\n<meta name=\"twitter:site\" content=\"@LeRegardLibre\" \/>\n<meta name=\"twitter:label1\" content=\"Gesch\u00e4tzte Lesezeit\" \/>\n\t<meta name=\"twitter:data1\" content=\"1\u00a0Minute\" \/>\n<script type=\"application\/ld+json\" class=\"yoast-schema-graph\">{\"@context\":\"https:\\\/\\\/schema.org\",\"@graph\":[{\"@type\":\"WebPage\",\"@id\":\"https:\\\/\\\/leregardlibre.com\\\/produit\\\/le-regard-libre-n-46\\\/\",\"url\":\"https:\\\/\\\/leregardlibre.com\\\/produit\\\/le-regard-libre-n-46\\\/\",\"name\":\"Le Regard Libre - N\u00b0\u00a046 | Le Regard Libre\",\"isPartOf\":{\"@id\":\"https:\\\/\\\/leregardlibre.com\\\/#website\"},\"primaryImageOfPage\":{\"@id\":\"https:\\\/\\\/leregardlibre.com\\\/produit\\\/le-regard-libre-n-46\\\/#primaryimage\"},\"image\":{\"@id\":\"https:\\\/\\\/leregardlibre.com\\\/produit\\\/le-regard-libre-n-46\\\/#primaryimage\"},\"thumbnailUrl\":\"https:\\\/\\\/leregardlibre.com\\\/wp-content\\\/uploads\\\/2018\\\/11\\\/Une-RL-N\u00b0-46.jpeg\",\"datePublished\":\"2019-01-16T13:18:35+00:00\",\"dateModified\":\"2024-07-11T05:54:47+00:00\",\"breadcrumb\":{\"@id\":\"https:\\\/\\\/leregardlibre.com\\\/produit\\\/le-regard-libre-n-46\\\/#breadcrumb\"},\"inLanguage\":\"de\",\"potentialAction\":[{\"@type\":\"ReadAction\",\"target\":[\"https:\\\/\\\/leregardlibre.com\\\/produit\\\/le-regard-libre-n-46\\\/\"]}]},{\"@type\":\"ImageObject\",\"inLanguage\":\"de\",\"@id\":\"https:\\\/\\\/leregardlibre.com\\\/produit\\\/le-regard-libre-n-46\\\/#primaryimage\",\"url\":\"https:\\\/\\\/leregardlibre.com\\\/wp-content\\\/uploads\\\/2018\\\/11\\\/Une-RL-N\u00b0-46.jpeg\",\"contentUrl\":\"https:\\\/\\\/leregardlibre.com\\\/wp-content\\\/uploads\\\/2018\\\/11\\\/Une-RL-N\u00b0-46.jpeg\",\"width\":905,\"height\":1280},{\"@type\":\"BreadcrumbList\",\"@id\":\"https:\\\/\\\/leregardlibre.com\\\/produit\\\/le-regard-libre-n-46\\\/#breadcrumb\",\"itemListElement\":[{\"@type\":\"ListItem\",\"position\":1,\"name\":\"Accueil\",\"item\":\"https:\\\/\\\/leregardlibre.com\\\/\"},{\"@type\":\"ListItem\",\"position\":2,\"name\":\"Boutique\",\"item\":\"https:\\\/\\\/leregardlibre.com\\\/boutique\\\/\"},{\"@type\":\"ListItem\",\"position\":3,\"name\":\"Le Regard Libre &#8211; N\u00b0\u00a046\"}]},{\"@type\":\"WebSite\",\"@id\":\"https:\\\/\\\/leregardlibre.com\\\/#website\",\"url\":\"https:\\\/\\\/leregardlibre.com\\\/\",\"name\":\"Le Regard Libre\",\"description\":\"Premier mensuel suisse de d\u00e9bat\",\"publisher\":{\"@id\":\"https:\\\/\\\/leregardlibre.com\\\/#organization\"},\"potentialAction\":[{\"@type\":\"SearchAction\",\"target\":{\"@type\":\"EntryPoint\",\"urlTemplate\":\"https:\\\/\\\/leregardlibre.com\\\/?s={search_term_string}\"},\"query-input\":{\"@type\":\"PropertyValueSpecification\",\"valueRequired\":true,\"valueName\":\"search_term_string\"}}],\"inLanguage\":\"de\"},{\"@type\":\"Organization\",\"@id\":\"https:\\\/\\\/leregardlibre.com\\\/#organization\",\"name\":\"Le Regard Libre\",\"url\":\"https:\\\/\\\/leregardlibre.com\\\/\",\"logo\":{\"@type\":\"ImageObject\",\"inLanguage\":\"de\",\"@id\":\"https:\\\/\\\/leregardlibre.com\\\/#\\\/schema\\\/logo\\\/image\\\/\",\"url\":\"https:\\\/\\\/leregardlibre.com\\\/wp-content\\\/uploads\\\/2025\\\/08\\\/logo-rl-icone-neg.jpeg\",\"contentUrl\":\"https:\\\/\\\/leregardlibre.com\\\/wp-content\\\/uploads\\\/2025\\\/08\\\/logo-rl-icone-neg.jpeg\",\"width\":557,\"height\":556,\"caption\":\"Le Regard Libre\"},\"image\":{\"@id\":\"https:\\\/\\\/leregardlibre.com\\\/#\\\/schema\\\/logo\\\/image\\\/\"},\"sameAs\":[\"https:\\\/\\\/www.facebook.com\\\/leregardlibre\\\/\",\"https:\\\/\\\/x.com\\\/LeRegardLibre\",\"https:\\\/\\\/www.linkedin.com\\\/company\\\/le-regard-libre\",\"https:\\\/\\\/www.instagram.com\\\/leregardlibre\\\/\",\"http:\\\/\\\/t.me\\\/leregardlibre\",\"https:\\\/\\\/youtube.com\\\/channel\\\/UC6HzGPomj1LsUmlz-sJtITQ\"],\"description\":\"Le Regard Libre est un mensuel suisse de d\u00e9bat intellectuel et culturel. Sa r\u00e9daction est jeune, b\u00e9n\u00e9vole, lib\u00e9rale et pluraliste. Le magazine para\u00eet en ligne et sous forme papier. Sa langue est le fran\u00e7ais.\",\"email\":\"redaction@leregardlibre.com\",\"legalName\":\"Le Regard Libre\",\"foundingDate\":\"2014-01-01\",\"numberOfEmployees\":{\"@type\":\"QuantitativeValue\",\"minValue\":\"11\",\"maxValue\":\"50\"},\"publishingPrinciples\":\"https:\\\/\\\/leregardlibre.com\\\/a-propos\\\/notre-manifeste\\\/\",\"ownershipFundingInfo\":\"https:\\\/\\\/leregardlibre.com\\\/mentions-legales\\\/\",\"actionableFeedbackPolicy\":\"https:\\\/\\\/leregardlibre.com\\\/conditions-generales-de-vente\\\/\"}]}<\/script>\n<!-- \/ Yoast SEO Premium plugin. -->","yoast_head_json":{"title":"Le Regard Libre - N\u00b0\u00a046 | Le Regard Libre","robots":{"index":"index","follow":"follow","max-snippet":"max-snippet:-1","max-image-preview":"max-image-preview:large","max-video-preview":"max-video-preview:-1"},"canonical":"https:\/\/leregardlibre.com\/de\/produkt\/der-freie-blick-n-46\/","og_locale":"de_DE","og_type":"article","og_title":"Le Regard Libre - N\u00b0\u00a046","og_description":"Exemplaire papier Edition de janvier 2019 Format magazine papier chic (68 pages) SOMMAIRE: 02\u00a0Editorial Les \u00abgilets jaunes\u00bb: quelques r\u00e9flexions 04...","og_url":"https:\/\/leregardlibre.com\/de\/produkt\/der-freie-blick-n-46\/","og_site_name":"Le Regard Libre","article_publisher":"https:\/\/www.facebook.com\/leregardlibre\/","article_modified_time":"2024-07-11T05:54:47+00:00","og_image":[{"width":905,"height":1280,"url":"https:\/\/leregardlibre.com\/wp-content\/uploads\/2018\/11\/Une-RL-N\u00b0-46.jpeg","type":"image\/jpeg"}],"twitter_card":"summary_large_image","twitter_site":"@LeRegardLibre","twitter_misc":{"Gesch\u00e4tzte Lesezeit":"1\u00a0Minute"},"schema":{"@context":"https:\/\/schema.org","@graph":[{"@type":"WebPage","@id":"https:\/\/leregardlibre.com\/produit\/le-regard-libre-n-46\/","url":"https:\/\/leregardlibre.com\/produit\/le-regard-libre-n-46\/","name":"Le Regard Libre - N\u00b0\u00a046 | Le Regard Libre","isPartOf":{"@id":"https:\/\/leregardlibre.com\/#website"},"primaryImageOfPage":{"@id":"https:\/\/leregardlibre.com\/produit\/le-regard-libre-n-46\/#primaryimage"},"image":{"@id":"https:\/\/leregardlibre.com\/produit\/le-regard-libre-n-46\/#primaryimage"},"thumbnailUrl":"https:\/\/leregardlibre.com\/wp-content\/uploads\/2018\/11\/Une-RL-N\u00b0-46.jpeg","datePublished":"2019-01-16T13:18:35+00:00","dateModified":"2024-07-11T05:54:47+00:00","breadcrumb":{"@id":"https:\/\/leregardlibre.com\/produit\/le-regard-libre-n-46\/#breadcrumb"},"inLanguage":"de","potentialAction":[{"@type":"ReadAction","target":["https:\/\/leregardlibre.com\/produit\/le-regard-libre-n-46\/"]}]},{"@type":"ImageObject","inLanguage":"de","@id":"https:\/\/leregardlibre.com\/produit\/le-regard-libre-n-46\/#primaryimage","url":"https:\/\/leregardlibre.com\/wp-content\/uploads\/2018\/11\/Une-RL-N\u00b0-46.jpeg","contentUrl":"https:\/\/leregardlibre.com\/wp-content\/uploads\/2018\/11\/Une-RL-N\u00b0-46.jpeg","width":905,"height":1280},{"@type":"BreadcrumbList","@id":"https:\/\/leregardlibre.com\/produit\/le-regard-libre-n-46\/#breadcrumb","itemListElement":[{"@type":"ListItem","position":1,"name":"Accueil","item":"https:\/\/leregardlibre.com\/"},{"@type":"ListItem","position":2,"name":"Boutique","item":"https:\/\/leregardlibre.com\/boutique\/"},{"@type":"ListItem","position":3,"name":"Le Regard Libre &#8211; N\u00b0\u00a046"}]},{"@type":"WebSite","@id":"https:\/\/leregardlibre.com\/#website","url":"https:\/\/leregardlibre.com\/","name":"Le Regard Libre","description":"Erste Schweizer Monatszeitschrift f\u00fcr Debatten","publisher":{"@id":"https:\/\/leregardlibre.com\/#organization"},"potentialAction":[{"@type":"SearchAction","target":{"@type":"EntryPoint","urlTemplate":"https:\/\/leregardlibre.com\/?s={search_term_string}"},"query-input":{"@type":"PropertyValueSpecification","valueRequired":true,"valueName":"search_term_string"}}],"inLanguage":"de"},{"@type":"Organization","@id":"https:\/\/leregardlibre.com\/#organization","name":"Le Regard Libre","url":"https:\/\/leregardlibre.com\/","logo":{"@type":"ImageObject","inLanguage":"de","@id":"https:\/\/leregardlibre.com\/#\/schema\/logo\/image\/","url":"https:\/\/leregardlibre.com\/wp-content\/uploads\/2025\/08\/logo-rl-icone-neg.jpeg","contentUrl":"https:\/\/leregardlibre.com\/wp-content\/uploads\/2025\/08\/logo-rl-icone-neg.jpeg","width":557,"height":556,"caption":"Le Regard Libre"},"image":{"@id":"https:\/\/leregardlibre.com\/#\/schema\/logo\/image\/"},"sameAs":["https:\/\/www.facebook.com\/leregardlibre\/","https:\/\/x.com\/LeRegardLibre","https:\/\/www.linkedin.com\/company\/le-regard-libre","https:\/\/www.instagram.com\/leregardlibre\/","http:\/\/t.me\/leregardlibre","https:\/\/youtube.com\/channel\/UC6HzGPomj1LsUmlz-sJtITQ"],"description":"Le Regard Libre ist eine Schweizer Monatszeitschrift f\u00fcr intellektuelle und kulturelle Debatten. Seine Redaktion ist jung, ehrenamtlich, liberal und pluralistisch. Das Magazin erscheint online und in gedruckter Form. Seine Sprache ist Franz\u00f6sisch.","email":"redaction@leregardlibre.com","legalName":"Le Regard Libre","foundingDate":"2014-01-01","numberOfEmployees":{"@type":"QuantitativeValue","minValue":"11","maxValue":"50"},"publishingPrinciples":"https:\/\/leregardlibre.com\/a-propos\/notre-manifeste\/","ownershipFundingInfo":"https:\/\/leregardlibre.com\/mentions-legales\/","actionableFeedbackPolicy":"https:\/\/leregardlibre.com\/conditions-generales-de-vente\/"}]}},"_links":{"self":[{"href":"https:\/\/leregardlibre.com\/de\/wp-json\/wp\/v2\/product\/17743","targetHints":{"allow":["GET"]}}],"collection":[{"href":"https:\/\/leregardlibre.com\/de\/wp-json\/wp\/v2\/product"}],"about":[{"href":"https:\/\/leregardlibre.com\/de\/wp-json\/wp\/v2\/types\/product"}],"replies":[{"embeddable":true,"href":"https:\/\/leregardlibre.com\/de\/wp-json\/wp\/v2\/comments?post=17743"}],"wp:featuredmedia":[{"embeddable":true,"href":"https:\/\/leregardlibre.com\/de\/wp-json\/wp\/v2\/media\/18033"}],"wp:attachment":[{"href":"https:\/\/leregardlibre.com\/de\/wp-json\/wp\/v2\/media?parent=17743"}],"wp:term":[{"taxonomy":"product_brand","embeddable":true,"href":"https:\/\/leregardlibre.com\/de\/wp-json\/wp\/v2\/product_brand?post=17743"},{"taxonomy":"product_cat","embeddable":true,"href":"https:\/\/leregardlibre.com\/de\/wp-json\/wp\/v2\/product_cat?post=17743"},{"taxonomy":"product_tag","embeddable":true,"href":"https:\/\/leregardlibre.com\/de\/wp-json\/wp\/v2\/product_tag?post=17743"}],"curies":[{"name":"wp","href":"https:\/\/api.w.org\/{rel}","templated":true}]}}