{"id":18255,"date":"2018-12-14T12:02:31","date_gmt":"2018-12-14T11:02:31","guid":{"rendered":"https:\/\/leregardlibre.com\/?post_type=product&#038;p=18255"},"modified":"2024-07-10T15:36:15","modified_gmt":"2024-07-10T13:36:15","slug":"der-freie-blick-n-45","status":"publish","type":"product","link":"https:\/\/leregardlibre.com\/de\/produkt\/der-freie-blick-n-45\/","title":{"rendered":"Le Regard Libre - Nr. 45"},"content":{"rendered":"<p>Papierexemplar<br \/>\nAusgabe vom Dezember 2019<br \/>\nSchickes Papiermagazinformat (68 Seiten)<\/p>\n<p>INHALT:<\/p>\n<p><span class=\"s1\"><i>03<\/i><\/span><b>\u00a0Editorial<br \/>\n<\/b><i>Football leaks<\/i>Eine Offenbarung, wirklich?<\/p>\n<p class=\"p1\"><span class=\"s1\"><i>04<\/i><\/span><b>\u00a0Pflege<br \/>\n<\/b>Facundo Agud\u00edn, ein hyperaktiver Dirigent<\/p>\n<p><span class=\"s1\"><i>09<\/i><\/span><b> Musik<br \/>\n<\/b>Das britische Duo Still Corners blieb auf Kurs<br \/>\nDas au\u00dfergew\u00f6hnliche posthume Album von Johnny Hallyday<\/p>\n<p><span class=\"s1\"><i>12<\/i><\/span><b> Politik<br \/>\n<\/b>Midterms, Donald Trump und das Ende des Imperiums<br \/>\n<b><\/b>Die Rivalin von Peking<\/p>\n<p><span class=\"s1\"><i>16<\/i><\/span><b> Literatur<br \/>\n<\/b>Treffen mit Claire May<br \/>\n<em>Die Murmeln des Pachinko<\/em> von Elisa Shua Dusapin<br \/>\n<em>Suzanne<\/em> oder nie aufh\u00f6ren, \u00abtrotzdem zu l\u00e4cheln\u00bb.\u00bb<br \/>\n<em>Ein tanzendes Volk kann man nicht aufhalten<\/em><\/p>\n<p><span class=\"s1\"><i>23<\/i><\/span><b> Philosophie<br \/>\n<\/b>Welche Sprache ist die beste?<br \/>\nSind wir freiwillig Sklaven?<\/p>\n<p class=\"p3\"><span class=\"s1\"><i>30<\/i><\/span><b> Wirtschaft<br \/>\n<\/b><em>Big Four<\/em>: Chronik eines Erfolgs<\/p>\n<p><span class=\"s1\"><i>32<\/i><\/span><b> Kino<br \/>\n<\/b>Interview mit Mikha\u00ebl Hers<br \/>\nUnsere traditionelle Filmkritik zu aktuellen Filmen<br \/>\nInterview mit Herv\u00e9 Mimran<\/p>\n<p class=\"p3\"><span class=\"s1\"><i>58<\/i><\/span><b> Fotografie<br \/>\n<\/b>Natur und Erforschung<br \/>\nDer Verschlei\u00df der Zeit<\/p>\n<p class=\"p3\"><span class=\"s1\"><i>63<\/i><\/span><b> Gastronomie<br \/>\n<\/b>Black Pig, ein Lokal und Kollabos, die es in sich haben<br \/>\nDie Celestial, ein vielversprechender Neuzugang<br \/>\nLa Nostra: Auf Ihr Wohl!<\/p>\n<p><span class=\"s1\"><i>66<\/i><\/span><b> Forum<br \/>\n<\/b>Houellebecq verheiratet: Die M\u00f6glichkeit einer Flucht<\/p>\n<p class=\"p3\"><span class=\"s1\"><i>68<\/i><\/span><b> Zitate<br \/>\n<\/b><\/p>","protected":false},"excerpt":{"rendered":"<p>Exemplaire papier Edition de d\u00e9cembre 2019 Format magazine papier chic (68 pages) SOMMAIRE: 03\u00a0Editorial Football leaks: une r\u00e9v\u00e9lation, vraiment? 04\u00a0Entretien&#8230;<\/p>","protected":false},"featured_media":18256,"comment_status":"open","ping_status":"closed","template":"","meta":{"_acf_changed":false},"product_brand":[],"product_cat":[644340392],"product_tag":[],"class_list":{"0":"post-18255","1":"product","2":"type-product","3":"status-publish","4":"has-post-thumbnail","6":"product_cat-numeros","8":"first","9":"instock","10":"shipping-taxable","11":"purchasable","12":"product-type-simple"},"acf":[],"yoast_head":"<!-- This site is optimized with the Yoast SEO Premium plugin v27.4 (Yoast SEO v27.4) - https:\/\/yoast.com\/product\/yoast-seo-premium-wordpress\/ -->\n<title>Le Regard Libre - N\u00b0\u00a045 | Le Regard Libre<\/title>\n<meta name=\"robots\" content=\"index, follow, max-snippet:-1, max-image-preview:large, max-video-preview:-1\" \/>\n<link rel=\"canonical\" href=\"https:\/\/leregardlibre.com\/de\/produkt\/der-freie-blick-n-45\/\" \/>\n<meta property=\"og:locale\" content=\"de_DE\" \/>\n<meta property=\"og:type\" content=\"article\" \/>\n<meta property=\"og:title\" content=\"Le Regard Libre - N\u00b0\u00a045\" \/>\n<meta property=\"og:description\" content=\"Exemplaire papier Edition de d\u00e9cembre 2019 Format magazine papier chic (68 pages) SOMMAIRE: 03\u00a0Editorial Football leaks: une r\u00e9v\u00e9lation, vraiment? 04\u00a0Entretien...\" \/>\n<meta property=\"og:url\" content=\"https:\/\/leregardlibre.com\/de\/produkt\/der-freie-blick-n-45\/\" \/>\n<meta property=\"og:site_name\" content=\"Le Regard Libre\" \/>\n<meta property=\"article:publisher\" content=\"https:\/\/www.facebook.com\/leregardlibre\/\" \/>\n<meta property=\"article:modified_time\" content=\"2024-07-10T13:36:15+00:00\" \/>\n<meta property=\"og:image\" content=\"https:\/\/leregardlibre.com\/wp-content\/uploads\/2018\/12\/Une-RL-N\u00b0-45-1.jpeg\" \/>\n\t<meta property=\"og:image:width\" content=\"1131\" \/>\n\t<meta property=\"og:image:height\" content=\"1600\" \/>\n\t<meta property=\"og:image:type\" content=\"image\/jpeg\" \/>\n<meta name=\"twitter:card\" content=\"summary_large_image\" \/>\n<meta name=\"twitter:site\" content=\"@LeRegardLibre\" \/>\n<meta name=\"twitter:label1\" content=\"Gesch\u00e4tzte Lesezeit\" \/>\n\t<meta name=\"twitter:data1\" content=\"1\u00a0Minute\" \/>\n<script type=\"application\/ld+json\" class=\"yoast-schema-graph\">{\"@context\":\"https:\\\/\\\/schema.org\",\"@graph\":[{\"@type\":\"WebPage\",\"@id\":\"https:\\\/\\\/leregardlibre.com\\\/produit\\\/le-regard-libre-n-45\\\/\",\"url\":\"https:\\\/\\\/leregardlibre.com\\\/produit\\\/le-regard-libre-n-45\\\/\",\"name\":\"Le Regard Libre - N\u00b0\u00a045 | Le Regard Libre\",\"isPartOf\":{\"@id\":\"https:\\\/\\\/leregardlibre.com\\\/#website\"},\"primaryImageOfPage\":{\"@id\":\"https:\\\/\\\/leregardlibre.com\\\/produit\\\/le-regard-libre-n-45\\\/#primaryimage\"},\"image\":{\"@id\":\"https:\\\/\\\/leregardlibre.com\\\/produit\\\/le-regard-libre-n-45\\\/#primaryimage\"},\"thumbnailUrl\":\"https:\\\/\\\/leregardlibre.com\\\/wp-content\\\/uploads\\\/2018\\\/12\\\/Une-RL-N\u00b0-45-1.jpeg\",\"datePublished\":\"2018-12-14T11:02:31+00:00\",\"dateModified\":\"2024-07-10T13:36:15+00:00\",\"breadcrumb\":{\"@id\":\"https:\\\/\\\/leregardlibre.com\\\/produit\\\/le-regard-libre-n-45\\\/#breadcrumb\"},\"inLanguage\":\"de\",\"potentialAction\":[{\"@type\":\"ReadAction\",\"target\":[\"https:\\\/\\\/leregardlibre.com\\\/produit\\\/le-regard-libre-n-45\\\/\"]}]},{\"@type\":\"ImageObject\",\"inLanguage\":\"de\",\"@id\":\"https:\\\/\\\/leregardlibre.com\\\/produit\\\/le-regard-libre-n-45\\\/#primaryimage\",\"url\":\"https:\\\/\\\/leregardlibre.com\\\/wp-content\\\/uploads\\\/2018\\\/12\\\/Une-RL-N\u00b0-45-1.jpeg\",\"contentUrl\":\"https:\\\/\\\/leregardlibre.com\\\/wp-content\\\/uploads\\\/2018\\\/12\\\/Une-RL-N\u00b0-45-1.jpeg\",\"width\":1131,\"height\":1600},{\"@type\":\"BreadcrumbList\",\"@id\":\"https:\\\/\\\/leregardlibre.com\\\/produit\\\/le-regard-libre-n-45\\\/#breadcrumb\",\"itemListElement\":[{\"@type\":\"ListItem\",\"position\":1,\"name\":\"Accueil\",\"item\":\"https:\\\/\\\/leregardlibre.com\\\/\"},{\"@type\":\"ListItem\",\"position\":2,\"name\":\"Boutique\",\"item\":\"https:\\\/\\\/leregardlibre.com\\\/boutique\\\/\"},{\"@type\":\"ListItem\",\"position\":3,\"name\":\"Le Regard Libre &#8211; N\u00b0\u00a045\"}]},{\"@type\":\"WebSite\",\"@id\":\"https:\\\/\\\/leregardlibre.com\\\/#website\",\"url\":\"https:\\\/\\\/leregardlibre.com\\\/\",\"name\":\"Le Regard Libre\",\"description\":\"Premier mensuel suisse de d\u00e9bat\",\"publisher\":{\"@id\":\"https:\\\/\\\/leregardlibre.com\\\/#organization\"},\"potentialAction\":[{\"@type\":\"SearchAction\",\"target\":{\"@type\":\"EntryPoint\",\"urlTemplate\":\"https:\\\/\\\/leregardlibre.com\\\/?s={search_term_string}\"},\"query-input\":{\"@type\":\"PropertyValueSpecification\",\"valueRequired\":true,\"valueName\":\"search_term_string\"}}],\"inLanguage\":\"de\"},{\"@type\":\"Organization\",\"@id\":\"https:\\\/\\\/leregardlibre.com\\\/#organization\",\"name\":\"Le Regard Libre\",\"url\":\"https:\\\/\\\/leregardlibre.com\\\/\",\"logo\":{\"@type\":\"ImageObject\",\"inLanguage\":\"de\",\"@id\":\"https:\\\/\\\/leregardlibre.com\\\/#\\\/schema\\\/logo\\\/image\\\/\",\"url\":\"https:\\\/\\\/leregardlibre.com\\\/wp-content\\\/uploads\\\/2025\\\/08\\\/logo-rl-icone-neg.jpeg\",\"contentUrl\":\"https:\\\/\\\/leregardlibre.com\\\/wp-content\\\/uploads\\\/2025\\\/08\\\/logo-rl-icone-neg.jpeg\",\"width\":557,\"height\":556,\"caption\":\"Le Regard Libre\"},\"image\":{\"@id\":\"https:\\\/\\\/leregardlibre.com\\\/#\\\/schema\\\/logo\\\/image\\\/\"},\"sameAs\":[\"https:\\\/\\\/www.facebook.com\\\/leregardlibre\\\/\",\"https:\\\/\\\/x.com\\\/LeRegardLibre\",\"https:\\\/\\\/www.linkedin.com\\\/company\\\/le-regard-libre\",\"https:\\\/\\\/www.instagram.com\\\/leregardlibre\\\/\",\"http:\\\/\\\/t.me\\\/leregardlibre\",\"https:\\\/\\\/youtube.com\\\/channel\\\/UC6HzGPomj1LsUmlz-sJtITQ\"],\"description\":\"Le Regard Libre est un mensuel suisse de d\u00e9bat intellectuel et culturel. Sa r\u00e9daction est jeune, b\u00e9n\u00e9vole, lib\u00e9rale et pluraliste. Le magazine para\u00eet en ligne et sous forme papier. Sa langue est le fran\u00e7ais.\",\"email\":\"redaction@leregardlibre.com\",\"legalName\":\"Le Regard Libre\",\"foundingDate\":\"2014-01-01\",\"numberOfEmployees\":{\"@type\":\"QuantitativeValue\",\"minValue\":\"11\",\"maxValue\":\"50\"},\"publishingPrinciples\":\"https:\\\/\\\/leregardlibre.com\\\/a-propos\\\/notre-manifeste\\\/\",\"ownershipFundingInfo\":\"https:\\\/\\\/leregardlibre.com\\\/mentions-legales\\\/\",\"actionableFeedbackPolicy\":\"https:\\\/\\\/leregardlibre.com\\\/conditions-generales-de-vente\\\/\"}]}<\/script>\n<!-- \/ Yoast SEO Premium plugin. -->","yoast_head_json":{"title":"Le Regard Libre - Nr. 45 | Le Regard Libre","robots":{"index":"index","follow":"follow","max-snippet":"max-snippet:-1","max-image-preview":"max-image-preview:large","max-video-preview":"max-video-preview:-1"},"canonical":"https:\/\/leregardlibre.com\/de\/produkt\/der-freie-blick-n-45\/","og_locale":"de_DE","og_type":"article","og_title":"Le Regard Libre - N\u00b0\u00a045","og_description":"Exemplaire papier Edition de d\u00e9cembre 2019 Format magazine papier chic (68 pages) SOMMAIRE: 03\u00a0Editorial Football leaks: une r\u00e9v\u00e9lation, vraiment? 04\u00a0Entretien...","og_url":"https:\/\/leregardlibre.com\/de\/produkt\/der-freie-blick-n-45\/","og_site_name":"Le Regard Libre","article_publisher":"https:\/\/www.facebook.com\/leregardlibre\/","article_modified_time":"2024-07-10T13:36:15+00:00","og_image":[{"width":1131,"height":1600,"url":"https:\/\/leregardlibre.com\/wp-content\/uploads\/2018\/12\/Une-RL-N\u00b0-45-1.jpeg","type":"image\/jpeg"}],"twitter_card":"summary_large_image","twitter_site":"@LeRegardLibre","twitter_misc":{"Gesch\u00e4tzte Lesezeit":"1\u00a0Minute"},"schema":{"@context":"https:\/\/schema.org","@graph":[{"@type":"WebPage","@id":"https:\/\/leregardlibre.com\/produit\/le-regard-libre-n-45\/","url":"https:\/\/leregardlibre.com\/produit\/le-regard-libre-n-45\/","name":"Le Regard Libre - Nr. 45 | Le Regard Libre","isPartOf":{"@id":"https:\/\/leregardlibre.com\/#website"},"primaryImageOfPage":{"@id":"https:\/\/leregardlibre.com\/produit\/le-regard-libre-n-45\/#primaryimage"},"image":{"@id":"https:\/\/leregardlibre.com\/produit\/le-regard-libre-n-45\/#primaryimage"},"thumbnailUrl":"https:\/\/leregardlibre.com\/wp-content\/uploads\/2018\/12\/Une-RL-N\u00b0-45-1.jpeg","datePublished":"2018-12-14T11:02:31+00:00","dateModified":"2024-07-10T13:36:15+00:00","breadcrumb":{"@id":"https:\/\/leregardlibre.com\/produit\/le-regard-libre-n-45\/#breadcrumb"},"inLanguage":"de","potentialAction":[{"@type":"ReadAction","target":["https:\/\/leregardlibre.com\/produit\/le-regard-libre-n-45\/"]}]},{"@type":"ImageObject","inLanguage":"de","@id":"https:\/\/leregardlibre.com\/produit\/le-regard-libre-n-45\/#primaryimage","url":"https:\/\/leregardlibre.com\/wp-content\/uploads\/2018\/12\/Une-RL-N\u00b0-45-1.jpeg","contentUrl":"https:\/\/leregardlibre.com\/wp-content\/uploads\/2018\/12\/Une-RL-N\u00b0-45-1.jpeg","width":1131,"height":1600},{"@type":"BreadcrumbList","@id":"https:\/\/leregardlibre.com\/produit\/le-regard-libre-n-45\/#breadcrumb","itemListElement":[{"@type":"ListItem","position":1,"name":"Accueil","item":"https:\/\/leregardlibre.com\/"},{"@type":"ListItem","position":2,"name":"Boutique","item":"https:\/\/leregardlibre.com\/boutique\/"},{"@type":"ListItem","position":3,"name":"Le Regard Libre &#8211; N\u00b0\u00a045"}]},{"@type":"WebSite","@id":"https:\/\/leregardlibre.com\/#website","url":"https:\/\/leregardlibre.com\/","name":"Le Regard Libre","description":"Erste Schweizer Monatszeitschrift f\u00fcr Debatten","publisher":{"@id":"https:\/\/leregardlibre.com\/#organization"},"potentialAction":[{"@type":"SearchAction","target":{"@type":"EntryPoint","urlTemplate":"https:\/\/leregardlibre.com\/?s={search_term_string}"},"query-input":{"@type":"PropertyValueSpecification","valueRequired":true,"valueName":"search_term_string"}}],"inLanguage":"de"},{"@type":"Organization","@id":"https:\/\/leregardlibre.com\/#organization","name":"Le Regard Libre","url":"https:\/\/leregardlibre.com\/","logo":{"@type":"ImageObject","inLanguage":"de","@id":"https:\/\/leregardlibre.com\/#\/schema\/logo\/image\/","url":"https:\/\/leregardlibre.com\/wp-content\/uploads\/2025\/08\/logo-rl-icone-neg.jpeg","contentUrl":"https:\/\/leregardlibre.com\/wp-content\/uploads\/2025\/08\/logo-rl-icone-neg.jpeg","width":557,"height":556,"caption":"Le Regard Libre"},"image":{"@id":"https:\/\/leregardlibre.com\/#\/schema\/logo\/image\/"},"sameAs":["https:\/\/www.facebook.com\/leregardlibre\/","https:\/\/x.com\/LeRegardLibre","https:\/\/www.linkedin.com\/company\/le-regard-libre","https:\/\/www.instagram.com\/leregardlibre\/","http:\/\/t.me\/leregardlibre","https:\/\/youtube.com\/channel\/UC6HzGPomj1LsUmlz-sJtITQ"],"description":"Le Regard Libre ist eine Schweizer Monatszeitschrift f\u00fcr intellektuelle und kulturelle Debatten. Seine Redaktion ist jung, ehrenamtlich, liberal und pluralistisch. Das Magazin erscheint online und in gedruckter Form. Seine Sprache ist Franz\u00f6sisch.","email":"redaction@leregardlibre.com","legalName":"Le Regard Libre","foundingDate":"2014-01-01","numberOfEmployees":{"@type":"QuantitativeValue","minValue":"11","maxValue":"50"},"publishingPrinciples":"https:\/\/leregardlibre.com\/a-propos\/notre-manifeste\/","ownershipFundingInfo":"https:\/\/leregardlibre.com\/mentions-legales\/","actionableFeedbackPolicy":"https:\/\/leregardlibre.com\/conditions-generales-de-vente\/"}]}},"_links":{"self":[{"href":"https:\/\/leregardlibre.com\/de\/wp-json\/wp\/v2\/product\/18255","targetHints":{"allow":["GET"]}}],"collection":[{"href":"https:\/\/leregardlibre.com\/de\/wp-json\/wp\/v2\/product"}],"about":[{"href":"https:\/\/leregardlibre.com\/de\/wp-json\/wp\/v2\/types\/product"}],"replies":[{"embeddable":true,"href":"https:\/\/leregardlibre.com\/de\/wp-json\/wp\/v2\/comments?post=18255"}],"wp:featuredmedia":[{"embeddable":true,"href":"https:\/\/leregardlibre.com\/de\/wp-json\/wp\/v2\/media\/18256"}],"wp:attachment":[{"href":"https:\/\/leregardlibre.com\/de\/wp-json\/wp\/v2\/media?parent=18255"}],"wp:term":[{"taxonomy":"product_brand","embeddable":true,"href":"https:\/\/leregardlibre.com\/de\/wp-json\/wp\/v2\/product_brand?post=18255"},{"taxonomy":"product_cat","embeddable":true,"href":"https:\/\/leregardlibre.com\/de\/wp-json\/wp\/v2\/product_cat?post=18255"},{"taxonomy":"product_tag","embeddable":true,"href":"https:\/\/leregardlibre.com\/de\/wp-json\/wp\/v2\/product_tag?post=18255"}],"curies":[{"name":"wp","href":"https:\/\/api.w.org\/{rel}","templated":true}]}}