{"id":19953,"date":"2019-03-19T20:48:54","date_gmt":"2019-03-19T19:48:54","guid":{"rendered":"https:\/\/leregardlibre.com\/?post_type=product&#038;p=19953"},"modified":"2024-07-10T15:45:15","modified_gmt":"2024-07-10T13:45:15","slug":"der-freie-blick-n-49","status":"publish","type":"product","link":"https:\/\/leregardlibre.com\/de\/produkt\/der-freie-blick-n-49\/","title":{"rendered":"Le Regard Libre - Nr. 49"},"content":{"rendered":"<p>Papierexemplar<br \/>\nAusgabe vom April 2019<br \/>\nSchickes Papiermagazinformat (68 Seiten)<\/p>\n<p>INHALT:<\/p>\n<p><span class=\"s1\"><i>03<\/i><\/span><b>\u00a0Editorial<br \/>\n<\/b>Galanterie, Machismo und Gleichg\u00fcltigkeit<\/p>\n<p class=\"p1\"><span class=\"s1\"><i>04<\/i><\/span><b> Pflege<br \/>\n<\/b>Pierre-Andr\u00e9 Perrin \u00f6ffnet uns die T\u00fcren des Klangmuseums<\/p>\n<p class=\"p1\"><span class=\"s1\"><i>08<\/i><\/span><b> Musik<br \/>\n<\/b>Spotify oder Bandcamp: Die Entscheidung f\u00fcr die Industrie oder die Musik<br \/>\nDie ruhigen Lieder des verstorbenen Nino Ferrer<br \/>\n1969: Johnny Hallydays psychedelischer Blues<\/p>\n<p class=\"p1\"><span class=\"s1\"><i>15<\/i><\/span>\u00a0<strong>Politik<br \/>\n<\/strong>Narendra Modi und die Wahlen in Indien<br \/>\nEin gerechter Frieden oder nur Frieden<\/p>\n<p class=\"p1\"><span class=\"s1\"><i>20<\/i><\/span><b>\u00a0Literatur<br \/>\n<\/b>Die <i>Arpeggios<\/i> einer Freundschaft, zwischen Buchstaben und Farben<br \/>\nMichel Houellebecq : <i>Serotonin<br \/>\n<\/i>Didier Burkhalter Schriftsteller<br \/>\n\u00dcberblick \u00fcber einige wichtige Literaturpreise, #3<br \/>\nDie Westschweizer Buchmesse in Zeichnungen<br \/>\nDer verschlungene Weg der Eltern autistischer Kinder<\/p>\n<p class=\"p1\"><span class=\"s1\"><i>42<\/i><\/span><b> Philosophie<br \/>\n<\/b>Was ist die Philosophie? Eine, undiszipliniert, ohne Kunst und Anteil<\/p>\n<p class=\"p1\"><span class=\"s1\"><i>44<\/i><\/span><b> Kino<br \/>\n<\/b>Unsere traditionelle Filmkritik zu aktuellen Filmen<br \/>\n<i>Coda<\/i>, Musik als Therapie<\/p>\n<p class=\"p1\"><span class=\"s1\"><i>54<\/i><\/span><b> Fotografie<br \/>\n<\/b><i>Nobody<\/i><\/p>\n<p class=\"p1\"><span class=\"s1\"><i>58<\/i><\/span><b> Theater<br \/>\n<\/b>Das Klagelied des Kriegers<\/p>\n<p class=\"p1\"><span class=\"s1\"><i>60<\/i><\/span><b> <\/b><strong>Gastronomie<br \/>\n<\/strong>Die thail\u00e4ndische K\u00fcche, Variationen rund um die Chilischote<br \/>\nBiere ersetzen Wein im Restaurant<\/p>\n<p><span class=\"s1\"><i>64<\/i><\/span><b>\u00a0<\/b><strong>Leserbriefe<br \/>\n<\/strong><\/p>\n<p><span class=\"s1\"><i>66<\/i><\/span><b>\u00a0<\/b><strong>Zitate<\/strong><\/p>\n<p><span class=\"s1\"><i>68<\/i><\/span><b>\u00a0<\/b><strong>Die Zeichnungen von Nicolas Locatelli<\/strong><\/p>","protected":false},"excerpt":{"rendered":"<p>Exemplaire papier Edition d&#8217;avril 2019 Format magazine papier chic (68 pages) SOMMAIRE: 03\u00a0Editorial Galanterie, machisme et indiff\u00e9rence 04 Entretien Pierre-Andr\u00e9&#8230;<\/p>","protected":false},"featured_media":19954,"comment_status":"open","ping_status":"closed","template":"","meta":{"_acf_changed":false},"product_brand":[],"product_cat":[644340392],"product_tag":[],"class_list":{"0":"post-19953","1":"product","2":"type-product","3":"status-publish","4":"has-post-thumbnail","6":"product_cat-numeros","8":"first","9":"instock","10":"shipping-taxable","11":"purchasable","12":"product-type-simple"},"acf":[],"yoast_head":"<!-- This site is optimized with the Yoast SEO Premium plugin v26.9 (Yoast SEO v26.9) - https:\/\/yoast.com\/product\/yoast-seo-premium-wordpress\/ -->\n<title>Le Regard Libre - N\u00b0\u00a049 | Le Regard Libre<\/title>\n<meta name=\"robots\" content=\"index, follow, max-snippet:-1, max-image-preview:large, max-video-preview:-1\" \/>\n<link rel=\"canonical\" href=\"https:\/\/leregardlibre.com\/de\/produkt\/der-freie-blick-n-49\/\" \/>\n<meta property=\"og:locale\" content=\"de_DE\" \/>\n<meta property=\"og:type\" content=\"article\" \/>\n<meta property=\"og:title\" content=\"Le Regard Libre - N\u00b0\u00a049\" \/>\n<meta property=\"og:description\" content=\"Exemplaire papier Edition d&#039;avril 2019 Format magazine papier chic (68 pages) SOMMAIRE: 03\u00a0Editorial Galanterie, machisme et indiff\u00e9rence 04 Entretien Pierre-Andr\u00e9...\" \/>\n<meta property=\"og:url\" content=\"https:\/\/leregardlibre.com\/de\/produkt\/der-freie-blick-n-49\/\" \/>\n<meta property=\"og:site_name\" content=\"Le Regard Libre\" \/>\n<meta property=\"article:publisher\" content=\"https:\/\/www.facebook.com\/leregardlibre\/\" \/>\n<meta property=\"article:modified_time\" content=\"2024-07-10T13:45:15+00:00\" \/>\n<meta property=\"og:image\" content=\"https:\/\/leregardlibre.com\/wp-content\/uploads\/2019\/03\/Une-RL-N\u00b0-49-724x1024.jpg\" \/>\n\t<meta property=\"og:image:width\" content=\"724\" \/>\n\t<meta property=\"og:image:height\" content=\"1024\" \/>\n\t<meta property=\"og:image:type\" content=\"image\/jpeg\" \/>\n<meta name=\"twitter:card\" content=\"summary_large_image\" \/>\n<meta name=\"twitter:site\" content=\"@LeRegardLibre\" \/>\n<meta name=\"twitter:label1\" content=\"Gesch\u00e4tzte Lesezeit\" \/>\n\t<meta name=\"twitter:data1\" content=\"1\u00a0Minute\" \/>\n<script type=\"application\/ld+json\" class=\"yoast-schema-graph\">{\"@context\":\"https:\/\/schema.org\",\"@graph\":[{\"@type\":\"WebPage\",\"@id\":\"https:\/\/leregardlibre.com\/produit\/le-regard-libre-n-49\/\",\"url\":\"https:\/\/leregardlibre.com\/produit\/le-regard-libre-n-49\/\",\"name\":\"Le Regard Libre - N\u00b0\u00a049 | Le Regard Libre\",\"isPartOf\":{\"@id\":\"https:\/\/leregardlibre.com\/#website\"},\"primaryImageOfPage\":{\"@id\":\"https:\/\/leregardlibre.com\/produit\/le-regard-libre-n-49\/#primaryimage\"},\"image\":{\"@id\":\"https:\/\/leregardlibre.com\/produit\/le-regard-libre-n-49\/#primaryimage\"},\"thumbnailUrl\":\"https:\/\/leregardlibre.com\/wp-content\/uploads\/2019\/03\/Une-RL-N\u00b0-49-scaled.jpg\",\"datePublished\":\"2019-03-19T19:48:54+00:00\",\"dateModified\":\"2024-07-10T13:45:15+00:00\",\"breadcrumb\":{\"@id\":\"https:\/\/leregardlibre.com\/produit\/le-regard-libre-n-49\/#breadcrumb\"},\"inLanguage\":\"de\",\"potentialAction\":[{\"@type\":\"ReadAction\",\"target\":[\"https:\/\/leregardlibre.com\/produit\/le-regard-libre-n-49\/\"]}]},{\"@type\":\"ImageObject\",\"inLanguage\":\"de\",\"@id\":\"https:\/\/leregardlibre.com\/produit\/le-regard-libre-n-49\/#primaryimage\",\"url\":\"https:\/\/leregardlibre.com\/wp-content\/uploads\/2019\/03\/Une-RL-N\u00b0-49-scaled.jpg\",\"contentUrl\":\"https:\/\/leregardlibre.com\/wp-content\/uploads\/2019\/03\/Une-RL-N\u00b0-49-scaled.jpg\",\"width\":4961,\"height\":7016},{\"@type\":\"BreadcrumbList\",\"@id\":\"https:\/\/leregardlibre.com\/produit\/le-regard-libre-n-49\/#breadcrumb\",\"itemListElement\":[{\"@type\":\"ListItem\",\"position\":1,\"name\":\"Accueil\",\"item\":\"https:\/\/leregardlibre.com\/\"},{\"@type\":\"ListItem\",\"position\":2,\"name\":\"Boutique\",\"item\":\"https:\/\/leregardlibre.com\/boutique\/\"},{\"@type\":\"ListItem\",\"position\":3,\"name\":\"Le Regard Libre &#8211; N\u00b0\u00a049\"}]},{\"@type\":\"WebSite\",\"@id\":\"https:\/\/leregardlibre.com\/#website\",\"url\":\"https:\/\/leregardlibre.com\/\",\"name\":\"Le Regard Libre\",\"description\":\"Premier mensuel suisse de d\u00e9bat\",\"publisher\":{\"@id\":\"https:\/\/leregardlibre.com\/#organization\"},\"potentialAction\":[{\"@type\":\"SearchAction\",\"target\":{\"@type\":\"EntryPoint\",\"urlTemplate\":\"https:\/\/leregardlibre.com\/?s={search_term_string}\"},\"query-input\":{\"@type\":\"PropertyValueSpecification\",\"valueRequired\":true,\"valueName\":\"search_term_string\"}}],\"inLanguage\":\"de\"},{\"@type\":\"Organization\",\"@id\":\"https:\/\/leregardlibre.com\/#organization\",\"name\":\"Le Regard Libre\",\"url\":\"https:\/\/leregardlibre.com\/\",\"logo\":{\"@type\":\"ImageObject\",\"inLanguage\":\"de\",\"@id\":\"https:\/\/leregardlibre.com\/#\/schema\/logo\/image\/\",\"url\":\"https:\/\/leregardlibre.com\/wp-content\/uploads\/2025\/08\/logo-rl-icone-neg.jpeg\",\"contentUrl\":\"https:\/\/leregardlibre.com\/wp-content\/uploads\/2025\/08\/logo-rl-icone-neg.jpeg\",\"width\":557,\"height\":556,\"caption\":\"Le Regard Libre\"},\"image\":{\"@id\":\"https:\/\/leregardlibre.com\/#\/schema\/logo\/image\/\"},\"sameAs\":[\"https:\/\/www.facebook.com\/leregardlibre\/\",\"https:\/\/x.com\/LeRegardLibre\",\"https:\/\/www.linkedin.com\/company\/le-regard-libre\",\"https:\/\/www.instagram.com\/leregardlibre\/\",\"http:\/\/t.me\/leregardlibre\",\"https:\/\/youtube.com\/channel\/UC6HzGPomj1LsUmlz-sJtITQ\"],\"description\":\"Le Regard Libre est un mensuel suisse de d\u00e9bat intellectuel et culturel. Sa r\u00e9daction est jeune, b\u00e9n\u00e9vole, lib\u00e9rale et pluraliste. Le magazine para\u00eet en ligne et sous forme papier. Sa langue est le fran\u00e7ais.\",\"email\":\"redaction@leregardlibre.com\",\"legalName\":\"Le Regard Libre\",\"foundingDate\":\"2014-01-01\",\"numberOfEmployees\":{\"@type\":\"QuantitativeValue\",\"minValue\":\"11\",\"maxValue\":\"50\"},\"publishingPrinciples\":\"https:\/\/leregardlibre.com\/a-propos\/notre-manifeste\/\",\"ownershipFundingInfo\":\"https:\/\/leregardlibre.com\/mentions-legales\/\",\"actionableFeedbackPolicy\":\"https:\/\/leregardlibre.com\/conditions-generales-de-vente\/\"}]}<\/script>\n<!-- \/ Yoast SEO Premium plugin. -->","yoast_head_json":{"title":"Le Regard Libre - Nr. 49 | Le Regard Libre","robots":{"index":"index","follow":"follow","max-snippet":"max-snippet:-1","max-image-preview":"max-image-preview:large","max-video-preview":"max-video-preview:-1"},"canonical":"https:\/\/leregardlibre.com\/de\/produkt\/der-freie-blick-n-49\/","og_locale":"de_DE","og_type":"article","og_title":"Le Regard Libre - N\u00b0\u00a049","og_description":"Exemplaire papier Edition d'avril 2019 Format magazine papier chic (68 pages) SOMMAIRE: 03\u00a0Editorial Galanterie, machisme et indiff\u00e9rence 04 Entretien Pierre-Andr\u00e9...","og_url":"https:\/\/leregardlibre.com\/de\/produkt\/der-freie-blick-n-49\/","og_site_name":"Le Regard Libre","article_publisher":"https:\/\/www.facebook.com\/leregardlibre\/","article_modified_time":"2024-07-10T13:45:15+00:00","og_image":[{"width":724,"height":1024,"url":"https:\/\/leregardlibre.com\/wp-content\/uploads\/2019\/03\/Une-RL-N\u00b0-49-724x1024.jpg","type":"image\/jpeg"}],"twitter_card":"summary_large_image","twitter_site":"@LeRegardLibre","twitter_misc":{"Gesch\u00e4tzte Lesezeit":"1\u00a0Minute"},"schema":{"@context":"https:\/\/schema.org","@graph":[{"@type":"WebPage","@id":"https:\/\/leregardlibre.com\/produit\/le-regard-libre-n-49\/","url":"https:\/\/leregardlibre.com\/produit\/le-regard-libre-n-49\/","name":"Le Regard Libre - Nr. 49 | Le Regard Libre","isPartOf":{"@id":"https:\/\/leregardlibre.com\/#website"},"primaryImageOfPage":{"@id":"https:\/\/leregardlibre.com\/produit\/le-regard-libre-n-49\/#primaryimage"},"image":{"@id":"https:\/\/leregardlibre.com\/produit\/le-regard-libre-n-49\/#primaryimage"},"thumbnailUrl":"https:\/\/leregardlibre.com\/wp-content\/uploads\/2019\/03\/Une-RL-N\u00b0-49-scaled.jpg","datePublished":"2019-03-19T19:48:54+00:00","dateModified":"2024-07-10T13:45:15+00:00","breadcrumb":{"@id":"https:\/\/leregardlibre.com\/produit\/le-regard-libre-n-49\/#breadcrumb"},"inLanguage":"de","potentialAction":[{"@type":"ReadAction","target":["https:\/\/leregardlibre.com\/produit\/le-regard-libre-n-49\/"]}]},{"@type":"ImageObject","inLanguage":"de","@id":"https:\/\/leregardlibre.com\/produit\/le-regard-libre-n-49\/#primaryimage","url":"https:\/\/leregardlibre.com\/wp-content\/uploads\/2019\/03\/Une-RL-N\u00b0-49-scaled.jpg","contentUrl":"https:\/\/leregardlibre.com\/wp-content\/uploads\/2019\/03\/Une-RL-N\u00b0-49-scaled.jpg","width":4961,"height":7016},{"@type":"BreadcrumbList","@id":"https:\/\/leregardlibre.com\/produit\/le-regard-libre-n-49\/#breadcrumb","itemListElement":[{"@type":"ListItem","position":1,"name":"Accueil","item":"https:\/\/leregardlibre.com\/"},{"@type":"ListItem","position":2,"name":"Boutique","item":"https:\/\/leregardlibre.com\/boutique\/"},{"@type":"ListItem","position":3,"name":"Le Regard Libre &#8211; N\u00b0\u00a049"}]},{"@type":"WebSite","@id":"https:\/\/leregardlibre.com\/#website","url":"https:\/\/leregardlibre.com\/","name":"Le Regard Libre","description":"Erste Schweizer Monatszeitschrift f\u00fcr Debatten","publisher":{"@id":"https:\/\/leregardlibre.com\/#organization"},"potentialAction":[{"@type":"SearchAction","target":{"@type":"EntryPoint","urlTemplate":"https:\/\/leregardlibre.com\/?s={search_term_string}"},"query-input":{"@type":"PropertyValueSpecification","valueRequired":true,"valueName":"search_term_string"}}],"inLanguage":"de"},{"@type":"Organization","@id":"https:\/\/leregardlibre.com\/#organization","name":"Le Regard Libre","url":"https:\/\/leregardlibre.com\/","logo":{"@type":"ImageObject","inLanguage":"de","@id":"https:\/\/leregardlibre.com\/#\/schema\/logo\/image\/","url":"https:\/\/leregardlibre.com\/wp-content\/uploads\/2025\/08\/logo-rl-icone-neg.jpeg","contentUrl":"https:\/\/leregardlibre.com\/wp-content\/uploads\/2025\/08\/logo-rl-icone-neg.jpeg","width":557,"height":556,"caption":"Le Regard Libre"},"image":{"@id":"https:\/\/leregardlibre.com\/#\/schema\/logo\/image\/"},"sameAs":["https:\/\/www.facebook.com\/leregardlibre\/","https:\/\/x.com\/LeRegardLibre","https:\/\/www.linkedin.com\/company\/le-regard-libre","https:\/\/www.instagram.com\/leregardlibre\/","http:\/\/t.me\/leregardlibre","https:\/\/youtube.com\/channel\/UC6HzGPomj1LsUmlz-sJtITQ"],"description":"Le Regard Libre ist eine Schweizer Monatszeitschrift f\u00fcr intellektuelle und kulturelle Debatten. Seine Redaktion ist jung, ehrenamtlich, liberal und pluralistisch. Das Magazin erscheint online und in gedruckter Form. Seine Sprache ist Franz\u00f6sisch.","email":"redaction@leregardlibre.com","legalName":"Le Regard Libre","foundingDate":"2014-01-01","numberOfEmployees":{"@type":"QuantitativeValue","minValue":"11","maxValue":"50"},"publishingPrinciples":"https:\/\/leregardlibre.com\/a-propos\/notre-manifeste\/","ownershipFundingInfo":"https:\/\/leregardlibre.com\/mentions-legales\/","actionableFeedbackPolicy":"https:\/\/leregardlibre.com\/conditions-generales-de-vente\/"}]}},"_links":{"self":[{"href":"https:\/\/leregardlibre.com\/de\/wp-json\/wp\/v2\/product\/19953","targetHints":{"allow":["GET"]}}],"collection":[{"href":"https:\/\/leregardlibre.com\/de\/wp-json\/wp\/v2\/product"}],"about":[{"href":"https:\/\/leregardlibre.com\/de\/wp-json\/wp\/v2\/types\/product"}],"replies":[{"embeddable":true,"href":"https:\/\/leregardlibre.com\/de\/wp-json\/wp\/v2\/comments?post=19953"}],"wp:featuredmedia":[{"embeddable":true,"href":"https:\/\/leregardlibre.com\/de\/wp-json\/wp\/v2\/media\/19954"}],"wp:attachment":[{"href":"https:\/\/leregardlibre.com\/de\/wp-json\/wp\/v2\/media?parent=19953"}],"wp:term":[{"taxonomy":"product_brand","embeddable":true,"href":"https:\/\/leregardlibre.com\/de\/wp-json\/wp\/v2\/product_brand?post=19953"},{"taxonomy":"product_cat","embeddable":true,"href":"https:\/\/leregardlibre.com\/de\/wp-json\/wp\/v2\/product_cat?post=19953"},{"taxonomy":"product_tag","embeddable":true,"href":"https:\/\/leregardlibre.com\/de\/wp-json\/wp\/v2\/product_tag?post=19953"}],"curies":[{"name":"wp","href":"https:\/\/api.w.org\/{rel}","templated":true}]}}