{"id":32023,"date":"2020-03-15T12:03:00","date_gmt":"2020-03-15T11:03:00","guid":{"rendered":"https:\/\/leregardlibre.com\/?post_type=product&#038;p=32023"},"modified":"2024-07-10T16:57:16","modified_gmt":"2024-07-10T14:57:16","slug":"der-freie-blick-nr-60","status":"publish","type":"product","link":"https:\/\/leregardlibre.com\/de\/produkt\/der-freie-blick-nr-60\/","title":{"rendered":"Le Regard Libre - Nr. 60"},"content":{"rendered":"<p>Papierexemplar<br \/>\nAusgabe vom M\u00e4rz 2020<br \/>\nSchickes Papiermagazinformat (68 Seiten)<\/p>\n<hr \/>\n<p>INHALT:<\/p>\n<p class=\"p1\"><span class=\"s1\"><i>04<\/i><\/span> <b>Chronik<br \/>\n<\/b>Die Welt nach Laure Mi Hyun Croset<\/p>\n<p class=\"p3\"><span class=\"s1\"><i>05<\/i><\/span> <b>Editorial<br \/>\n<\/b>Meinung und Reflexion<\/p>\n<p class=\"p3\"><span class=\"s1\"><i>06<\/i><\/span> <b>Pflege<br \/>\n<\/b>Jean-Marie Rouart: \u00abDer gr\u00f6\u00dfte Reichtum eines Menschen sind seine Misserfolge\u00bb.\u00bb<\/p>\n<p class=\"p3\"><span class=\"s1\"><i>10<\/i><\/span> <b>Politik<br \/>\n<\/b>Stadt-Land-Graben: Eine L\u00f6sung nach dem Vorbild des Berner Jura?<br \/>\nWas hat der Brexit in Europa bereits ver\u00e4ndert?<\/p>\n<p class=\"p3\"><span class=\"s1\"><i>14<\/i><\/span> <b>Wirtschaft<br \/>\n<\/b>Die <i>Blockchain<\/i>, Die Revolution des 21.<sup>.<\/sup> Jahrhundert<\/p>\n<p class=\"p3\"><span class=\"s1\"><i>16<\/i><\/span> <b>Literatur<br \/>\n<\/b>Schlechte B\u00fccher, diese Plage<br \/>\nWenn lesbische Leidenschaft zum Briefwechsel wird<br \/>\nWenn Jean Echenoz uns eine echte literarische Sternstunde beschert<\/p>\n<p class=\"p3\"><span class=\"s1\"><i>24<\/i><\/span> <b>Kunstgeschichte<br \/>\n<\/b>Gauguin, von der Provokation zur Sch\u00f6nheit<\/p>\n<p class=\"p3\"><span class=\"s1\"><i>30<\/i><\/span> <b>Spezial-Dossier <i>Joker<br \/>\n<\/i><\/b>Joker auf dem Weg zur Freiheit<br \/>\nDrei Filme, drei Schauspieler, ein Joker<br \/>\nJoker, stellvertretend f\u00fcr unsere politische Distanz<\/p>\n<p class=\"p5\"><span class=\"s1\"><i>40<\/i><\/span> <b>Kino<br \/>\n<\/b>Tartuffe in Polen<br \/>\n<i>Skandal<\/i> macht L\u00e4rm, aber zu Recht?<br \/>\n<i>Roma<\/i>, Cuarons, Fellinis und meine eigenen Erinnerungen<\/p>\n<p class=\"p5\"><span class=\"s1\"><i>49<\/i><\/span> <b>Forum<br \/>\n<\/b>Die Autorit\u00e4t der Demokratien<br \/>\nEhe = Liebe?<\/p>\n<p class=\"p5\"><span class=\"s1\"><i>54<\/i><\/span> <b>Theater<br \/>\n<\/b><i>Silva<\/i> und <i>Voodoo Sandwich<\/i>,<span class=\"Apple-converted-space\">\u00a0<\/span>zeitgen\u00f6ssisches Theater und die Vermischung der K\u00fcnste<\/p>\n<p class=\"p5\"><span class=\"s1\"><i>58<\/i><\/span> <b>Sport<br \/>\n<\/b>No\u00e9mi Girardet, die Nationalstaffel als (zweiter) olympischer Traum<\/p>\n<p class=\"p3\"><span class=\"s1\"><i>62<\/i><\/span> <b>Fotografie<br \/>\n<\/b><i>Signal<\/i>, von Indra Crittin<\/p>\n<p class=\"p3\"><span class=\"s1\"><i>68<\/i><\/span> <b>Zitate<\/b><\/p>","protected":false},"excerpt":{"rendered":"<p>Exemplaire papier Edition de mars 2020 Format magazine papier chic (68 pages) SOMMAIRE: 04 Chronique Le monde selon Laure Mi&#8230;<\/p>","protected":false},"featured_media":32025,"comment_status":"open","ping_status":"closed","template":"","meta":{"_acf_changed":false},"product_brand":[],"product_cat":[644340392],"product_tag":[],"class_list":{"0":"post-32023","1":"product","2":"type-product","3":"status-publish","4":"has-post-thumbnail","6":"product_cat-numeros","8":"first","9":"instock","10":"shipping-taxable","11":"purchasable","12":"product-type-simple"},"acf":[],"yoast_head":"<!-- This site is optimized with the Yoast SEO Premium plugin v27.4 (Yoast SEO v27.4) - https:\/\/yoast.com\/product\/yoast-seo-premium-wordpress\/ -->\n<title>Le Regard Libre - N\u00ba 60 | Le Regard Libre<\/title>\n<meta name=\"robots\" content=\"index, follow, max-snippet:-1, max-image-preview:large, max-video-preview:-1\" \/>\n<link rel=\"canonical\" href=\"https:\/\/leregardlibre.com\/de\/produkt\/der-freie-blick-nr-60\/\" \/>\n<meta property=\"og:locale\" content=\"de_DE\" \/>\n<meta property=\"og:type\" content=\"article\" \/>\n<meta property=\"og:title\" content=\"Le Regard Libre - N\u00ba 60\" \/>\n<meta property=\"og:description\" content=\"Exemplaire papier Edition de mars 2020 Format magazine papier chic (68 pages) SOMMAIRE: 04 Chronique Le monde selon Laure Mi...\" \/>\n<meta property=\"og:url\" content=\"https:\/\/leregardlibre.com\/de\/produkt\/der-freie-blick-nr-60\/\" \/>\n<meta property=\"og:site_name\" content=\"Le Regard Libre\" \/>\n<meta property=\"article:publisher\" content=\"https:\/\/www.facebook.com\/leregardlibre\/\" \/>\n<meta property=\"article:modified_time\" content=\"2024-07-10T14:57:16+00:00\" \/>\n<meta property=\"og:image\" content=\"https:\/\/leregardlibre.com\/wp-content\/uploads\/2020\/03\/Une-RL-N\u00b0-60-scaled.jpg\" \/>\n\t<meta property=\"og:image:width\" content=\"1810\" \/>\n\t<meta property=\"og:image:height\" content=\"2560\" \/>\n\t<meta property=\"og:image:type\" content=\"image\/jpeg\" \/>\n<meta name=\"twitter:card\" content=\"summary_large_image\" \/>\n<meta name=\"twitter:site\" content=\"@LeRegardLibre\" \/>\n<meta name=\"twitter:label1\" content=\"Gesch\u00e4tzte Lesezeit\" \/>\n\t<meta name=\"twitter:data1\" content=\"1\u00a0Minute\" \/>\n<script type=\"application\/ld+json\" class=\"yoast-schema-graph\">{\"@context\":\"https:\\\/\\\/schema.org\",\"@graph\":[{\"@type\":\"WebPage\",\"@id\":\"https:\\\/\\\/leregardlibre.com\\\/produit\\\/le-regard-libre-no-60\\\/\",\"url\":\"https:\\\/\\\/leregardlibre.com\\\/produit\\\/le-regard-libre-no-60\\\/\",\"name\":\"Le Regard Libre - N\u00ba 60 | Le Regard Libre\",\"isPartOf\":{\"@id\":\"https:\\\/\\\/leregardlibre.com\\\/#website\"},\"primaryImageOfPage\":{\"@id\":\"https:\\\/\\\/leregardlibre.com\\\/produit\\\/le-regard-libre-no-60\\\/#primaryimage\"},\"image\":{\"@id\":\"https:\\\/\\\/leregardlibre.com\\\/produit\\\/le-regard-libre-no-60\\\/#primaryimage\"},\"thumbnailUrl\":\"https:\\\/\\\/leregardlibre.com\\\/wp-content\\\/uploads\\\/2020\\\/03\\\/Une-RL-N\u00b0-60-scaled.jpg\",\"datePublished\":\"2020-03-15T11:03:00+00:00\",\"dateModified\":\"2024-07-10T14:57:16+00:00\",\"breadcrumb\":{\"@id\":\"https:\\\/\\\/leregardlibre.com\\\/produit\\\/le-regard-libre-no-60\\\/#breadcrumb\"},\"inLanguage\":\"de\",\"potentialAction\":[{\"@type\":\"ReadAction\",\"target\":[\"https:\\\/\\\/leregardlibre.com\\\/produit\\\/le-regard-libre-no-60\\\/\"]}]},{\"@type\":\"ImageObject\",\"inLanguage\":\"de\",\"@id\":\"https:\\\/\\\/leregardlibre.com\\\/produit\\\/le-regard-libre-no-60\\\/#primaryimage\",\"url\":\"https:\\\/\\\/leregardlibre.com\\\/wp-content\\\/uploads\\\/2020\\\/03\\\/Une-RL-N\u00b0-60-scaled.jpg\",\"contentUrl\":\"https:\\\/\\\/leregardlibre.com\\\/wp-content\\\/uploads\\\/2020\\\/03\\\/Une-RL-N\u00b0-60-scaled.jpg\",\"width\":1810,\"height\":2560},{\"@type\":\"BreadcrumbList\",\"@id\":\"https:\\\/\\\/leregardlibre.com\\\/produit\\\/le-regard-libre-no-60\\\/#breadcrumb\",\"itemListElement\":[{\"@type\":\"ListItem\",\"position\":1,\"name\":\"Accueil\",\"item\":\"https:\\\/\\\/leregardlibre.com\\\/\"},{\"@type\":\"ListItem\",\"position\":2,\"name\":\"Boutique\",\"item\":\"https:\\\/\\\/leregardlibre.com\\\/boutique\\\/\"},{\"@type\":\"ListItem\",\"position\":3,\"name\":\"Le Regard Libre &#8211; N\u00ba 60\"}]},{\"@type\":\"WebSite\",\"@id\":\"https:\\\/\\\/leregardlibre.com\\\/#website\",\"url\":\"https:\\\/\\\/leregardlibre.com\\\/\",\"name\":\"Le Regard Libre\",\"description\":\"Premier mensuel suisse de d\u00e9bat\",\"publisher\":{\"@id\":\"https:\\\/\\\/leregardlibre.com\\\/#organization\"},\"potentialAction\":[{\"@type\":\"SearchAction\",\"target\":{\"@type\":\"EntryPoint\",\"urlTemplate\":\"https:\\\/\\\/leregardlibre.com\\\/?s={search_term_string}\"},\"query-input\":{\"@type\":\"PropertyValueSpecification\",\"valueRequired\":true,\"valueName\":\"search_term_string\"}}],\"inLanguage\":\"de\"},{\"@type\":\"Organization\",\"@id\":\"https:\\\/\\\/leregardlibre.com\\\/#organization\",\"name\":\"Le Regard Libre\",\"url\":\"https:\\\/\\\/leregardlibre.com\\\/\",\"logo\":{\"@type\":\"ImageObject\",\"inLanguage\":\"de\",\"@id\":\"https:\\\/\\\/leregardlibre.com\\\/#\\\/schema\\\/logo\\\/image\\\/\",\"url\":\"https:\\\/\\\/leregardlibre.com\\\/wp-content\\\/uploads\\\/2025\\\/08\\\/logo-rl-icone-neg.jpeg\",\"contentUrl\":\"https:\\\/\\\/leregardlibre.com\\\/wp-content\\\/uploads\\\/2025\\\/08\\\/logo-rl-icone-neg.jpeg\",\"width\":557,\"height\":556,\"caption\":\"Le Regard Libre\"},\"image\":{\"@id\":\"https:\\\/\\\/leregardlibre.com\\\/#\\\/schema\\\/logo\\\/image\\\/\"},\"sameAs\":[\"https:\\\/\\\/www.facebook.com\\\/leregardlibre\\\/\",\"https:\\\/\\\/x.com\\\/LeRegardLibre\",\"https:\\\/\\\/www.linkedin.com\\\/company\\\/le-regard-libre\",\"https:\\\/\\\/www.instagram.com\\\/leregardlibre\\\/\",\"http:\\\/\\\/t.me\\\/leregardlibre\",\"https:\\\/\\\/youtube.com\\\/channel\\\/UC6HzGPomj1LsUmlz-sJtITQ\"],\"description\":\"Le Regard Libre est un mensuel suisse de d\u00e9bat intellectuel et culturel. Sa r\u00e9daction est jeune, b\u00e9n\u00e9vole, lib\u00e9rale et pluraliste. Le magazine para\u00eet en ligne et sous forme papier. Sa langue est le fran\u00e7ais.\",\"email\":\"redaction@leregardlibre.com\",\"legalName\":\"Le Regard Libre\",\"foundingDate\":\"2014-01-01\",\"numberOfEmployees\":{\"@type\":\"QuantitativeValue\",\"minValue\":\"11\",\"maxValue\":\"50\"},\"publishingPrinciples\":\"https:\\\/\\\/leregardlibre.com\\\/a-propos\\\/notre-manifeste\\\/\",\"ownershipFundingInfo\":\"https:\\\/\\\/leregardlibre.com\\\/mentions-legales\\\/\",\"actionableFeedbackPolicy\":\"https:\\\/\\\/leregardlibre.com\\\/conditions-generales-de-vente\\\/\"}]}<\/script>\n<!-- \/ Yoast SEO Premium plugin. -->","yoast_head_json":{"title":"Le Regard Libre - Nr. 60 | Le Regard Libre","robots":{"index":"index","follow":"follow","max-snippet":"max-snippet:-1","max-image-preview":"max-image-preview:large","max-video-preview":"max-video-preview:-1"},"canonical":"https:\/\/leregardlibre.com\/de\/produkt\/der-freie-blick-nr-60\/","og_locale":"de_DE","og_type":"article","og_title":"Le Regard Libre - N\u00ba 60","og_description":"Exemplaire papier Edition de mars 2020 Format magazine papier chic (68 pages) SOMMAIRE: 04 Chronique Le monde selon Laure Mi...","og_url":"https:\/\/leregardlibre.com\/de\/produkt\/der-freie-blick-nr-60\/","og_site_name":"Le Regard Libre","article_publisher":"https:\/\/www.facebook.com\/leregardlibre\/","article_modified_time":"2024-07-10T14:57:16+00:00","og_image":[{"width":1810,"height":2560,"url":"https:\/\/leregardlibre.com\/wp-content\/uploads\/2020\/03\/Une-RL-N\u00b0-60-scaled.jpg","type":"image\/jpeg"}],"twitter_card":"summary_large_image","twitter_site":"@LeRegardLibre","twitter_misc":{"Gesch\u00e4tzte Lesezeit":"1\u00a0Minute"},"schema":{"@context":"https:\/\/schema.org","@graph":[{"@type":"WebPage","@id":"https:\/\/leregardlibre.com\/produit\/le-regard-libre-no-60\/","url":"https:\/\/leregardlibre.com\/produit\/le-regard-libre-no-60\/","name":"Le Regard Libre - Nr. 60 | Le Regard Libre","isPartOf":{"@id":"https:\/\/leregardlibre.com\/#website"},"primaryImageOfPage":{"@id":"https:\/\/leregardlibre.com\/produit\/le-regard-libre-no-60\/#primaryimage"},"image":{"@id":"https:\/\/leregardlibre.com\/produit\/le-regard-libre-no-60\/#primaryimage"},"thumbnailUrl":"https:\/\/leregardlibre.com\/wp-content\/uploads\/2020\/03\/Une-RL-N\u00b0-60-scaled.jpg","datePublished":"2020-03-15T11:03:00+00:00","dateModified":"2024-07-10T14:57:16+00:00","breadcrumb":{"@id":"https:\/\/leregardlibre.com\/produit\/le-regard-libre-no-60\/#breadcrumb"},"inLanguage":"de","potentialAction":[{"@type":"ReadAction","target":["https:\/\/leregardlibre.com\/produit\/le-regard-libre-no-60\/"]}]},{"@type":"ImageObject","inLanguage":"de","@id":"https:\/\/leregardlibre.com\/produit\/le-regard-libre-no-60\/#primaryimage","url":"https:\/\/leregardlibre.com\/wp-content\/uploads\/2020\/03\/Une-RL-N\u00b0-60-scaled.jpg","contentUrl":"https:\/\/leregardlibre.com\/wp-content\/uploads\/2020\/03\/Une-RL-N\u00b0-60-scaled.jpg","width":1810,"height":2560},{"@type":"BreadcrumbList","@id":"https:\/\/leregardlibre.com\/produit\/le-regard-libre-no-60\/#breadcrumb","itemListElement":[{"@type":"ListItem","position":1,"name":"Accueil","item":"https:\/\/leregardlibre.com\/"},{"@type":"ListItem","position":2,"name":"Boutique","item":"https:\/\/leregardlibre.com\/boutique\/"},{"@type":"ListItem","position":3,"name":"Le Regard Libre &#8211; N\u00ba 60"}]},{"@type":"WebSite","@id":"https:\/\/leregardlibre.com\/#website","url":"https:\/\/leregardlibre.com\/","name":"Le Regard Libre","description":"Erste Schweizer Monatszeitschrift f\u00fcr Debatten","publisher":{"@id":"https:\/\/leregardlibre.com\/#organization"},"potentialAction":[{"@type":"SearchAction","target":{"@type":"EntryPoint","urlTemplate":"https:\/\/leregardlibre.com\/?s={search_term_string}"},"query-input":{"@type":"PropertyValueSpecification","valueRequired":true,"valueName":"search_term_string"}}],"inLanguage":"de"},{"@type":"Organization","@id":"https:\/\/leregardlibre.com\/#organization","name":"Le Regard Libre","url":"https:\/\/leregardlibre.com\/","logo":{"@type":"ImageObject","inLanguage":"de","@id":"https:\/\/leregardlibre.com\/#\/schema\/logo\/image\/","url":"https:\/\/leregardlibre.com\/wp-content\/uploads\/2025\/08\/logo-rl-icone-neg.jpeg","contentUrl":"https:\/\/leregardlibre.com\/wp-content\/uploads\/2025\/08\/logo-rl-icone-neg.jpeg","width":557,"height":556,"caption":"Le Regard Libre"},"image":{"@id":"https:\/\/leregardlibre.com\/#\/schema\/logo\/image\/"},"sameAs":["https:\/\/www.facebook.com\/leregardlibre\/","https:\/\/x.com\/LeRegardLibre","https:\/\/www.linkedin.com\/company\/le-regard-libre","https:\/\/www.instagram.com\/leregardlibre\/","http:\/\/t.me\/leregardlibre","https:\/\/youtube.com\/channel\/UC6HzGPomj1LsUmlz-sJtITQ"],"description":"Le Regard Libre ist eine Schweizer Monatszeitschrift f\u00fcr intellektuelle und kulturelle Debatten. Seine Redaktion ist jung, ehrenamtlich, liberal und pluralistisch. Das Magazin erscheint online und in gedruckter Form. Seine Sprache ist Franz\u00f6sisch.","email":"redaction@leregardlibre.com","legalName":"Le Regard Libre","foundingDate":"2014-01-01","numberOfEmployees":{"@type":"QuantitativeValue","minValue":"11","maxValue":"50"},"publishingPrinciples":"https:\/\/leregardlibre.com\/a-propos\/notre-manifeste\/","ownershipFundingInfo":"https:\/\/leregardlibre.com\/mentions-legales\/","actionableFeedbackPolicy":"https:\/\/leregardlibre.com\/conditions-generales-de-vente\/"}]}},"_links":{"self":[{"href":"https:\/\/leregardlibre.com\/de\/wp-json\/wp\/v2\/product\/32023","targetHints":{"allow":["GET"]}}],"collection":[{"href":"https:\/\/leregardlibre.com\/de\/wp-json\/wp\/v2\/product"}],"about":[{"href":"https:\/\/leregardlibre.com\/de\/wp-json\/wp\/v2\/types\/product"}],"replies":[{"embeddable":true,"href":"https:\/\/leregardlibre.com\/de\/wp-json\/wp\/v2\/comments?post=32023"}],"wp:featuredmedia":[{"embeddable":true,"href":"https:\/\/leregardlibre.com\/de\/wp-json\/wp\/v2\/media\/32025"}],"wp:attachment":[{"href":"https:\/\/leregardlibre.com\/de\/wp-json\/wp\/v2\/media?parent=32023"}],"wp:term":[{"taxonomy":"product_brand","embeddable":true,"href":"https:\/\/leregardlibre.com\/de\/wp-json\/wp\/v2\/product_brand?post=32023"},{"taxonomy":"product_cat","embeddable":true,"href":"https:\/\/leregardlibre.com\/de\/wp-json\/wp\/v2\/product_cat?post=32023"},{"taxonomy":"product_tag","embeddable":true,"href":"https:\/\/leregardlibre.com\/de\/wp-json\/wp\/v2\/product_tag?post=32023"}],"curies":[{"name":"wp","href":"https:\/\/api.w.org\/{rel}","templated":true}]}}