{"id":35463,"date":"2018-04-17T13:48:18","date_gmt":"2018-04-17T11:48:18","guid":{"rendered":"https:\/\/leregardlibre.com\/?post_type=product&#038;p=35463"},"modified":"2025-08-25T08:38:03","modified_gmt":"2025-08-25T06:38:03","slug":"der-freie-blick-n-37","status":"publish","type":"product","link":"https:\/\/leregardlibre.com\/de\/produkt\/der-freie-blick-n-37\/","title":{"rendered":"Le Regard Libre - Nr. 37"},"content":{"rendered":"<p>Papierexemplar<br \/>\nAusgabe vom April 2018<br \/>\nSchickes Papiermagazinformat (68 Seiten)<\/p>\n<div class=\"woocommerce-tabs wc-tabs-wrapper\">\n<div id=\"tab-description\" class=\"woocommerce-Tabs-panel woocommerce-Tabs-panel--description panel entry-content wc-tab\" role=\"tabpanel\" aria-labelledby=\"tab-title-description\">\n<p>INHALT:<\/p>\n<p class=\"p1\"><span class=\"s1\"><i>04<\/i><\/span><b> <\/b><b>Editorial<\/b><\/p>\n<p class=\"p2\">Eine Chance f\u00fcr die Presse, sich neu zu erfinden<\/p>\n<p class=\"p4\"><span class=\"s1\"><i>05<\/i><\/span><b> <\/b><b>Pressezeichnung<\/b><\/p>\n<p class=\"p2\">Die Oscars 2018, eine entt\u00e4uschende Bilanz<\/p>\n<p class=\"p1\"><span class=\"s1\"><i>04<\/i><\/span><b> <\/b><b>Pflege<\/b><\/p>\n<p class=\"p6\">Metin Arditi: \u00abIn all meinen B\u00fcchern habe ich die Anerkennung meines Vaters gesucht\u00bb.\u00bb<\/p>\n<p class=\"p9\"><span class=\"s1\">12<\/span><b> <\/b><span class=\"s4\"><b>Politik<\/b><\/span><\/p>\n<p class=\"p6\">R\u00fccktritt des \u00e4thiopischen Premierministers und Verh\u00e4ngung des Ausnahmezustands<br \/>\nDie olympische Fata Morgana<br \/>\nWladimir Putin: Autoritarismus aus der Alten Welt oder ein \u00fcberragender Stratege?<\/p>\n<p class=\"p4\"><span class=\"s1\"><i>18<\/i><\/span><b> <\/b><b>Forum<\/b><\/p>\n<p class=\"p6\">Punk-Philosophie und Wiederbelebung eines Stils<\/p>\n<p class=\"p4\"><span class=\"s1\"><i>20<\/i><\/span><b> <\/b><b>Fotografie<\/b><\/p>\n<p class=\"p6\">Portr\u00e4ts aus dem Alltag<\/p>\n<p class=\"p4\"><span class=\"s1\"><i>22<\/i><\/span><b> <\/b><b>Literatur<\/b><\/p>\n<p class=\"p6\">Philippe Forest: \u00ab\u00dcber manche extremen Erfahrungen kann man nie etwas sagen\u00bb.\u00bb<br \/>\n<i>Nora<\/i>, Ein Kriminalroman im Herzen von Luzern<\/p>\n<p class=\"p1\"><em><span class=\"s1\">28<\/span><\/em><b> <\/b><span class=\"s3\"><b>Kino<br \/>\n<\/b><\/span>Kritik an aktuellen Filmen<\/p>\n<p class=\"p6\"><span class=\"s1\">52<\/span><b> <\/b><span class=\"s3\"><b>Musik<\/b><\/span><\/p>\n<p class=\"p6\">Leif Vollebekk, <i>Twin Solitude<br \/>\n<\/i>Sylvan LaCue, <i>Apologies in Advance<br \/>\n<\/i>Stephan Eicher im Th\u00e9\u00e2tre de Beausobre<\/p>\n<p class=\"p10\"><span class=\"s1\">58<\/span><b> <\/b><span class=\"s3\"><b>Theater<\/b><\/span><\/p>\n<p class=\"p11\">Einstein erz\u00e4hlt von der Union der K\u00fcnste<br \/>\n<i>Van Gogh<\/i>, So nah am albeldianischen Theater<\/p>\n<p class=\"p12\"><span class=\"s1\"><i>64<\/i><\/span><b> <\/b><b>Sport<\/b><\/p>\n<p class=\"p2\">Warum Sion 2026?<\/p>\n<p class=\"p13\"><span class=\"s1\">66<\/span><b> <\/b><b>Kulturkalender<\/b><\/p>\n<p class=\"p13\"><span class=\"s1\">68<\/span><b> <\/b><b>Zitate<\/b><\/p>\n<\/div>\n<\/div>","protected":false},"excerpt":{"rendered":"<p>Exemplaire papier Edition d&#8217;avril 2018 Format magazine papier chic (68 pages) SOMMAIRE: 04 Editorial Une occasion pour la presse de&#8230;<\/p>","protected":false},"featured_media":528830,"comment_status":"open","ping_status":"closed","template":"","meta":{"_acf_changed":false},"product_brand":[],"product_cat":[644340392],"product_tag":[],"class_list":{"0":"post-35463","1":"product","2":"type-product","3":"status-publish","4":"has-post-thumbnail","6":"product_cat-numeros","8":"first","9":"instock","10":"shipping-taxable","11":"purchasable","12":"product-type-simple"},"acf":[],"yoast_head":"<!-- This site is optimized with the Yoast SEO Premium plugin v26.9 (Yoast SEO v26.9) - https:\/\/yoast.com\/product\/yoast-seo-premium-wordpress\/ -->\n<title>Le Regard Libre - N\u00b0\u00a037 | Le Regard Libre<\/title>\n<meta name=\"robots\" content=\"index, follow, max-snippet:-1, max-image-preview:large, max-video-preview:-1\" \/>\n<link rel=\"canonical\" href=\"https:\/\/leregardlibre.com\/de\/produkt\/der-freie-blick-n-37\/\" \/>\n<meta property=\"og:locale\" content=\"de_DE\" \/>\n<meta property=\"og:type\" content=\"article\" \/>\n<meta property=\"og:title\" content=\"Le Regard Libre - N\u00b0\u00a037\" \/>\n<meta property=\"og:description\" content=\"Exemplaire papier Edition d&#039;avril 2018 Format magazine papier chic (68 pages) SOMMAIRE: 04 Editorial Une occasion pour la presse de...\" \/>\n<meta property=\"og:url\" content=\"https:\/\/leregardlibre.com\/de\/produkt\/der-freie-blick-n-37\/\" \/>\n<meta property=\"og:site_name\" content=\"Le Regard Libre\" \/>\n<meta property=\"article:publisher\" content=\"https:\/\/www.facebook.com\/leregardlibre\/\" \/>\n<meta property=\"article:modified_time\" content=\"2025-08-25T06:38:03+00:00\" \/>\n<meta property=\"og:image\" content=\"https:\/\/leregardlibre.com\/wp-content\/uploads\/2018\/04\/une-rl-n-37.jpg\" \/>\n\t<meta property=\"og:image:width\" content=\"4961\" \/>\n\t<meta property=\"og:image:height\" content=\"7016\" \/>\n\t<meta property=\"og:image:type\" content=\"image\/jpeg\" \/>\n<meta name=\"twitter:card\" content=\"summary_large_image\" \/>\n<meta name=\"twitter:site\" content=\"@LeRegardLibre\" \/>\n<meta name=\"twitter:label1\" content=\"Gesch\u00e4tzte Lesezeit\" \/>\n\t<meta name=\"twitter:data1\" content=\"1\u00a0Minute\" \/>\n<script type=\"application\/ld+json\" class=\"yoast-schema-graph\">{\"@context\":\"https:\/\/schema.org\",\"@graph\":[{\"@type\":\"WebPage\",\"@id\":\"https:\/\/leregardlibre.com\/produit\/le-regard-libre-n-37\/\",\"url\":\"https:\/\/leregardlibre.com\/produit\/le-regard-libre-n-37\/\",\"name\":\"Le Regard Libre - N\u00b0\u00a037 | Le Regard Libre\",\"isPartOf\":{\"@id\":\"https:\/\/leregardlibre.com\/#website\"},\"primaryImageOfPage\":{\"@id\":\"https:\/\/leregardlibre.com\/produit\/le-regard-libre-n-37\/#primaryimage\"},\"image\":{\"@id\":\"https:\/\/leregardlibre.com\/produit\/le-regard-libre-n-37\/#primaryimage\"},\"thumbnailUrl\":\"https:\/\/leregardlibre.com\/wp-content\/uploads\/2018\/04\/une-rl-n-37.jpg\",\"datePublished\":\"2018-04-17T11:48:18+00:00\",\"dateModified\":\"2025-08-25T06:38:03+00:00\",\"breadcrumb\":{\"@id\":\"https:\/\/leregardlibre.com\/produit\/le-regard-libre-n-37\/#breadcrumb\"},\"inLanguage\":\"de\",\"potentialAction\":[{\"@type\":\"ReadAction\",\"target\":[\"https:\/\/leregardlibre.com\/produit\/le-regard-libre-n-37\/\"]}]},{\"@type\":\"ImageObject\",\"inLanguage\":\"de\",\"@id\":\"https:\/\/leregardlibre.com\/produit\/le-regard-libre-n-37\/#primaryimage\",\"url\":\"https:\/\/leregardlibre.com\/wp-content\/uploads\/2018\/04\/une-rl-n-37.jpg\",\"contentUrl\":\"https:\/\/leregardlibre.com\/wp-content\/uploads\/2018\/04\/une-rl-n-37.jpg\",\"width\":4961,\"height\":7016},{\"@type\":\"BreadcrumbList\",\"@id\":\"https:\/\/leregardlibre.com\/produit\/le-regard-libre-n-37\/#breadcrumb\",\"itemListElement\":[{\"@type\":\"ListItem\",\"position\":1,\"name\":\"Accueil\",\"item\":\"https:\/\/leregardlibre.com\/\"},{\"@type\":\"ListItem\",\"position\":2,\"name\":\"Boutique\",\"item\":\"https:\/\/leregardlibre.com\/boutique\/\"},{\"@type\":\"ListItem\",\"position\":3,\"name\":\"Le Regard Libre &#8211; N\u00b0\u00a037\"}]},{\"@type\":\"WebSite\",\"@id\":\"https:\/\/leregardlibre.com\/#website\",\"url\":\"https:\/\/leregardlibre.com\/\",\"name\":\"Le Regard Libre\",\"description\":\"Premier mensuel suisse de d\u00e9bat\",\"publisher\":{\"@id\":\"https:\/\/leregardlibre.com\/#organization\"},\"potentialAction\":[{\"@type\":\"SearchAction\",\"target\":{\"@type\":\"EntryPoint\",\"urlTemplate\":\"https:\/\/leregardlibre.com\/?s={search_term_string}\"},\"query-input\":{\"@type\":\"PropertyValueSpecification\",\"valueRequired\":true,\"valueName\":\"search_term_string\"}}],\"inLanguage\":\"de\"},{\"@type\":\"Organization\",\"@id\":\"https:\/\/leregardlibre.com\/#organization\",\"name\":\"Le Regard Libre\",\"url\":\"https:\/\/leregardlibre.com\/\",\"logo\":{\"@type\":\"ImageObject\",\"inLanguage\":\"de\",\"@id\":\"https:\/\/leregardlibre.com\/#\/schema\/logo\/image\/\",\"url\":\"https:\/\/leregardlibre.com\/wp-content\/uploads\/2025\/08\/logo-rl-icone-neg.jpeg\",\"contentUrl\":\"https:\/\/leregardlibre.com\/wp-content\/uploads\/2025\/08\/logo-rl-icone-neg.jpeg\",\"width\":557,\"height\":556,\"caption\":\"Le Regard Libre\"},\"image\":{\"@id\":\"https:\/\/leregardlibre.com\/#\/schema\/logo\/image\/\"},\"sameAs\":[\"https:\/\/www.facebook.com\/leregardlibre\/\",\"https:\/\/x.com\/LeRegardLibre\",\"https:\/\/www.linkedin.com\/company\/le-regard-libre\",\"https:\/\/www.instagram.com\/leregardlibre\/\",\"http:\/\/t.me\/leregardlibre\",\"https:\/\/youtube.com\/channel\/UC6HzGPomj1LsUmlz-sJtITQ\"],\"description\":\"Le Regard Libre est un mensuel suisse de d\u00e9bat intellectuel et culturel. Sa r\u00e9daction est jeune, b\u00e9n\u00e9vole, lib\u00e9rale et pluraliste. Le magazine para\u00eet en ligne et sous forme papier. Sa langue est le fran\u00e7ais.\",\"email\":\"redaction@leregardlibre.com\",\"legalName\":\"Le Regard Libre\",\"foundingDate\":\"2014-01-01\",\"numberOfEmployees\":{\"@type\":\"QuantitativeValue\",\"minValue\":\"11\",\"maxValue\":\"50\"},\"publishingPrinciples\":\"https:\/\/leregardlibre.com\/a-propos\/notre-manifeste\/\",\"ownershipFundingInfo\":\"https:\/\/leregardlibre.com\/mentions-legales\/\",\"actionableFeedbackPolicy\":\"https:\/\/leregardlibre.com\/conditions-generales-de-vente\/\"}]}<\/script>\n<!-- \/ Yoast SEO Premium plugin. -->","yoast_head_json":{"title":"Le Regard Libre - Nr. 37 | Le Regard Libre","robots":{"index":"index","follow":"follow","max-snippet":"max-snippet:-1","max-image-preview":"max-image-preview:large","max-video-preview":"max-video-preview:-1"},"canonical":"https:\/\/leregardlibre.com\/de\/produkt\/der-freie-blick-n-37\/","og_locale":"de_DE","og_type":"article","og_title":"Le Regard Libre - N\u00b0\u00a037","og_description":"Exemplaire papier Edition d'avril 2018 Format magazine papier chic (68 pages) SOMMAIRE: 04 Editorial Une occasion pour la presse de...","og_url":"https:\/\/leregardlibre.com\/de\/produkt\/der-freie-blick-n-37\/","og_site_name":"Le Regard Libre","article_publisher":"https:\/\/www.facebook.com\/leregardlibre\/","article_modified_time":"2025-08-25T06:38:03+00:00","og_image":[{"width":4961,"height":7016,"url":"https:\/\/leregardlibre.com\/wp-content\/uploads\/2018\/04\/une-rl-n-37.jpg","type":"image\/jpeg"}],"twitter_card":"summary_large_image","twitter_site":"@LeRegardLibre","twitter_misc":{"Gesch\u00e4tzte Lesezeit":"1\u00a0Minute"},"schema":{"@context":"https:\/\/schema.org","@graph":[{"@type":"WebPage","@id":"https:\/\/leregardlibre.com\/produit\/le-regard-libre-n-37\/","url":"https:\/\/leregardlibre.com\/produit\/le-regard-libre-n-37\/","name":"Le Regard Libre - Nr. 37 | Le Regard Libre","isPartOf":{"@id":"https:\/\/leregardlibre.com\/#website"},"primaryImageOfPage":{"@id":"https:\/\/leregardlibre.com\/produit\/le-regard-libre-n-37\/#primaryimage"},"image":{"@id":"https:\/\/leregardlibre.com\/produit\/le-regard-libre-n-37\/#primaryimage"},"thumbnailUrl":"https:\/\/leregardlibre.com\/wp-content\/uploads\/2018\/04\/une-rl-n-37.jpg","datePublished":"2018-04-17T11:48:18+00:00","dateModified":"2025-08-25T06:38:03+00:00","breadcrumb":{"@id":"https:\/\/leregardlibre.com\/produit\/le-regard-libre-n-37\/#breadcrumb"},"inLanguage":"de","potentialAction":[{"@type":"ReadAction","target":["https:\/\/leregardlibre.com\/produit\/le-regard-libre-n-37\/"]}]},{"@type":"ImageObject","inLanguage":"de","@id":"https:\/\/leregardlibre.com\/produit\/le-regard-libre-n-37\/#primaryimage","url":"https:\/\/leregardlibre.com\/wp-content\/uploads\/2018\/04\/une-rl-n-37.jpg","contentUrl":"https:\/\/leregardlibre.com\/wp-content\/uploads\/2018\/04\/une-rl-n-37.jpg","width":4961,"height":7016},{"@type":"BreadcrumbList","@id":"https:\/\/leregardlibre.com\/produit\/le-regard-libre-n-37\/#breadcrumb","itemListElement":[{"@type":"ListItem","position":1,"name":"Accueil","item":"https:\/\/leregardlibre.com\/"},{"@type":"ListItem","position":2,"name":"Boutique","item":"https:\/\/leregardlibre.com\/boutique\/"},{"@type":"ListItem","position":3,"name":"Le Regard Libre &#8211; N\u00b0\u00a037"}]},{"@type":"WebSite","@id":"https:\/\/leregardlibre.com\/#website","url":"https:\/\/leregardlibre.com\/","name":"Le Regard Libre","description":"Erste Schweizer Monatszeitschrift f\u00fcr Debatten","publisher":{"@id":"https:\/\/leregardlibre.com\/#organization"},"potentialAction":[{"@type":"SearchAction","target":{"@type":"EntryPoint","urlTemplate":"https:\/\/leregardlibre.com\/?s={search_term_string}"},"query-input":{"@type":"PropertyValueSpecification","valueRequired":true,"valueName":"search_term_string"}}],"inLanguage":"de"},{"@type":"Organization","@id":"https:\/\/leregardlibre.com\/#organization","name":"Le Regard Libre","url":"https:\/\/leregardlibre.com\/","logo":{"@type":"ImageObject","inLanguage":"de","@id":"https:\/\/leregardlibre.com\/#\/schema\/logo\/image\/","url":"https:\/\/leregardlibre.com\/wp-content\/uploads\/2025\/08\/logo-rl-icone-neg.jpeg","contentUrl":"https:\/\/leregardlibre.com\/wp-content\/uploads\/2025\/08\/logo-rl-icone-neg.jpeg","width":557,"height":556,"caption":"Le Regard Libre"},"image":{"@id":"https:\/\/leregardlibre.com\/#\/schema\/logo\/image\/"},"sameAs":["https:\/\/www.facebook.com\/leregardlibre\/","https:\/\/x.com\/LeRegardLibre","https:\/\/www.linkedin.com\/company\/le-regard-libre","https:\/\/www.instagram.com\/leregardlibre\/","http:\/\/t.me\/leregardlibre","https:\/\/youtube.com\/channel\/UC6HzGPomj1LsUmlz-sJtITQ"],"description":"Le Regard Libre ist eine Schweizer Monatszeitschrift f\u00fcr intellektuelle und kulturelle Debatten. Seine Redaktion ist jung, ehrenamtlich, liberal und pluralistisch. Das Magazin erscheint online und in gedruckter Form. Seine Sprache ist Franz\u00f6sisch.","email":"redaction@leregardlibre.com","legalName":"Le Regard Libre","foundingDate":"2014-01-01","numberOfEmployees":{"@type":"QuantitativeValue","minValue":"11","maxValue":"50"},"publishingPrinciples":"https:\/\/leregardlibre.com\/a-propos\/notre-manifeste\/","ownershipFundingInfo":"https:\/\/leregardlibre.com\/mentions-legales\/","actionableFeedbackPolicy":"https:\/\/leregardlibre.com\/conditions-generales-de-vente\/"}]}},"_links":{"self":[{"href":"https:\/\/leregardlibre.com\/de\/wp-json\/wp\/v2\/product\/35463","targetHints":{"allow":["GET"]}}],"collection":[{"href":"https:\/\/leregardlibre.com\/de\/wp-json\/wp\/v2\/product"}],"about":[{"href":"https:\/\/leregardlibre.com\/de\/wp-json\/wp\/v2\/types\/product"}],"replies":[{"embeddable":true,"href":"https:\/\/leregardlibre.com\/de\/wp-json\/wp\/v2\/comments?post=35463"}],"wp:featuredmedia":[{"embeddable":true,"href":"https:\/\/leregardlibre.com\/de\/wp-json\/wp\/v2\/media\/528830"}],"wp:attachment":[{"href":"https:\/\/leregardlibre.com\/de\/wp-json\/wp\/v2\/media?parent=35463"}],"wp:term":[{"taxonomy":"product_brand","embeddable":true,"href":"https:\/\/leregardlibre.com\/de\/wp-json\/wp\/v2\/product_brand?post=35463"},{"taxonomy":"product_cat","embeddable":true,"href":"https:\/\/leregardlibre.com\/de\/wp-json\/wp\/v2\/product_cat?post=35463"},{"taxonomy":"product_tag","embeddable":true,"href":"https:\/\/leregardlibre.com\/de\/wp-json\/wp\/v2\/product_tag?post=35463"}],"curies":[{"name":"wp","href":"https:\/\/api.w.org\/{rel}","templated":true}]}}