{"id":43957,"date":"2021-12-02T21:53:58","date_gmt":"2021-12-02T20:53:58","guid":{"rendered":"https:\/\/leregardlibre.com\/?post_type=product&#038;p=43957"},"modified":"2024-07-10T17:35:25","modified_gmt":"2024-07-10T15:35:25","slug":"der-freie-blick-nr-80","status":"publish","type":"product","link":"https:\/\/leregardlibre.com\/de\/produkt\/der-freie-blick-nr-80\/","title":{"rendered":"Le Regard Libre - N\u00ba 80"},"content":{"rendered":"<p>Papierexemplar<br \/>\nAusgabe vom Dezember 2021<br \/>\nSchickes Papiermagazinformat (68 Seiten)<\/p>\n<hr \/>\n<p class=\"p1\"><strong>INHALT:<\/strong><\/p>\n<p class=\"p1\"><span class=\"s1\"><b>05<\/b><\/span><b> <\/b>| Jonas Follonier erhielt die Silbermedaille der ASL<br \/>\n<strong>07<\/strong> | Die Welt nach Quentin Mouron: Engagierte Literatur<br \/>\n<b>08 <\/b>| <span class=\"s2\">Tribune von Marco Polli: \u00abWas w\u00e4re, wenn wir den Analphabetismus endlich in Angriff nehmen w\u00fcrden?\u00bb<br \/>\n<\/span><b>12 <\/b>| <span class=\"s3\">Metin Arditi: \u00abDie Zweistaatenl\u00f6sung ist ein Hirngespinst\u00bb.\u00bb<\/span><\/p>\n<p class=\"p2\"><b>Politik, Philosophie, Debatte \u00fcber Ideen und Gesellschaft<br \/>\n<\/b><b>20 <\/b>| Die Notwendigkeit einer strategischen Autonomie Europas<br \/>\n<b>24 <\/b>Bertrand Kiefer: \u00abDie Pandemie zu banalisieren w\u00e4re ein R\u00fcckschritt f\u00fcr die Menschheit\u00bb.\u00bb<br \/>\n<b>28 <\/b>| Schopenhauer, ein verbitterter Pessimist?<br \/>\n<b>30 <\/b>| Trans, trans und transgender: Warnungen vor einem angek\u00fcndigten Skandal<\/p>\n<p class=\"p2\"><b>Kurzmeldungen<br \/>\n<\/b><span class=\"s1\"><b>38<\/b><\/span><b> <\/b>| Was ist der Sinn von Women's Session?<br \/>\n<span class=\"s1\"><b>39<\/b><\/span><b> <\/b>| Zemmour in Genf nicht willkommen<\/p>\n<p class=\"p2\"><b>Literatur<br \/>\n<\/b><span class=\"s1\"><b>40<\/b><\/span><b> <\/b>| <i>Girassol<\/i>, oder das Zeugnis eines Hypersensiblen<br \/>\n<span class=\"s1\"><b>42<\/b><\/span><b> <\/b>| Als La Rouchefoucauld den K\u00f6nig von Frankreich rehabilitierte<br \/>\n<span class=\"s1\"><b>44<\/b><\/span><b> <\/b>| <i>Die Hirngespinste eines Mannes<\/i> pl\u00f6tzlich auf Papier geschlagen<\/p>\n<p class=\"p2\"><b>Visuelle K\u00fcnste<br \/>\n<\/b><span class=\"s1\"><b>46<\/b><\/span><b> <\/b>Van Gogh in den Dienst des Erlebnismarketings gestellt<br \/>\n<b>50 <\/b>| Au\u00dferhalb des Rahmens: Die Augen in der Kunst, die Augen auf der Stra\u00dfe<br \/>\n<span class=\"s1\"><b>54<\/b><\/span><b> <\/b>| Die Fotoreportage von Bernard L\u00e9chot: California Dreamin\u2019.\u2019<\/p>\n<p class=\"p2\"><span class=\"s1\"><b>60<\/b><\/span><b> <\/b>| Sport: Basketball als Hoffnungstr\u00e4ger f\u00fcr die Jugend von Bellerine<br \/>\n<span class=\"s1\"><b>66<\/b><\/span><b> <\/b>| Abonnement-Talon und Sponsoring-Formular<br \/>\n<span class=\"s1\"><b>67<\/b><\/span><b> <\/b>| Impressum<br \/>\n<span class=\"s1\"><b>68<\/b><\/span><b> <\/b>| Zitate<b><\/b><\/p>","protected":false},"excerpt":{"rendered":"<p>Exemplaire papier Edition de d\u00e9cembre 2021 Format magazine papier chic (68 pages) SOMMAIRE: 05 | Jonas Follonier a re\u00e7u la&#8230;<\/p>","protected":false},"featured_media":43960,"comment_status":"open","ping_status":"closed","template":"","meta":{"_acf_changed":false},"product_brand":[],"product_cat":[644340392],"product_tag":[],"class_list":{"0":"post-43957","1":"product","2":"type-product","3":"status-publish","4":"has-post-thumbnail","6":"product_cat-numeros","8":"first","9":"instock","10":"sold-individually","11":"shipping-taxable","12":"purchasable","13":"product-type-variable"},"acf":[],"yoast_head":"<!-- This site is optimized with the Yoast SEO Premium plugin v26.9 (Yoast SEO v26.9) - https:\/\/yoast.com\/product\/yoast-seo-premium-wordpress\/ -->\n<title>Le Regard Libre - N\u00ba 80 | Le Regard Libre<\/title>\n<meta name=\"robots\" content=\"index, follow, max-snippet:-1, max-image-preview:large, max-video-preview:-1\" \/>\n<link rel=\"canonical\" href=\"https:\/\/leregardlibre.com\/de\/produkt\/der-freie-blick-nr-80\/\" \/>\n<meta property=\"og:locale\" content=\"de_DE\" \/>\n<meta property=\"og:type\" content=\"article\" \/>\n<meta property=\"og:title\" content=\"Le Regard Libre - N\u00ba 80\" \/>\n<meta property=\"og:description\" content=\"Exemplaire papier Edition de d\u00e9cembre 2021 Format magazine papier chic (68 pages) SOMMAIRE: 05 | Jonas Follonier a re\u00e7u la...\" \/>\n<meta property=\"og:url\" content=\"https:\/\/leregardlibre.com\/de\/produkt\/der-freie-blick-nr-80\/\" \/>\n<meta property=\"og:site_name\" content=\"Le Regard Libre\" \/>\n<meta property=\"article:publisher\" content=\"https:\/\/www.facebook.com\/leregardlibre\/\" \/>\n<meta property=\"article:modified_time\" content=\"2024-07-10T15:35:25+00:00\" \/>\n<meta property=\"og:image\" content=\"https:\/\/leregardlibre.com\/wp-content\/uploads\/2021\/12\/Une-RL-N\u00b0-80-scaled.jpg\" \/>\n\t<meta property=\"og:image:width\" content=\"1810\" \/>\n\t<meta property=\"og:image:height\" content=\"2560\" \/>\n\t<meta property=\"og:image:type\" content=\"image\/jpeg\" \/>\n<meta name=\"twitter:card\" content=\"summary_large_image\" \/>\n<meta name=\"twitter:site\" content=\"@LeRegardLibre\" \/>\n<meta name=\"twitter:label1\" content=\"Gesch\u00e4tzte Lesezeit\" \/>\n\t<meta name=\"twitter:data1\" content=\"1\u00a0Minute\" \/>\n<script type=\"application\/ld+json\" class=\"yoast-schema-graph\">{\"@context\":\"https:\/\/schema.org\",\"@graph\":[{\"@type\":\"WebPage\",\"@id\":\"https:\/\/leregardlibre.com\/produit\/le-regard-libre-no-80\/\",\"url\":\"https:\/\/leregardlibre.com\/produit\/le-regard-libre-no-80\/\",\"name\":\"Le Regard Libre - N\u00ba 80 | Le Regard Libre\",\"isPartOf\":{\"@id\":\"https:\/\/leregardlibre.com\/#website\"},\"primaryImageOfPage\":{\"@id\":\"https:\/\/leregardlibre.com\/produit\/le-regard-libre-no-80\/#primaryimage\"},\"image\":{\"@id\":\"https:\/\/leregardlibre.com\/produit\/le-regard-libre-no-80\/#primaryimage\"},\"thumbnailUrl\":\"https:\/\/leregardlibre.com\/wp-content\/uploads\/2021\/12\/Une-RL-N\u00b0-80-scaled.jpg\",\"datePublished\":\"2021-12-02T20:53:58+00:00\",\"dateModified\":\"2024-07-10T15:35:25+00:00\",\"breadcrumb\":{\"@id\":\"https:\/\/leregardlibre.com\/produit\/le-regard-libre-no-80\/#breadcrumb\"},\"inLanguage\":\"de\",\"potentialAction\":[{\"@type\":\"ReadAction\",\"target\":[\"https:\/\/leregardlibre.com\/produit\/le-regard-libre-no-80\/\"]}]},{\"@type\":\"ImageObject\",\"inLanguage\":\"de\",\"@id\":\"https:\/\/leregardlibre.com\/produit\/le-regard-libre-no-80\/#primaryimage\",\"url\":\"https:\/\/leregardlibre.com\/wp-content\/uploads\/2021\/12\/Une-RL-N\u00b0-80-scaled.jpg\",\"contentUrl\":\"https:\/\/leregardlibre.com\/wp-content\/uploads\/2021\/12\/Une-RL-N\u00b0-80-scaled.jpg\",\"width\":1810,\"height\":2560,\"caption\":\"Une Le Regard Libre N\u00b0\u00a080 d\u00e9cembre 2021\"},{\"@type\":\"BreadcrumbList\",\"@id\":\"https:\/\/leregardlibre.com\/produit\/le-regard-libre-no-80\/#breadcrumb\",\"itemListElement\":[{\"@type\":\"ListItem\",\"position\":1,\"name\":\"Accueil\",\"item\":\"https:\/\/leregardlibre.com\/\"},{\"@type\":\"ListItem\",\"position\":2,\"name\":\"Boutique\",\"item\":\"https:\/\/leregardlibre.com\/boutique\/\"},{\"@type\":\"ListItem\",\"position\":3,\"name\":\"Le Regard Libre &#8211; N\u00ba 80\"}]},{\"@type\":\"WebSite\",\"@id\":\"https:\/\/leregardlibre.com\/#website\",\"url\":\"https:\/\/leregardlibre.com\/\",\"name\":\"Le Regard Libre\",\"description\":\"Premier mensuel suisse de d\u00e9bat\",\"publisher\":{\"@id\":\"https:\/\/leregardlibre.com\/#organization\"},\"potentialAction\":[{\"@type\":\"SearchAction\",\"target\":{\"@type\":\"EntryPoint\",\"urlTemplate\":\"https:\/\/leregardlibre.com\/?s={search_term_string}\"},\"query-input\":{\"@type\":\"PropertyValueSpecification\",\"valueRequired\":true,\"valueName\":\"search_term_string\"}}],\"inLanguage\":\"de\"},{\"@type\":\"Organization\",\"@id\":\"https:\/\/leregardlibre.com\/#organization\",\"name\":\"Le Regard Libre\",\"url\":\"https:\/\/leregardlibre.com\/\",\"logo\":{\"@type\":\"ImageObject\",\"inLanguage\":\"de\",\"@id\":\"https:\/\/leregardlibre.com\/#\/schema\/logo\/image\/\",\"url\":\"https:\/\/leregardlibre.com\/wp-content\/uploads\/2025\/08\/logo-rl-icone-neg.jpeg\",\"contentUrl\":\"https:\/\/leregardlibre.com\/wp-content\/uploads\/2025\/08\/logo-rl-icone-neg.jpeg\",\"width\":557,\"height\":556,\"caption\":\"Le Regard Libre\"},\"image\":{\"@id\":\"https:\/\/leregardlibre.com\/#\/schema\/logo\/image\/\"},\"sameAs\":[\"https:\/\/www.facebook.com\/leregardlibre\/\",\"https:\/\/x.com\/LeRegardLibre\",\"https:\/\/www.linkedin.com\/company\/le-regard-libre\",\"https:\/\/www.instagram.com\/leregardlibre\/\",\"http:\/\/t.me\/leregardlibre\",\"https:\/\/youtube.com\/channel\/UC6HzGPomj1LsUmlz-sJtITQ\"],\"description\":\"Le Regard Libre est un mensuel suisse de d\u00e9bat intellectuel et culturel. Sa r\u00e9daction est jeune, b\u00e9n\u00e9vole, lib\u00e9rale et pluraliste. Le magazine para\u00eet en ligne et sous forme papier. Sa langue est le fran\u00e7ais.\",\"email\":\"redaction@leregardlibre.com\",\"legalName\":\"Le Regard Libre\",\"foundingDate\":\"2014-01-01\",\"numberOfEmployees\":{\"@type\":\"QuantitativeValue\",\"minValue\":\"11\",\"maxValue\":\"50\"},\"publishingPrinciples\":\"https:\/\/leregardlibre.com\/a-propos\/notre-manifeste\/\",\"ownershipFundingInfo\":\"https:\/\/leregardlibre.com\/mentions-legales\/\",\"actionableFeedbackPolicy\":\"https:\/\/leregardlibre.com\/conditions-generales-de-vente\/\"}]}<\/script>\n<!-- \/ Yoast SEO Premium plugin. -->","yoast_head_json":{"title":"Le Regard Libre - N\u00ba 80 | Le Regard Libre","robots":{"index":"index","follow":"follow","max-snippet":"max-snippet:-1","max-image-preview":"max-image-preview:large","max-video-preview":"max-video-preview:-1"},"canonical":"https:\/\/leregardlibre.com\/de\/produkt\/der-freie-blick-nr-80\/","og_locale":"de_DE","og_type":"article","og_title":"Le Regard Libre - N\u00ba 80","og_description":"Exemplaire papier Edition de d\u00e9cembre 2021 Format magazine papier chic (68 pages) SOMMAIRE: 05 | Jonas Follonier a re\u00e7u la...","og_url":"https:\/\/leregardlibre.com\/de\/produkt\/der-freie-blick-nr-80\/","og_site_name":"Le Regard Libre","article_publisher":"https:\/\/www.facebook.com\/leregardlibre\/","article_modified_time":"2024-07-10T15:35:25+00:00","og_image":[{"width":1810,"height":2560,"url":"https:\/\/leregardlibre.com\/wp-content\/uploads\/2021\/12\/Une-RL-N\u00b0-80-scaled.jpg","type":"image\/jpeg"}],"twitter_card":"summary_large_image","twitter_site":"@LeRegardLibre","twitter_misc":{"Gesch\u00e4tzte Lesezeit":"1\u00a0Minute"},"schema":{"@context":"https:\/\/schema.org","@graph":[{"@type":"WebPage","@id":"https:\/\/leregardlibre.com\/produit\/le-regard-libre-no-80\/","url":"https:\/\/leregardlibre.com\/produit\/le-regard-libre-no-80\/","name":"Le Regard Libre - N\u00ba 80 | Le Regard Libre","isPartOf":{"@id":"https:\/\/leregardlibre.com\/#website"},"primaryImageOfPage":{"@id":"https:\/\/leregardlibre.com\/produit\/le-regard-libre-no-80\/#primaryimage"},"image":{"@id":"https:\/\/leregardlibre.com\/produit\/le-regard-libre-no-80\/#primaryimage"},"thumbnailUrl":"https:\/\/leregardlibre.com\/wp-content\/uploads\/2021\/12\/Une-RL-N\u00b0-80-scaled.jpg","datePublished":"2021-12-02T20:53:58+00:00","dateModified":"2024-07-10T15:35:25+00:00","breadcrumb":{"@id":"https:\/\/leregardlibre.com\/produit\/le-regard-libre-no-80\/#breadcrumb"},"inLanguage":"de","potentialAction":[{"@type":"ReadAction","target":["https:\/\/leregardlibre.com\/produit\/le-regard-libre-no-80\/"]}]},{"@type":"ImageObject","inLanguage":"de","@id":"https:\/\/leregardlibre.com\/produit\/le-regard-libre-no-80\/#primaryimage","url":"https:\/\/leregardlibre.com\/wp-content\/uploads\/2021\/12\/Une-RL-N\u00b0-80-scaled.jpg","contentUrl":"https:\/\/leregardlibre.com\/wp-content\/uploads\/2021\/12\/Une-RL-N\u00b0-80-scaled.jpg","width":1810,"height":2560,"caption":"Une Le Regard Libre N\u00b0\u00a080 d\u00e9cembre 2021"},{"@type":"BreadcrumbList","@id":"https:\/\/leregardlibre.com\/produit\/le-regard-libre-no-80\/#breadcrumb","itemListElement":[{"@type":"ListItem","position":1,"name":"Accueil","item":"https:\/\/leregardlibre.com\/"},{"@type":"ListItem","position":2,"name":"Boutique","item":"https:\/\/leregardlibre.com\/boutique\/"},{"@type":"ListItem","position":3,"name":"Le Regard Libre &#8211; N\u00ba 80"}]},{"@type":"WebSite","@id":"https:\/\/leregardlibre.com\/#website","url":"https:\/\/leregardlibre.com\/","name":"Le Regard Libre","description":"Erste Schweizer Monatszeitschrift f\u00fcr Debatten","publisher":{"@id":"https:\/\/leregardlibre.com\/#organization"},"potentialAction":[{"@type":"SearchAction","target":{"@type":"EntryPoint","urlTemplate":"https:\/\/leregardlibre.com\/?s={search_term_string}"},"query-input":{"@type":"PropertyValueSpecification","valueRequired":true,"valueName":"search_term_string"}}],"inLanguage":"de"},{"@type":"Organization","@id":"https:\/\/leregardlibre.com\/#organization","name":"Le Regard Libre","url":"https:\/\/leregardlibre.com\/","logo":{"@type":"ImageObject","inLanguage":"de","@id":"https:\/\/leregardlibre.com\/#\/schema\/logo\/image\/","url":"https:\/\/leregardlibre.com\/wp-content\/uploads\/2025\/08\/logo-rl-icone-neg.jpeg","contentUrl":"https:\/\/leregardlibre.com\/wp-content\/uploads\/2025\/08\/logo-rl-icone-neg.jpeg","width":557,"height":556,"caption":"Le Regard Libre"},"image":{"@id":"https:\/\/leregardlibre.com\/#\/schema\/logo\/image\/"},"sameAs":["https:\/\/www.facebook.com\/leregardlibre\/","https:\/\/x.com\/LeRegardLibre","https:\/\/www.linkedin.com\/company\/le-regard-libre","https:\/\/www.instagram.com\/leregardlibre\/","http:\/\/t.me\/leregardlibre","https:\/\/youtube.com\/channel\/UC6HzGPomj1LsUmlz-sJtITQ"],"description":"Le Regard Libre ist eine Schweizer Monatszeitschrift f\u00fcr intellektuelle und kulturelle Debatten. Seine Redaktion ist jung, ehrenamtlich, liberal und pluralistisch. Das Magazin erscheint online und in gedruckter Form. Seine Sprache ist Franz\u00f6sisch.","email":"redaction@leregardlibre.com","legalName":"Le Regard Libre","foundingDate":"2014-01-01","numberOfEmployees":{"@type":"QuantitativeValue","minValue":"11","maxValue":"50"},"publishingPrinciples":"https:\/\/leregardlibre.com\/a-propos\/notre-manifeste\/","ownershipFundingInfo":"https:\/\/leregardlibre.com\/mentions-legales\/","actionableFeedbackPolicy":"https:\/\/leregardlibre.com\/conditions-generales-de-vente\/"}]}},"_links":{"self":[{"href":"https:\/\/leregardlibre.com\/de\/wp-json\/wp\/v2\/product\/43957","targetHints":{"allow":["GET"]}}],"collection":[{"href":"https:\/\/leregardlibre.com\/de\/wp-json\/wp\/v2\/product"}],"about":[{"href":"https:\/\/leregardlibre.com\/de\/wp-json\/wp\/v2\/types\/product"}],"replies":[{"embeddable":true,"href":"https:\/\/leregardlibre.com\/de\/wp-json\/wp\/v2\/comments?post=43957"}],"wp:featuredmedia":[{"embeddable":true,"href":"https:\/\/leregardlibre.com\/de\/wp-json\/wp\/v2\/media\/43960"}],"wp:attachment":[{"href":"https:\/\/leregardlibre.com\/de\/wp-json\/wp\/v2\/media?parent=43957"}],"wp:term":[{"taxonomy":"product_brand","embeddable":true,"href":"https:\/\/leregardlibre.com\/de\/wp-json\/wp\/v2\/product_brand?post=43957"},{"taxonomy":"product_cat","embeddable":true,"href":"https:\/\/leregardlibre.com\/de\/wp-json\/wp\/v2\/product_cat?post=43957"},{"taxonomy":"product_tag","embeddable":true,"href":"https:\/\/leregardlibre.com\/de\/wp-json\/wp\/v2\/product_tag?post=43957"}],"curies":[{"name":"wp","href":"https:\/\/api.w.org\/{rel}","templated":true}]}}