{"id":45408,"date":"2022-01-31T18:16:26","date_gmt":"2022-01-31T17:16:26","guid":{"rendered":"https:\/\/leregardlibre.com\/?post_type=product&#038;p=45408"},"modified":"2024-07-10T17:44:39","modified_gmt":"2024-07-10T15:44:39","slug":"der-freie-blick-nr-82","status":"publish","type":"product","link":"https:\/\/leregardlibre.com\/de\/produkt\/der-freie-blick-nr-82\/","title":{"rendered":"Le Regard Libre - Nr. 82 | Dossier IMMIGRATION"},"content":{"rendered":"<p>Le Regard Libre Nr. 82 | Dossier IMMIGRATION<br \/>\nPapierexemplar<br \/>\nAusgabe vom Februar 2022<br \/>\nSchickes Papiermagazinformat (68 Seiten)<\/p>\n<hr \/>\n<p><strong><em><a href=\"https:\/\/www.youtube.com\/watch?v=EQeU0jCvsLY\">Videopr\u00e4sentation der Ausgabe<\/a><\/em><\/strong><\/p>\n<p class=\"p1\"><strong>INHALT:<\/strong><\/p>\n<p class=\"p1\"><b>05 <\/b>| Editorial von Jonas Follonier: Sag Hallo zum Neuen <i>Regard Libre<\/i>!<br \/>\n<b>07 <\/b>| Sophie Woeldgen \u00fcber Beirut und den Kommunitarismus im Libanon<br \/>\n<b>08 <\/b><span class=\"s1\">| <\/span><span class=\"s2\">Ungew\u00f6hnliche Kurznachrichten: Ein abgew\u00e4hlter Lehrer und das Ende der Bogdanoff-Familie<br \/>\n<\/span><b>10 <\/b>| <span class=\"s3\">Leserbriefe: Eric Zemmour, Claude-Inga Barbey...<br \/>\n<\/span><b>11 <\/b>| <span class=\"s4\">Adam Smith zwischen Egoismus und Altruismus<\/span><\/p>\n<p class=\"p2\"><b>DOSSIER | Immigration: Fakten, Herausforderungen, Ideen<br \/>\n<\/b><b>16 | <\/b>Eug\u00e9nie Basti\u00e9: \u00abDie Identit\u00e4tsfrage ist im Krieg der Ideen zentral geworden\u00bb.\u00bb<br \/>\n<b>21 <\/b>| Einwanderung im Mittelpunkt der franz\u00f6sischen Pr\u00e4sidentschaftswahlen<br \/>\n<b>22 <\/b>| Die gro\u00dfe Ersetzung: Zur\u00fcck zum Text<br \/>\n<b>24 <\/b>| Ein Europa, das zwischen Misstrauen und Arbeitskr\u00e4ftebedarf gespalten ist<br \/>\n<b>26 <\/b>| Schweiz: Einwanderung in Zahlen, 1850 bis 2050<span class=\"Apple-converted-space\"><br \/>\n<\/span><b>28 <\/b>| <span class=\"s4\">Claude Calame: \u00abDie EU macht sich eines Verbrechens gegen die Menschlichkeit schuldig\u00bb.\u00bb<br \/>\n<\/span><b>32 <\/b>| <span class=\"s2\">Immigration vs. Immigrationen<\/span><\/p>\n<p class=\"p2\"><b>Kulturnachrichten<br \/>\n<\/b><b>36 <\/b>| Peter Brook, ein K\u00fcnstler, den die Jahre kr\u00f6nen<br \/>\n<b>38 <\/b>| Ein Museum am Zusammenfluss der Leben<br \/>\n<b>40 <\/b>| Wenn Intellektuell sein zum Tod f\u00fchrt<br \/>\n<b>42 <\/b>| Sylvain Tesson: Ein (verregneter) Sommer mit Rimbaud<br \/>\n<b>44 <\/b>Durch die Glasfenster von Isabelle Tabin-Darbellay, das Licht<br \/>\n<b>48 <\/b>Coghuf, der K\u00fcnstler, der auf dem \u00abR\u00f6stigraben\u00bb tanzt\u00bb<\/p>\n<p class=\"p3\"><b>Termine am Ende des Magazins<br \/>\n<\/b><b>50 <\/b>| Die Fotoreportage von Bernard L\u00e9chot: Au\u00dferhalb der Saison<br \/>\n<b>56 <\/b>| <i>Die R\u00fcckkehr<\/i>, Roman von Elliot Mazzella, Folge 2\/15<br \/>\n<b>60 <\/b>| Sport: 1956 war der Boykott im Sport eine lockere Sache<br \/>\n<b>66 <\/b>| Abonnement-Talon und Sponsoring-Formular<br \/>\n<b>67 <\/b>| Impressum<br \/>\n<b>68 <\/b>| Zitate<\/p>\n<p><a href=\"https:\/\/leregardlibre.com\/de\/produkt\/der-freie-blick-nr-81\/\"><em>Zur vorherigen Ausgabe<\/em><\/a><\/p>","protected":false},"excerpt":{"rendered":"<p>Le Regard Libre N\u00b0 82 | Dossier IMMIGRATION Exemplaire papier Edition de f\u00e9vrier 2022 Format magazine papier chic (68 pages)&#8230;<\/p>","protected":false},"featured_media":45411,"comment_status":"open","ping_status":"closed","template":"","meta":{"_acf_changed":false},"product_brand":[],"product_cat":[644340392],"product_tag":[],"class_list":{"0":"post-45408","1":"product","2":"type-product","3":"status-publish","4":"has-post-thumbnail","6":"product_cat-numeros","8":"first","9":"instock","10":"shipping-taxable","11":"purchasable","12":"product-type-variable"},"acf":[],"yoast_head":"<!-- This site is optimized with the Yoast SEO Premium plugin v27.4 (Yoast SEO v27.4) - https:\/\/yoast.com\/product\/yoast-seo-premium-wordpress\/ -->\n<title>Le Regard Libre - N\u00ba 82 | Dossier IMMIGRATION | Le Regard Libre<\/title>\n<meta name=\"description\" content=\"Mensuel Le Regard Libre, \u00e9dition de f\u00e9vrier 2022 (N\u00b0\u00a082). Dossier IMMIGRATION avec interviews d&#039;Eug\u00e9nie Basti\u00e9 et Claude Calame, analyses...\" \/>\n<meta name=\"robots\" content=\"index, follow, max-snippet:-1, max-image-preview:large, max-video-preview:-1\" \/>\n<link rel=\"canonical\" href=\"https:\/\/leregardlibre.com\/de\/produkt\/der-freie-blick-nr-82\/\" \/>\n<meta property=\"og:locale\" content=\"de_DE\" \/>\n<meta property=\"og:type\" content=\"article\" \/>\n<meta property=\"og:title\" content=\"Le Regard Libre - N\u00ba 82 | Dossier IMMIGRATION\" \/>\n<meta property=\"og:description\" content=\"Mensuel Le Regard Libre, \u00e9dition de f\u00e9vrier 2022 (N\u00b0\u00a082). Dossier IMMIGRATION avec interviews d&#039;Eug\u00e9nie Basti\u00e9 et Claude Calame, analyses...\" \/>\n<meta property=\"og:url\" content=\"https:\/\/leregardlibre.com\/de\/produkt\/der-freie-blick-nr-82\/\" \/>\n<meta property=\"og:site_name\" content=\"Le Regard Libre\" \/>\n<meta property=\"article:publisher\" content=\"https:\/\/www.facebook.com\/leregardlibre\/\" \/>\n<meta property=\"article:modified_time\" content=\"2024-07-10T15:44:39+00:00\" \/>\n<meta property=\"og:image\" content=\"https:\/\/leregardlibre.com\/wp-content\/uploads\/2022\/01\/Une-RL-N\u00b0-82-scaled.jpg\" \/>\n\t<meta property=\"og:image:width\" content=\"1810\" \/>\n\t<meta property=\"og:image:height\" content=\"2560\" \/>\n\t<meta property=\"og:image:type\" content=\"image\/jpeg\" \/>\n<meta name=\"twitter:card\" content=\"summary_large_image\" \/>\n<meta name=\"twitter:site\" content=\"@LeRegardLibre\" \/>\n<meta name=\"twitter:label1\" content=\"Gesch\u00e4tzte Lesezeit\" \/>\n\t<meta name=\"twitter:data1\" content=\"2\u00a0Minuten\" \/>\n<script type=\"application\/ld+json\" class=\"yoast-schema-graph\">{\"@context\":\"https:\\\/\\\/schema.org\",\"@graph\":[{\"@type\":\"WebPage\",\"@id\":\"https:\\\/\\\/leregardlibre.com\\\/produit\\\/le-regard-libre-no-82\\\/\",\"url\":\"https:\\\/\\\/leregardlibre.com\\\/produit\\\/le-regard-libre-no-82\\\/\",\"name\":\"Le Regard Libre - N\u00ba 82 | Dossier IMMIGRATION | Le Regard Libre\",\"isPartOf\":{\"@id\":\"https:\\\/\\\/leregardlibre.com\\\/#website\"},\"primaryImageOfPage\":{\"@id\":\"https:\\\/\\\/leregardlibre.com\\\/produit\\\/le-regard-libre-no-82\\\/#primaryimage\"},\"image\":{\"@id\":\"https:\\\/\\\/leregardlibre.com\\\/produit\\\/le-regard-libre-no-82\\\/#primaryimage\"},\"thumbnailUrl\":\"https:\\\/\\\/leregardlibre.com\\\/wp-content\\\/uploads\\\/2022\\\/01\\\/Une-RL-N\u00b0-82-scaled.jpg\",\"datePublished\":\"2022-01-31T17:16:26+00:00\",\"dateModified\":\"2024-07-10T15:44:39+00:00\",\"description\":\"Mensuel Le Regard Libre, \u00e9dition de f\u00e9vrier 2022 (N\u00b0\u00a082). Dossier IMMIGRATION avec interviews d'Eug\u00e9nie Basti\u00e9 et Claude Calame, analyses...\",\"breadcrumb\":{\"@id\":\"https:\\\/\\\/leregardlibre.com\\\/produit\\\/le-regard-libre-no-82\\\/#breadcrumb\"},\"inLanguage\":\"de\",\"potentialAction\":[{\"@type\":\"ReadAction\",\"target\":[\"https:\\\/\\\/leregardlibre.com\\\/produit\\\/le-regard-libre-no-82\\\/\"]}]},{\"@type\":\"ImageObject\",\"inLanguage\":\"de\",\"@id\":\"https:\\\/\\\/leregardlibre.com\\\/produit\\\/le-regard-libre-no-82\\\/#primaryimage\",\"url\":\"https:\\\/\\\/leregardlibre.com\\\/wp-content\\\/uploads\\\/2022\\\/01\\\/Une-RL-N\u00b0-82-scaled.jpg\",\"contentUrl\":\"https:\\\/\\\/leregardlibre.com\\\/wp-content\\\/uploads\\\/2022\\\/01\\\/Une-RL-N\u00b0-82-scaled.jpg\",\"width\":1810,\"height\":2560,\"caption\":\"Le Regard Libre N\u00b0\u00a082 (f\u00e9vrier 2022), dossier sp\u00e9cial IMMIGRATION\"},{\"@type\":\"BreadcrumbList\",\"@id\":\"https:\\\/\\\/leregardlibre.com\\\/produit\\\/le-regard-libre-no-82\\\/#breadcrumb\",\"itemListElement\":[{\"@type\":\"ListItem\",\"position\":1,\"name\":\"Accueil\",\"item\":\"https:\\\/\\\/leregardlibre.com\\\/\"},{\"@type\":\"ListItem\",\"position\":2,\"name\":\"Boutique\",\"item\":\"https:\\\/\\\/leregardlibre.com\\\/boutique\\\/\"},{\"@type\":\"ListItem\",\"position\":3,\"name\":\"Le Regard Libre &#8211; N\u00ba 82 | Dossier IMMIGRATION\"}]},{\"@type\":\"WebSite\",\"@id\":\"https:\\\/\\\/leregardlibre.com\\\/#website\",\"url\":\"https:\\\/\\\/leregardlibre.com\\\/\",\"name\":\"Le Regard Libre\",\"description\":\"Premier mensuel suisse de d\u00e9bat\",\"publisher\":{\"@id\":\"https:\\\/\\\/leregardlibre.com\\\/#organization\"},\"potentialAction\":[{\"@type\":\"SearchAction\",\"target\":{\"@type\":\"EntryPoint\",\"urlTemplate\":\"https:\\\/\\\/leregardlibre.com\\\/?s={search_term_string}\"},\"query-input\":{\"@type\":\"PropertyValueSpecification\",\"valueRequired\":true,\"valueName\":\"search_term_string\"}}],\"inLanguage\":\"de\"},{\"@type\":\"Organization\",\"@id\":\"https:\\\/\\\/leregardlibre.com\\\/#organization\",\"name\":\"Le Regard Libre\",\"url\":\"https:\\\/\\\/leregardlibre.com\\\/\",\"logo\":{\"@type\":\"ImageObject\",\"inLanguage\":\"de\",\"@id\":\"https:\\\/\\\/leregardlibre.com\\\/#\\\/schema\\\/logo\\\/image\\\/\",\"url\":\"https:\\\/\\\/leregardlibre.com\\\/wp-content\\\/uploads\\\/2025\\\/08\\\/logo-rl-icone-neg.jpeg\",\"contentUrl\":\"https:\\\/\\\/leregardlibre.com\\\/wp-content\\\/uploads\\\/2025\\\/08\\\/logo-rl-icone-neg.jpeg\",\"width\":557,\"height\":556,\"caption\":\"Le Regard Libre\"},\"image\":{\"@id\":\"https:\\\/\\\/leregardlibre.com\\\/#\\\/schema\\\/logo\\\/image\\\/\"},\"sameAs\":[\"https:\\\/\\\/www.facebook.com\\\/leregardlibre\\\/\",\"https:\\\/\\\/x.com\\\/LeRegardLibre\",\"https:\\\/\\\/www.linkedin.com\\\/company\\\/le-regard-libre\",\"https:\\\/\\\/www.instagram.com\\\/leregardlibre\\\/\",\"http:\\\/\\\/t.me\\\/leregardlibre\",\"https:\\\/\\\/youtube.com\\\/channel\\\/UC6HzGPomj1LsUmlz-sJtITQ\"],\"description\":\"Le Regard Libre est un mensuel suisse de d\u00e9bat intellectuel et culturel. Sa r\u00e9daction est jeune, b\u00e9n\u00e9vole, lib\u00e9rale et pluraliste. Le magazine para\u00eet en ligne et sous forme papier. Sa langue est le fran\u00e7ais.\",\"email\":\"redaction@leregardlibre.com\",\"legalName\":\"Le Regard Libre\",\"foundingDate\":\"2014-01-01\",\"numberOfEmployees\":{\"@type\":\"QuantitativeValue\",\"minValue\":\"11\",\"maxValue\":\"50\"},\"publishingPrinciples\":\"https:\\\/\\\/leregardlibre.com\\\/a-propos\\\/notre-manifeste\\\/\",\"ownershipFundingInfo\":\"https:\\\/\\\/leregardlibre.com\\\/mentions-legales\\\/\",\"actionableFeedbackPolicy\":\"https:\\\/\\\/leregardlibre.com\\\/conditions-generales-de-vente\\\/\"}]}<\/script>\n<!-- \/ Yoast SEO Premium plugin. -->","yoast_head_json":{"title":"Le Regard Libre - Nr. 82 | Dossier IMMIGRATION | Le Regard Libre","description":"Monatszeitschrift Le Regard Libre, Ausgabe vom Februar 2022 (Nr. 82). Dossier IMMIGRATION mit Interviews von Eug\u00e9nie Basti\u00e9 und Claude Calame, Analysen...","robots":{"index":"index","follow":"follow","max-snippet":"max-snippet:-1","max-image-preview":"max-image-preview:large","max-video-preview":"max-video-preview:-1"},"canonical":"https:\/\/leregardlibre.com\/de\/produkt\/der-freie-blick-nr-82\/","og_locale":"de_DE","og_type":"article","og_title":"Le Regard Libre - N\u00ba 82 | Dossier IMMIGRATION","og_description":"Mensuel Le Regard Libre, \u00e9dition de f\u00e9vrier 2022 (N\u00b0\u00a082). Dossier IMMIGRATION avec interviews d'Eug\u00e9nie Basti\u00e9 et Claude Calame, analyses...","og_url":"https:\/\/leregardlibre.com\/de\/produkt\/der-freie-blick-nr-82\/","og_site_name":"Le Regard Libre","article_publisher":"https:\/\/www.facebook.com\/leregardlibre\/","article_modified_time":"2024-07-10T15:44:39+00:00","og_image":[{"width":1810,"height":2560,"url":"https:\/\/leregardlibre.com\/wp-content\/uploads\/2022\/01\/Une-RL-N\u00b0-82-scaled.jpg","type":"image\/jpeg"}],"twitter_card":"summary_large_image","twitter_site":"@LeRegardLibre","twitter_misc":{"Gesch\u00e4tzte Lesezeit":"2\u00a0Minuten"},"schema":{"@context":"https:\/\/schema.org","@graph":[{"@type":"WebPage","@id":"https:\/\/leregardlibre.com\/produit\/le-regard-libre-no-82\/","url":"https:\/\/leregardlibre.com\/produit\/le-regard-libre-no-82\/","name":"Le Regard Libre - Nr. 82 | Dossier IMMIGRATION | Le Regard Libre","isPartOf":{"@id":"https:\/\/leregardlibre.com\/#website"},"primaryImageOfPage":{"@id":"https:\/\/leregardlibre.com\/produit\/le-regard-libre-no-82\/#primaryimage"},"image":{"@id":"https:\/\/leregardlibre.com\/produit\/le-regard-libre-no-82\/#primaryimage"},"thumbnailUrl":"https:\/\/leregardlibre.com\/wp-content\/uploads\/2022\/01\/Une-RL-N\u00b0-82-scaled.jpg","datePublished":"2022-01-31T17:16:26+00:00","dateModified":"2024-07-10T15:44:39+00:00","description":"Monatszeitschrift Le Regard Libre, Ausgabe vom Februar 2022 (Nr. 82). Dossier IMMIGRATION mit Interviews von Eug\u00e9nie Basti\u00e9 und Claude Calame, Analysen...","breadcrumb":{"@id":"https:\/\/leregardlibre.com\/produit\/le-regard-libre-no-82\/#breadcrumb"},"inLanguage":"de","potentialAction":[{"@type":"ReadAction","target":["https:\/\/leregardlibre.com\/produit\/le-regard-libre-no-82\/"]}]},{"@type":"ImageObject","inLanguage":"de","@id":"https:\/\/leregardlibre.com\/produit\/le-regard-libre-no-82\/#primaryimage","url":"https:\/\/leregardlibre.com\/wp-content\/uploads\/2022\/01\/Une-RL-N\u00b0-82-scaled.jpg","contentUrl":"https:\/\/leregardlibre.com\/wp-content\/uploads\/2022\/01\/Une-RL-N\u00b0-82-scaled.jpg","width":1810,"height":2560,"caption":"Le Regard Libre N\u00b0\u00a082 (f\u00e9vrier 2022), dossier sp\u00e9cial IMMIGRATION"},{"@type":"BreadcrumbList","@id":"https:\/\/leregardlibre.com\/produit\/le-regard-libre-no-82\/#breadcrumb","itemListElement":[{"@type":"ListItem","position":1,"name":"Accueil","item":"https:\/\/leregardlibre.com\/"},{"@type":"ListItem","position":2,"name":"Boutique","item":"https:\/\/leregardlibre.com\/boutique\/"},{"@type":"ListItem","position":3,"name":"Le Regard Libre &#8211; N\u00ba 82 | Dossier IMMIGRATION"}]},{"@type":"WebSite","@id":"https:\/\/leregardlibre.com\/#website","url":"https:\/\/leregardlibre.com\/","name":"Le Regard Libre","description":"Erste Schweizer Monatszeitschrift f\u00fcr Debatten","publisher":{"@id":"https:\/\/leregardlibre.com\/#organization"},"potentialAction":[{"@type":"SearchAction","target":{"@type":"EntryPoint","urlTemplate":"https:\/\/leregardlibre.com\/?s={search_term_string}"},"query-input":{"@type":"PropertyValueSpecification","valueRequired":true,"valueName":"search_term_string"}}],"inLanguage":"de"},{"@type":"Organization","@id":"https:\/\/leregardlibre.com\/#organization","name":"Le Regard Libre","url":"https:\/\/leregardlibre.com\/","logo":{"@type":"ImageObject","inLanguage":"de","@id":"https:\/\/leregardlibre.com\/#\/schema\/logo\/image\/","url":"https:\/\/leregardlibre.com\/wp-content\/uploads\/2025\/08\/logo-rl-icone-neg.jpeg","contentUrl":"https:\/\/leregardlibre.com\/wp-content\/uploads\/2025\/08\/logo-rl-icone-neg.jpeg","width":557,"height":556,"caption":"Le Regard Libre"},"image":{"@id":"https:\/\/leregardlibre.com\/#\/schema\/logo\/image\/"},"sameAs":["https:\/\/www.facebook.com\/leregardlibre\/","https:\/\/x.com\/LeRegardLibre","https:\/\/www.linkedin.com\/company\/le-regard-libre","https:\/\/www.instagram.com\/leregardlibre\/","http:\/\/t.me\/leregardlibre","https:\/\/youtube.com\/channel\/UC6HzGPomj1LsUmlz-sJtITQ"],"description":"Le Regard Libre ist eine Schweizer Monatszeitschrift f\u00fcr intellektuelle und kulturelle Debatten. Seine Redaktion ist jung, ehrenamtlich, liberal und pluralistisch. Das Magazin erscheint online und in gedruckter Form. Seine Sprache ist Franz\u00f6sisch.","email":"redaction@leregardlibre.com","legalName":"Le Regard Libre","foundingDate":"2014-01-01","numberOfEmployees":{"@type":"QuantitativeValue","minValue":"11","maxValue":"50"},"publishingPrinciples":"https:\/\/leregardlibre.com\/a-propos\/notre-manifeste\/","ownershipFundingInfo":"https:\/\/leregardlibre.com\/mentions-legales\/","actionableFeedbackPolicy":"https:\/\/leregardlibre.com\/conditions-generales-de-vente\/"}]}},"_links":{"self":[{"href":"https:\/\/leregardlibre.com\/de\/wp-json\/wp\/v2\/product\/45408","targetHints":{"allow":["GET"]}}],"collection":[{"href":"https:\/\/leregardlibre.com\/de\/wp-json\/wp\/v2\/product"}],"about":[{"href":"https:\/\/leregardlibre.com\/de\/wp-json\/wp\/v2\/types\/product"}],"replies":[{"embeddable":true,"href":"https:\/\/leregardlibre.com\/de\/wp-json\/wp\/v2\/comments?post=45408"}],"wp:featuredmedia":[{"embeddable":true,"href":"https:\/\/leregardlibre.com\/de\/wp-json\/wp\/v2\/media\/45411"}],"wp:attachment":[{"href":"https:\/\/leregardlibre.com\/de\/wp-json\/wp\/v2\/media?parent=45408"}],"wp:term":[{"taxonomy":"product_brand","embeddable":true,"href":"https:\/\/leregardlibre.com\/de\/wp-json\/wp\/v2\/product_brand?post=45408"},{"taxonomy":"product_cat","embeddable":true,"href":"https:\/\/leregardlibre.com\/de\/wp-json\/wp\/v2\/product_cat?post=45408"},{"taxonomy":"product_tag","embeddable":true,"href":"https:\/\/leregardlibre.com\/de\/wp-json\/wp\/v2\/product_tag?post=45408"}],"curies":[{"name":"wp","href":"https:\/\/api.w.org\/{rel}","templated":true}]}}