{"id":46515,"date":"2022-03-02T19:29:58","date_gmt":"2022-03-02T18:29:58","guid":{"rendered":"https:\/\/leregardlibre.com\/?post_type=product&#038;p=46515"},"modified":"2025-06-02T21:37:29","modified_gmt":"2025-06-02T19:37:29","slug":"der-freie-blick-nr-83","status":"publish","type":"product","link":"https:\/\/leregardlibre.com\/de\/produkt\/der-freie-blick-nr-83\/","title":{"rendered":"Le Regard Libre - Nr. 83 | Dossier IRONIE"},"content":{"rendered":"<p><em>Le Regard Libre<\/em> N\u00b0 83<br \/>\nPapierexemplar<br \/>\nAusgabe vom M\u00e4rz 2022<br \/>\nSchickes Papiermagazinformat (68 Seiten)<\/p>\n<hr \/>\n<p class=\"p1\"><b><em><a href=\"https:\/\/www.youtube.com\/watch?v=EQeU0jCvsLY\">Videopr\u00e4sentation der Ausgabe<\/a><\/em><\/b><\/p>\n<p class=\"p1\"><b>INHALT:<\/b><\/p>\n<p><strong>05<\/strong> | Editorial von Jonas Follonier: Keine Demokratie ohne Ironie<br \/>\n<b>07 <\/b>| <span class=\"s1\">Die Lesung von Pascal Couchepin: <i>Glanz und Schande<br \/>\n<\/i><\/span><b>08 <\/b>| Tribune: \u00abVon einem Essentialismus zum anderen\u00bb.\u00bb<br \/>\n<b>10 <\/b><span class=\"s2\">| <\/span><span class=\"s3\">Ungew\u00f6hnliche Kurznachrichten: Handyfreie Tage und ein \u00abschwangerer Mann\u00bb-Emoji\u00bb<br \/>\n<\/span><b>12 <\/b>| Wer will f\u00fcr die Demokratie k\u00e4mpfen?<\/p>\n<p class=\"p2\"><b><span class=\"Apple-converted-space\">\u00a0<\/span>Dossier: Ironie und ihre Gefahren<br \/>\n<\/b><b>16 | <\/b>Patrick Chappatte: \u00abWir kommen in eine Gesellschaft, die die Ironie nicht mehr versteht\u00bb.\u00bb<b><span class=\"Apple-converted-space\"><br \/>\n<\/span>21 <\/b>Ironie als roter Faden in der franz\u00f6sischen Literatur<br \/>\n<b>22 <\/b>Das Recht auf freie Meinungs\u00e4u\u00dferung muss immer wieder neu errungen werden<br \/>\n<b>24 <\/b>| Keine Polemik ist unschuldig<br \/>\n<b>26 <\/b>Philippe Val: \u00abHumor setzt den Sinn f\u00fcr das Tragische voraus\u00bb.\u00bb<span class=\"Apple-converted-space\"><br \/>\n<\/span><b>32 <\/b>| <i>Der Seher von Etampes<\/i>, Ein Wokistador-Roman?<br \/>\n<b>36 <\/b>| Wenn die zeitgen\u00f6ssische Kunst ihre eigene Satire betreibt<br \/>\n<b>38 <\/b>| Lachen im Kino - immer noch eine Protesthandlung?<\/p>\n<p class=\"p2\"><b>Kulturnachrichten<br \/>\n<\/b><b>42 <\/b>| <i>K\u00f6nigliche Villa<\/i>, die Flucht in die Ideen<br \/>\n<b>44 <\/b>| <span class=\"s1\"><i>Unsere Blumen des B\u00f6sen<\/i>, Ein zeitgen\u00f6ssisches Pastiche von Baudelaire<br \/>\n<\/span><b>46 <\/b>| Ein St\u00fcck, das die Trauer begleitet und unsere Toten ehrt<br \/>\n<b>48 <\/b>| Fondation Gianadda: Jean Dubuffet - auf Bew\u00e4hrung!<\/p>\n<p class=\"p3\"><b>Termine am Ende des Magazins<br \/>\n<\/b><b>50 <\/b>| Die Fotoreportage von Bernard L\u00e9chot: <i>Silhouetten<br \/>\n<\/i><b>56 <\/b>| <i>Die R\u00fcckkehr<\/i>, Roman von Elliot Mazzella, Folge 3\/15<br \/>\n<b>60 <\/b>| <span class=\"s1\">Sport: Br\u00fccken bauen zwischen Gaza, dem Westjordanland und der Welt<br \/>\n<\/span><b>66 <\/b>| Abonnement-Talon und Sponsoring-Formular<br \/>\n<b>67 <\/b>| Impressum<br \/>\n<b>68 <\/b>| Zitate<\/p>\n<p><a href=\"https:\/\/leregardlibre.com\/de\/produkt\/der-freie-blick-nr-82\/\"><em>Zur vorherigen Ausgabe<\/em><\/a><\/p>","protected":false},"excerpt":{"rendered":"<p>Le Regard Libre N\u00b0 83 Exemplaire papier Edition de mars 2022 Format magazine papier chic (68 pages) Pr\u00e9sentation vid\u00e9o du&#8230;<\/p>","protected":false},"featured_media":46516,"comment_status":"open","ping_status":"closed","template":"","meta":{"_acf_changed":false},"product_brand":[],"product_cat":[644340392],"product_tag":[],"class_list":{"0":"post-46515","1":"product","2":"type-product","3":"status-publish","4":"has-post-thumbnail","6":"product_cat-numeros","8":"first","9":"instock","10":"shipping-taxable","11":"purchasable","12":"product-type-variable"},"acf":[],"yoast_head":"<!-- This site is optimized with the Yoast SEO Premium plugin v27.4 (Yoast SEO v27.4) - https:\/\/yoast.com\/product\/yoast-seo-premium-wordpress\/ -->\n<title>Le Regard Libre - N\u00ba 83 | Dossier IRONIE | Le Regard Libre<\/title>\n<meta name=\"description\" content=\"Mensuel Le Regard Libre, \u00e9dition de mars 2022 (N\u00b0\u00a083): dossier IRONIE avec interviews de Patrick Chappatte et Philippe Val, analyses...\" \/>\n<meta name=\"robots\" content=\"index, follow, max-snippet:-1, max-image-preview:large, max-video-preview:-1\" \/>\n<link rel=\"canonical\" href=\"https:\/\/leregardlibre.com\/de\/produkt\/der-freie-blick-nr-83\/\" \/>\n<meta property=\"og:locale\" content=\"de_DE\" \/>\n<meta property=\"og:type\" content=\"article\" \/>\n<meta property=\"og:title\" content=\"Le Regard Libre - N\u00ba 83 | Dossier IRONIE\" \/>\n<meta property=\"og:description\" content=\"Mensuel Le Regard Libre, \u00e9dition de mars 2022 (N\u00b0\u00a083): dossier IRONIE avec interviews de Patrick Chappatte et Philippe Val, analyses...\" \/>\n<meta property=\"og:url\" content=\"https:\/\/leregardlibre.com\/de\/produkt\/der-freie-blick-nr-83\/\" \/>\n<meta property=\"og:site_name\" content=\"Le Regard Libre\" \/>\n<meta property=\"article:publisher\" content=\"https:\/\/www.facebook.com\/leregardlibre\/\" \/>\n<meta property=\"article:modified_time\" content=\"2025-06-02T19:37:29+00:00\" \/>\n<meta property=\"og:image\" content=\"https:\/\/leregardlibre.com\/wp-content\/uploads\/2022\/03\/Une-RL-N\u00b0-83-scaled.jpg\" \/>\n\t<meta property=\"og:image:width\" content=\"1810\" \/>\n\t<meta property=\"og:image:height\" content=\"2560\" \/>\n\t<meta property=\"og:image:type\" content=\"image\/jpeg\" \/>\n<meta name=\"twitter:card\" content=\"summary_large_image\" \/>\n<meta name=\"twitter:site\" content=\"@LeRegardLibre\" \/>\n<meta name=\"twitter:label1\" content=\"Gesch\u00e4tzte Lesezeit\" \/>\n\t<meta name=\"twitter:data1\" content=\"2\u00a0Minuten\" \/>\n<script type=\"application\/ld+json\" class=\"yoast-schema-graph\">{\"@context\":\"https:\\\/\\\/schema.org\",\"@graph\":[{\"@type\":\"WebPage\",\"@id\":\"https:\\\/\\\/leregardlibre.com\\\/produit\\\/le-regard-libre-no-83\\\/\",\"url\":\"https:\\\/\\\/leregardlibre.com\\\/produit\\\/le-regard-libre-no-83\\\/\",\"name\":\"Le Regard Libre - N\u00ba 83 | Dossier IRONIE | Le Regard Libre\",\"isPartOf\":{\"@id\":\"https:\\\/\\\/leregardlibre.com\\\/#website\"},\"primaryImageOfPage\":{\"@id\":\"https:\\\/\\\/leregardlibre.com\\\/produit\\\/le-regard-libre-no-83\\\/#primaryimage\"},\"image\":{\"@id\":\"https:\\\/\\\/leregardlibre.com\\\/produit\\\/le-regard-libre-no-83\\\/#primaryimage\"},\"thumbnailUrl\":\"https:\\\/\\\/leregardlibre.com\\\/wp-content\\\/uploads\\\/2022\\\/03\\\/Une-RL-N\u00b0-83-scaled.jpg\",\"datePublished\":\"2022-03-02T18:29:58+00:00\",\"dateModified\":\"2025-06-02T19:37:29+00:00\",\"description\":\"Mensuel Le Regard Libre, \u00e9dition de mars 2022 (N\u00b0\u00a083): dossier IRONIE avec interviews de Patrick Chappatte et Philippe Val, analyses...\",\"breadcrumb\":{\"@id\":\"https:\\\/\\\/leregardlibre.com\\\/produit\\\/le-regard-libre-no-83\\\/#breadcrumb\"},\"inLanguage\":\"de\",\"potentialAction\":[{\"@type\":\"ReadAction\",\"target\":[\"https:\\\/\\\/leregardlibre.com\\\/produit\\\/le-regard-libre-no-83\\\/\"]}]},{\"@type\":\"ImageObject\",\"inLanguage\":\"de\",\"@id\":\"https:\\\/\\\/leregardlibre.com\\\/produit\\\/le-regard-libre-no-83\\\/#primaryimage\",\"url\":\"https:\\\/\\\/leregardlibre.com\\\/wp-content\\\/uploads\\\/2022\\\/03\\\/Une-RL-N\u00b0-83-scaled.jpg\",\"contentUrl\":\"https:\\\/\\\/leregardlibre.com\\\/wp-content\\\/uploads\\\/2022\\\/03\\\/Une-RL-N\u00b0-83-scaled.jpg\",\"width\":1810,\"height\":2560,\"caption\":\"Le Regard Libre N\u00b0\u00a083 (mars 2022), dossier sp\u00e9cial IRONIE\"},{\"@type\":\"BreadcrumbList\",\"@id\":\"https:\\\/\\\/leregardlibre.com\\\/produit\\\/le-regard-libre-no-83\\\/#breadcrumb\",\"itemListElement\":[{\"@type\":\"ListItem\",\"position\":1,\"name\":\"Accueil\",\"item\":\"https:\\\/\\\/leregardlibre.com\\\/\"},{\"@type\":\"ListItem\",\"position\":2,\"name\":\"Boutique\",\"item\":\"https:\\\/\\\/leregardlibre.com\\\/boutique\\\/\"},{\"@type\":\"ListItem\",\"position\":3,\"name\":\"Le Regard Libre &#8211; N\u00ba 83 | Dossier IRONIE\"}]},{\"@type\":\"WebSite\",\"@id\":\"https:\\\/\\\/leregardlibre.com\\\/#website\",\"url\":\"https:\\\/\\\/leregardlibre.com\\\/\",\"name\":\"Le Regard Libre\",\"description\":\"Premier mensuel suisse de d\u00e9bat\",\"publisher\":{\"@id\":\"https:\\\/\\\/leregardlibre.com\\\/#organization\"},\"potentialAction\":[{\"@type\":\"SearchAction\",\"target\":{\"@type\":\"EntryPoint\",\"urlTemplate\":\"https:\\\/\\\/leregardlibre.com\\\/?s={search_term_string}\"},\"query-input\":{\"@type\":\"PropertyValueSpecification\",\"valueRequired\":true,\"valueName\":\"search_term_string\"}}],\"inLanguage\":\"de\"},{\"@type\":\"Organization\",\"@id\":\"https:\\\/\\\/leregardlibre.com\\\/#organization\",\"name\":\"Le Regard Libre\",\"url\":\"https:\\\/\\\/leregardlibre.com\\\/\",\"logo\":{\"@type\":\"ImageObject\",\"inLanguage\":\"de\",\"@id\":\"https:\\\/\\\/leregardlibre.com\\\/#\\\/schema\\\/logo\\\/image\\\/\",\"url\":\"https:\\\/\\\/leregardlibre.com\\\/wp-content\\\/uploads\\\/2025\\\/08\\\/logo-rl-icone-neg.jpeg\",\"contentUrl\":\"https:\\\/\\\/leregardlibre.com\\\/wp-content\\\/uploads\\\/2025\\\/08\\\/logo-rl-icone-neg.jpeg\",\"width\":557,\"height\":556,\"caption\":\"Le Regard Libre\"},\"image\":{\"@id\":\"https:\\\/\\\/leregardlibre.com\\\/#\\\/schema\\\/logo\\\/image\\\/\"},\"sameAs\":[\"https:\\\/\\\/www.facebook.com\\\/leregardlibre\\\/\",\"https:\\\/\\\/x.com\\\/LeRegardLibre\",\"https:\\\/\\\/www.linkedin.com\\\/company\\\/le-regard-libre\",\"https:\\\/\\\/www.instagram.com\\\/leregardlibre\\\/\",\"http:\\\/\\\/t.me\\\/leregardlibre\",\"https:\\\/\\\/youtube.com\\\/channel\\\/UC6HzGPomj1LsUmlz-sJtITQ\"],\"description\":\"Le Regard Libre est un mensuel suisse de d\u00e9bat intellectuel et culturel. Sa r\u00e9daction est jeune, b\u00e9n\u00e9vole, lib\u00e9rale et pluraliste. Le magazine para\u00eet en ligne et sous forme papier. Sa langue est le fran\u00e7ais.\",\"email\":\"redaction@leregardlibre.com\",\"legalName\":\"Le Regard Libre\",\"foundingDate\":\"2014-01-01\",\"numberOfEmployees\":{\"@type\":\"QuantitativeValue\",\"minValue\":\"11\",\"maxValue\":\"50\"},\"publishingPrinciples\":\"https:\\\/\\\/leregardlibre.com\\\/a-propos\\\/notre-manifeste\\\/\",\"ownershipFundingInfo\":\"https:\\\/\\\/leregardlibre.com\\\/mentions-legales\\\/\",\"actionableFeedbackPolicy\":\"https:\\\/\\\/leregardlibre.com\\\/conditions-generales-de-vente\\\/\"}]}<\/script>\n<!-- \/ Yoast SEO Premium plugin. -->","yoast_head_json":{"title":"Le Regard Libre - Nr. 83 | Dossier IRONIE | Le Regard Libre","description":"Monatszeitschrift Le Regard Libre, Ausgabe M\u00e4rz 2022 (Nr. 83): Dossier IRONIE mit Interviews von Patrick Chappatte und Philippe Val, Analysen...","robots":{"index":"index","follow":"follow","max-snippet":"max-snippet:-1","max-image-preview":"max-image-preview:large","max-video-preview":"max-video-preview:-1"},"canonical":"https:\/\/leregardlibre.com\/de\/produkt\/der-freie-blick-nr-83\/","og_locale":"de_DE","og_type":"article","og_title":"Le Regard Libre - N\u00ba 83 | Dossier IRONIE","og_description":"Mensuel Le Regard Libre, \u00e9dition de mars 2022 (N\u00b0\u00a083): dossier IRONIE avec interviews de Patrick Chappatte et Philippe Val, analyses...","og_url":"https:\/\/leregardlibre.com\/de\/produkt\/der-freie-blick-nr-83\/","og_site_name":"Le Regard Libre","article_publisher":"https:\/\/www.facebook.com\/leregardlibre\/","article_modified_time":"2025-06-02T19:37:29+00:00","og_image":[{"width":1810,"height":2560,"url":"https:\/\/leregardlibre.com\/wp-content\/uploads\/2022\/03\/Une-RL-N\u00b0-83-scaled.jpg","type":"image\/jpeg"}],"twitter_card":"summary_large_image","twitter_site":"@LeRegardLibre","twitter_misc":{"Gesch\u00e4tzte Lesezeit":"2\u00a0Minuten"},"schema":{"@context":"https:\/\/schema.org","@graph":[{"@type":"WebPage","@id":"https:\/\/leregardlibre.com\/produit\/le-regard-libre-no-83\/","url":"https:\/\/leregardlibre.com\/produit\/le-regard-libre-no-83\/","name":"Le Regard Libre - Nr. 83 | Dossier IRONIE | Le Regard Libre","isPartOf":{"@id":"https:\/\/leregardlibre.com\/#website"},"primaryImageOfPage":{"@id":"https:\/\/leregardlibre.com\/produit\/le-regard-libre-no-83\/#primaryimage"},"image":{"@id":"https:\/\/leregardlibre.com\/produit\/le-regard-libre-no-83\/#primaryimage"},"thumbnailUrl":"https:\/\/leregardlibre.com\/wp-content\/uploads\/2022\/03\/Une-RL-N\u00b0-83-scaled.jpg","datePublished":"2022-03-02T18:29:58+00:00","dateModified":"2025-06-02T19:37:29+00:00","description":"Monatszeitschrift Le Regard Libre, Ausgabe M\u00e4rz 2022 (Nr. 83): Dossier IRONIE mit Interviews von Patrick Chappatte und Philippe Val, Analysen...","breadcrumb":{"@id":"https:\/\/leregardlibre.com\/produit\/le-regard-libre-no-83\/#breadcrumb"},"inLanguage":"de","potentialAction":[{"@type":"ReadAction","target":["https:\/\/leregardlibre.com\/produit\/le-regard-libre-no-83\/"]}]},{"@type":"ImageObject","inLanguage":"de","@id":"https:\/\/leregardlibre.com\/produit\/le-regard-libre-no-83\/#primaryimage","url":"https:\/\/leregardlibre.com\/wp-content\/uploads\/2022\/03\/Une-RL-N\u00b0-83-scaled.jpg","contentUrl":"https:\/\/leregardlibre.com\/wp-content\/uploads\/2022\/03\/Une-RL-N\u00b0-83-scaled.jpg","width":1810,"height":2560,"caption":"Le Regard Libre N\u00b0\u00a083 (mars 2022), dossier sp\u00e9cial IRONIE"},{"@type":"BreadcrumbList","@id":"https:\/\/leregardlibre.com\/produit\/le-regard-libre-no-83\/#breadcrumb","itemListElement":[{"@type":"ListItem","position":1,"name":"Accueil","item":"https:\/\/leregardlibre.com\/"},{"@type":"ListItem","position":2,"name":"Boutique","item":"https:\/\/leregardlibre.com\/boutique\/"},{"@type":"ListItem","position":3,"name":"Le Regard Libre &#8211; N\u00ba 83 | Dossier IRONIE"}]},{"@type":"WebSite","@id":"https:\/\/leregardlibre.com\/#website","url":"https:\/\/leregardlibre.com\/","name":"Le Regard Libre","description":"Erste Schweizer Monatszeitschrift f\u00fcr Debatten","publisher":{"@id":"https:\/\/leregardlibre.com\/#organization"},"potentialAction":[{"@type":"SearchAction","target":{"@type":"EntryPoint","urlTemplate":"https:\/\/leregardlibre.com\/?s={search_term_string}"},"query-input":{"@type":"PropertyValueSpecification","valueRequired":true,"valueName":"search_term_string"}}],"inLanguage":"de"},{"@type":"Organization","@id":"https:\/\/leregardlibre.com\/#organization","name":"Le Regard Libre","url":"https:\/\/leregardlibre.com\/","logo":{"@type":"ImageObject","inLanguage":"de","@id":"https:\/\/leregardlibre.com\/#\/schema\/logo\/image\/","url":"https:\/\/leregardlibre.com\/wp-content\/uploads\/2025\/08\/logo-rl-icone-neg.jpeg","contentUrl":"https:\/\/leregardlibre.com\/wp-content\/uploads\/2025\/08\/logo-rl-icone-neg.jpeg","width":557,"height":556,"caption":"Le Regard Libre"},"image":{"@id":"https:\/\/leregardlibre.com\/#\/schema\/logo\/image\/"},"sameAs":["https:\/\/www.facebook.com\/leregardlibre\/","https:\/\/x.com\/LeRegardLibre","https:\/\/www.linkedin.com\/company\/le-regard-libre","https:\/\/www.instagram.com\/leregardlibre\/","http:\/\/t.me\/leregardlibre","https:\/\/youtube.com\/channel\/UC6HzGPomj1LsUmlz-sJtITQ"],"description":"Le Regard Libre ist eine Schweizer Monatszeitschrift f\u00fcr intellektuelle und kulturelle Debatten. Seine Redaktion ist jung, ehrenamtlich, liberal und pluralistisch. Das Magazin erscheint online und in gedruckter Form. Seine Sprache ist Franz\u00f6sisch.","email":"redaction@leregardlibre.com","legalName":"Le Regard Libre","foundingDate":"2014-01-01","numberOfEmployees":{"@type":"QuantitativeValue","minValue":"11","maxValue":"50"},"publishingPrinciples":"https:\/\/leregardlibre.com\/a-propos\/notre-manifeste\/","ownershipFundingInfo":"https:\/\/leregardlibre.com\/mentions-legales\/","actionableFeedbackPolicy":"https:\/\/leregardlibre.com\/conditions-generales-de-vente\/"}]}},"_links":{"self":[{"href":"https:\/\/leregardlibre.com\/de\/wp-json\/wp\/v2\/product\/46515","targetHints":{"allow":["GET"]}}],"collection":[{"href":"https:\/\/leregardlibre.com\/de\/wp-json\/wp\/v2\/product"}],"about":[{"href":"https:\/\/leregardlibre.com\/de\/wp-json\/wp\/v2\/types\/product"}],"replies":[{"embeddable":true,"href":"https:\/\/leregardlibre.com\/de\/wp-json\/wp\/v2\/comments?post=46515"}],"wp:featuredmedia":[{"embeddable":true,"href":"https:\/\/leregardlibre.com\/de\/wp-json\/wp\/v2\/media\/46516"}],"wp:attachment":[{"href":"https:\/\/leregardlibre.com\/de\/wp-json\/wp\/v2\/media?parent=46515"}],"wp:term":[{"taxonomy":"product_brand","embeddable":true,"href":"https:\/\/leregardlibre.com\/de\/wp-json\/wp\/v2\/product_brand?post=46515"},{"taxonomy":"product_cat","embeddable":true,"href":"https:\/\/leregardlibre.com\/de\/wp-json\/wp\/v2\/product_cat?post=46515"},{"taxonomy":"product_tag","embeddable":true,"href":"https:\/\/leregardlibre.com\/de\/wp-json\/wp\/v2\/product_tag?post=46515"}],"curies":[{"name":"wp","href":"https:\/\/api.w.org\/{rel}","templated":true}]}}