{"id":47463,"date":"2022-03-31T20:27:07","date_gmt":"2022-03-31T18:27:07","guid":{"rendered":"https:\/\/leregardlibre.com\/?post_type=product&#038;p=47463"},"modified":"2025-06-02T21:37:57","modified_gmt":"2025-06-02T19:37:57","slug":"le-regard-libre-nr-84-dossier-ukraine","status":"publish","type":"product","link":"https:\/\/leregardlibre.com\/de\/produkt\/le-regard-libre-nr-84-dossier-ukraine\/","title":{"rendered":"Le Regard Libre - Nr. 84 | Dossier UKRAINE"},"content":{"rendered":"<p><em>Le Regard Libre<\/em> Nr. 84 | Dossier UKRAINE<br \/>\nPapierexemplar<br \/>\nAusgabe vom April 2022<br \/>\nSchickes Papiermagazinformat (68 Seiten)<\/p>\n<hr \/>\n<p class=\"p1\"><b>INHALT:<br \/>\n<\/b><b>05 <\/b>| Das Editorial: Wenn eine Monatszeitschrift auf die Aktualit\u00e4t trifft<br \/>\n<b>07 <\/b>| <span class=\"s1\"><a href=\"https:\/\/fr.wikipedia.org\/wiki\/Quentin_Mouron\">Quentin Mouron<\/a>: \u00abDer Kapitalismus z\u00e4hlt seine Toten nicht\u00bb.\u00bb<br \/>\n<\/span><b>08 <\/b><span class=\"s2\">| <\/span><span class=\"s1\">Ungew\u00f6hnliche Kurznachrichten: Schriftsteller-B\u00e4r und gemeinsames Sorgerecht f\u00fcr Tiere<br \/>\n<\/span><b>10 <\/b>Der Fall Sarah Halimi offenbart die Br\u00fcche in Frankreich<\/p>\n<p class=\"p2\"><b>Spezial: Ein neuer Krieg in Europa<br \/>\n<\/b><b>16 <\/b>| Die Ukraine existiert: ihre Geschichte<span class=\"Apple-converted-space\"><br \/>\n<\/span><b>18 <\/b>| Auf dem Weg zu einer neuen geopolitischen Weltordnung<br \/>\n<b>21 <\/b>| Krieg 2.0 in sozialen Netzwerken<br \/>\n<b>24 <\/b>| <a href=\"https:\/\/fr.wikipedia.org\/wiki\/Pascal_Couchepin\">Pascal Couchepin<\/a> erz\u00e4hlt von seinem Treffen mit Putin<\/p>\n<p class=\"p2\"><b>Thema des Monats: Mensch und Tier<br \/>\n<\/b><b>30 <\/b>|<span class=\"s3\"> Den Affen in uns zu entdecken, hei\u00dft, uns selbst kennen zu lernen<br \/>\n<\/span><b>35 <\/b>| Tierrechte: Auf dem Weg zum Antihumanismus<br \/>\n<b>38 <\/b>| Mitten in der Renaissance: Tierprozesse<br \/>\n<b>40 <\/b>| Tiere in der Literatur, Satire mit scharfer Munition<\/p>\n<p class=\"p2\"><b>Kulturnachrichten<br \/>\n<\/b><b>43 <\/b>| <a href=\"https:\/\/www.imdb.com\/name\/nm3701357\/\">Mounia Akl<\/a>: \u00abKreatives Schaffen ist ein Akt der Freiheit\u00bb.\u00bb<br \/>\n<b>46 <\/b>| <span class=\"s1\"><i>Die Alpen mit dem Fahrrad<\/i> oder wenn sportliche Anstrengung die Kreativit\u00e4t f\u00f6rdert<br \/>\n<\/span><b>50 <\/b>| Daniel Simon, Mai 68 in Neuch\u00e2tel<\/p>\n<p class=\"p4\"><b>Termine am Ende des Magazins<br \/>\n<\/b><b>52 <\/b>| Die Fotoreportage von Bernard L\u00e9chot: <i>Drei Fischer<br \/>\n<\/i><b>58 <\/b>| <i>Die R\u00fcckkehr<\/i>, Roman von Elliot Mazzella, Episode 4\/15<br \/>\n<b>62 <\/b>| <span class=\"s1\">Nahed Basheer al-Baqer, Ikone der Informationsverteidiger<br \/>\n<\/span><b>66 <\/b>| Abonnement-Talon und Sponsoring-Formular<br \/>\n<b>67 <\/b>| Impressum<br \/>\n<b>68 <\/b>| Zitate<\/p>\n<p><a href=\"https:\/\/leregardlibre.com\/de\/produkt\/der-freie-blick-nr-83\/\"><em>Zur vorherigen Ausgabe<\/em><\/a><\/p>","protected":false},"excerpt":{"rendered":"<p>Le Regard Libre N\u00b0 84 | Dossier UKRAINE Exemplaire papier Edition d\u2019avril 2022 Format magazine papier chic (68 pages) SOMMAIRE:&#8230;<\/p>","protected":false},"featured_media":47467,"comment_status":"open","ping_status":"closed","template":"","meta":{"_acf_changed":false},"product_brand":[],"product_cat":[644340392],"product_tag":[],"class_list":{"0":"post-47463","1":"product","2":"type-product","3":"status-publish","4":"has-post-thumbnail","6":"product_cat-numeros","8":"first","9":"instock","10":"shipping-taxable","11":"purchasable","12":"product-type-variable"},"acf":[],"yoast_head":"<!-- This site is optimized with the Yoast SEO Premium plugin v26.9 (Yoast SEO v26.9) - https:\/\/yoast.com\/product\/yoast-seo-premium-wordpress\/ -->\n<title>Le Regard Libre - N\u00ba 84 | Dossier UKRAINE | Sommaire et commande<\/title>\n<meta name=\"description\" content=\"Mensuel Le Regard Libre, \u00e9dition d&#039;avril 2022 (N\u00b0\u00a084): dossier UKRAINE avec une interview de Pascal Couchepin, dossier L&#039;HOMME ET L&#039;ANIMAL...\" \/>\n<meta name=\"robots\" content=\"index, follow, max-snippet:-1, max-image-preview:large, max-video-preview:-1\" \/>\n<link rel=\"canonical\" href=\"https:\/\/leregardlibre.com\/de\/produkt\/le-regard-libre-nr-84-dossier-ukraine\/\" \/>\n<meta property=\"og:locale\" content=\"de_DE\" \/>\n<meta property=\"og:type\" content=\"article\" \/>\n<meta property=\"og:title\" content=\"Le Regard Libre - N\u00ba 84 | Dossier UKRAINE\" \/>\n<meta property=\"og:description\" content=\"Mensuel Le Regard Libre, \u00e9dition d&#039;avril 2022 (N\u00b0\u00a084): dossier UKRAINE avec une interview de Pascal Couchepin, dossier L&#039;HOMME ET L&#039;ANIMAL...\" \/>\n<meta property=\"og:url\" content=\"https:\/\/leregardlibre.com\/de\/produkt\/le-regard-libre-nr-84-dossier-ukraine\/\" \/>\n<meta property=\"og:site_name\" content=\"Le Regard Libre\" \/>\n<meta property=\"article:publisher\" content=\"https:\/\/www.facebook.com\/leregardlibre\/\" \/>\n<meta property=\"article:modified_time\" content=\"2025-06-02T19:37:57+00:00\" \/>\n<meta property=\"og:image\" content=\"https:\/\/leregardlibre.com\/wp-content\/uploads\/2022\/03\/Une-RL-N\u00b0-84-scaled.jpg\" \/>\n\t<meta property=\"og:image:width\" content=\"1810\" \/>\n\t<meta property=\"og:image:height\" content=\"2560\" \/>\n\t<meta property=\"og:image:type\" content=\"image\/jpeg\" \/>\n<meta name=\"twitter:card\" content=\"summary_large_image\" \/>\n<meta name=\"twitter:site\" content=\"@LeRegardLibre\" \/>\n<meta name=\"twitter:label1\" content=\"Gesch\u00e4tzte Lesezeit\" \/>\n\t<meta name=\"twitter:data1\" content=\"2\u00a0Minuten\" \/>\n<script type=\"application\/ld+json\" class=\"yoast-schema-graph\">{\"@context\":\"https:\/\/schema.org\",\"@graph\":[{\"@type\":\"WebPage\",\"@id\":\"https:\/\/leregardlibre.com\/produit\/le-regard-libre-no-84-dossier-ukraine\/\",\"url\":\"https:\/\/leregardlibre.com\/produit\/le-regard-libre-no-84-dossier-ukraine\/\",\"name\":\"Le Regard Libre - N\u00ba 84 | Dossier UKRAINE | Sommaire et commande\",\"isPartOf\":{\"@id\":\"https:\/\/leregardlibre.com\/#website\"},\"primaryImageOfPage\":{\"@id\":\"https:\/\/leregardlibre.com\/produit\/le-regard-libre-no-84-dossier-ukraine\/#primaryimage\"},\"image\":{\"@id\":\"https:\/\/leregardlibre.com\/produit\/le-regard-libre-no-84-dossier-ukraine\/#primaryimage\"},\"thumbnailUrl\":\"https:\/\/leregardlibre.com\/wp-content\/uploads\/2022\/03\/Une-RL-N\u00b0-84-scaled.jpg\",\"datePublished\":\"2022-03-31T18:27:07+00:00\",\"dateModified\":\"2025-06-02T19:37:57+00:00\",\"description\":\"Mensuel Le Regard Libre, \u00e9dition d'avril 2022 (N\u00b0\u00a084): dossier UKRAINE avec une interview de Pascal Couchepin, dossier L'HOMME ET L'ANIMAL...\",\"breadcrumb\":{\"@id\":\"https:\/\/leregardlibre.com\/produit\/le-regard-libre-no-84-dossier-ukraine\/#breadcrumb\"},\"inLanguage\":\"de\",\"potentialAction\":[{\"@type\":\"ReadAction\",\"target\":[\"https:\/\/leregardlibre.com\/produit\/le-regard-libre-no-84-dossier-ukraine\/\"]}]},{\"@type\":\"ImageObject\",\"inLanguage\":\"de\",\"@id\":\"https:\/\/leregardlibre.com\/produit\/le-regard-libre-no-84-dossier-ukraine\/#primaryimage\",\"url\":\"https:\/\/leregardlibre.com\/wp-content\/uploads\/2022\/03\/Une-RL-N\u00b0-84-scaled.jpg\",\"contentUrl\":\"https:\/\/leregardlibre.com\/wp-content\/uploads\/2022\/03\/Une-RL-N\u00b0-84-scaled.jpg\",\"width\":1810,\"height\":2560,\"caption\":\"Ukraine \u2013 Le Regard Libre N\u00b0\u00a084 (avril 2022)\"},{\"@type\":\"BreadcrumbList\",\"@id\":\"https:\/\/leregardlibre.com\/produit\/le-regard-libre-no-84-dossier-ukraine\/#breadcrumb\",\"itemListElement\":[{\"@type\":\"ListItem\",\"position\":1,\"name\":\"Accueil\",\"item\":\"https:\/\/leregardlibre.com\/\"},{\"@type\":\"ListItem\",\"position\":2,\"name\":\"Boutique\",\"item\":\"https:\/\/leregardlibre.com\/boutique\/\"},{\"@type\":\"ListItem\",\"position\":3,\"name\":\"Le Regard Libre &#8211; N\u00ba 84 | Dossier UKRAINE\"}]},{\"@type\":\"WebSite\",\"@id\":\"https:\/\/leregardlibre.com\/#website\",\"url\":\"https:\/\/leregardlibre.com\/\",\"name\":\"Le Regard Libre\",\"description\":\"Premier mensuel suisse de d\u00e9bat\",\"publisher\":{\"@id\":\"https:\/\/leregardlibre.com\/#organization\"},\"potentialAction\":[{\"@type\":\"SearchAction\",\"target\":{\"@type\":\"EntryPoint\",\"urlTemplate\":\"https:\/\/leregardlibre.com\/?s={search_term_string}\"},\"query-input\":{\"@type\":\"PropertyValueSpecification\",\"valueRequired\":true,\"valueName\":\"search_term_string\"}}],\"inLanguage\":\"de\"},{\"@type\":\"Organization\",\"@id\":\"https:\/\/leregardlibre.com\/#organization\",\"name\":\"Le Regard Libre\",\"url\":\"https:\/\/leregardlibre.com\/\",\"logo\":{\"@type\":\"ImageObject\",\"inLanguage\":\"de\",\"@id\":\"https:\/\/leregardlibre.com\/#\/schema\/logo\/image\/\",\"url\":\"https:\/\/leregardlibre.com\/wp-content\/uploads\/2025\/08\/logo-rl-icone-neg.jpeg\",\"contentUrl\":\"https:\/\/leregardlibre.com\/wp-content\/uploads\/2025\/08\/logo-rl-icone-neg.jpeg\",\"width\":557,\"height\":556,\"caption\":\"Le Regard Libre\"},\"image\":{\"@id\":\"https:\/\/leregardlibre.com\/#\/schema\/logo\/image\/\"},\"sameAs\":[\"https:\/\/www.facebook.com\/leregardlibre\/\",\"https:\/\/x.com\/LeRegardLibre\",\"https:\/\/www.linkedin.com\/company\/le-regard-libre\",\"https:\/\/www.instagram.com\/leregardlibre\/\",\"http:\/\/t.me\/leregardlibre\",\"https:\/\/youtube.com\/channel\/UC6HzGPomj1LsUmlz-sJtITQ\"],\"description\":\"Le Regard Libre est un mensuel suisse de d\u00e9bat intellectuel et culturel. Sa r\u00e9daction est jeune, b\u00e9n\u00e9vole, lib\u00e9rale et pluraliste. Le magazine para\u00eet en ligne et sous forme papier. Sa langue est le fran\u00e7ais.\",\"email\":\"redaction@leregardlibre.com\",\"legalName\":\"Le Regard Libre\",\"foundingDate\":\"2014-01-01\",\"numberOfEmployees\":{\"@type\":\"QuantitativeValue\",\"minValue\":\"11\",\"maxValue\":\"50\"},\"publishingPrinciples\":\"https:\/\/leregardlibre.com\/a-propos\/notre-manifeste\/\",\"ownershipFundingInfo\":\"https:\/\/leregardlibre.com\/mentions-legales\/\",\"actionableFeedbackPolicy\":\"https:\/\/leregardlibre.com\/conditions-generales-de-vente\/\"}]}<\/script>\n<!-- \/ Yoast SEO Premium plugin. -->","yoast_head_json":{"title":"Le Regard Libre - Nr. 84 | Dossier UKRAINE | Inhaltsverzeichnis und Bestellung","description":"Monatszeitschrift Le Regard Libre, Ausgabe April 2022 (Nr. 84): Dossier UKRAINE mit einem Interview mit Pascal Couchepin, Dossier L'HOMME ET L'ANIMAL...","robots":{"index":"index","follow":"follow","max-snippet":"max-snippet:-1","max-image-preview":"max-image-preview:large","max-video-preview":"max-video-preview:-1"},"canonical":"https:\/\/leregardlibre.com\/de\/produkt\/le-regard-libre-nr-84-dossier-ukraine\/","og_locale":"de_DE","og_type":"article","og_title":"Le Regard Libre - N\u00ba 84 | Dossier UKRAINE","og_description":"Mensuel Le Regard Libre, \u00e9dition d'avril 2022 (N\u00b0\u00a084): dossier UKRAINE avec une interview de Pascal Couchepin, dossier L'HOMME ET L'ANIMAL...","og_url":"https:\/\/leregardlibre.com\/de\/produkt\/le-regard-libre-nr-84-dossier-ukraine\/","og_site_name":"Le Regard Libre","article_publisher":"https:\/\/www.facebook.com\/leregardlibre\/","article_modified_time":"2025-06-02T19:37:57+00:00","og_image":[{"width":1810,"height":2560,"url":"https:\/\/leregardlibre.com\/wp-content\/uploads\/2022\/03\/Une-RL-N\u00b0-84-scaled.jpg","type":"image\/jpeg"}],"twitter_card":"summary_large_image","twitter_site":"@LeRegardLibre","twitter_misc":{"Gesch\u00e4tzte Lesezeit":"2\u00a0Minuten"},"schema":{"@context":"https:\/\/schema.org","@graph":[{"@type":"WebPage","@id":"https:\/\/leregardlibre.com\/produit\/le-regard-libre-no-84-dossier-ukraine\/","url":"https:\/\/leregardlibre.com\/produit\/le-regard-libre-no-84-dossier-ukraine\/","name":"Le Regard Libre - Nr. 84 | Dossier UKRAINE | Inhaltsverzeichnis und Bestellung","isPartOf":{"@id":"https:\/\/leregardlibre.com\/#website"},"primaryImageOfPage":{"@id":"https:\/\/leregardlibre.com\/produit\/le-regard-libre-no-84-dossier-ukraine\/#primaryimage"},"image":{"@id":"https:\/\/leregardlibre.com\/produit\/le-regard-libre-no-84-dossier-ukraine\/#primaryimage"},"thumbnailUrl":"https:\/\/leregardlibre.com\/wp-content\/uploads\/2022\/03\/Une-RL-N\u00b0-84-scaled.jpg","datePublished":"2022-03-31T18:27:07+00:00","dateModified":"2025-06-02T19:37:57+00:00","description":"Monatszeitschrift Le Regard Libre, Ausgabe April 2022 (Nr. 84): Dossier UKRAINE mit einem Interview mit Pascal Couchepin, Dossier L'HOMME ET L'ANIMAL...","breadcrumb":{"@id":"https:\/\/leregardlibre.com\/produit\/le-regard-libre-no-84-dossier-ukraine\/#breadcrumb"},"inLanguage":"de","potentialAction":[{"@type":"ReadAction","target":["https:\/\/leregardlibre.com\/produit\/le-regard-libre-no-84-dossier-ukraine\/"]}]},{"@type":"ImageObject","inLanguage":"de","@id":"https:\/\/leregardlibre.com\/produit\/le-regard-libre-no-84-dossier-ukraine\/#primaryimage","url":"https:\/\/leregardlibre.com\/wp-content\/uploads\/2022\/03\/Une-RL-N\u00b0-84-scaled.jpg","contentUrl":"https:\/\/leregardlibre.com\/wp-content\/uploads\/2022\/03\/Une-RL-N\u00b0-84-scaled.jpg","width":1810,"height":2560,"caption":"Ukraine \u2013 Le Regard Libre N\u00b0\u00a084 (avril 2022)"},{"@type":"BreadcrumbList","@id":"https:\/\/leregardlibre.com\/produit\/le-regard-libre-no-84-dossier-ukraine\/#breadcrumb","itemListElement":[{"@type":"ListItem","position":1,"name":"Accueil","item":"https:\/\/leregardlibre.com\/"},{"@type":"ListItem","position":2,"name":"Boutique","item":"https:\/\/leregardlibre.com\/boutique\/"},{"@type":"ListItem","position":3,"name":"Le Regard Libre &#8211; N\u00ba 84 | Dossier UKRAINE"}]},{"@type":"WebSite","@id":"https:\/\/leregardlibre.com\/#website","url":"https:\/\/leregardlibre.com\/","name":"Le Regard Libre","description":"Erste Schweizer Monatszeitschrift f\u00fcr Debatten","publisher":{"@id":"https:\/\/leregardlibre.com\/#organization"},"potentialAction":[{"@type":"SearchAction","target":{"@type":"EntryPoint","urlTemplate":"https:\/\/leregardlibre.com\/?s={search_term_string}"},"query-input":{"@type":"PropertyValueSpecification","valueRequired":true,"valueName":"search_term_string"}}],"inLanguage":"de"},{"@type":"Organization","@id":"https:\/\/leregardlibre.com\/#organization","name":"Le Regard Libre","url":"https:\/\/leregardlibre.com\/","logo":{"@type":"ImageObject","inLanguage":"de","@id":"https:\/\/leregardlibre.com\/#\/schema\/logo\/image\/","url":"https:\/\/leregardlibre.com\/wp-content\/uploads\/2025\/08\/logo-rl-icone-neg.jpeg","contentUrl":"https:\/\/leregardlibre.com\/wp-content\/uploads\/2025\/08\/logo-rl-icone-neg.jpeg","width":557,"height":556,"caption":"Le Regard Libre"},"image":{"@id":"https:\/\/leregardlibre.com\/#\/schema\/logo\/image\/"},"sameAs":["https:\/\/www.facebook.com\/leregardlibre\/","https:\/\/x.com\/LeRegardLibre","https:\/\/www.linkedin.com\/company\/le-regard-libre","https:\/\/www.instagram.com\/leregardlibre\/","http:\/\/t.me\/leregardlibre","https:\/\/youtube.com\/channel\/UC6HzGPomj1LsUmlz-sJtITQ"],"description":"Le Regard Libre ist eine Schweizer Monatszeitschrift f\u00fcr intellektuelle und kulturelle Debatten. Seine Redaktion ist jung, ehrenamtlich, liberal und pluralistisch. Das Magazin erscheint online und in gedruckter Form. Seine Sprache ist Franz\u00f6sisch.","email":"redaction@leregardlibre.com","legalName":"Le Regard Libre","foundingDate":"2014-01-01","numberOfEmployees":{"@type":"QuantitativeValue","minValue":"11","maxValue":"50"},"publishingPrinciples":"https:\/\/leregardlibre.com\/a-propos\/notre-manifeste\/","ownershipFundingInfo":"https:\/\/leregardlibre.com\/mentions-legales\/","actionableFeedbackPolicy":"https:\/\/leregardlibre.com\/conditions-generales-de-vente\/"}]}},"_links":{"self":[{"href":"https:\/\/leregardlibre.com\/de\/wp-json\/wp\/v2\/product\/47463","targetHints":{"allow":["GET"]}}],"collection":[{"href":"https:\/\/leregardlibre.com\/de\/wp-json\/wp\/v2\/product"}],"about":[{"href":"https:\/\/leregardlibre.com\/de\/wp-json\/wp\/v2\/types\/product"}],"replies":[{"embeddable":true,"href":"https:\/\/leregardlibre.com\/de\/wp-json\/wp\/v2\/comments?post=47463"}],"wp:featuredmedia":[{"embeddable":true,"href":"https:\/\/leregardlibre.com\/de\/wp-json\/wp\/v2\/media\/47467"}],"wp:attachment":[{"href":"https:\/\/leregardlibre.com\/de\/wp-json\/wp\/v2\/media?parent=47463"}],"wp:term":[{"taxonomy":"product_brand","embeddable":true,"href":"https:\/\/leregardlibre.com\/de\/wp-json\/wp\/v2\/product_brand?post=47463"},{"taxonomy":"product_cat","embeddable":true,"href":"https:\/\/leregardlibre.com\/de\/wp-json\/wp\/v2\/product_cat?post=47463"},{"taxonomy":"product_tag","embeddable":true,"href":"https:\/\/leregardlibre.com\/de\/wp-json\/wp\/v2\/product_tag?post=47463"}],"curies":[{"name":"wp","href":"https:\/\/api.w.org\/{rel}","templated":true}]}}