{"id":508884,"date":"2022-08-31T23:14:09","date_gmt":"2022-08-31T21:14:09","guid":{"rendered":"https:\/\/leregardlibre.com\/?post_type=product&#038;p=508884"},"modified":"2024-07-11T11:49:20","modified_gmt":"2024-07-11T09:49:20","slug":"der-freie-blick-88-dossier-sex","status":"publish","type":"product","link":"https:\/\/leregardlibre.com\/de\/produkt\/der-freie-blick-88-dossier-sex\/","title":{"rendered":"Le Regard Libre N\u00ba88 | Dossier SEXE"},"content":{"rendered":"<p><em>Le Regard Libre<\/em> Nr. 88 | Dossier SEX<br \/>\nPapierexemplar<br \/>\nAusgabe vom September 2022<br \/>\nSchickes Papiermagazinformat (68 Seiten)<\/p>\n<hr \/>\n<p><strong>INHALT:<\/strong><\/p>\n<p class=\"p1\"><b>05 <\/b>| Editorial: Erotik - wo bleibt sie?<br \/>\n<b>07 <\/b>| <span class=\"s1\">Kolumne von Quentin Mouron: C\u00e9saire, seine Rute gegen unsere Kolonialherren<br \/>\n<\/span><b>08 <\/b><span class=\"s2\">| <\/span><span class=\"s1\">Ungew\u00f6hnliche Kurznachrichten: Sodomie in Texas und eine Geschichte \u00fcber einen <i>d\u00e9d\u00e9sir<br \/>\n<\/i><\/span><b>10 <\/b>| <span class=\"s3\">Sie wollten ein Land, das ihnen \u00e4hnelt: Sie schufen Liberland.<br \/>\n<\/span><b>13 <\/b>| <span class=\"s3\">Krieg in der Taiwanstra\u00dfe: die drei Szenarien<\/span><\/p>\n<p class=\"p2\"><b>Dossier: Sex ohne Hemmungen<br \/>\n<\/b><b>18 <\/b>| <span class=\"s1\">Das Verbot der Prostitution als Spiegel einer inkoh\u00e4renten Gesellschaft<br \/>\n<\/span><b>21 <\/b>| Sex - ein politisches Objekt?<br \/>\n<b>24 <\/b>| <span class=\"s4\">Abtreibung, Gr\u00fcnde und Leidenschaften<br \/>\n<\/span><b>28 <\/b>| Vom ganzen Kuss zum Herzen des Gedichts<br \/>\n<b>32 <\/b>| Jean-Baptiste Del Amo: verbrannte K\u00f6rper, verbrauchte Begierden<br \/>\n<b>36 <\/b>| Shibari: Erotik auf dem Hochseil<br \/>\n<b>39 <\/b>| <span class=\"s3\">Aznavour, ein S\u00e4nger des Geschlechts<\/span><\/p>\n<p class=\"p2\"><b>Literarische Nachrichten<br \/>\n<\/b><b>44 <\/b>| Druck formt Diamanten<br \/>\n<b>46 <\/b>| Wenn Gegenst\u00e4nde von einer Trennung zeugen<br \/>\n<b>48 <\/b>| <i>Sommer<\/i>, In der Vorh\u00f6lle des Sees und der Erinnerungen<br \/>\n<b>49 <\/b>| <i>Ein h\u00fcbsches M\u00e4dchen wie dieses<\/i>, Ein Wunsch wie kein anderer<\/p>\n<p class=\"p3\"><b>Termine am Ende des Magazins<br \/>\n<\/b><b>50 <\/b>| Die Fotoreportage von Bernard L\u00e9chot: <i>Sitzstangen<br \/>\n<\/i><b>56 <\/b>| <i>Die R\u00fcckkehr<\/i>, Elliot Mazzellas Roman, Episode 8\/15<br \/>\n<b>60 <\/b>| Von Moon Shoes zu Spikes: Wie Nike Oregon eroberte<br \/>\n<b>66 <\/b>| Abonnement-Talon und Sponsoring-Formular<\/p>\n<p class=\"p1\"><b>67 <\/b>| Impressum<\/p>\n<p class=\"p1\"><b>68 <\/b>| Zitate<\/p>","protected":false},"excerpt":{"rendered":"<p>Le Regard Libre N\u00b0 88 | Dossier SEXE Exemplaire papier Edition de septembre 2022 Format magazine papier chic (68 pages)&#8230;<\/p>","protected":false},"featured_media":508999,"comment_status":"open","ping_status":"closed","template":"","meta":{"_acf_changed":false},"product_brand":[],"product_cat":[644340392],"product_tag":[],"class_list":{"0":"post-508884","1":"product","2":"type-product","3":"status-publish","4":"has-post-thumbnail","6":"product_cat-numeros","8":"first","9":"instock","10":"shipping-taxable","11":"purchasable","12":"product-type-variable"},"acf":[],"yoast_head":"<!-- This site is optimized with the Yoast SEO Premium plugin v26.9 (Yoast SEO v26.9) - https:\/\/yoast.com\/product\/yoast-seo-premium-wordpress\/ -->\n<title>Le Regard Libre N\u00ba88 | Dossier SEXE | Sommaire et commande<\/title>\n<meta name=\"description\" content=\"Mensuel Le Regard Libre, \u00e9dition de septembre 2022 (N\u00b0\u00a088): dossier SEXE\" \/>\n<meta name=\"robots\" content=\"index, follow, max-snippet:-1, max-image-preview:large, max-video-preview:-1\" \/>\n<link rel=\"canonical\" href=\"https:\/\/leregardlibre.com\/de\/produkt\/der-freie-blick-88-dossier-sex\/\" \/>\n<meta property=\"og:locale\" content=\"de_DE\" \/>\n<meta property=\"og:type\" content=\"article\" \/>\n<meta property=\"og:title\" content=\"Le Regard Libre N\u00ba88 | Dossier SEXE\" \/>\n<meta property=\"og:description\" content=\"Mensuel Le Regard Libre, \u00e9dition de septembre 2022 (N\u00b0\u00a088): dossier SEXE\" \/>\n<meta property=\"og:url\" content=\"https:\/\/leregardlibre.com\/de\/produkt\/der-freie-blick-88-dossier-sex\/\" \/>\n<meta property=\"og:site_name\" content=\"Le Regard Libre\" \/>\n<meta property=\"article:publisher\" content=\"https:\/\/www.facebook.com\/leregardlibre\/\" \/>\n<meta property=\"article:modified_time\" content=\"2024-07-11T09:49:20+00:00\" \/>\n<meta property=\"og:image\" content=\"https:\/\/leregardlibre.com\/wp-content\/uploads\/2022\/08\/Une-RL-N\u00b0-88.jpeg\" \/>\n\t<meta property=\"og:image:width\" content=\"2480\" \/>\n\t<meta property=\"og:image:height\" content=\"3508\" \/>\n\t<meta property=\"og:image:type\" content=\"image\/jpeg\" \/>\n<meta name=\"twitter:card\" content=\"summary_large_image\" \/>\n<meta name=\"twitter:site\" content=\"@LeRegardLibre\" \/>\n<meta name=\"twitter:label1\" content=\"Gesch\u00e4tzte Lesezeit\" \/>\n\t<meta name=\"twitter:data1\" content=\"2\u00a0Minuten\" \/>\n<script type=\"application\/ld+json\" class=\"yoast-schema-graph\">{\"@context\":\"https:\/\/schema.org\",\"@graph\":[{\"@type\":\"WebPage\",\"@id\":\"https:\/\/leregardlibre.com\/produit\/le-regard-libre-88-dossier-sexe\/\",\"url\":\"https:\/\/leregardlibre.com\/produit\/le-regard-libre-88-dossier-sexe\/\",\"name\":\"Le Regard Libre N\u00ba88 | Dossier SEXE | Sommaire et commande\",\"isPartOf\":{\"@id\":\"https:\/\/leregardlibre.com\/#website\"},\"primaryImageOfPage\":{\"@id\":\"https:\/\/leregardlibre.com\/produit\/le-regard-libre-88-dossier-sexe\/#primaryimage\"},\"image\":{\"@id\":\"https:\/\/leregardlibre.com\/produit\/le-regard-libre-88-dossier-sexe\/#primaryimage\"},\"thumbnailUrl\":\"https:\/\/leregardlibre.com\/wp-content\/uploads\/2022\/08\/Une-RL-N\u00b0-88.jpeg\",\"datePublished\":\"2022-08-31T21:14:09+00:00\",\"dateModified\":\"2024-07-11T09:49:20+00:00\",\"description\":\"Mensuel Le Regard Libre, \u00e9dition de septembre 2022 (N\u00b0\u00a088): dossier SEXE\",\"breadcrumb\":{\"@id\":\"https:\/\/leregardlibre.com\/produit\/le-regard-libre-88-dossier-sexe\/#breadcrumb\"},\"inLanguage\":\"de\",\"potentialAction\":[{\"@type\":\"ReadAction\",\"target\":[\"https:\/\/leregardlibre.com\/produit\/le-regard-libre-88-dossier-sexe\/\"]}]},{\"@type\":\"ImageObject\",\"inLanguage\":\"de\",\"@id\":\"https:\/\/leregardlibre.com\/produit\/le-regard-libre-88-dossier-sexe\/#primaryimage\",\"url\":\"https:\/\/leregardlibre.com\/wp-content\/uploads\/2022\/08\/Une-RL-N\u00b0-88.jpeg\",\"contentUrl\":\"https:\/\/leregardlibre.com\/wp-content\/uploads\/2022\/08\/Une-RL-N\u00b0-88.jpeg\",\"width\":2480,\"height\":3508,\"caption\":\"Le Regard Libre N\u00b0\u00a088, dossier SEXE (Une)\"},{\"@type\":\"BreadcrumbList\",\"@id\":\"https:\/\/leregardlibre.com\/produit\/le-regard-libre-88-dossier-sexe\/#breadcrumb\",\"itemListElement\":[{\"@type\":\"ListItem\",\"position\":1,\"name\":\"Accueil\",\"item\":\"https:\/\/leregardlibre.com\/\"},{\"@type\":\"ListItem\",\"position\":2,\"name\":\"Boutique\",\"item\":\"https:\/\/leregardlibre.com\/boutique\/\"},{\"@type\":\"ListItem\",\"position\":3,\"name\":\"Le Regard Libre N\u00ba88 | Dossier SEXE\"}]},{\"@type\":\"WebSite\",\"@id\":\"https:\/\/leregardlibre.com\/#website\",\"url\":\"https:\/\/leregardlibre.com\/\",\"name\":\"Le Regard Libre\",\"description\":\"Premier mensuel suisse de d\u00e9bat\",\"publisher\":{\"@id\":\"https:\/\/leregardlibre.com\/#organization\"},\"potentialAction\":[{\"@type\":\"SearchAction\",\"target\":{\"@type\":\"EntryPoint\",\"urlTemplate\":\"https:\/\/leregardlibre.com\/?s={search_term_string}\"},\"query-input\":{\"@type\":\"PropertyValueSpecification\",\"valueRequired\":true,\"valueName\":\"search_term_string\"}}],\"inLanguage\":\"de\"},{\"@type\":\"Organization\",\"@id\":\"https:\/\/leregardlibre.com\/#organization\",\"name\":\"Le Regard Libre\",\"url\":\"https:\/\/leregardlibre.com\/\",\"logo\":{\"@type\":\"ImageObject\",\"inLanguage\":\"de\",\"@id\":\"https:\/\/leregardlibre.com\/#\/schema\/logo\/image\/\",\"url\":\"https:\/\/leregardlibre.com\/wp-content\/uploads\/2025\/08\/logo-rl-icone-neg.jpeg\",\"contentUrl\":\"https:\/\/leregardlibre.com\/wp-content\/uploads\/2025\/08\/logo-rl-icone-neg.jpeg\",\"width\":557,\"height\":556,\"caption\":\"Le Regard Libre\"},\"image\":{\"@id\":\"https:\/\/leregardlibre.com\/#\/schema\/logo\/image\/\"},\"sameAs\":[\"https:\/\/www.facebook.com\/leregardlibre\/\",\"https:\/\/x.com\/LeRegardLibre\",\"https:\/\/www.linkedin.com\/company\/le-regard-libre\",\"https:\/\/www.instagram.com\/leregardlibre\/\",\"http:\/\/t.me\/leregardlibre\",\"https:\/\/youtube.com\/channel\/UC6HzGPomj1LsUmlz-sJtITQ\"],\"description\":\"Le Regard Libre est un mensuel suisse de d\u00e9bat intellectuel et culturel. Sa r\u00e9daction est jeune, b\u00e9n\u00e9vole, lib\u00e9rale et pluraliste. Le magazine para\u00eet en ligne et sous forme papier. Sa langue est le fran\u00e7ais.\",\"email\":\"redaction@leregardlibre.com\",\"legalName\":\"Le Regard Libre\",\"foundingDate\":\"2014-01-01\",\"numberOfEmployees\":{\"@type\":\"QuantitativeValue\",\"minValue\":\"11\",\"maxValue\":\"50\"},\"publishingPrinciples\":\"https:\/\/leregardlibre.com\/a-propos\/notre-manifeste\/\",\"ownershipFundingInfo\":\"https:\/\/leregardlibre.com\/mentions-legales\/\",\"actionableFeedbackPolicy\":\"https:\/\/leregardlibre.com\/conditions-generales-de-vente\/\"}]}<\/script>\n<!-- \/ Yoast SEO Premium plugin. -->","yoast_head_json":{"title":"Le Regard Libre N\u00ba88 | Dossier SEXE | Inhaltsverzeichnis und Bestellung","description":"Le Regard Libre, Monatszeitschrift, Ausgabe September 2022 (Nr. 88): Dossier SEXE","robots":{"index":"index","follow":"follow","max-snippet":"max-snippet:-1","max-image-preview":"max-image-preview:large","max-video-preview":"max-video-preview:-1"},"canonical":"https:\/\/leregardlibre.com\/de\/produkt\/der-freie-blick-88-dossier-sex\/","og_locale":"de_DE","og_type":"article","og_title":"Le Regard Libre N\u00ba88 | Dossier SEXE","og_description":"Mensuel Le Regard Libre, \u00e9dition de septembre 2022 (N\u00b0\u00a088): dossier SEXE","og_url":"https:\/\/leregardlibre.com\/de\/produkt\/der-freie-blick-88-dossier-sex\/","og_site_name":"Le Regard Libre","article_publisher":"https:\/\/www.facebook.com\/leregardlibre\/","article_modified_time":"2024-07-11T09:49:20+00:00","og_image":[{"width":2480,"height":3508,"url":"https:\/\/leregardlibre.com\/wp-content\/uploads\/2022\/08\/Une-RL-N\u00b0-88.jpeg","type":"image\/jpeg"}],"twitter_card":"summary_large_image","twitter_site":"@LeRegardLibre","twitter_misc":{"Gesch\u00e4tzte Lesezeit":"2\u00a0Minuten"},"schema":{"@context":"https:\/\/schema.org","@graph":[{"@type":"WebPage","@id":"https:\/\/leregardlibre.com\/produit\/le-regard-libre-88-dossier-sexe\/","url":"https:\/\/leregardlibre.com\/produit\/le-regard-libre-88-dossier-sexe\/","name":"Le Regard Libre N\u00ba88 | Dossier SEXE | Inhaltsverzeichnis und Bestellung","isPartOf":{"@id":"https:\/\/leregardlibre.com\/#website"},"primaryImageOfPage":{"@id":"https:\/\/leregardlibre.com\/produit\/le-regard-libre-88-dossier-sexe\/#primaryimage"},"image":{"@id":"https:\/\/leregardlibre.com\/produit\/le-regard-libre-88-dossier-sexe\/#primaryimage"},"thumbnailUrl":"https:\/\/leregardlibre.com\/wp-content\/uploads\/2022\/08\/Une-RL-N\u00b0-88.jpeg","datePublished":"2022-08-31T21:14:09+00:00","dateModified":"2024-07-11T09:49:20+00:00","description":"Le Regard Libre, Monatszeitschrift, Ausgabe September 2022 (Nr. 88): Dossier SEXE","breadcrumb":{"@id":"https:\/\/leregardlibre.com\/produit\/le-regard-libre-88-dossier-sexe\/#breadcrumb"},"inLanguage":"de","potentialAction":[{"@type":"ReadAction","target":["https:\/\/leregardlibre.com\/produit\/le-regard-libre-88-dossier-sexe\/"]}]},{"@type":"ImageObject","inLanguage":"de","@id":"https:\/\/leregardlibre.com\/produit\/le-regard-libre-88-dossier-sexe\/#primaryimage","url":"https:\/\/leregardlibre.com\/wp-content\/uploads\/2022\/08\/Une-RL-N\u00b0-88.jpeg","contentUrl":"https:\/\/leregardlibre.com\/wp-content\/uploads\/2022\/08\/Une-RL-N\u00b0-88.jpeg","width":2480,"height":3508,"caption":"Le Regard Libre N\u00b0\u00a088, dossier SEXE (Une)"},{"@type":"BreadcrumbList","@id":"https:\/\/leregardlibre.com\/produit\/le-regard-libre-88-dossier-sexe\/#breadcrumb","itemListElement":[{"@type":"ListItem","position":1,"name":"Accueil","item":"https:\/\/leregardlibre.com\/"},{"@type":"ListItem","position":2,"name":"Boutique","item":"https:\/\/leregardlibre.com\/boutique\/"},{"@type":"ListItem","position":3,"name":"Le Regard Libre N\u00ba88 | Dossier SEXE"}]},{"@type":"WebSite","@id":"https:\/\/leregardlibre.com\/#website","url":"https:\/\/leregardlibre.com\/","name":"Le Regard Libre","description":"Erste Schweizer Monatszeitschrift f\u00fcr Debatten","publisher":{"@id":"https:\/\/leregardlibre.com\/#organization"},"potentialAction":[{"@type":"SearchAction","target":{"@type":"EntryPoint","urlTemplate":"https:\/\/leregardlibre.com\/?s={search_term_string}"},"query-input":{"@type":"PropertyValueSpecification","valueRequired":true,"valueName":"search_term_string"}}],"inLanguage":"de"},{"@type":"Organization","@id":"https:\/\/leregardlibre.com\/#organization","name":"Le Regard Libre","url":"https:\/\/leregardlibre.com\/","logo":{"@type":"ImageObject","inLanguage":"de","@id":"https:\/\/leregardlibre.com\/#\/schema\/logo\/image\/","url":"https:\/\/leregardlibre.com\/wp-content\/uploads\/2025\/08\/logo-rl-icone-neg.jpeg","contentUrl":"https:\/\/leregardlibre.com\/wp-content\/uploads\/2025\/08\/logo-rl-icone-neg.jpeg","width":557,"height":556,"caption":"Le Regard Libre"},"image":{"@id":"https:\/\/leregardlibre.com\/#\/schema\/logo\/image\/"},"sameAs":["https:\/\/www.facebook.com\/leregardlibre\/","https:\/\/x.com\/LeRegardLibre","https:\/\/www.linkedin.com\/company\/le-regard-libre","https:\/\/www.instagram.com\/leregardlibre\/","http:\/\/t.me\/leregardlibre","https:\/\/youtube.com\/channel\/UC6HzGPomj1LsUmlz-sJtITQ"],"description":"Le Regard Libre ist eine Schweizer Monatszeitschrift f\u00fcr intellektuelle und kulturelle Debatten. Seine Redaktion ist jung, ehrenamtlich, liberal und pluralistisch. Das Magazin erscheint online und in gedruckter Form. Seine Sprache ist Franz\u00f6sisch.","email":"redaction@leregardlibre.com","legalName":"Le Regard Libre","foundingDate":"2014-01-01","numberOfEmployees":{"@type":"QuantitativeValue","minValue":"11","maxValue":"50"},"publishingPrinciples":"https:\/\/leregardlibre.com\/a-propos\/notre-manifeste\/","ownershipFundingInfo":"https:\/\/leregardlibre.com\/mentions-legales\/","actionableFeedbackPolicy":"https:\/\/leregardlibre.com\/conditions-generales-de-vente\/"}]}},"_links":{"self":[{"href":"https:\/\/leregardlibre.com\/de\/wp-json\/wp\/v2\/product\/508884","targetHints":{"allow":["GET"]}}],"collection":[{"href":"https:\/\/leregardlibre.com\/de\/wp-json\/wp\/v2\/product"}],"about":[{"href":"https:\/\/leregardlibre.com\/de\/wp-json\/wp\/v2\/types\/product"}],"replies":[{"embeddable":true,"href":"https:\/\/leregardlibre.com\/de\/wp-json\/wp\/v2\/comments?post=508884"}],"wp:featuredmedia":[{"embeddable":true,"href":"https:\/\/leregardlibre.com\/de\/wp-json\/wp\/v2\/media\/508999"}],"wp:attachment":[{"href":"https:\/\/leregardlibre.com\/de\/wp-json\/wp\/v2\/media?parent=508884"}],"wp:term":[{"taxonomy":"product_brand","embeddable":true,"href":"https:\/\/leregardlibre.com\/de\/wp-json\/wp\/v2\/product_brand?post=508884"},{"taxonomy":"product_cat","embeddable":true,"href":"https:\/\/leregardlibre.com\/de\/wp-json\/wp\/v2\/product_cat?post=508884"},{"taxonomy":"product_tag","embeddable":true,"href":"https:\/\/leregardlibre.com\/de\/wp-json\/wp\/v2\/product_tag?post=508884"}],"curies":[{"name":"wp","href":"https:\/\/api.w.org\/{rel}","templated":true}]}}