{"id":50917,"date":"2022-07-01T08:12:15","date_gmt":"2022-07-01T06:12:15","guid":{"rendered":"https:\/\/leregardlibre.com\/?post_type=product&#038;p=50917"},"modified":"2024-07-11T11:46:51","modified_gmt":"2024-07-11T09:46:51","slug":"le-regard-libre-no87-dossier-europe","status":"publish","type":"product","link":"https:\/\/leregardlibre.com\/de\/produkt\/le-regard-libre-no87-dossier-europe\/","title":{"rendered":"Le Regard Libre N\u00ba87 | Dossier EUROPE"},"content":{"rendered":"<p><em>Le Regard Libre<\/em>\u00a0Nr. 87 | Dossier EUROPA<br \/>\nPapierexemplar<br \/>\nAusgabe vom Juli 2022<br \/>\nSchickes Papiermagazinformat (68 Seiten)<\/p>\n<hr \/>\n<p class=\"p1\"><a href=\"https:\/\/www.youtube.com\/watch?v=RxnkfAaBHA4\"><b><em>Videopr\u00e4sentation der Ausgabe<\/em><\/b><\/a><\/p>\n<p class=\"p1\"><b>INHALT:<br \/>\n<\/b><\/p>\n<p class=\"p1\"><b>05\u00a0<\/b>|\u00a0<span class=\"s1\">Der Leitartikel:\u00a0<\/span>Der Nanny-Staat, der es gut mit uns meint<span class=\"Apple-converted-space\"><br \/>\n<\/span><b>07\u00a0<\/b>| Lesung von Pascal Couchepin:\u00a0<i>Ein Axtschlag in den Kopf<br \/>\n<\/i><b>08\u00a0<\/b><span class=\"s2\">|\u00a0<\/span>In Lyon gibt es \u00abgenderneutrale\u00bb Radwege\u00bb<br \/>\n<b>10\u00a0<\/b>| Amerikanische Flinguomanie<\/p>\n<p class=\"p2\"><b>Dossier: Europa?<br \/>\n<\/b><b>16\u00a0<\/b>| Geopolitische Bilanz mit\u00a0<a href=\"https:\/\/www.lefigaro.fr\/international\/alexandre-del-valle-l-europe-estle-dindon-de-la-farce-de-la-mondialisation-20211020\">Alexandre del Valle<\/a><br \/>\n<b>22\u00a0<\/b>| Die britische Sicht auf die europ\u00e4ische Einigung<br \/>\n<b>25\u00a0<\/b>| Die Schweiz und die EU: Julien Rilliet VS F\u00e9licien Monnier<br \/>\n<b>30\u00a0<\/b>| Das f\u00f6derale Europa von Denis de Rougemont<br \/>\n<b>34\u00a0<\/b>Ein Europa, das seine Wurzeln immer wieder in Frage stellt<br \/>\n<b>38\u00a0<\/b>| Die Grenze als Voraussetzung f\u00fcr Pluralit\u00e4t<br \/>\n<b>40\u00a0<\/b>| Guy de Pourtal\u00e8s, Europa als literarischer Kompass<\/p>\n<p class=\"p2\"><b>Kulturnachrichten<br \/>\n<\/b><b>44\u00a0<\/b>|\u00a0<span class=\"s1\">Im Wallis steht eine utopische Gemeinschaft dem Agro-Giganten gegen\u00fcber<br \/>\n<\/span><b>46\u00a0<\/b>|\u00a0<i>Der letzte Sommer in der Stadt<\/i>, Der Rausch des Dolce Vita<br \/>\n<b>48\u00a0<\/b>|\u00a0<span class=\"s3\">Johnny Hallyday, wie Sie ihn noch nie gesehen haben: \u00abJ'suis une pute\u00bb (Ich bin eine Hure)\u00bb<\/span><\/p>\n<p class=\"p3\"><b>Termine am Ende des Magazins<br \/>\n<\/b><b>50\u00a0<\/b>| Die Fotoreportage von Bernard L\u00e9chot:\u00a0<em>Begrenzte Unendlichkeit<\/em><br \/>\n<b>56\u00a0<\/b>|\u00a0<i>Die R\u00fcckkehr<\/i>, Roman von Elliot Mazzella, Folge 7\/15<br \/>\n<b>60\u00a0<\/b>|\u00a0<span class=\"s4\">Welche Legenden ranken sich um die Hauptstadt der Leichtathletik? Reportage<br \/>\n<\/span><b>66\u00a0<\/b>| Abonnement-Talon und Sponsoring-Formular<br \/>\n<b>67\u00a0<\/b>| Impressum<br \/>\n<b>68\u00a0<\/b>| Zitate<\/p>\n<p class=\"p1\">","protected":false},"excerpt":{"rendered":"<p>Le Regard Libre\u00a0N\u00b0 87 | Dossier EUROPE Exemplaire papier Edition de juillet 2022 Format magazine papier chic (68 pages) Pr\u00e9sentation&#8230;<\/p>","protected":false},"featured_media":50920,"comment_status":"open","ping_status":"closed","template":"","meta":{"_acf_changed":false},"product_brand":[],"product_cat":[644340392],"product_tag":[],"class_list":{"0":"post-50917","1":"product","2":"type-product","3":"status-publish","4":"has-post-thumbnail","6":"product_cat-numeros","8":"first","9":"instock","10":"shipping-taxable","11":"purchasable","12":"product-type-variable"},"acf":[],"yoast_head":"<!-- This site is optimized with the Yoast SEO Premium plugin v27.4 (Yoast SEO v27.4) - https:\/\/yoast.com\/product\/yoast-seo-premium-wordpress\/ -->\n<title>Le Regard Libre N\u00ba87 | Dossier EUROPE | Sommaire et commande<\/title>\n<meta name=\"description\" content=\"Mensuel Le Regard Libre, \u00e9dition de juin 2022 (N\u00b0\u00a087): dossier EUROPE\" \/>\n<meta name=\"robots\" content=\"index, follow, max-snippet:-1, max-image-preview:large, max-video-preview:-1\" \/>\n<link rel=\"canonical\" href=\"https:\/\/leregardlibre.com\/de\/produkt\/le-regard-libre-no87-dossier-europe\/\" \/>\n<meta property=\"og:locale\" content=\"de_DE\" \/>\n<meta property=\"og:type\" content=\"article\" \/>\n<meta property=\"og:title\" content=\"Le Regard Libre N\u00ba87 | Dossier EUROPE\" \/>\n<meta property=\"og:description\" content=\"Mensuel Le Regard Libre, \u00e9dition de juin 2022 (N\u00b0\u00a087): dossier EUROPE\" \/>\n<meta property=\"og:url\" content=\"https:\/\/leregardlibre.com\/de\/produkt\/le-regard-libre-no87-dossier-europe\/\" \/>\n<meta property=\"og:site_name\" content=\"Le Regard Libre\" \/>\n<meta property=\"article:publisher\" content=\"https:\/\/www.facebook.com\/leregardlibre\/\" \/>\n<meta property=\"article:modified_time\" content=\"2024-07-11T09:46:51+00:00\" \/>\n<meta property=\"og:image\" content=\"https:\/\/leregardlibre.com\/wp-content\/uploads\/2022\/08\/Une-N\u00b0-87-e1657618132675-scaled.webp\" \/>\n\t<meta property=\"og:image:width\" content=\"1810\" \/>\n\t<meta property=\"og:image:height\" content=\"2560\" \/>\n\t<meta property=\"og:image:type\" content=\"image\/webp\" \/>\n<meta name=\"twitter:card\" content=\"summary_large_image\" \/>\n<meta name=\"twitter:site\" content=\"@LeRegardLibre\" \/>\n<meta name=\"twitter:label1\" content=\"Gesch\u00e4tzte Lesezeit\" \/>\n\t<meta name=\"twitter:data1\" content=\"2\u00a0Minuten\" \/>\n<script type=\"application\/ld+json\" class=\"yoast-schema-graph\">{\"@context\":\"https:\\\/\\\/schema.org\",\"@graph\":[{\"@type\":\"WebPage\",\"@id\":\"https:\\\/\\\/leregardlibre.com\\\/produit\\\/le-regard-libre-no87-dossier-europe\\\/\",\"url\":\"https:\\\/\\\/leregardlibre.com\\\/produit\\\/le-regard-libre-no87-dossier-europe\\\/\",\"name\":\"Le Regard Libre N\u00ba87 | Dossier EUROPE | Sommaire et commande\",\"isPartOf\":{\"@id\":\"https:\\\/\\\/leregardlibre.com\\\/#website\"},\"primaryImageOfPage\":{\"@id\":\"https:\\\/\\\/leregardlibre.com\\\/produit\\\/le-regard-libre-no87-dossier-europe\\\/#primaryimage\"},\"image\":{\"@id\":\"https:\\\/\\\/leregardlibre.com\\\/produit\\\/le-regard-libre-no87-dossier-europe\\\/#primaryimage\"},\"thumbnailUrl\":\"https:\\\/\\\/leregardlibre.com\\\/wp-content\\\/uploads\\\/2022\\\/08\\\/Une-N\u00b0-87-e1657618132675-scaled.webp\",\"datePublished\":\"2022-07-01T06:12:15+00:00\",\"dateModified\":\"2024-07-11T09:46:51+00:00\",\"description\":\"Mensuel Le Regard Libre, \u00e9dition de juin 2022 (N\u00b0\u00a087): dossier EUROPE\",\"breadcrumb\":{\"@id\":\"https:\\\/\\\/leregardlibre.com\\\/produit\\\/le-regard-libre-no87-dossier-europe\\\/#breadcrumb\"},\"inLanguage\":\"de\",\"potentialAction\":[{\"@type\":\"ReadAction\",\"target\":[\"https:\\\/\\\/leregardlibre.com\\\/produit\\\/le-regard-libre-no87-dossier-europe\\\/\"]}]},{\"@type\":\"ImageObject\",\"inLanguage\":\"de\",\"@id\":\"https:\\\/\\\/leregardlibre.com\\\/produit\\\/le-regard-libre-no87-dossier-europe\\\/#primaryimage\",\"url\":\"https:\\\/\\\/leregardlibre.com\\\/wp-content\\\/uploads\\\/2022\\\/08\\\/Une-N\u00b0-87-e1657618132675-scaled.webp\",\"contentUrl\":\"https:\\\/\\\/leregardlibre.com\\\/wp-content\\\/uploads\\\/2022\\\/08\\\/Une-N\u00b0-87-e1657618132675-scaled.webp\",\"width\":1810,\"height\":2560},{\"@type\":\"BreadcrumbList\",\"@id\":\"https:\\\/\\\/leregardlibre.com\\\/produit\\\/le-regard-libre-no87-dossier-europe\\\/#breadcrumb\",\"itemListElement\":[{\"@type\":\"ListItem\",\"position\":1,\"name\":\"Accueil\",\"item\":\"https:\\\/\\\/leregardlibre.com\\\/\"},{\"@type\":\"ListItem\",\"position\":2,\"name\":\"Boutique\",\"item\":\"https:\\\/\\\/leregardlibre.com\\\/boutique\\\/\"},{\"@type\":\"ListItem\",\"position\":3,\"name\":\"Le Regard Libre N\u00ba87 | Dossier EUROPE\"}]},{\"@type\":\"WebSite\",\"@id\":\"https:\\\/\\\/leregardlibre.com\\\/#website\",\"url\":\"https:\\\/\\\/leregardlibre.com\\\/\",\"name\":\"Le Regard Libre\",\"description\":\"Premier mensuel suisse de d\u00e9bat\",\"publisher\":{\"@id\":\"https:\\\/\\\/leregardlibre.com\\\/#organization\"},\"potentialAction\":[{\"@type\":\"SearchAction\",\"target\":{\"@type\":\"EntryPoint\",\"urlTemplate\":\"https:\\\/\\\/leregardlibre.com\\\/?s={search_term_string}\"},\"query-input\":{\"@type\":\"PropertyValueSpecification\",\"valueRequired\":true,\"valueName\":\"search_term_string\"}}],\"inLanguage\":\"de\"},{\"@type\":\"Organization\",\"@id\":\"https:\\\/\\\/leregardlibre.com\\\/#organization\",\"name\":\"Le Regard Libre\",\"url\":\"https:\\\/\\\/leregardlibre.com\\\/\",\"logo\":{\"@type\":\"ImageObject\",\"inLanguage\":\"de\",\"@id\":\"https:\\\/\\\/leregardlibre.com\\\/#\\\/schema\\\/logo\\\/image\\\/\",\"url\":\"https:\\\/\\\/leregardlibre.com\\\/wp-content\\\/uploads\\\/2025\\\/08\\\/logo-rl-icone-neg.jpeg\",\"contentUrl\":\"https:\\\/\\\/leregardlibre.com\\\/wp-content\\\/uploads\\\/2025\\\/08\\\/logo-rl-icone-neg.jpeg\",\"width\":557,\"height\":556,\"caption\":\"Le Regard Libre\"},\"image\":{\"@id\":\"https:\\\/\\\/leregardlibre.com\\\/#\\\/schema\\\/logo\\\/image\\\/\"},\"sameAs\":[\"https:\\\/\\\/www.facebook.com\\\/leregardlibre\\\/\",\"https:\\\/\\\/x.com\\\/LeRegardLibre\",\"https:\\\/\\\/www.linkedin.com\\\/company\\\/le-regard-libre\",\"https:\\\/\\\/www.instagram.com\\\/leregardlibre\\\/\",\"http:\\\/\\\/t.me\\\/leregardlibre\",\"https:\\\/\\\/youtube.com\\\/channel\\\/UC6HzGPomj1LsUmlz-sJtITQ\"],\"description\":\"Le Regard Libre est un mensuel suisse de d\u00e9bat intellectuel et culturel. Sa r\u00e9daction est jeune, b\u00e9n\u00e9vole, lib\u00e9rale et pluraliste. Le magazine para\u00eet en ligne et sous forme papier. Sa langue est le fran\u00e7ais.\",\"email\":\"redaction@leregardlibre.com\",\"legalName\":\"Le Regard Libre\",\"foundingDate\":\"2014-01-01\",\"numberOfEmployees\":{\"@type\":\"QuantitativeValue\",\"minValue\":\"11\",\"maxValue\":\"50\"},\"publishingPrinciples\":\"https:\\\/\\\/leregardlibre.com\\\/a-propos\\\/notre-manifeste\\\/\",\"ownershipFundingInfo\":\"https:\\\/\\\/leregardlibre.com\\\/mentions-legales\\\/\",\"actionableFeedbackPolicy\":\"https:\\\/\\\/leregardlibre.com\\\/conditions-generales-de-vente\\\/\"}]}<\/script>\n<!-- \/ Yoast SEO Premium plugin. -->","yoast_head_json":{"title":"Le Regard Libre N\u00ba87 | Dossier EUROPE | Inhaltsverzeichnis und Bestellung","description":"Monatszeitschrift Le Regard Libre, Ausgabe Juni 2022 (Nr. 87): Dossier EUROPA","robots":{"index":"index","follow":"follow","max-snippet":"max-snippet:-1","max-image-preview":"max-image-preview:large","max-video-preview":"max-video-preview:-1"},"canonical":"https:\/\/leregardlibre.com\/de\/produkt\/le-regard-libre-no87-dossier-europe\/","og_locale":"de_DE","og_type":"article","og_title":"Le Regard Libre N\u00ba87 | Dossier EUROPE","og_description":"Mensuel Le Regard Libre, \u00e9dition de juin 2022 (N\u00b0\u00a087): dossier EUROPE","og_url":"https:\/\/leregardlibre.com\/de\/produkt\/le-regard-libre-no87-dossier-europe\/","og_site_name":"Le Regard Libre","article_publisher":"https:\/\/www.facebook.com\/leregardlibre\/","article_modified_time":"2024-07-11T09:46:51+00:00","og_image":[{"width":1810,"height":2560,"url":"https:\/\/leregardlibre.com\/wp-content\/uploads\/2022\/08\/Une-N\u00b0-87-e1657618132675-scaled.webp","type":"image\/webp"}],"twitter_card":"summary_large_image","twitter_site":"@LeRegardLibre","twitter_misc":{"Gesch\u00e4tzte Lesezeit":"2\u00a0Minuten"},"schema":{"@context":"https:\/\/schema.org","@graph":[{"@type":"WebPage","@id":"https:\/\/leregardlibre.com\/produit\/le-regard-libre-no87-dossier-europe\/","url":"https:\/\/leregardlibre.com\/produit\/le-regard-libre-no87-dossier-europe\/","name":"Le Regard Libre N\u00ba87 | Dossier EUROPE | Inhaltsverzeichnis und Bestellung","isPartOf":{"@id":"https:\/\/leregardlibre.com\/#website"},"primaryImageOfPage":{"@id":"https:\/\/leregardlibre.com\/produit\/le-regard-libre-no87-dossier-europe\/#primaryimage"},"image":{"@id":"https:\/\/leregardlibre.com\/produit\/le-regard-libre-no87-dossier-europe\/#primaryimage"},"thumbnailUrl":"https:\/\/leregardlibre.com\/wp-content\/uploads\/2022\/08\/Une-N\u00b0-87-e1657618132675-scaled.webp","datePublished":"2022-07-01T06:12:15+00:00","dateModified":"2024-07-11T09:46:51+00:00","description":"Monatszeitschrift Le Regard Libre, Ausgabe Juni 2022 (Nr. 87): Dossier EUROPA","breadcrumb":{"@id":"https:\/\/leregardlibre.com\/produit\/le-regard-libre-no87-dossier-europe\/#breadcrumb"},"inLanguage":"de","potentialAction":[{"@type":"ReadAction","target":["https:\/\/leregardlibre.com\/produit\/le-regard-libre-no87-dossier-europe\/"]}]},{"@type":"ImageObject","inLanguage":"de","@id":"https:\/\/leregardlibre.com\/produit\/le-regard-libre-no87-dossier-europe\/#primaryimage","url":"https:\/\/leregardlibre.com\/wp-content\/uploads\/2022\/08\/Une-N\u00b0-87-e1657618132675-scaled.webp","contentUrl":"https:\/\/leregardlibre.com\/wp-content\/uploads\/2022\/08\/Une-N\u00b0-87-e1657618132675-scaled.webp","width":1810,"height":2560},{"@type":"BreadcrumbList","@id":"https:\/\/leregardlibre.com\/produit\/le-regard-libre-no87-dossier-europe\/#breadcrumb","itemListElement":[{"@type":"ListItem","position":1,"name":"Accueil","item":"https:\/\/leregardlibre.com\/"},{"@type":"ListItem","position":2,"name":"Boutique","item":"https:\/\/leregardlibre.com\/boutique\/"},{"@type":"ListItem","position":3,"name":"Le Regard Libre N\u00ba87 | Dossier EUROPE"}]},{"@type":"WebSite","@id":"https:\/\/leregardlibre.com\/#website","url":"https:\/\/leregardlibre.com\/","name":"Le Regard Libre","description":"Erste Schweizer Monatszeitschrift f\u00fcr Debatten","publisher":{"@id":"https:\/\/leregardlibre.com\/#organization"},"potentialAction":[{"@type":"SearchAction","target":{"@type":"EntryPoint","urlTemplate":"https:\/\/leregardlibre.com\/?s={search_term_string}"},"query-input":{"@type":"PropertyValueSpecification","valueRequired":true,"valueName":"search_term_string"}}],"inLanguage":"de"},{"@type":"Organization","@id":"https:\/\/leregardlibre.com\/#organization","name":"Le Regard Libre","url":"https:\/\/leregardlibre.com\/","logo":{"@type":"ImageObject","inLanguage":"de","@id":"https:\/\/leregardlibre.com\/#\/schema\/logo\/image\/","url":"https:\/\/leregardlibre.com\/wp-content\/uploads\/2025\/08\/logo-rl-icone-neg.jpeg","contentUrl":"https:\/\/leregardlibre.com\/wp-content\/uploads\/2025\/08\/logo-rl-icone-neg.jpeg","width":557,"height":556,"caption":"Le Regard Libre"},"image":{"@id":"https:\/\/leregardlibre.com\/#\/schema\/logo\/image\/"},"sameAs":["https:\/\/www.facebook.com\/leregardlibre\/","https:\/\/x.com\/LeRegardLibre","https:\/\/www.linkedin.com\/company\/le-regard-libre","https:\/\/www.instagram.com\/leregardlibre\/","http:\/\/t.me\/leregardlibre","https:\/\/youtube.com\/channel\/UC6HzGPomj1LsUmlz-sJtITQ"],"description":"Le Regard Libre ist eine Schweizer Monatszeitschrift f\u00fcr intellektuelle und kulturelle Debatten. Seine Redaktion ist jung, ehrenamtlich, liberal und pluralistisch. Das Magazin erscheint online und in gedruckter Form. Seine Sprache ist Franz\u00f6sisch.","email":"redaction@leregardlibre.com","legalName":"Le Regard Libre","foundingDate":"2014-01-01","numberOfEmployees":{"@type":"QuantitativeValue","minValue":"11","maxValue":"50"},"publishingPrinciples":"https:\/\/leregardlibre.com\/a-propos\/notre-manifeste\/","ownershipFundingInfo":"https:\/\/leregardlibre.com\/mentions-legales\/","actionableFeedbackPolicy":"https:\/\/leregardlibre.com\/conditions-generales-de-vente\/"}]}},"_links":{"self":[{"href":"https:\/\/leregardlibre.com\/de\/wp-json\/wp\/v2\/product\/50917","targetHints":{"allow":["GET"]}}],"collection":[{"href":"https:\/\/leregardlibre.com\/de\/wp-json\/wp\/v2\/product"}],"about":[{"href":"https:\/\/leregardlibre.com\/de\/wp-json\/wp\/v2\/types\/product"}],"replies":[{"embeddable":true,"href":"https:\/\/leregardlibre.com\/de\/wp-json\/wp\/v2\/comments?post=50917"}],"wp:featuredmedia":[{"embeddable":true,"href":"https:\/\/leregardlibre.com\/de\/wp-json\/wp\/v2\/media\/50920"}],"wp:attachment":[{"href":"https:\/\/leregardlibre.com\/de\/wp-json\/wp\/v2\/media?parent=50917"}],"wp:term":[{"taxonomy":"product_brand","embeddable":true,"href":"https:\/\/leregardlibre.com\/de\/wp-json\/wp\/v2\/product_brand?post=50917"},{"taxonomy":"product_cat","embeddable":true,"href":"https:\/\/leregardlibre.com\/de\/wp-json\/wp\/v2\/product_cat?post=50917"},{"taxonomy":"product_tag","embeddable":true,"href":"https:\/\/leregardlibre.com\/de\/wp-json\/wp\/v2\/product_tag?post=50917"}],"curies":[{"name":"wp","href":"https:\/\/api.w.org\/{rel}","templated":true}]}}