{"id":512696,"date":"2022-10-01T23:43:12","date_gmt":"2022-10-01T21:43:12","guid":{"rendered":"https:\/\/leregardlibre.com\/?post_type=product&#038;p=512696"},"modified":"2025-06-02T21:39:46","modified_gmt":"2025-06-02T19:39:46","slug":"le-regard-libre-no89-dossier-end-of-the-world","status":"publish","type":"product","link":"https:\/\/leregardlibre.com\/de\/produkt\/le-regard-libre-no89-dossier-end-of-the-world\/","title":{"rendered":"Le Regard Libre N\u00ba89 | Dossier ENDE DER WELT"},"content":{"rendered":"<h2><em>VORKOMMEN<\/em><\/h2>\n<p><em>Le Regard Libre<\/em> Nr. 89 | Dossier ENDE DER WELT<br \/>\nPapierexemplar<br \/>\nAusgabe vom Oktober 2022<br \/>\nSchickes Papiermagazinformat (68 Seiten)<\/p>\n<hr \/>\n<p><strong>INHALT:<\/strong><\/p>\n<p class=\"p1\"><b>05 <\/b>| Das Editorial: Das Ende der Welt, eine Welt ohne Ende<br \/>\n<b>07 <\/b>Ralph M\u00fcllers Patrone: Das Lachen des Grolls<br \/>\n<b>08 <\/b><span class=\"s1\">| <\/span>Ungew\u00f6hnliche Kurzinfos: Ein unmerkliches Erdbeben<br \/>\n<b>10 <\/b>| <i>Das grosse Schachbrett<\/i>, ein Teil zwischen den USA und der Welt<\/p>\n<p class=\"p2\"><b>Dossier: Das Ende der Welt<\/b><\/p>\n<p class=\"p1\"><b>14 <\/b>| \u00abEs gibt Br\u00fccken zwischen s\u00e4kularen Anliegen und spirituellen Ans\u00e4tzen\u00bb.\u00bb<br \/>\n<b>22 <\/b>| Kollapsforscher: Sie sagen den Zusammenbruch voraus<br \/>\n<b>26 <\/b>Als die Menschheit nur knapp am Weltuntergang vorbeigeschrammt ist<br \/>\n<b>28 <\/b>| <span class=\"s2\">Welche Auswirkungen hat Innovation? Reflexion mit Schumpeter und Polanyi<br \/>\n<\/span><b>30 <\/b>| Der Sinn des Lebens verborgen in der Erz\u00e4hlung vom Ende der Welt<br \/>\n<b>32 <\/b>Der Taiping-Aufstand und das Versprechen des Paradieses auf Erden<br \/>\n<b>34 <\/b>| Das Gespenst der Atomkraft in Ostasien<br \/>\n<b>38 <\/b>Apokalypse in Prosa: Ist das Schlimmste eingetreten oder steht es noch bevor?<br \/>\n<b>40 <\/b>| Ist Kunst unsterblich?<\/p>\n<p class=\"p2\"><b>Kulturnachrichten<\/b><\/p>\n<p class=\"p1\"><b>44 <\/b>Steve Morse verl\u00e4sst Deep Purple: Ein R\u00fcckblick auf das Ende einer \u00c4ra<br \/>\n<b>46 <\/b>| In \u00abeinem Land voller Spinner\u00bb bleiben\u00bb<br \/>\n<b>48 <\/b>| <i>La Sainte Touche<\/i> oder die Lobpreisung der Troubleshooter<\/p>\n<p class=\"p3\"><b>Termine am Ende des Magazins<\/b><\/p>\n<p class=\"p1\"><b>50 <\/b>| Die Fotoreportage von Bernard L\u00e9chot: <i>Roter Marmor<br \/>\n<\/i><b>56 <\/b>| <i>Die R\u00fcckkehr<\/i>, Elliot Mazzellas Roman, Episode 9\/15<br \/>\n<b>60 <\/b>| <span class=\"s3\">Engagierter Swing, wenn die Ethik \u00fcber die \u00c4sthetik siegt<br \/>\n<\/span><b>66 <\/b>| Abonnement-Talon und Sponsoring-Formular<br \/>\n<b>67 <\/b>| Impressum<br \/>\n<b>68 <\/b>| Zitate<\/p>","protected":false},"excerpt":{"rendered":"<p>PR\u00c9-COMMANDE Le Regard Libre N\u00b0 89 | Dossier FIN DU MONDE Exemplaire papier Edition d\u2019octobre 2022 Format magazine papier chic&#8230;<\/p>","protected":false},"featured_media":512699,"comment_status":"open","ping_status":"closed","template":"","meta":{"_acf_changed":false},"product_brand":[],"product_cat":[644340392],"product_tag":[],"class_list":{"0":"post-512696","1":"product","2":"type-product","3":"status-publish","4":"has-post-thumbnail","6":"product_cat-numeros","8":"first","9":"instock","10":"shipping-taxable","11":"purchasable","12":"product-type-variable"},"acf":[],"yoast_head":"<!-- This site is optimized with the Yoast SEO Premium plugin v27.4 (Yoast SEO v27.4) - https:\/\/yoast.com\/product\/yoast-seo-premium-wordpress\/ -->\n<title>Le Regard Libre N\u00ba89 | Dossier FIN DU MONDE<\/title>\n<meta name=\"description\" content=\"Mensuel Le Regard Libre, \u00e9dition d&#039;octobre 2022 (N\u00b0\u00a089): dossier FIN DU MONDE. Sommaire et commande\" \/>\n<meta name=\"robots\" content=\"index, follow, max-snippet:-1, max-image-preview:large, max-video-preview:-1\" \/>\n<link rel=\"canonical\" href=\"https:\/\/leregardlibre.com\/de\/produkt\/le-regard-libre-no89-dossier-end-of-the-world\/\" \/>\n<meta property=\"og:locale\" content=\"de_DE\" \/>\n<meta property=\"og:type\" content=\"article\" \/>\n<meta property=\"og:title\" content=\"Le Regard Libre N\u00ba89 | Dossier FIN DU MONDE\" \/>\n<meta property=\"og:description\" content=\"Mensuel Le Regard Libre, \u00e9dition d&#039;octobre 2022 (N\u00b0\u00a089): dossier FIN DU MONDE. Sommaire et commande\" \/>\n<meta property=\"og:url\" content=\"https:\/\/leregardlibre.com\/de\/produkt\/le-regard-libre-no89-dossier-end-of-the-world\/\" \/>\n<meta property=\"og:site_name\" content=\"Le Regard Libre\" \/>\n<meta property=\"article:publisher\" content=\"https:\/\/www.facebook.com\/leregardlibre\/\" \/>\n<meta property=\"article:modified_time\" content=\"2025-06-02T19:39:46+00:00\" \/>\n<meta property=\"og:image\" content=\"https:\/\/leregardlibre.com\/wp-content\/uploads\/2022\/10\/une-le-regard-libre-n89-e1664660880248-724x1024.jpg\" \/>\n\t<meta property=\"og:image:width\" content=\"724\" \/>\n\t<meta property=\"og:image:height\" content=\"1024\" \/>\n\t<meta property=\"og:image:type\" content=\"image\/jpeg\" \/>\n<meta name=\"twitter:card\" content=\"summary_large_image\" \/>\n<meta name=\"twitter:site\" content=\"@LeRegardLibre\" \/>\n<meta name=\"twitter:label1\" content=\"Gesch\u00e4tzte Lesezeit\" \/>\n\t<meta name=\"twitter:data1\" content=\"2\u00a0Minuten\" \/>\n<script type=\"application\/ld+json\" class=\"yoast-schema-graph\">{\"@context\":\"https:\\\/\\\/schema.org\",\"@graph\":[{\"@type\":\"WebPage\",\"@id\":\"https:\\\/\\\/leregardlibre.com\\\/produit\\\/le-regard-libre-no89-dossier-fin-du-monde\\\/\",\"url\":\"https:\\\/\\\/leregardlibre.com\\\/produit\\\/le-regard-libre-no89-dossier-fin-du-monde\\\/\",\"name\":\"Le Regard Libre N\u00ba89 | Dossier FIN DU MONDE\",\"isPartOf\":{\"@id\":\"https:\\\/\\\/leregardlibre.com\\\/#website\"},\"primaryImageOfPage\":{\"@id\":\"https:\\\/\\\/leregardlibre.com\\\/produit\\\/le-regard-libre-no89-dossier-fin-du-monde\\\/#primaryimage\"},\"image\":{\"@id\":\"https:\\\/\\\/leregardlibre.com\\\/produit\\\/le-regard-libre-no89-dossier-fin-du-monde\\\/#primaryimage\"},\"thumbnailUrl\":\"https:\\\/\\\/leregardlibre.com\\\/wp-content\\\/uploads\\\/2022\\\/10\\\/une-le-regard-libre-n89-e1664660880248.jpg\",\"datePublished\":\"2022-10-01T21:43:12+00:00\",\"dateModified\":\"2025-06-02T19:39:46+00:00\",\"description\":\"Mensuel Le Regard Libre, \u00e9dition d'octobre 2022 (N\u00b0\u00a089): dossier FIN DU MONDE. Sommaire et commande\",\"breadcrumb\":{\"@id\":\"https:\\\/\\\/leregardlibre.com\\\/produit\\\/le-regard-libre-no89-dossier-fin-du-monde\\\/#breadcrumb\"},\"inLanguage\":\"de\",\"potentialAction\":[{\"@type\":\"ReadAction\",\"target\":[\"https:\\\/\\\/leregardlibre.com\\\/produit\\\/le-regard-libre-no89-dossier-fin-du-monde\\\/\"]}]},{\"@type\":\"ImageObject\",\"inLanguage\":\"de\",\"@id\":\"https:\\\/\\\/leregardlibre.com\\\/produit\\\/le-regard-libre-no89-dossier-fin-du-monde\\\/#primaryimage\",\"url\":\"https:\\\/\\\/leregardlibre.com\\\/wp-content\\\/uploads\\\/2022\\\/10\\\/une-le-regard-libre-n89-e1664660880248.jpg\",\"contentUrl\":\"https:\\\/\\\/leregardlibre.com\\\/wp-content\\\/uploads\\\/2022\\\/10\\\/une-le-regard-libre-n89-e1664660880248.jpg\",\"width\":1358,\"height\":1920,\"caption\":\"Une Le Regard Libre N\u00b089 | Dossier FIN DU MONDE\"},{\"@type\":\"BreadcrumbList\",\"@id\":\"https:\\\/\\\/leregardlibre.com\\\/produit\\\/le-regard-libre-no89-dossier-fin-du-monde\\\/#breadcrumb\",\"itemListElement\":[{\"@type\":\"ListItem\",\"position\":1,\"name\":\"Accueil\",\"item\":\"https:\\\/\\\/leregardlibre.com\\\/\"},{\"@type\":\"ListItem\",\"position\":2,\"name\":\"Boutique\",\"item\":\"https:\\\/\\\/leregardlibre.com\\\/boutique\\\/\"},{\"@type\":\"ListItem\",\"position\":3,\"name\":\"Le Regard Libre N\u00ba89 | Dossier FIN DU MONDE\"}]},{\"@type\":\"WebSite\",\"@id\":\"https:\\\/\\\/leregardlibre.com\\\/#website\",\"url\":\"https:\\\/\\\/leregardlibre.com\\\/\",\"name\":\"Le Regard Libre\",\"description\":\"Premier mensuel suisse de d\u00e9bat\",\"publisher\":{\"@id\":\"https:\\\/\\\/leregardlibre.com\\\/#organization\"},\"potentialAction\":[{\"@type\":\"SearchAction\",\"target\":{\"@type\":\"EntryPoint\",\"urlTemplate\":\"https:\\\/\\\/leregardlibre.com\\\/?s={search_term_string}\"},\"query-input\":{\"@type\":\"PropertyValueSpecification\",\"valueRequired\":true,\"valueName\":\"search_term_string\"}}],\"inLanguage\":\"de\"},{\"@type\":\"Organization\",\"@id\":\"https:\\\/\\\/leregardlibre.com\\\/#organization\",\"name\":\"Le Regard Libre\",\"url\":\"https:\\\/\\\/leregardlibre.com\\\/\",\"logo\":{\"@type\":\"ImageObject\",\"inLanguage\":\"de\",\"@id\":\"https:\\\/\\\/leregardlibre.com\\\/#\\\/schema\\\/logo\\\/image\\\/\",\"url\":\"https:\\\/\\\/leregardlibre.com\\\/wp-content\\\/uploads\\\/2025\\\/08\\\/logo-rl-icone-neg.jpeg\",\"contentUrl\":\"https:\\\/\\\/leregardlibre.com\\\/wp-content\\\/uploads\\\/2025\\\/08\\\/logo-rl-icone-neg.jpeg\",\"width\":557,\"height\":556,\"caption\":\"Le Regard Libre\"},\"image\":{\"@id\":\"https:\\\/\\\/leregardlibre.com\\\/#\\\/schema\\\/logo\\\/image\\\/\"},\"sameAs\":[\"https:\\\/\\\/www.facebook.com\\\/leregardlibre\\\/\",\"https:\\\/\\\/x.com\\\/LeRegardLibre\",\"https:\\\/\\\/www.linkedin.com\\\/company\\\/le-regard-libre\",\"https:\\\/\\\/www.instagram.com\\\/leregardlibre\\\/\",\"http:\\\/\\\/t.me\\\/leregardlibre\",\"https:\\\/\\\/youtube.com\\\/channel\\\/UC6HzGPomj1LsUmlz-sJtITQ\"],\"description\":\"Le Regard Libre est un mensuel suisse de d\u00e9bat intellectuel et culturel. Sa r\u00e9daction est jeune, b\u00e9n\u00e9vole, lib\u00e9rale et pluraliste. Le magazine para\u00eet en ligne et sous forme papier. Sa langue est le fran\u00e7ais.\",\"email\":\"redaction@leregardlibre.com\",\"legalName\":\"Le Regard Libre\",\"foundingDate\":\"2014-01-01\",\"numberOfEmployees\":{\"@type\":\"QuantitativeValue\",\"minValue\":\"11\",\"maxValue\":\"50\"},\"publishingPrinciples\":\"https:\\\/\\\/leregardlibre.com\\\/a-propos\\\/notre-manifeste\\\/\",\"ownershipFundingInfo\":\"https:\\\/\\\/leregardlibre.com\\\/mentions-legales\\\/\",\"actionableFeedbackPolicy\":\"https:\\\/\\\/leregardlibre.com\\\/conditions-generales-de-vente\\\/\"}]}<\/script>\n<!-- \/ Yoast SEO Premium plugin. -->","yoast_head_json":{"title":"Le Regard Libre N\u00ba89 | Dossier ENDE DER WELT","description":"Monatszeitschrift Le Regard Libre, Ausgabe Oktober 2022 (Nr. 89): Dossier WELTENDE. Inhalt und Bestellung","robots":{"index":"index","follow":"follow","max-snippet":"max-snippet:-1","max-image-preview":"max-image-preview:large","max-video-preview":"max-video-preview:-1"},"canonical":"https:\/\/leregardlibre.com\/de\/produkt\/le-regard-libre-no89-dossier-end-of-the-world\/","og_locale":"de_DE","og_type":"article","og_title":"Le Regard Libre N\u00ba89 | Dossier FIN DU MONDE","og_description":"Mensuel Le Regard Libre, \u00e9dition d'octobre 2022 (N\u00b0\u00a089): dossier FIN DU MONDE. Sommaire et commande","og_url":"https:\/\/leregardlibre.com\/de\/produkt\/le-regard-libre-no89-dossier-end-of-the-world\/","og_site_name":"Le Regard Libre","article_publisher":"https:\/\/www.facebook.com\/leregardlibre\/","article_modified_time":"2025-06-02T19:39:46+00:00","og_image":[{"width":724,"height":1024,"url":"https:\/\/leregardlibre.com\/wp-content\/uploads\/2022\/10\/une-le-regard-libre-n89-e1664660880248-724x1024.jpg","type":"image\/jpeg"}],"twitter_card":"summary_large_image","twitter_site":"@LeRegardLibre","twitter_misc":{"Gesch\u00e4tzte Lesezeit":"2\u00a0Minuten"},"schema":{"@context":"https:\/\/schema.org","@graph":[{"@type":"WebPage","@id":"https:\/\/leregardlibre.com\/produit\/le-regard-libre-no89-dossier-fin-du-monde\/","url":"https:\/\/leregardlibre.com\/produit\/le-regard-libre-no89-dossier-fin-du-monde\/","name":"Le Regard Libre N\u00ba89 | Dossier ENDE DER WELT","isPartOf":{"@id":"https:\/\/leregardlibre.com\/#website"},"primaryImageOfPage":{"@id":"https:\/\/leregardlibre.com\/produit\/le-regard-libre-no89-dossier-fin-du-monde\/#primaryimage"},"image":{"@id":"https:\/\/leregardlibre.com\/produit\/le-regard-libre-no89-dossier-fin-du-monde\/#primaryimage"},"thumbnailUrl":"https:\/\/leregardlibre.com\/wp-content\/uploads\/2022\/10\/une-le-regard-libre-n89-e1664660880248.jpg","datePublished":"2022-10-01T21:43:12+00:00","dateModified":"2025-06-02T19:39:46+00:00","description":"Monatszeitschrift Le Regard Libre, Ausgabe Oktober 2022 (Nr. 89): Dossier WELTENDE. Inhalt und Bestellung","breadcrumb":{"@id":"https:\/\/leregardlibre.com\/produit\/le-regard-libre-no89-dossier-fin-du-monde\/#breadcrumb"},"inLanguage":"de","potentialAction":[{"@type":"ReadAction","target":["https:\/\/leregardlibre.com\/produit\/le-regard-libre-no89-dossier-fin-du-monde\/"]}]},{"@type":"ImageObject","inLanguage":"de","@id":"https:\/\/leregardlibre.com\/produit\/le-regard-libre-no89-dossier-fin-du-monde\/#primaryimage","url":"https:\/\/leregardlibre.com\/wp-content\/uploads\/2022\/10\/une-le-regard-libre-n89-e1664660880248.jpg","contentUrl":"https:\/\/leregardlibre.com\/wp-content\/uploads\/2022\/10\/une-le-regard-libre-n89-e1664660880248.jpg","width":1358,"height":1920,"caption":"Une Le Regard Libre N\u00b089 | Dossier FIN DU MONDE"},{"@type":"BreadcrumbList","@id":"https:\/\/leregardlibre.com\/produit\/le-regard-libre-no89-dossier-fin-du-monde\/#breadcrumb","itemListElement":[{"@type":"ListItem","position":1,"name":"Accueil","item":"https:\/\/leregardlibre.com\/"},{"@type":"ListItem","position":2,"name":"Boutique","item":"https:\/\/leregardlibre.com\/boutique\/"},{"@type":"ListItem","position":3,"name":"Le Regard Libre N\u00ba89 | Dossier FIN DU MONDE"}]},{"@type":"WebSite","@id":"https:\/\/leregardlibre.com\/#website","url":"https:\/\/leregardlibre.com\/","name":"Le Regard Libre","description":"Erste Schweizer Monatszeitschrift f\u00fcr Debatten","publisher":{"@id":"https:\/\/leregardlibre.com\/#organization"},"potentialAction":[{"@type":"SearchAction","target":{"@type":"EntryPoint","urlTemplate":"https:\/\/leregardlibre.com\/?s={search_term_string}"},"query-input":{"@type":"PropertyValueSpecification","valueRequired":true,"valueName":"search_term_string"}}],"inLanguage":"de"},{"@type":"Organization","@id":"https:\/\/leregardlibre.com\/#organization","name":"Le Regard Libre","url":"https:\/\/leregardlibre.com\/","logo":{"@type":"ImageObject","inLanguage":"de","@id":"https:\/\/leregardlibre.com\/#\/schema\/logo\/image\/","url":"https:\/\/leregardlibre.com\/wp-content\/uploads\/2025\/08\/logo-rl-icone-neg.jpeg","contentUrl":"https:\/\/leregardlibre.com\/wp-content\/uploads\/2025\/08\/logo-rl-icone-neg.jpeg","width":557,"height":556,"caption":"Le Regard Libre"},"image":{"@id":"https:\/\/leregardlibre.com\/#\/schema\/logo\/image\/"},"sameAs":["https:\/\/www.facebook.com\/leregardlibre\/","https:\/\/x.com\/LeRegardLibre","https:\/\/www.linkedin.com\/company\/le-regard-libre","https:\/\/www.instagram.com\/leregardlibre\/","http:\/\/t.me\/leregardlibre","https:\/\/youtube.com\/channel\/UC6HzGPomj1LsUmlz-sJtITQ"],"description":"Le Regard Libre ist eine Schweizer Monatszeitschrift f\u00fcr intellektuelle und kulturelle Debatten. Seine Redaktion ist jung, ehrenamtlich, liberal und pluralistisch. Das Magazin erscheint online und in gedruckter Form. Seine Sprache ist Franz\u00f6sisch.","email":"redaction@leregardlibre.com","legalName":"Le Regard Libre","foundingDate":"2014-01-01","numberOfEmployees":{"@type":"QuantitativeValue","minValue":"11","maxValue":"50"},"publishingPrinciples":"https:\/\/leregardlibre.com\/a-propos\/notre-manifeste\/","ownershipFundingInfo":"https:\/\/leregardlibre.com\/mentions-legales\/","actionableFeedbackPolicy":"https:\/\/leregardlibre.com\/conditions-generales-de-vente\/"}]}},"_links":{"self":[{"href":"https:\/\/leregardlibre.com\/de\/wp-json\/wp\/v2\/product\/512696","targetHints":{"allow":["GET"]}}],"collection":[{"href":"https:\/\/leregardlibre.com\/de\/wp-json\/wp\/v2\/product"}],"about":[{"href":"https:\/\/leregardlibre.com\/de\/wp-json\/wp\/v2\/types\/product"}],"replies":[{"embeddable":true,"href":"https:\/\/leregardlibre.com\/de\/wp-json\/wp\/v2\/comments?post=512696"}],"wp:featuredmedia":[{"embeddable":true,"href":"https:\/\/leregardlibre.com\/de\/wp-json\/wp\/v2\/media\/512699"}],"wp:attachment":[{"href":"https:\/\/leregardlibre.com\/de\/wp-json\/wp\/v2\/media?parent=512696"}],"wp:term":[{"taxonomy":"product_brand","embeddable":true,"href":"https:\/\/leregardlibre.com\/de\/wp-json\/wp\/v2\/product_brand?post=512696"},{"taxonomy":"product_cat","embeddable":true,"href":"https:\/\/leregardlibre.com\/de\/wp-json\/wp\/v2\/product_cat?post=512696"},{"taxonomy":"product_tag","embeddable":true,"href":"https:\/\/leregardlibre.com\/de\/wp-json\/wp\/v2\/product_tag?post=512696"}],"curies":[{"name":"wp","href":"https:\/\/api.w.org\/{rel}","templated":true}]}}