{"id":513499,"date":"2022-11-04T08:51:11","date_gmt":"2022-11-04T07:51:11","guid":{"rendered":"https:\/\/leregardlibre.com\/?post_type=product&#038;p=513499"},"modified":"2024-07-11T11:56:10","modified_gmt":"2024-07-11T09:56:10","slug":"le-regard-libre-90-dossier-clivages","status":"publish","type":"product","link":"https:\/\/leregardlibre.com\/de\/produkt\/le-regard-libre-90-dossier-clivages\/","title":{"rendered":"Le Regard Libre N\u00ba90 | Dossier CLIVAGES"},"content":{"rendered":"<p><em>Le Regard Libre<\/em> Nr. 90 | Dossier CLIVAGES<br \/>\nPapierexemplar<br \/>\nAusgabe vom November 2022<br \/>\nSchickes Papiermagazinformat (68 Seiten)<\/p>\n<hr \/>\n<p><strong>INHALT:<\/strong><\/p>\n<p class=\"p1\"><b>05 <\/b>| Das Editorial: Wie kann man nicht konservativ-liberal-sozialistisch sein?<br \/>\n<b>06 <\/b><span class=\"s1\">| <\/span>Ungew\u00f6hnliche Kurzmeldung: Die F\u00eate des Vendanges, ein Fest der Ironie<br \/>\n<b>07 <\/b>Ukraine: \u00abAls mir ein bestellter Artikel verweigert wurde\u00bb.\u00bb<br \/>\n<b>12 <\/b>| <span class=\"s2\">Russisch-ukrainisch <a href=\"https:\/\/fr.wikipedia.org\/wiki\/Vladimir_F%C3%A9dorovski\">Vladimir Fedorovski<\/a> liefert seine Sicht des Krieges<br \/>\n<\/span><b>16 <\/b>| Karl Kraus, unbrechbar und vision\u00e4r (Folge 2\/3)<br \/>\n<b>19 <\/b>| <span class=\"s3\">Das sororianische Massaker: Die Zukunft des Neofeminismus<\/span><\/p>\n<p class=\"p3\"><b>Dossier: Die politische Spaltung der Gegenwart<br \/>\n<\/b><b>24 <\/b>| Rechts oder links, das ist hier die Frage<br \/>\n<b>25 <\/b>Kann man liberal-konservativ sein? Die Debatte der Redaktion<br \/>\n<b>27 <\/b>| <span class=\"s2\">Die Aktualit\u00e4t der Kluft zwischen Volk und Elite mit Araud, Delsol und Goodhart<br \/>\n<\/span><b>30 <\/b>F\u00f6deralismus in Frage gestellt: ein amerikanischer R\u00fcckblick\ufffc.<br \/>\n<b>32 <\/b>Zum Beispiel: Soll ich so sein, wie ich mich f\u00fchle, oder mich so f\u00fchlen, wie ich bin?<br \/>\n<b>36 <\/b>| <i>Das Streben nach dem Ideal<\/i>: Wenn Melancholie zur Nostalgie wird<\/p>\n<p class=\"p3\"><b>Kulturnachrichten<br \/>\n<\/b><b>40 <\/b>| Musik war fr\u00fcher besser?<br \/>\n<b>42 <\/b>| Wenn Eugene mit Nicolae Ceausescu abrechnet<br \/>\n<b>44 <\/b>| <i>Galel<\/i>, Christus und der Berg<br \/>\n<b>46 <\/b>| Auf der Suche nach dem verlorenen Wir<br \/>\n<b>48 <\/b>| <i>Backen<\/i>, Gore in den Mangroven<br \/>\n<b>50 <\/b>| <span class=\"s3\">Tauchen in den Lagunas Verdes, den h\u00f6chstgelegenen Seen der Erde<\/span><\/p>\n<p class=\"p4\"><b>Termine am Ende des Magazins<br \/>\n<\/b><b>56 <\/b>| Die Fotoreportage von Bernard L\u00e9chot: <i>Fee Strom<br \/>\n<\/i><b>62 <\/b>| <i>Die R\u00fcckkehr<\/i>, Der Roman von Elliot Mazzella (Episode 10\/15)<br \/>\n<b>66 <\/b>| Abonnement-Talon und Sponsoring-Formular<br \/>\n<b>67 <\/b>| Impressum<br \/>\n<b>68 <\/b>| Zitate<\/p>\n<p><a href=\"https:\/\/leregardlibre.com\/de\/cpt-editions\/le-regard-libre-no89-dossier-end-of-the-world\/\"><em>Zur vorherigen Ausgabe<\/em><\/a><\/p>","protected":false},"excerpt":{"rendered":"<p>Le Regard Libre N\u00b0 90 | Dossier CLIVAGES Exemplaire papier Edition de novembre 2022 Format magazine papier chic (68 pages)&#8230;<\/p>","protected":false},"featured_media":513502,"comment_status":"open","ping_status":"closed","template":"","meta":{"_acf_changed":false},"product_brand":[],"product_cat":[644340392],"product_tag":[],"class_list":{"0":"post-513499","1":"product","2":"type-product","3":"status-publish","4":"has-post-thumbnail","6":"product_cat-numeros","8":"first","9":"instock","10":"shipping-taxable","11":"purchasable","12":"product-type-variable"},"acf":[],"yoast_head":"<!-- This site is optimized with the Yoast SEO Premium plugin v27.4 (Yoast SEO v27.4) - https:\/\/yoast.com\/product\/yoast-seo-premium-wordpress\/ -->\n<title>Le Regard Libre N\u00ba90 | Dossier CLIVAGES<\/title>\n<meta name=\"description\" content=\"Mensuel Le Regard Libre, \u00e9dition de novembre 2022 (N\u00b0\u00a090): dossier LES CLIVAGES POLITIQUES D&#039;AUJOURD&#039;HUI. Sommaire et commande\" \/>\n<meta name=\"robots\" content=\"index, follow, max-snippet:-1, max-image-preview:large, max-video-preview:-1\" \/>\n<link rel=\"canonical\" href=\"https:\/\/leregardlibre.com\/de\/produkt\/le-regard-libre-90-dossier-clivages\/\" \/>\n<meta property=\"og:locale\" content=\"de_DE\" \/>\n<meta property=\"og:type\" content=\"article\" \/>\n<meta property=\"og:title\" content=\"Le Regard Libre N\u00ba90 | Dossier CLIVAGES\" \/>\n<meta property=\"og:description\" content=\"Mensuel Le Regard Libre, \u00e9dition de novembre 2022 (N\u00b0\u00a090): dossier LES CLIVAGES POLITIQUES D&#039;AUJOURD&#039;HUI. Sommaire et commande\" \/>\n<meta property=\"og:url\" content=\"https:\/\/leregardlibre.com\/de\/produkt\/le-regard-libre-90-dossier-clivages\/\" \/>\n<meta property=\"og:site_name\" content=\"Le Regard Libre\" \/>\n<meta property=\"article:publisher\" content=\"https:\/\/www.facebook.com\/leregardlibre\/\" \/>\n<meta property=\"article:modified_time\" content=\"2024-07-11T09:56:10+00:00\" \/>\n<meta property=\"og:image\" content=\"https:\/\/leregardlibre.com\/wp-content\/uploads\/2022\/11\/une-rl-n-90-e1667548684362-724x1024.jpg\" \/>\n\t<meta property=\"og:image:width\" content=\"724\" \/>\n\t<meta property=\"og:image:height\" content=\"1024\" \/>\n\t<meta property=\"og:image:type\" content=\"image\/jpeg\" \/>\n<meta name=\"twitter:card\" content=\"summary_large_image\" \/>\n<meta name=\"twitter:site\" content=\"@LeRegardLibre\" \/>\n<meta name=\"twitter:label1\" content=\"Gesch\u00e4tzte Lesezeit\" \/>\n\t<meta name=\"twitter:data1\" content=\"2\u00a0Minuten\" \/>\n<script type=\"application\/ld+json\" class=\"yoast-schema-graph\">{\"@context\":\"https:\\\/\\\/schema.org\",\"@graph\":[{\"@type\":\"WebPage\",\"@id\":\"https:\\\/\\\/leregardlibre.com\\\/produit\\\/le-regard-libre-90-dossier-clivages\\\/\",\"url\":\"https:\\\/\\\/leregardlibre.com\\\/produit\\\/le-regard-libre-90-dossier-clivages\\\/\",\"name\":\"Le Regard Libre N\u00ba90 | Dossier CLIVAGES\",\"isPartOf\":{\"@id\":\"https:\\\/\\\/leregardlibre.com\\\/#website\"},\"primaryImageOfPage\":{\"@id\":\"https:\\\/\\\/leregardlibre.com\\\/produit\\\/le-regard-libre-90-dossier-clivages\\\/#primaryimage\"},\"image\":{\"@id\":\"https:\\\/\\\/leregardlibre.com\\\/produit\\\/le-regard-libre-90-dossier-clivages\\\/#primaryimage\"},\"thumbnailUrl\":\"https:\\\/\\\/leregardlibre.com\\\/wp-content\\\/uploads\\\/2022\\\/11\\\/une-rl-n-90-e1667548684362.jpg\",\"datePublished\":\"2022-11-04T07:51:11+00:00\",\"dateModified\":\"2024-07-11T09:56:10+00:00\",\"description\":\"Mensuel Le Regard Libre, \u00e9dition de novembre 2022 (N\u00b0\u00a090): dossier LES CLIVAGES POLITIQUES D'AUJOURD'HUI. Sommaire et commande\",\"breadcrumb\":{\"@id\":\"https:\\\/\\\/leregardlibre.com\\\/produit\\\/le-regard-libre-90-dossier-clivages\\\/#breadcrumb\"},\"inLanguage\":\"de\",\"potentialAction\":[{\"@type\":\"ReadAction\",\"target\":[\"https:\\\/\\\/leregardlibre.com\\\/produit\\\/le-regard-libre-90-dossier-clivages\\\/\"]}]},{\"@type\":\"ImageObject\",\"inLanguage\":\"de\",\"@id\":\"https:\\\/\\\/leregardlibre.com\\\/produit\\\/le-regard-libre-90-dossier-clivages\\\/#primaryimage\",\"url\":\"https:\\\/\\\/leregardlibre.com\\\/wp-content\\\/uploads\\\/2022\\\/11\\\/une-rl-n-90-e1667548684362.jpg\",\"contentUrl\":\"https:\\\/\\\/leregardlibre.com\\\/wp-content\\\/uploads\\\/2022\\\/11\\\/une-rl-n-90-e1667548684362.jpg\",\"width\":1358,\"height\":1920,\"caption\":\"Le Regard Libre N\u00b0 90 (\u00e9dition de novembre 2022), dossier CLIVAGES (Une)\"},{\"@type\":\"BreadcrumbList\",\"@id\":\"https:\\\/\\\/leregardlibre.com\\\/produit\\\/le-regard-libre-90-dossier-clivages\\\/#breadcrumb\",\"itemListElement\":[{\"@type\":\"ListItem\",\"position\":1,\"name\":\"Accueil\",\"item\":\"https:\\\/\\\/leregardlibre.com\\\/\"},{\"@type\":\"ListItem\",\"position\":2,\"name\":\"Boutique\",\"item\":\"https:\\\/\\\/leregardlibre.com\\\/boutique\\\/\"},{\"@type\":\"ListItem\",\"position\":3,\"name\":\"Le Regard Libre N\u00ba90 | Dossier CLIVAGES\"}]},{\"@type\":\"WebSite\",\"@id\":\"https:\\\/\\\/leregardlibre.com\\\/#website\",\"url\":\"https:\\\/\\\/leregardlibre.com\\\/\",\"name\":\"Le Regard Libre\",\"description\":\"Premier mensuel suisse de d\u00e9bat\",\"publisher\":{\"@id\":\"https:\\\/\\\/leregardlibre.com\\\/#organization\"},\"potentialAction\":[{\"@type\":\"SearchAction\",\"target\":{\"@type\":\"EntryPoint\",\"urlTemplate\":\"https:\\\/\\\/leregardlibre.com\\\/?s={search_term_string}\"},\"query-input\":{\"@type\":\"PropertyValueSpecification\",\"valueRequired\":true,\"valueName\":\"search_term_string\"}}],\"inLanguage\":\"de\"},{\"@type\":\"Organization\",\"@id\":\"https:\\\/\\\/leregardlibre.com\\\/#organization\",\"name\":\"Le Regard Libre\",\"url\":\"https:\\\/\\\/leregardlibre.com\\\/\",\"logo\":{\"@type\":\"ImageObject\",\"inLanguage\":\"de\",\"@id\":\"https:\\\/\\\/leregardlibre.com\\\/#\\\/schema\\\/logo\\\/image\\\/\",\"url\":\"https:\\\/\\\/leregardlibre.com\\\/wp-content\\\/uploads\\\/2025\\\/08\\\/logo-rl-icone-neg.jpeg\",\"contentUrl\":\"https:\\\/\\\/leregardlibre.com\\\/wp-content\\\/uploads\\\/2025\\\/08\\\/logo-rl-icone-neg.jpeg\",\"width\":557,\"height\":556,\"caption\":\"Le Regard Libre\"},\"image\":{\"@id\":\"https:\\\/\\\/leregardlibre.com\\\/#\\\/schema\\\/logo\\\/image\\\/\"},\"sameAs\":[\"https:\\\/\\\/www.facebook.com\\\/leregardlibre\\\/\",\"https:\\\/\\\/x.com\\\/LeRegardLibre\",\"https:\\\/\\\/www.linkedin.com\\\/company\\\/le-regard-libre\",\"https:\\\/\\\/www.instagram.com\\\/leregardlibre\\\/\",\"http:\\\/\\\/t.me\\\/leregardlibre\",\"https:\\\/\\\/youtube.com\\\/channel\\\/UC6HzGPomj1LsUmlz-sJtITQ\"],\"description\":\"Le Regard Libre est un mensuel suisse de d\u00e9bat intellectuel et culturel. Sa r\u00e9daction est jeune, b\u00e9n\u00e9vole, lib\u00e9rale et pluraliste. Le magazine para\u00eet en ligne et sous forme papier. Sa langue est le fran\u00e7ais.\",\"email\":\"redaction@leregardlibre.com\",\"legalName\":\"Le Regard Libre\",\"foundingDate\":\"2014-01-01\",\"numberOfEmployees\":{\"@type\":\"QuantitativeValue\",\"minValue\":\"11\",\"maxValue\":\"50\"},\"publishingPrinciples\":\"https:\\\/\\\/leregardlibre.com\\\/a-propos\\\/notre-manifeste\\\/\",\"ownershipFundingInfo\":\"https:\\\/\\\/leregardlibre.com\\\/mentions-legales\\\/\",\"actionableFeedbackPolicy\":\"https:\\\/\\\/leregardlibre.com\\\/conditions-generales-de-vente\\\/\"}]}<\/script>\n<!-- \/ Yoast SEO Premium plugin. -->","yoast_head_json":{"title":"Le Regard Libre N\u00ba90 | Dossier CLIVAGES","description":"Monatszeitschrift Le Regard Libre, Ausgabe November 2022 (Nr. 90): Dossier LES CLIVAGES POLITIQUES D'AUJOURD'HUI. Inhalt und Bestellung","robots":{"index":"index","follow":"follow","max-snippet":"max-snippet:-1","max-image-preview":"max-image-preview:large","max-video-preview":"max-video-preview:-1"},"canonical":"https:\/\/leregardlibre.com\/de\/produkt\/le-regard-libre-90-dossier-clivages\/","og_locale":"de_DE","og_type":"article","og_title":"Le Regard Libre N\u00ba90 | Dossier CLIVAGES","og_description":"Mensuel Le Regard Libre, \u00e9dition de novembre 2022 (N\u00b0\u00a090): dossier LES CLIVAGES POLITIQUES D'AUJOURD'HUI. Sommaire et commande","og_url":"https:\/\/leregardlibre.com\/de\/produkt\/le-regard-libre-90-dossier-clivages\/","og_site_name":"Le Regard Libre","article_publisher":"https:\/\/www.facebook.com\/leregardlibre\/","article_modified_time":"2024-07-11T09:56:10+00:00","og_image":[{"width":724,"height":1024,"url":"https:\/\/leregardlibre.com\/wp-content\/uploads\/2022\/11\/une-rl-n-90-e1667548684362-724x1024.jpg","type":"image\/jpeg"}],"twitter_card":"summary_large_image","twitter_site":"@LeRegardLibre","twitter_misc":{"Gesch\u00e4tzte Lesezeit":"2\u00a0Minuten"},"schema":{"@context":"https:\/\/schema.org","@graph":[{"@type":"WebPage","@id":"https:\/\/leregardlibre.com\/produit\/le-regard-libre-90-dossier-clivages\/","url":"https:\/\/leregardlibre.com\/produit\/le-regard-libre-90-dossier-clivages\/","name":"Le Regard Libre N\u00ba90 | Dossier CLIVAGES","isPartOf":{"@id":"https:\/\/leregardlibre.com\/#website"},"primaryImageOfPage":{"@id":"https:\/\/leregardlibre.com\/produit\/le-regard-libre-90-dossier-clivages\/#primaryimage"},"image":{"@id":"https:\/\/leregardlibre.com\/produit\/le-regard-libre-90-dossier-clivages\/#primaryimage"},"thumbnailUrl":"https:\/\/leregardlibre.com\/wp-content\/uploads\/2022\/11\/une-rl-n-90-e1667548684362.jpg","datePublished":"2022-11-04T07:51:11+00:00","dateModified":"2024-07-11T09:56:10+00:00","description":"Monatszeitschrift Le Regard Libre, Ausgabe November 2022 (Nr. 90): Dossier LES CLIVAGES POLITIQUES D'AUJOURD'HUI. Inhalt und Bestellung","breadcrumb":{"@id":"https:\/\/leregardlibre.com\/produit\/le-regard-libre-90-dossier-clivages\/#breadcrumb"},"inLanguage":"de","potentialAction":[{"@type":"ReadAction","target":["https:\/\/leregardlibre.com\/produit\/le-regard-libre-90-dossier-clivages\/"]}]},{"@type":"ImageObject","inLanguage":"de","@id":"https:\/\/leregardlibre.com\/produit\/le-regard-libre-90-dossier-clivages\/#primaryimage","url":"https:\/\/leregardlibre.com\/wp-content\/uploads\/2022\/11\/une-rl-n-90-e1667548684362.jpg","contentUrl":"https:\/\/leregardlibre.com\/wp-content\/uploads\/2022\/11\/une-rl-n-90-e1667548684362.jpg","width":1358,"height":1920,"caption":"Le Regard Libre N\u00b0 90 (\u00e9dition de novembre 2022), dossier CLIVAGES (Une)"},{"@type":"BreadcrumbList","@id":"https:\/\/leregardlibre.com\/produit\/le-regard-libre-90-dossier-clivages\/#breadcrumb","itemListElement":[{"@type":"ListItem","position":1,"name":"Accueil","item":"https:\/\/leregardlibre.com\/"},{"@type":"ListItem","position":2,"name":"Boutique","item":"https:\/\/leregardlibre.com\/boutique\/"},{"@type":"ListItem","position":3,"name":"Le Regard Libre N\u00ba90 | Dossier CLIVAGES"}]},{"@type":"WebSite","@id":"https:\/\/leregardlibre.com\/#website","url":"https:\/\/leregardlibre.com\/","name":"Le Regard Libre","description":"Erste Schweizer Monatszeitschrift f\u00fcr Debatten","publisher":{"@id":"https:\/\/leregardlibre.com\/#organization"},"potentialAction":[{"@type":"SearchAction","target":{"@type":"EntryPoint","urlTemplate":"https:\/\/leregardlibre.com\/?s={search_term_string}"},"query-input":{"@type":"PropertyValueSpecification","valueRequired":true,"valueName":"search_term_string"}}],"inLanguage":"de"},{"@type":"Organization","@id":"https:\/\/leregardlibre.com\/#organization","name":"Le Regard Libre","url":"https:\/\/leregardlibre.com\/","logo":{"@type":"ImageObject","inLanguage":"de","@id":"https:\/\/leregardlibre.com\/#\/schema\/logo\/image\/","url":"https:\/\/leregardlibre.com\/wp-content\/uploads\/2025\/08\/logo-rl-icone-neg.jpeg","contentUrl":"https:\/\/leregardlibre.com\/wp-content\/uploads\/2025\/08\/logo-rl-icone-neg.jpeg","width":557,"height":556,"caption":"Le Regard Libre"},"image":{"@id":"https:\/\/leregardlibre.com\/#\/schema\/logo\/image\/"},"sameAs":["https:\/\/www.facebook.com\/leregardlibre\/","https:\/\/x.com\/LeRegardLibre","https:\/\/www.linkedin.com\/company\/le-regard-libre","https:\/\/www.instagram.com\/leregardlibre\/","http:\/\/t.me\/leregardlibre","https:\/\/youtube.com\/channel\/UC6HzGPomj1LsUmlz-sJtITQ"],"description":"Le Regard Libre ist eine Schweizer Monatszeitschrift f\u00fcr intellektuelle und kulturelle Debatten. Seine Redaktion ist jung, ehrenamtlich, liberal und pluralistisch. Das Magazin erscheint online und in gedruckter Form. Seine Sprache ist Franz\u00f6sisch.","email":"redaction@leregardlibre.com","legalName":"Le Regard Libre","foundingDate":"2014-01-01","numberOfEmployees":{"@type":"QuantitativeValue","minValue":"11","maxValue":"50"},"publishingPrinciples":"https:\/\/leregardlibre.com\/a-propos\/notre-manifeste\/","ownershipFundingInfo":"https:\/\/leregardlibre.com\/mentions-legales\/","actionableFeedbackPolicy":"https:\/\/leregardlibre.com\/conditions-generales-de-vente\/"}]}},"_links":{"self":[{"href":"https:\/\/leregardlibre.com\/de\/wp-json\/wp\/v2\/product\/513499","targetHints":{"allow":["GET"]}}],"collection":[{"href":"https:\/\/leregardlibre.com\/de\/wp-json\/wp\/v2\/product"}],"about":[{"href":"https:\/\/leregardlibre.com\/de\/wp-json\/wp\/v2\/types\/product"}],"replies":[{"embeddable":true,"href":"https:\/\/leregardlibre.com\/de\/wp-json\/wp\/v2\/comments?post=513499"}],"wp:featuredmedia":[{"embeddable":true,"href":"https:\/\/leregardlibre.com\/de\/wp-json\/wp\/v2\/media\/513502"}],"wp:attachment":[{"href":"https:\/\/leregardlibre.com\/de\/wp-json\/wp\/v2\/media?parent=513499"}],"wp:term":[{"taxonomy":"product_brand","embeddable":true,"href":"https:\/\/leregardlibre.com\/de\/wp-json\/wp\/v2\/product_brand?post=513499"},{"taxonomy":"product_cat","embeddable":true,"href":"https:\/\/leregardlibre.com\/de\/wp-json\/wp\/v2\/product_cat?post=513499"},{"taxonomy":"product_tag","embeddable":true,"href":"https:\/\/leregardlibre.com\/de\/wp-json\/wp\/v2\/product_tag?post=513499"}],"curies":[{"name":"wp","href":"https:\/\/api.w.org\/{rel}","templated":true}]}}