{"id":514171,"date":"2022-11-27T11:05:08","date_gmt":"2022-11-27T10:05:08","guid":{"rendered":"https:\/\/leregardlibre.com\/?post_type=product&#038;p=514171"},"modified":"2024-07-11T11:57:37","modified_gmt":"2024-07-11T09:57:37","slug":"le-regard-libre-no91-dossier-mensonge","status":"publish","type":"product","link":"https:\/\/leregardlibre.com\/de\/produkt\/le-regard-libre-no91-dossier-mensonge\/","title":{"rendered":"Le Regard Libre N\u00ba91 | Dossier MENSONGE"},"content":{"rendered":"<p><em>Le Regard Libre<\/em> Nr. 91 | Dossier MENSONGE<br \/>\nPapierexemplar<br \/>\nAusgabe vom Dezember 2022<br \/>\nSchickes Papiermagazinformat (68 Seiten)<\/p>\n<hr \/>\n<p><strong>INHALT:<\/strong><\/p>\n<p class=\"p1\"><b>05 <\/b>| Editorial: Es gibt keine L\u00fcge, wenn es keine Wahrheit gibt<br \/>\n<b>07 <\/b>| Lesung von Pascal Couchepin: <i>Apokalypsen<br \/>\n<\/i><b>09 <\/b>| Validit\u00e4t oder Glaubw\u00fcrdigkeit in den Geisteswissenschaften?<br \/>\n<b>10 <\/b>| K\u00e4mpfen in einer Diktatur<br \/>\n<b>12 <\/b>| Karl Kraus, unbrechbar und vision\u00e4r (Folge 2\/3)<br \/>\n<b>16 <\/b>| Die EU: Sch\u00f6nheit in der Feigheit, Freude in der Verleugnung<\/p>\n<p class=\"p3\"><b>Dossier: Die L\u00fcge<br \/>\n<\/b><b>22 <\/b>Myret Zaki: \u00abMisstrauen gegen\u00fcber dem, der sich neutral gibt\u00bb.\u00bb<br \/>\n<b>28 <\/b>| Die L\u00fcge als Akteur in der Geschichte<br \/>\n<b>31 <\/b>| Von der schamlosen L\u00fcge<br \/>\n<b>32 <\/b>Kann es ethisch sein zu l\u00fcgen? Die Kant-Konstant-Kontroverse<br \/>\n<b>34 <\/b>| Irak: Als die Intoxikation den Krieg erzwang<br \/>\n<b>36 <\/b>| Kann eine L\u00fcge den Staat gef\u00e4hrden?<br \/>\n<b>38 <\/b>| Monica Sabolo, das Geheimnis wie wahrheitsgem\u00e4\u00dfes L\u00fcgen<\/p>\n<p class=\"p3\"><b>Kulturnachrichten<\/b><\/p>\n<p class=\"p1\"><b>42 <\/b>Die violette Biennale gegen die Universalit\u00e4t der Werke<br \/>\n<b>44 <\/b>| Ein Manifest f\u00fcr Vielfalt in der Literatur<br \/>\n<b>46 <\/b>| Das neue Westschweizer Muss f\u00fcr Regionalkrimis<br \/>\n<b>47 <\/b>| Die Torturen des \u00dcbermenschen<br \/>\n<b>48 <\/b>| <span class=\"s1\">Roger Federer in Ihrem Album, welch \u00fcberraschende Selbstverst\u00e4ndlichkeit, Serge Lama<\/span><\/p>\n<p class=\"p4\"><b>Termine am Ende des Magazins<br \/>\n<\/b><b>50 <\/b>| Sport: Wie sich der franz\u00f6sische Osten auf die Olympischen Spiele in Paris vorbereitet<br \/>\n<b>56 <\/b>| Die Fotoreportage von Bernard L\u00e9chot: Im Herzen der Musik<br \/>\n<b>62 <\/b>| <i>Die R\u00fcckkehr<\/i>, Der Roman von Elliot Mazzella (Episode 11\/15)<br \/>\n<b>66 <\/b>| Abonnement-Talon und Sponsoring-Formular<br \/>\n<b>67 <\/b>| Impressum<br \/>\n<b>68 <\/b>| Zitate<\/p>\n<p><a href=\"https:\/\/leregardlibre.com\/de\/cpt-editions\/der-freie-blick-90-spaltungen\/\"><em>Zur vorherigen Ausgabe<\/em><\/a><\/p>","protected":false},"excerpt":{"rendered":"<p>Le Regard Libre N\u00b0 91 | Dossier MENSONGE Exemplaire papier Edition de d\u00e9cembre 2022 Format magazine papier chic (68 pages)&#8230;<\/p>","protected":false},"featured_media":514174,"comment_status":"open","ping_status":"closed","template":"","meta":{"_acf_changed":false},"product_brand":[],"product_cat":[644340392],"product_tag":[],"class_list":{"0":"post-514171","1":"product","2":"type-product","3":"status-publish","4":"has-post-thumbnail","6":"product_cat-numeros","8":"first","9":"instock","10":"shipping-taxable","11":"purchasable","12":"product-type-variable"},"acf":[],"yoast_head":"<!-- This site is optimized with the Yoast SEO Premium plugin v26.9 (Yoast SEO v26.9) - https:\/\/yoast.com\/product\/yoast-seo-premium-wordpress\/ -->\n<title>Le Regard Libre N\u00ba91 | Dossier MENSONGE<\/title>\n<meta name=\"description\" content=\"Mensuel Le Regard Libre, \u00e9dition de d\u00e9cembre 2022 (N\u00b0\u00a091): dossier sp\u00e9cial consacr\u00e9 au MENSONGE. Sommaire et commande du num\u00e9ro\" \/>\n<meta name=\"robots\" content=\"index, follow, max-snippet:-1, max-image-preview:large, max-video-preview:-1\" \/>\n<link rel=\"canonical\" href=\"https:\/\/leregardlibre.com\/de\/produkt\/le-regard-libre-no91-dossier-mensonge\/\" \/>\n<meta property=\"og:locale\" content=\"de_DE\" \/>\n<meta property=\"og:type\" content=\"article\" \/>\n<meta property=\"og:title\" content=\"Le Regard Libre N\u00ba91 | Dossier MENSONGE\" \/>\n<meta property=\"og:description\" content=\"Mensuel Le Regard Libre, \u00e9dition de d\u00e9cembre 2022 (N\u00b0\u00a091): dossier sp\u00e9cial consacr\u00e9 au MENSONGE. Sommaire et commande du num\u00e9ro\" \/>\n<meta property=\"og:url\" content=\"https:\/\/leregardlibre.com\/de\/produkt\/le-regard-libre-no91-dossier-mensonge\/\" \/>\n<meta property=\"og:site_name\" content=\"Le Regard Libre\" \/>\n<meta property=\"article:publisher\" content=\"https:\/\/www.facebook.com\/leregardlibre\/\" \/>\n<meta property=\"article:modified_time\" content=\"2024-07-11T09:57:37+00:00\" \/>\n<meta property=\"og:image\" content=\"https:\/\/leregardlibre.com\/wp-content\/uploads\/2022\/11\/une-rl-n-91-e1669551768197-724x1024.jpg\" \/>\n\t<meta property=\"og:image:width\" content=\"724\" \/>\n\t<meta property=\"og:image:height\" content=\"1024\" \/>\n\t<meta property=\"og:image:type\" content=\"image\/jpeg\" \/>\n<meta name=\"twitter:card\" content=\"summary_large_image\" \/>\n<meta name=\"twitter:site\" content=\"@LeRegardLibre\" \/>\n<meta name=\"twitter:label1\" content=\"Gesch\u00e4tzte Lesezeit\" \/>\n\t<meta name=\"twitter:data1\" content=\"2\u00a0Minuten\" \/>\n<script type=\"application\/ld+json\" class=\"yoast-schema-graph\">{\"@context\":\"https:\/\/schema.org\",\"@graph\":[{\"@type\":\"WebPage\",\"@id\":\"https:\/\/leregardlibre.com\/produit\/le-regard-libre-no91-dossier-mensonge\/\",\"url\":\"https:\/\/leregardlibre.com\/produit\/le-regard-libre-no91-dossier-mensonge\/\",\"name\":\"Le Regard Libre N\u00ba91 | Dossier MENSONGE\",\"isPartOf\":{\"@id\":\"https:\/\/leregardlibre.com\/#website\"},\"primaryImageOfPage\":{\"@id\":\"https:\/\/leregardlibre.com\/produit\/le-regard-libre-no91-dossier-mensonge\/#primaryimage\"},\"image\":{\"@id\":\"https:\/\/leregardlibre.com\/produit\/le-regard-libre-no91-dossier-mensonge\/#primaryimage\"},\"thumbnailUrl\":\"https:\/\/leregardlibre.com\/wp-content\/uploads\/2022\/11\/une-rl-n-91-e1669551768197.jpg\",\"datePublished\":\"2022-11-27T10:05:08+00:00\",\"dateModified\":\"2024-07-11T09:57:37+00:00\",\"description\":\"Mensuel Le Regard Libre, \u00e9dition de d\u00e9cembre 2022 (N\u00b0\u00a091): dossier sp\u00e9cial consacr\u00e9 au MENSONGE. Sommaire et commande du num\u00e9ro\",\"breadcrumb\":{\"@id\":\"https:\/\/leregardlibre.com\/produit\/le-regard-libre-no91-dossier-mensonge\/#breadcrumb\"},\"inLanguage\":\"de\",\"potentialAction\":[{\"@type\":\"ReadAction\",\"target\":[\"https:\/\/leregardlibre.com\/produit\/le-regard-libre-no91-dossier-mensonge\/\"]}]},{\"@type\":\"ImageObject\",\"inLanguage\":\"de\",\"@id\":\"https:\/\/leregardlibre.com\/produit\/le-regard-libre-no91-dossier-mensonge\/#primaryimage\",\"url\":\"https:\/\/leregardlibre.com\/wp-content\/uploads\/2022\/11\/une-rl-n-91-e1669551768197.jpg\",\"contentUrl\":\"https:\/\/leregardlibre.com\/wp-content\/uploads\/2022\/11\/une-rl-n-91-e1669551768197.jpg\",\"width\":1357,\"height\":1920,\"caption\":\"le regard libre dossier mensonge\"},{\"@type\":\"BreadcrumbList\",\"@id\":\"https:\/\/leregardlibre.com\/produit\/le-regard-libre-no91-dossier-mensonge\/#breadcrumb\",\"itemListElement\":[{\"@type\":\"ListItem\",\"position\":1,\"name\":\"Accueil\",\"item\":\"https:\/\/leregardlibre.com\/\"},{\"@type\":\"ListItem\",\"position\":2,\"name\":\"Boutique\",\"item\":\"https:\/\/leregardlibre.com\/boutique\/\"},{\"@type\":\"ListItem\",\"position\":3,\"name\":\"Le Regard Libre N\u00ba91 | Dossier MENSONGE\"}]},{\"@type\":\"WebSite\",\"@id\":\"https:\/\/leregardlibre.com\/#website\",\"url\":\"https:\/\/leregardlibre.com\/\",\"name\":\"Le Regard Libre\",\"description\":\"Premier mensuel suisse de d\u00e9bat\",\"publisher\":{\"@id\":\"https:\/\/leregardlibre.com\/#organization\"},\"potentialAction\":[{\"@type\":\"SearchAction\",\"target\":{\"@type\":\"EntryPoint\",\"urlTemplate\":\"https:\/\/leregardlibre.com\/?s={search_term_string}\"},\"query-input\":{\"@type\":\"PropertyValueSpecification\",\"valueRequired\":true,\"valueName\":\"search_term_string\"}}],\"inLanguage\":\"de\"},{\"@type\":\"Organization\",\"@id\":\"https:\/\/leregardlibre.com\/#organization\",\"name\":\"Le Regard Libre\",\"url\":\"https:\/\/leregardlibre.com\/\",\"logo\":{\"@type\":\"ImageObject\",\"inLanguage\":\"de\",\"@id\":\"https:\/\/leregardlibre.com\/#\/schema\/logo\/image\/\",\"url\":\"https:\/\/leregardlibre.com\/wp-content\/uploads\/2025\/08\/logo-rl-icone-neg.jpeg\",\"contentUrl\":\"https:\/\/leregardlibre.com\/wp-content\/uploads\/2025\/08\/logo-rl-icone-neg.jpeg\",\"width\":557,\"height\":556,\"caption\":\"Le Regard Libre\"},\"image\":{\"@id\":\"https:\/\/leregardlibre.com\/#\/schema\/logo\/image\/\"},\"sameAs\":[\"https:\/\/www.facebook.com\/leregardlibre\/\",\"https:\/\/x.com\/LeRegardLibre\",\"https:\/\/www.linkedin.com\/company\/le-regard-libre\",\"https:\/\/www.instagram.com\/leregardlibre\/\",\"http:\/\/t.me\/leregardlibre\",\"https:\/\/youtube.com\/channel\/UC6HzGPomj1LsUmlz-sJtITQ\"],\"description\":\"Le Regard Libre est un mensuel suisse de d\u00e9bat intellectuel et culturel. Sa r\u00e9daction est jeune, b\u00e9n\u00e9vole, lib\u00e9rale et pluraliste. Le magazine para\u00eet en ligne et sous forme papier. Sa langue est le fran\u00e7ais.\",\"email\":\"redaction@leregardlibre.com\",\"legalName\":\"Le Regard Libre\",\"foundingDate\":\"2014-01-01\",\"numberOfEmployees\":{\"@type\":\"QuantitativeValue\",\"minValue\":\"11\",\"maxValue\":\"50\"},\"publishingPrinciples\":\"https:\/\/leregardlibre.com\/a-propos\/notre-manifeste\/\",\"ownershipFundingInfo\":\"https:\/\/leregardlibre.com\/mentions-legales\/\",\"actionableFeedbackPolicy\":\"https:\/\/leregardlibre.com\/conditions-generales-de-vente\/\"}]}<\/script>\n<!-- \/ Yoast SEO Premium plugin. -->","yoast_head_json":{"title":"Le Regard Libre N\u00ba91 | Dossier MENSONGE","description":"Monatszeitschrift Le Regard Libre, Ausgabe Dezember 2022 (Nr. 91): Sonderheft zum Thema L\u00dcGE. Inhalt und Bestellung der Ausgabe","robots":{"index":"index","follow":"follow","max-snippet":"max-snippet:-1","max-image-preview":"max-image-preview:large","max-video-preview":"max-video-preview:-1"},"canonical":"https:\/\/leregardlibre.com\/de\/produkt\/le-regard-libre-no91-dossier-mensonge\/","og_locale":"de_DE","og_type":"article","og_title":"Le Regard Libre N\u00ba91 | Dossier MENSONGE","og_description":"Mensuel Le Regard Libre, \u00e9dition de d\u00e9cembre 2022 (N\u00b0\u00a091): dossier sp\u00e9cial consacr\u00e9 au MENSONGE. Sommaire et commande du num\u00e9ro","og_url":"https:\/\/leregardlibre.com\/de\/produkt\/le-regard-libre-no91-dossier-mensonge\/","og_site_name":"Le Regard Libre","article_publisher":"https:\/\/www.facebook.com\/leregardlibre\/","article_modified_time":"2024-07-11T09:57:37+00:00","og_image":[{"width":724,"height":1024,"url":"https:\/\/leregardlibre.com\/wp-content\/uploads\/2022\/11\/une-rl-n-91-e1669551768197-724x1024.jpg","type":"image\/jpeg"}],"twitter_card":"summary_large_image","twitter_site":"@LeRegardLibre","twitter_misc":{"Gesch\u00e4tzte Lesezeit":"2\u00a0Minuten"},"schema":{"@context":"https:\/\/schema.org","@graph":[{"@type":"WebPage","@id":"https:\/\/leregardlibre.com\/produit\/le-regard-libre-no91-dossier-mensonge\/","url":"https:\/\/leregardlibre.com\/produit\/le-regard-libre-no91-dossier-mensonge\/","name":"Le Regard Libre N\u00ba91 | Dossier MENSONGE","isPartOf":{"@id":"https:\/\/leregardlibre.com\/#website"},"primaryImageOfPage":{"@id":"https:\/\/leregardlibre.com\/produit\/le-regard-libre-no91-dossier-mensonge\/#primaryimage"},"image":{"@id":"https:\/\/leregardlibre.com\/produit\/le-regard-libre-no91-dossier-mensonge\/#primaryimage"},"thumbnailUrl":"https:\/\/leregardlibre.com\/wp-content\/uploads\/2022\/11\/une-rl-n-91-e1669551768197.jpg","datePublished":"2022-11-27T10:05:08+00:00","dateModified":"2024-07-11T09:57:37+00:00","description":"Monatszeitschrift Le Regard Libre, Ausgabe Dezember 2022 (Nr. 91): Sonderheft zum Thema L\u00dcGE. Inhalt und Bestellung der Ausgabe","breadcrumb":{"@id":"https:\/\/leregardlibre.com\/produit\/le-regard-libre-no91-dossier-mensonge\/#breadcrumb"},"inLanguage":"de","potentialAction":[{"@type":"ReadAction","target":["https:\/\/leregardlibre.com\/produit\/le-regard-libre-no91-dossier-mensonge\/"]}]},{"@type":"ImageObject","inLanguage":"de","@id":"https:\/\/leregardlibre.com\/produit\/le-regard-libre-no91-dossier-mensonge\/#primaryimage","url":"https:\/\/leregardlibre.com\/wp-content\/uploads\/2022\/11\/une-rl-n-91-e1669551768197.jpg","contentUrl":"https:\/\/leregardlibre.com\/wp-content\/uploads\/2022\/11\/une-rl-n-91-e1669551768197.jpg","width":1357,"height":1920,"caption":"le regard libre dossier mensonge"},{"@type":"BreadcrumbList","@id":"https:\/\/leregardlibre.com\/produit\/le-regard-libre-no91-dossier-mensonge\/#breadcrumb","itemListElement":[{"@type":"ListItem","position":1,"name":"Accueil","item":"https:\/\/leregardlibre.com\/"},{"@type":"ListItem","position":2,"name":"Boutique","item":"https:\/\/leregardlibre.com\/boutique\/"},{"@type":"ListItem","position":3,"name":"Le Regard Libre N\u00ba91 | Dossier MENSONGE"}]},{"@type":"WebSite","@id":"https:\/\/leregardlibre.com\/#website","url":"https:\/\/leregardlibre.com\/","name":"Le Regard Libre","description":"Erste Schweizer Monatszeitschrift f\u00fcr Debatten","publisher":{"@id":"https:\/\/leregardlibre.com\/#organization"},"potentialAction":[{"@type":"SearchAction","target":{"@type":"EntryPoint","urlTemplate":"https:\/\/leregardlibre.com\/?s={search_term_string}"},"query-input":{"@type":"PropertyValueSpecification","valueRequired":true,"valueName":"search_term_string"}}],"inLanguage":"de"},{"@type":"Organization","@id":"https:\/\/leregardlibre.com\/#organization","name":"Le Regard Libre","url":"https:\/\/leregardlibre.com\/","logo":{"@type":"ImageObject","inLanguage":"de","@id":"https:\/\/leregardlibre.com\/#\/schema\/logo\/image\/","url":"https:\/\/leregardlibre.com\/wp-content\/uploads\/2025\/08\/logo-rl-icone-neg.jpeg","contentUrl":"https:\/\/leregardlibre.com\/wp-content\/uploads\/2025\/08\/logo-rl-icone-neg.jpeg","width":557,"height":556,"caption":"Le Regard Libre"},"image":{"@id":"https:\/\/leregardlibre.com\/#\/schema\/logo\/image\/"},"sameAs":["https:\/\/www.facebook.com\/leregardlibre\/","https:\/\/x.com\/LeRegardLibre","https:\/\/www.linkedin.com\/company\/le-regard-libre","https:\/\/www.instagram.com\/leregardlibre\/","http:\/\/t.me\/leregardlibre","https:\/\/youtube.com\/channel\/UC6HzGPomj1LsUmlz-sJtITQ"],"description":"Le Regard Libre ist eine Schweizer Monatszeitschrift f\u00fcr intellektuelle und kulturelle Debatten. Seine Redaktion ist jung, ehrenamtlich, liberal und pluralistisch. Das Magazin erscheint online und in gedruckter Form. Seine Sprache ist Franz\u00f6sisch.","email":"redaction@leregardlibre.com","legalName":"Le Regard Libre","foundingDate":"2014-01-01","numberOfEmployees":{"@type":"QuantitativeValue","minValue":"11","maxValue":"50"},"publishingPrinciples":"https:\/\/leregardlibre.com\/a-propos\/notre-manifeste\/","ownershipFundingInfo":"https:\/\/leregardlibre.com\/mentions-legales\/","actionableFeedbackPolicy":"https:\/\/leregardlibre.com\/conditions-generales-de-vente\/"}]}},"_links":{"self":[{"href":"https:\/\/leregardlibre.com\/de\/wp-json\/wp\/v2\/product\/514171","targetHints":{"allow":["GET"]}}],"collection":[{"href":"https:\/\/leregardlibre.com\/de\/wp-json\/wp\/v2\/product"}],"about":[{"href":"https:\/\/leregardlibre.com\/de\/wp-json\/wp\/v2\/types\/product"}],"replies":[{"embeddable":true,"href":"https:\/\/leregardlibre.com\/de\/wp-json\/wp\/v2\/comments?post=514171"}],"wp:featuredmedia":[{"embeddable":true,"href":"https:\/\/leregardlibre.com\/de\/wp-json\/wp\/v2\/media\/514174"}],"wp:attachment":[{"href":"https:\/\/leregardlibre.com\/de\/wp-json\/wp\/v2\/media?parent=514171"}],"wp:term":[{"taxonomy":"product_brand","embeddable":true,"href":"https:\/\/leregardlibre.com\/de\/wp-json\/wp\/v2\/product_brand?post=514171"},{"taxonomy":"product_cat","embeddable":true,"href":"https:\/\/leregardlibre.com\/de\/wp-json\/wp\/v2\/product_cat?post=514171"},{"taxonomy":"product_tag","embeddable":true,"href":"https:\/\/leregardlibre.com\/de\/wp-json\/wp\/v2\/product_tag?post=514171"}],"curies":[{"name":"wp","href":"https:\/\/api.w.org\/{rel}","templated":true}]}}