{"id":517477,"date":"2023-04-14T11:53:57","date_gmt":"2023-04-14T09:53:57","guid":{"rendered":"https:\/\/leregardlibre.com\/?post_type=product&#038;p=517477"},"modified":"2025-07-15T19:32:59","modified_gmt":"2025-07-15T17:32:59","slug":"le-regard-libre-no95-dossier-wokisme","status":"publish","type":"product","link":"https:\/\/leregardlibre.com\/de\/produkt\/le-regard-libre-no95-dossier-wokisme\/","title":{"rendered":"Le Regard Libre N\u00ba95 | Dossier WOKISME"},"content":{"rendered":"<p><em>Le Regard Libre<\/em> Nr. 95 | Dossier WOKISMUS<br \/>\nPapierexemplar<br \/>\nAusgabe vom April 2023<br \/>\nSchickes Papiermagazinformat (68 Seiten)<\/p>\n<hr \/>\n<p class=\"p1\"><b>05 <\/b>| Der Anti-Woke-Kreuzzug der SVP: ein geschickter Schachzug<br \/>\n<b>07 <\/b>| Lesung von Pascal Couchepin: <i>Die Anabasis<\/i> von Xenophon<br \/>\n<b>08 <\/b>| <i>Le Regard Libre<\/i> feiert bald sein zehnj\u00e4hriges Bestehen<br \/>\n<b>09 <\/b>| <span class=\"s1\">Credit Suisse: Bundesrat schert sich nicht um Rechtsstaatlichkeit<br \/>\n<\/span><b>12 <\/b>Unvollendete Zukunft (1\/3): Die sowjetische Invasion der NATO<br \/>\n<b>16 <\/b>Wie sich Liberalismus und Bildung vereinbaren lassen, nach Olivier Massin<\/p>\n<p class=\"p2\"><b>Dossier: Wokismus, aber was?<br \/>\n<\/b><b>20 <\/b>| Jean-Fran\u00e7ois Braunstein und die Woke-Religion in Genf<br \/>\n<b>26 <\/b>| 72 Shades of Gender<br \/>\n<b>29 <\/b>| Ein \u00abwoke\u00bb Entrismus in der EU?<br \/>\n<b>32 <\/b>| Marxismus, Wokismus, nichts zu tun<br \/>\n<b>34 <\/b>| Liberale Kritik am Wokismus<br \/>\n<b>36 <\/b>| Der \u00dcbergang: Die Zungen l\u00f6sen sich<br \/>\n<b>38 <\/b>| David de Pury: Ein Sklave unserer Zeit?<br \/>\n<b>40 <\/b>| \u00abDurch die Vermischung mit dem Kapitalismus ist der Wokismus nicht mehr aufzuhalten\u00bb<\/p>\n<p class=\"p2\"><b>Kulturnachrichten<br \/>\n<\/b><b>46 <\/b>| <i>Au\u00dfergew\u00f6hnlich<\/i>, Eine ungew\u00f6hnliche Serie<br \/>\n<b>48 <\/b>| Mit Colson Whitehead ins Herz von Harlem eintauchen<br \/>\n<b>50 <\/b>| <i>Macht<\/i>Testosteron: Wenn Proleten und Nerds von Testosteron begeistert sind<br \/>\n<strong>52<\/strong> Die Belle Epoque und die Goldenen Zwanziger Jahre, literarischer Zauber<\/p>\n<p class=\"p3\"><b>Termine am Ende des Magazins<br \/>\n<\/b><b>54 <\/b>Ruanda dank Judo immer mehr auf der Landkarte Afrikas<br \/>\n<b>62 <\/b>| <i>Die R\u00fcckkehr<\/i>, Die letzte Folge des Romans von Elliot Mazzella<br \/>\n<b>66 <\/b>| Abonnement-Talon und Sponsoring-Formular<br \/>\n<b>67 <\/b>| Impressum<br \/>\n<b>68 <\/b>| Zitate<\/p>\n<p class=\"p1\"><a href=\"https:\/\/leregardlibre.com\/de\/cpt-editions\/le-regard-libre-n94-dossier-ecole\/\"><em>Zur vorherigen Ausgabe<\/em><\/a><\/p>","protected":false},"excerpt":{"rendered":"<p>Le Regard Libre N\u00b095 | Dossier WOKISME Exemplaire papier Edition d\u2019avril 2023 Format magazine papier chic (68 pages) 05 |&#8230;<\/p>","protected":false},"featured_media":517480,"comment_status":"open","ping_status":"closed","template":"","meta":{"_acf_changed":false},"product_brand":[],"product_cat":[644340392],"product_tag":[],"class_list":{"0":"post-517477","1":"product","2":"type-product","3":"status-publish","4":"has-post-thumbnail","6":"product_cat-numeros","8":"first","9":"instock","10":"shipping-taxable","11":"purchasable","12":"product-type-variable"},"acf":[],"yoast_head":"<!-- This site is optimized with the Yoast SEO Premium plugin v26.9 (Yoast SEO v26.9) - https:\/\/yoast.com\/product\/yoast-seo-premium-wordpress\/ -->\n<title>Le Regard Libre N\u00ba95 | Dossier WOKISME<\/title>\n<meta name=\"robots\" content=\"index, follow, max-snippet:-1, max-image-preview:large, max-video-preview:-1\" \/>\n<link rel=\"canonical\" href=\"https:\/\/leregardlibre.com\/de\/produkt\/le-regard-libre-no95-dossier-wokisme\/\" \/>\n<meta property=\"og:locale\" content=\"de_DE\" \/>\n<meta property=\"og:type\" content=\"article\" \/>\n<meta property=\"og:title\" content=\"Le Regard Libre N\u00ba95 | Dossier WOKISME\" \/>\n<meta property=\"og:description\" content=\"Le Regard Libre N\u00b095 | Dossier WOKISME Exemplaire papier Edition d\u2019avril 2023 Format magazine papier chic (68 pages) 05 |...\" \/>\n<meta property=\"og:url\" content=\"https:\/\/leregardlibre.com\/de\/produkt\/le-regard-libre-no95-dossier-wokisme\/\" \/>\n<meta property=\"og:site_name\" content=\"Le Regard Libre\" \/>\n<meta property=\"article:publisher\" content=\"https:\/\/www.facebook.com\/leregardlibre\/\" \/>\n<meta property=\"article:modified_time\" content=\"2025-07-15T17:32:59+00:00\" \/>\n<meta property=\"og:image\" content=\"https:\/\/leregardlibre.com\/wp-content\/uploads\/2023\/04\/une-le-regard-libre-n-95-724x1024.jpg\" \/>\n\t<meta property=\"og:image:width\" content=\"724\" \/>\n\t<meta property=\"og:image:height\" content=\"1024\" \/>\n\t<meta property=\"og:image:type\" content=\"image\/jpeg\" \/>\n<meta name=\"twitter:card\" content=\"summary_large_image\" \/>\n<meta name=\"twitter:site\" content=\"@LeRegardLibre\" \/>\n<meta name=\"twitter:label1\" content=\"Gesch\u00e4tzte Lesezeit\" \/>\n\t<meta name=\"twitter:data1\" content=\"2\u00a0Minuten\" \/>\n<script type=\"application\/ld+json\" class=\"yoast-schema-graph\">{\"@context\":\"https:\/\/schema.org\",\"@graph\":[{\"@type\":\"WebPage\",\"@id\":\"https:\/\/leregardlibre.com\/produit\/le-regard-libre-no95-dossier-wokisme\/\",\"url\":\"https:\/\/leregardlibre.com\/produit\/le-regard-libre-no95-dossier-wokisme\/\",\"name\":\"Le Regard Libre N\u00ba95 | Dossier WOKISME\",\"isPartOf\":{\"@id\":\"https:\/\/leregardlibre.com\/#website\"},\"primaryImageOfPage\":{\"@id\":\"https:\/\/leregardlibre.com\/produit\/le-regard-libre-no95-dossier-wokisme\/#primaryimage\"},\"image\":{\"@id\":\"https:\/\/leregardlibre.com\/produit\/le-regard-libre-no95-dossier-wokisme\/#primaryimage\"},\"thumbnailUrl\":\"https:\/\/leregardlibre.com\/wp-content\/uploads\/2023\/04\/une-le-regard-libre-n-95.jpg\",\"datePublished\":\"2023-04-14T09:53:57+00:00\",\"dateModified\":\"2025-07-15T17:32:59+00:00\",\"breadcrumb\":{\"@id\":\"https:\/\/leregardlibre.com\/produit\/le-regard-libre-no95-dossier-wokisme\/#breadcrumb\"},\"inLanguage\":\"de\",\"potentialAction\":[{\"@type\":\"ReadAction\",\"target\":[\"https:\/\/leregardlibre.com\/produit\/le-regard-libre-no95-dossier-wokisme\/\"]}]},{\"@type\":\"ImageObject\",\"inLanguage\":\"de\",\"@id\":\"https:\/\/leregardlibre.com\/produit\/le-regard-libre-no95-dossier-wokisme\/#primaryimage\",\"url\":\"https:\/\/leregardlibre.com\/wp-content\/uploads\/2023\/04\/une-le-regard-libre-n-95.jpg\",\"contentUrl\":\"https:\/\/leregardlibre.com\/wp-content\/uploads\/2023\/04\/une-le-regard-libre-n-95.jpg\",\"width\":2480,\"height\":3508,\"caption\":\"Une Le Regard Libre N\u00b0\u00a095 (PDF), dossier WOKISME, avril 2023\"},{\"@type\":\"BreadcrumbList\",\"@id\":\"https:\/\/leregardlibre.com\/produit\/le-regard-libre-no95-dossier-wokisme\/#breadcrumb\",\"itemListElement\":[{\"@type\":\"ListItem\",\"position\":1,\"name\":\"Accueil\",\"item\":\"https:\/\/leregardlibre.com\/\"},{\"@type\":\"ListItem\",\"position\":2,\"name\":\"Boutique\",\"item\":\"https:\/\/leregardlibre.com\/boutique\/\"},{\"@type\":\"ListItem\",\"position\":3,\"name\":\"Le Regard Libre N\u00ba95 | Dossier WOKISME\"}]},{\"@type\":\"WebSite\",\"@id\":\"https:\/\/leregardlibre.com\/#website\",\"url\":\"https:\/\/leregardlibre.com\/\",\"name\":\"Le Regard Libre\",\"description\":\"Premier mensuel suisse de d\u00e9bat\",\"publisher\":{\"@id\":\"https:\/\/leregardlibre.com\/#organization\"},\"potentialAction\":[{\"@type\":\"SearchAction\",\"target\":{\"@type\":\"EntryPoint\",\"urlTemplate\":\"https:\/\/leregardlibre.com\/?s={search_term_string}\"},\"query-input\":{\"@type\":\"PropertyValueSpecification\",\"valueRequired\":true,\"valueName\":\"search_term_string\"}}],\"inLanguage\":\"de\"},{\"@type\":\"Organization\",\"@id\":\"https:\/\/leregardlibre.com\/#organization\",\"name\":\"Le Regard Libre\",\"url\":\"https:\/\/leregardlibre.com\/\",\"logo\":{\"@type\":\"ImageObject\",\"inLanguage\":\"de\",\"@id\":\"https:\/\/leregardlibre.com\/#\/schema\/logo\/image\/\",\"url\":\"https:\/\/leregardlibre.com\/wp-content\/uploads\/2025\/08\/logo-rl-icone-neg.jpeg\",\"contentUrl\":\"https:\/\/leregardlibre.com\/wp-content\/uploads\/2025\/08\/logo-rl-icone-neg.jpeg\",\"width\":557,\"height\":556,\"caption\":\"Le Regard Libre\"},\"image\":{\"@id\":\"https:\/\/leregardlibre.com\/#\/schema\/logo\/image\/\"},\"sameAs\":[\"https:\/\/www.facebook.com\/leregardlibre\/\",\"https:\/\/x.com\/LeRegardLibre\",\"https:\/\/www.linkedin.com\/company\/le-regard-libre\",\"https:\/\/www.instagram.com\/leregardlibre\/\",\"http:\/\/t.me\/leregardlibre\",\"https:\/\/youtube.com\/channel\/UC6HzGPomj1LsUmlz-sJtITQ\"],\"description\":\"Le Regard Libre est un mensuel suisse de d\u00e9bat intellectuel et culturel. Sa r\u00e9daction est jeune, b\u00e9n\u00e9vole, lib\u00e9rale et pluraliste. Le magazine para\u00eet en ligne et sous forme papier. Sa langue est le fran\u00e7ais.\",\"email\":\"redaction@leregardlibre.com\",\"legalName\":\"Le Regard Libre\",\"foundingDate\":\"2014-01-01\",\"numberOfEmployees\":{\"@type\":\"QuantitativeValue\",\"minValue\":\"11\",\"maxValue\":\"50\"},\"publishingPrinciples\":\"https:\/\/leregardlibre.com\/a-propos\/notre-manifeste\/\",\"ownershipFundingInfo\":\"https:\/\/leregardlibre.com\/mentions-legales\/\",\"actionableFeedbackPolicy\":\"https:\/\/leregardlibre.com\/conditions-generales-de-vente\/\"}]}<\/script>\n<!-- \/ Yoast SEO Premium plugin. -->","yoast_head_json":{"title":"Le Regard Libre N\u00ba95 | Dossier WOKISME","robots":{"index":"index","follow":"follow","max-snippet":"max-snippet:-1","max-image-preview":"max-image-preview:large","max-video-preview":"max-video-preview:-1"},"canonical":"https:\/\/leregardlibre.com\/de\/produkt\/le-regard-libre-no95-dossier-wokisme\/","og_locale":"de_DE","og_type":"article","og_title":"Le Regard Libre N\u00ba95 | Dossier WOKISME","og_description":"Le Regard Libre N\u00b095 | Dossier WOKISME Exemplaire papier Edition d\u2019avril 2023 Format magazine papier chic (68 pages) 05 |...","og_url":"https:\/\/leregardlibre.com\/de\/produkt\/le-regard-libre-no95-dossier-wokisme\/","og_site_name":"Le Regard Libre","article_publisher":"https:\/\/www.facebook.com\/leregardlibre\/","article_modified_time":"2025-07-15T17:32:59+00:00","og_image":[{"width":724,"height":1024,"url":"https:\/\/leregardlibre.com\/wp-content\/uploads\/2023\/04\/une-le-regard-libre-n-95-724x1024.jpg","type":"image\/jpeg"}],"twitter_card":"summary_large_image","twitter_site":"@LeRegardLibre","twitter_misc":{"Gesch\u00e4tzte Lesezeit":"2\u00a0Minuten"},"schema":{"@context":"https:\/\/schema.org","@graph":[{"@type":"WebPage","@id":"https:\/\/leregardlibre.com\/produit\/le-regard-libre-no95-dossier-wokisme\/","url":"https:\/\/leregardlibre.com\/produit\/le-regard-libre-no95-dossier-wokisme\/","name":"Le Regard Libre N\u00ba95 | Dossier WOKISME","isPartOf":{"@id":"https:\/\/leregardlibre.com\/#website"},"primaryImageOfPage":{"@id":"https:\/\/leregardlibre.com\/produit\/le-regard-libre-no95-dossier-wokisme\/#primaryimage"},"image":{"@id":"https:\/\/leregardlibre.com\/produit\/le-regard-libre-no95-dossier-wokisme\/#primaryimage"},"thumbnailUrl":"https:\/\/leregardlibre.com\/wp-content\/uploads\/2023\/04\/une-le-regard-libre-n-95.jpg","datePublished":"2023-04-14T09:53:57+00:00","dateModified":"2025-07-15T17:32:59+00:00","breadcrumb":{"@id":"https:\/\/leregardlibre.com\/produit\/le-regard-libre-no95-dossier-wokisme\/#breadcrumb"},"inLanguage":"de","potentialAction":[{"@type":"ReadAction","target":["https:\/\/leregardlibre.com\/produit\/le-regard-libre-no95-dossier-wokisme\/"]}]},{"@type":"ImageObject","inLanguage":"de","@id":"https:\/\/leregardlibre.com\/produit\/le-regard-libre-no95-dossier-wokisme\/#primaryimage","url":"https:\/\/leregardlibre.com\/wp-content\/uploads\/2023\/04\/une-le-regard-libre-n-95.jpg","contentUrl":"https:\/\/leregardlibre.com\/wp-content\/uploads\/2023\/04\/une-le-regard-libre-n-95.jpg","width":2480,"height":3508,"caption":"Une Le Regard Libre N\u00b0\u00a095 (PDF), dossier WOKISME, avril 2023"},{"@type":"BreadcrumbList","@id":"https:\/\/leregardlibre.com\/produit\/le-regard-libre-no95-dossier-wokisme\/#breadcrumb","itemListElement":[{"@type":"ListItem","position":1,"name":"Accueil","item":"https:\/\/leregardlibre.com\/"},{"@type":"ListItem","position":2,"name":"Boutique","item":"https:\/\/leregardlibre.com\/boutique\/"},{"@type":"ListItem","position":3,"name":"Le Regard Libre N\u00ba95 | Dossier WOKISME"}]},{"@type":"WebSite","@id":"https:\/\/leregardlibre.com\/#website","url":"https:\/\/leregardlibre.com\/","name":"Le Regard Libre","description":"Erste Schweizer Monatszeitschrift f\u00fcr Debatten","publisher":{"@id":"https:\/\/leregardlibre.com\/#organization"},"potentialAction":[{"@type":"SearchAction","target":{"@type":"EntryPoint","urlTemplate":"https:\/\/leregardlibre.com\/?s={search_term_string}"},"query-input":{"@type":"PropertyValueSpecification","valueRequired":true,"valueName":"search_term_string"}}],"inLanguage":"de"},{"@type":"Organization","@id":"https:\/\/leregardlibre.com\/#organization","name":"Le Regard Libre","url":"https:\/\/leregardlibre.com\/","logo":{"@type":"ImageObject","inLanguage":"de","@id":"https:\/\/leregardlibre.com\/#\/schema\/logo\/image\/","url":"https:\/\/leregardlibre.com\/wp-content\/uploads\/2025\/08\/logo-rl-icone-neg.jpeg","contentUrl":"https:\/\/leregardlibre.com\/wp-content\/uploads\/2025\/08\/logo-rl-icone-neg.jpeg","width":557,"height":556,"caption":"Le Regard Libre"},"image":{"@id":"https:\/\/leregardlibre.com\/#\/schema\/logo\/image\/"},"sameAs":["https:\/\/www.facebook.com\/leregardlibre\/","https:\/\/x.com\/LeRegardLibre","https:\/\/www.linkedin.com\/company\/le-regard-libre","https:\/\/www.instagram.com\/leregardlibre\/","http:\/\/t.me\/leregardlibre","https:\/\/youtube.com\/channel\/UC6HzGPomj1LsUmlz-sJtITQ"],"description":"Le Regard Libre ist eine Schweizer Monatszeitschrift f\u00fcr intellektuelle und kulturelle Debatten. Seine Redaktion ist jung, ehrenamtlich, liberal und pluralistisch. Das Magazin erscheint online und in gedruckter Form. Seine Sprache ist Franz\u00f6sisch.","email":"redaction@leregardlibre.com","legalName":"Le Regard Libre","foundingDate":"2014-01-01","numberOfEmployees":{"@type":"QuantitativeValue","minValue":"11","maxValue":"50"},"publishingPrinciples":"https:\/\/leregardlibre.com\/a-propos\/notre-manifeste\/","ownershipFundingInfo":"https:\/\/leregardlibre.com\/mentions-legales\/","actionableFeedbackPolicy":"https:\/\/leregardlibre.com\/conditions-generales-de-vente\/"}]}},"_links":{"self":[{"href":"https:\/\/leregardlibre.com\/de\/wp-json\/wp\/v2\/product\/517477","targetHints":{"allow":["GET"]}}],"collection":[{"href":"https:\/\/leregardlibre.com\/de\/wp-json\/wp\/v2\/product"}],"about":[{"href":"https:\/\/leregardlibre.com\/de\/wp-json\/wp\/v2\/types\/product"}],"replies":[{"embeddable":true,"href":"https:\/\/leregardlibre.com\/de\/wp-json\/wp\/v2\/comments?post=517477"}],"wp:featuredmedia":[{"embeddable":true,"href":"https:\/\/leregardlibre.com\/de\/wp-json\/wp\/v2\/media\/517480"}],"wp:attachment":[{"href":"https:\/\/leregardlibre.com\/de\/wp-json\/wp\/v2\/media?parent=517477"}],"wp:term":[{"taxonomy":"product_brand","embeddable":true,"href":"https:\/\/leregardlibre.com\/de\/wp-json\/wp\/v2\/product_brand?post=517477"},{"taxonomy":"product_cat","embeddable":true,"href":"https:\/\/leregardlibre.com\/de\/wp-json\/wp\/v2\/product_cat?post=517477"},{"taxonomy":"product_tag","embeddable":true,"href":"https:\/\/leregardlibre.com\/de\/wp-json\/wp\/v2\/product_tag?post=517477"}],"curies":[{"name":"wp","href":"https:\/\/api.w.org\/{rel}","templated":true}]}}