{"id":518026,"date":"2023-05-07T19:49:29","date_gmt":"2023-05-07T17:49:29","guid":{"rendered":"https:\/\/leregardlibre.com\/?post_type=product&#038;p=518026"},"modified":"2024-07-11T12:05:04","modified_gmt":"2024-07-11T10:05:04","slug":"le-regard-libre-no96-dossier-neutralite","status":"publish","type":"product","link":"https:\/\/leregardlibre.com\/de\/produkt\/le-regard-libre-no96-dossier-neutralite\/","title":{"rendered":"Le Regard Libre N\u00ba96 | Dossier NEUTRALIT\u00c4T"},"content":{"rendered":"<p><em>Le Regard Libre<\/em> Nr. 96 | Dossier NEUTRALIT\u00c4T<br \/>\nPapierexemplar<br \/>\nAusgabe vom Mai 2023<br \/>\nSchickes Papiermagazinformat (68 Seiten)<\/p>\n<hr \/>\n<p class=\"p1\"><b>05 <\/b>| Editorial: <i>Le Regard Libre<\/i>, Zwischenbilanz<br \/>\n<b>07 <\/b>Die Welt nach Quentin Mouron: Annie Ernaux gegen das Nichts<br \/>\n<b>08 <\/b>| <span class=\"s1\">Pierre Manent: \u00abDie zwanghafte Sorge um den K\u00f6rper hat die Sorge um die Seele abgel\u00f6st\u00bb.\u00bb<br \/>\n<\/span><b>16 <\/b>| Die unfertige Zukunft (2\/3): Das Ende der Geschichte - eine verlorene Wette?<\/p>\n<p class=\"p2\"><b>Dossier: Die Schweizer Neutralit\u00e4t auf dem Pr\u00fcfstand des Krieges in der Ukraine<br \/>\n<\/b><b>22 <\/b>| Ir\u00e8ne Herrmann: \u00abDie Neutralit\u00e4t der Schweiz ist eine variable Geometrie\u00bb.\u00bb<br \/>\n<b>26 <\/b>| Olivier Meuwly: \u00abEin Mittel, kein Zweck an sich\u00bb.\u00bb<br \/>\n<b>29 <\/b>| Robert Nef: \u00abBewaffnete Neutralit\u00e4t ist ein Friedensangebot\u00bb.\u00bb<br \/>\n<b>32 <\/b>| <span class=\"s2\">Bernhard Altermatt: \u00abDie Strafen der Schweiz f\u00fcr den Krieg in der Ukraine\u00bb.\u00bb<br \/>\n<\/span><b>36 <\/b>| Neutralit\u00e4t: Verzicht ohne Verzicht<br \/>\n<b>38 <\/b>| Die wahre und falsche Neutralit\u00e4t der vatikanischen Diplomatie<\/p>\n<p class=\"p2\"><b>Kulturnachrichten<br \/>\n<\/b><b>44 <\/b>| Der einfache Wunsch zu dauern<br \/>\n<b>46 <\/b>| Von <i>Roheisen<\/i> an <i>G\u00e4rten von Basra<\/i>, in entfremdeten Erinnerungen<br \/>\n<b>48 <\/b>| <i>Jill<\/i>: f\u00fcr eine radikale Nuance<br \/>\n<b>50 <\/b>| Das Notwendige und das \u00dcberfl\u00fcssige: das Abenteuer des Kommentars<\/p>\n<p class=\"p3\"><b>Termine am Ende des Magazins<br \/>\n<\/b><b>54 <\/b>Die Herausforderungen durch neue KIs sind nicht v\u00f6llig neuartig<br \/>\n<b>60 <\/b>| Die Fotoreportage von Bernard L\u00e9chot: Die Gespenster von Camaret<br \/>\n<b>66 <\/b>| Abonnement-Talon und Sponsoring-Formular<br \/>\n<b>67 <\/b>| Impressum<br \/>\n<b>68 <\/b>| Zitate<\/p>\n<p class=\"p1\"><a href=\"https:\/\/leregardlibre.com\/de\/cpt-editions\/le-regard-libre-n95-dossier-wokisme\/\"><em>Zur vorherigen Ausgabe<\/em><\/a><\/p>","protected":false},"excerpt":{"rendered":"<p>Le Regard Libre N\u00b096 | Dossier NEUTRALITE Exemplaire papier Edition de mai 2023 Format magazine papier chic (68 pages) 05&#8230;<\/p>","protected":false},"featured_media":518166,"comment_status":"open","ping_status":"closed","template":"","meta":{"_acf_changed":false},"product_brand":[],"product_cat":[644340392],"product_tag":[],"class_list":{"0":"post-518026","1":"product","2":"type-product","3":"status-publish","4":"has-post-thumbnail","6":"product_cat-numeros","8":"first","9":"instock","10":"shipping-taxable","11":"purchasable","12":"product-type-variable"},"acf":[],"yoast_head":"<!-- This site is optimized with the Yoast SEO Premium plugin v26.9 (Yoast SEO v26.9) - https:\/\/yoast.com\/product\/yoast-seo-premium-wordpress\/ -->\n<title>Le Regard Libre N\u00ba96 | Dossier NEUTRALITE<\/title>\n<meta name=\"robots\" content=\"index, follow, max-snippet:-1, max-image-preview:large, max-video-preview:-1\" \/>\n<link rel=\"canonical\" href=\"https:\/\/leregardlibre.com\/de\/produkt\/le-regard-libre-no96-dossier-neutralite\/\" \/>\n<meta property=\"og:locale\" content=\"de_DE\" \/>\n<meta property=\"og:type\" content=\"article\" \/>\n<meta property=\"og:title\" content=\"Le Regard Libre N\u00ba96 | Dossier NEUTRALITE\" \/>\n<meta property=\"og:description\" content=\"Le Regard Libre N\u00b096 | Dossier NEUTRALITE Exemplaire papier Edition de mai 2023 Format magazine papier chic (68 pages) 05...\" \/>\n<meta property=\"og:url\" content=\"https:\/\/leregardlibre.com\/de\/produkt\/le-regard-libre-no96-dossier-neutralite\/\" \/>\n<meta property=\"og:site_name\" content=\"Le Regard Libre\" \/>\n<meta property=\"article:publisher\" content=\"https:\/\/www.facebook.com\/leregardlibre\/\" \/>\n<meta property=\"article:modified_time\" content=\"2024-07-11T10:05:04+00:00\" \/>\n<meta property=\"og:image\" content=\"https:\/\/leregardlibre.com\/wp-content\/uploads\/2023\/05\/une-le-regard-libre-n-96.jpg\" \/>\n\t<meta property=\"og:image:width\" content=\"2480\" \/>\n\t<meta property=\"og:image:height\" content=\"3508\" \/>\n\t<meta property=\"og:image:type\" content=\"image\/jpeg\" \/>\n<meta name=\"twitter:card\" content=\"summary_large_image\" \/>\n<meta name=\"twitter:site\" content=\"@LeRegardLibre\" \/>\n<meta name=\"twitter:label1\" content=\"Gesch\u00e4tzte Lesezeit\" \/>\n\t<meta name=\"twitter:data1\" content=\"2\u00a0Minuten\" \/>\n<script type=\"application\/ld+json\" class=\"yoast-schema-graph\">{\"@context\":\"https:\/\/schema.org\",\"@graph\":[{\"@type\":\"WebPage\",\"@id\":\"https:\/\/leregardlibre.com\/produit\/le-regard-libre-no96-dossier-neutralite\/\",\"url\":\"https:\/\/leregardlibre.com\/produit\/le-regard-libre-no96-dossier-neutralite\/\",\"name\":\"Le Regard Libre N\u00ba96 | Dossier NEUTRALITE\",\"isPartOf\":{\"@id\":\"https:\/\/leregardlibre.com\/#website\"},\"primaryImageOfPage\":{\"@id\":\"https:\/\/leregardlibre.com\/produit\/le-regard-libre-no96-dossier-neutralite\/#primaryimage\"},\"image\":{\"@id\":\"https:\/\/leregardlibre.com\/produit\/le-regard-libre-no96-dossier-neutralite\/#primaryimage\"},\"thumbnailUrl\":\"https:\/\/leregardlibre.com\/wp-content\/uploads\/2023\/05\/une-le-regard-libre-n-96.jpg\",\"datePublished\":\"2023-05-07T17:49:29+00:00\",\"dateModified\":\"2024-07-11T10:05:04+00:00\",\"breadcrumb\":{\"@id\":\"https:\/\/leregardlibre.com\/produit\/le-regard-libre-no96-dossier-neutralite\/#breadcrumb\"},\"inLanguage\":\"de\",\"potentialAction\":[{\"@type\":\"ReadAction\",\"target\":[\"https:\/\/leregardlibre.com\/produit\/le-regard-libre-no96-dossier-neutralite\/\"]}]},{\"@type\":\"ImageObject\",\"inLanguage\":\"de\",\"@id\":\"https:\/\/leregardlibre.com\/produit\/le-regard-libre-no96-dossier-neutralite\/#primaryimage\",\"url\":\"https:\/\/leregardlibre.com\/wp-content\/uploads\/2023\/05\/une-le-regard-libre-n-96.jpg\",\"contentUrl\":\"https:\/\/leregardlibre.com\/wp-content\/uploads\/2023\/05\/une-le-regard-libre-n-96.jpg\",\"width\":2480,\"height\":3508,\"caption\":\"Une Le Regard Libre N\u00b0\u00a096\"},{\"@type\":\"BreadcrumbList\",\"@id\":\"https:\/\/leregardlibre.com\/produit\/le-regard-libre-no96-dossier-neutralite\/#breadcrumb\",\"itemListElement\":[{\"@type\":\"ListItem\",\"position\":1,\"name\":\"Accueil\",\"item\":\"https:\/\/leregardlibre.com\/\"},{\"@type\":\"ListItem\",\"position\":2,\"name\":\"Boutique\",\"item\":\"https:\/\/leregardlibre.com\/boutique\/\"},{\"@type\":\"ListItem\",\"position\":3,\"name\":\"Le Regard Libre N\u00ba96 | Dossier NEUTRALITE\"}]},{\"@type\":\"WebSite\",\"@id\":\"https:\/\/leregardlibre.com\/#website\",\"url\":\"https:\/\/leregardlibre.com\/\",\"name\":\"Le Regard Libre\",\"description\":\"Premier mensuel suisse de d\u00e9bat\",\"publisher\":{\"@id\":\"https:\/\/leregardlibre.com\/#organization\"},\"potentialAction\":[{\"@type\":\"SearchAction\",\"target\":{\"@type\":\"EntryPoint\",\"urlTemplate\":\"https:\/\/leregardlibre.com\/?s={search_term_string}\"},\"query-input\":{\"@type\":\"PropertyValueSpecification\",\"valueRequired\":true,\"valueName\":\"search_term_string\"}}],\"inLanguage\":\"de\"},{\"@type\":\"Organization\",\"@id\":\"https:\/\/leregardlibre.com\/#organization\",\"name\":\"Le Regard Libre\",\"url\":\"https:\/\/leregardlibre.com\/\",\"logo\":{\"@type\":\"ImageObject\",\"inLanguage\":\"de\",\"@id\":\"https:\/\/leregardlibre.com\/#\/schema\/logo\/image\/\",\"url\":\"https:\/\/leregardlibre.com\/wp-content\/uploads\/2025\/08\/logo-rl-icone-neg.jpeg\",\"contentUrl\":\"https:\/\/leregardlibre.com\/wp-content\/uploads\/2025\/08\/logo-rl-icone-neg.jpeg\",\"width\":557,\"height\":556,\"caption\":\"Le Regard Libre\"},\"image\":{\"@id\":\"https:\/\/leregardlibre.com\/#\/schema\/logo\/image\/\"},\"sameAs\":[\"https:\/\/www.facebook.com\/leregardlibre\/\",\"https:\/\/x.com\/LeRegardLibre\",\"https:\/\/www.linkedin.com\/company\/le-regard-libre\",\"https:\/\/www.instagram.com\/leregardlibre\/\",\"http:\/\/t.me\/leregardlibre\",\"https:\/\/youtube.com\/channel\/UC6HzGPomj1LsUmlz-sJtITQ\"],\"description\":\"Le Regard Libre est un mensuel suisse de d\u00e9bat intellectuel et culturel. Sa r\u00e9daction est jeune, b\u00e9n\u00e9vole, lib\u00e9rale et pluraliste. Le magazine para\u00eet en ligne et sous forme papier. Sa langue est le fran\u00e7ais.\",\"email\":\"redaction@leregardlibre.com\",\"legalName\":\"Le Regard Libre\",\"foundingDate\":\"2014-01-01\",\"numberOfEmployees\":{\"@type\":\"QuantitativeValue\",\"minValue\":\"11\",\"maxValue\":\"50\"},\"publishingPrinciples\":\"https:\/\/leregardlibre.com\/a-propos\/notre-manifeste\/\",\"ownershipFundingInfo\":\"https:\/\/leregardlibre.com\/mentions-legales\/\",\"actionableFeedbackPolicy\":\"https:\/\/leregardlibre.com\/conditions-generales-de-vente\/\"}]}<\/script>\n<!-- \/ Yoast SEO Premium plugin. -->","yoast_head_json":{"title":"Le Regard Libre N\u00ba96 | Dossier NEUTRALIT\u00c4T","robots":{"index":"index","follow":"follow","max-snippet":"max-snippet:-1","max-image-preview":"max-image-preview:large","max-video-preview":"max-video-preview:-1"},"canonical":"https:\/\/leregardlibre.com\/de\/produkt\/le-regard-libre-no96-dossier-neutralite\/","og_locale":"de_DE","og_type":"article","og_title":"Le Regard Libre N\u00ba96 | Dossier NEUTRALITE","og_description":"Le Regard Libre N\u00b096 | Dossier NEUTRALITE Exemplaire papier Edition de mai 2023 Format magazine papier chic (68 pages) 05...","og_url":"https:\/\/leregardlibre.com\/de\/produkt\/le-regard-libre-no96-dossier-neutralite\/","og_site_name":"Le Regard Libre","article_publisher":"https:\/\/www.facebook.com\/leregardlibre\/","article_modified_time":"2024-07-11T10:05:04+00:00","og_image":[{"width":2480,"height":3508,"url":"https:\/\/leregardlibre.com\/wp-content\/uploads\/2023\/05\/une-le-regard-libre-n-96.jpg","type":"image\/jpeg"}],"twitter_card":"summary_large_image","twitter_site":"@LeRegardLibre","twitter_misc":{"Gesch\u00e4tzte Lesezeit":"2\u00a0Minuten"},"schema":{"@context":"https:\/\/schema.org","@graph":[{"@type":"WebPage","@id":"https:\/\/leregardlibre.com\/produit\/le-regard-libre-no96-dossier-neutralite\/","url":"https:\/\/leregardlibre.com\/produit\/le-regard-libre-no96-dossier-neutralite\/","name":"Le Regard Libre N\u00ba96 | Dossier NEUTRALIT\u00c4T","isPartOf":{"@id":"https:\/\/leregardlibre.com\/#website"},"primaryImageOfPage":{"@id":"https:\/\/leregardlibre.com\/produit\/le-regard-libre-no96-dossier-neutralite\/#primaryimage"},"image":{"@id":"https:\/\/leregardlibre.com\/produit\/le-regard-libre-no96-dossier-neutralite\/#primaryimage"},"thumbnailUrl":"https:\/\/leregardlibre.com\/wp-content\/uploads\/2023\/05\/une-le-regard-libre-n-96.jpg","datePublished":"2023-05-07T17:49:29+00:00","dateModified":"2024-07-11T10:05:04+00:00","breadcrumb":{"@id":"https:\/\/leregardlibre.com\/produit\/le-regard-libre-no96-dossier-neutralite\/#breadcrumb"},"inLanguage":"de","potentialAction":[{"@type":"ReadAction","target":["https:\/\/leregardlibre.com\/produit\/le-regard-libre-no96-dossier-neutralite\/"]}]},{"@type":"ImageObject","inLanguage":"de","@id":"https:\/\/leregardlibre.com\/produit\/le-regard-libre-no96-dossier-neutralite\/#primaryimage","url":"https:\/\/leregardlibre.com\/wp-content\/uploads\/2023\/05\/une-le-regard-libre-n-96.jpg","contentUrl":"https:\/\/leregardlibre.com\/wp-content\/uploads\/2023\/05\/une-le-regard-libre-n-96.jpg","width":2480,"height":3508,"caption":"Une Le Regard Libre N\u00b0\u00a096"},{"@type":"BreadcrumbList","@id":"https:\/\/leregardlibre.com\/produit\/le-regard-libre-no96-dossier-neutralite\/#breadcrumb","itemListElement":[{"@type":"ListItem","position":1,"name":"Accueil","item":"https:\/\/leregardlibre.com\/"},{"@type":"ListItem","position":2,"name":"Boutique","item":"https:\/\/leregardlibre.com\/boutique\/"},{"@type":"ListItem","position":3,"name":"Le Regard Libre N\u00ba96 | Dossier NEUTRALITE"}]},{"@type":"WebSite","@id":"https:\/\/leregardlibre.com\/#website","url":"https:\/\/leregardlibre.com\/","name":"Le Regard Libre","description":"Erste Schweizer Monatszeitschrift f\u00fcr Debatten","publisher":{"@id":"https:\/\/leregardlibre.com\/#organization"},"potentialAction":[{"@type":"SearchAction","target":{"@type":"EntryPoint","urlTemplate":"https:\/\/leregardlibre.com\/?s={search_term_string}"},"query-input":{"@type":"PropertyValueSpecification","valueRequired":true,"valueName":"search_term_string"}}],"inLanguage":"de"},{"@type":"Organization","@id":"https:\/\/leregardlibre.com\/#organization","name":"Le Regard Libre","url":"https:\/\/leregardlibre.com\/","logo":{"@type":"ImageObject","inLanguage":"de","@id":"https:\/\/leregardlibre.com\/#\/schema\/logo\/image\/","url":"https:\/\/leregardlibre.com\/wp-content\/uploads\/2025\/08\/logo-rl-icone-neg.jpeg","contentUrl":"https:\/\/leregardlibre.com\/wp-content\/uploads\/2025\/08\/logo-rl-icone-neg.jpeg","width":557,"height":556,"caption":"Le Regard Libre"},"image":{"@id":"https:\/\/leregardlibre.com\/#\/schema\/logo\/image\/"},"sameAs":["https:\/\/www.facebook.com\/leregardlibre\/","https:\/\/x.com\/LeRegardLibre","https:\/\/www.linkedin.com\/company\/le-regard-libre","https:\/\/www.instagram.com\/leregardlibre\/","http:\/\/t.me\/leregardlibre","https:\/\/youtube.com\/channel\/UC6HzGPomj1LsUmlz-sJtITQ"],"description":"Le Regard Libre ist eine Schweizer Monatszeitschrift f\u00fcr intellektuelle und kulturelle Debatten. Seine Redaktion ist jung, ehrenamtlich, liberal und pluralistisch. Das Magazin erscheint online und in gedruckter Form. Seine Sprache ist Franz\u00f6sisch.","email":"redaction@leregardlibre.com","legalName":"Le Regard Libre","foundingDate":"2014-01-01","numberOfEmployees":{"@type":"QuantitativeValue","minValue":"11","maxValue":"50"},"publishingPrinciples":"https:\/\/leregardlibre.com\/a-propos\/notre-manifeste\/","ownershipFundingInfo":"https:\/\/leregardlibre.com\/mentions-legales\/","actionableFeedbackPolicy":"https:\/\/leregardlibre.com\/conditions-generales-de-vente\/"}]}},"_links":{"self":[{"href":"https:\/\/leregardlibre.com\/de\/wp-json\/wp\/v2\/product\/518026","targetHints":{"allow":["GET"]}}],"collection":[{"href":"https:\/\/leregardlibre.com\/de\/wp-json\/wp\/v2\/product"}],"about":[{"href":"https:\/\/leregardlibre.com\/de\/wp-json\/wp\/v2\/types\/product"}],"replies":[{"embeddable":true,"href":"https:\/\/leregardlibre.com\/de\/wp-json\/wp\/v2\/comments?post=518026"}],"wp:featuredmedia":[{"embeddable":true,"href":"https:\/\/leregardlibre.com\/de\/wp-json\/wp\/v2\/media\/518166"}],"wp:attachment":[{"href":"https:\/\/leregardlibre.com\/de\/wp-json\/wp\/v2\/media?parent=518026"}],"wp:term":[{"taxonomy":"product_brand","embeddable":true,"href":"https:\/\/leregardlibre.com\/de\/wp-json\/wp\/v2\/product_brand?post=518026"},{"taxonomy":"product_cat","embeddable":true,"href":"https:\/\/leregardlibre.com\/de\/wp-json\/wp\/v2\/product_cat?post=518026"},{"taxonomy":"product_tag","embeddable":true,"href":"https:\/\/leregardlibre.com\/de\/wp-json\/wp\/v2\/product_tag?post=518026"}],"curies":[{"name":"wp","href":"https:\/\/api.w.org\/{rel}","templated":true}]}}