{"id":518627,"date":"2023-06-09T22:39:31","date_gmt":"2023-06-09T20:39:31","guid":{"rendered":"https:\/\/leregardlibre.com\/?post_type=product&#038;p=518627"},"modified":"2024-07-11T12:06:58","modified_gmt":"2024-07-11T10:06:58","slug":"le-regard-libre-no97-dossier-federales-2023","status":"publish","type":"product","link":"https:\/\/leregardlibre.com\/de\/produkt\/le-regard-libre-no97-dossier-federales-2023\/","title":{"rendered":"Le Regard Libre N\u00ba97 | Dossier FEDERALES 2023"},"content":{"rendered":"<p><em>Le Regard Libre<\/em> N\u00b097 | Dossier FEDERALES 2023<br \/>\nPapierexemplar<br \/>\nAusgabe vom Juni 2023<br \/>\nSchickes Papiermagazinformat (68 Seiten)<\/p>\n<hr \/>\n<p class=\"p1\"><b>05 <\/b>| Editorial: Die zwei Seiten des Schweizer Pragmatismus<br \/>\n<b>07 <\/b>Ralph M\u00fcllers Cartridge: ChatGPT und die Menschenw\u00fcrde<br \/>\n<b>08 <\/b>| <span class=\"s1\">Die unfertige Zukunft (3\/3): Der verpasste Handschlag am Pazifik<br \/>\n<\/span><b>12 <\/b>PSG gegen das Rathaus: Die Hintergr\u00fcnde einer Auseinandersetzung<br \/>\n<b>14 <\/b>\u00abIch habe nichts zu verbergen\u00bb: Kritik an einem Scheinargument<br \/>\n<b>16 <\/b>\u00abRassismus in der Schweiz existiert, systemischer Rassismus existiert nicht\u00bb<br \/>\n<b>20 <\/b>| <span class=\"s2\">Jean-Louis Thi\u00e9riot: \u00abThatcher war ein intellektueller Rettungsanker\u00bb.\u00bb<\/span><\/p>\n<p class=\"p2\"><b>Dossier: Die Bundestagswahlen im Visier<br \/>\n<\/b><b>28 <\/b>| Politische Parteien in der Schweiz: Historische Kontinuit\u00e4t in der Vielfalt<br \/>\n<b>32 <\/b>Alain Rebetez: \u00abIch bin von einem politischen Theater zu einem anderen \u00fcbergegangen\u00bb.\u00bb<br \/>\n<b>38 <\/b>| Progressiv oder konservativ?<br \/>\n<b>40 <\/b>| Der Aufstieg des linken B\u00fcnzli<\/p>\n<p class=\"p2\"><b>Kulturnachrichten<br \/>\n<\/b><b>46 <\/b>| Eugene, unaussprechlicher Erz\u00e4hler<br \/>\n<b>52 <\/b>| Bret Easton Ellis, der gr\u00f6\u00dfte lebende amerikanische Autor?<br \/>\n<b>56 <\/b>Soll man Putin ermorden? Das ist die (literarische) Frage<br \/>\n<b>58 <\/b>| Europa und islamische Kunst im Fokus in Z\u00fcrich<\/p>\n<p class=\"p3\"><b>Termine am Ende des Magazins<br \/>\n<\/b><b>60 <\/b>| Sport: Petit-Couronne und die Solidarit\u00e4t der Olympischen Spiele<br \/>\n<b>66 <\/b>| Abonnement-Talon und Sponsoring-Formular<br \/>\n<b>67 <\/b>| Impressum<br \/>\n<b>68 <\/b>| Zitate<\/p>\n<p class=\"p1\"><a href=\"https:\/\/leregardlibre.com\/de\/cpt-editions\/le-regard-libre-n96-dossier-neutralite\/\"><em>Zur vorherigen Ausgabe<\/em><\/a><\/p>","protected":false},"excerpt":{"rendered":"<p>Le Regard Libre N\u00b097 | Dossier FEDERALES 2023 Exemplaire papier Edition de juin 2023 Format magazine papier chic (68 pages)&#8230;<\/p>","protected":false},"featured_media":518630,"comment_status":"open","ping_status":"closed","template":"","meta":{"_acf_changed":false},"product_brand":[],"product_cat":[644340392],"product_tag":[],"class_list":{"0":"post-518627","1":"product","2":"type-product","3":"status-publish","4":"has-post-thumbnail","6":"product_cat-numeros","8":"first","9":"instock","10":"shipping-taxable","11":"purchasable","12":"product-type-variable"},"acf":[],"yoast_head":"<!-- This site is optimized with the Yoast SEO Premium plugin v26.9 (Yoast SEO v26.9) - https:\/\/yoast.com\/product\/yoast-seo-premium-wordpress\/ -->\n<title>Le Regard Libre N\u00ba97 | Dossier FEDERALES 2023<\/title>\n<meta name=\"robots\" content=\"index, follow, max-snippet:-1, max-image-preview:large, max-video-preview:-1\" \/>\n<link rel=\"canonical\" href=\"https:\/\/leregardlibre.com\/de\/produkt\/le-regard-libre-no97-dossier-federales-2023\/\" \/>\n<meta property=\"og:locale\" content=\"de_DE\" \/>\n<meta property=\"og:type\" content=\"article\" \/>\n<meta property=\"og:title\" content=\"Le Regard Libre N\u00ba97 | Dossier FEDERALES 2023\" \/>\n<meta property=\"og:description\" content=\"Le Regard Libre N\u00b097 | Dossier FEDERALES 2023 Exemplaire papier Edition de juin 2023 Format magazine papier chic (68 pages)...\" \/>\n<meta property=\"og:url\" content=\"https:\/\/leregardlibre.com\/de\/produkt\/le-regard-libre-no97-dossier-federales-2023\/\" \/>\n<meta property=\"og:site_name\" content=\"Le Regard Libre\" \/>\n<meta property=\"article:publisher\" content=\"https:\/\/www.facebook.com\/leregardlibre\/\" \/>\n<meta property=\"article:modified_time\" content=\"2024-07-11T10:06:58+00:00\" \/>\n<meta property=\"og:image\" content=\"https:\/\/leregardlibre.com\/wp-content\/uploads\/2023\/06\/une-2-le-regard-libre-n-97.jpg\" \/>\n\t<meta property=\"og:image:width\" content=\"2480\" \/>\n\t<meta property=\"og:image:height\" content=\"3508\" \/>\n\t<meta property=\"og:image:type\" content=\"image\/jpeg\" \/>\n<meta name=\"twitter:card\" content=\"summary_large_image\" \/>\n<meta name=\"twitter:site\" content=\"@LeRegardLibre\" \/>\n<meta name=\"twitter:label1\" content=\"Gesch\u00e4tzte Lesezeit\" \/>\n\t<meta name=\"twitter:data1\" content=\"2\u00a0Minuten\" \/>\n<script type=\"application\/ld+json\" class=\"yoast-schema-graph\">{\"@context\":\"https:\/\/schema.org\",\"@graph\":[{\"@type\":\"WebPage\",\"@id\":\"https:\/\/leregardlibre.com\/produit\/le-regard-libre-no97-dossier-federales-2023\/\",\"url\":\"https:\/\/leregardlibre.com\/produit\/le-regard-libre-no97-dossier-federales-2023\/\",\"name\":\"Le Regard Libre N\u00ba97 | Dossier FEDERALES 2023\",\"isPartOf\":{\"@id\":\"https:\/\/leregardlibre.com\/#website\"},\"primaryImageOfPage\":{\"@id\":\"https:\/\/leregardlibre.com\/produit\/le-regard-libre-no97-dossier-federales-2023\/#primaryimage\"},\"image\":{\"@id\":\"https:\/\/leregardlibre.com\/produit\/le-regard-libre-no97-dossier-federales-2023\/#primaryimage\"},\"thumbnailUrl\":\"https:\/\/leregardlibre.com\/wp-content\/uploads\/2023\/06\/une-2-le-regard-libre-n-97.jpg\",\"datePublished\":\"2023-06-09T20:39:31+00:00\",\"dateModified\":\"2024-07-11T10:06:58+00:00\",\"breadcrumb\":{\"@id\":\"https:\/\/leregardlibre.com\/produit\/le-regard-libre-no97-dossier-federales-2023\/#breadcrumb\"},\"inLanguage\":\"de\",\"potentialAction\":[{\"@type\":\"ReadAction\",\"target\":[\"https:\/\/leregardlibre.com\/produit\/le-regard-libre-no97-dossier-federales-2023\/\"]}]},{\"@type\":\"ImageObject\",\"inLanguage\":\"de\",\"@id\":\"https:\/\/leregardlibre.com\/produit\/le-regard-libre-no97-dossier-federales-2023\/#primaryimage\",\"url\":\"https:\/\/leregardlibre.com\/wp-content\/uploads\/2023\/06\/une-2-le-regard-libre-n-97.jpg\",\"contentUrl\":\"https:\/\/leregardlibre.com\/wp-content\/uploads\/2023\/06\/une-2-le-regard-libre-n-97.jpg\",\"width\":2480,\"height\":3508,\"caption\":\"Une Le Regard Libre N\u00b0\u00a097\"},{\"@type\":\"BreadcrumbList\",\"@id\":\"https:\/\/leregardlibre.com\/produit\/le-regard-libre-no97-dossier-federales-2023\/#breadcrumb\",\"itemListElement\":[{\"@type\":\"ListItem\",\"position\":1,\"name\":\"Accueil\",\"item\":\"https:\/\/leregardlibre.com\/\"},{\"@type\":\"ListItem\",\"position\":2,\"name\":\"Boutique\",\"item\":\"https:\/\/leregardlibre.com\/boutique\/\"},{\"@type\":\"ListItem\",\"position\":3,\"name\":\"Le Regard Libre N\u00ba97 | Dossier FEDERALES 2023\"}]},{\"@type\":\"WebSite\",\"@id\":\"https:\/\/leregardlibre.com\/#website\",\"url\":\"https:\/\/leregardlibre.com\/\",\"name\":\"Le Regard Libre\",\"description\":\"Premier mensuel suisse de d\u00e9bat\",\"publisher\":{\"@id\":\"https:\/\/leregardlibre.com\/#organization\"},\"potentialAction\":[{\"@type\":\"SearchAction\",\"target\":{\"@type\":\"EntryPoint\",\"urlTemplate\":\"https:\/\/leregardlibre.com\/?s={search_term_string}\"},\"query-input\":{\"@type\":\"PropertyValueSpecification\",\"valueRequired\":true,\"valueName\":\"search_term_string\"}}],\"inLanguage\":\"de\"},{\"@type\":\"Organization\",\"@id\":\"https:\/\/leregardlibre.com\/#organization\",\"name\":\"Le Regard Libre\",\"url\":\"https:\/\/leregardlibre.com\/\",\"logo\":{\"@type\":\"ImageObject\",\"inLanguage\":\"de\",\"@id\":\"https:\/\/leregardlibre.com\/#\/schema\/logo\/image\/\",\"url\":\"https:\/\/leregardlibre.com\/wp-content\/uploads\/2025\/08\/logo-rl-icone-neg.jpeg\",\"contentUrl\":\"https:\/\/leregardlibre.com\/wp-content\/uploads\/2025\/08\/logo-rl-icone-neg.jpeg\",\"width\":557,\"height\":556,\"caption\":\"Le Regard Libre\"},\"image\":{\"@id\":\"https:\/\/leregardlibre.com\/#\/schema\/logo\/image\/\"},\"sameAs\":[\"https:\/\/www.facebook.com\/leregardlibre\/\",\"https:\/\/x.com\/LeRegardLibre\",\"https:\/\/www.linkedin.com\/company\/le-regard-libre\",\"https:\/\/www.instagram.com\/leregardlibre\/\",\"http:\/\/t.me\/leregardlibre\",\"https:\/\/youtube.com\/channel\/UC6HzGPomj1LsUmlz-sJtITQ\"],\"description\":\"Le Regard Libre est un mensuel suisse de d\u00e9bat intellectuel et culturel. Sa r\u00e9daction est jeune, b\u00e9n\u00e9vole, lib\u00e9rale et pluraliste. Le magazine para\u00eet en ligne et sous forme papier. Sa langue est le fran\u00e7ais.\",\"email\":\"redaction@leregardlibre.com\",\"legalName\":\"Le Regard Libre\",\"foundingDate\":\"2014-01-01\",\"numberOfEmployees\":{\"@type\":\"QuantitativeValue\",\"minValue\":\"11\",\"maxValue\":\"50\"},\"publishingPrinciples\":\"https:\/\/leregardlibre.com\/a-propos\/notre-manifeste\/\",\"ownershipFundingInfo\":\"https:\/\/leregardlibre.com\/mentions-legales\/\",\"actionableFeedbackPolicy\":\"https:\/\/leregardlibre.com\/conditions-generales-de-vente\/\"}]}<\/script>\n<!-- \/ Yoast SEO Premium plugin. -->","yoast_head_json":{"title":"Le Regard Libre N\u00ba97 | Dossier FEDERALES 2023","robots":{"index":"index","follow":"follow","max-snippet":"max-snippet:-1","max-image-preview":"max-image-preview:large","max-video-preview":"max-video-preview:-1"},"canonical":"https:\/\/leregardlibre.com\/de\/produkt\/le-regard-libre-no97-dossier-federales-2023\/","og_locale":"de_DE","og_type":"article","og_title":"Le Regard Libre N\u00ba97 | Dossier FEDERALES 2023","og_description":"Le Regard Libre N\u00b097 | Dossier FEDERALES 2023 Exemplaire papier Edition de juin 2023 Format magazine papier chic (68 pages)...","og_url":"https:\/\/leregardlibre.com\/de\/produkt\/le-regard-libre-no97-dossier-federales-2023\/","og_site_name":"Le Regard Libre","article_publisher":"https:\/\/www.facebook.com\/leregardlibre\/","article_modified_time":"2024-07-11T10:06:58+00:00","og_image":[{"width":2480,"height":3508,"url":"https:\/\/leregardlibre.com\/wp-content\/uploads\/2023\/06\/une-2-le-regard-libre-n-97.jpg","type":"image\/jpeg"}],"twitter_card":"summary_large_image","twitter_site":"@LeRegardLibre","twitter_misc":{"Gesch\u00e4tzte Lesezeit":"2\u00a0Minuten"},"schema":{"@context":"https:\/\/schema.org","@graph":[{"@type":"WebPage","@id":"https:\/\/leregardlibre.com\/produit\/le-regard-libre-no97-dossier-federales-2023\/","url":"https:\/\/leregardlibre.com\/produit\/le-regard-libre-no97-dossier-federales-2023\/","name":"Le Regard Libre N\u00ba97 | Dossier FEDERALES 2023","isPartOf":{"@id":"https:\/\/leregardlibre.com\/#website"},"primaryImageOfPage":{"@id":"https:\/\/leregardlibre.com\/produit\/le-regard-libre-no97-dossier-federales-2023\/#primaryimage"},"image":{"@id":"https:\/\/leregardlibre.com\/produit\/le-regard-libre-no97-dossier-federales-2023\/#primaryimage"},"thumbnailUrl":"https:\/\/leregardlibre.com\/wp-content\/uploads\/2023\/06\/une-2-le-regard-libre-n-97.jpg","datePublished":"2023-06-09T20:39:31+00:00","dateModified":"2024-07-11T10:06:58+00:00","breadcrumb":{"@id":"https:\/\/leregardlibre.com\/produit\/le-regard-libre-no97-dossier-federales-2023\/#breadcrumb"},"inLanguage":"de","potentialAction":[{"@type":"ReadAction","target":["https:\/\/leregardlibre.com\/produit\/le-regard-libre-no97-dossier-federales-2023\/"]}]},{"@type":"ImageObject","inLanguage":"de","@id":"https:\/\/leregardlibre.com\/produit\/le-regard-libre-no97-dossier-federales-2023\/#primaryimage","url":"https:\/\/leregardlibre.com\/wp-content\/uploads\/2023\/06\/une-2-le-regard-libre-n-97.jpg","contentUrl":"https:\/\/leregardlibre.com\/wp-content\/uploads\/2023\/06\/une-2-le-regard-libre-n-97.jpg","width":2480,"height":3508,"caption":"Une Le Regard Libre N\u00b0\u00a097"},{"@type":"BreadcrumbList","@id":"https:\/\/leregardlibre.com\/produit\/le-regard-libre-no97-dossier-federales-2023\/#breadcrumb","itemListElement":[{"@type":"ListItem","position":1,"name":"Accueil","item":"https:\/\/leregardlibre.com\/"},{"@type":"ListItem","position":2,"name":"Boutique","item":"https:\/\/leregardlibre.com\/boutique\/"},{"@type":"ListItem","position":3,"name":"Le Regard Libre N\u00ba97 | Dossier FEDERALES 2023"}]},{"@type":"WebSite","@id":"https:\/\/leregardlibre.com\/#website","url":"https:\/\/leregardlibre.com\/","name":"Le Regard Libre","description":"Erste Schweizer Monatszeitschrift f\u00fcr Debatten","publisher":{"@id":"https:\/\/leregardlibre.com\/#organization"},"potentialAction":[{"@type":"SearchAction","target":{"@type":"EntryPoint","urlTemplate":"https:\/\/leregardlibre.com\/?s={search_term_string}"},"query-input":{"@type":"PropertyValueSpecification","valueRequired":true,"valueName":"search_term_string"}}],"inLanguage":"de"},{"@type":"Organization","@id":"https:\/\/leregardlibre.com\/#organization","name":"Le Regard Libre","url":"https:\/\/leregardlibre.com\/","logo":{"@type":"ImageObject","inLanguage":"de","@id":"https:\/\/leregardlibre.com\/#\/schema\/logo\/image\/","url":"https:\/\/leregardlibre.com\/wp-content\/uploads\/2025\/08\/logo-rl-icone-neg.jpeg","contentUrl":"https:\/\/leregardlibre.com\/wp-content\/uploads\/2025\/08\/logo-rl-icone-neg.jpeg","width":557,"height":556,"caption":"Le Regard Libre"},"image":{"@id":"https:\/\/leregardlibre.com\/#\/schema\/logo\/image\/"},"sameAs":["https:\/\/www.facebook.com\/leregardlibre\/","https:\/\/x.com\/LeRegardLibre","https:\/\/www.linkedin.com\/company\/le-regard-libre","https:\/\/www.instagram.com\/leregardlibre\/","http:\/\/t.me\/leregardlibre","https:\/\/youtube.com\/channel\/UC6HzGPomj1LsUmlz-sJtITQ"],"description":"Le Regard Libre ist eine Schweizer Monatszeitschrift f\u00fcr intellektuelle und kulturelle Debatten. Seine Redaktion ist jung, ehrenamtlich, liberal und pluralistisch. Das Magazin erscheint online und in gedruckter Form. Seine Sprache ist Franz\u00f6sisch.","email":"redaction@leregardlibre.com","legalName":"Le Regard Libre","foundingDate":"2014-01-01","numberOfEmployees":{"@type":"QuantitativeValue","minValue":"11","maxValue":"50"},"publishingPrinciples":"https:\/\/leregardlibre.com\/a-propos\/notre-manifeste\/","ownershipFundingInfo":"https:\/\/leregardlibre.com\/mentions-legales\/","actionableFeedbackPolicy":"https:\/\/leregardlibre.com\/conditions-generales-de-vente\/"}]}},"_links":{"self":[{"href":"https:\/\/leregardlibre.com\/de\/wp-json\/wp\/v2\/product\/518627","targetHints":{"allow":["GET"]}}],"collection":[{"href":"https:\/\/leregardlibre.com\/de\/wp-json\/wp\/v2\/product"}],"about":[{"href":"https:\/\/leregardlibre.com\/de\/wp-json\/wp\/v2\/types\/product"}],"replies":[{"embeddable":true,"href":"https:\/\/leregardlibre.com\/de\/wp-json\/wp\/v2\/comments?post=518627"}],"wp:featuredmedia":[{"embeddable":true,"href":"https:\/\/leregardlibre.com\/de\/wp-json\/wp\/v2\/media\/518630"}],"wp:attachment":[{"href":"https:\/\/leregardlibre.com\/de\/wp-json\/wp\/v2\/media?parent=518627"}],"wp:term":[{"taxonomy":"product_brand","embeddable":true,"href":"https:\/\/leregardlibre.com\/de\/wp-json\/wp\/v2\/product_brand?post=518627"},{"taxonomy":"product_cat","embeddable":true,"href":"https:\/\/leregardlibre.com\/de\/wp-json\/wp\/v2\/product_cat?post=518627"},{"taxonomy":"product_tag","embeddable":true,"href":"https:\/\/leregardlibre.com\/de\/wp-json\/wp\/v2\/product_tag?post=518627"}],"curies":[{"name":"wp","href":"https:\/\/api.w.org\/{rel}","templated":true}]}}