{"id":519936,"date":"2023-09-10T11:19:45","date_gmt":"2023-09-10T09:19:45","guid":{"rendered":"https:\/\/leregardlibre.com\/?post_type=product&#038;p=519936"},"modified":"2024-12-25T09:31:10","modified_gmt":"2024-12-25T08:31:10","slug":"le-regard-libre-n99-dossier-drogen","status":"publish","type":"product","link":"https:\/\/leregardlibre.com\/de\/produkt\/le-regard-libre-n99-dossier-drogen\/","title":{"rendered":"Le Regard Libre N\u00b099 | Dossier DROGUE"},"content":{"rendered":"<p><em>Le Regard Libre<\/em> Nr. 99 | Dossier DROGEN<br \/>\nPapierexemplar<br \/>\nAusgabe vom September 2023<br \/>\nSchickes Papiermagazinformat (68 Seiten)<\/p>\n<hr \/>\n<p class=\"p1\"><b>05 <\/b>| Editorial: Die Anmache der Drogen - der Geschmack des Geschmacks<br \/>\n<b>07 <\/b>| Quentin Mouron: \u00abDer Dichter weint, wenn der Publizist krakeelt\u00bb.\u00bb<br \/>\n<b>09 <\/b>| In wenigen Worten: Ein Spionageroman und eine Hommage an die Medien<br \/>\n<b>10 <\/b>| Der globale S\u00fcden, seine Widerspr\u00fcche und die Lehren f\u00fcr den Westen<br \/>\n<b>12 <\/b>Wenn \u00f6ffentliche Gelder linksextremen Kollektiven zugutekommen<br \/>\n<b>14 <\/b>| <i>Drag Queen<\/i> f\u00fcr Kinder: eine zeitgem\u00e4\u00dfe Performance<\/p>\n<p class=\"p2\"><b>Dossier: Drogen<br \/>\n<\/b><b>20 <\/b>| Cannabis legalisieren - und wie! Aber... wie?<br \/>\n<b>23 <\/b>| Diese franz\u00f6sischen Lieder, die die H\u00f6lle des Drogenkonsums heraufbeschw\u00f6ren<br \/>\n<b>24 <\/b>| Kokain: \u00abBern hat eine F\u00fchrungsrolle in der Drogenpolitik\u00bb - Die Welt in Gefahr\u00bb<br \/>\n<b>28 <\/b>| Liberalismus und Legalisierung von Drogen<br \/>\n<b>30 <\/b>| Im Nahen Osten: Der Fluch der Sucht<br \/>\n<b>32 <\/b>| Drogen - ein Klassiker unter den Kriegen<br \/>\n<b>34 <\/b>| Zeugnis: \u00abDieser unschuldige kleine Tropfen LSD...\u00bb<br \/>\n<b>40 <\/b>| Michael Shellenberger: \u00abWir haben uns in einem Traum verirrt\u00bb.\u00bb<\/p>\n<p class=\"p2\"><b>Kulturnachrichten<br \/>\n<\/b><b>46 <\/b>| Marie-H\u00e9l\u00e8ne Miauton: \u00abDer Mensch wurde geschaffen, um die Natur zu bewundern\u00bb.\u00bb<br \/>\n<b>50 <\/b>| <i>M\u00e4rz<\/i>, Der letzte Zorn eines jungen Z\u00fcrchers<br \/>\n<b>52 <\/b>| <i>Die Stadt der Tr\u00e4ume<\/i>, Anti-Polar<br \/>\n<b>54 <\/b>| Eine Patchwork-Erz\u00e4hlung, die in die Aids-Jahre der Schweiz zur\u00fcckf\u00fchrt<br \/>\n<b>56 <\/b>| Auf den Spuren Jesu mit Eric-Emmanuel Schmitt<br \/>\n<b>58 <\/b>| Ein Neuenburger Exil zu den kleinen Pariser Machenschaften<\/p>\n<p class=\"p3\"><b>Termine am Ende des Magazins<br \/>\n<\/b><b>60 <\/b>| Die Fotoreportage von Bernard L\u00e9chot: <i>Stichwort Erinnerung<br \/>\n<\/i><b>66 <\/b>| Abonnement-Talon und Sponsoring-Formular<br \/>\n<b>67 <\/b>| Impressum<br \/>\n<b>68 <\/b>| Zitate<\/p>\n<p class=\"p1\"><a href=\"https:\/\/leregardlibre.com\/de\/cpt-editions\/le-regard-libre-n98-dossier-infantilisation\/\"><em>Zur vorherigen Ausgabe<\/em><\/a><\/p>","protected":false},"excerpt":{"rendered":"<p>Le Regard Libre N\u00b099 | Dossier DROGUE Exemplaire papier Edition de septembre 2023 Format magazine papier chic (68 pages) 05&#8230;<\/p>","protected":false},"featured_media":519939,"comment_status":"open","ping_status":"closed","template":"","meta":{"_acf_changed":false},"product_brand":[],"product_cat":[644340392],"product_tag":[],"class_list":{"0":"post-519936","1":"product","2":"type-product","3":"status-publish","4":"has-post-thumbnail","6":"product_cat-numeros","8":"first","9":"instock","10":"shipping-taxable","11":"purchasable","12":"product-type-variable"},"acf":[],"yoast_head":"<!-- This site is optimized with the Yoast SEO Premium plugin v26.9 (Yoast SEO v26.9) - https:\/\/yoast.com\/product\/yoast-seo-premium-wordpress\/ -->\n<title>Le Regard Libre N\u00b099 | Dossier DROGUE<\/title>\n<meta name=\"robots\" content=\"index, follow, max-snippet:-1, max-image-preview:large, max-video-preview:-1\" \/>\n<link rel=\"canonical\" href=\"https:\/\/leregardlibre.com\/de\/produkt\/le-regard-libre-n99-dossier-drogen\/\" \/>\n<meta property=\"og:locale\" content=\"de_DE\" \/>\n<meta property=\"og:type\" content=\"article\" \/>\n<meta property=\"og:title\" content=\"Le Regard Libre N\u00b099 | Dossier DROGUE\" \/>\n<meta property=\"og:description\" content=\"Le Regard Libre N\u00b099 | Dossier DROGUE Exemplaire papier Edition de septembre 2023 Format magazine papier chic (68 pages) 05...\" \/>\n<meta property=\"og:url\" content=\"https:\/\/leregardlibre.com\/de\/produkt\/le-regard-libre-n99-dossier-drogen\/\" \/>\n<meta property=\"og:site_name\" content=\"Le Regard Libre\" \/>\n<meta property=\"article:publisher\" content=\"https:\/\/www.facebook.com\/leregardlibre\/\" \/>\n<meta property=\"article:modified_time\" content=\"2024-12-25T08:31:10+00:00\" \/>\n<meta property=\"og:image\" content=\"https:\/\/leregardlibre.com\/wp-content\/uploads\/2023\/09\/une-le-regard-libre-n99-724x1024.jpg\" \/>\n\t<meta property=\"og:image:width\" content=\"724\" \/>\n\t<meta property=\"og:image:height\" content=\"1024\" \/>\n\t<meta property=\"og:image:type\" content=\"image\/jpeg\" \/>\n<meta name=\"twitter:card\" content=\"summary_large_image\" \/>\n<meta name=\"twitter:site\" content=\"@LeRegardLibre\" \/>\n<meta name=\"twitter:label1\" content=\"Gesch\u00e4tzte Lesezeit\" \/>\n\t<meta name=\"twitter:data1\" content=\"2\u00a0Minuten\" \/>\n<script type=\"application\/ld+json\" class=\"yoast-schema-graph\">{\"@context\":\"https:\/\/schema.org\",\"@graph\":[{\"@type\":\"WebPage\",\"@id\":\"https:\/\/leregardlibre.com\/produit\/le-regard-libre-n99-dossier-drogue\/\",\"url\":\"https:\/\/leregardlibre.com\/produit\/le-regard-libre-n99-dossier-drogue\/\",\"name\":\"Le Regard Libre N\u00b099 | Dossier DROGUE\",\"isPartOf\":{\"@id\":\"https:\/\/leregardlibre.com\/#website\"},\"primaryImageOfPage\":{\"@id\":\"https:\/\/leregardlibre.com\/produit\/le-regard-libre-n99-dossier-drogue\/#primaryimage\"},\"image\":{\"@id\":\"https:\/\/leregardlibre.com\/produit\/le-regard-libre-n99-dossier-drogue\/#primaryimage\"},\"thumbnailUrl\":\"https:\/\/leregardlibre.com\/wp-content\/uploads\/2023\/09\/une-le-regard-libre-n99.jpg\",\"datePublished\":\"2023-09-10T09:19:45+00:00\",\"dateModified\":\"2024-12-25T08:31:10+00:00\",\"breadcrumb\":{\"@id\":\"https:\/\/leregardlibre.com\/produit\/le-regard-libre-n99-dossier-drogue\/#breadcrumb\"},\"inLanguage\":\"de\",\"potentialAction\":[{\"@type\":\"ReadAction\",\"target\":[\"https:\/\/leregardlibre.com\/produit\/le-regard-libre-n99-dossier-drogue\/\"]}]},{\"@type\":\"ImageObject\",\"inLanguage\":\"de\",\"@id\":\"https:\/\/leregardlibre.com\/produit\/le-regard-libre-n99-dossier-drogue\/#primaryimage\",\"url\":\"https:\/\/leregardlibre.com\/wp-content\/uploads\/2023\/09\/une-le-regard-libre-n99.jpg\",\"contentUrl\":\"https:\/\/leregardlibre.com\/wp-content\/uploads\/2023\/09\/une-le-regard-libre-n99.jpg\",\"width\":4961,\"height\":7016,\"caption\":\"Une Le Regard Libre N\u00b099\"},{\"@type\":\"BreadcrumbList\",\"@id\":\"https:\/\/leregardlibre.com\/produit\/le-regard-libre-n99-dossier-drogue\/#breadcrumb\",\"itemListElement\":[{\"@type\":\"ListItem\",\"position\":1,\"name\":\"Accueil\",\"item\":\"https:\/\/leregardlibre.com\/\"},{\"@type\":\"ListItem\",\"position\":2,\"name\":\"Boutique\",\"item\":\"https:\/\/leregardlibre.com\/boutique\/\"},{\"@type\":\"ListItem\",\"position\":3,\"name\":\"Le Regard Libre N\u00b099 | Dossier DROGUE\"}]},{\"@type\":\"WebSite\",\"@id\":\"https:\/\/leregardlibre.com\/#website\",\"url\":\"https:\/\/leregardlibre.com\/\",\"name\":\"Le Regard Libre\",\"description\":\"Premier mensuel suisse de d\u00e9bat\",\"publisher\":{\"@id\":\"https:\/\/leregardlibre.com\/#organization\"},\"potentialAction\":[{\"@type\":\"SearchAction\",\"target\":{\"@type\":\"EntryPoint\",\"urlTemplate\":\"https:\/\/leregardlibre.com\/?s={search_term_string}\"},\"query-input\":{\"@type\":\"PropertyValueSpecification\",\"valueRequired\":true,\"valueName\":\"search_term_string\"}}],\"inLanguage\":\"de\"},{\"@type\":\"Organization\",\"@id\":\"https:\/\/leregardlibre.com\/#organization\",\"name\":\"Le Regard Libre\",\"url\":\"https:\/\/leregardlibre.com\/\",\"logo\":{\"@type\":\"ImageObject\",\"inLanguage\":\"de\",\"@id\":\"https:\/\/leregardlibre.com\/#\/schema\/logo\/image\/\",\"url\":\"https:\/\/leregardlibre.com\/wp-content\/uploads\/2025\/08\/logo-rl-icone-neg.jpeg\",\"contentUrl\":\"https:\/\/leregardlibre.com\/wp-content\/uploads\/2025\/08\/logo-rl-icone-neg.jpeg\",\"width\":557,\"height\":556,\"caption\":\"Le Regard Libre\"},\"image\":{\"@id\":\"https:\/\/leregardlibre.com\/#\/schema\/logo\/image\/\"},\"sameAs\":[\"https:\/\/www.facebook.com\/leregardlibre\/\",\"https:\/\/x.com\/LeRegardLibre\",\"https:\/\/www.linkedin.com\/company\/le-regard-libre\",\"https:\/\/www.instagram.com\/leregardlibre\/\",\"http:\/\/t.me\/leregardlibre\",\"https:\/\/youtube.com\/channel\/UC6HzGPomj1LsUmlz-sJtITQ\"],\"description\":\"Le Regard Libre est un mensuel suisse de d\u00e9bat intellectuel et culturel. Sa r\u00e9daction est jeune, b\u00e9n\u00e9vole, lib\u00e9rale et pluraliste. Le magazine para\u00eet en ligne et sous forme papier. Sa langue est le fran\u00e7ais.\",\"email\":\"redaction@leregardlibre.com\",\"legalName\":\"Le Regard Libre\",\"foundingDate\":\"2014-01-01\",\"numberOfEmployees\":{\"@type\":\"QuantitativeValue\",\"minValue\":\"11\",\"maxValue\":\"50\"},\"publishingPrinciples\":\"https:\/\/leregardlibre.com\/a-propos\/notre-manifeste\/\",\"ownershipFundingInfo\":\"https:\/\/leregardlibre.com\/mentions-legales\/\",\"actionableFeedbackPolicy\":\"https:\/\/leregardlibre.com\/conditions-generales-de-vente\/\"}]}<\/script>\n<!-- \/ Yoast SEO Premium plugin. -->","yoast_head_json":{"title":"Le Regard Libre N\u00b099 | Dossier DROGUE","robots":{"index":"index","follow":"follow","max-snippet":"max-snippet:-1","max-image-preview":"max-image-preview:large","max-video-preview":"max-video-preview:-1"},"canonical":"https:\/\/leregardlibre.com\/de\/produkt\/le-regard-libre-n99-dossier-drogen\/","og_locale":"de_DE","og_type":"article","og_title":"Le Regard Libre N\u00b099 | Dossier DROGUE","og_description":"Le Regard Libre N\u00b099 | Dossier DROGUE Exemplaire papier Edition de septembre 2023 Format magazine papier chic (68 pages) 05...","og_url":"https:\/\/leregardlibre.com\/de\/produkt\/le-regard-libre-n99-dossier-drogen\/","og_site_name":"Le Regard Libre","article_publisher":"https:\/\/www.facebook.com\/leregardlibre\/","article_modified_time":"2024-12-25T08:31:10+00:00","og_image":[{"width":724,"height":1024,"url":"https:\/\/leregardlibre.com\/wp-content\/uploads\/2023\/09\/une-le-regard-libre-n99-724x1024.jpg","type":"image\/jpeg"}],"twitter_card":"summary_large_image","twitter_site":"@LeRegardLibre","twitter_misc":{"Gesch\u00e4tzte Lesezeit":"2\u00a0Minuten"},"schema":{"@context":"https:\/\/schema.org","@graph":[{"@type":"WebPage","@id":"https:\/\/leregardlibre.com\/produit\/le-regard-libre-n99-dossier-drogue\/","url":"https:\/\/leregardlibre.com\/produit\/le-regard-libre-n99-dossier-drogue\/","name":"Le Regard Libre N\u00b099 | Dossier DROGUE","isPartOf":{"@id":"https:\/\/leregardlibre.com\/#website"},"primaryImageOfPage":{"@id":"https:\/\/leregardlibre.com\/produit\/le-regard-libre-n99-dossier-drogue\/#primaryimage"},"image":{"@id":"https:\/\/leregardlibre.com\/produit\/le-regard-libre-n99-dossier-drogue\/#primaryimage"},"thumbnailUrl":"https:\/\/leregardlibre.com\/wp-content\/uploads\/2023\/09\/une-le-regard-libre-n99.jpg","datePublished":"2023-09-10T09:19:45+00:00","dateModified":"2024-12-25T08:31:10+00:00","breadcrumb":{"@id":"https:\/\/leregardlibre.com\/produit\/le-regard-libre-n99-dossier-drogue\/#breadcrumb"},"inLanguage":"de","potentialAction":[{"@type":"ReadAction","target":["https:\/\/leregardlibre.com\/produit\/le-regard-libre-n99-dossier-drogue\/"]}]},{"@type":"ImageObject","inLanguage":"de","@id":"https:\/\/leregardlibre.com\/produit\/le-regard-libre-n99-dossier-drogue\/#primaryimage","url":"https:\/\/leregardlibre.com\/wp-content\/uploads\/2023\/09\/une-le-regard-libre-n99.jpg","contentUrl":"https:\/\/leregardlibre.com\/wp-content\/uploads\/2023\/09\/une-le-regard-libre-n99.jpg","width":4961,"height":7016,"caption":"Une Le Regard Libre N\u00b099"},{"@type":"BreadcrumbList","@id":"https:\/\/leregardlibre.com\/produit\/le-regard-libre-n99-dossier-drogue\/#breadcrumb","itemListElement":[{"@type":"ListItem","position":1,"name":"Accueil","item":"https:\/\/leregardlibre.com\/"},{"@type":"ListItem","position":2,"name":"Boutique","item":"https:\/\/leregardlibre.com\/boutique\/"},{"@type":"ListItem","position":3,"name":"Le Regard Libre N\u00b099 | Dossier DROGUE"}]},{"@type":"WebSite","@id":"https:\/\/leregardlibre.com\/#website","url":"https:\/\/leregardlibre.com\/","name":"Le Regard Libre","description":"Erste Schweizer Monatszeitschrift f\u00fcr Debatten","publisher":{"@id":"https:\/\/leregardlibre.com\/#organization"},"potentialAction":[{"@type":"SearchAction","target":{"@type":"EntryPoint","urlTemplate":"https:\/\/leregardlibre.com\/?s={search_term_string}"},"query-input":{"@type":"PropertyValueSpecification","valueRequired":true,"valueName":"search_term_string"}}],"inLanguage":"de"},{"@type":"Organization","@id":"https:\/\/leregardlibre.com\/#organization","name":"Le Regard Libre","url":"https:\/\/leregardlibre.com\/","logo":{"@type":"ImageObject","inLanguage":"de","@id":"https:\/\/leregardlibre.com\/#\/schema\/logo\/image\/","url":"https:\/\/leregardlibre.com\/wp-content\/uploads\/2025\/08\/logo-rl-icone-neg.jpeg","contentUrl":"https:\/\/leregardlibre.com\/wp-content\/uploads\/2025\/08\/logo-rl-icone-neg.jpeg","width":557,"height":556,"caption":"Le Regard Libre"},"image":{"@id":"https:\/\/leregardlibre.com\/#\/schema\/logo\/image\/"},"sameAs":["https:\/\/www.facebook.com\/leregardlibre\/","https:\/\/x.com\/LeRegardLibre","https:\/\/www.linkedin.com\/company\/le-regard-libre","https:\/\/www.instagram.com\/leregardlibre\/","http:\/\/t.me\/leregardlibre","https:\/\/youtube.com\/channel\/UC6HzGPomj1LsUmlz-sJtITQ"],"description":"Le Regard Libre ist eine Schweizer Monatszeitschrift f\u00fcr intellektuelle und kulturelle Debatten. Seine Redaktion ist jung, ehrenamtlich, liberal und pluralistisch. Das Magazin erscheint online und in gedruckter Form. Seine Sprache ist Franz\u00f6sisch.","email":"redaction@leregardlibre.com","legalName":"Le Regard Libre","foundingDate":"2014-01-01","numberOfEmployees":{"@type":"QuantitativeValue","minValue":"11","maxValue":"50"},"publishingPrinciples":"https:\/\/leregardlibre.com\/a-propos\/notre-manifeste\/","ownershipFundingInfo":"https:\/\/leregardlibre.com\/mentions-legales\/","actionableFeedbackPolicy":"https:\/\/leregardlibre.com\/conditions-generales-de-vente\/"}]}},"_links":{"self":[{"href":"https:\/\/leregardlibre.com\/de\/wp-json\/wp\/v2\/product\/519936","targetHints":{"allow":["GET"]}}],"collection":[{"href":"https:\/\/leregardlibre.com\/de\/wp-json\/wp\/v2\/product"}],"about":[{"href":"https:\/\/leregardlibre.com\/de\/wp-json\/wp\/v2\/types\/product"}],"replies":[{"embeddable":true,"href":"https:\/\/leregardlibre.com\/de\/wp-json\/wp\/v2\/comments?post=519936"}],"wp:featuredmedia":[{"embeddable":true,"href":"https:\/\/leregardlibre.com\/de\/wp-json\/wp\/v2\/media\/519939"}],"wp:attachment":[{"href":"https:\/\/leregardlibre.com\/de\/wp-json\/wp\/v2\/media?parent=519936"}],"wp:term":[{"taxonomy":"product_brand","embeddable":true,"href":"https:\/\/leregardlibre.com\/de\/wp-json\/wp\/v2\/product_brand?post=519936"},{"taxonomy":"product_cat","embeddable":true,"href":"https:\/\/leregardlibre.com\/de\/wp-json\/wp\/v2\/product_cat?post=519936"},{"taxonomy":"product_tag","embeddable":true,"href":"https:\/\/leregardlibre.com\/de\/wp-json\/wp\/v2\/product_tag?post=519936"}],"curies":[{"name":"wp","href":"https:\/\/api.w.org\/{rel}","templated":true}]}}