{"id":521566,"date":"2023-12-24T11:35:23","date_gmt":"2023-12-24T10:35:23","guid":{"rendered":"https:\/\/leregardlibre.com\/?post_type=product&#038;p=521566"},"modified":"2024-09-29T14:13:10","modified_gmt":"2024-09-29T12:13:10","slug":"le-regard-libre-n101-dossier-landliche-welt","status":"publish","type":"product","link":"https:\/\/leregardlibre.com\/de\/produkt\/le-regard-libre-n101-dossier-landliche-welt\/","title":{"rendered":"Le Regard Libre N\u00b0102 | Dossier L\u00c4NDLICHE WELT"},"content":{"rendered":"<p><em>Le Regard Libre<\/em> N\u00b0102 | Dossier L\u00c4NDLICHE WELT<br \/>\nPapierexemplar<br \/>\nAusgabe vom Dezember 2023<br \/>\nSchickes Papiermagazinformat<\/p>\n<hr \/>\n<p class=\"p1\"><strong>05<\/strong><b> <\/b>| Editorial: Rechtsextremismus - ein missbrauchter Begriff<br \/>\n<strong>07<\/strong><b> <\/b>| Lesung von Pascal Couchepin: <i>Die Schiffbr\u00fcchigen von Wager<br \/>\n<\/i><strong>09<\/strong><b> <\/b>| In wenigen Worten: Javier Milei und Milan Kundera<br \/>\n<strong>10<\/strong> Die Behauptung der japanischen Milit\u00e4rmacht in S\u00fcdasien<br \/>\n<b>12 <\/b>| Stefan Zweig, Episode 3\/3: F\u00fcr eine Welt in Farbe<br \/>\n<b>16 <\/b>Die \u00abgro\u00dfe Konvergenz\u00bb: Globale Gleichheit und ihre Nachteile<\/p>\n<p class=\"p2\"><strong>Dossier: Die l\u00e4ndliche Welt<\/strong><br \/>\n<strong>28<\/strong> Michael Hermann: \u00abDas Land f\u00fchlt sich von den St\u00e4dten infantilisiert\u00bb.\u00bb<br \/>\n<strong>38<\/strong> Jean-Claude Mich\u00e9a, ein auf dem Land ans\u00e4ssiger Philosoph<br \/>\n<strong>40<\/strong> Die Kluft zwischen Zentren und Peripherie: das ewige Problem der Schweiz<br \/>\n<strong>41<\/strong> | Diese Einheimischen, die Offroad-Radfahrer ertragen m\u00fcssen<br \/>\n<strong>42<\/strong> | Pierric Bailly, L\u00e4nder der Faszination<br \/>\n<strong>44<\/strong> | Zwei weitere Nuggets zeitgen\u00f6ssischer l\u00e4ndlicher Literatur<br \/>\n<strong>46<\/strong> | Die Fotoreportage von Bernard L\u00e9chot: <i>Die Internationale der Rinder<\/i><\/p>\n<p class=\"p2\"><strong>Kulturnachrichten<\/strong><br \/>\n<b>54<\/b> Caspar David Friedrich, der Pinsel der philosophischen Romantik<br \/>\n<b>58<\/b> | Befreite bei den Osage-Indianern<br \/>\n<b>60<\/b> | <i>Panorama<\/i>, Der Alptraum der Transparenz<br \/>\n<b>61<\/b> | Tribolet's tribulations<br \/>\n<b>62<\/b> | Florent Oiseau, Wechself\u00e4lle ohne \u00dcberdruss<br \/>\n<b>64<\/b> | Ab Januar 2024 ein neuer, bisher unver\u00f6ffentlichter Roman in <i>Le Regard Libre<\/i><\/p>\n<p class=\"p2\"><strong>66<\/strong><b> <\/b>| Abonnement-Talon und Sponsoring-Formular<br \/>\n<strong>67<\/strong> | Impressum<br \/>\n<strong>68<\/strong> | Zitate<\/p>\n<p class=\"p1\"><a href=\"https:\/\/leregardlibre.com\/de\/cpt-editions\/le-regard-libre-n101-dossier-communautaires\/\"><em>Zur vorherigen Ausgabe<\/em><\/a><\/p>","protected":false},"excerpt":{"rendered":"<p>Le Regard Libre N\u00b0102 | Dossier MONDE RURAL Exemplaire papier Edition de d\u00e9cembre 2023 Format magazine papier chic 05 |&#8230;<\/p>","protected":false},"featured_media":521569,"comment_status":"open","ping_status":"closed","template":"","meta":{"_acf_changed":false},"product_brand":[],"product_cat":[644340392],"product_tag":[],"class_list":{"0":"post-521566","1":"product","2":"type-product","3":"status-publish","4":"has-post-thumbnail","6":"product_cat-numeros","8":"first","9":"instock","10":"shipping-taxable","11":"purchasable","12":"product-type-variable"},"acf":[],"yoast_head":"<!-- This site is optimized with the Yoast SEO Premium plugin v26.9 (Yoast SEO v26.9) - https:\/\/yoast.com\/product\/yoast-seo-premium-wordpress\/ -->\n<title>Le Regard Libre N\u00b0102 | Dossier MONDE RURAL<\/title>\n<meta name=\"robots\" content=\"index, follow, max-snippet:-1, max-image-preview:large, max-video-preview:-1\" \/>\n<link rel=\"canonical\" href=\"https:\/\/leregardlibre.com\/de\/produkt\/le-regard-libre-n101-dossier-landliche-welt\/\" \/>\n<meta property=\"og:locale\" content=\"de_DE\" \/>\n<meta property=\"og:type\" content=\"article\" \/>\n<meta property=\"og:title\" content=\"Le Regard Libre N\u00b0102 | Dossier MONDE RURAL\" \/>\n<meta property=\"og:description\" content=\"Le Regard Libre N\u00b0102 | Dossier MONDE RURAL Exemplaire papier Edition de d\u00e9cembre 2023 Format magazine papier chic 05 |...\" \/>\n<meta property=\"og:url\" content=\"https:\/\/leregardlibre.com\/de\/produkt\/le-regard-libre-n101-dossier-landliche-welt\/\" \/>\n<meta property=\"og:site_name\" content=\"Le Regard Libre\" \/>\n<meta property=\"article:publisher\" content=\"https:\/\/www.facebook.com\/leregardlibre\/\" \/>\n<meta property=\"article:modified_time\" content=\"2024-09-29T12:13:10+00:00\" \/>\n<meta property=\"og:image\" content=\"https:\/\/leregardlibre.com\/wp-content\/uploads\/2023\/12\/une-le-regard-libre-n102-724x1024.jpg\" \/>\n\t<meta property=\"og:image:width\" content=\"724\" \/>\n\t<meta property=\"og:image:height\" content=\"1024\" \/>\n\t<meta property=\"og:image:type\" content=\"image\/jpeg\" \/>\n<meta name=\"twitter:card\" content=\"summary_large_image\" \/>\n<meta name=\"twitter:site\" content=\"@LeRegardLibre\" \/>\n<meta name=\"twitter:label1\" content=\"Gesch\u00e4tzte Lesezeit\" \/>\n\t<meta name=\"twitter:data1\" content=\"2\u00a0Minuten\" \/>\n<script type=\"application\/ld+json\" class=\"yoast-schema-graph\">{\"@context\":\"https:\/\/schema.org\",\"@graph\":[{\"@type\":\"WebPage\",\"@id\":\"https:\/\/leregardlibre.com\/produit\/le-regard-libre-n101-dossier-monde-rural\/\",\"url\":\"https:\/\/leregardlibre.com\/produit\/le-regard-libre-n101-dossier-monde-rural\/\",\"name\":\"Le Regard Libre N\u00b0102 | Dossier MONDE RURAL\",\"isPartOf\":{\"@id\":\"https:\/\/leregardlibre.com\/#website\"},\"primaryImageOfPage\":{\"@id\":\"https:\/\/leregardlibre.com\/produit\/le-regard-libre-n101-dossier-monde-rural\/#primaryimage\"},\"image\":{\"@id\":\"https:\/\/leregardlibre.com\/produit\/le-regard-libre-n101-dossier-monde-rural\/#primaryimage\"},\"thumbnailUrl\":\"https:\/\/leregardlibre.com\/wp-content\/uploads\/2023\/12\/une-le-regard-libre-n102.jpg\",\"datePublished\":\"2023-12-24T10:35:23+00:00\",\"dateModified\":\"2024-09-29T12:13:10+00:00\",\"breadcrumb\":{\"@id\":\"https:\/\/leregardlibre.com\/produit\/le-regard-libre-n101-dossier-monde-rural\/#breadcrumb\"},\"inLanguage\":\"de\",\"potentialAction\":[{\"@type\":\"ReadAction\",\"target\":[\"https:\/\/leregardlibre.com\/produit\/le-regard-libre-n101-dossier-monde-rural\/\"]}]},{\"@type\":\"ImageObject\",\"inLanguage\":\"de\",\"@id\":\"https:\/\/leregardlibre.com\/produit\/le-regard-libre-n101-dossier-monde-rural\/#primaryimage\",\"url\":\"https:\/\/leregardlibre.com\/wp-content\/uploads\/2023\/12\/une-le-regard-libre-n102.jpg\",\"contentUrl\":\"https:\/\/leregardlibre.com\/wp-content\/uploads\/2023\/12\/une-le-regard-libre-n102.jpg\",\"width\":4961,\"height\":7016,\"caption\":\"Une Le Regard Libre N\u00b0102\"},{\"@type\":\"BreadcrumbList\",\"@id\":\"https:\/\/leregardlibre.com\/produit\/le-regard-libre-n101-dossier-monde-rural\/#breadcrumb\",\"itemListElement\":[{\"@type\":\"ListItem\",\"position\":1,\"name\":\"Accueil\",\"item\":\"https:\/\/leregardlibre.com\/\"},{\"@type\":\"ListItem\",\"position\":2,\"name\":\"Boutique\",\"item\":\"https:\/\/leregardlibre.com\/boutique\/\"},{\"@type\":\"ListItem\",\"position\":3,\"name\":\"Le Regard Libre N\u00b0102 | Dossier MONDE RURAL\"}]},{\"@type\":\"WebSite\",\"@id\":\"https:\/\/leregardlibre.com\/#website\",\"url\":\"https:\/\/leregardlibre.com\/\",\"name\":\"Le Regard Libre\",\"description\":\"Premier mensuel suisse de d\u00e9bat\",\"publisher\":{\"@id\":\"https:\/\/leregardlibre.com\/#organization\"},\"potentialAction\":[{\"@type\":\"SearchAction\",\"target\":{\"@type\":\"EntryPoint\",\"urlTemplate\":\"https:\/\/leregardlibre.com\/?s={search_term_string}\"},\"query-input\":{\"@type\":\"PropertyValueSpecification\",\"valueRequired\":true,\"valueName\":\"search_term_string\"}}],\"inLanguage\":\"de\"},{\"@type\":\"Organization\",\"@id\":\"https:\/\/leregardlibre.com\/#organization\",\"name\":\"Le Regard Libre\",\"url\":\"https:\/\/leregardlibre.com\/\",\"logo\":{\"@type\":\"ImageObject\",\"inLanguage\":\"de\",\"@id\":\"https:\/\/leregardlibre.com\/#\/schema\/logo\/image\/\",\"url\":\"https:\/\/leregardlibre.com\/wp-content\/uploads\/2025\/08\/logo-rl-icone-neg.jpeg\",\"contentUrl\":\"https:\/\/leregardlibre.com\/wp-content\/uploads\/2025\/08\/logo-rl-icone-neg.jpeg\",\"width\":557,\"height\":556,\"caption\":\"Le Regard Libre\"},\"image\":{\"@id\":\"https:\/\/leregardlibre.com\/#\/schema\/logo\/image\/\"},\"sameAs\":[\"https:\/\/www.facebook.com\/leregardlibre\/\",\"https:\/\/x.com\/LeRegardLibre\",\"https:\/\/www.linkedin.com\/company\/le-regard-libre\",\"https:\/\/www.instagram.com\/leregardlibre\/\",\"http:\/\/t.me\/leregardlibre\",\"https:\/\/youtube.com\/channel\/UC6HzGPomj1LsUmlz-sJtITQ\"],\"description\":\"Le Regard Libre est un mensuel suisse de d\u00e9bat intellectuel et culturel. Sa r\u00e9daction est jeune, b\u00e9n\u00e9vole, lib\u00e9rale et pluraliste. Le magazine para\u00eet en ligne et sous forme papier. Sa langue est le fran\u00e7ais.\",\"email\":\"redaction@leregardlibre.com\",\"legalName\":\"Le Regard Libre\",\"foundingDate\":\"2014-01-01\",\"numberOfEmployees\":{\"@type\":\"QuantitativeValue\",\"minValue\":\"11\",\"maxValue\":\"50\"},\"publishingPrinciples\":\"https:\/\/leregardlibre.com\/a-propos\/notre-manifeste\/\",\"ownershipFundingInfo\":\"https:\/\/leregardlibre.com\/mentions-legales\/\",\"actionableFeedbackPolicy\":\"https:\/\/leregardlibre.com\/conditions-generales-de-vente\/\"}]}<\/script>\n<!-- \/ Yoast SEO Premium plugin. -->","yoast_head_json":{"title":"Le Regard Libre N\u00b0102 | Dossier L\u00c4NDLICHE WELT","robots":{"index":"index","follow":"follow","max-snippet":"max-snippet:-1","max-image-preview":"max-image-preview:large","max-video-preview":"max-video-preview:-1"},"canonical":"https:\/\/leregardlibre.com\/de\/produkt\/le-regard-libre-n101-dossier-landliche-welt\/","og_locale":"de_DE","og_type":"article","og_title":"Le Regard Libre N\u00b0102 | Dossier MONDE RURAL","og_description":"Le Regard Libre N\u00b0102 | Dossier MONDE RURAL Exemplaire papier Edition de d\u00e9cembre 2023 Format magazine papier chic 05 |...","og_url":"https:\/\/leregardlibre.com\/de\/produkt\/le-regard-libre-n101-dossier-landliche-welt\/","og_site_name":"Le Regard Libre","article_publisher":"https:\/\/www.facebook.com\/leregardlibre\/","article_modified_time":"2024-09-29T12:13:10+00:00","og_image":[{"width":724,"height":1024,"url":"https:\/\/leregardlibre.com\/wp-content\/uploads\/2023\/12\/une-le-regard-libre-n102-724x1024.jpg","type":"image\/jpeg"}],"twitter_card":"summary_large_image","twitter_site":"@LeRegardLibre","twitter_misc":{"Gesch\u00e4tzte Lesezeit":"2\u00a0Minuten"},"schema":{"@context":"https:\/\/schema.org","@graph":[{"@type":"WebPage","@id":"https:\/\/leregardlibre.com\/produit\/le-regard-libre-n101-dossier-monde-rural\/","url":"https:\/\/leregardlibre.com\/produit\/le-regard-libre-n101-dossier-monde-rural\/","name":"Le Regard Libre N\u00b0102 | Dossier L\u00c4NDLICHE WELT","isPartOf":{"@id":"https:\/\/leregardlibre.com\/#website"},"primaryImageOfPage":{"@id":"https:\/\/leregardlibre.com\/produit\/le-regard-libre-n101-dossier-monde-rural\/#primaryimage"},"image":{"@id":"https:\/\/leregardlibre.com\/produit\/le-regard-libre-n101-dossier-monde-rural\/#primaryimage"},"thumbnailUrl":"https:\/\/leregardlibre.com\/wp-content\/uploads\/2023\/12\/une-le-regard-libre-n102.jpg","datePublished":"2023-12-24T10:35:23+00:00","dateModified":"2024-09-29T12:13:10+00:00","breadcrumb":{"@id":"https:\/\/leregardlibre.com\/produit\/le-regard-libre-n101-dossier-monde-rural\/#breadcrumb"},"inLanguage":"de","potentialAction":[{"@type":"ReadAction","target":["https:\/\/leregardlibre.com\/produit\/le-regard-libre-n101-dossier-monde-rural\/"]}]},{"@type":"ImageObject","inLanguage":"de","@id":"https:\/\/leregardlibre.com\/produit\/le-regard-libre-n101-dossier-monde-rural\/#primaryimage","url":"https:\/\/leregardlibre.com\/wp-content\/uploads\/2023\/12\/une-le-regard-libre-n102.jpg","contentUrl":"https:\/\/leregardlibre.com\/wp-content\/uploads\/2023\/12\/une-le-regard-libre-n102.jpg","width":4961,"height":7016,"caption":"Une Le Regard Libre N\u00b0102"},{"@type":"BreadcrumbList","@id":"https:\/\/leregardlibre.com\/produit\/le-regard-libre-n101-dossier-monde-rural\/#breadcrumb","itemListElement":[{"@type":"ListItem","position":1,"name":"Accueil","item":"https:\/\/leregardlibre.com\/"},{"@type":"ListItem","position":2,"name":"Boutique","item":"https:\/\/leregardlibre.com\/boutique\/"},{"@type":"ListItem","position":3,"name":"Le Regard Libre N\u00b0102 | Dossier MONDE RURAL"}]},{"@type":"WebSite","@id":"https:\/\/leregardlibre.com\/#website","url":"https:\/\/leregardlibre.com\/","name":"Le Regard Libre","description":"Erste Schweizer Monatszeitschrift f\u00fcr Debatten","publisher":{"@id":"https:\/\/leregardlibre.com\/#organization"},"potentialAction":[{"@type":"SearchAction","target":{"@type":"EntryPoint","urlTemplate":"https:\/\/leregardlibre.com\/?s={search_term_string}"},"query-input":{"@type":"PropertyValueSpecification","valueRequired":true,"valueName":"search_term_string"}}],"inLanguage":"de"},{"@type":"Organization","@id":"https:\/\/leregardlibre.com\/#organization","name":"Le Regard Libre","url":"https:\/\/leregardlibre.com\/","logo":{"@type":"ImageObject","inLanguage":"de","@id":"https:\/\/leregardlibre.com\/#\/schema\/logo\/image\/","url":"https:\/\/leregardlibre.com\/wp-content\/uploads\/2025\/08\/logo-rl-icone-neg.jpeg","contentUrl":"https:\/\/leregardlibre.com\/wp-content\/uploads\/2025\/08\/logo-rl-icone-neg.jpeg","width":557,"height":556,"caption":"Le Regard Libre"},"image":{"@id":"https:\/\/leregardlibre.com\/#\/schema\/logo\/image\/"},"sameAs":["https:\/\/www.facebook.com\/leregardlibre\/","https:\/\/x.com\/LeRegardLibre","https:\/\/www.linkedin.com\/company\/le-regard-libre","https:\/\/www.instagram.com\/leregardlibre\/","http:\/\/t.me\/leregardlibre","https:\/\/youtube.com\/channel\/UC6HzGPomj1LsUmlz-sJtITQ"],"description":"Le Regard Libre ist eine Schweizer Monatszeitschrift f\u00fcr intellektuelle und kulturelle Debatten. Seine Redaktion ist jung, ehrenamtlich, liberal und pluralistisch. Das Magazin erscheint online und in gedruckter Form. Seine Sprache ist Franz\u00f6sisch.","email":"redaction@leregardlibre.com","legalName":"Le Regard Libre","foundingDate":"2014-01-01","numberOfEmployees":{"@type":"QuantitativeValue","minValue":"11","maxValue":"50"},"publishingPrinciples":"https:\/\/leregardlibre.com\/a-propos\/notre-manifeste\/","ownershipFundingInfo":"https:\/\/leregardlibre.com\/mentions-legales\/","actionableFeedbackPolicy":"https:\/\/leregardlibre.com\/conditions-generales-de-vente\/"}]}},"_links":{"self":[{"href":"https:\/\/leregardlibre.com\/de\/wp-json\/wp\/v2\/product\/521566","targetHints":{"allow":["GET"]}}],"collection":[{"href":"https:\/\/leregardlibre.com\/de\/wp-json\/wp\/v2\/product"}],"about":[{"href":"https:\/\/leregardlibre.com\/de\/wp-json\/wp\/v2\/types\/product"}],"replies":[{"embeddable":true,"href":"https:\/\/leregardlibre.com\/de\/wp-json\/wp\/v2\/comments?post=521566"}],"wp:featuredmedia":[{"embeddable":true,"href":"https:\/\/leregardlibre.com\/de\/wp-json\/wp\/v2\/media\/521569"}],"wp:attachment":[{"href":"https:\/\/leregardlibre.com\/de\/wp-json\/wp\/v2\/media?parent=521566"}],"wp:term":[{"taxonomy":"product_brand","embeddable":true,"href":"https:\/\/leregardlibre.com\/de\/wp-json\/wp\/v2\/product_brand?post=521566"},{"taxonomy":"product_cat","embeddable":true,"href":"https:\/\/leregardlibre.com\/de\/wp-json\/wp\/v2\/product_cat?post=521566"},{"taxonomy":"product_tag","embeddable":true,"href":"https:\/\/leregardlibre.com\/de\/wp-json\/wp\/v2\/product_tag?post=521566"}],"curies":[{"name":"wp","href":"https:\/\/api.w.org\/{rel}","templated":true}]}}