{"id":522021,"date":"2024-01-26T09:52:08","date_gmt":"2024-01-26T08:52:08","guid":{"rendered":"https:\/\/leregardlibre.com\/?post_type=product&#038;p=522021"},"modified":"2025-03-02T11:20:24","modified_gmt":"2025-03-02T10:20:24","slug":"le-regard-libre-n102-dossier-landliche-welt-kopieren","status":"publish","type":"product","link":"https:\/\/leregardlibre.com\/de\/produkt\/le-regard-libre-n102-dossier-landliche-welt-kopieren\/","title":{"rendered":"Le Regard Libre N\u00b0103 | Dossier TRANSPORT"},"content":{"rendered":"<p><em>Le Regard Libre<\/em> Nr. 103 | Dossier VERKEHR<br \/>\nPapierexemplar<br \/>\nAusgabe vom Januar 2024 <strong>- 10 Jahre in diesem Monat!<\/strong><br \/>\nSchickes Papiermagazinformat, Einweihung des neuen Layouts<\/p>\n<hr \/>\n<p class=\"p1\"><strong><span class=\"s1\">Meinungen und Reflexionen<br \/>\n<\/span><\/strong><span class=\"s2\">05\u00a0|\u00a0<\/span>Depardieu: Die Absurdit\u00e4t der Entscheidung von RTS in f\u00fcnf Punkten<br \/>\n<span class=\"s2\">06\u00a0|\u00a0<\/span>Sollten Gesch\u00e4fte am Sonntag \u00f6ffnen d\u00fcrfen?<br \/>\n<span class=\"s2\">07<\/span> <span class=\"s2\">|\u00a0<\/span>Wer das UNRWA nicht finanziert, sch\u00fcrt den Hass gegen den Westen<br \/>\n<span class=\"s2\">08<\/span> <span class=\"s2\">|\u00a0<\/span>\u00abDie Europ\u00e4ische Union kann direkte Demokratie nicht tolerieren\u00bb<br \/>\n<span class=\"s2\">11<\/span> <span class=\"s2\">|\u00a0<\/span>Die Entstehung des Euro nach Charles Gave<br \/>\n<span class=\"s2\">12<\/span> <span class=\"s2\">|\u00a0<\/span>Afrikaner verdienen es, wieder wirtschaftliche Freiheit zu erlangen<br \/>\n<span class=\"s2\">16<\/span> <span class=\"s2\">|\u00a0<\/span>Franz\u00f6sisch als Lebenskunst<\/p>\n<p class=\"p3\"><strong><span class=\"s1\">Dossier: Verkehr<br \/>\n<\/span><\/strong><span class=\"s2\">20<\/span> <span class=\"s2\">|\u00a0<\/span>Vincent Kaufmann: \u00abDie SBB ist zu routiniert\u00bb.\u00bb<br \/>\n<span class=\"s2\">24<\/span> <span class=\"s2\">|\u00a0<\/span>Die Helden der A\u00e9ropostale<br \/>\n<span class=\"s2\">26<\/span> <span class=\"s2\">|\u00a0<\/span>Der Dreimaster, das Schiff, das die Zeiten \u00fcberdauert<br \/>\n<span class=\"s2\">28<\/span> <span class=\"s2\">|\u00a0<\/span>Tomaten zu importieren macht mehr Sinn als sie in der Schweiz zu produzieren<br \/>\n<span class=\"s2\">30<\/span> <span class=\"s2\">|\u00a0<\/span>Zunehmende Unbequemlichkeit in Flugzeugen und andere Kuriosit\u00e4ten<br \/>\n<span class=\"s2\">32<\/span> <span class=\"s2\">|\u00a0<\/span>Reisen in tr\u00fcben Worten<br \/>\n<span class=\"s2\">34<\/span> <span class=\"s2\">|\u00a0<\/span>Auf den Spuren des Forschers Xavier Chevrin<br \/>\n<span class=\"s2\">40<\/span> <span class=\"s2\">|\u00a0<\/span>Die Fotoreportage von Bernard L\u00e9chot: Im \u00abCoin des trois pays\u00bb (Dreil\u00e4ndereck)\u00bb<\/p>\n<p class=\"p1\"><strong><span class=\"s1\">Kulturnachrichten<br \/>\n<\/span><\/strong><span class=\"s2\">48<\/span> <span class=\"s2\">| <\/span>Melanie Richoz: <span class=\"s1\">\u00abDinge zu verschweigen ist eine Art, sie zu unterst\u00fctzen\u00bb<i><br \/>\n<\/i><\/span><span class=\"s2\">54<\/span> <span class=\"s2\">|\u00a0<\/span>Es ist zu ihrem Besten<br \/>\n<span class=\"s2\">56<\/span> <span class=\"s2\">|\u00a0<\/span><i>Segurant<\/i>, die Schriftrolle und den Drachen jagen<br \/>\n<span class=\"s2\">58<\/span> <span class=\"s2\">|\u00a0<\/span>Lemuren zum Schweigen bringen<\/p>\n<p class=\"p1\"><strong><span class=\"s1\">Termine am Ende des Magazins<br \/>\n<\/span><\/strong><span class=\"s2\">60<\/span> <span class=\"s2\">|\u00a0<\/span><i>Die G\u00fctsch-Nacht<\/i>, Ein unver\u00f6ffentlichter Roman von Andr\u00e9 Durussel (1\/10)<br \/>\n<span class=\"s2\">64<\/span> <span class=\"s2\">|\u00a0<\/span>In K\u00fcrze: Harvard, gro\u00dfe Autoren, Robert Boyle und eine kommunistische Partei<br \/>\n<span class=\"s2\">66<\/span> <span class=\"s2\">|\u00a0<\/span>Abonnement-Talon und Sponsoring-Formular<br \/>\n<span class=\"s2\">68<\/span> <span class=\"s2\">|\u00a0<\/span>Zitate<\/p>\n<p class=\"p1\"><a href=\"https:\/\/leregardlibre.com\/de\/cpt-editions\/le-regard-libre-n102-dossier-landliche-welt\/\"><em>Zur vorherigen Ausgabe<\/em><\/a><\/p>","protected":false},"excerpt":{"rendered":"<p>Le Regard Libre N\u00b0103 | Dossier TRANSPORTS Exemplaire papier Edition de janvier 2024 \u2013 10 ans ce mois-ci! Format magazine&#8230;<\/p>","protected":false},"featured_media":522024,"comment_status":"open","ping_status":"closed","template":"","meta":{"_acf_changed":false},"product_brand":[],"product_cat":[644340392],"product_tag":[],"class_list":{"0":"post-522021","1":"product","2":"type-product","3":"status-publish","4":"has-post-thumbnail","6":"product_cat-numeros","8":"first","9":"instock","10":"shipping-taxable","11":"purchasable","12":"product-type-variable"},"acf":[],"yoast_head":"<!-- This site is optimized with the Yoast SEO Premium plugin v26.9 (Yoast SEO v26.9) - https:\/\/yoast.com\/product\/yoast-seo-premium-wordpress\/ -->\n<title>Le Regard Libre N\u00b0103 | Dossier TRANSPORTS<\/title>\n<meta name=\"robots\" content=\"index, follow, max-snippet:-1, max-image-preview:large, max-video-preview:-1\" \/>\n<link rel=\"canonical\" href=\"https:\/\/leregardlibre.com\/de\/produkt\/le-regard-libre-n102-dossier-landliche-welt-kopieren\/\" \/>\n<meta property=\"og:locale\" content=\"de_DE\" \/>\n<meta property=\"og:type\" content=\"article\" \/>\n<meta property=\"og:title\" content=\"Le Regard Libre N\u00b0103 | Dossier TRANSPORTS\" \/>\n<meta property=\"og:description\" content=\"Le Regard Libre N\u00b0103 | Dossier TRANSPORTS Exemplaire papier Edition de janvier 2024 \u2013 10 ans ce mois-ci! Format magazine...\" \/>\n<meta property=\"og:url\" content=\"https:\/\/leregardlibre.com\/de\/produkt\/le-regard-libre-n102-dossier-landliche-welt-kopieren\/\" \/>\n<meta property=\"og:site_name\" content=\"Le Regard Libre\" \/>\n<meta property=\"article:publisher\" content=\"https:\/\/www.facebook.com\/leregardlibre\/\" \/>\n<meta property=\"article:modified_time\" content=\"2025-03-02T10:20:24+00:00\" \/>\n<meta property=\"og:image\" content=\"https:\/\/leregardlibre.com\/wp-content\/uploads\/2024\/01\/une-le-regard-libre-n103-e1706259569436-724x1024.jpg\" \/>\n\t<meta property=\"og:image:width\" content=\"724\" \/>\n\t<meta property=\"og:image:height\" content=\"1024\" \/>\n\t<meta property=\"og:image:type\" content=\"image\/jpeg\" \/>\n<meta name=\"twitter:card\" content=\"summary_large_image\" \/>\n<meta name=\"twitter:site\" content=\"@LeRegardLibre\" \/>\n<meta name=\"twitter:label1\" content=\"Gesch\u00e4tzte Lesezeit\" \/>\n\t<meta name=\"twitter:data1\" content=\"2\u00a0Minuten\" \/>\n<script type=\"application\/ld+json\" class=\"yoast-schema-graph\">{\"@context\":\"https:\/\/schema.org\",\"@graph\":[{\"@type\":\"WebPage\",\"@id\":\"https:\/\/leregardlibre.com\/produit\/le-regard-libre-n102-dossier-monde-rural-copie\/\",\"url\":\"https:\/\/leregardlibre.com\/produit\/le-regard-libre-n102-dossier-monde-rural-copie\/\",\"name\":\"Le Regard Libre N\u00b0103 | Dossier TRANSPORTS\",\"isPartOf\":{\"@id\":\"https:\/\/leregardlibre.com\/#website\"},\"primaryImageOfPage\":{\"@id\":\"https:\/\/leregardlibre.com\/produit\/le-regard-libre-n102-dossier-monde-rural-copie\/#primaryimage\"},\"image\":{\"@id\":\"https:\/\/leregardlibre.com\/produit\/le-regard-libre-n102-dossier-monde-rural-copie\/#primaryimage\"},\"thumbnailUrl\":\"https:\/\/leregardlibre.com\/wp-content\/uploads\/2024\/01\/une-le-regard-libre-n103-e1706259569436.jpg\",\"datePublished\":\"2024-01-26T08:52:08+00:00\",\"dateModified\":\"2025-03-02T10:20:24+00:00\",\"breadcrumb\":{\"@id\":\"https:\/\/leregardlibre.com\/produit\/le-regard-libre-n102-dossier-monde-rural-copie\/#breadcrumb\"},\"inLanguage\":\"de\",\"potentialAction\":[{\"@type\":\"ReadAction\",\"target\":[\"https:\/\/leregardlibre.com\/produit\/le-regard-libre-n102-dossier-monde-rural-copie\/\"]}]},{\"@type\":\"ImageObject\",\"inLanguage\":\"de\",\"@id\":\"https:\/\/leregardlibre.com\/produit\/le-regard-libre-n102-dossier-monde-rural-copie\/#primaryimage\",\"url\":\"https:\/\/leregardlibre.com\/wp-content\/uploads\/2024\/01\/une-le-regard-libre-n103-e1706259569436.jpg\",\"contentUrl\":\"https:\/\/leregardlibre.com\/wp-content\/uploads\/2024\/01\/une-le-regard-libre-n103-e1706259569436.jpg\",\"width\":1280,\"height\":1810,\"caption\":\"Le Regard Libre N\u00b0103, dossier TRANSPORTS\"},{\"@type\":\"BreadcrumbList\",\"@id\":\"https:\/\/leregardlibre.com\/produit\/le-regard-libre-n102-dossier-monde-rural-copie\/#breadcrumb\",\"itemListElement\":[{\"@type\":\"ListItem\",\"position\":1,\"name\":\"Accueil\",\"item\":\"https:\/\/leregardlibre.com\/\"},{\"@type\":\"ListItem\",\"position\":2,\"name\":\"Boutique\",\"item\":\"https:\/\/leregardlibre.com\/boutique\/\"},{\"@type\":\"ListItem\",\"position\":3,\"name\":\"Le Regard Libre N\u00b0103 | Dossier TRANSPORTS\"}]},{\"@type\":\"WebSite\",\"@id\":\"https:\/\/leregardlibre.com\/#website\",\"url\":\"https:\/\/leregardlibre.com\/\",\"name\":\"Le Regard Libre\",\"description\":\"Premier mensuel suisse de d\u00e9bat\",\"publisher\":{\"@id\":\"https:\/\/leregardlibre.com\/#organization\"},\"potentialAction\":[{\"@type\":\"SearchAction\",\"target\":{\"@type\":\"EntryPoint\",\"urlTemplate\":\"https:\/\/leregardlibre.com\/?s={search_term_string}\"},\"query-input\":{\"@type\":\"PropertyValueSpecification\",\"valueRequired\":true,\"valueName\":\"search_term_string\"}}],\"inLanguage\":\"de\"},{\"@type\":\"Organization\",\"@id\":\"https:\/\/leregardlibre.com\/#organization\",\"name\":\"Le Regard Libre\",\"url\":\"https:\/\/leregardlibre.com\/\",\"logo\":{\"@type\":\"ImageObject\",\"inLanguage\":\"de\",\"@id\":\"https:\/\/leregardlibre.com\/#\/schema\/logo\/image\/\",\"url\":\"https:\/\/leregardlibre.com\/wp-content\/uploads\/2025\/08\/logo-rl-icone-neg.jpeg\",\"contentUrl\":\"https:\/\/leregardlibre.com\/wp-content\/uploads\/2025\/08\/logo-rl-icone-neg.jpeg\",\"width\":557,\"height\":556,\"caption\":\"Le Regard Libre\"},\"image\":{\"@id\":\"https:\/\/leregardlibre.com\/#\/schema\/logo\/image\/\"},\"sameAs\":[\"https:\/\/www.facebook.com\/leregardlibre\/\",\"https:\/\/x.com\/LeRegardLibre\",\"https:\/\/www.linkedin.com\/company\/le-regard-libre\",\"https:\/\/www.instagram.com\/leregardlibre\/\",\"http:\/\/t.me\/leregardlibre\",\"https:\/\/youtube.com\/channel\/UC6HzGPomj1LsUmlz-sJtITQ\"],\"description\":\"Le Regard Libre est un mensuel suisse de d\u00e9bat intellectuel et culturel. Sa r\u00e9daction est jeune, b\u00e9n\u00e9vole, lib\u00e9rale et pluraliste. Le magazine para\u00eet en ligne et sous forme papier. Sa langue est le fran\u00e7ais.\",\"email\":\"redaction@leregardlibre.com\",\"legalName\":\"Le Regard Libre\",\"foundingDate\":\"2014-01-01\",\"numberOfEmployees\":{\"@type\":\"QuantitativeValue\",\"minValue\":\"11\",\"maxValue\":\"50\"},\"publishingPrinciples\":\"https:\/\/leregardlibre.com\/a-propos\/notre-manifeste\/\",\"ownershipFundingInfo\":\"https:\/\/leregardlibre.com\/mentions-legales\/\",\"actionableFeedbackPolicy\":\"https:\/\/leregardlibre.com\/conditions-generales-de-vente\/\"}]}<\/script>\n<!-- \/ Yoast SEO Premium plugin. -->","yoast_head_json":{"title":"Le Regard Libre N\u00b0103 | Dossier TRANSPORT","robots":{"index":"index","follow":"follow","max-snippet":"max-snippet:-1","max-image-preview":"max-image-preview:large","max-video-preview":"max-video-preview:-1"},"canonical":"https:\/\/leregardlibre.com\/de\/produkt\/le-regard-libre-n102-dossier-landliche-welt-kopieren\/","og_locale":"de_DE","og_type":"article","og_title":"Le Regard Libre N\u00b0103 | Dossier TRANSPORTS","og_description":"Le Regard Libre N\u00b0103 | Dossier TRANSPORTS Exemplaire papier Edition de janvier 2024 \u2013 10 ans ce mois-ci! Format magazine...","og_url":"https:\/\/leregardlibre.com\/de\/produkt\/le-regard-libre-n102-dossier-landliche-welt-kopieren\/","og_site_name":"Le Regard Libre","article_publisher":"https:\/\/www.facebook.com\/leregardlibre\/","article_modified_time":"2025-03-02T10:20:24+00:00","og_image":[{"width":724,"height":1024,"url":"https:\/\/leregardlibre.com\/wp-content\/uploads\/2024\/01\/une-le-regard-libre-n103-e1706259569436-724x1024.jpg","type":"image\/jpeg"}],"twitter_card":"summary_large_image","twitter_site":"@LeRegardLibre","twitter_misc":{"Gesch\u00e4tzte Lesezeit":"2\u00a0Minuten"},"schema":{"@context":"https:\/\/schema.org","@graph":[{"@type":"WebPage","@id":"https:\/\/leregardlibre.com\/produit\/le-regard-libre-n102-dossier-monde-rural-copie\/","url":"https:\/\/leregardlibre.com\/produit\/le-regard-libre-n102-dossier-monde-rural-copie\/","name":"Le Regard Libre N\u00b0103 | Dossier TRANSPORT","isPartOf":{"@id":"https:\/\/leregardlibre.com\/#website"},"primaryImageOfPage":{"@id":"https:\/\/leregardlibre.com\/produit\/le-regard-libre-n102-dossier-monde-rural-copie\/#primaryimage"},"image":{"@id":"https:\/\/leregardlibre.com\/produit\/le-regard-libre-n102-dossier-monde-rural-copie\/#primaryimage"},"thumbnailUrl":"https:\/\/leregardlibre.com\/wp-content\/uploads\/2024\/01\/une-le-regard-libre-n103-e1706259569436.jpg","datePublished":"2024-01-26T08:52:08+00:00","dateModified":"2025-03-02T10:20:24+00:00","breadcrumb":{"@id":"https:\/\/leregardlibre.com\/produit\/le-regard-libre-n102-dossier-monde-rural-copie\/#breadcrumb"},"inLanguage":"de","potentialAction":[{"@type":"ReadAction","target":["https:\/\/leregardlibre.com\/produit\/le-regard-libre-n102-dossier-monde-rural-copie\/"]}]},{"@type":"ImageObject","inLanguage":"de","@id":"https:\/\/leregardlibre.com\/produit\/le-regard-libre-n102-dossier-monde-rural-copie\/#primaryimage","url":"https:\/\/leregardlibre.com\/wp-content\/uploads\/2024\/01\/une-le-regard-libre-n103-e1706259569436.jpg","contentUrl":"https:\/\/leregardlibre.com\/wp-content\/uploads\/2024\/01\/une-le-regard-libre-n103-e1706259569436.jpg","width":1280,"height":1810,"caption":"Le Regard Libre N\u00b0103, dossier TRANSPORTS"},{"@type":"BreadcrumbList","@id":"https:\/\/leregardlibre.com\/produit\/le-regard-libre-n102-dossier-monde-rural-copie\/#breadcrumb","itemListElement":[{"@type":"ListItem","position":1,"name":"Accueil","item":"https:\/\/leregardlibre.com\/"},{"@type":"ListItem","position":2,"name":"Boutique","item":"https:\/\/leregardlibre.com\/boutique\/"},{"@type":"ListItem","position":3,"name":"Le Regard Libre N\u00b0103 | Dossier TRANSPORTS"}]},{"@type":"WebSite","@id":"https:\/\/leregardlibre.com\/#website","url":"https:\/\/leregardlibre.com\/","name":"Le Regard Libre","description":"Erste Schweizer Monatszeitschrift f\u00fcr Debatten","publisher":{"@id":"https:\/\/leregardlibre.com\/#organization"},"potentialAction":[{"@type":"SearchAction","target":{"@type":"EntryPoint","urlTemplate":"https:\/\/leregardlibre.com\/?s={search_term_string}"},"query-input":{"@type":"PropertyValueSpecification","valueRequired":true,"valueName":"search_term_string"}}],"inLanguage":"de"},{"@type":"Organization","@id":"https:\/\/leregardlibre.com\/#organization","name":"Le Regard Libre","url":"https:\/\/leregardlibre.com\/","logo":{"@type":"ImageObject","inLanguage":"de","@id":"https:\/\/leregardlibre.com\/#\/schema\/logo\/image\/","url":"https:\/\/leregardlibre.com\/wp-content\/uploads\/2025\/08\/logo-rl-icone-neg.jpeg","contentUrl":"https:\/\/leregardlibre.com\/wp-content\/uploads\/2025\/08\/logo-rl-icone-neg.jpeg","width":557,"height":556,"caption":"Le Regard Libre"},"image":{"@id":"https:\/\/leregardlibre.com\/#\/schema\/logo\/image\/"},"sameAs":["https:\/\/www.facebook.com\/leregardlibre\/","https:\/\/x.com\/LeRegardLibre","https:\/\/www.linkedin.com\/company\/le-regard-libre","https:\/\/www.instagram.com\/leregardlibre\/","http:\/\/t.me\/leregardlibre","https:\/\/youtube.com\/channel\/UC6HzGPomj1LsUmlz-sJtITQ"],"description":"Le Regard Libre ist eine Schweizer Monatszeitschrift f\u00fcr intellektuelle und kulturelle Debatten. Seine Redaktion ist jung, ehrenamtlich, liberal und pluralistisch. Das Magazin erscheint online und in gedruckter Form. Seine Sprache ist Franz\u00f6sisch.","email":"redaction@leregardlibre.com","legalName":"Le Regard Libre","foundingDate":"2014-01-01","numberOfEmployees":{"@type":"QuantitativeValue","minValue":"11","maxValue":"50"},"publishingPrinciples":"https:\/\/leregardlibre.com\/a-propos\/notre-manifeste\/","ownershipFundingInfo":"https:\/\/leregardlibre.com\/mentions-legales\/","actionableFeedbackPolicy":"https:\/\/leregardlibre.com\/conditions-generales-de-vente\/"}]}},"_links":{"self":[{"href":"https:\/\/leregardlibre.com\/de\/wp-json\/wp\/v2\/product\/522021","targetHints":{"allow":["GET"]}}],"collection":[{"href":"https:\/\/leregardlibre.com\/de\/wp-json\/wp\/v2\/product"}],"about":[{"href":"https:\/\/leregardlibre.com\/de\/wp-json\/wp\/v2\/types\/product"}],"replies":[{"embeddable":true,"href":"https:\/\/leregardlibre.com\/de\/wp-json\/wp\/v2\/comments?post=522021"}],"wp:featuredmedia":[{"embeddable":true,"href":"https:\/\/leregardlibre.com\/de\/wp-json\/wp\/v2\/media\/522024"}],"wp:attachment":[{"href":"https:\/\/leregardlibre.com\/de\/wp-json\/wp\/v2\/media?parent=522021"}],"wp:term":[{"taxonomy":"product_brand","embeddable":true,"href":"https:\/\/leregardlibre.com\/de\/wp-json\/wp\/v2\/product_brand?post=522021"},{"taxonomy":"product_cat","embeddable":true,"href":"https:\/\/leregardlibre.com\/de\/wp-json\/wp\/v2\/product_cat?post=522021"},{"taxonomy":"product_tag","embeddable":true,"href":"https:\/\/leregardlibre.com\/de\/wp-json\/wp\/v2\/product_tag?post=522021"}],"curies":[{"name":"wp","href":"https:\/\/api.w.org\/{rel}","templated":true}]}}