{"id":524095,"date":"2024-07-06T21:12:52","date_gmt":"2024-07-06T19:12:52","guid":{"rendered":"https:\/\/leregardlibre.com\/?post_type=product&#038;p=524095"},"modified":"2025-08-21T17:56:11","modified_gmt":"2025-08-21T15:56:11","slug":"le-regard-libre-n108-dossier-argent","status":"publish","type":"product","link":"https:\/\/leregardlibre.com\/de\/produkt\/le-regard-libre-n108-dossier-argent\/","title":{"rendered":"Le Regard Libre N\u00b0108 | Dossier SILBER"},"content":{"rendered":"<p><em>Le Regard Libre<\/em> Nr. 108 | Dossier SILBER<br \/>\nPapierexemplar<br \/>\nAusgabe vom Juli 2024<br \/>\nSchickes Papiermagazinformat<\/p>\n<hr \/>\n<p class=\"p1\"><strong><span class=\"s1\">Meinungen und Reflexionen<br \/>\n<\/span><\/strong><span class=\"s1\">05<\/span> Editorial: Schlechte Formulierung von Fragen beeintr\u00e4chtigt die Qualit\u00e4t der Debatten<br \/>\n<span class=\"s1\">07<\/span> Ralph M\u00fcllers Patrone: \u00abWarum ich die Universit\u00e4t verlassen habe\u00bb.\u00bb<br \/>\n<span class=\"s1\">08<\/span> Die irref\u00fchrende Lesart der gesetzgeberischen Ergebnisse in Katalonien<br \/>\n<span class=\"s1\">10<\/span> In \u00c4gypten die Vorstellung von einer Welt, die \u00abin Bewegung\u00bb ist\u00bb<br \/>\n<span class=\"s1\">18<\/span> Versch\u00e4rfung der Grenzkontrollen: zeitlich begrenzt und unzureichend<br \/>\n<span class=\"s1\">19<\/span> Die individuelle technologische Einschlie\u00dfung ist eine Herausforderung des Jahrhunderts<br \/>\n<span class=\"s1\">22<\/span> Der weisse Sklavenhalter: Dekonstruktion eines Woke-Stereotyps<\/p>\n<p class=\"p3\"><strong><span class=\"s1\">Dossier: Geld<br \/>\n<\/span><\/strong><\/p>\n<p class=\"p1\"><span class=\"s1\">28<\/span> Jean-Marc Daniel: \u00abFrankreich leidet unter einer Art haushaltspolitischer Straflosigkeit\u00bb.\u00bb<br \/>\n<span class=\"s1\">31<\/span> Die Debatte der Redaktion: Sollten Geh\u00e4lter in Unternehmen offengelegt werden?<br \/>\n<span class=\"s1\">32<\/span> Der kleine Mann - die Minderheit, die sich dem herrschenden Egalitarismus widersetzt<br \/>\n<span class=\"s1\">34<\/span> Die zwiesp\u00e4ltige Beziehung des Hochadels zum Geld<br \/>\n<span class=\"s1\">36<\/span> Bitcoin passt zur Schweiz, sagt Ronnie Grob<\/p>\n<p class=\"p1\"><strong><span class=\"s1\">Kulturnachrichten<br \/>\n<\/span><\/strong><span class=\"s1\">40<\/span> Neige Sinno in Lausanne mit Ehren empfangen<br \/>\n<span class=\"s1\">42<\/span> <i>Damned<\/i>, Der gute Geschmack des schlechten Genres<br \/>\n<span class=\"s1\">44<\/span> Quentin Mouron f\u00fchrt uns in die fl\u00fcssigen Unterwelten des Angenehmen ein<br \/>\n<span class=\"s1\">47<\/span> <i>Gegenfeuer<\/i>, die emotionslose Verbrennung einer Kathedrale<br \/>\n<span class=\"s1\">48<\/span> Wenn ich ein Mann w\u00e4re, w\u00e4re ich Marcello Mastroianni<br \/>\n<span class=\"s1\">50<\/span> <i>Der Graf von Monte Christo<\/i>: Frankreich erh\u00e4lt sein Erbe zur\u00fcck<br \/>\n<span class=\"s1\">52<\/span> <i>Furiosa: Eine Mad Max-Saga<\/i>, die \u00dcberfahrt<\/p>\n<p class=\"p1\"><strong><span class=\"s1\">Termine am Ende des Magazins<br \/>\n<\/span><\/strong><span class=\"s1\">54<\/span> Die Fotoreportage von Bernard L\u00e9chot: <i>Ja, sie neigt sich. Und?<br \/>\n<\/i><span class=\"s1\">60<\/span> <i>Die G\u00fctsch-Nacht<\/i>, Ein unver\u00f6ffentlichter Roman von Andr\u00e9 Durussel (6\/10)<br \/>\n<span class=\"s1\">63<\/span> Die Ausarbeitungstageb\u00fccher von Theodor Wildt (10\/10)<br \/>\n<span class=\"s1\">64<\/span> <span class=\"s2\">In K\u00fcrze: Ein dummes Gesetz, der Feministenstreik, ein Geisteronkel und Tamedia-Propaganda<br \/>\n<\/span><span class=\"s1\">66<\/span> Abonnement-Talon und Sponsoring-Formular<br \/>\n<span class=\"s1\">68<\/span> Zitate<\/p>\n<p class=\"p1\"><a href=\"https:\/\/leregardlibre.com\/de\/cpt-editions\/le-regard-libre-n107-dossier-verite\/\"><em>Zur vorherigen Ausgabe<\/em><\/a><\/p>","protected":false},"excerpt":{"rendered":"<p>Le Regard Libre N\u00b0108 | Dossier ARGENT Exemplaire papier Edition de juillet 2024 Format magazine papier chic Opinions et r\u00e9flexions&#8230;<\/p>","protected":false},"featured_media":524099,"comment_status":"open","ping_status":"closed","template":"","meta":{"_acf_changed":false},"product_brand":[],"product_cat":[644340392],"product_tag":[],"class_list":{"0":"post-524095","1":"product","2":"type-product","3":"status-publish","4":"has-post-thumbnail","6":"product_cat-numeros","8":"first","9":"instock","10":"shipping-taxable","11":"purchasable","12":"product-type-variable"},"acf":[],"yoast_head":"<!-- This site is optimized with the Yoast SEO Premium plugin v26.9 (Yoast SEO v26.9) - https:\/\/yoast.com\/product\/yoast-seo-premium-wordpress\/ -->\n<title>Le Regard Libre N\u00b0108 | Dossier ARGENT<\/title>\n<meta name=\"robots\" content=\"index, follow, max-snippet:-1, max-image-preview:large, max-video-preview:-1\" \/>\n<link rel=\"canonical\" href=\"https:\/\/leregardlibre.com\/de\/produkt\/le-regard-libre-n108-dossier-argent\/\" \/>\n<meta property=\"og:locale\" content=\"de_DE\" \/>\n<meta property=\"og:type\" content=\"article\" \/>\n<meta property=\"og:title\" content=\"Le Regard Libre N\u00b0108 | Dossier ARGENT\" \/>\n<meta property=\"og:description\" content=\"Le Regard Libre N\u00b0108 | Dossier ARGENT Exemplaire papier Edition de juillet 2024 Format magazine papier chic Opinions et r\u00e9flexions...\" \/>\n<meta property=\"og:url\" content=\"https:\/\/leregardlibre.com\/de\/produkt\/le-regard-libre-n108-dossier-argent\/\" \/>\n<meta property=\"og:site_name\" content=\"Le Regard Libre\" \/>\n<meta property=\"article:publisher\" content=\"https:\/\/www.facebook.com\/leregardlibre\/\" \/>\n<meta property=\"article:modified_time\" content=\"2025-08-21T15:56:11+00:00\" \/>\n<meta property=\"og:image\" content=\"https:\/\/leregardlibre.com\/wp-content\/uploads\/2024\/07\/une-le-regard-libre-n108.jpg\" \/>\n\t<meta property=\"og:image:width\" content=\"2480\" \/>\n\t<meta property=\"og:image:height\" content=\"3508\" \/>\n\t<meta property=\"og:image:type\" content=\"image\/jpeg\" \/>\n<meta name=\"twitter:card\" content=\"summary_large_image\" \/>\n<meta name=\"twitter:site\" content=\"@LeRegardLibre\" \/>\n<meta name=\"twitter:label1\" content=\"Gesch\u00e4tzte Lesezeit\" \/>\n\t<meta name=\"twitter:data1\" content=\"2\u00a0Minuten\" \/>\n<script type=\"application\/ld+json\" class=\"yoast-schema-graph\">{\"@context\":\"https:\/\/schema.org\",\"@graph\":[{\"@type\":\"WebPage\",\"@id\":\"https:\/\/leregardlibre.com\/produit\/le-regard-libre-n108-dossier-argent\/\",\"url\":\"https:\/\/leregardlibre.com\/produit\/le-regard-libre-n108-dossier-argent\/\",\"name\":\"Le Regard Libre N\u00b0108 | Dossier ARGENT\",\"isPartOf\":{\"@id\":\"https:\/\/leregardlibre.com\/#website\"},\"primaryImageOfPage\":{\"@id\":\"https:\/\/leregardlibre.com\/produit\/le-regard-libre-n108-dossier-argent\/#primaryimage\"},\"image\":{\"@id\":\"https:\/\/leregardlibre.com\/produit\/le-regard-libre-n108-dossier-argent\/#primaryimage\"},\"thumbnailUrl\":\"https:\/\/leregardlibre.com\/wp-content\/uploads\/2024\/07\/une-le-regard-libre-n108.jpg\",\"datePublished\":\"2024-07-06T19:12:52+00:00\",\"dateModified\":\"2025-08-21T15:56:11+00:00\",\"breadcrumb\":{\"@id\":\"https:\/\/leregardlibre.com\/produit\/le-regard-libre-n108-dossier-argent\/#breadcrumb\"},\"inLanguage\":\"de\",\"potentialAction\":[{\"@type\":\"ReadAction\",\"target\":[\"https:\/\/leregardlibre.com\/produit\/le-regard-libre-n108-dossier-argent\/\"]}]},{\"@type\":\"ImageObject\",\"inLanguage\":\"de\",\"@id\":\"https:\/\/leregardlibre.com\/produit\/le-regard-libre-n108-dossier-argent\/#primaryimage\",\"url\":\"https:\/\/leregardlibre.com\/wp-content\/uploads\/2024\/07\/une-le-regard-libre-n108.jpg\",\"contentUrl\":\"https:\/\/leregardlibre.com\/wp-content\/uploads\/2024\/07\/une-le-regard-libre-n108.jpg\",\"width\":2480,\"height\":3508,\"caption\":\"Une Le Regard Libre N\u00b0108\"},{\"@type\":\"BreadcrumbList\",\"@id\":\"https:\/\/leregardlibre.com\/produit\/le-regard-libre-n108-dossier-argent\/#breadcrumb\",\"itemListElement\":[{\"@type\":\"ListItem\",\"position\":1,\"name\":\"Accueil\",\"item\":\"https:\/\/leregardlibre.com\/\"},{\"@type\":\"ListItem\",\"position\":2,\"name\":\"Boutique\",\"item\":\"https:\/\/leregardlibre.com\/boutique\/\"},{\"@type\":\"ListItem\",\"position\":3,\"name\":\"Le Regard Libre N\u00b0108 | Dossier ARGENT\"}]},{\"@type\":\"WebSite\",\"@id\":\"https:\/\/leregardlibre.com\/#website\",\"url\":\"https:\/\/leregardlibre.com\/\",\"name\":\"Le Regard Libre\",\"description\":\"Premier mensuel suisse de d\u00e9bat\",\"publisher\":{\"@id\":\"https:\/\/leregardlibre.com\/#organization\"},\"potentialAction\":[{\"@type\":\"SearchAction\",\"target\":{\"@type\":\"EntryPoint\",\"urlTemplate\":\"https:\/\/leregardlibre.com\/?s={search_term_string}\"},\"query-input\":{\"@type\":\"PropertyValueSpecification\",\"valueRequired\":true,\"valueName\":\"search_term_string\"}}],\"inLanguage\":\"de\"},{\"@type\":\"Organization\",\"@id\":\"https:\/\/leregardlibre.com\/#organization\",\"name\":\"Le Regard Libre\",\"url\":\"https:\/\/leregardlibre.com\/\",\"logo\":{\"@type\":\"ImageObject\",\"inLanguage\":\"de\",\"@id\":\"https:\/\/leregardlibre.com\/#\/schema\/logo\/image\/\",\"url\":\"https:\/\/leregardlibre.com\/wp-content\/uploads\/2025\/08\/logo-rl-icone-neg.jpeg\",\"contentUrl\":\"https:\/\/leregardlibre.com\/wp-content\/uploads\/2025\/08\/logo-rl-icone-neg.jpeg\",\"width\":557,\"height\":556,\"caption\":\"Le Regard Libre\"},\"image\":{\"@id\":\"https:\/\/leregardlibre.com\/#\/schema\/logo\/image\/\"},\"sameAs\":[\"https:\/\/www.facebook.com\/leregardlibre\/\",\"https:\/\/x.com\/LeRegardLibre\",\"https:\/\/www.linkedin.com\/company\/le-regard-libre\",\"https:\/\/www.instagram.com\/leregardlibre\/\",\"http:\/\/t.me\/leregardlibre\",\"https:\/\/youtube.com\/channel\/UC6HzGPomj1LsUmlz-sJtITQ\"],\"description\":\"Le Regard Libre est un mensuel suisse de d\u00e9bat intellectuel et culturel. Sa r\u00e9daction est jeune, b\u00e9n\u00e9vole, lib\u00e9rale et pluraliste. Le magazine para\u00eet en ligne et sous forme papier. Sa langue est le fran\u00e7ais.\",\"email\":\"redaction@leregardlibre.com\",\"legalName\":\"Le Regard Libre\",\"foundingDate\":\"2014-01-01\",\"numberOfEmployees\":{\"@type\":\"QuantitativeValue\",\"minValue\":\"11\",\"maxValue\":\"50\"},\"publishingPrinciples\":\"https:\/\/leregardlibre.com\/a-propos\/notre-manifeste\/\",\"ownershipFundingInfo\":\"https:\/\/leregardlibre.com\/mentions-legales\/\",\"actionableFeedbackPolicy\":\"https:\/\/leregardlibre.com\/conditions-generales-de-vente\/\"}]}<\/script>\n<!-- \/ Yoast SEO Premium plugin. -->","yoast_head_json":{"title":"Le Regard Libre N\u00b0108 | Dossier SILBER","robots":{"index":"index","follow":"follow","max-snippet":"max-snippet:-1","max-image-preview":"max-image-preview:large","max-video-preview":"max-video-preview:-1"},"canonical":"https:\/\/leregardlibre.com\/de\/produkt\/le-regard-libre-n108-dossier-argent\/","og_locale":"de_DE","og_type":"article","og_title":"Le Regard Libre N\u00b0108 | Dossier ARGENT","og_description":"Le Regard Libre N\u00b0108 | Dossier ARGENT Exemplaire papier Edition de juillet 2024 Format magazine papier chic Opinions et r\u00e9flexions...","og_url":"https:\/\/leregardlibre.com\/de\/produkt\/le-regard-libre-n108-dossier-argent\/","og_site_name":"Le Regard Libre","article_publisher":"https:\/\/www.facebook.com\/leregardlibre\/","article_modified_time":"2025-08-21T15:56:11+00:00","og_image":[{"width":2480,"height":3508,"url":"https:\/\/leregardlibre.com\/wp-content\/uploads\/2024\/07\/une-le-regard-libre-n108.jpg","type":"image\/jpeg"}],"twitter_card":"summary_large_image","twitter_site":"@LeRegardLibre","twitter_misc":{"Gesch\u00e4tzte Lesezeit":"2\u00a0Minuten"},"schema":{"@context":"https:\/\/schema.org","@graph":[{"@type":"WebPage","@id":"https:\/\/leregardlibre.com\/produit\/le-regard-libre-n108-dossier-argent\/","url":"https:\/\/leregardlibre.com\/produit\/le-regard-libre-n108-dossier-argent\/","name":"Le Regard Libre N\u00b0108 | Dossier SILBER","isPartOf":{"@id":"https:\/\/leregardlibre.com\/#website"},"primaryImageOfPage":{"@id":"https:\/\/leregardlibre.com\/produit\/le-regard-libre-n108-dossier-argent\/#primaryimage"},"image":{"@id":"https:\/\/leregardlibre.com\/produit\/le-regard-libre-n108-dossier-argent\/#primaryimage"},"thumbnailUrl":"https:\/\/leregardlibre.com\/wp-content\/uploads\/2024\/07\/une-le-regard-libre-n108.jpg","datePublished":"2024-07-06T19:12:52+00:00","dateModified":"2025-08-21T15:56:11+00:00","breadcrumb":{"@id":"https:\/\/leregardlibre.com\/produit\/le-regard-libre-n108-dossier-argent\/#breadcrumb"},"inLanguage":"de","potentialAction":[{"@type":"ReadAction","target":["https:\/\/leregardlibre.com\/produit\/le-regard-libre-n108-dossier-argent\/"]}]},{"@type":"ImageObject","inLanguage":"de","@id":"https:\/\/leregardlibre.com\/produit\/le-regard-libre-n108-dossier-argent\/#primaryimage","url":"https:\/\/leregardlibre.com\/wp-content\/uploads\/2024\/07\/une-le-regard-libre-n108.jpg","contentUrl":"https:\/\/leregardlibre.com\/wp-content\/uploads\/2024\/07\/une-le-regard-libre-n108.jpg","width":2480,"height":3508,"caption":"Une Le Regard Libre N\u00b0108"},{"@type":"BreadcrumbList","@id":"https:\/\/leregardlibre.com\/produit\/le-regard-libre-n108-dossier-argent\/#breadcrumb","itemListElement":[{"@type":"ListItem","position":1,"name":"Accueil","item":"https:\/\/leregardlibre.com\/"},{"@type":"ListItem","position":2,"name":"Boutique","item":"https:\/\/leregardlibre.com\/boutique\/"},{"@type":"ListItem","position":3,"name":"Le Regard Libre N\u00b0108 | Dossier ARGENT"}]},{"@type":"WebSite","@id":"https:\/\/leregardlibre.com\/#website","url":"https:\/\/leregardlibre.com\/","name":"Le Regard Libre","description":"Erste Schweizer Monatszeitschrift f\u00fcr Debatten","publisher":{"@id":"https:\/\/leregardlibre.com\/#organization"},"potentialAction":[{"@type":"SearchAction","target":{"@type":"EntryPoint","urlTemplate":"https:\/\/leregardlibre.com\/?s={search_term_string}"},"query-input":{"@type":"PropertyValueSpecification","valueRequired":true,"valueName":"search_term_string"}}],"inLanguage":"de"},{"@type":"Organization","@id":"https:\/\/leregardlibre.com\/#organization","name":"Le Regard Libre","url":"https:\/\/leregardlibre.com\/","logo":{"@type":"ImageObject","inLanguage":"de","@id":"https:\/\/leregardlibre.com\/#\/schema\/logo\/image\/","url":"https:\/\/leregardlibre.com\/wp-content\/uploads\/2025\/08\/logo-rl-icone-neg.jpeg","contentUrl":"https:\/\/leregardlibre.com\/wp-content\/uploads\/2025\/08\/logo-rl-icone-neg.jpeg","width":557,"height":556,"caption":"Le Regard Libre"},"image":{"@id":"https:\/\/leregardlibre.com\/#\/schema\/logo\/image\/"},"sameAs":["https:\/\/www.facebook.com\/leregardlibre\/","https:\/\/x.com\/LeRegardLibre","https:\/\/www.linkedin.com\/company\/le-regard-libre","https:\/\/www.instagram.com\/leregardlibre\/","http:\/\/t.me\/leregardlibre","https:\/\/youtube.com\/channel\/UC6HzGPomj1LsUmlz-sJtITQ"],"description":"Le Regard Libre ist eine Schweizer Monatszeitschrift f\u00fcr intellektuelle und kulturelle Debatten. Seine Redaktion ist jung, ehrenamtlich, liberal und pluralistisch. Das Magazin erscheint online und in gedruckter Form. Seine Sprache ist Franz\u00f6sisch.","email":"redaction@leregardlibre.com","legalName":"Le Regard Libre","foundingDate":"2014-01-01","numberOfEmployees":{"@type":"QuantitativeValue","minValue":"11","maxValue":"50"},"publishingPrinciples":"https:\/\/leregardlibre.com\/a-propos\/notre-manifeste\/","ownershipFundingInfo":"https:\/\/leregardlibre.com\/mentions-legales\/","actionableFeedbackPolicy":"https:\/\/leregardlibre.com\/conditions-generales-de-vente\/"}]}},"_links":{"self":[{"href":"https:\/\/leregardlibre.com\/de\/wp-json\/wp\/v2\/product\/524095","targetHints":{"allow":["GET"]}}],"collection":[{"href":"https:\/\/leregardlibre.com\/de\/wp-json\/wp\/v2\/product"}],"about":[{"href":"https:\/\/leregardlibre.com\/de\/wp-json\/wp\/v2\/types\/product"}],"replies":[{"embeddable":true,"href":"https:\/\/leregardlibre.com\/de\/wp-json\/wp\/v2\/comments?post=524095"}],"wp:featuredmedia":[{"embeddable":true,"href":"https:\/\/leregardlibre.com\/de\/wp-json\/wp\/v2\/media\/524099"}],"wp:attachment":[{"href":"https:\/\/leregardlibre.com\/de\/wp-json\/wp\/v2\/media?parent=524095"}],"wp:term":[{"taxonomy":"product_brand","embeddable":true,"href":"https:\/\/leregardlibre.com\/de\/wp-json\/wp\/v2\/product_brand?post=524095"},{"taxonomy":"product_cat","embeddable":true,"href":"https:\/\/leregardlibre.com\/de\/wp-json\/wp\/v2\/product_cat?post=524095"},{"taxonomy":"product_tag","embeddable":true,"href":"https:\/\/leregardlibre.com\/de\/wp-json\/wp\/v2\/product_tag?post=524095"}],"curies":[{"name":"wp","href":"https:\/\/api.w.org\/{rel}","templated":true}]}}