{"id":524691,"date":"2024-09-01T17:48:09","date_gmt":"2024-09-01T15:48:09","guid":{"rendered":"https:\/\/leregardlibre.com\/?post_type=product&#038;p=524691"},"modified":"2025-10-29T15:04:03","modified_gmt":"2025-10-29T14:04:03","slug":"le-regard-libre-n109-dossier-milice","status":"publish","type":"product","link":"https:\/\/leregardlibre.com\/de\/produkt\/le-regard-libre-n109-dossier-milice\/","title":{"rendered":"Le Regard Libre Nr. 109 | Dossier MILICE"},"content":{"rendered":"<p><em>Le Regard Libre<\/em> Nr. 109 | Dossier MILICE<br \/>\nPapierexemplar<br \/>\nAusgabe vom September 2024<br \/>\nSchickes Papiermagazinformat<\/p>\n<hr \/>\n<p class=\"p1\"><strong><span class=\"s1\">Meinungen und Reflexionen<br \/>\n<\/span><\/strong>05 Editorial: Vereine sind f\u00fcr die Demokratie unverzichtbar<br \/>\nLe Regard Libre, \u00abneoliberal\u00bb? Antwort an Julia Steinberger<br \/>\n09 Ralph M\u00fcllers Patrone: Schluss mit der Ausrede der Spezialisierung<br \/>\n11 Lesung von Pascal Couchepin: Die Erfindung Chinas<br \/>\n12 \u00ab\u00dcber Skeptizismus\u00bb: Olivier Delacr\u00e9taz reagiert auf unsere letzte Ausgabe<br \/>\n13 Pariser Spiele: Wenn das biologische Geschlecht Widerstand leistet<br \/>\nDie russische Armee als gro\u00dfer Profiteur des Wagner-Aufstandes<br \/>\nAustralien ist von China abh\u00e4ngig und versucht immer noch, sich gegen China zu behaupten<\/p>\n<p class=\"p3\"><strong><span class=\"s1\">Dossier: Der Geist der Miliz<br \/>\n<\/span><\/strong><span class=\"s1\">22<\/span> Milizgeist, F\u00f6deralismus und direkte Demokratie sind eine Einheit<br \/>\n<span class=\"s1\">25<\/span> Die Schweizer Armee: Die Urspr\u00fcnge eines einzigartigen Milizsystems<br \/>\n<span class=\"s1\">28<\/span> Die St\u00e4rken der Miliz und die Schw\u00e4chen der Professionalisierung<br \/>\n<span class=\"s1\">32<\/span> <span class=\"s2\">Marco Taddei: \u00abDer Einsatz von Milizen ist kein Kostenfaktor, sondern eine Investition\u00bb.\u00bb<br \/>\n<\/span><span class=\"s1\">36<\/span> Die entscheidende Rolle der Milizion\u00e4re f\u00fcr die Sicherheit am Arbeitsplatz<br \/>\n<span class=\"s1\">37<\/span> Der Mensch ist sein eigener Herr<\/p>\n<p class=\"p1\"><strong><span class=\"s1\">Kulturnachrichten<br \/>\n<\/span><\/strong><span class=\"s1\">44<\/span> Mit Quentin Mouron l\u00e4sst sich der Tod nicht beeinflussen<br \/>\n<span class=\"s1\">46<\/span> Amerika nach Joseph Incardona<br \/>\n<span class=\"s1\">47<\/span> Die unm\u00f6gliche Trauer<br \/>\n<span class=\"s1\">48<\/span> <i>Das Imperium<\/i>: Das Abdriften der Kathedralen<\/p>\n<p class=\"p1\"><strong><span class=\"s1\">Termine am Ende des Magazins<br \/>\n<\/span><\/strong><span class=\"s1\">50<\/span> Die Fotoreportage von Bernard L\u00e9chot: <i>Blau Wei\u00df Rosa<br \/>\n<\/i><span class=\"s1\">56<\/span> <i>Die G\u00fctsch-Nacht<\/i>, Ein unver\u00f6ffentlichter Roman von Andr\u00e9 Durussel (7\/10)<br \/>\n<span class=\"s1\">63<\/span> Die Ausarbeitungstageb\u00fccher von Theodor Wildt (10\/10)<br \/>\n<span class=\"s1\">64<\/span> In K\u00fcrze: Das NIFFF, die Hintergr\u00fcnde eines Zirkels, \u00dcbersetzungen und ein <i>Reagenzienf\u00fchrer<br \/>\n<\/i><span class=\"s1\">66<\/span> Abonnement-Talon und Sponsoring-Formular<br \/>\n<span class=\"s1\">68<\/span> Zitate<\/p>\n<p class=\"p1\"><a href=\"https:\/\/leregardlibre.com\/de\/cpt-editions\/le-regard-libre-n108-dossier-argent\/\"><em>Zur vorherigen Ausgabe<\/em><\/a><\/p>","protected":false},"excerpt":{"rendered":"<p>Le Regard Libre N\u00b0109 | Dossier MILICE Exemplaire papier Edition de septembre 2024 Format magazine papier chic Opinions et r\u00e9flexions&#8230;<\/p>","protected":false},"featured_media":524694,"comment_status":"open","ping_status":"closed","template":"","meta":{"_acf_changed":false},"product_brand":[],"product_cat":[644340392],"product_tag":[],"class_list":{"0":"post-524691","1":"product","2":"type-product","3":"status-publish","4":"has-post-thumbnail","6":"product_cat-numeros","8":"first","9":"instock","10":"shipping-taxable","11":"purchasable","12":"product-type-variable"},"acf":[],"yoast_head":"<!-- This site is optimized with the Yoast SEO Premium plugin v26.9 (Yoast SEO v26.9) - https:\/\/yoast.com\/product\/yoast-seo-premium-wordpress\/ -->\n<title>Le Regard Libre N\u00b0109 | Dossier MILICE<\/title>\n<meta name=\"robots\" content=\"index, follow, max-snippet:-1, max-image-preview:large, max-video-preview:-1\" \/>\n<link rel=\"canonical\" href=\"https:\/\/leregardlibre.com\/de\/produkt\/le-regard-libre-n109-dossier-milice\/\" \/>\n<meta property=\"og:locale\" content=\"de_DE\" \/>\n<meta property=\"og:type\" content=\"article\" \/>\n<meta property=\"og:title\" content=\"Le Regard Libre N\u00b0109 | Dossier MILICE\" \/>\n<meta property=\"og:description\" content=\"Le Regard Libre N\u00b0109 | Dossier MILICE Exemplaire papier Edition de septembre 2024 Format magazine papier chic Opinions et r\u00e9flexions...\" \/>\n<meta property=\"og:url\" content=\"https:\/\/leregardlibre.com\/de\/produkt\/le-regard-libre-n109-dossier-milice\/\" \/>\n<meta property=\"og:site_name\" content=\"Le Regard Libre\" \/>\n<meta property=\"article:publisher\" content=\"https:\/\/www.facebook.com\/leregardlibre\/\" \/>\n<meta property=\"article:modified_time\" content=\"2025-10-29T14:04:03+00:00\" \/>\n<meta property=\"og:image\" content=\"https:\/\/leregardlibre.com\/wp-content\/uploads\/2024\/09\/une-rl-n109-724x1024.jpg\" \/>\n\t<meta property=\"og:image:width\" content=\"724\" \/>\n\t<meta property=\"og:image:height\" content=\"1024\" \/>\n\t<meta property=\"og:image:type\" content=\"image\/jpeg\" \/>\n<meta name=\"twitter:card\" content=\"summary_large_image\" \/>\n<meta name=\"twitter:site\" content=\"@LeRegardLibre\" \/>\n<meta name=\"twitter:label1\" content=\"Gesch\u00e4tzte Lesezeit\" \/>\n\t<meta name=\"twitter:data1\" content=\"2\u00a0Minuten\" \/>\n<script type=\"application\/ld+json\" class=\"yoast-schema-graph\">{\"@context\":\"https:\/\/schema.org\",\"@graph\":[{\"@type\":\"WebPage\",\"@id\":\"https:\/\/leregardlibre.com\/produit\/le-regard-libre-n109-dossier-milice\/\",\"url\":\"https:\/\/leregardlibre.com\/produit\/le-regard-libre-n109-dossier-milice\/\",\"name\":\"Le Regard Libre N\u00b0109 | Dossier MILICE\",\"isPartOf\":{\"@id\":\"https:\/\/leregardlibre.com\/#website\"},\"primaryImageOfPage\":{\"@id\":\"https:\/\/leregardlibre.com\/produit\/le-regard-libre-n109-dossier-milice\/#primaryimage\"},\"image\":{\"@id\":\"https:\/\/leregardlibre.com\/produit\/le-regard-libre-n109-dossier-milice\/#primaryimage\"},\"thumbnailUrl\":\"https:\/\/leregardlibre.com\/wp-content\/uploads\/2024\/09\/une-rl-n109-e1725206169324.jpg\",\"datePublished\":\"2024-09-01T15:48:09+00:00\",\"dateModified\":\"2025-10-29T14:04:03+00:00\",\"breadcrumb\":{\"@id\":\"https:\/\/leregardlibre.com\/produit\/le-regard-libre-n109-dossier-milice\/#breadcrumb\"},\"inLanguage\":\"de\",\"potentialAction\":[{\"@type\":\"ReadAction\",\"target\":[\"https:\/\/leregardlibre.com\/produit\/le-regard-libre-n109-dossier-milice\/\"]}]},{\"@type\":\"ImageObject\",\"inLanguage\":\"de\",\"@id\":\"https:\/\/leregardlibre.com\/produit\/le-regard-libre-n109-dossier-milice\/#primaryimage\",\"url\":\"https:\/\/leregardlibre.com\/wp-content\/uploads\/2024\/09\/une-rl-n109-e1725206169324.jpg\",\"contentUrl\":\"https:\/\/leregardlibre.com\/wp-content\/uploads\/2024\/09\/une-rl-n109-e1725206169324.jpg\",\"width\":1920,\"height\":2716,\"caption\":\"le regard libre 109\"},{\"@type\":\"BreadcrumbList\",\"@id\":\"https:\/\/leregardlibre.com\/produit\/le-regard-libre-n109-dossier-milice\/#breadcrumb\",\"itemListElement\":[{\"@type\":\"ListItem\",\"position\":1,\"name\":\"Accueil\",\"item\":\"https:\/\/leregardlibre.com\/\"},{\"@type\":\"ListItem\",\"position\":2,\"name\":\"Boutique\",\"item\":\"https:\/\/leregardlibre.com\/boutique\/\"},{\"@type\":\"ListItem\",\"position\":3,\"name\":\"Le Regard Libre N\u00b0109 | Dossier MILICE\"}]},{\"@type\":\"WebSite\",\"@id\":\"https:\/\/leregardlibre.com\/#website\",\"url\":\"https:\/\/leregardlibre.com\/\",\"name\":\"Le Regard Libre\",\"description\":\"Premier mensuel suisse de d\u00e9bat\",\"publisher\":{\"@id\":\"https:\/\/leregardlibre.com\/#organization\"},\"potentialAction\":[{\"@type\":\"SearchAction\",\"target\":{\"@type\":\"EntryPoint\",\"urlTemplate\":\"https:\/\/leregardlibre.com\/?s={search_term_string}\"},\"query-input\":{\"@type\":\"PropertyValueSpecification\",\"valueRequired\":true,\"valueName\":\"search_term_string\"}}],\"inLanguage\":\"de\"},{\"@type\":\"Organization\",\"@id\":\"https:\/\/leregardlibre.com\/#organization\",\"name\":\"Le Regard Libre\",\"url\":\"https:\/\/leregardlibre.com\/\",\"logo\":{\"@type\":\"ImageObject\",\"inLanguage\":\"de\",\"@id\":\"https:\/\/leregardlibre.com\/#\/schema\/logo\/image\/\",\"url\":\"https:\/\/leregardlibre.com\/wp-content\/uploads\/2025\/08\/logo-rl-icone-neg.jpeg\",\"contentUrl\":\"https:\/\/leregardlibre.com\/wp-content\/uploads\/2025\/08\/logo-rl-icone-neg.jpeg\",\"width\":557,\"height\":556,\"caption\":\"Le Regard Libre\"},\"image\":{\"@id\":\"https:\/\/leregardlibre.com\/#\/schema\/logo\/image\/\"},\"sameAs\":[\"https:\/\/www.facebook.com\/leregardlibre\/\",\"https:\/\/x.com\/LeRegardLibre\",\"https:\/\/www.linkedin.com\/company\/le-regard-libre\",\"https:\/\/www.instagram.com\/leregardlibre\/\",\"http:\/\/t.me\/leregardlibre\",\"https:\/\/youtube.com\/channel\/UC6HzGPomj1LsUmlz-sJtITQ\"],\"description\":\"Le Regard Libre est un mensuel suisse de d\u00e9bat intellectuel et culturel. Sa r\u00e9daction est jeune, b\u00e9n\u00e9vole, lib\u00e9rale et pluraliste. Le magazine para\u00eet en ligne et sous forme papier. Sa langue est le fran\u00e7ais.\",\"email\":\"redaction@leregardlibre.com\",\"legalName\":\"Le Regard Libre\",\"foundingDate\":\"2014-01-01\",\"numberOfEmployees\":{\"@type\":\"QuantitativeValue\",\"minValue\":\"11\",\"maxValue\":\"50\"},\"publishingPrinciples\":\"https:\/\/leregardlibre.com\/a-propos\/notre-manifeste\/\",\"ownershipFundingInfo\":\"https:\/\/leregardlibre.com\/mentions-legales\/\",\"actionableFeedbackPolicy\":\"https:\/\/leregardlibre.com\/conditions-generales-de-vente\/\"}]}<\/script>\n<!-- \/ Yoast SEO Premium plugin. -->","yoast_head_json":{"title":"Le Regard Libre Nr. 109 | Dossier MILICE","robots":{"index":"index","follow":"follow","max-snippet":"max-snippet:-1","max-image-preview":"max-image-preview:large","max-video-preview":"max-video-preview:-1"},"canonical":"https:\/\/leregardlibre.com\/de\/produkt\/le-regard-libre-n109-dossier-milice\/","og_locale":"de_DE","og_type":"article","og_title":"Le Regard Libre N\u00b0109 | Dossier MILICE","og_description":"Le Regard Libre N\u00b0109 | Dossier MILICE Exemplaire papier Edition de septembre 2024 Format magazine papier chic Opinions et r\u00e9flexions...","og_url":"https:\/\/leregardlibre.com\/de\/produkt\/le-regard-libre-n109-dossier-milice\/","og_site_name":"Le Regard Libre","article_publisher":"https:\/\/www.facebook.com\/leregardlibre\/","article_modified_time":"2025-10-29T14:04:03+00:00","og_image":[{"width":724,"height":1024,"url":"https:\/\/leregardlibre.com\/wp-content\/uploads\/2024\/09\/une-rl-n109-724x1024.jpg","type":"image\/jpeg"}],"twitter_card":"summary_large_image","twitter_site":"@LeRegardLibre","twitter_misc":{"Gesch\u00e4tzte Lesezeit":"2\u00a0Minuten"},"schema":{"@context":"https:\/\/schema.org","@graph":[{"@type":"WebPage","@id":"https:\/\/leregardlibre.com\/produit\/le-regard-libre-n109-dossier-milice\/","url":"https:\/\/leregardlibre.com\/produit\/le-regard-libre-n109-dossier-milice\/","name":"Le Regard Libre Nr. 109 | Dossier MILICE","isPartOf":{"@id":"https:\/\/leregardlibre.com\/#website"},"primaryImageOfPage":{"@id":"https:\/\/leregardlibre.com\/produit\/le-regard-libre-n109-dossier-milice\/#primaryimage"},"image":{"@id":"https:\/\/leregardlibre.com\/produit\/le-regard-libre-n109-dossier-milice\/#primaryimage"},"thumbnailUrl":"https:\/\/leregardlibre.com\/wp-content\/uploads\/2024\/09\/une-rl-n109-e1725206169324.jpg","datePublished":"2024-09-01T15:48:09+00:00","dateModified":"2025-10-29T14:04:03+00:00","breadcrumb":{"@id":"https:\/\/leregardlibre.com\/produit\/le-regard-libre-n109-dossier-milice\/#breadcrumb"},"inLanguage":"de","potentialAction":[{"@type":"ReadAction","target":["https:\/\/leregardlibre.com\/produit\/le-regard-libre-n109-dossier-milice\/"]}]},{"@type":"ImageObject","inLanguage":"de","@id":"https:\/\/leregardlibre.com\/produit\/le-regard-libre-n109-dossier-milice\/#primaryimage","url":"https:\/\/leregardlibre.com\/wp-content\/uploads\/2024\/09\/une-rl-n109-e1725206169324.jpg","contentUrl":"https:\/\/leregardlibre.com\/wp-content\/uploads\/2024\/09\/une-rl-n109-e1725206169324.jpg","width":1920,"height":2716,"caption":"le regard libre 109"},{"@type":"BreadcrumbList","@id":"https:\/\/leregardlibre.com\/produit\/le-regard-libre-n109-dossier-milice\/#breadcrumb","itemListElement":[{"@type":"ListItem","position":1,"name":"Accueil","item":"https:\/\/leregardlibre.com\/"},{"@type":"ListItem","position":2,"name":"Boutique","item":"https:\/\/leregardlibre.com\/boutique\/"},{"@type":"ListItem","position":3,"name":"Le Regard Libre N\u00b0109 | Dossier MILICE"}]},{"@type":"WebSite","@id":"https:\/\/leregardlibre.com\/#website","url":"https:\/\/leregardlibre.com\/","name":"Le Regard Libre","description":"Erste Schweizer Monatszeitschrift f\u00fcr Debatten","publisher":{"@id":"https:\/\/leregardlibre.com\/#organization"},"potentialAction":[{"@type":"SearchAction","target":{"@type":"EntryPoint","urlTemplate":"https:\/\/leregardlibre.com\/?s={search_term_string}"},"query-input":{"@type":"PropertyValueSpecification","valueRequired":true,"valueName":"search_term_string"}}],"inLanguage":"de"},{"@type":"Organization","@id":"https:\/\/leregardlibre.com\/#organization","name":"Le Regard Libre","url":"https:\/\/leregardlibre.com\/","logo":{"@type":"ImageObject","inLanguage":"de","@id":"https:\/\/leregardlibre.com\/#\/schema\/logo\/image\/","url":"https:\/\/leregardlibre.com\/wp-content\/uploads\/2025\/08\/logo-rl-icone-neg.jpeg","contentUrl":"https:\/\/leregardlibre.com\/wp-content\/uploads\/2025\/08\/logo-rl-icone-neg.jpeg","width":557,"height":556,"caption":"Le Regard Libre"},"image":{"@id":"https:\/\/leregardlibre.com\/#\/schema\/logo\/image\/"},"sameAs":["https:\/\/www.facebook.com\/leregardlibre\/","https:\/\/x.com\/LeRegardLibre","https:\/\/www.linkedin.com\/company\/le-regard-libre","https:\/\/www.instagram.com\/leregardlibre\/","http:\/\/t.me\/leregardlibre","https:\/\/youtube.com\/channel\/UC6HzGPomj1LsUmlz-sJtITQ"],"description":"Le Regard Libre ist eine Schweizer Monatszeitschrift f\u00fcr intellektuelle und kulturelle Debatten. Seine Redaktion ist jung, ehrenamtlich, liberal und pluralistisch. Das Magazin erscheint online und in gedruckter Form. Seine Sprache ist Franz\u00f6sisch.","email":"redaction@leregardlibre.com","legalName":"Le Regard Libre","foundingDate":"2014-01-01","numberOfEmployees":{"@type":"QuantitativeValue","minValue":"11","maxValue":"50"},"publishingPrinciples":"https:\/\/leregardlibre.com\/a-propos\/notre-manifeste\/","ownershipFundingInfo":"https:\/\/leregardlibre.com\/mentions-legales\/","actionableFeedbackPolicy":"https:\/\/leregardlibre.com\/conditions-generales-de-vente\/"}]}},"_links":{"self":[{"href":"https:\/\/leregardlibre.com\/de\/wp-json\/wp\/v2\/product\/524691","targetHints":{"allow":["GET"]}}],"collection":[{"href":"https:\/\/leregardlibre.com\/de\/wp-json\/wp\/v2\/product"}],"about":[{"href":"https:\/\/leregardlibre.com\/de\/wp-json\/wp\/v2\/types\/product"}],"replies":[{"embeddable":true,"href":"https:\/\/leregardlibre.com\/de\/wp-json\/wp\/v2\/comments?post=524691"}],"wp:featuredmedia":[{"embeddable":true,"href":"https:\/\/leregardlibre.com\/de\/wp-json\/wp\/v2\/media\/524694"}],"wp:attachment":[{"href":"https:\/\/leregardlibre.com\/de\/wp-json\/wp\/v2\/media?parent=524691"}],"wp:term":[{"taxonomy":"product_brand","embeddable":true,"href":"https:\/\/leregardlibre.com\/de\/wp-json\/wp\/v2\/product_brand?post=524691"},{"taxonomy":"product_cat","embeddable":true,"href":"https:\/\/leregardlibre.com\/de\/wp-json\/wp\/v2\/product_cat?post=524691"},{"taxonomy":"product_tag","embeddable":true,"href":"https:\/\/leregardlibre.com\/de\/wp-json\/wp\/v2\/product_tag?post=524691"}],"curies":[{"name":"wp","href":"https:\/\/api.w.org\/{rel}","templated":true}]}}