{"id":525102,"date":"2024-10-04T01:25:05","date_gmt":"2024-10-03T23:25:05","guid":{"rendered":"https:\/\/leregardlibre.com\/?post_type=product&#038;p=525102"},"modified":"2025-08-21T17:56:10","modified_gmt":"2025-08-21T15:56:10","slug":"le-regard-libre-n110-dossier-feminisme","status":"publish","type":"product","link":"https:\/\/leregardlibre.com\/de\/produkt\/le-regard-libre-n110-dossier-feminisme\/","title":{"rendered":"Le Regard Libre N\u00b0110 | Dossier FEMINISMUS"},"content":{"rendered":"<p><em>Le Regard Libre<\/em> Nr. 110 | Dossier FEMINISMUS<br \/>\nPapierexemplar<br \/>\nAusgabe vom Oktober 2024<br \/>\nSchickes Papiermagazinformat<\/p>\n<hr \/>\n<p class=\"p1\"><strong><span class=\"s1\">Meinungen und Reflexionen<br \/>\n<\/span><\/strong><span class=\"s2\">05<\/span> Skeptizismus: Antwort an Olivier Delacr\u00e9taz<br \/>\n<span class=\"s2\">07<\/span> Lesung von Pascal Couchepin: Der XVII.<sup>.<\/sup> Jahrhundert bis zum Beginn der Globalisierung<br \/>\n<span class=\"s2\">09<\/span> Eine Allianz als Abenteuer: Leben und Tod der Alliance culturelle romande<br \/>\n<span class=\"s2\">10<\/span> Einwanderung: Labour muss sich der Realit\u00e4t stellen<br \/>\n<span class=\"s2\">12<\/span> Im Herzen von Paris 2024: die unverbr\u00fcchlichen franz\u00f6sisch-schweizerischen Bande<\/p>\n<p class=\"p3\"><strong><span class=\"s1\">Dossier: Von Feministinnen und M\u00e4nnern<br \/>\n<\/span><\/strong><span class=\"s2\">20<\/span> Gis\u00e8le Halimi, Feminismus im Gerichtssaal<br \/>\n<span class=\"s2\">22<\/span> Frauen an der Macht - die Bruchlinie des Feminismus<br \/>\n<span class=\"s2\">24<\/span> Gender- und Rassismus-Sitzungen: ein demokratischer Skandal?<br \/>\n<span class=\"s2\">27<\/span> Die Widerspr\u00fcche des neuen Feminismus<br \/>\n<span class=\"s2\">28<\/span> Anouck Saugy, FDP-Parlamentarierin aus Lausanne: \u00abMein Feminismus streikt nicht\u00bb.\u00bb<br \/>\n<span class=\"s2\">31<\/span> Camille Paglia oder der anti-viktimistische Amazonenfeminismus<br \/>\n<span class=\"s2\">34<\/span> Das schwache Geschlecht in der Demografie ist der Mann<br \/>\n<span class=\"s2\">37<\/span> Familienangelegenheiten: Die gef\u00e4hrlichen Abweichungen der Westschweizer Medien<br \/>\n<span class=\"s2\">38<\/span> Pl\u00e4doyer f\u00fcr einen liberalen Feminismus<br \/>\n<span class=\"s2\">40<\/span> M\u00fcssen Frauen nackt sein, um in Museen gezeigt zu werden?<\/p>\n<p class=\"p1\"><strong><span class=\"s1\">Kulturnachrichten<br \/>\n<\/span><\/strong><span class=\"s2\">44<\/span> Ingeborg Bachmann, das brachliegende Paar<br \/>\n<span class=\"s2\">46<\/span> Rassismus hatte <i>Get Out<\/i>, Der Feminismus hat <i>Blink Twice<br \/>\n<\/i><span class=\"s2\">48<\/span> <i>Die Fanatikerin<\/i>: Reise ins Herz des Hasses<br \/>\n<span class=\"s2\">50<\/span> Erinnerungen, die den k\u00fcnstlerischen Medien zur Verf\u00fcgung stehen<\/p>\n<p class=\"p1\"><strong><span class=\"s1\">Termine am Ende des Magazins<br \/>\n<\/span><\/strong><span class=\"s2\">52<\/span> Die Fotoreportage von Bernard L\u00e9chot: <i>Karibische Kunst<br \/>\n<\/i><span class=\"s2\">58<\/span> <i>Die G\u00fctsch-Nacht<\/i>, Ein unver\u00f6ffentlichter Roman von Andr\u00e9 Durussel (8\/10)<br \/>\n<span class=\"s2\">63<\/span> Die Ausarbeitungstageb\u00fccher von Theodor Wildt (10\/10)<br \/>\n<span class=\"s2\">64<\/span> Kurz und b\u00fcndig: Eddy Mitchell, hassenswerte Charaktere, Bildschirme und Sexterrorismus<br \/>\n<span class=\"s2\">66<\/span> Abonnement-Talon und Sponsoring-Formular<br \/>\n<span class=\"s2\">68<\/span> Zitate<\/p>\n<p class=\"p1\"><a href=\"https:\/\/leregardlibre.com\/de\/cpt-editions\/le-regard-libre-n109-dossier-milice\/\"><em>Zur vorherigen Ausgabe<\/em><\/a><\/p>","protected":false},"excerpt":{"rendered":"<p>Le Regard Libre N\u00b0110 | Dossier F\u00c9MINISME Exemplaire papier Edition d&#8217;octobre 2024 Format magazine papier chic Opinions et r\u00e9flexions 05&#8230;<\/p>","protected":false},"featured_media":525105,"comment_status":"open","ping_status":"closed","template":"","meta":{"_acf_changed":false},"product_brand":[],"product_cat":[644340392],"product_tag":[],"class_list":{"0":"post-525102","1":"product","2":"type-product","3":"status-publish","4":"has-post-thumbnail","6":"product_cat-numeros","8":"first","9":"instock","10":"shipping-taxable","11":"purchasable","12":"product-type-variable"},"acf":[],"yoast_head":"<!-- This site is optimized with the Yoast SEO Premium plugin v26.9 (Yoast SEO v26.9) - https:\/\/yoast.com\/product\/yoast-seo-premium-wordpress\/ -->\n<title>Le Regard Libre N\u00b0110 | Dossier F\u00c9MINISME<\/title>\n<meta name=\"robots\" content=\"index, follow, max-snippet:-1, max-image-preview:large, max-video-preview:-1\" \/>\n<link rel=\"canonical\" href=\"https:\/\/leregardlibre.com\/de\/produkt\/le-regard-libre-n110-dossier-feminisme\/\" \/>\n<meta property=\"og:locale\" content=\"de_DE\" \/>\n<meta property=\"og:type\" content=\"article\" \/>\n<meta property=\"og:title\" content=\"Le Regard Libre N\u00b0110 | Dossier F\u00c9MINISME\" \/>\n<meta property=\"og:description\" content=\"Le Regard Libre N\u00b0110 | Dossier F\u00c9MINISME Exemplaire papier Edition d&#039;octobre 2024 Format magazine papier chic Opinions et r\u00e9flexions 05...\" \/>\n<meta property=\"og:url\" content=\"https:\/\/leregardlibre.com\/de\/produkt\/le-regard-libre-n110-dossier-feminisme\/\" \/>\n<meta property=\"og:site_name\" content=\"Le Regard Libre\" \/>\n<meta property=\"article:publisher\" content=\"https:\/\/www.facebook.com\/leregardlibre\/\" \/>\n<meta property=\"article:modified_time\" content=\"2025-08-21T15:56:10+00:00\" \/>\n<meta property=\"og:image\" content=\"https:\/\/leregardlibre.com\/wp-content\/uploads\/2024\/10\/une-le-regard-libre-n110-724x1024.jpg\" \/>\n\t<meta property=\"og:image:width\" content=\"724\" \/>\n\t<meta property=\"og:image:height\" content=\"1024\" \/>\n\t<meta property=\"og:image:type\" content=\"image\/jpeg\" \/>\n<meta name=\"twitter:card\" content=\"summary_large_image\" \/>\n<meta name=\"twitter:site\" content=\"@LeRegardLibre\" \/>\n<meta name=\"twitter:label1\" content=\"Gesch\u00e4tzte Lesezeit\" \/>\n\t<meta name=\"twitter:data1\" content=\"2\u00a0Minuten\" \/>\n<script type=\"application\/ld+json\" class=\"yoast-schema-graph\">{\"@context\":\"https:\/\/schema.org\",\"@graph\":[{\"@type\":\"WebPage\",\"@id\":\"https:\/\/leregardlibre.com\/produit\/le-regard-libre-n110-dossier-feminisme\/\",\"url\":\"https:\/\/leregardlibre.com\/produit\/le-regard-libre-n110-dossier-feminisme\/\",\"name\":\"Le Regard Libre N\u00b0110 | Dossier F\u00c9MINISME\",\"isPartOf\":{\"@id\":\"https:\/\/leregardlibre.com\/#website\"},\"primaryImageOfPage\":{\"@id\":\"https:\/\/leregardlibre.com\/produit\/le-regard-libre-n110-dossier-feminisme\/#primaryimage\"},\"image\":{\"@id\":\"https:\/\/leregardlibre.com\/produit\/le-regard-libre-n110-dossier-feminisme\/#primaryimage\"},\"thumbnailUrl\":\"https:\/\/leregardlibre.com\/wp-content\/uploads\/2024\/10\/une-le-regard-libre-n110.jpg\",\"datePublished\":\"2024-10-03T23:25:05+00:00\",\"dateModified\":\"2025-08-21T15:56:10+00:00\",\"breadcrumb\":{\"@id\":\"https:\/\/leregardlibre.com\/produit\/le-regard-libre-n110-dossier-feminisme\/#breadcrumb\"},\"inLanguage\":\"de\",\"potentialAction\":[{\"@type\":\"ReadAction\",\"target\":[\"https:\/\/leregardlibre.com\/produit\/le-regard-libre-n110-dossier-feminisme\/\"]}]},{\"@type\":\"ImageObject\",\"inLanguage\":\"de\",\"@id\":\"https:\/\/leregardlibre.com\/produit\/le-regard-libre-n110-dossier-feminisme\/#primaryimage\",\"url\":\"https:\/\/leregardlibre.com\/wp-content\/uploads\/2024\/10\/une-le-regard-libre-n110.jpg\",\"contentUrl\":\"https:\/\/leregardlibre.com\/wp-content\/uploads\/2024\/10\/une-le-regard-libre-n110.jpg\",\"width\":4961,\"height\":7016,\"caption\":\"Une Le Regard Libre N\u00b0110\"},{\"@type\":\"BreadcrumbList\",\"@id\":\"https:\/\/leregardlibre.com\/produit\/le-regard-libre-n110-dossier-feminisme\/#breadcrumb\",\"itemListElement\":[{\"@type\":\"ListItem\",\"position\":1,\"name\":\"Accueil\",\"item\":\"https:\/\/leregardlibre.com\/\"},{\"@type\":\"ListItem\",\"position\":2,\"name\":\"Boutique\",\"item\":\"https:\/\/leregardlibre.com\/boutique\/\"},{\"@type\":\"ListItem\",\"position\":3,\"name\":\"Le Regard Libre N\u00b0110 | Dossier F\u00c9MINISME\"}]},{\"@type\":\"WebSite\",\"@id\":\"https:\/\/leregardlibre.com\/#website\",\"url\":\"https:\/\/leregardlibre.com\/\",\"name\":\"Le Regard Libre\",\"description\":\"Premier mensuel suisse de d\u00e9bat\",\"publisher\":{\"@id\":\"https:\/\/leregardlibre.com\/#organization\"},\"potentialAction\":[{\"@type\":\"SearchAction\",\"target\":{\"@type\":\"EntryPoint\",\"urlTemplate\":\"https:\/\/leregardlibre.com\/?s={search_term_string}\"},\"query-input\":{\"@type\":\"PropertyValueSpecification\",\"valueRequired\":true,\"valueName\":\"search_term_string\"}}],\"inLanguage\":\"de\"},{\"@type\":\"Organization\",\"@id\":\"https:\/\/leregardlibre.com\/#organization\",\"name\":\"Le Regard Libre\",\"url\":\"https:\/\/leregardlibre.com\/\",\"logo\":{\"@type\":\"ImageObject\",\"inLanguage\":\"de\",\"@id\":\"https:\/\/leregardlibre.com\/#\/schema\/logo\/image\/\",\"url\":\"https:\/\/leregardlibre.com\/wp-content\/uploads\/2025\/08\/logo-rl-icone-neg.jpeg\",\"contentUrl\":\"https:\/\/leregardlibre.com\/wp-content\/uploads\/2025\/08\/logo-rl-icone-neg.jpeg\",\"width\":557,\"height\":556,\"caption\":\"Le Regard Libre\"},\"image\":{\"@id\":\"https:\/\/leregardlibre.com\/#\/schema\/logo\/image\/\"},\"sameAs\":[\"https:\/\/www.facebook.com\/leregardlibre\/\",\"https:\/\/x.com\/LeRegardLibre\",\"https:\/\/www.linkedin.com\/company\/le-regard-libre\",\"https:\/\/www.instagram.com\/leregardlibre\/\",\"http:\/\/t.me\/leregardlibre\",\"https:\/\/youtube.com\/channel\/UC6HzGPomj1LsUmlz-sJtITQ\"],\"description\":\"Le Regard Libre est un mensuel suisse de d\u00e9bat intellectuel et culturel. Sa r\u00e9daction est jeune, b\u00e9n\u00e9vole, lib\u00e9rale et pluraliste. Le magazine para\u00eet en ligne et sous forme papier. Sa langue est le fran\u00e7ais.\",\"email\":\"redaction@leregardlibre.com\",\"legalName\":\"Le Regard Libre\",\"foundingDate\":\"2014-01-01\",\"numberOfEmployees\":{\"@type\":\"QuantitativeValue\",\"minValue\":\"11\",\"maxValue\":\"50\"},\"publishingPrinciples\":\"https:\/\/leregardlibre.com\/a-propos\/notre-manifeste\/\",\"ownershipFundingInfo\":\"https:\/\/leregardlibre.com\/mentions-legales\/\",\"actionableFeedbackPolicy\":\"https:\/\/leregardlibre.com\/conditions-generales-de-vente\/\"}]}<\/script>\n<!-- \/ Yoast SEO Premium plugin. -->","yoast_head_json":{"title":"Le Regard Libre N\u00b0110 | Dossier FEMINISMUS","robots":{"index":"index","follow":"follow","max-snippet":"max-snippet:-1","max-image-preview":"max-image-preview:large","max-video-preview":"max-video-preview:-1"},"canonical":"https:\/\/leregardlibre.com\/de\/produkt\/le-regard-libre-n110-dossier-feminisme\/","og_locale":"de_DE","og_type":"article","og_title":"Le Regard Libre N\u00b0110 | Dossier F\u00c9MINISME","og_description":"Le Regard Libre N\u00b0110 | Dossier F\u00c9MINISME Exemplaire papier Edition d'octobre 2024 Format magazine papier chic Opinions et r\u00e9flexions 05...","og_url":"https:\/\/leregardlibre.com\/de\/produkt\/le-regard-libre-n110-dossier-feminisme\/","og_site_name":"Le Regard Libre","article_publisher":"https:\/\/www.facebook.com\/leregardlibre\/","article_modified_time":"2025-08-21T15:56:10+00:00","og_image":[{"width":724,"height":1024,"url":"https:\/\/leregardlibre.com\/wp-content\/uploads\/2024\/10\/une-le-regard-libre-n110-724x1024.jpg","type":"image\/jpeg"}],"twitter_card":"summary_large_image","twitter_site":"@LeRegardLibre","twitter_misc":{"Gesch\u00e4tzte Lesezeit":"2\u00a0Minuten"},"schema":{"@context":"https:\/\/schema.org","@graph":[{"@type":"WebPage","@id":"https:\/\/leregardlibre.com\/produit\/le-regard-libre-n110-dossier-feminisme\/","url":"https:\/\/leregardlibre.com\/produit\/le-regard-libre-n110-dossier-feminisme\/","name":"Le Regard Libre N\u00b0110 | Dossier FEMINISMUS","isPartOf":{"@id":"https:\/\/leregardlibre.com\/#website"},"primaryImageOfPage":{"@id":"https:\/\/leregardlibre.com\/produit\/le-regard-libre-n110-dossier-feminisme\/#primaryimage"},"image":{"@id":"https:\/\/leregardlibre.com\/produit\/le-regard-libre-n110-dossier-feminisme\/#primaryimage"},"thumbnailUrl":"https:\/\/leregardlibre.com\/wp-content\/uploads\/2024\/10\/une-le-regard-libre-n110.jpg","datePublished":"2024-10-03T23:25:05+00:00","dateModified":"2025-08-21T15:56:10+00:00","breadcrumb":{"@id":"https:\/\/leregardlibre.com\/produit\/le-regard-libre-n110-dossier-feminisme\/#breadcrumb"},"inLanguage":"de","potentialAction":[{"@type":"ReadAction","target":["https:\/\/leregardlibre.com\/produit\/le-regard-libre-n110-dossier-feminisme\/"]}]},{"@type":"ImageObject","inLanguage":"de","@id":"https:\/\/leregardlibre.com\/produit\/le-regard-libre-n110-dossier-feminisme\/#primaryimage","url":"https:\/\/leregardlibre.com\/wp-content\/uploads\/2024\/10\/une-le-regard-libre-n110.jpg","contentUrl":"https:\/\/leregardlibre.com\/wp-content\/uploads\/2024\/10\/une-le-regard-libre-n110.jpg","width":4961,"height":7016,"caption":"Une Le Regard Libre N\u00b0110"},{"@type":"BreadcrumbList","@id":"https:\/\/leregardlibre.com\/produit\/le-regard-libre-n110-dossier-feminisme\/#breadcrumb","itemListElement":[{"@type":"ListItem","position":1,"name":"Accueil","item":"https:\/\/leregardlibre.com\/"},{"@type":"ListItem","position":2,"name":"Boutique","item":"https:\/\/leregardlibre.com\/boutique\/"},{"@type":"ListItem","position":3,"name":"Le Regard Libre N\u00b0110 | Dossier F\u00c9MINISME"}]},{"@type":"WebSite","@id":"https:\/\/leregardlibre.com\/#website","url":"https:\/\/leregardlibre.com\/","name":"Le Regard Libre","description":"Erste Schweizer Monatszeitschrift f\u00fcr Debatten","publisher":{"@id":"https:\/\/leregardlibre.com\/#organization"},"potentialAction":[{"@type":"SearchAction","target":{"@type":"EntryPoint","urlTemplate":"https:\/\/leregardlibre.com\/?s={search_term_string}"},"query-input":{"@type":"PropertyValueSpecification","valueRequired":true,"valueName":"search_term_string"}}],"inLanguage":"de"},{"@type":"Organization","@id":"https:\/\/leregardlibre.com\/#organization","name":"Le Regard Libre","url":"https:\/\/leregardlibre.com\/","logo":{"@type":"ImageObject","inLanguage":"de","@id":"https:\/\/leregardlibre.com\/#\/schema\/logo\/image\/","url":"https:\/\/leregardlibre.com\/wp-content\/uploads\/2025\/08\/logo-rl-icone-neg.jpeg","contentUrl":"https:\/\/leregardlibre.com\/wp-content\/uploads\/2025\/08\/logo-rl-icone-neg.jpeg","width":557,"height":556,"caption":"Le Regard Libre"},"image":{"@id":"https:\/\/leregardlibre.com\/#\/schema\/logo\/image\/"},"sameAs":["https:\/\/www.facebook.com\/leregardlibre\/","https:\/\/x.com\/LeRegardLibre","https:\/\/www.linkedin.com\/company\/le-regard-libre","https:\/\/www.instagram.com\/leregardlibre\/","http:\/\/t.me\/leregardlibre","https:\/\/youtube.com\/channel\/UC6HzGPomj1LsUmlz-sJtITQ"],"description":"Le Regard Libre ist eine Schweizer Monatszeitschrift f\u00fcr intellektuelle und kulturelle Debatten. Seine Redaktion ist jung, ehrenamtlich, liberal und pluralistisch. Das Magazin erscheint online und in gedruckter Form. Seine Sprache ist Franz\u00f6sisch.","email":"redaction@leregardlibre.com","legalName":"Le Regard Libre","foundingDate":"2014-01-01","numberOfEmployees":{"@type":"QuantitativeValue","minValue":"11","maxValue":"50"},"publishingPrinciples":"https:\/\/leregardlibre.com\/a-propos\/notre-manifeste\/","ownershipFundingInfo":"https:\/\/leregardlibre.com\/mentions-legales\/","actionableFeedbackPolicy":"https:\/\/leregardlibre.com\/conditions-generales-de-vente\/"}]}},"_links":{"self":[{"href":"https:\/\/leregardlibre.com\/de\/wp-json\/wp\/v2\/product\/525102","targetHints":{"allow":["GET"]}}],"collection":[{"href":"https:\/\/leregardlibre.com\/de\/wp-json\/wp\/v2\/product"}],"about":[{"href":"https:\/\/leregardlibre.com\/de\/wp-json\/wp\/v2\/types\/product"}],"replies":[{"embeddable":true,"href":"https:\/\/leregardlibre.com\/de\/wp-json\/wp\/v2\/comments?post=525102"}],"wp:featuredmedia":[{"embeddable":true,"href":"https:\/\/leregardlibre.com\/de\/wp-json\/wp\/v2\/media\/525105"}],"wp:attachment":[{"href":"https:\/\/leregardlibre.com\/de\/wp-json\/wp\/v2\/media?parent=525102"}],"wp:term":[{"taxonomy":"product_brand","embeddable":true,"href":"https:\/\/leregardlibre.com\/de\/wp-json\/wp\/v2\/product_brand?post=525102"},{"taxonomy":"product_cat","embeddable":true,"href":"https:\/\/leregardlibre.com\/de\/wp-json\/wp\/v2\/product_cat?post=525102"},{"taxonomy":"product_tag","embeddable":true,"href":"https:\/\/leregardlibre.com\/de\/wp-json\/wp\/v2\/product_tag?post=525102"}],"curies":[{"name":"wp","href":"https:\/\/api.w.org\/{rel}","templated":true}]}}