{"id":526387,"date":"2025-01-17T09:40:55","date_gmt":"2025-01-17T08:40:55","guid":{"rendered":"https:\/\/leregardlibre.com\/?post_type=product&#038;p=526387"},"modified":"2025-08-19T21:00:45","modified_gmt":"2025-08-19T19:00:45","slug":"der-freie-blick-113-dossier-macht","status":"publish","type":"product","link":"https:\/\/leregardlibre.com\/de\/produkt\/der-freie-blick-113-dossier-macht\/","title":{"rendered":"Le Regard Libre Nr. 113 | Dossier \u00abWer hat wirklich die Macht?\u00bb"},"content":{"rendered":"<p><em>Le Regard Libre<\/em> Nr. 113 | Dossier \u00abWer hat wirklich die Macht?\u00bb<br \/>\nPapierexemplar<br \/>\nAusgabe vom Januar 2025<br \/>\nSchickes Papiermagazinformat<\/p>\n<hr \/>\n<p class=\"p1\"><strong><span class=\"s1\">Meinungen und Reflexionen<br \/>\n<\/span><\/strong><span class=\"s1\">05<\/span> Editorial: Die \u00fcbersch\u00e4tzte Macht der Medien<br \/>\n<span class=\"s1\">07<\/span> Ralph M\u00fcllers Patrone: Die Last der Freiheit<br \/>\n<span class=\"s1\">09<\/span> Lesung von Pascal Couchepin: Die Ungewissheit akzeptieren<br \/>\n<span class=\"s1\">10<\/span> Peggy Sastre: \u00abDie franz\u00f6sische Tradition f\u00f6rdert ein Misstrauen gegen\u00fcber der Logik\u00bb.\u00bb<br \/>\n<span class=\"s1\">14<\/span> KI: Zwei Jahre, die alles ver\u00e4ndert haben<\/p>\n<p class=\"p3\"><strong><span class=\"s1\">Dossier: Wer hat wirklich die Macht?<br \/>\n<\/span><\/strong><span class=\"s1\">22<\/span> Wer regiert die Schweiz? Nicht die Lobbys, das Volk<br \/>\n<span class=\"s1\">25<\/span> Ren\u00e9 Schwok: \u00abDer EU werden Kompetenzen zugeschrieben, die sie nicht hat\u00bb.\u00bb<br \/>\n<span class=\"s1\">30<\/span> Souver\u00e4nismus vs. internationale Governance<br \/>\n<span class=\"s1\">32<\/span> \u00abDer \u00bbtiefe Staat\": Die Reise eines Konzepts<\/p>\n<p class=\"p1\"><strong><span class=\"s1\">Kulturnachrichten<br \/>\n<\/span><\/strong><span class=\"s1\">38<\/span> Der Neuanfang von Linkin Park<br \/>\n<span class=\"s1\">40<\/span> <i>Wohlbefinden<\/i>, die Grausamkeit der Grausamkeit<br \/>\n<span class=\"s1\">41<\/span> Rendezvous in bekanntem Land mit Fanny Desarzens<\/p>\n<p class=\"p1\"><strong><span class=\"s1\">Termine am Ende des Magazins<br \/>\n<\/span><\/strong><span class=\"s1\">42<\/span> Die Fotoreportage von Bernard L\u00e9chot: <i>Stra\u00dfenansichten<br \/>\n<\/i><span class=\"s1\">48<\/span> Der Test des Monats: <i>Die Verbreitung des Wokismus in der Schweiz<br \/>\n<\/i><span class=\"s1\">49<\/span> Die Ausarbeitungstageb\u00fccher von Theodor Wildt (10\/10)<br \/>\n<span class=\"s1\">50<\/span> In K\u00fcrze: Die Bilder des Monats, ein Film und ein Witz von ChatGPT<\/p>\n<p class=\"p1\"><a href=\"https:\/\/leregardlibre.com\/de\/cpt-editions\/le-regard-libre-112-dossier-valeur-age\/\"><em>Zur vorherigen Ausgabe<\/em><\/a><\/p>","protected":false},"excerpt":{"rendered":"<p>Le Regard Libre N\u00b0113 | Dossier \u00abQui a vraiment le pouvoir?\u00bb Exemplaire papier Edition de janvier 2025 Format magazine papier&#8230;<\/p>","protected":false},"featured_media":526392,"comment_status":"open","ping_status":"closed","template":"","meta":{"_acf_changed":false},"product_brand":[],"product_cat":[644340392],"product_tag":[],"class_list":{"0":"post-526387","1":"product","2":"type-product","3":"status-publish","4":"has-post-thumbnail","6":"product_cat-numeros","8":"first","9":"instock","10":"shipping-taxable","11":"purchasable","12":"product-type-variable"},"acf":[],"yoast_head":"<!-- This site is optimized with the Yoast SEO Premium plugin v27.4 (Yoast SEO v27.4) - https:\/\/yoast.com\/product\/yoast-seo-premium-wordpress\/ -->\n<title>Le Regard Libre N\u00b0113 | Dossier \u00abQui a vraiment le pouvoir?\u00bb<\/title>\n<meta name=\"robots\" content=\"index, follow, max-snippet:-1, max-image-preview:large, max-video-preview:-1\" \/>\n<link rel=\"canonical\" href=\"https:\/\/leregardlibre.com\/de\/produkt\/der-freie-blick-113-dossier-macht\/\" \/>\n<meta property=\"og:locale\" content=\"de_DE\" \/>\n<meta property=\"og:type\" content=\"article\" \/>\n<meta property=\"og:title\" content=\"Le Regard Libre N\u00b0113 | Dossier \u00abQui a vraiment le pouvoir?\u00bb\" \/>\n<meta property=\"og:description\" content=\"Le Regard Libre N\u00b0113 | Dossier \u00abQui a vraiment le pouvoir?\u00bb Exemplaire papier Edition de janvier 2025 Format magazine papier...\" \/>\n<meta property=\"og:url\" content=\"https:\/\/leregardlibre.com\/de\/produkt\/der-freie-blick-113-dossier-macht\/\" \/>\n<meta property=\"og:site_name\" content=\"Le Regard Libre\" \/>\n<meta property=\"article:publisher\" content=\"https:\/\/www.facebook.com\/leregardlibre\/\" \/>\n<meta property=\"article:modified_time\" content=\"2025-08-19T19:00:45+00:00\" \/>\n<meta property=\"og:image\" content=\"https:\/\/leregardlibre.com\/wp-content\/uploads\/2025\/01\/une-le-regard-libre-n113-e1737104407596.jpg\" \/>\n\t<meta property=\"og:image:width\" content=\"1920\" \/>\n\t<meta property=\"og:image:height\" content=\"2716\" \/>\n\t<meta property=\"og:image:type\" content=\"image\/jpeg\" \/>\n<meta name=\"twitter:card\" content=\"summary_large_image\" \/>\n<meta name=\"twitter:site\" content=\"@LeRegardLibre\" \/>\n<meta name=\"twitter:label1\" content=\"Gesch\u00e4tzte Lesezeit\" \/>\n\t<meta name=\"twitter:data1\" content=\"2\u00a0Minuten\" \/>\n<script type=\"application\/ld+json\" class=\"yoast-schema-graph\">{\"@context\":\"https:\\\/\\\/schema.org\",\"@graph\":[{\"@type\":\"WebPage\",\"@id\":\"https:\\\/\\\/leregardlibre.com\\\/produit\\\/le-regard-libre-113-dossier-pouvoir\\\/\",\"url\":\"https:\\\/\\\/leregardlibre.com\\\/produit\\\/le-regard-libre-113-dossier-pouvoir\\\/\",\"name\":\"Le Regard Libre N\u00b0113 | Dossier \u00abQui a vraiment le pouvoir?\u00bb\",\"isPartOf\":{\"@id\":\"https:\\\/\\\/leregardlibre.com\\\/#website\"},\"primaryImageOfPage\":{\"@id\":\"https:\\\/\\\/leregardlibre.com\\\/produit\\\/le-regard-libre-113-dossier-pouvoir\\\/#primaryimage\"},\"image\":{\"@id\":\"https:\\\/\\\/leregardlibre.com\\\/produit\\\/le-regard-libre-113-dossier-pouvoir\\\/#primaryimage\"},\"thumbnailUrl\":\"https:\\\/\\\/leregardlibre.com\\\/wp-content\\\/uploads\\\/2025\\\/01\\\/une-le-regard-libre-n113-e1737104407596.jpg\",\"datePublished\":\"2025-01-17T08:40:55+00:00\",\"dateModified\":\"2025-08-19T19:00:45+00:00\",\"breadcrumb\":{\"@id\":\"https:\\\/\\\/leregardlibre.com\\\/produit\\\/le-regard-libre-113-dossier-pouvoir\\\/#breadcrumb\"},\"inLanguage\":\"de\",\"potentialAction\":[{\"@type\":\"ReadAction\",\"target\":[\"https:\\\/\\\/leregardlibre.com\\\/produit\\\/le-regard-libre-113-dossier-pouvoir\\\/\"]}]},{\"@type\":\"ImageObject\",\"inLanguage\":\"de\",\"@id\":\"https:\\\/\\\/leregardlibre.com\\\/produit\\\/le-regard-libre-113-dossier-pouvoir\\\/#primaryimage\",\"url\":\"https:\\\/\\\/leregardlibre.com\\\/wp-content\\\/uploads\\\/2025\\\/01\\\/une-le-regard-libre-n113-e1737104407596.jpg\",\"contentUrl\":\"https:\\\/\\\/leregardlibre.com\\\/wp-content\\\/uploads\\\/2025\\\/01\\\/une-le-regard-libre-n113-e1737104407596.jpg\",\"width\":1920,\"height\":2716,\"caption\":\"Une Le Regard Libre N\u00b0113\"},{\"@type\":\"BreadcrumbList\",\"@id\":\"https:\\\/\\\/leregardlibre.com\\\/produit\\\/le-regard-libre-113-dossier-pouvoir\\\/#breadcrumb\",\"itemListElement\":[{\"@type\":\"ListItem\",\"position\":1,\"name\":\"Accueil\",\"item\":\"https:\\\/\\\/leregardlibre.com\\\/\"},{\"@type\":\"ListItem\",\"position\":2,\"name\":\"Boutique\",\"item\":\"https:\\\/\\\/leregardlibre.com\\\/boutique\\\/\"},{\"@type\":\"ListItem\",\"position\":3,\"name\":\"Le Regard Libre N\u00b0113 | Dossier \u00abQui a vraiment le pouvoir?\u00bb\"}]},{\"@type\":\"WebSite\",\"@id\":\"https:\\\/\\\/leregardlibre.com\\\/#website\",\"url\":\"https:\\\/\\\/leregardlibre.com\\\/\",\"name\":\"Le Regard Libre\",\"description\":\"Premier mensuel suisse de d\u00e9bat\",\"publisher\":{\"@id\":\"https:\\\/\\\/leregardlibre.com\\\/#organization\"},\"potentialAction\":[{\"@type\":\"SearchAction\",\"target\":{\"@type\":\"EntryPoint\",\"urlTemplate\":\"https:\\\/\\\/leregardlibre.com\\\/?s={search_term_string}\"},\"query-input\":{\"@type\":\"PropertyValueSpecification\",\"valueRequired\":true,\"valueName\":\"search_term_string\"}}],\"inLanguage\":\"de\"},{\"@type\":\"Organization\",\"@id\":\"https:\\\/\\\/leregardlibre.com\\\/#organization\",\"name\":\"Le Regard Libre\",\"url\":\"https:\\\/\\\/leregardlibre.com\\\/\",\"logo\":{\"@type\":\"ImageObject\",\"inLanguage\":\"de\",\"@id\":\"https:\\\/\\\/leregardlibre.com\\\/#\\\/schema\\\/logo\\\/image\\\/\",\"url\":\"https:\\\/\\\/leregardlibre.com\\\/wp-content\\\/uploads\\\/2025\\\/08\\\/logo-rl-icone-neg.jpeg\",\"contentUrl\":\"https:\\\/\\\/leregardlibre.com\\\/wp-content\\\/uploads\\\/2025\\\/08\\\/logo-rl-icone-neg.jpeg\",\"width\":557,\"height\":556,\"caption\":\"Le Regard Libre\"},\"image\":{\"@id\":\"https:\\\/\\\/leregardlibre.com\\\/#\\\/schema\\\/logo\\\/image\\\/\"},\"sameAs\":[\"https:\\\/\\\/www.facebook.com\\\/leregardlibre\\\/\",\"https:\\\/\\\/x.com\\\/LeRegardLibre\",\"https:\\\/\\\/www.linkedin.com\\\/company\\\/le-regard-libre\",\"https:\\\/\\\/www.instagram.com\\\/leregardlibre\\\/\",\"http:\\\/\\\/t.me\\\/leregardlibre\",\"https:\\\/\\\/youtube.com\\\/channel\\\/UC6HzGPomj1LsUmlz-sJtITQ\"],\"description\":\"Le Regard Libre est un mensuel suisse de d\u00e9bat intellectuel et culturel. Sa r\u00e9daction est jeune, b\u00e9n\u00e9vole, lib\u00e9rale et pluraliste. Le magazine para\u00eet en ligne et sous forme papier. Sa langue est le fran\u00e7ais.\",\"email\":\"redaction@leregardlibre.com\",\"legalName\":\"Le Regard Libre\",\"foundingDate\":\"2014-01-01\",\"numberOfEmployees\":{\"@type\":\"QuantitativeValue\",\"minValue\":\"11\",\"maxValue\":\"50\"},\"publishingPrinciples\":\"https:\\\/\\\/leregardlibre.com\\\/a-propos\\\/notre-manifeste\\\/\",\"ownershipFundingInfo\":\"https:\\\/\\\/leregardlibre.com\\\/mentions-legales\\\/\",\"actionableFeedbackPolicy\":\"https:\\\/\\\/leregardlibre.com\\\/conditions-generales-de-vente\\\/\"}]}<\/script>\n<!-- \/ Yoast SEO Premium plugin. -->","yoast_head_json":{"title":"Le Regard Libre Nr. 113 | Dossier \u00abWer hat wirklich die Macht?\u00bb","robots":{"index":"index","follow":"follow","max-snippet":"max-snippet:-1","max-image-preview":"max-image-preview:large","max-video-preview":"max-video-preview:-1"},"canonical":"https:\/\/leregardlibre.com\/de\/produkt\/der-freie-blick-113-dossier-macht\/","og_locale":"de_DE","og_type":"article","og_title":"Le Regard Libre N\u00b0113 | Dossier \u00abQui a vraiment le pouvoir?\u00bb","og_description":"Le Regard Libre N\u00b0113 | Dossier \u00abQui a vraiment le pouvoir?\u00bb Exemplaire papier Edition de janvier 2025 Format magazine papier...","og_url":"https:\/\/leregardlibre.com\/de\/produkt\/der-freie-blick-113-dossier-macht\/","og_site_name":"Le Regard Libre","article_publisher":"https:\/\/www.facebook.com\/leregardlibre\/","article_modified_time":"2025-08-19T19:00:45+00:00","og_image":[{"width":1920,"height":2716,"url":"https:\/\/leregardlibre.com\/wp-content\/uploads\/2025\/01\/une-le-regard-libre-n113-e1737104407596.jpg","type":"image\/jpeg"}],"twitter_card":"summary_large_image","twitter_site":"@LeRegardLibre","twitter_misc":{"Gesch\u00e4tzte Lesezeit":"2\u00a0Minuten"},"schema":{"@context":"https:\/\/schema.org","@graph":[{"@type":"WebPage","@id":"https:\/\/leregardlibre.com\/produit\/le-regard-libre-113-dossier-pouvoir\/","url":"https:\/\/leregardlibre.com\/produit\/le-regard-libre-113-dossier-pouvoir\/","name":"Le Regard Libre Nr. 113 | Dossier \u00abWer hat wirklich die Macht?\u00bb","isPartOf":{"@id":"https:\/\/leregardlibre.com\/#website"},"primaryImageOfPage":{"@id":"https:\/\/leregardlibre.com\/produit\/le-regard-libre-113-dossier-pouvoir\/#primaryimage"},"image":{"@id":"https:\/\/leregardlibre.com\/produit\/le-regard-libre-113-dossier-pouvoir\/#primaryimage"},"thumbnailUrl":"https:\/\/leregardlibre.com\/wp-content\/uploads\/2025\/01\/une-le-regard-libre-n113-e1737104407596.jpg","datePublished":"2025-01-17T08:40:55+00:00","dateModified":"2025-08-19T19:00:45+00:00","breadcrumb":{"@id":"https:\/\/leregardlibre.com\/produit\/le-regard-libre-113-dossier-pouvoir\/#breadcrumb"},"inLanguage":"de","potentialAction":[{"@type":"ReadAction","target":["https:\/\/leregardlibre.com\/produit\/le-regard-libre-113-dossier-pouvoir\/"]}]},{"@type":"ImageObject","inLanguage":"de","@id":"https:\/\/leregardlibre.com\/produit\/le-regard-libre-113-dossier-pouvoir\/#primaryimage","url":"https:\/\/leregardlibre.com\/wp-content\/uploads\/2025\/01\/une-le-regard-libre-n113-e1737104407596.jpg","contentUrl":"https:\/\/leregardlibre.com\/wp-content\/uploads\/2025\/01\/une-le-regard-libre-n113-e1737104407596.jpg","width":1920,"height":2716,"caption":"Une Le Regard Libre N\u00b0113"},{"@type":"BreadcrumbList","@id":"https:\/\/leregardlibre.com\/produit\/le-regard-libre-113-dossier-pouvoir\/#breadcrumb","itemListElement":[{"@type":"ListItem","position":1,"name":"Accueil","item":"https:\/\/leregardlibre.com\/"},{"@type":"ListItem","position":2,"name":"Boutique","item":"https:\/\/leregardlibre.com\/boutique\/"},{"@type":"ListItem","position":3,"name":"Le Regard Libre N\u00b0113 | Dossier \u00abQui a vraiment le pouvoir?\u00bb"}]},{"@type":"WebSite","@id":"https:\/\/leregardlibre.com\/#website","url":"https:\/\/leregardlibre.com\/","name":"Le Regard Libre","description":"Erste Schweizer Monatszeitschrift f\u00fcr Debatten","publisher":{"@id":"https:\/\/leregardlibre.com\/#organization"},"potentialAction":[{"@type":"SearchAction","target":{"@type":"EntryPoint","urlTemplate":"https:\/\/leregardlibre.com\/?s={search_term_string}"},"query-input":{"@type":"PropertyValueSpecification","valueRequired":true,"valueName":"search_term_string"}}],"inLanguage":"de"},{"@type":"Organization","@id":"https:\/\/leregardlibre.com\/#organization","name":"Le Regard Libre","url":"https:\/\/leregardlibre.com\/","logo":{"@type":"ImageObject","inLanguage":"de","@id":"https:\/\/leregardlibre.com\/#\/schema\/logo\/image\/","url":"https:\/\/leregardlibre.com\/wp-content\/uploads\/2025\/08\/logo-rl-icone-neg.jpeg","contentUrl":"https:\/\/leregardlibre.com\/wp-content\/uploads\/2025\/08\/logo-rl-icone-neg.jpeg","width":557,"height":556,"caption":"Le Regard Libre"},"image":{"@id":"https:\/\/leregardlibre.com\/#\/schema\/logo\/image\/"},"sameAs":["https:\/\/www.facebook.com\/leregardlibre\/","https:\/\/x.com\/LeRegardLibre","https:\/\/www.linkedin.com\/company\/le-regard-libre","https:\/\/www.instagram.com\/leregardlibre\/","http:\/\/t.me\/leregardlibre","https:\/\/youtube.com\/channel\/UC6HzGPomj1LsUmlz-sJtITQ"],"description":"Le Regard Libre ist eine Schweizer Monatszeitschrift f\u00fcr intellektuelle und kulturelle Debatten. Seine Redaktion ist jung, ehrenamtlich, liberal und pluralistisch. Das Magazin erscheint online und in gedruckter Form. Seine Sprache ist Franz\u00f6sisch.","email":"redaction@leregardlibre.com","legalName":"Le Regard Libre","foundingDate":"2014-01-01","numberOfEmployees":{"@type":"QuantitativeValue","minValue":"11","maxValue":"50"},"publishingPrinciples":"https:\/\/leregardlibre.com\/a-propos\/notre-manifeste\/","ownershipFundingInfo":"https:\/\/leregardlibre.com\/mentions-legales\/","actionableFeedbackPolicy":"https:\/\/leregardlibre.com\/conditions-generales-de-vente\/"}]}},"_links":{"self":[{"href":"https:\/\/leregardlibre.com\/de\/wp-json\/wp\/v2\/product\/526387","targetHints":{"allow":["GET"]}}],"collection":[{"href":"https:\/\/leregardlibre.com\/de\/wp-json\/wp\/v2\/product"}],"about":[{"href":"https:\/\/leregardlibre.com\/de\/wp-json\/wp\/v2\/types\/product"}],"replies":[{"embeddable":true,"href":"https:\/\/leregardlibre.com\/de\/wp-json\/wp\/v2\/comments?post=526387"}],"wp:featuredmedia":[{"embeddable":true,"href":"https:\/\/leregardlibre.com\/de\/wp-json\/wp\/v2\/media\/526392"}],"wp:attachment":[{"href":"https:\/\/leregardlibre.com\/de\/wp-json\/wp\/v2\/media?parent=526387"}],"wp:term":[{"taxonomy":"product_brand","embeddable":true,"href":"https:\/\/leregardlibre.com\/de\/wp-json\/wp\/v2\/product_brand?post=526387"},{"taxonomy":"product_cat","embeddable":true,"href":"https:\/\/leregardlibre.com\/de\/wp-json\/wp\/v2\/product_cat?post=526387"},{"taxonomy":"product_tag","embeddable":true,"href":"https:\/\/leregardlibre.com\/de\/wp-json\/wp\/v2\/product_tag?post=526387"}],"curies":[{"name":"wp","href":"https:\/\/api.w.org\/{rel}","templated":true}]}}