{"id":527404,"date":"2025-04-03T10:48:12","date_gmt":"2025-04-03T08:48:12","guid":{"rendered":"https:\/\/leregardlibre.com\/?post_type=product&#038;p=527404"},"modified":"2025-06-06T21:34:03","modified_gmt":"2025-06-06T19:34:03","slug":"le-regard-libre-n115-dossier-alpes","status":"publish","type":"product","link":"https:\/\/leregardlibre.com\/de\/produkt\/le-regard-libre-n115-dossier-alpes\/","title":{"rendered":"Le Regard Libre N\u00b0115 | Dossier ALPEN"},"content":{"rendered":"<p><em>Le Regard Libre<\/em> Nr. 115 | \u00abIm Schatten der Alpen\u00bb<br \/>\nPapierexemplar<br \/>\nAusgabe vom April 2025<br \/>\nSchickes Papiermagazinformat<\/p>\n<hr \/>\n<p class=\"p1\"><strong><span class=\"s1\">Meinungen und Reflexionen<br \/>\n<\/span><\/strong><span class=\"s1\">05<\/span> Editorial von Antoine-Fr\u00e9d\u00e9ric Bernhard: Debattieren ja, aber nicht auf jede Art und Weise<br \/>\n<span class=\"s1\">07<\/span> Ralph M\u00fcllers Cartridge: Die Frage nach dem Sinn des Lebens im Angesicht der KI<br \/>\n<span class=\"s1\">08<\/span> Marianne Grosjean: Zur\u00fcck in die Zukunft<br \/>\n<span class=\"s1\">09<\/span> Die Lesung von Pascal Couchepin: <i>Der Aufstand der Besonderheiten<br \/>\n<\/i><span class=\"s1\">10<\/span> Uneinigkeit: Sollen Wahlkampfspenden von \u00fcber 1000 Franken ver\u00f6ffentlicht werden?<br \/>\n<span class=\"s1\">11<\/span> Der Test des Monats: <i>Lassen Sie mich machen und ich mache Sie reich<br \/>\n<\/i><span class=\"s1\">12<\/span> Elgas: \u00abViktimisierung f\u00fchrt zu einer Form der Verantwortungslosigkeit\u00bb.\u00bb<\/p>\n<p class=\"p2\"><strong><span class=\"s2\">Dossier: Im Schatten der Alpen<br \/>\n<\/span><\/strong><span class=\"s1\">20<\/span> Die Landschaft der Alpen: ein Garten Eden in der Mitte Europas<br \/>\n<span class=\"s1\">24<\/span> Ramuz, ein Kontemplativer gegen den Alpinismus<br \/>\n<span class=\"s1\">26<\/span> Von der Darstellung der Alpen in der Schweiz<br \/>\n<span class=\"s1\">30<\/span> Ausflug ins Engadin, Nietzsches Inspirationsquelle<br \/>\n<span class=\"s1\">34<\/span> Der \u00abAlpentrottel\u00bb, eine medizinische und literarische Kuriosit\u00e4t<\/p>\n<p class=\"p3\"><strong><span class=\"s2\">Kultur und Notizb\u00fccher<br \/>\n<\/span><\/strong><span class=\"s1\">38<\/span> Troph\u00e4e: Sang Young Park, der ideale Aufruhr<br \/>\n<span class=\"s1\">39<\/span> Freiheit im Objektiv: Der siebten Kunst geht die Luft aus<br \/>\n<span class=\"s1\">40<\/span> Paul Morand, Itinerar eines kosmopolitischen Antisemiten<br \/>\n<span class=\"s1\">42<\/span> Schweizer Musik kann nur eidgen\u00f6ssisch sein<br \/>\n<span class=\"s1\">43<\/span> Die Ausarbeitungstageb\u00fccher von Theodor Wildt (8\/10)<br \/>\n<span class=\"s1\">44<\/span> Bernard L\u00e9chots Fotoreportage: Karriere von gestern<br \/>\n<span class=\"s1\">50<\/span> In K\u00fcrze: Ein polyphones Werk, ein militantes RTS und ein ChatGPT-Witz<\/p>\n<p class=\"p2\"><span class=\"s1\">52<\/span> Abonnement und M\u00e4zenatentum<br \/>\n<span class=\"s1\">54<\/span> Zitate<\/p>","protected":false},"excerpt":{"rendered":"<p>Le Regard Libre N\u00b0115 | \u00abA l\u2019ombre des Alpes\u00bb Exemplaire papier Edition d\u2019avril 2025 Format magazine papier chic Opinions et&#8230;<\/p>","protected":false},"featured_media":527407,"comment_status":"open","ping_status":"closed","template":"","meta":{"_acf_changed":false},"product_brand":[],"product_cat":[644340392],"product_tag":[],"class_list":{"0":"post-527404","1":"product","2":"type-product","3":"status-publish","4":"has-post-thumbnail","6":"product_cat-numeros","8":"first","9":"instock","10":"shipping-taxable","11":"purchasable","12":"product-type-variable"},"acf":[],"yoast_head":"<!-- This site is optimized with the Yoast SEO Premium plugin v26.9 (Yoast SEO v26.9) - https:\/\/yoast.com\/product\/yoast-seo-premium-wordpress\/ -->\n<title>Le Regard Libre N\u00b0115 | Dossier ALPES<\/title>\n<meta name=\"robots\" content=\"index, follow, max-snippet:-1, max-image-preview:large, max-video-preview:-1\" \/>\n<link rel=\"canonical\" href=\"https:\/\/leregardlibre.com\/de\/produkt\/le-regard-libre-n115-dossier-alpes\/\" \/>\n<meta property=\"og:locale\" content=\"de_DE\" \/>\n<meta property=\"og:type\" content=\"article\" \/>\n<meta property=\"og:title\" content=\"Le Regard Libre N\u00b0115 | Dossier ALPES\" \/>\n<meta property=\"og:description\" content=\"Le Regard Libre N\u00b0115 | \u00abA l\u2019ombre des Alpes\u00bb Exemplaire papier Edition d\u2019avril 2025 Format magazine papier chic Opinions et...\" \/>\n<meta property=\"og:url\" content=\"https:\/\/leregardlibre.com\/de\/produkt\/le-regard-libre-n115-dossier-alpes\/\" \/>\n<meta property=\"og:site_name\" content=\"Le Regard Libre\" \/>\n<meta property=\"article:publisher\" content=\"https:\/\/www.facebook.com\/leregardlibre\/\" \/>\n<meta property=\"article:modified_time\" content=\"2025-06-06T19:34:03+00:00\" \/>\n<meta property=\"og:image\" content=\"https:\/\/leregardlibre.com\/wp-content\/uploads\/2025\/04\/une-le-regard-libre-n115-e1743672658576.jpg\" \/>\n\t<meta property=\"og:image:width\" content=\"1920\" \/>\n\t<meta property=\"og:image:height\" content=\"2716\" \/>\n\t<meta property=\"og:image:type\" content=\"image\/jpeg\" \/>\n<meta name=\"twitter:card\" content=\"summary_large_image\" \/>\n<meta name=\"twitter:site\" content=\"@LeRegardLibre\" \/>\n<meta name=\"twitter:label1\" content=\"Gesch\u00e4tzte Lesezeit\" \/>\n\t<meta name=\"twitter:data1\" content=\"2\u00a0Minuten\" \/>\n<script type=\"application\/ld+json\" class=\"yoast-schema-graph\">{\"@context\":\"https:\/\/schema.org\",\"@graph\":[{\"@type\":\"WebPage\",\"@id\":\"https:\/\/leregardlibre.com\/produit\/le-regard-libre-n115-dossier-alpes\/\",\"url\":\"https:\/\/leregardlibre.com\/produit\/le-regard-libre-n115-dossier-alpes\/\",\"name\":\"Le Regard Libre N\u00b0115 | Dossier ALPES\",\"isPartOf\":{\"@id\":\"https:\/\/leregardlibre.com\/#website\"},\"primaryImageOfPage\":{\"@id\":\"https:\/\/leregardlibre.com\/produit\/le-regard-libre-n115-dossier-alpes\/#primaryimage\"},\"image\":{\"@id\":\"https:\/\/leregardlibre.com\/produit\/le-regard-libre-n115-dossier-alpes\/#primaryimage\"},\"thumbnailUrl\":\"https:\/\/leregardlibre.com\/wp-content\/uploads\/2025\/04\/une-le-regard-libre-n115-e1743672658576.jpg\",\"datePublished\":\"2025-04-03T08:48:12+00:00\",\"dateModified\":\"2025-06-06T19:34:03+00:00\",\"breadcrumb\":{\"@id\":\"https:\/\/leregardlibre.com\/produit\/le-regard-libre-n115-dossier-alpes\/#breadcrumb\"},\"inLanguage\":\"de\",\"potentialAction\":[{\"@type\":\"ReadAction\",\"target\":[\"https:\/\/leregardlibre.com\/produit\/le-regard-libre-n115-dossier-alpes\/\"]}]},{\"@type\":\"ImageObject\",\"inLanguage\":\"de\",\"@id\":\"https:\/\/leregardlibre.com\/produit\/le-regard-libre-n115-dossier-alpes\/#primaryimage\",\"url\":\"https:\/\/leregardlibre.com\/wp-content\/uploads\/2025\/04\/une-le-regard-libre-n115-e1743672658576.jpg\",\"contentUrl\":\"https:\/\/leregardlibre.com\/wp-content\/uploads\/2025\/04\/une-le-regard-libre-n115-e1743672658576.jpg\",\"width\":1920,\"height\":2716,\"caption\":\"Une Le Regard Libre N\u00b0115\"},{\"@type\":\"BreadcrumbList\",\"@id\":\"https:\/\/leregardlibre.com\/produit\/le-regard-libre-n115-dossier-alpes\/#breadcrumb\",\"itemListElement\":[{\"@type\":\"ListItem\",\"position\":1,\"name\":\"Accueil\",\"item\":\"https:\/\/leregardlibre.com\/\"},{\"@type\":\"ListItem\",\"position\":2,\"name\":\"Boutique\",\"item\":\"https:\/\/leregardlibre.com\/boutique\/\"},{\"@type\":\"ListItem\",\"position\":3,\"name\":\"Le Regard Libre N\u00b0115 | Dossier ALPES\"}]},{\"@type\":\"WebSite\",\"@id\":\"https:\/\/leregardlibre.com\/#website\",\"url\":\"https:\/\/leregardlibre.com\/\",\"name\":\"Le Regard Libre\",\"description\":\"Premier mensuel suisse de d\u00e9bat\",\"publisher\":{\"@id\":\"https:\/\/leregardlibre.com\/#organization\"},\"potentialAction\":[{\"@type\":\"SearchAction\",\"target\":{\"@type\":\"EntryPoint\",\"urlTemplate\":\"https:\/\/leregardlibre.com\/?s={search_term_string}\"},\"query-input\":{\"@type\":\"PropertyValueSpecification\",\"valueRequired\":true,\"valueName\":\"search_term_string\"}}],\"inLanguage\":\"de\"},{\"@type\":\"Organization\",\"@id\":\"https:\/\/leregardlibre.com\/#organization\",\"name\":\"Le Regard Libre\",\"url\":\"https:\/\/leregardlibre.com\/\",\"logo\":{\"@type\":\"ImageObject\",\"inLanguage\":\"de\",\"@id\":\"https:\/\/leregardlibre.com\/#\/schema\/logo\/image\/\",\"url\":\"https:\/\/leregardlibre.com\/wp-content\/uploads\/2025\/08\/logo-rl-icone-neg.jpeg\",\"contentUrl\":\"https:\/\/leregardlibre.com\/wp-content\/uploads\/2025\/08\/logo-rl-icone-neg.jpeg\",\"width\":557,\"height\":556,\"caption\":\"Le Regard Libre\"},\"image\":{\"@id\":\"https:\/\/leregardlibre.com\/#\/schema\/logo\/image\/\"},\"sameAs\":[\"https:\/\/www.facebook.com\/leregardlibre\/\",\"https:\/\/x.com\/LeRegardLibre\",\"https:\/\/www.linkedin.com\/company\/le-regard-libre\",\"https:\/\/www.instagram.com\/leregardlibre\/\",\"http:\/\/t.me\/leregardlibre\",\"https:\/\/youtube.com\/channel\/UC6HzGPomj1LsUmlz-sJtITQ\"],\"description\":\"Le Regard Libre est un mensuel suisse de d\u00e9bat intellectuel et culturel. Sa r\u00e9daction est jeune, b\u00e9n\u00e9vole, lib\u00e9rale et pluraliste. Le magazine para\u00eet en ligne et sous forme papier. Sa langue est le fran\u00e7ais.\",\"email\":\"redaction@leregardlibre.com\",\"legalName\":\"Le Regard Libre\",\"foundingDate\":\"2014-01-01\",\"numberOfEmployees\":{\"@type\":\"QuantitativeValue\",\"minValue\":\"11\",\"maxValue\":\"50\"},\"publishingPrinciples\":\"https:\/\/leregardlibre.com\/a-propos\/notre-manifeste\/\",\"ownershipFundingInfo\":\"https:\/\/leregardlibre.com\/mentions-legales\/\",\"actionableFeedbackPolicy\":\"https:\/\/leregardlibre.com\/conditions-generales-de-vente\/\"}]}<\/script>\n<!-- \/ Yoast SEO Premium plugin. -->","yoast_head_json":{"title":"Le Regard Libre N\u00b0115 | Dossier ALPEN","robots":{"index":"index","follow":"follow","max-snippet":"max-snippet:-1","max-image-preview":"max-image-preview:large","max-video-preview":"max-video-preview:-1"},"canonical":"https:\/\/leregardlibre.com\/de\/produkt\/le-regard-libre-n115-dossier-alpes\/","og_locale":"de_DE","og_type":"article","og_title":"Le Regard Libre N\u00b0115 | Dossier ALPES","og_description":"Le Regard Libre N\u00b0115 | \u00abA l\u2019ombre des Alpes\u00bb Exemplaire papier Edition d\u2019avril 2025 Format magazine papier chic Opinions et...","og_url":"https:\/\/leregardlibre.com\/de\/produkt\/le-regard-libre-n115-dossier-alpes\/","og_site_name":"Le Regard Libre","article_publisher":"https:\/\/www.facebook.com\/leregardlibre\/","article_modified_time":"2025-06-06T19:34:03+00:00","og_image":[{"width":1920,"height":2716,"url":"https:\/\/leregardlibre.com\/wp-content\/uploads\/2025\/04\/une-le-regard-libre-n115-e1743672658576.jpg","type":"image\/jpeg"}],"twitter_card":"summary_large_image","twitter_site":"@LeRegardLibre","twitter_misc":{"Gesch\u00e4tzte Lesezeit":"2\u00a0Minuten"},"schema":{"@context":"https:\/\/schema.org","@graph":[{"@type":"WebPage","@id":"https:\/\/leregardlibre.com\/produit\/le-regard-libre-n115-dossier-alpes\/","url":"https:\/\/leregardlibre.com\/produit\/le-regard-libre-n115-dossier-alpes\/","name":"Le Regard Libre N\u00b0115 | Dossier ALPEN","isPartOf":{"@id":"https:\/\/leregardlibre.com\/#website"},"primaryImageOfPage":{"@id":"https:\/\/leregardlibre.com\/produit\/le-regard-libre-n115-dossier-alpes\/#primaryimage"},"image":{"@id":"https:\/\/leregardlibre.com\/produit\/le-regard-libre-n115-dossier-alpes\/#primaryimage"},"thumbnailUrl":"https:\/\/leregardlibre.com\/wp-content\/uploads\/2025\/04\/une-le-regard-libre-n115-e1743672658576.jpg","datePublished":"2025-04-03T08:48:12+00:00","dateModified":"2025-06-06T19:34:03+00:00","breadcrumb":{"@id":"https:\/\/leregardlibre.com\/produit\/le-regard-libre-n115-dossier-alpes\/#breadcrumb"},"inLanguage":"de","potentialAction":[{"@type":"ReadAction","target":["https:\/\/leregardlibre.com\/produit\/le-regard-libre-n115-dossier-alpes\/"]}]},{"@type":"ImageObject","inLanguage":"de","@id":"https:\/\/leregardlibre.com\/produit\/le-regard-libre-n115-dossier-alpes\/#primaryimage","url":"https:\/\/leregardlibre.com\/wp-content\/uploads\/2025\/04\/une-le-regard-libre-n115-e1743672658576.jpg","contentUrl":"https:\/\/leregardlibre.com\/wp-content\/uploads\/2025\/04\/une-le-regard-libre-n115-e1743672658576.jpg","width":1920,"height":2716,"caption":"Une Le Regard Libre N\u00b0115"},{"@type":"BreadcrumbList","@id":"https:\/\/leregardlibre.com\/produit\/le-regard-libre-n115-dossier-alpes\/#breadcrumb","itemListElement":[{"@type":"ListItem","position":1,"name":"Accueil","item":"https:\/\/leregardlibre.com\/"},{"@type":"ListItem","position":2,"name":"Boutique","item":"https:\/\/leregardlibre.com\/boutique\/"},{"@type":"ListItem","position":3,"name":"Le Regard Libre N\u00b0115 | Dossier ALPES"}]},{"@type":"WebSite","@id":"https:\/\/leregardlibre.com\/#website","url":"https:\/\/leregardlibre.com\/","name":"Le Regard Libre","description":"Erste Schweizer Monatszeitschrift f\u00fcr Debatten","publisher":{"@id":"https:\/\/leregardlibre.com\/#organization"},"potentialAction":[{"@type":"SearchAction","target":{"@type":"EntryPoint","urlTemplate":"https:\/\/leregardlibre.com\/?s={search_term_string}"},"query-input":{"@type":"PropertyValueSpecification","valueRequired":true,"valueName":"search_term_string"}}],"inLanguage":"de"},{"@type":"Organization","@id":"https:\/\/leregardlibre.com\/#organization","name":"Le Regard Libre","url":"https:\/\/leregardlibre.com\/","logo":{"@type":"ImageObject","inLanguage":"de","@id":"https:\/\/leregardlibre.com\/#\/schema\/logo\/image\/","url":"https:\/\/leregardlibre.com\/wp-content\/uploads\/2025\/08\/logo-rl-icone-neg.jpeg","contentUrl":"https:\/\/leregardlibre.com\/wp-content\/uploads\/2025\/08\/logo-rl-icone-neg.jpeg","width":557,"height":556,"caption":"Le Regard Libre"},"image":{"@id":"https:\/\/leregardlibre.com\/#\/schema\/logo\/image\/"},"sameAs":["https:\/\/www.facebook.com\/leregardlibre\/","https:\/\/x.com\/LeRegardLibre","https:\/\/www.linkedin.com\/company\/le-regard-libre","https:\/\/www.instagram.com\/leregardlibre\/","http:\/\/t.me\/leregardlibre","https:\/\/youtube.com\/channel\/UC6HzGPomj1LsUmlz-sJtITQ"],"description":"Le Regard Libre ist eine Schweizer Monatszeitschrift f\u00fcr intellektuelle und kulturelle Debatten. Seine Redaktion ist jung, ehrenamtlich, liberal und pluralistisch. Das Magazin erscheint online und in gedruckter Form. Seine Sprache ist Franz\u00f6sisch.","email":"redaction@leregardlibre.com","legalName":"Le Regard Libre","foundingDate":"2014-01-01","numberOfEmployees":{"@type":"QuantitativeValue","minValue":"11","maxValue":"50"},"publishingPrinciples":"https:\/\/leregardlibre.com\/a-propos\/notre-manifeste\/","ownershipFundingInfo":"https:\/\/leregardlibre.com\/mentions-legales\/","actionableFeedbackPolicy":"https:\/\/leregardlibre.com\/conditions-generales-de-vente\/"}]}},"_links":{"self":[{"href":"https:\/\/leregardlibre.com\/de\/wp-json\/wp\/v2\/product\/527404","targetHints":{"allow":["GET"]}}],"collection":[{"href":"https:\/\/leregardlibre.com\/de\/wp-json\/wp\/v2\/product"}],"about":[{"href":"https:\/\/leregardlibre.com\/de\/wp-json\/wp\/v2\/types\/product"}],"replies":[{"embeddable":true,"href":"https:\/\/leregardlibre.com\/de\/wp-json\/wp\/v2\/comments?post=527404"}],"wp:featuredmedia":[{"embeddable":true,"href":"https:\/\/leregardlibre.com\/de\/wp-json\/wp\/v2\/media\/527407"}],"wp:attachment":[{"href":"https:\/\/leregardlibre.com\/de\/wp-json\/wp\/v2\/media?parent=527404"}],"wp:term":[{"taxonomy":"product_brand","embeddable":true,"href":"https:\/\/leregardlibre.com\/de\/wp-json\/wp\/v2\/product_brand?post=527404"},{"taxonomy":"product_cat","embeddable":true,"href":"https:\/\/leregardlibre.com\/de\/wp-json\/wp\/v2\/product_cat?post=527404"},{"taxonomy":"product_tag","embeddable":true,"href":"https:\/\/leregardlibre.com\/de\/wp-json\/wp\/v2\/product_tag?post=527404"}],"curies":[{"name":"wp","href":"https:\/\/api.w.org\/{rel}","templated":true}]}}