{"id":527819,"date":"2025-05-10T09:43:00","date_gmt":"2025-05-10T07:43:00","guid":{"rendered":"https:\/\/leregardlibre.com\/?post_type=product&#038;p=527819"},"modified":"2026-03-24T18:43:23","modified_gmt":"2026-03-24T17:43:23","slug":"le-regard-libre-n116-dossier-civilite","status":"publish","type":"product","link":"https:\/\/leregardlibre.com\/de\/produkt\/le-regard-libre-n116-dossier-civilite\/","title":{"rendered":"Le Regard Libre Nr. 116 | Dossier CIVILITY"},"content":{"rendered":"<p><em>Le Regard Libre<\/em> Nr. 116 | \u00abMit Unh\u00f6flichkeit umgehen\u00bb<br \/>\nPapierexemplar<br \/>\nAusgabe vom Mai 2025<br \/>\nSchickes Papiermagazinformat<\/p>\n<hr \/>\n<p class=\"p1\"><strong><span class=\"s1\">Meinungen und Reflexionen<br \/>\n<\/span><\/strong><span class=\"s1\">05<\/span> Leitartikel von Jonas Follonier: Trumpismus und Wokismus, sieben \u00c4hnlichkeiten<br \/>\n<span class=\"s1\">07<\/span> Ralph M\u00fcllers Cartridge: H\u00f6flichkeit ist eine gesunde Heuchelei<br \/>\n<span class=\"s1\">08<\/span> Marianne Grosjean: Kinderlose Frauen und \u00fcberforderte M\u00fctter<br \/>\n<span class=\"s1\">09<\/span> Die Lesung von Pascal Couchepin: <i>Gefangen im scharlachroten Traum<\/i>, von Andrej Makine<br \/>\n<span class=\"s1\">10<\/span> Uneinigkeit: Sollte die Anzahl der Unterschriften f\u00fcr Initiativen erh\u00f6ht werden?<br \/>\n<span class=\"s1\">11<\/span> Der Test des Monats: <i>Lachen<\/i> mit Philippe Val<br \/>\n<span class=\"s1\">12<\/span> Marc Bonnant: \u00abAnwalt werden ist eine Gratwanderung\u00bb.\u00bb<br \/>\n<span class=\"s1\">16<\/span> Spanische Freigeister 1\/3: Ortega y Gasset, der Schrei des Liberalismus<br \/>\n<span class=\"s1\">18<\/span> Die Ursachen des menschlichen Fortschritts<\/p>\n<p class=\"p2\"><strong><span class=\"s2\">Dossier: Im Schatten der Alpen<br \/>\n<\/span><\/strong><span class=\"s1\">24<\/span> Kurze Geschichte des Wortes \u00abZivilit\u00e4t\u00bb<br \/>\n<span class=\"s1\">26<\/span> Anstieg von Unzivilisiertheit und Aggressionen in der Schweiz<br \/>\n<span class=\"s1\">28<\/span> \u00abInterview mit SBB-Sprecher: \u00bbDie Gewalt hat sich versch\u00e4rft<br \/>\n<span class=\"s1\">32<\/span> David Lisnard, der B\u00fcrgermeister im Krieg gegen Unzivilisiertheit<br \/>\n<span class=\"s1\">34<\/span> Tugenden der Ritterlichkeit<\/p>\n<p class=\"p3\"><strong><span class=\"s2\">Kultur und Notizb\u00fccher<br \/>\n<\/span><\/strong><span class=\"s1\">38<\/span> Trope setzen: <i>Fourth Wing<\/i>, Wenn die Literatur auf der Strecke bleibt<br \/>\n<span class=\"s1\">40<\/span> Freiheit im Objektiv: Von Caligari zu Disney, die Geschichte eines Liebesentzugs<br \/>\n<span class=\"s1\">42<\/span> Die Melodie als Grundlage der musikalischen Sprache<br \/>\n<span class=\"s1\">43<\/span> Die Ausarbeitungstageb\u00fccher von Theodor Wildt (9\/10)<br \/>\n<span class=\"s1\">44<\/span> Die Fotoreportage von Bernard L\u00e9chot: Wenn der Himmel spricht<br \/>\n<span class=\"s1\">50<\/span> In K\u00fcrze: Incivilit\u00e9s in Lausanne, der Ghilbi-Stil und ein Witz von ChatGPT<\/p>\n<p class=\"p2\"><span class=\"s1\">52<\/span> Abonnement und M\u00e4zenatentum<br \/>\n<span class=\"s1\">54<\/span> Zitate<\/p>","protected":false},"excerpt":{"rendered":"<p>Le Regard Libre N\u00b0116 | \u00abFaire face \u00e0 l\u2019incivilit\u00e9\u00bb Exemplaire papier Edition de mai 2025 Format magazine papier chic Opinions&#8230;<\/p>","protected":false},"featured_media":527822,"comment_status":"open","ping_status":"closed","template":"","meta":{"_acf_changed":false},"product_brand":[],"product_cat":[644340392],"product_tag":[],"class_list":{"0":"post-527819","1":"product","2":"type-product","3":"status-publish","4":"has-post-thumbnail","6":"product_cat-numeros","8":"first","9":"instock","10":"shipping-taxable","11":"purchasable","12":"product-type-variable"},"acf":[],"yoast_head":"<!-- This site is optimized with the Yoast SEO Premium plugin v27.4 (Yoast SEO v27.4) - https:\/\/yoast.com\/product\/yoast-seo-premium-wordpress\/ -->\n<title>Le Regard Libre N\u00b0116 | Dossier CIVILIT\u00c9<\/title>\n<meta name=\"robots\" content=\"index, follow, max-snippet:-1, max-image-preview:large, max-video-preview:-1\" \/>\n<link rel=\"canonical\" href=\"https:\/\/leregardlibre.com\/de\/produkt\/le-regard-libre-n116-dossier-civilite\/\" \/>\n<meta property=\"og:locale\" content=\"de_DE\" \/>\n<meta property=\"og:type\" content=\"article\" \/>\n<meta property=\"og:title\" content=\"Le Regard Libre N\u00b0116 | Dossier CIVILIT\u00c9\" \/>\n<meta property=\"og:description\" content=\"Le Regard Libre N\u00b0116 | \u00abFaire face \u00e0 l\u2019incivilit\u00e9\u00bb Exemplaire papier Edition de mai 2025 Format magazine papier chic Opinions...\" \/>\n<meta property=\"og:url\" content=\"https:\/\/leregardlibre.com\/de\/produkt\/le-regard-libre-n116-dossier-civilite\/\" \/>\n<meta property=\"og:site_name\" content=\"Le Regard Libre\" \/>\n<meta property=\"article:publisher\" content=\"https:\/\/www.facebook.com\/leregardlibre\/\" \/>\n<meta property=\"article:modified_time\" content=\"2026-03-24T17:43:23+00:00\" \/>\n<meta property=\"og:image\" content=\"https:\/\/leregardlibre.com\/wp-content\/uploads\/2025\/05\/une-le-regard-libre-n116-724x1024.jpg\" \/>\n\t<meta property=\"og:image:width\" content=\"724\" \/>\n\t<meta property=\"og:image:height\" content=\"1024\" \/>\n\t<meta property=\"og:image:type\" content=\"image\/jpeg\" \/>\n<meta name=\"twitter:card\" content=\"summary_large_image\" \/>\n<meta name=\"twitter:site\" content=\"@LeRegardLibre\" \/>\n<meta name=\"twitter:label1\" content=\"Gesch\u00e4tzte Lesezeit\" \/>\n\t<meta name=\"twitter:data1\" content=\"2\u00a0Minuten\" \/>\n<script type=\"application\/ld+json\" class=\"yoast-schema-graph\">{\"@context\":\"https:\\\/\\\/schema.org\",\"@graph\":[{\"@type\":\"WebPage\",\"@id\":\"https:\\\/\\\/leregardlibre.com\\\/produit\\\/le-regard-libre-n116-dossier-civilite\\\/\",\"url\":\"https:\\\/\\\/leregardlibre.com\\\/produit\\\/le-regard-libre-n116-dossier-civilite\\\/\",\"name\":\"Le Regard Libre N\u00b0116 | Dossier CIVILIT\u00c9\",\"isPartOf\":{\"@id\":\"https:\\\/\\\/leregardlibre.com\\\/#website\"},\"primaryImageOfPage\":{\"@id\":\"https:\\\/\\\/leregardlibre.com\\\/produit\\\/le-regard-libre-n116-dossier-civilite\\\/#primaryimage\"},\"image\":{\"@id\":\"https:\\\/\\\/leregardlibre.com\\\/produit\\\/le-regard-libre-n116-dossier-civilite\\\/#primaryimage\"},\"thumbnailUrl\":\"https:\\\/\\\/leregardlibre.com\\\/wp-content\\\/uploads\\\/2025\\\/05\\\/une-le-regard-libre-n116-e1746864077350.jpg\",\"datePublished\":\"2025-05-10T07:43:00+00:00\",\"dateModified\":\"2026-03-24T17:43:23+00:00\",\"breadcrumb\":{\"@id\":\"https:\\\/\\\/leregardlibre.com\\\/produit\\\/le-regard-libre-n116-dossier-civilite\\\/#breadcrumb\"},\"inLanguage\":\"de\",\"potentialAction\":[{\"@type\":\"ReadAction\",\"target\":[\"https:\\\/\\\/leregardlibre.com\\\/produit\\\/le-regard-libre-n116-dossier-civilite\\\/\"]}]},{\"@type\":\"ImageObject\",\"inLanguage\":\"de\",\"@id\":\"https:\\\/\\\/leregardlibre.com\\\/produit\\\/le-regard-libre-n116-dossier-civilite\\\/#primaryimage\",\"url\":\"https:\\\/\\\/leregardlibre.com\\\/wp-content\\\/uploads\\\/2025\\\/05\\\/une-le-regard-libre-n116-e1746864077350.jpg\",\"contentUrl\":\"https:\\\/\\\/leregardlibre.com\\\/wp-content\\\/uploads\\\/2025\\\/05\\\/une-le-regard-libre-n116-e1746864077350.jpg\",\"width\":1920,\"height\":2716,\"caption\":\"Une Le Regard Libre N\u00b0116\"},{\"@type\":\"BreadcrumbList\",\"@id\":\"https:\\\/\\\/leregardlibre.com\\\/produit\\\/le-regard-libre-n116-dossier-civilite\\\/#breadcrumb\",\"itemListElement\":[{\"@type\":\"ListItem\",\"position\":1,\"name\":\"Accueil\",\"item\":\"https:\\\/\\\/leregardlibre.com\\\/\"},{\"@type\":\"ListItem\",\"position\":2,\"name\":\"Boutique\",\"item\":\"https:\\\/\\\/leregardlibre.com\\\/boutique\\\/\"},{\"@type\":\"ListItem\",\"position\":3,\"name\":\"Le Regard Libre N\u00b0116 | Dossier CIVILIT\u00c9\"}]},{\"@type\":\"WebSite\",\"@id\":\"https:\\\/\\\/leregardlibre.com\\\/#website\",\"url\":\"https:\\\/\\\/leregardlibre.com\\\/\",\"name\":\"Le Regard Libre\",\"description\":\"Premier mensuel suisse de d\u00e9bat\",\"publisher\":{\"@id\":\"https:\\\/\\\/leregardlibre.com\\\/#organization\"},\"potentialAction\":[{\"@type\":\"SearchAction\",\"target\":{\"@type\":\"EntryPoint\",\"urlTemplate\":\"https:\\\/\\\/leregardlibre.com\\\/?s={search_term_string}\"},\"query-input\":{\"@type\":\"PropertyValueSpecification\",\"valueRequired\":true,\"valueName\":\"search_term_string\"}}],\"inLanguage\":\"de\"},{\"@type\":\"Organization\",\"@id\":\"https:\\\/\\\/leregardlibre.com\\\/#organization\",\"name\":\"Le Regard Libre\",\"url\":\"https:\\\/\\\/leregardlibre.com\\\/\",\"logo\":{\"@type\":\"ImageObject\",\"inLanguage\":\"de\",\"@id\":\"https:\\\/\\\/leregardlibre.com\\\/#\\\/schema\\\/logo\\\/image\\\/\",\"url\":\"https:\\\/\\\/leregardlibre.com\\\/wp-content\\\/uploads\\\/2025\\\/08\\\/logo-rl-icone-neg.jpeg\",\"contentUrl\":\"https:\\\/\\\/leregardlibre.com\\\/wp-content\\\/uploads\\\/2025\\\/08\\\/logo-rl-icone-neg.jpeg\",\"width\":557,\"height\":556,\"caption\":\"Le Regard Libre\"},\"image\":{\"@id\":\"https:\\\/\\\/leregardlibre.com\\\/#\\\/schema\\\/logo\\\/image\\\/\"},\"sameAs\":[\"https:\\\/\\\/www.facebook.com\\\/leregardlibre\\\/\",\"https:\\\/\\\/x.com\\\/LeRegardLibre\",\"https:\\\/\\\/www.linkedin.com\\\/company\\\/le-regard-libre\",\"https:\\\/\\\/www.instagram.com\\\/leregardlibre\\\/\",\"http:\\\/\\\/t.me\\\/leregardlibre\",\"https:\\\/\\\/youtube.com\\\/channel\\\/UC6HzGPomj1LsUmlz-sJtITQ\"],\"description\":\"Le Regard Libre est un mensuel suisse de d\u00e9bat intellectuel et culturel. Sa r\u00e9daction est jeune, b\u00e9n\u00e9vole, lib\u00e9rale et pluraliste. Le magazine para\u00eet en ligne et sous forme papier. Sa langue est le fran\u00e7ais.\",\"email\":\"redaction@leregardlibre.com\",\"legalName\":\"Le Regard Libre\",\"foundingDate\":\"2014-01-01\",\"numberOfEmployees\":{\"@type\":\"QuantitativeValue\",\"minValue\":\"11\",\"maxValue\":\"50\"},\"publishingPrinciples\":\"https:\\\/\\\/leregardlibre.com\\\/a-propos\\\/notre-manifeste\\\/\",\"ownershipFundingInfo\":\"https:\\\/\\\/leregardlibre.com\\\/mentions-legales\\\/\",\"actionableFeedbackPolicy\":\"https:\\\/\\\/leregardlibre.com\\\/conditions-generales-de-vente\\\/\"}]}<\/script>\n<!-- \/ Yoast SEO Premium plugin. -->","yoast_head_json":{"title":"Le Regard Libre Nr. 116 | Dossier CIVILITY","robots":{"index":"index","follow":"follow","max-snippet":"max-snippet:-1","max-image-preview":"max-image-preview:large","max-video-preview":"max-video-preview:-1"},"canonical":"https:\/\/leregardlibre.com\/de\/produkt\/le-regard-libre-n116-dossier-civilite\/","og_locale":"de_DE","og_type":"article","og_title":"Le Regard Libre N\u00b0116 | Dossier CIVILIT\u00c9","og_description":"Le Regard Libre N\u00b0116 | \u00abFaire face \u00e0 l\u2019incivilit\u00e9\u00bb Exemplaire papier Edition de mai 2025 Format magazine papier chic Opinions...","og_url":"https:\/\/leregardlibre.com\/de\/produkt\/le-regard-libre-n116-dossier-civilite\/","og_site_name":"Le Regard Libre","article_publisher":"https:\/\/www.facebook.com\/leregardlibre\/","article_modified_time":"2026-03-24T17:43:23+00:00","og_image":[{"width":724,"height":1024,"url":"https:\/\/leregardlibre.com\/wp-content\/uploads\/2025\/05\/une-le-regard-libre-n116-724x1024.jpg","type":"image\/jpeg"}],"twitter_card":"summary_large_image","twitter_site":"@LeRegardLibre","twitter_misc":{"Gesch\u00e4tzte Lesezeit":"2\u00a0Minuten"},"schema":{"@context":"https:\/\/schema.org","@graph":[{"@type":"WebPage","@id":"https:\/\/leregardlibre.com\/produit\/le-regard-libre-n116-dossier-civilite\/","url":"https:\/\/leregardlibre.com\/produit\/le-regard-libre-n116-dossier-civilite\/","name":"Le Regard Libre Nr. 116 | Dossier CIVILITY","isPartOf":{"@id":"https:\/\/leregardlibre.com\/#website"},"primaryImageOfPage":{"@id":"https:\/\/leregardlibre.com\/produit\/le-regard-libre-n116-dossier-civilite\/#primaryimage"},"image":{"@id":"https:\/\/leregardlibre.com\/produit\/le-regard-libre-n116-dossier-civilite\/#primaryimage"},"thumbnailUrl":"https:\/\/leregardlibre.com\/wp-content\/uploads\/2025\/05\/une-le-regard-libre-n116-e1746864077350.jpg","datePublished":"2025-05-10T07:43:00+00:00","dateModified":"2026-03-24T17:43:23+00:00","breadcrumb":{"@id":"https:\/\/leregardlibre.com\/produit\/le-regard-libre-n116-dossier-civilite\/#breadcrumb"},"inLanguage":"de","potentialAction":[{"@type":"ReadAction","target":["https:\/\/leregardlibre.com\/produit\/le-regard-libre-n116-dossier-civilite\/"]}]},{"@type":"ImageObject","inLanguage":"de","@id":"https:\/\/leregardlibre.com\/produit\/le-regard-libre-n116-dossier-civilite\/#primaryimage","url":"https:\/\/leregardlibre.com\/wp-content\/uploads\/2025\/05\/une-le-regard-libre-n116-e1746864077350.jpg","contentUrl":"https:\/\/leregardlibre.com\/wp-content\/uploads\/2025\/05\/une-le-regard-libre-n116-e1746864077350.jpg","width":1920,"height":2716,"caption":"Une Le Regard Libre N\u00b0116"},{"@type":"BreadcrumbList","@id":"https:\/\/leregardlibre.com\/produit\/le-regard-libre-n116-dossier-civilite\/#breadcrumb","itemListElement":[{"@type":"ListItem","position":1,"name":"Accueil","item":"https:\/\/leregardlibre.com\/"},{"@type":"ListItem","position":2,"name":"Boutique","item":"https:\/\/leregardlibre.com\/boutique\/"},{"@type":"ListItem","position":3,"name":"Le Regard Libre N\u00b0116 | Dossier CIVILIT\u00c9"}]},{"@type":"WebSite","@id":"https:\/\/leregardlibre.com\/#website","url":"https:\/\/leregardlibre.com\/","name":"Le Regard Libre","description":"Erste Schweizer Monatszeitschrift f\u00fcr Debatten","publisher":{"@id":"https:\/\/leregardlibre.com\/#organization"},"potentialAction":[{"@type":"SearchAction","target":{"@type":"EntryPoint","urlTemplate":"https:\/\/leregardlibre.com\/?s={search_term_string}"},"query-input":{"@type":"PropertyValueSpecification","valueRequired":true,"valueName":"search_term_string"}}],"inLanguage":"de"},{"@type":"Organization","@id":"https:\/\/leregardlibre.com\/#organization","name":"Le Regard Libre","url":"https:\/\/leregardlibre.com\/","logo":{"@type":"ImageObject","inLanguage":"de","@id":"https:\/\/leregardlibre.com\/#\/schema\/logo\/image\/","url":"https:\/\/leregardlibre.com\/wp-content\/uploads\/2025\/08\/logo-rl-icone-neg.jpeg","contentUrl":"https:\/\/leregardlibre.com\/wp-content\/uploads\/2025\/08\/logo-rl-icone-neg.jpeg","width":557,"height":556,"caption":"Le Regard Libre"},"image":{"@id":"https:\/\/leregardlibre.com\/#\/schema\/logo\/image\/"},"sameAs":["https:\/\/www.facebook.com\/leregardlibre\/","https:\/\/x.com\/LeRegardLibre","https:\/\/www.linkedin.com\/company\/le-regard-libre","https:\/\/www.instagram.com\/leregardlibre\/","http:\/\/t.me\/leregardlibre","https:\/\/youtube.com\/channel\/UC6HzGPomj1LsUmlz-sJtITQ"],"description":"Le Regard Libre ist eine Schweizer Monatszeitschrift f\u00fcr intellektuelle und kulturelle Debatten. Seine Redaktion ist jung, ehrenamtlich, liberal und pluralistisch. Das Magazin erscheint online und in gedruckter Form. Seine Sprache ist Franz\u00f6sisch.","email":"redaction@leregardlibre.com","legalName":"Le Regard Libre","foundingDate":"2014-01-01","numberOfEmployees":{"@type":"QuantitativeValue","minValue":"11","maxValue":"50"},"publishingPrinciples":"https:\/\/leregardlibre.com\/a-propos\/notre-manifeste\/","ownershipFundingInfo":"https:\/\/leregardlibre.com\/mentions-legales\/","actionableFeedbackPolicy":"https:\/\/leregardlibre.com\/conditions-generales-de-vente\/"}]}},"_links":{"self":[{"href":"https:\/\/leregardlibre.com\/de\/wp-json\/wp\/v2\/product\/527819","targetHints":{"allow":["GET"]}}],"collection":[{"href":"https:\/\/leregardlibre.com\/de\/wp-json\/wp\/v2\/product"}],"about":[{"href":"https:\/\/leregardlibre.com\/de\/wp-json\/wp\/v2\/types\/product"}],"replies":[{"embeddable":true,"href":"https:\/\/leregardlibre.com\/de\/wp-json\/wp\/v2\/comments?post=527819"}],"wp:featuredmedia":[{"embeddable":true,"href":"https:\/\/leregardlibre.com\/de\/wp-json\/wp\/v2\/media\/527822"}],"wp:attachment":[{"href":"https:\/\/leregardlibre.com\/de\/wp-json\/wp\/v2\/media?parent=527819"}],"wp:term":[{"taxonomy":"product_brand","embeddable":true,"href":"https:\/\/leregardlibre.com\/de\/wp-json\/wp\/v2\/product_brand?post=527819"},{"taxonomy":"product_cat","embeddable":true,"href":"https:\/\/leregardlibre.com\/de\/wp-json\/wp\/v2\/product_cat?post=527819"},{"taxonomy":"product_tag","embeddable":true,"href":"https:\/\/leregardlibre.com\/de\/wp-json\/wp\/v2\/product_tag?post=527819"}],"curies":[{"name":"wp","href":"https:\/\/api.w.org\/{rel}","templated":true}]}}