{"id":528909,"date":"2025-08-30T19:34:24","date_gmt":"2025-08-30T17:34:24","guid":{"rendered":"https:\/\/leregardlibre.com\/?post_type=product&#038;p=528909"},"modified":"2025-09-21T14:04:58","modified_gmt":"2025-09-21T12:04:58","slug":"le-regard-libre-n119-dossier-la-bagnole-sous-la-loupe-das-auto-unter-der-lupe","status":"publish","type":"product","link":"https:\/\/leregardlibre.com\/de\/produkt\/le-regard-libre-n119-dossier-la-bagnole-sous-la-loupe-das-auto-unter-der-lupe\/","title":{"rendered":"Le Regard Libre N\u00b0119 | Dossier \u00abDas Auto unter der Lupe\u00bb.\u00bb"},"content":{"rendered":"<p><em>Le Regard Libre<\/em> Nr. 119 | \u00abDas Auto unter der Lupe\u00bb<br \/>\nPapierexemplar<br \/>\nAusgabe vom September 2025<br \/>\nSchickes Papiermagazinformat<\/p>\n<hr \/>\n<p class=\"p1\"><strong><span class=\"s1\">Meinungen und Reflexionen<br \/>\n<\/span><\/strong><\/p>\n<p class=\"p1\"><span class=\"s1\">05<\/span> Editorial von Antoine-Fr\u00e9d\u00e9ric Bernhard: Regimes vergehen, L\u00e4nder bleiben<br \/>\n<span class=\"s1\">07<\/span> Ralph M\u00fcllers Patrone: Narzissmus - eine unauff\u00e4llige Gewalttat<br \/>\n<span class=\"s1\">08<\/span> Marianne Grosjean: Das Beispiel der Sabinerinnen<br \/>\n<span class=\"s1\">09<\/span> Lesung von Pascal Couchepin: Der Rat von Niz\u00e4a - ein einzigartiger Fall<br \/>\n<span class=\"s1\">10<\/span> Uneinigkeit: Soll die doppelte Mehrheit f\u00fcr Abkommen zwischen der Schweiz und der EU eingef\u00fchrt werden?<br \/>\n<span class=\"s1\">11<\/span> Test des Monats: Warnung vor der Ideologisierung von Wikipedia<br \/>\n<span class=\"s1\">12<\/span> David Betz: \u00abEin B\u00fcrgerkrieg wird irgendwann unvermeidlich sein\u00bb.\u00bb<\/p>\n<p class=\"p5\"><strong><span class=\"s1\">Dossier: Das Auto unter der Lupe<br \/>\n<\/span><\/strong><span class=\"s1\">20<\/span> L<span class=\"s2\">a Auto nicht mehr die gleiche Vorstellung von Freiheit widerspiegelt<br \/>\n<\/span><span class=\"s1\">22<\/span> <span class=\"s2\">Von der Tods\u00fcnde zur Erl\u00f6sung<br \/>\n<\/span><span class=\"s1\">24<\/span> Carlos Moreno: \u00abDas Auto in der Stadt muss im 21.<sup>.<\/sup> Jahrhundert\u00bb<br \/>\n<span class=\"s1\">30<\/span> Das fliegende Auto - hartn\u00e4ckiges Scheitern einer ertr\u00e4umten Zukunft<br \/>\n<span class=\"s1\">34<\/span> Die Liebe im Auto, von Flaubert bis Proust<\/p>\n<p class=\"p1\"><strong><span class=\"s1\">Kultur und Notizb\u00fccher<br \/>\n<\/span><\/strong><span class=\"s1\">38<\/span> Lob des langen Satzes<br \/>\n<span class=\"s1\">40<\/span> Trope setzen: <i>Denn<\/i>, Der amerikanische Traum in vollen Z\u00fcgen<br \/>\n<span class=\"s1\">42<\/span> Freiheit im Objektiv: Die siebte Kunst lebt auf Festivals wieder auf<br \/>\n<span class=\"s1\">44<\/span> Die Fotoreportage von Bernard L\u00e9chot: Im Herzen des Gor<br \/>\n<span class=\"s1\">50<\/span> In K\u00fcrze: Das Mittelmeer, eine sch\u00f6ne Blondine und der gro\u00dfe Elefant im Raum<\/p>\n<p class=\"p1\"><span class=\"s2\">52<\/span> Abonnement und M\u00e4zenatentum<br \/>\n<span class=\"s2\">54<\/span> Zitate<\/p>","protected":false},"excerpt":{"rendered":"<p>Le Regard Libre N\u00b0119 | \u00abLa bagnole sous la loupe\u00bb Exemplaire papier Edition de septembre 2025 Format magazine papier chic&#8230;<\/p>","protected":false},"featured_media":528912,"comment_status":"open","ping_status":"closed","template":"","meta":{"_acf_changed":false},"product_brand":[],"product_cat":[644340392],"product_tag":[],"class_list":{"0":"post-528909","1":"product","2":"type-product","3":"status-publish","4":"has-post-thumbnail","6":"product_cat-numeros","8":"first","9":"instock","10":"shipping-taxable","11":"purchasable","12":"product-type-variable"},"acf":[],"yoast_head":"<!-- This site is optimized with the Yoast SEO Premium plugin v27.4 (Yoast SEO v27.4) - https:\/\/yoast.com\/product\/yoast-seo-premium-wordpress\/ -->\n<title>Le Regard Libre N\u00b0119 | Dossier \u00abLa bagnole sous la loupe\u00bb<\/title>\n<meta name=\"robots\" content=\"index, follow, max-snippet:-1, max-image-preview:large, max-video-preview:-1\" \/>\n<link rel=\"canonical\" href=\"https:\/\/leregardlibre.com\/de\/produkt\/le-regard-libre-n119-dossier-la-bagnole-sous-la-loupe-das-auto-unter-der-lupe\/\" \/>\n<meta property=\"og:locale\" content=\"de_DE\" \/>\n<meta property=\"og:type\" content=\"article\" \/>\n<meta property=\"og:title\" content=\"Le Regard Libre N\u00b0119 | Dossier \u00abLa bagnole sous la loupe\u00bb\" \/>\n<meta property=\"og:description\" content=\"Le Regard Libre N\u00b0119 | \u00abLa bagnole sous la loupe\u00bb Exemplaire papier Edition de septembre 2025 Format magazine papier chic...\" \/>\n<meta property=\"og:url\" content=\"https:\/\/leregardlibre.com\/de\/produkt\/le-regard-libre-n119-dossier-la-bagnole-sous-la-loupe-das-auto-unter-der-lupe\/\" \/>\n<meta property=\"og:site_name\" content=\"Le Regard Libre\" \/>\n<meta property=\"article:publisher\" content=\"https:\/\/www.facebook.com\/leregardlibre\/\" \/>\n<meta property=\"article:modified_time\" content=\"2025-09-21T12:04:58+00:00\" \/>\n<meta property=\"og:image\" content=\"https:\/\/leregardlibre.com\/wp-content\/uploads\/2025\/08\/une-le-regard-libre-n119-e1756579464225.jpg\" \/>\n\t<meta property=\"og:image:width\" content=\"1357\" \/>\n\t<meta property=\"og:image:height\" content=\"1920\" \/>\n\t<meta property=\"og:image:type\" content=\"image\/jpeg\" \/>\n<meta name=\"twitter:card\" content=\"summary_large_image\" \/>\n<meta name=\"twitter:site\" content=\"@LeRegardLibre\" \/>\n<meta name=\"twitter:label1\" content=\"Gesch\u00e4tzte Lesezeit\" \/>\n\t<meta name=\"twitter:data1\" content=\"2\u00a0Minuten\" \/>\n<script type=\"application\/ld+json\" class=\"yoast-schema-graph\">{\"@context\":\"https:\\\/\\\/schema.org\",\"@graph\":[{\"@type\":\"WebPage\",\"@id\":\"https:\\\/\\\/leregardlibre.com\\\/produit\\\/le-regard-libre-n119-dossier-la-bagnole-sous-la-loupe\\\/\",\"url\":\"https:\\\/\\\/leregardlibre.com\\\/produit\\\/le-regard-libre-n119-dossier-la-bagnole-sous-la-loupe\\\/\",\"name\":\"Le Regard Libre N\u00b0119 | Dossier \u00abLa bagnole sous la loupe\u00bb\",\"isPartOf\":{\"@id\":\"https:\\\/\\\/leregardlibre.com\\\/#website\"},\"primaryImageOfPage\":{\"@id\":\"https:\\\/\\\/leregardlibre.com\\\/produit\\\/le-regard-libre-n119-dossier-la-bagnole-sous-la-loupe\\\/#primaryimage\"},\"image\":{\"@id\":\"https:\\\/\\\/leregardlibre.com\\\/produit\\\/le-regard-libre-n119-dossier-la-bagnole-sous-la-loupe\\\/#primaryimage\"},\"thumbnailUrl\":\"https:\\\/\\\/leregardlibre.com\\\/wp-content\\\/uploads\\\/2025\\\/08\\\/une-le-regard-libre-n119-e1756579464225.jpg\",\"datePublished\":\"2025-08-30T17:34:24+00:00\",\"dateModified\":\"2025-09-21T12:04:58+00:00\",\"breadcrumb\":{\"@id\":\"https:\\\/\\\/leregardlibre.com\\\/produit\\\/le-regard-libre-n119-dossier-la-bagnole-sous-la-loupe\\\/#breadcrumb\"},\"inLanguage\":\"de\",\"potentialAction\":[{\"@type\":\"ReadAction\",\"target\":[\"https:\\\/\\\/leregardlibre.com\\\/produit\\\/le-regard-libre-n119-dossier-la-bagnole-sous-la-loupe\\\/\"]}]},{\"@type\":\"ImageObject\",\"inLanguage\":\"de\",\"@id\":\"https:\\\/\\\/leregardlibre.com\\\/produit\\\/le-regard-libre-n119-dossier-la-bagnole-sous-la-loupe\\\/#primaryimage\",\"url\":\"https:\\\/\\\/leregardlibre.com\\\/wp-content\\\/uploads\\\/2025\\\/08\\\/une-le-regard-libre-n119-e1756579464225.jpg\",\"contentUrl\":\"https:\\\/\\\/leregardlibre.com\\\/wp-content\\\/uploads\\\/2025\\\/08\\\/une-le-regard-libre-n119-e1756579464225.jpg\",\"width\":1357,\"height\":1920,\"caption\":\"Une Le Regard Libre N\u00b0119\"},{\"@type\":\"BreadcrumbList\",\"@id\":\"https:\\\/\\\/leregardlibre.com\\\/produit\\\/le-regard-libre-n119-dossier-la-bagnole-sous-la-loupe\\\/#breadcrumb\",\"itemListElement\":[{\"@type\":\"ListItem\",\"position\":1,\"name\":\"Accueil\",\"item\":\"https:\\\/\\\/leregardlibre.com\\\/\"},{\"@type\":\"ListItem\",\"position\":2,\"name\":\"Boutique\",\"item\":\"https:\\\/\\\/leregardlibre.com\\\/boutique\\\/\"},{\"@type\":\"ListItem\",\"position\":3,\"name\":\"Le Regard Libre N\u00b0119 | Dossier \u00abLa bagnole sous la loupe\u00bb\"}]},{\"@type\":\"WebSite\",\"@id\":\"https:\\\/\\\/leregardlibre.com\\\/#website\",\"url\":\"https:\\\/\\\/leregardlibre.com\\\/\",\"name\":\"Le Regard Libre\",\"description\":\"Premier mensuel suisse de d\u00e9bat\",\"publisher\":{\"@id\":\"https:\\\/\\\/leregardlibre.com\\\/#organization\"},\"potentialAction\":[{\"@type\":\"SearchAction\",\"target\":{\"@type\":\"EntryPoint\",\"urlTemplate\":\"https:\\\/\\\/leregardlibre.com\\\/?s={search_term_string}\"},\"query-input\":{\"@type\":\"PropertyValueSpecification\",\"valueRequired\":true,\"valueName\":\"search_term_string\"}}],\"inLanguage\":\"de\"},{\"@type\":\"Organization\",\"@id\":\"https:\\\/\\\/leregardlibre.com\\\/#organization\",\"name\":\"Le Regard Libre\",\"url\":\"https:\\\/\\\/leregardlibre.com\\\/\",\"logo\":{\"@type\":\"ImageObject\",\"inLanguage\":\"de\",\"@id\":\"https:\\\/\\\/leregardlibre.com\\\/#\\\/schema\\\/logo\\\/image\\\/\",\"url\":\"https:\\\/\\\/leregardlibre.com\\\/wp-content\\\/uploads\\\/2025\\\/08\\\/logo-rl-icone-neg.jpeg\",\"contentUrl\":\"https:\\\/\\\/leregardlibre.com\\\/wp-content\\\/uploads\\\/2025\\\/08\\\/logo-rl-icone-neg.jpeg\",\"width\":557,\"height\":556,\"caption\":\"Le Regard Libre\"},\"image\":{\"@id\":\"https:\\\/\\\/leregardlibre.com\\\/#\\\/schema\\\/logo\\\/image\\\/\"},\"sameAs\":[\"https:\\\/\\\/www.facebook.com\\\/leregardlibre\\\/\",\"https:\\\/\\\/x.com\\\/LeRegardLibre\",\"https:\\\/\\\/www.linkedin.com\\\/company\\\/le-regard-libre\",\"https:\\\/\\\/www.instagram.com\\\/leregardlibre\\\/\",\"http:\\\/\\\/t.me\\\/leregardlibre\",\"https:\\\/\\\/youtube.com\\\/channel\\\/UC6HzGPomj1LsUmlz-sJtITQ\"],\"description\":\"Le Regard Libre est un mensuel suisse de d\u00e9bat intellectuel et culturel. Sa r\u00e9daction est jeune, b\u00e9n\u00e9vole, lib\u00e9rale et pluraliste. Le magazine para\u00eet en ligne et sous forme papier. Sa langue est le fran\u00e7ais.\",\"email\":\"redaction@leregardlibre.com\",\"legalName\":\"Le Regard Libre\",\"foundingDate\":\"2014-01-01\",\"numberOfEmployees\":{\"@type\":\"QuantitativeValue\",\"minValue\":\"11\",\"maxValue\":\"50\"},\"publishingPrinciples\":\"https:\\\/\\\/leregardlibre.com\\\/a-propos\\\/notre-manifeste\\\/\",\"ownershipFundingInfo\":\"https:\\\/\\\/leregardlibre.com\\\/mentions-legales\\\/\",\"actionableFeedbackPolicy\":\"https:\\\/\\\/leregardlibre.com\\\/conditions-generales-de-vente\\\/\"}]}<\/script>\n<!-- \/ Yoast SEO Premium plugin. -->","yoast_head_json":{"title":"Le Regard Libre N\u00b0119 | Dossier \u00abDas Auto unter der Lupe\u00bb.\u00bb","robots":{"index":"index","follow":"follow","max-snippet":"max-snippet:-1","max-image-preview":"max-image-preview:large","max-video-preview":"max-video-preview:-1"},"canonical":"https:\/\/leregardlibre.com\/de\/produkt\/le-regard-libre-n119-dossier-la-bagnole-sous-la-loupe-das-auto-unter-der-lupe\/","og_locale":"de_DE","og_type":"article","og_title":"Le Regard Libre N\u00b0119 | Dossier \u00abLa bagnole sous la loupe\u00bb","og_description":"Le Regard Libre N\u00b0119 | \u00abLa bagnole sous la loupe\u00bb Exemplaire papier Edition de septembre 2025 Format magazine papier chic...","og_url":"https:\/\/leregardlibre.com\/de\/produkt\/le-regard-libre-n119-dossier-la-bagnole-sous-la-loupe-das-auto-unter-der-lupe\/","og_site_name":"Le Regard Libre","article_publisher":"https:\/\/www.facebook.com\/leregardlibre\/","article_modified_time":"2025-09-21T12:04:58+00:00","og_image":[{"width":1357,"height":1920,"url":"https:\/\/leregardlibre.com\/wp-content\/uploads\/2025\/08\/une-le-regard-libre-n119-e1756579464225.jpg","type":"image\/jpeg"}],"twitter_card":"summary_large_image","twitter_site":"@LeRegardLibre","twitter_misc":{"Gesch\u00e4tzte Lesezeit":"2\u00a0Minuten"},"schema":{"@context":"https:\/\/schema.org","@graph":[{"@type":"WebPage","@id":"https:\/\/leregardlibre.com\/produit\/le-regard-libre-n119-dossier-la-bagnole-sous-la-loupe\/","url":"https:\/\/leregardlibre.com\/produit\/le-regard-libre-n119-dossier-la-bagnole-sous-la-loupe\/","name":"Le Regard Libre N\u00b0119 | Dossier \u00abDas Auto unter der Lupe\u00bb.\u00bb","isPartOf":{"@id":"https:\/\/leregardlibre.com\/#website"},"primaryImageOfPage":{"@id":"https:\/\/leregardlibre.com\/produit\/le-regard-libre-n119-dossier-la-bagnole-sous-la-loupe\/#primaryimage"},"image":{"@id":"https:\/\/leregardlibre.com\/produit\/le-regard-libre-n119-dossier-la-bagnole-sous-la-loupe\/#primaryimage"},"thumbnailUrl":"https:\/\/leregardlibre.com\/wp-content\/uploads\/2025\/08\/une-le-regard-libre-n119-e1756579464225.jpg","datePublished":"2025-08-30T17:34:24+00:00","dateModified":"2025-09-21T12:04:58+00:00","breadcrumb":{"@id":"https:\/\/leregardlibre.com\/produit\/le-regard-libre-n119-dossier-la-bagnole-sous-la-loupe\/#breadcrumb"},"inLanguage":"de","potentialAction":[{"@type":"ReadAction","target":["https:\/\/leregardlibre.com\/produit\/le-regard-libre-n119-dossier-la-bagnole-sous-la-loupe\/"]}]},{"@type":"ImageObject","inLanguage":"de","@id":"https:\/\/leregardlibre.com\/produit\/le-regard-libre-n119-dossier-la-bagnole-sous-la-loupe\/#primaryimage","url":"https:\/\/leregardlibre.com\/wp-content\/uploads\/2025\/08\/une-le-regard-libre-n119-e1756579464225.jpg","contentUrl":"https:\/\/leregardlibre.com\/wp-content\/uploads\/2025\/08\/une-le-regard-libre-n119-e1756579464225.jpg","width":1357,"height":1920,"caption":"Une Le Regard Libre N\u00b0119"},{"@type":"BreadcrumbList","@id":"https:\/\/leregardlibre.com\/produit\/le-regard-libre-n119-dossier-la-bagnole-sous-la-loupe\/#breadcrumb","itemListElement":[{"@type":"ListItem","position":1,"name":"Accueil","item":"https:\/\/leregardlibre.com\/"},{"@type":"ListItem","position":2,"name":"Boutique","item":"https:\/\/leregardlibre.com\/boutique\/"},{"@type":"ListItem","position":3,"name":"Le Regard Libre N\u00b0119 | Dossier \u00abLa bagnole sous la loupe\u00bb"}]},{"@type":"WebSite","@id":"https:\/\/leregardlibre.com\/#website","url":"https:\/\/leregardlibre.com\/","name":"Le Regard Libre","description":"Erste Schweizer Monatszeitschrift f\u00fcr Debatten","publisher":{"@id":"https:\/\/leregardlibre.com\/#organization"},"potentialAction":[{"@type":"SearchAction","target":{"@type":"EntryPoint","urlTemplate":"https:\/\/leregardlibre.com\/?s={search_term_string}"},"query-input":{"@type":"PropertyValueSpecification","valueRequired":true,"valueName":"search_term_string"}}],"inLanguage":"de"},{"@type":"Organization","@id":"https:\/\/leregardlibre.com\/#organization","name":"Le Regard Libre","url":"https:\/\/leregardlibre.com\/","logo":{"@type":"ImageObject","inLanguage":"de","@id":"https:\/\/leregardlibre.com\/#\/schema\/logo\/image\/","url":"https:\/\/leregardlibre.com\/wp-content\/uploads\/2025\/08\/logo-rl-icone-neg.jpeg","contentUrl":"https:\/\/leregardlibre.com\/wp-content\/uploads\/2025\/08\/logo-rl-icone-neg.jpeg","width":557,"height":556,"caption":"Le Regard Libre"},"image":{"@id":"https:\/\/leregardlibre.com\/#\/schema\/logo\/image\/"},"sameAs":["https:\/\/www.facebook.com\/leregardlibre\/","https:\/\/x.com\/LeRegardLibre","https:\/\/www.linkedin.com\/company\/le-regard-libre","https:\/\/www.instagram.com\/leregardlibre\/","http:\/\/t.me\/leregardlibre","https:\/\/youtube.com\/channel\/UC6HzGPomj1LsUmlz-sJtITQ"],"description":"Le Regard Libre ist eine Schweizer Monatszeitschrift f\u00fcr intellektuelle und kulturelle Debatten. Seine Redaktion ist jung, ehrenamtlich, liberal und pluralistisch. Das Magazin erscheint online und in gedruckter Form. Seine Sprache ist Franz\u00f6sisch.","email":"redaction@leregardlibre.com","legalName":"Le Regard Libre","foundingDate":"2014-01-01","numberOfEmployees":{"@type":"QuantitativeValue","minValue":"11","maxValue":"50"},"publishingPrinciples":"https:\/\/leregardlibre.com\/a-propos\/notre-manifeste\/","ownershipFundingInfo":"https:\/\/leregardlibre.com\/mentions-legales\/","actionableFeedbackPolicy":"https:\/\/leregardlibre.com\/conditions-generales-de-vente\/"}]}},"_links":{"self":[{"href":"https:\/\/leregardlibre.com\/de\/wp-json\/wp\/v2\/product\/528909","targetHints":{"allow":["GET"]}}],"collection":[{"href":"https:\/\/leregardlibre.com\/de\/wp-json\/wp\/v2\/product"}],"about":[{"href":"https:\/\/leregardlibre.com\/de\/wp-json\/wp\/v2\/types\/product"}],"replies":[{"embeddable":true,"href":"https:\/\/leregardlibre.com\/de\/wp-json\/wp\/v2\/comments?post=528909"}],"wp:featuredmedia":[{"embeddable":true,"href":"https:\/\/leregardlibre.com\/de\/wp-json\/wp\/v2\/media\/528912"}],"wp:attachment":[{"href":"https:\/\/leregardlibre.com\/de\/wp-json\/wp\/v2\/media?parent=528909"}],"wp:term":[{"taxonomy":"product_brand","embeddable":true,"href":"https:\/\/leregardlibre.com\/de\/wp-json\/wp\/v2\/product_brand?post=528909"},{"taxonomy":"product_cat","embeddable":true,"href":"https:\/\/leregardlibre.com\/de\/wp-json\/wp\/v2\/product_cat?post=528909"},{"taxonomy":"product_tag","embeddable":true,"href":"https:\/\/leregardlibre.com\/de\/wp-json\/wp\/v2\/product_tag?post=528909"}],"curies":[{"name":"wp","href":"https:\/\/api.w.org\/{rel}","templated":true}]}}