{"id":530244,"date":"2025-12-11T17:29:36","date_gmt":"2025-12-11T16:29:36","guid":{"rendered":"https:\/\/leregardlibre.com\/?post_type=product&#038;p=530244"},"modified":"2026-03-15T12:17:25","modified_gmt":"2026-03-15T11:17:25","slug":"le-regard-libre-n122-dossier-kritik-an-der-demokratie","status":"publish","type":"product","link":"https:\/\/leregardlibre.com\/de\/produkt\/le-regard-libre-n122-dossier-kritik-an-der-demokratie\/","title":{"rendered":"Le Regard Libre Nr. 122 | Dossier \u00abKritik an der Demokratie\u00bb.\u00bb"},"content":{"rendered":"<p><em>Le Regard Libre<\/em> Nr. 122 | \u00abKritik der Demokratie\u00bb<br \/>\nPapierexemplar<br \/>\nAusgabe vom Dezember 2025<br \/>\nSchickes Papiermagazinformat<\/p>\n<hr \/>\n<p class=\"p1\"><strong><span class=\"s1\">Meinungen und Reflexionen<\/span><\/strong><\/p>\n<p class=\"p2\"><span class=\"s2\">05<\/span> Jonas Follonier: Das freie Wort, ein Jazz-Solo<br \/>\n<span class=\"s2\">07<\/span> Ralph M\u00fcllers Patrone: Stoppt die Eugenik<br \/>\n<span class=\"s2\">08<\/span> Marianne Grosjeans Trib\u00fcne: Trocken, n\u00fcchtern und gelassen<br \/>\n<span class=\"s2\">09<\/span> Die Lesung von Pascal Couchepin: \u00abFake news\u00bb des Zweiten Kaiserreichs<br \/>\n<span class=\"s2\">10<\/span> Deirdre McCloskey auf freiem Fu\u00df: Ein Staat ist keine Familie<br \/>\n<span class=\"s2\">11<\/span> Meinungsverschiedenheiten: Sollte es an \u00f6ffentlichen Schulen Uniformen geben?<br \/>\n<span class=\"s2\">12<\/span> Der Essay des Monats: Das Politische denken durch <i>Le Je et le Nous<br \/>\n<\/i><i><\/i><span class=\"s2\">13<\/span> Cass Sunstein: \u00abDie wahre Kluft besteht zwischen Liberalen und Anti-Liberalen\u00bb.\u00bb<br \/>\n<span class=\"s2\">18<\/span> Nora Bussigny: \u00abFeministische Aktivistinnen feierten die Hamas-Massaker\u00bb.\u00bb<\/p>\n<p class=\"p4\"><strong><span class=\"s1\">Dossier: Kritik an der Demokratie<br \/>\n<\/span><\/strong><span class=\"s2\">24<\/span> Die Demokratie und ihre Feinde<br \/>\n<span class=\"s2\">28<\/span> Die platonische Kritik an der Demokratie<br \/>\n<span class=\"s2\">30<\/span> Liberale Kritik an der Demokratie, von Constant bis Hoppe<br \/>\n<span class=\"s2\">32<\/span> Maurassis Kritik an der Demokratie<br \/>\n<span class=\"s2\">35<\/span> Beno\u00eet Gaillard: \u00abDie Grenzen, die man als \u201cRechtsstaat\u201d bezeichnet, sind nicht festgeschrieben\u00bb.\u00bb<\/p>\n<p class=\"p1\"><strong><span class=\"s1\">Kultur und Notizb\u00fccher<br \/>\n<\/span><\/strong><span class=\"s2\">40<\/span> Troph\u00e4e: Wenn die Bl\u00e4tter fallen, fallen auch die Toten.<br \/>\n<span class=\"s2\">42<\/span> Freiheit im Ziel: Wenn die KI die Hoffnung der Menschheit ist<br \/>\n<span class=\"s2\">44<\/span> Die Fotoreportage von Bernard L\u00e9chot: An den Grenzen des Nebels<br \/>\n<span class=\"s2\">50<\/span> In K\u00fcrze: Sardou durch Michel, eine Krise und ein Witz von ChatGPT<br \/>\n<span class=\"s2\">52<\/span> Abonnement und M\u00e4zenatentum<br \/>\n<span class=\"s2\">54<\/span> Zitate<\/p>","protected":false},"excerpt":{"rendered":"<p>Le Regard Libre N\u00b0122 | \u00abCritiques de la d\u00e9mocratie\u00bb Exemplaire papier Edition de d\u00e9cembre 2025 Format magazine papier chic Opinions&#8230;<\/p>","protected":false},"featured_media":530248,"comment_status":"open","ping_status":"closed","template":"","meta":{"_acf_changed":false},"product_brand":[],"product_cat":[644340392],"product_tag":[],"class_list":{"0":"post-530244","1":"product","2":"type-product","3":"status-publish","4":"has-post-thumbnail","6":"product_cat-numeros","8":"first","9":"instock","10":"shipping-taxable","11":"purchasable","12":"product-type-variable"},"acf":[],"yoast_head":"<!-- This site is optimized with the Yoast SEO Premium plugin v27.4 (Yoast SEO v27.4) - https:\/\/yoast.com\/product\/yoast-seo-premium-wordpress\/ -->\n<title>Le Regard Libre N\u00b0122 | Dossier \u00abCritiques de la d\u00e9mocratie\u00bb<\/title>\n<meta name=\"robots\" content=\"index, follow, max-snippet:-1, max-image-preview:large, max-video-preview:-1\" \/>\n<link rel=\"canonical\" href=\"https:\/\/leregardlibre.com\/de\/produkt\/le-regard-libre-n122-dossier-kritik-an-der-demokratie\/\" \/>\n<meta property=\"og:locale\" content=\"de_DE\" \/>\n<meta property=\"og:type\" content=\"article\" \/>\n<meta property=\"og:title\" content=\"Le Regard Libre N\u00b0122 | Dossier \u00abCritiques de la d\u00e9mocratie\u00bb\" \/>\n<meta property=\"og:description\" content=\"Le Regard Libre N\u00b0122 | \u00abCritiques de la d\u00e9mocratie\u00bb Exemplaire papier Edition de d\u00e9cembre 2025 Format magazine papier chic Opinions...\" \/>\n<meta property=\"og:url\" content=\"https:\/\/leregardlibre.com\/de\/produkt\/le-regard-libre-n122-dossier-kritik-an-der-demokratie\/\" \/>\n<meta property=\"og:site_name\" content=\"Le Regard Libre\" \/>\n<meta property=\"article:publisher\" content=\"https:\/\/www.facebook.com\/leregardlibre\/\" \/>\n<meta property=\"article:modified_time\" content=\"2026-03-15T11:17:25+00:00\" \/>\n<meta property=\"og:image\" content=\"https:\/\/leregardlibre.com\/wp-content\/uploads\/2025\/12\/une-le-regard-libre-n122-e1765470913363.jpg\" \/>\n\t<meta property=\"og:image:width\" content=\"1357\" \/>\n\t<meta property=\"og:image:height\" content=\"1920\" \/>\n\t<meta property=\"og:image:type\" content=\"image\/jpeg\" \/>\n<meta name=\"twitter:card\" content=\"summary_large_image\" \/>\n<meta name=\"twitter:site\" content=\"@LeRegardLibre\" \/>\n<meta name=\"twitter:label1\" content=\"Gesch\u00e4tzte Lesezeit\" \/>\n\t<meta name=\"twitter:data1\" content=\"2\u00a0Minuten\" \/>\n<script type=\"application\/ld+json\" class=\"yoast-schema-graph\">{\"@context\":\"https:\\\/\\\/schema.org\",\"@graph\":[{\"@type\":\"WebPage\",\"@id\":\"https:\\\/\\\/leregardlibre.com\\\/produit\\\/le-regard-libre-n122-dossier-critiques-de-la-democratie\\\/\",\"url\":\"https:\\\/\\\/leregardlibre.com\\\/produit\\\/le-regard-libre-n122-dossier-critiques-de-la-democratie\\\/\",\"name\":\"Le Regard Libre N\u00b0122 | Dossier \u00abCritiques de la d\u00e9mocratie\u00bb\",\"isPartOf\":{\"@id\":\"https:\\\/\\\/leregardlibre.com\\\/#website\"},\"primaryImageOfPage\":{\"@id\":\"https:\\\/\\\/leregardlibre.com\\\/produit\\\/le-regard-libre-n122-dossier-critiques-de-la-democratie\\\/#primaryimage\"},\"image\":{\"@id\":\"https:\\\/\\\/leregardlibre.com\\\/produit\\\/le-regard-libre-n122-dossier-critiques-de-la-democratie\\\/#primaryimage\"},\"thumbnailUrl\":\"https:\\\/\\\/leregardlibre.com\\\/wp-content\\\/uploads\\\/2025\\\/12\\\/une-le-regard-libre-n122-e1765470913363.jpg\",\"datePublished\":\"2025-12-11T16:29:36+00:00\",\"dateModified\":\"2026-03-15T11:17:25+00:00\",\"breadcrumb\":{\"@id\":\"https:\\\/\\\/leregardlibre.com\\\/produit\\\/le-regard-libre-n122-dossier-critiques-de-la-democratie\\\/#breadcrumb\"},\"inLanguage\":\"de\",\"potentialAction\":[{\"@type\":\"ReadAction\",\"target\":[\"https:\\\/\\\/leregardlibre.com\\\/produit\\\/le-regard-libre-n122-dossier-critiques-de-la-democratie\\\/\"]}]},{\"@type\":\"ImageObject\",\"inLanguage\":\"de\",\"@id\":\"https:\\\/\\\/leregardlibre.com\\\/produit\\\/le-regard-libre-n122-dossier-critiques-de-la-democratie\\\/#primaryimage\",\"url\":\"https:\\\/\\\/leregardlibre.com\\\/wp-content\\\/uploads\\\/2025\\\/12\\\/une-le-regard-libre-n122-e1765470913363.jpg\",\"contentUrl\":\"https:\\\/\\\/leregardlibre.com\\\/wp-content\\\/uploads\\\/2025\\\/12\\\/une-le-regard-libre-n122-e1765470913363.jpg\",\"width\":1357,\"height\":1920,\"caption\":\"Une Le Regard Libre N\u00b0122\"},{\"@type\":\"BreadcrumbList\",\"@id\":\"https:\\\/\\\/leregardlibre.com\\\/produit\\\/le-regard-libre-n122-dossier-critiques-de-la-democratie\\\/#breadcrumb\",\"itemListElement\":[{\"@type\":\"ListItem\",\"position\":1,\"name\":\"Accueil\",\"item\":\"https:\\\/\\\/leregardlibre.com\\\/\"},{\"@type\":\"ListItem\",\"position\":2,\"name\":\"Boutique\",\"item\":\"https:\\\/\\\/leregardlibre.com\\\/boutique\\\/\"},{\"@type\":\"ListItem\",\"position\":3,\"name\":\"Le Regard Libre N\u00b0122 | Dossier \u00abCritiques de la d\u00e9mocratie\u00bb\"}]},{\"@type\":\"WebSite\",\"@id\":\"https:\\\/\\\/leregardlibre.com\\\/#website\",\"url\":\"https:\\\/\\\/leregardlibre.com\\\/\",\"name\":\"Le Regard Libre\",\"description\":\"Premier mensuel suisse de d\u00e9bat\",\"publisher\":{\"@id\":\"https:\\\/\\\/leregardlibre.com\\\/#organization\"},\"potentialAction\":[{\"@type\":\"SearchAction\",\"target\":{\"@type\":\"EntryPoint\",\"urlTemplate\":\"https:\\\/\\\/leregardlibre.com\\\/?s={search_term_string}\"},\"query-input\":{\"@type\":\"PropertyValueSpecification\",\"valueRequired\":true,\"valueName\":\"search_term_string\"}}],\"inLanguage\":\"de\"},{\"@type\":\"Organization\",\"@id\":\"https:\\\/\\\/leregardlibre.com\\\/#organization\",\"name\":\"Le Regard Libre\",\"url\":\"https:\\\/\\\/leregardlibre.com\\\/\",\"logo\":{\"@type\":\"ImageObject\",\"inLanguage\":\"de\",\"@id\":\"https:\\\/\\\/leregardlibre.com\\\/#\\\/schema\\\/logo\\\/image\\\/\",\"url\":\"https:\\\/\\\/leregardlibre.com\\\/wp-content\\\/uploads\\\/2025\\\/08\\\/logo-rl-icone-neg.jpeg\",\"contentUrl\":\"https:\\\/\\\/leregardlibre.com\\\/wp-content\\\/uploads\\\/2025\\\/08\\\/logo-rl-icone-neg.jpeg\",\"width\":557,\"height\":556,\"caption\":\"Le Regard Libre\"},\"image\":{\"@id\":\"https:\\\/\\\/leregardlibre.com\\\/#\\\/schema\\\/logo\\\/image\\\/\"},\"sameAs\":[\"https:\\\/\\\/www.facebook.com\\\/leregardlibre\\\/\",\"https:\\\/\\\/x.com\\\/LeRegardLibre\",\"https:\\\/\\\/www.linkedin.com\\\/company\\\/le-regard-libre\",\"https:\\\/\\\/www.instagram.com\\\/leregardlibre\\\/\",\"http:\\\/\\\/t.me\\\/leregardlibre\",\"https:\\\/\\\/youtube.com\\\/channel\\\/UC6HzGPomj1LsUmlz-sJtITQ\"],\"description\":\"Le Regard Libre est un mensuel suisse de d\u00e9bat intellectuel et culturel. Sa r\u00e9daction est jeune, b\u00e9n\u00e9vole, lib\u00e9rale et pluraliste. Le magazine para\u00eet en ligne et sous forme papier. Sa langue est le fran\u00e7ais.\",\"email\":\"redaction@leregardlibre.com\",\"legalName\":\"Le Regard Libre\",\"foundingDate\":\"2014-01-01\",\"numberOfEmployees\":{\"@type\":\"QuantitativeValue\",\"minValue\":\"11\",\"maxValue\":\"50\"},\"publishingPrinciples\":\"https:\\\/\\\/leregardlibre.com\\\/a-propos\\\/notre-manifeste\\\/\",\"ownershipFundingInfo\":\"https:\\\/\\\/leregardlibre.com\\\/mentions-legales\\\/\",\"actionableFeedbackPolicy\":\"https:\\\/\\\/leregardlibre.com\\\/conditions-generales-de-vente\\\/\"}]}<\/script>\n<!-- \/ Yoast SEO Premium plugin. -->","yoast_head_json":{"title":"Le Regard Libre Nr. 122 | Dossier \u00abKritik an der Demokratie\u00bb.\u00bb","robots":{"index":"index","follow":"follow","max-snippet":"max-snippet:-1","max-image-preview":"max-image-preview:large","max-video-preview":"max-video-preview:-1"},"canonical":"https:\/\/leregardlibre.com\/de\/produkt\/le-regard-libre-n122-dossier-kritik-an-der-demokratie\/","og_locale":"de_DE","og_type":"article","og_title":"Le Regard Libre N\u00b0122 | Dossier \u00abCritiques de la d\u00e9mocratie\u00bb","og_description":"Le Regard Libre N\u00b0122 | \u00abCritiques de la d\u00e9mocratie\u00bb Exemplaire papier Edition de d\u00e9cembre 2025 Format magazine papier chic Opinions...","og_url":"https:\/\/leregardlibre.com\/de\/produkt\/le-regard-libre-n122-dossier-kritik-an-der-demokratie\/","og_site_name":"Le Regard Libre","article_publisher":"https:\/\/www.facebook.com\/leregardlibre\/","article_modified_time":"2026-03-15T11:17:25+00:00","og_image":[{"width":1357,"height":1920,"url":"https:\/\/leregardlibre.com\/wp-content\/uploads\/2025\/12\/une-le-regard-libre-n122-e1765470913363.jpg","type":"image\/jpeg"}],"twitter_card":"summary_large_image","twitter_site":"@LeRegardLibre","twitter_misc":{"Gesch\u00e4tzte Lesezeit":"2\u00a0Minuten"},"schema":{"@context":"https:\/\/schema.org","@graph":[{"@type":"WebPage","@id":"https:\/\/leregardlibre.com\/produit\/le-regard-libre-n122-dossier-critiques-de-la-democratie\/","url":"https:\/\/leregardlibre.com\/produit\/le-regard-libre-n122-dossier-critiques-de-la-democratie\/","name":"Le Regard Libre Nr. 122 | Dossier \u00abKritik an der Demokratie\u00bb.\u00bb","isPartOf":{"@id":"https:\/\/leregardlibre.com\/#website"},"primaryImageOfPage":{"@id":"https:\/\/leregardlibre.com\/produit\/le-regard-libre-n122-dossier-critiques-de-la-democratie\/#primaryimage"},"image":{"@id":"https:\/\/leregardlibre.com\/produit\/le-regard-libre-n122-dossier-critiques-de-la-democratie\/#primaryimage"},"thumbnailUrl":"https:\/\/leregardlibre.com\/wp-content\/uploads\/2025\/12\/une-le-regard-libre-n122-e1765470913363.jpg","datePublished":"2025-12-11T16:29:36+00:00","dateModified":"2026-03-15T11:17:25+00:00","breadcrumb":{"@id":"https:\/\/leregardlibre.com\/produit\/le-regard-libre-n122-dossier-critiques-de-la-democratie\/#breadcrumb"},"inLanguage":"de","potentialAction":[{"@type":"ReadAction","target":["https:\/\/leregardlibre.com\/produit\/le-regard-libre-n122-dossier-critiques-de-la-democratie\/"]}]},{"@type":"ImageObject","inLanguage":"de","@id":"https:\/\/leregardlibre.com\/produit\/le-regard-libre-n122-dossier-critiques-de-la-democratie\/#primaryimage","url":"https:\/\/leregardlibre.com\/wp-content\/uploads\/2025\/12\/une-le-regard-libre-n122-e1765470913363.jpg","contentUrl":"https:\/\/leregardlibre.com\/wp-content\/uploads\/2025\/12\/une-le-regard-libre-n122-e1765470913363.jpg","width":1357,"height":1920,"caption":"Une Le Regard Libre N\u00b0122"},{"@type":"BreadcrumbList","@id":"https:\/\/leregardlibre.com\/produit\/le-regard-libre-n122-dossier-critiques-de-la-democratie\/#breadcrumb","itemListElement":[{"@type":"ListItem","position":1,"name":"Accueil","item":"https:\/\/leregardlibre.com\/"},{"@type":"ListItem","position":2,"name":"Boutique","item":"https:\/\/leregardlibre.com\/boutique\/"},{"@type":"ListItem","position":3,"name":"Le Regard Libre N\u00b0122 | Dossier \u00abCritiques de la d\u00e9mocratie\u00bb"}]},{"@type":"WebSite","@id":"https:\/\/leregardlibre.com\/#website","url":"https:\/\/leregardlibre.com\/","name":"Le Regard Libre","description":"Erste Schweizer Monatszeitschrift f\u00fcr Debatten","publisher":{"@id":"https:\/\/leregardlibre.com\/#organization"},"potentialAction":[{"@type":"SearchAction","target":{"@type":"EntryPoint","urlTemplate":"https:\/\/leregardlibre.com\/?s={search_term_string}"},"query-input":{"@type":"PropertyValueSpecification","valueRequired":true,"valueName":"search_term_string"}}],"inLanguage":"de"},{"@type":"Organization","@id":"https:\/\/leregardlibre.com\/#organization","name":"Le Regard Libre","url":"https:\/\/leregardlibre.com\/","logo":{"@type":"ImageObject","inLanguage":"de","@id":"https:\/\/leregardlibre.com\/#\/schema\/logo\/image\/","url":"https:\/\/leregardlibre.com\/wp-content\/uploads\/2025\/08\/logo-rl-icone-neg.jpeg","contentUrl":"https:\/\/leregardlibre.com\/wp-content\/uploads\/2025\/08\/logo-rl-icone-neg.jpeg","width":557,"height":556,"caption":"Le Regard Libre"},"image":{"@id":"https:\/\/leregardlibre.com\/#\/schema\/logo\/image\/"},"sameAs":["https:\/\/www.facebook.com\/leregardlibre\/","https:\/\/x.com\/LeRegardLibre","https:\/\/www.linkedin.com\/company\/le-regard-libre","https:\/\/www.instagram.com\/leregardlibre\/","http:\/\/t.me\/leregardlibre","https:\/\/youtube.com\/channel\/UC6HzGPomj1LsUmlz-sJtITQ"],"description":"Le Regard Libre ist eine Schweizer Monatszeitschrift f\u00fcr intellektuelle und kulturelle Debatten. Seine Redaktion ist jung, ehrenamtlich, liberal und pluralistisch. Das Magazin erscheint online und in gedruckter Form. Seine Sprache ist Franz\u00f6sisch.","email":"redaction@leregardlibre.com","legalName":"Le Regard Libre","foundingDate":"2014-01-01","numberOfEmployees":{"@type":"QuantitativeValue","minValue":"11","maxValue":"50"},"publishingPrinciples":"https:\/\/leregardlibre.com\/a-propos\/notre-manifeste\/","ownershipFundingInfo":"https:\/\/leregardlibre.com\/mentions-legales\/","actionableFeedbackPolicy":"https:\/\/leregardlibre.com\/conditions-generales-de-vente\/"}]}},"_links":{"self":[{"href":"https:\/\/leregardlibre.com\/de\/wp-json\/wp\/v2\/product\/530244","targetHints":{"allow":["GET"]}}],"collection":[{"href":"https:\/\/leregardlibre.com\/de\/wp-json\/wp\/v2\/product"}],"about":[{"href":"https:\/\/leregardlibre.com\/de\/wp-json\/wp\/v2\/types\/product"}],"replies":[{"embeddable":true,"href":"https:\/\/leregardlibre.com\/de\/wp-json\/wp\/v2\/comments?post=530244"}],"wp:featuredmedia":[{"embeddable":true,"href":"https:\/\/leregardlibre.com\/de\/wp-json\/wp\/v2\/media\/530248"}],"wp:attachment":[{"href":"https:\/\/leregardlibre.com\/de\/wp-json\/wp\/v2\/media?parent=530244"}],"wp:term":[{"taxonomy":"product_brand","embeddable":true,"href":"https:\/\/leregardlibre.com\/de\/wp-json\/wp\/v2\/product_brand?post=530244"},{"taxonomy":"product_cat","embeddable":true,"href":"https:\/\/leregardlibre.com\/de\/wp-json\/wp\/v2\/product_cat?post=530244"},{"taxonomy":"product_tag","embeddable":true,"href":"https:\/\/leregardlibre.com\/de\/wp-json\/wp\/v2\/product_tag?post=530244"}],"curies":[{"name":"wp","href":"https:\/\/api.w.org\/{rel}","templated":true}]}}