{"id":530728,"date":"2026-01-18T10:05:07","date_gmt":"2026-01-18T09:05:07","guid":{"rendered":"https:\/\/leregardlibre.com\/?post_type=product&#038;p=530728"},"modified":"2026-04-08T19:19:16","modified_gmt":"2026-04-08T17:19:16","slug":"le-regard-libre-n123-dossier-quel-service-public","status":"publish","type":"product","link":"https:\/\/leregardlibre.com\/de\/produkt\/le-regard-libre-n123-dossier-quel-service-public\/","title":{"rendered":"Le Regard Libre Nr. 123 | Dossier \u00abWelcher \u00f6ffentliche Dienst?\u00bb"},"content":{"rendered":"<p><em>Le Regard Libre<\/em> Nr. 123 | \u00abWelcher \u00f6ffentliche Dienst?\u00bb<br \/>\nPapierexemplar<br \/>\nAusgabe vom Januar 2026<br \/>\nSchickes Papiermagazinformat<\/p>\n<hr \/>\n<p class=\"p1\"><strong><span class=\"s1\">Meinungen und Reflexionen<br \/>\n<\/span><\/strong><span class=\"s2\">05<\/span> Editorial von Jonas Follonier: Die extreme Mitte, eine Definition<br \/>\n<span class=\"s2\">07<\/span> Ralph M\u00fcllers Patrone: Die Schule im Angesicht des Positivismus<br \/>\n<span class=\"s2\">09<\/span> Marianne Grosjean: Die Kunst, eine Harke zu bekommen<br \/>\n<span class=\"s2\">10<\/span> Der Brief von Deirdre McCloskey: Der Nobelpreis 2025<br \/>\n<span class=\"s2\">11<\/span> Lesung von Pascal Couchepin: Michel de Montaigne lesen - f\u00fcr unser Gleichgewicht<br \/>\n<span class=\"s2\">12<\/span> Uneinigkeit: Soll die Kernenergie in der Schweiz wieder aufgenommen werden?<br \/>\n<span class=\"s2\">13<\/span> Test des Monats: Geschlechterunterschiede werden tabuisiert<br \/>\n<span class=\"s2\">14<\/span> Ein Antirassismus, der \u00abSchwarze infantilisiert\u00bb<\/p>\n<p class=\"p5\"><strong><span class=\"s1\">Dossier: Welcher \u00f6ffentliche Dienst?<br \/>\n<\/span><\/strong><span class=\"s2\">18<\/span> Pascal Crittin, Direktor von RTS: \u00abWir lenken die Debatte nicht\u00bb.\u00bb<br \/>\n<span class=\"s2\">22<\/span> Warum <i>Le Peuple<\/i> hat ein Observatorium der RTS entworfen<br \/>\n<span class=\"s2\">24<\/span> Nacherz\u00e4hlung der griechischen audiovisuellen Trag\u00f6die<br \/>\n<span class=\"s2\">28<\/span> GB News gegen\u00fcber den \u00f6ffentlich-rechtlichen Sendern Gro\u00dfbritanniens<br \/>\n<span class=\"s2\">30<\/span> Die Schweiz muss sich gegen die Regulierung der Online-Rede wehren<\/p>\n<p class=\"p1\"><strong><span class=\"s1\">Kultur und Notizb\u00fccher<br \/>\n<\/span><\/strong><span class=\"s2\">34<\/span> Trope: Die Abkehr von Illusionen<br \/>\n<span class=\"s2\">36<\/span> Freiheit im Objektiv: Die Leute schauen keine Serien mehr, sie h\u00f6ren sie.<br \/>\n<span class=\"s2\">38<\/span> Vesoul sehen und wieder erleben<br \/>\n<span class=\"s2\">44<\/span> Die Fotoreportage von Bernard L\u00e9chot: Ocra Rossa<br \/>\n<span class=\"s2\">50<\/span> Kurz gesagt: Freies Lachen, <i>Das Boot von Masao<\/i> und ein Witz von ChatGPT<br \/>\n<span class=\"s2\">52<\/span> Abonnement und M\u00e4zenatentum<br \/>\n<span class=\"s2\">54<\/span> Zitate<\/p>","protected":false},"excerpt":{"rendered":"<p>Le Regard Libre N\u00b0123 | \u00abQuel service public?\u00bb Exemplaire papier Edition de janvier 2026 Format magazine papier chic Opinions et&#8230;<\/p>","protected":false},"featured_media":530732,"comment_status":"open","ping_status":"closed","template":"","meta":{"_acf_changed":false},"product_brand":[],"product_cat":[644340392],"product_tag":[],"class_list":{"0":"post-530728","1":"product","2":"type-product","3":"status-publish","4":"has-post-thumbnail","6":"product_cat-numeros","8":"first","9":"instock","10":"shipping-taxable","11":"purchasable","12":"product-type-variable"},"acf":[],"yoast_head":"<!-- This site is optimized with the Yoast SEO Premium plugin v27.4 (Yoast SEO v27.4) - https:\/\/yoast.com\/product\/yoast-seo-premium-wordpress\/ -->\n<title>Le Regard Libre N\u00b0123 | Dossier \u00abQuel service public?\u00bb<\/title>\n<meta name=\"robots\" content=\"index, follow, max-snippet:-1, max-image-preview:large, max-video-preview:-1\" \/>\n<link rel=\"canonical\" href=\"https:\/\/leregardlibre.com\/de\/produkt\/le-regard-libre-n123-dossier-quel-service-public\/\" \/>\n<meta property=\"og:locale\" content=\"de_DE\" \/>\n<meta property=\"og:type\" content=\"article\" \/>\n<meta property=\"og:title\" content=\"Le Regard Libre N\u00b0123 | Dossier \u00abQuel service public?\u00bb\" \/>\n<meta property=\"og:description\" content=\"Le Regard Libre N\u00b0123 | \u00abQuel service public?\u00bb Exemplaire papier Edition de janvier 2026 Format magazine papier chic Opinions et...\" \/>\n<meta property=\"og:url\" content=\"https:\/\/leregardlibre.com\/de\/produkt\/le-regard-libre-n123-dossier-quel-service-public\/\" \/>\n<meta property=\"og:site_name\" content=\"Le Regard Libre\" \/>\n<meta property=\"article:publisher\" content=\"https:\/\/www.facebook.com\/leregardlibre\/\" \/>\n<meta property=\"article:modified_time\" content=\"2026-04-08T17:19:16+00:00\" \/>\n<meta property=\"og:image\" content=\"https:\/\/leregardlibre.com\/wp-content\/uploads\/2026\/01\/une-le-regard-libre-n123-e1768727357515.jpg\" \/>\n\t<meta property=\"og:image:width\" content=\"1920\" \/>\n\t<meta property=\"og:image:height\" content=\"2716\" \/>\n\t<meta property=\"og:image:type\" content=\"image\/jpeg\" \/>\n<meta name=\"twitter:card\" content=\"summary_large_image\" \/>\n<meta name=\"twitter:site\" content=\"@LeRegardLibre\" \/>\n<meta name=\"twitter:label1\" content=\"Gesch\u00e4tzte Lesezeit\" \/>\n\t<meta name=\"twitter:data1\" content=\"2\u00a0Minuten\" \/>\n<script type=\"application\/ld+json\" class=\"yoast-schema-graph\">{\"@context\":\"https:\\\/\\\/schema.org\",\"@graph\":[{\"@type\":\"WebPage\",\"@id\":\"https:\\\/\\\/leregardlibre.com\\\/produit\\\/le-regard-libre-n123-dossier-quel-service-public\\\/\",\"url\":\"https:\\\/\\\/leregardlibre.com\\\/produit\\\/le-regard-libre-n123-dossier-quel-service-public\\\/\",\"name\":\"Le Regard Libre N\u00b0123 | Dossier \u00abQuel service public?\u00bb\",\"isPartOf\":{\"@id\":\"https:\\\/\\\/leregardlibre.com\\\/#website\"},\"primaryImageOfPage\":{\"@id\":\"https:\\\/\\\/leregardlibre.com\\\/produit\\\/le-regard-libre-n123-dossier-quel-service-public\\\/#primaryimage\"},\"image\":{\"@id\":\"https:\\\/\\\/leregardlibre.com\\\/produit\\\/le-regard-libre-n123-dossier-quel-service-public\\\/#primaryimage\"},\"thumbnailUrl\":\"https:\\\/\\\/leregardlibre.com\\\/wp-content\\\/uploads\\\/2026\\\/01\\\/une-le-regard-libre-n123-e1768727357515.jpg\",\"datePublished\":\"2026-01-18T09:05:07+00:00\",\"dateModified\":\"2026-04-08T17:19:16+00:00\",\"breadcrumb\":{\"@id\":\"https:\\\/\\\/leregardlibre.com\\\/produit\\\/le-regard-libre-n123-dossier-quel-service-public\\\/#breadcrumb\"},\"inLanguage\":\"de\",\"potentialAction\":[{\"@type\":\"ReadAction\",\"target\":[\"https:\\\/\\\/leregardlibre.com\\\/produit\\\/le-regard-libre-n123-dossier-quel-service-public\\\/\"]}]},{\"@type\":\"ImageObject\",\"inLanguage\":\"de\",\"@id\":\"https:\\\/\\\/leregardlibre.com\\\/produit\\\/le-regard-libre-n123-dossier-quel-service-public\\\/#primaryimage\",\"url\":\"https:\\\/\\\/leregardlibre.com\\\/wp-content\\\/uploads\\\/2026\\\/01\\\/une-le-regard-libre-n123-e1768727357515.jpg\",\"contentUrl\":\"https:\\\/\\\/leregardlibre.com\\\/wp-content\\\/uploads\\\/2026\\\/01\\\/une-le-regard-libre-n123-e1768727357515.jpg\",\"width\":1920,\"height\":2716,\"caption\":\"le regard libre service public\"},{\"@type\":\"BreadcrumbList\",\"@id\":\"https:\\\/\\\/leregardlibre.com\\\/produit\\\/le-regard-libre-n123-dossier-quel-service-public\\\/#breadcrumb\",\"itemListElement\":[{\"@type\":\"ListItem\",\"position\":1,\"name\":\"Accueil\",\"item\":\"https:\\\/\\\/leregardlibre.com\\\/\"},{\"@type\":\"ListItem\",\"position\":2,\"name\":\"Boutique\",\"item\":\"https:\\\/\\\/leregardlibre.com\\\/boutique\\\/\"},{\"@type\":\"ListItem\",\"position\":3,\"name\":\"Le Regard Libre N\u00b0123 | Dossier \u00abQuel service public?\u00bb\"}]},{\"@type\":\"WebSite\",\"@id\":\"https:\\\/\\\/leregardlibre.com\\\/#website\",\"url\":\"https:\\\/\\\/leregardlibre.com\\\/\",\"name\":\"Le Regard Libre\",\"description\":\"Premier mensuel suisse de d\u00e9bat\",\"publisher\":{\"@id\":\"https:\\\/\\\/leregardlibre.com\\\/#organization\"},\"potentialAction\":[{\"@type\":\"SearchAction\",\"target\":{\"@type\":\"EntryPoint\",\"urlTemplate\":\"https:\\\/\\\/leregardlibre.com\\\/?s={search_term_string}\"},\"query-input\":{\"@type\":\"PropertyValueSpecification\",\"valueRequired\":true,\"valueName\":\"search_term_string\"}}],\"inLanguage\":\"de\"},{\"@type\":\"Organization\",\"@id\":\"https:\\\/\\\/leregardlibre.com\\\/#organization\",\"name\":\"Le Regard Libre\",\"url\":\"https:\\\/\\\/leregardlibre.com\\\/\",\"logo\":{\"@type\":\"ImageObject\",\"inLanguage\":\"de\",\"@id\":\"https:\\\/\\\/leregardlibre.com\\\/#\\\/schema\\\/logo\\\/image\\\/\",\"url\":\"https:\\\/\\\/leregardlibre.com\\\/wp-content\\\/uploads\\\/2025\\\/08\\\/logo-rl-icone-neg.jpeg\",\"contentUrl\":\"https:\\\/\\\/leregardlibre.com\\\/wp-content\\\/uploads\\\/2025\\\/08\\\/logo-rl-icone-neg.jpeg\",\"width\":557,\"height\":556,\"caption\":\"Le Regard Libre\"},\"image\":{\"@id\":\"https:\\\/\\\/leregardlibre.com\\\/#\\\/schema\\\/logo\\\/image\\\/\"},\"sameAs\":[\"https:\\\/\\\/www.facebook.com\\\/leregardlibre\\\/\",\"https:\\\/\\\/x.com\\\/LeRegardLibre\",\"https:\\\/\\\/www.linkedin.com\\\/company\\\/le-regard-libre\",\"https:\\\/\\\/www.instagram.com\\\/leregardlibre\\\/\",\"http:\\\/\\\/t.me\\\/leregardlibre\",\"https:\\\/\\\/youtube.com\\\/channel\\\/UC6HzGPomj1LsUmlz-sJtITQ\"],\"description\":\"Le Regard Libre est un mensuel suisse de d\u00e9bat intellectuel et culturel. Sa r\u00e9daction est jeune, b\u00e9n\u00e9vole, lib\u00e9rale et pluraliste. Le magazine para\u00eet en ligne et sous forme papier. Sa langue est le fran\u00e7ais.\",\"email\":\"redaction@leregardlibre.com\",\"legalName\":\"Le Regard Libre\",\"foundingDate\":\"2014-01-01\",\"numberOfEmployees\":{\"@type\":\"QuantitativeValue\",\"minValue\":\"11\",\"maxValue\":\"50\"},\"publishingPrinciples\":\"https:\\\/\\\/leregardlibre.com\\\/a-propos\\\/notre-manifeste\\\/\",\"ownershipFundingInfo\":\"https:\\\/\\\/leregardlibre.com\\\/mentions-legales\\\/\",\"actionableFeedbackPolicy\":\"https:\\\/\\\/leregardlibre.com\\\/conditions-generales-de-vente\\\/\"}]}<\/script>\n<!-- \/ Yoast SEO Premium plugin. -->","yoast_head_json":{"title":"Le Regard Libre Nr. 123 | Dossier \u00abWelcher \u00f6ffentliche Dienst?\u00bb","robots":{"index":"index","follow":"follow","max-snippet":"max-snippet:-1","max-image-preview":"max-image-preview:large","max-video-preview":"max-video-preview:-1"},"canonical":"https:\/\/leregardlibre.com\/de\/produkt\/le-regard-libre-n123-dossier-quel-service-public\/","og_locale":"de_DE","og_type":"article","og_title":"Le Regard Libre N\u00b0123 | Dossier \u00abQuel service public?\u00bb","og_description":"Le Regard Libre N\u00b0123 | \u00abQuel service public?\u00bb Exemplaire papier Edition de janvier 2026 Format magazine papier chic Opinions et...","og_url":"https:\/\/leregardlibre.com\/de\/produkt\/le-regard-libre-n123-dossier-quel-service-public\/","og_site_name":"Le Regard Libre","article_publisher":"https:\/\/www.facebook.com\/leregardlibre\/","article_modified_time":"2026-04-08T17:19:16+00:00","og_image":[{"width":1920,"height":2716,"url":"https:\/\/leregardlibre.com\/wp-content\/uploads\/2026\/01\/une-le-regard-libre-n123-e1768727357515.jpg","type":"image\/jpeg"}],"twitter_card":"summary_large_image","twitter_site":"@LeRegardLibre","twitter_misc":{"Gesch\u00e4tzte Lesezeit":"2\u00a0Minuten"},"schema":{"@context":"https:\/\/schema.org","@graph":[{"@type":"WebPage","@id":"https:\/\/leregardlibre.com\/produit\/le-regard-libre-n123-dossier-quel-service-public\/","url":"https:\/\/leregardlibre.com\/produit\/le-regard-libre-n123-dossier-quel-service-public\/","name":"Le Regard Libre Nr. 123 | Dossier \u00abWelcher \u00f6ffentliche Dienst?\u00bb","isPartOf":{"@id":"https:\/\/leregardlibre.com\/#website"},"primaryImageOfPage":{"@id":"https:\/\/leregardlibre.com\/produit\/le-regard-libre-n123-dossier-quel-service-public\/#primaryimage"},"image":{"@id":"https:\/\/leregardlibre.com\/produit\/le-regard-libre-n123-dossier-quel-service-public\/#primaryimage"},"thumbnailUrl":"https:\/\/leregardlibre.com\/wp-content\/uploads\/2026\/01\/une-le-regard-libre-n123-e1768727357515.jpg","datePublished":"2026-01-18T09:05:07+00:00","dateModified":"2026-04-08T17:19:16+00:00","breadcrumb":{"@id":"https:\/\/leregardlibre.com\/produit\/le-regard-libre-n123-dossier-quel-service-public\/#breadcrumb"},"inLanguage":"de","potentialAction":[{"@type":"ReadAction","target":["https:\/\/leregardlibre.com\/produit\/le-regard-libre-n123-dossier-quel-service-public\/"]}]},{"@type":"ImageObject","inLanguage":"de","@id":"https:\/\/leregardlibre.com\/produit\/le-regard-libre-n123-dossier-quel-service-public\/#primaryimage","url":"https:\/\/leregardlibre.com\/wp-content\/uploads\/2026\/01\/une-le-regard-libre-n123-e1768727357515.jpg","contentUrl":"https:\/\/leregardlibre.com\/wp-content\/uploads\/2026\/01\/une-le-regard-libre-n123-e1768727357515.jpg","width":1920,"height":2716,"caption":"le regard libre service public"},{"@type":"BreadcrumbList","@id":"https:\/\/leregardlibre.com\/produit\/le-regard-libre-n123-dossier-quel-service-public\/#breadcrumb","itemListElement":[{"@type":"ListItem","position":1,"name":"Accueil","item":"https:\/\/leregardlibre.com\/"},{"@type":"ListItem","position":2,"name":"Boutique","item":"https:\/\/leregardlibre.com\/boutique\/"},{"@type":"ListItem","position":3,"name":"Le Regard Libre N\u00b0123 | Dossier \u00abQuel service public?\u00bb"}]},{"@type":"WebSite","@id":"https:\/\/leregardlibre.com\/#website","url":"https:\/\/leregardlibre.com\/","name":"Le Regard Libre","description":"Erste Schweizer Monatszeitschrift f\u00fcr Debatten","publisher":{"@id":"https:\/\/leregardlibre.com\/#organization"},"potentialAction":[{"@type":"SearchAction","target":{"@type":"EntryPoint","urlTemplate":"https:\/\/leregardlibre.com\/?s={search_term_string}"},"query-input":{"@type":"PropertyValueSpecification","valueRequired":true,"valueName":"search_term_string"}}],"inLanguage":"de"},{"@type":"Organization","@id":"https:\/\/leregardlibre.com\/#organization","name":"Le Regard Libre","url":"https:\/\/leregardlibre.com\/","logo":{"@type":"ImageObject","inLanguage":"de","@id":"https:\/\/leregardlibre.com\/#\/schema\/logo\/image\/","url":"https:\/\/leregardlibre.com\/wp-content\/uploads\/2025\/08\/logo-rl-icone-neg.jpeg","contentUrl":"https:\/\/leregardlibre.com\/wp-content\/uploads\/2025\/08\/logo-rl-icone-neg.jpeg","width":557,"height":556,"caption":"Le Regard Libre"},"image":{"@id":"https:\/\/leregardlibre.com\/#\/schema\/logo\/image\/"},"sameAs":["https:\/\/www.facebook.com\/leregardlibre\/","https:\/\/x.com\/LeRegardLibre","https:\/\/www.linkedin.com\/company\/le-regard-libre","https:\/\/www.instagram.com\/leregardlibre\/","http:\/\/t.me\/leregardlibre","https:\/\/youtube.com\/channel\/UC6HzGPomj1LsUmlz-sJtITQ"],"description":"Le Regard Libre ist eine Schweizer Monatszeitschrift f\u00fcr intellektuelle und kulturelle Debatten. Seine Redaktion ist jung, ehrenamtlich, liberal und pluralistisch. Das Magazin erscheint online und in gedruckter Form. Seine Sprache ist Franz\u00f6sisch.","email":"redaction@leregardlibre.com","legalName":"Le Regard Libre","foundingDate":"2014-01-01","numberOfEmployees":{"@type":"QuantitativeValue","minValue":"11","maxValue":"50"},"publishingPrinciples":"https:\/\/leregardlibre.com\/a-propos\/notre-manifeste\/","ownershipFundingInfo":"https:\/\/leregardlibre.com\/mentions-legales\/","actionableFeedbackPolicy":"https:\/\/leregardlibre.com\/conditions-generales-de-vente\/"}]}},"_links":{"self":[{"href":"https:\/\/leregardlibre.com\/de\/wp-json\/wp\/v2\/product\/530728","targetHints":{"allow":["GET"]}}],"collection":[{"href":"https:\/\/leregardlibre.com\/de\/wp-json\/wp\/v2\/product"}],"about":[{"href":"https:\/\/leregardlibre.com\/de\/wp-json\/wp\/v2\/types\/product"}],"replies":[{"embeddable":true,"href":"https:\/\/leregardlibre.com\/de\/wp-json\/wp\/v2\/comments?post=530728"}],"wp:featuredmedia":[{"embeddable":true,"href":"https:\/\/leregardlibre.com\/de\/wp-json\/wp\/v2\/media\/530732"}],"wp:attachment":[{"href":"https:\/\/leregardlibre.com\/de\/wp-json\/wp\/v2\/media?parent=530728"}],"wp:term":[{"taxonomy":"product_brand","embeddable":true,"href":"https:\/\/leregardlibre.com\/de\/wp-json\/wp\/v2\/product_brand?post=530728"},{"taxonomy":"product_cat","embeddable":true,"href":"https:\/\/leregardlibre.com\/de\/wp-json\/wp\/v2\/product_cat?post=530728"},{"taxonomy":"product_tag","embeddable":true,"href":"https:\/\/leregardlibre.com\/de\/wp-json\/wp\/v2\/product_tag?post=530728"}],"curies":[{"name":"wp","href":"https:\/\/api.w.org\/{rel}","templated":true}]}}