{"id":532072,"date":"2026-04-12T18:42:32","date_gmt":"2026-04-12T16:42:32","guid":{"rendered":"https:\/\/leregardlibre.com\/?post_type=product&#038;p=532072"},"modified":"2026-04-12T19:59:02","modified_gmt":"2026-04-12T17:59:02","slug":"le-regard-libre-n124-dossier-le-peuple-quesaco-copie","status":"publish","type":"product","link":"https:\/\/leregardlibre.com\/de\/produkt\/le-regard-libre-n124-dossier-le-peuple-quesaco-copie\/","title":{"rendered":"Le Regard Libre N\u00b0125 | Dossier \u00abQuelles alliances pour les lib\u00e9raux?\u00bb"},"content":{"rendered":"<p><em>Le Regard Libre<\/em> N\u00b0125 | Dossier \u00abQuelles alliances pour les lib\u00e9raux?\u00bb<br \/>\nPapierexemplar<br \/>\nEdition d\u2019avril 2026<br \/>\nSchickes Papiermagazinformat<\/p>\n<hr \/>\n<p class=\"p1\"><strong><span class=\"s1\">Meinungen und Reflexionen<br \/>\n<\/span><\/strong><span class=\"s1\">04<\/span> L\u2019\u00e9dito de Jonas Follonier: Une forme possible de lib\u00e9ral-conservatisme<br \/>\n<span class=\"s1\">07<\/span> La cartouche de Ralph M\u00fcller:\u2009Ma derni\u00e8re chronique pour <i>Le Regard Libre<br \/>\n<\/i><i><\/i><span class=\"s1\">09<\/span> La tribune de Marianne Grosjean:\u2009L\u2019enfant oubli\u00e9 du d\u00e9bat<br \/>\n<span class=\"s1\">10<\/span> La lecture de Pascal Couchepin:\u2009Comment ne pas perdre le nord face \u00e0 l\u2019IA?<br \/>\n<span class=\"s1\">11<\/span> D\u00e9saccord: Faut-il limiter les mandats des conseillers f\u00e9d\u00e9raux \u00e0 huit ans?<br \/>\n<span class=\"s1\">12<\/span> Der Test des Monats: <i>Les Lumi\u00e8res sombres<\/i> d\u2019Arnaud Miranda<br \/>\n<span class=\"s1\">13<\/span> <span class=\"s2\">Quelle Suisse pour 2050? Rencontre avec V\u00e9ronique Besson-Rouvinez<\/span><\/p>\n<p class=\"p4\"><strong><span class=\"s1\">Dossier: Quelles alliances pour les lib\u00e9raux?<br \/>\n<\/span><\/strong>18 Le lib\u00e9ralisme peut-il vivre sans alliances?<br \/>\n21 Mark Littlewood: \u00abLe vrai clivage n\u2019est plus \u00e9conomique, mais identitaire\u00bb<br \/>\n26 Vers des alliances entre pays d\u2019\u00e9pargne et pays de croissance<br \/>\n29 Le pacte des libertariens avec les conservateurs<br \/>\n32 L\u2019ordre international lib\u00e9ral face au retour de la puissance<br \/>\n33 Comment comprendre le concept d\u2019utopie lib\u00e9rale<\/p>\n<p class=\"p1\"><strong><span class=\"s1\">Kultur und Notizb\u00fccher<br \/>\n<\/span><\/strong><span class=\"s1\">36<\/span> Mise en trope:\u2009<i>Uvaspina<\/i>, tenir le diable par les cornes<br \/>\n<span class=\"s1\">38<\/span> La libert\u00e9 dans l\u2019objectif des r\u00e9alisateurs iraniens<br \/>\n<span class=\"s1\">40<\/span> Alain Vaillant: \u00abNous vivons la fin d\u2019un \u00e2ge romantique\u00bb<br \/>\n<span class=\"s1\">44<\/span> Le photoreportage de Bernard L\u00e9chot: Aux racines de Napol\u00e9on III<br \/>\n<span class=\"s1\">50<\/span> En bref:\u2009Une flotille, le Service des renseignements et une blague de ChatGPT<\/p>\n<p class=\"p1\"><span class=\"s2\">52<\/span> Abonnement und M\u00e4zenatentum<br \/>\n<span class=\"s2\">54<\/span> Zitate<\/p>","protected":false},"excerpt":{"rendered":"<p>Le Regard Libre N\u00b0125 | Dossier \u00abQuelles alliances pour les lib\u00e9raux?\u00bb Exemplaire papier Edition d\u2019avril 2026 Format magazine papier chic&#8230;<\/p>","protected":false},"featured_media":532075,"comment_status":"open","ping_status":"closed","template":"","meta":{"_acf_changed":false},"product_brand":[],"product_cat":[644340392],"product_tag":[],"class_list":{"0":"post-532072","1":"product","2":"type-product","3":"status-publish","4":"has-post-thumbnail","6":"product_cat-numeros","8":"first","9":"instock","10":"shipping-taxable","11":"purchasable","12":"product-type-variable"},"acf":[],"yoast_head":"<!-- This site is optimized with the Yoast SEO Premium plugin v26.9 (Yoast SEO v26.9) - https:\/\/yoast.com\/product\/yoast-seo-premium-wordpress\/ -->\n<title>Le Regard Libre N\u00b0125 | Dossier \u00abQuelles alliances pour les lib\u00e9raux?\u00bb<\/title>\n<meta name=\"robots\" content=\"index, follow, max-snippet:-1, max-image-preview:large, max-video-preview:-1\" \/>\n<link rel=\"canonical\" href=\"https:\/\/leregardlibre.com\/de\/produkt\/le-regard-libre-n124-dossier-le-peuple-quesaco-copie\/\" \/>\n<meta property=\"og:locale\" content=\"de_DE\" \/>\n<meta property=\"og:type\" content=\"article\" \/>\n<meta property=\"og:title\" content=\"Le Regard Libre N\u00b0125 | Dossier \u00abQuelles alliances pour les lib\u00e9raux?\u00bb\" \/>\n<meta property=\"og:description\" content=\"Le Regard Libre N\u00b0125 | Dossier \u00abQuelles alliances pour les lib\u00e9raux?\u00bb Exemplaire papier Edition d\u2019avril 2026 Format magazine papier chic...\" \/>\n<meta property=\"og:url\" content=\"https:\/\/leregardlibre.com\/de\/produkt\/le-regard-libre-n124-dossier-le-peuple-quesaco-copie\/\" \/>\n<meta property=\"og:site_name\" content=\"Le Regard Libre\" \/>\n<meta property=\"article:publisher\" content=\"https:\/\/www.facebook.com\/leregardlibre\/\" \/>\n<meta property=\"article:modified_time\" content=\"2026-04-12T17:59:02+00:00\" \/>\n<meta property=\"og:image\" content=\"https:\/\/leregardlibre.com\/wp-content\/uploads\/2026\/04\/une-le-regard-libre-n-125-scaled.jpg\" \/>\n\t<meta property=\"og:image:width\" content=\"1810\" \/>\n\t<meta property=\"og:image:height\" content=\"2560\" \/>\n\t<meta property=\"og:image:type\" content=\"image\/jpeg\" \/>\n<meta name=\"twitter:card\" content=\"summary_large_image\" \/>\n<meta name=\"twitter:site\" content=\"@LeRegardLibre\" \/>\n<meta name=\"twitter:label1\" content=\"Gesch\u00e4tzte Lesezeit\" \/>\n\t<meta name=\"twitter:data1\" content=\"2\u00a0Minuten\" \/>\n<script type=\"application\/ld+json\" class=\"yoast-schema-graph\">{\"@context\":\"https:\/\/schema.org\",\"@graph\":[{\"@type\":\"WebPage\",\"@id\":\"https:\/\/leregardlibre.com\/produit\/le-regard-libre-n124-dossier-le-peuple-quesaco-copie\/\",\"url\":\"https:\/\/leregardlibre.com\/produit\/le-regard-libre-n124-dossier-le-peuple-quesaco-copie\/\",\"name\":\"Le Regard Libre N\u00b0125 | Dossier \u00abQuelles alliances pour les lib\u00e9raux?\u00bb\",\"isPartOf\":{\"@id\":\"https:\/\/leregardlibre.com\/#website\"},\"primaryImageOfPage\":{\"@id\":\"https:\/\/leregardlibre.com\/produit\/le-regard-libre-n124-dossier-le-peuple-quesaco-copie\/#primaryimage\"},\"image\":{\"@id\":\"https:\/\/leregardlibre.com\/produit\/le-regard-libre-n124-dossier-le-peuple-quesaco-copie\/#primaryimage\"},\"thumbnailUrl\":\"https:\/\/leregardlibre.com\/wp-content\/uploads\/2026\/04\/une-le-regard-libre-n-125-scaled.jpg\",\"datePublished\":\"2026-04-12T16:42:32+00:00\",\"dateModified\":\"2026-04-12T17:59:02+00:00\",\"breadcrumb\":{\"@id\":\"https:\/\/leregardlibre.com\/produit\/le-regard-libre-n124-dossier-le-peuple-quesaco-copie\/#breadcrumb\"},\"inLanguage\":\"de\",\"potentialAction\":[{\"@type\":\"ReadAction\",\"target\":[\"https:\/\/leregardlibre.com\/produit\/le-regard-libre-n124-dossier-le-peuple-quesaco-copie\/\"]}]},{\"@type\":\"ImageObject\",\"inLanguage\":\"de\",\"@id\":\"https:\/\/leregardlibre.com\/produit\/le-regard-libre-n124-dossier-le-peuple-quesaco-copie\/#primaryimage\",\"url\":\"https:\/\/leregardlibre.com\/wp-content\/uploads\/2026\/04\/une-le-regard-libre-n-125-scaled.jpg\",\"contentUrl\":\"https:\/\/leregardlibre.com\/wp-content\/uploads\/2026\/04\/une-le-regard-libre-n-125-scaled.jpg\",\"width\":1810,\"height\":2560},{\"@type\":\"BreadcrumbList\",\"@id\":\"https:\/\/leregardlibre.com\/produit\/le-regard-libre-n124-dossier-le-peuple-quesaco-copie\/#breadcrumb\",\"itemListElement\":[{\"@type\":\"ListItem\",\"position\":1,\"name\":\"Accueil\",\"item\":\"https:\/\/leregardlibre.com\/\"},{\"@type\":\"ListItem\",\"position\":2,\"name\":\"Boutique\",\"item\":\"https:\/\/leregardlibre.com\/boutique\/\"},{\"@type\":\"ListItem\",\"position\":3,\"name\":\"Le Regard Libre N\u00b0125 | Dossier \u00abQuelles alliances pour les lib\u00e9raux?\u00bb\"}]},{\"@type\":\"WebSite\",\"@id\":\"https:\/\/leregardlibre.com\/#website\",\"url\":\"https:\/\/leregardlibre.com\/\",\"name\":\"Le Regard Libre\",\"description\":\"Premier mensuel suisse de d\u00e9bat\",\"publisher\":{\"@id\":\"https:\/\/leregardlibre.com\/#organization\"},\"potentialAction\":[{\"@type\":\"SearchAction\",\"target\":{\"@type\":\"EntryPoint\",\"urlTemplate\":\"https:\/\/leregardlibre.com\/?s={search_term_string}\"},\"query-input\":{\"@type\":\"PropertyValueSpecification\",\"valueRequired\":true,\"valueName\":\"search_term_string\"}}],\"inLanguage\":\"de\"},{\"@type\":\"Organization\",\"@id\":\"https:\/\/leregardlibre.com\/#organization\",\"name\":\"Le Regard Libre\",\"url\":\"https:\/\/leregardlibre.com\/\",\"logo\":{\"@type\":\"ImageObject\",\"inLanguage\":\"de\",\"@id\":\"https:\/\/leregardlibre.com\/#\/schema\/logo\/image\/\",\"url\":\"https:\/\/leregardlibre.com\/wp-content\/uploads\/2025\/08\/logo-rl-icone-neg.jpeg\",\"contentUrl\":\"https:\/\/leregardlibre.com\/wp-content\/uploads\/2025\/08\/logo-rl-icone-neg.jpeg\",\"width\":557,\"height\":556,\"caption\":\"Le Regard Libre\"},\"image\":{\"@id\":\"https:\/\/leregardlibre.com\/#\/schema\/logo\/image\/\"},\"sameAs\":[\"https:\/\/www.facebook.com\/leregardlibre\/\",\"https:\/\/x.com\/LeRegardLibre\",\"https:\/\/www.linkedin.com\/company\/le-regard-libre\",\"https:\/\/www.instagram.com\/leregardlibre\/\",\"http:\/\/t.me\/leregardlibre\",\"https:\/\/youtube.com\/channel\/UC6HzGPomj1LsUmlz-sJtITQ\"],\"description\":\"Le Regard Libre est un mensuel suisse de d\u00e9bat intellectuel et culturel. Sa r\u00e9daction est jeune, b\u00e9n\u00e9vole, lib\u00e9rale et pluraliste. Le magazine para\u00eet en ligne et sous forme papier. Sa langue est le fran\u00e7ais.\",\"email\":\"redaction@leregardlibre.com\",\"legalName\":\"Le Regard Libre\",\"foundingDate\":\"2014-01-01\",\"numberOfEmployees\":{\"@type\":\"QuantitativeValue\",\"minValue\":\"11\",\"maxValue\":\"50\"},\"publishingPrinciples\":\"https:\/\/leregardlibre.com\/a-propos\/notre-manifeste\/\",\"ownershipFundingInfo\":\"https:\/\/leregardlibre.com\/mentions-legales\/\",\"actionableFeedbackPolicy\":\"https:\/\/leregardlibre.com\/conditions-generales-de-vente\/\"}]}<\/script>\n<!-- \/ Yoast SEO Premium plugin. -->","yoast_head_json":{"title":"Le Regard Libre N\u00b0125 | Dossier \u00abQuelles alliances pour les lib\u00e9raux?\u00bb","robots":{"index":"index","follow":"follow","max-snippet":"max-snippet:-1","max-image-preview":"max-image-preview:large","max-video-preview":"max-video-preview:-1"},"canonical":"https:\/\/leregardlibre.com\/de\/produkt\/le-regard-libre-n124-dossier-le-peuple-quesaco-copie\/","og_locale":"de_DE","og_type":"article","og_title":"Le Regard Libre N\u00b0125 | Dossier \u00abQuelles alliances pour les lib\u00e9raux?\u00bb","og_description":"Le Regard Libre N\u00b0125 | Dossier \u00abQuelles alliances pour les lib\u00e9raux?\u00bb Exemplaire papier Edition d\u2019avril 2026 Format magazine papier chic...","og_url":"https:\/\/leregardlibre.com\/de\/produkt\/le-regard-libre-n124-dossier-le-peuple-quesaco-copie\/","og_site_name":"Le Regard Libre","article_publisher":"https:\/\/www.facebook.com\/leregardlibre\/","article_modified_time":"2026-04-12T17:59:02+00:00","og_image":[{"width":1810,"height":2560,"url":"https:\/\/leregardlibre.com\/wp-content\/uploads\/2026\/04\/une-le-regard-libre-n-125-scaled.jpg","type":"image\/jpeg"}],"twitter_card":"summary_large_image","twitter_site":"@LeRegardLibre","twitter_misc":{"Gesch\u00e4tzte Lesezeit":"2\u00a0Minuten"},"schema":{"@context":"https:\/\/schema.org","@graph":[{"@type":"WebPage","@id":"https:\/\/leregardlibre.com\/produit\/le-regard-libre-n124-dossier-le-peuple-quesaco-copie\/","url":"https:\/\/leregardlibre.com\/produit\/le-regard-libre-n124-dossier-le-peuple-quesaco-copie\/","name":"Le Regard Libre N\u00b0125 | Dossier \u00abQuelles alliances pour les lib\u00e9raux?\u00bb","isPartOf":{"@id":"https:\/\/leregardlibre.com\/#website"},"primaryImageOfPage":{"@id":"https:\/\/leregardlibre.com\/produit\/le-regard-libre-n124-dossier-le-peuple-quesaco-copie\/#primaryimage"},"image":{"@id":"https:\/\/leregardlibre.com\/produit\/le-regard-libre-n124-dossier-le-peuple-quesaco-copie\/#primaryimage"},"thumbnailUrl":"https:\/\/leregardlibre.com\/wp-content\/uploads\/2026\/04\/une-le-regard-libre-n-125-scaled.jpg","datePublished":"2026-04-12T16:42:32+00:00","dateModified":"2026-04-12T17:59:02+00:00","breadcrumb":{"@id":"https:\/\/leregardlibre.com\/produit\/le-regard-libre-n124-dossier-le-peuple-quesaco-copie\/#breadcrumb"},"inLanguage":"de","potentialAction":[{"@type":"ReadAction","target":["https:\/\/leregardlibre.com\/produit\/le-regard-libre-n124-dossier-le-peuple-quesaco-copie\/"]}]},{"@type":"ImageObject","inLanguage":"de","@id":"https:\/\/leregardlibre.com\/produit\/le-regard-libre-n124-dossier-le-peuple-quesaco-copie\/#primaryimage","url":"https:\/\/leregardlibre.com\/wp-content\/uploads\/2026\/04\/une-le-regard-libre-n-125-scaled.jpg","contentUrl":"https:\/\/leregardlibre.com\/wp-content\/uploads\/2026\/04\/une-le-regard-libre-n-125-scaled.jpg","width":1810,"height":2560},{"@type":"BreadcrumbList","@id":"https:\/\/leregardlibre.com\/produit\/le-regard-libre-n124-dossier-le-peuple-quesaco-copie\/#breadcrumb","itemListElement":[{"@type":"ListItem","position":1,"name":"Accueil","item":"https:\/\/leregardlibre.com\/"},{"@type":"ListItem","position":2,"name":"Boutique","item":"https:\/\/leregardlibre.com\/boutique\/"},{"@type":"ListItem","position":3,"name":"Le Regard Libre N\u00b0125 | Dossier \u00abQuelles alliances pour les lib\u00e9raux?\u00bb"}]},{"@type":"WebSite","@id":"https:\/\/leregardlibre.com\/#website","url":"https:\/\/leregardlibre.com\/","name":"Le Regard Libre","description":"Erste Schweizer Monatszeitschrift f\u00fcr Debatten","publisher":{"@id":"https:\/\/leregardlibre.com\/#organization"},"potentialAction":[{"@type":"SearchAction","target":{"@type":"EntryPoint","urlTemplate":"https:\/\/leregardlibre.com\/?s={search_term_string}"},"query-input":{"@type":"PropertyValueSpecification","valueRequired":true,"valueName":"search_term_string"}}],"inLanguage":"de"},{"@type":"Organization","@id":"https:\/\/leregardlibre.com\/#organization","name":"Le Regard Libre","url":"https:\/\/leregardlibre.com\/","logo":{"@type":"ImageObject","inLanguage":"de","@id":"https:\/\/leregardlibre.com\/#\/schema\/logo\/image\/","url":"https:\/\/leregardlibre.com\/wp-content\/uploads\/2025\/08\/logo-rl-icone-neg.jpeg","contentUrl":"https:\/\/leregardlibre.com\/wp-content\/uploads\/2025\/08\/logo-rl-icone-neg.jpeg","width":557,"height":556,"caption":"Le Regard Libre"},"image":{"@id":"https:\/\/leregardlibre.com\/#\/schema\/logo\/image\/"},"sameAs":["https:\/\/www.facebook.com\/leregardlibre\/","https:\/\/x.com\/LeRegardLibre","https:\/\/www.linkedin.com\/company\/le-regard-libre","https:\/\/www.instagram.com\/leregardlibre\/","http:\/\/t.me\/leregardlibre","https:\/\/youtube.com\/channel\/UC6HzGPomj1LsUmlz-sJtITQ"],"description":"Le Regard Libre ist eine Schweizer Monatszeitschrift f\u00fcr intellektuelle und kulturelle Debatten. Seine Redaktion ist jung, ehrenamtlich, liberal und pluralistisch. Das Magazin erscheint online und in gedruckter Form. Seine Sprache ist Franz\u00f6sisch.","email":"redaction@leregardlibre.com","legalName":"Le Regard Libre","foundingDate":"2014-01-01","numberOfEmployees":{"@type":"QuantitativeValue","minValue":"11","maxValue":"50"},"publishingPrinciples":"https:\/\/leregardlibre.com\/a-propos\/notre-manifeste\/","ownershipFundingInfo":"https:\/\/leregardlibre.com\/mentions-legales\/","actionableFeedbackPolicy":"https:\/\/leregardlibre.com\/conditions-generales-de-vente\/"}]}},"_links":{"self":[{"href":"https:\/\/leregardlibre.com\/de\/wp-json\/wp\/v2\/product\/532072","targetHints":{"allow":["GET"]}}],"collection":[{"href":"https:\/\/leregardlibre.com\/de\/wp-json\/wp\/v2\/product"}],"about":[{"href":"https:\/\/leregardlibre.com\/de\/wp-json\/wp\/v2\/types\/product"}],"replies":[{"embeddable":true,"href":"https:\/\/leregardlibre.com\/de\/wp-json\/wp\/v2\/comments?post=532072"}],"wp:featuredmedia":[{"embeddable":true,"href":"https:\/\/leregardlibre.com\/de\/wp-json\/wp\/v2\/media\/532075"}],"wp:attachment":[{"href":"https:\/\/leregardlibre.com\/de\/wp-json\/wp\/v2\/media?parent=532072"}],"wp:term":[{"taxonomy":"product_brand","embeddable":true,"href":"https:\/\/leregardlibre.com\/de\/wp-json\/wp\/v2\/product_brand?post=532072"},{"taxonomy":"product_cat","embeddable":true,"href":"https:\/\/leregardlibre.com\/de\/wp-json\/wp\/v2\/product_cat?post=532072"},{"taxonomy":"product_tag","embeddable":true,"href":"https:\/\/leregardlibre.com\/de\/wp-json\/wp\/v2\/product_tag?post=532072"}],"curies":[{"name":"wp","href":"https:\/\/api.w.org\/{rel}","templated":true}]}}