{"id":45975,"date":"2022-02-14T18:19:33","date_gmt":"2022-02-14T17:19:33","guid":{"rendered":"https:\/\/leregardlibre.com\/?page_id=45975"},"modified":"2025-08-20T17:11:28","modified_gmt":"2025-08-20T15:11:28","slug":"le-retour-novel-unpublished-serial-all-published-episodes","status":"publish","type":"page","link":"https:\/\/leregardlibre.com\/en\/le-retour-novel-unpublished-serial-all-published-episodes\/","title":{"rendered":"\u00abThe Return\u00bb (novel): all published episodes"},"content":{"rendered":"<p class=\"has-drop-cap\"><strong>In 2022 and 2023, the young Swiss author <a href=\"https:\/\/twitter.com\/LeRegardLibre\/status\/1481491234623471618\">Elliot Mazzella<\/a> has exclusively published his novel <em>The return<\/em> in the columns of <em>Regard Libre<\/em>, in episodic form, in the old soap opera tradition. Here are all the episodes already published:<\/strong><\/p>\n\n\n\n<h6 class=\"wp-block-heading\"><a href=\"https:\/\/leregardlibre.com\/en\/literature\/le-retour-episode-1\/\">Episode 1\/15<\/a><\/h6>\n\n\n\n<p><em>After years away, Joseph returns to his native village.<\/em><\/p>\n\n\n\n<h6 class=\"wp-block-heading\"><a href=\"https:\/\/leregardlibre.com\/en\/literature\/le-retour-episode-2\/\">Episode 2\/15<\/a><\/h6>\n\n\n\n<p><em>After years away, Joseph returns to his native village. His return is eagerly awaited by all, and a great feast will be given in his honor - or so he thinks.<\/em><\/p>\n\n\n\n<h6 class=\"wp-block-heading\"><a href=\"https:\/\/leregardlibre.com\/en\/literature\/le-retour-episode-3\/\">Episode 3\/15<\/a><\/h6>\n\n\n\n<p><em>After years away, Joseph returns to his native village. When he arrives at the village gates, things don't go as planned: nobody seems to recognize him. Thinking it's a joke, Joseph agrees to fight with his old friend, Pierre. The fight soon turns to Pierre's advantage. Joseph loses consciousness and, in the middle of the night, the men take him back to the village. The stranger is lodged with the widow, Agathe.<\/em><\/p>\n\n\n\n<h6 class=\"wp-block-heading\"><a href=\"https:\/\/leregardlibre.com\/en\/literature\/le-retour-episode-4\/\">Episode 4\/15<\/a><\/h6>\n\n\n\n<p><em>Joseph's return does not go according to plan. Expecting a hero's welcome, the young man is lynched on the doorstep of his native village. After a brief deliberation, the men decide to put him up with the widow Agathe. This sudden appearance seems to stir up old sorrows within her. Joseph learns that his father, St\u00e9phane, was once loved by the widow.<\/em><\/p>\n\n\n\n<h6 class=\"wp-block-heading\"><a href=\"https:\/\/leregardlibre.com\/en\/literature\/the-return-episode-5\/\">Episode 5\/15<\/a><\/h6>\n\n\n\n<p><em>Barely back in his native village, where he thought he'd be welcomed as a hero, Joseph stays with the widow Agathe until the village decides his fate: should he be sent back to where he came from as a stranger, or should he be given time to prove that he really is the Joseph everyone in the village knew? The day after his return, Joseph is invited to take part in the daily chores. This is his first test.<\/em><\/p>\n\n\n\n<h6 class=\"wp-block-heading\"><a href=\"https:\/\/leregardlibre.com\/en\/literature\/the-return-episode-6\/\">Episode 6\/15<\/a><\/h6>\n\n\n\n<p><em>Barely back in his native village, where he expected to be feted as a hero, Joseph is subjected to various trials. After his first day on the job, Sim\u00e9on, who appears to be the village chief, confides in him that he once had a special relationship with his father, St\u00e9phane, thus gaining his trust. But Joseph must not forget that in the village, nothing can be taken for granted.<\/em><\/p>\n\n\n\n<h6 class=\"wp-block-heading\"><a href=\"https:\/\/leregardlibre.com\/en\/literature\/le-retour-roman-inedit-epsiode-7-15\/\">Episode 7\/15<\/a><\/h6>\n\n\n\n<p><em><em>Joseph's return does not go according to plan. Sometimes a stranger, sometimes a member of the community, his situation is highly unstable. The collective tasks he takes part in gradually take on the appearance of trials that sometimes put his life in danger. After a mock manhunt, Joseph is entrusted with the pigsty, where, unbeknownst to him, an old acquaintance is waiting for him.<\/em><\/em><\/p>\n\n\n\n<h6 class=\"wp-block-heading\"><a href=\"https:\/\/leregardlibre.com\/en\/literature\/le-retour-unpublished-novel-episode-8\/\">Episode 8\/15<\/a><\/h6>\n\n\n\n<p><em>Joseph's situation in the village is as unstable as ever. After his encounter with Pierre in the village pigsty, he is left for dead. Pierre, convinced of having committed a fratricidal crime, flees. It is Simeon who brings back Joseph's apparently lifeless body, even though the day before he had ordered his men to hunt him down like an animal.<\/em><\/p>\n\n\n\n<h6 class=\"wp-block-heading\"><a href=\"https:\/\/leregardlibre.com\/en\/literature\/le-retour-roman-inedit-episode-9\/\">Episode 9\/15<\/a><\/h6>\n\n\n\n<p><em>After Joseph's attack, Pierre still hasn't returned to the village. Simeon, who brought the stranger's body home as if it were his own son, seems worried. Joseph, meanwhile, lies in a room where Leila keeps watch. She knows that her father had something to do with the death of her old flame.<\/em><\/p>\n\n\n\n<h6 class=\"wp-block-heading\"><a href=\"https:\/\/leregardlibre.com\/en\/literature\/le-retour-roman-inedit-episode-10-elliot-mazzella\/\">Episode 10\/15<\/a><\/h6>\n\n\n\n<p><em>The slaughter has taken place, and neither Pierre nor Joseph has been present. The brothers, who have always been enemies, find themselves reunited in their shared exile, far from the village. Simeon, for his part, senses an impending catastrophe. Something is amiss in village affairs, and he knows it only too well...<\/em><\/p>\n\n\n\n<h6 class=\"wp-block-heading\"><a href=\"https:\/\/leregardlibre.com\/en\/literature\/le-retour-unpublished-novel\/\">Episode 11\/15<\/a><a href=\"https:\/\/leregardlibre.com\/en\/literature\/le-retour-unpublished-novel-episode-8\/\"><\/a><\/h6>\n\n\n\n<p><em>Plunged into a feverish sleep, Joseph dreams. With his old friend Pierre, he wanders across a desolate moor. He remembers loneliness, a past that has died inside him. The two friends walk to the edge of the forest, where a woman awaits them. It's Leila. She has a choice to make, and she chooses Joseph. Pierre collapses...<\/em><\/p>\n\n\n\n<p><strong><a href=\"https:\/\/leregardlibre.com\/en\/literature\/le-retour-unpublished-novel-episode-12\/\">Episode 12\/15<\/a><\/strong><\/p>\n\n\n\n<p><em>Joseph's convalescence was drawing to a close. Deep in bed, he heard a familiar voice, not that of the previous maid, Agathe. It's her, it's Leila, his childhood sweetheart. Their reunion marks the beginning of a period of peace and reconciliation. Joseph now takes part in village life, working, eating and laughing with those who have perhaps become his own.<\/em><\/p>\n\n\n\n<h6 class=\"wp-block-heading\"><a href=\"https:\/\/leregardlibre.com\/en\/literature\/le-retour-unpublished-novel-episode-13\/\">Episode 13\/15<\/a><\/h6>\n\n\n\n<p><em>Joseph's convalescence was drawing to a close. Deep in bed, he heard a familiar voice, not that of the previous maid, Agathe. It's her, it's Leila, his childhood sweetheart. Their reunion marks the beginning of a period of peace and reconciliation. Joseph now takes part in village life, working, eating and laughing with those who have perhaps become his own.<\/em><\/p>\n\n\n\n<h6 class=\"wp-block-heading\"><a href=\"https:\/\/leregardlibre.com\/en\/literature\/le-retour-unpublished-novel-episode-14\/\">Episode 14\/15<\/a><\/h6>\n\n\n\n<p><em>Joseph is well and truly back with his family. Everything is going well for him. He works, loves and is loved. At the end of a harvest day, and after an evening of drinking, Joseph returns to Agathe's house where a surprise awaits him. It's Leila. She invites him to leave the village with her...<\/em><\/p>\n\n\n\n<h6 class=\"wp-block-heading\"><a href=\"https:\/\/leregardlibre.com\/en\/literature\/le-retour-roman-inedit-episode-15\/\">Episode 15\/15<\/a><\/h6>\n\n\n\n<p><em>Joseph is up bright and early, preparing to see his grandparents again. As he makes his way through the village, he meets a few villagers who were once so hostile to him. They all show him respect and sympathy, and remember Marguerite and Aim\u00e9. His grandmother welcomes him as he would have liked to have been welcomed by the village, at first. They talk about words and books.<\/em><\/p>","protected":false},"excerpt":{"rendered":"<p>En 2022 et 2023, le jeune auteur suisse Elliot Mazzella a publi\u00e9 en exclusivit\u00e9 son roman Le retour dans les&#8230;<\/p>","protected":false},"author":1,"featured_media":0,"parent":0,"menu_order":0,"comment_status":"closed","ping_status":"closed","template":"","meta":{"_acf_changed":false,"footnotes":""},"class_list":["post-45975","page","type-page","status-publish","hentry"],"acf":[],"yoast_head":"<!-- This site is optimized with the Yoast SEO Premium plugin v26.9 (Yoast SEO v26.9) - https:\/\/yoast.com\/product\/yoast-seo-premium-wordpress\/ -->\n<title>\u00abLe retour\u00bb (roman): tous les \u00e9pisodes parus<\/title>\n<meta name=\"description\" content=\"\u00abLe retour\u00bb, roman in\u00e9dit du jeune auteur suisse Elliot Mazzella sous forme de feuilleton de quinze \u00e9pisodes. Tous les \u00e9pisodes d\u00e9j\u00e0 parus\" \/>\n<meta name=\"robots\" content=\"index, follow, max-snippet:-1, max-image-preview:large, max-video-preview:-1\" \/>\n<link rel=\"canonical\" href=\"https:\/\/leregardlibre.com\/en\/le-retour-novel-unpublished-serial-all-published-episodes\/\" \/>\n<meta property=\"og:locale\" content=\"en_US\" \/>\n<meta property=\"og:type\" content=\"article\" \/>\n<meta property=\"og:title\" content=\"\u00abLe retour\u00bb (roman): tous les \u00e9pisodes parus\" \/>\n<meta property=\"og:description\" content=\"\u00abLe retour\u00bb, roman in\u00e9dit du jeune auteur suisse Elliot Mazzella sous forme de feuilleton de quinze \u00e9pisodes. Tous les \u00e9pisodes d\u00e9j\u00e0 parus\" \/>\n<meta property=\"og:url\" content=\"https:\/\/leregardlibre.com\/en\/le-retour-novel-unpublished-serial-all-published-episodes\/\" \/>\n<meta property=\"og:site_name\" content=\"Le Regard Libre\" \/>\n<meta property=\"article:publisher\" content=\"https:\/\/www.facebook.com\/leregardlibre\/\" \/>\n<meta property=\"article:modified_time\" content=\"2025-08-20T15:11:28+00:00\" \/>\n<meta property=\"og:image\" content=\"https:\/\/leregardlibre.com\/wp-content\/uploads\/2025\/11\/rl_logo_1a-e1762609033480.jpg\" \/>\n\t<meta property=\"og:image:width\" content=\"2154\" \/>\n\t<meta property=\"og:image:height\" content=\"1264\" \/>\n\t<meta property=\"og:image:type\" content=\"image\/jpeg\" \/>\n<meta name=\"twitter:card\" content=\"summary_large_image\" \/>\n<meta name=\"twitter:site\" content=\"@LeRegardLibre\" \/>\n<meta name=\"twitter:label1\" content=\"Est. reading time\" \/>\n\t<meta name=\"twitter:data1\" content=\"6 minutes\" \/>\n<script type=\"application\/ld+json\" class=\"yoast-schema-graph\">{\"@context\":\"https:\/\/schema.org\",\"@graph\":[{\"@type\":\"WebPage\",\"@id\":\"https:\/\/leregardlibre.com\/le-retour-roman-feuilleton-inedit-tous-les-episodes-parus\/\",\"url\":\"https:\/\/leregardlibre.com\/le-retour-roman-feuilleton-inedit-tous-les-episodes-parus\/\",\"name\":\"\u00abLe retour\u00bb (roman): tous les \u00e9pisodes parus\",\"isPartOf\":{\"@id\":\"https:\/\/leregardlibre.com\/#website\"},\"datePublished\":\"2022-02-14T17:19:33+00:00\",\"dateModified\":\"2025-08-20T15:11:28+00:00\",\"description\":\"\u00abLe retour\u00bb, roman in\u00e9dit du jeune auteur suisse Elliot Mazzella sous forme de feuilleton de quinze \u00e9pisodes. Tous les \u00e9pisodes d\u00e9j\u00e0 parus\",\"breadcrumb\":{\"@id\":\"https:\/\/leregardlibre.com\/le-retour-roman-feuilleton-inedit-tous-les-episodes-parus\/#breadcrumb\"},\"inLanguage\":\"en-US\",\"potentialAction\":[{\"@type\":\"ReadAction\",\"target\":[\"https:\/\/leregardlibre.com\/le-retour-roman-feuilleton-inedit-tous-les-episodes-parus\/\"]}]},{\"@type\":\"BreadcrumbList\",\"@id\":\"https:\/\/leregardlibre.com\/le-retour-roman-feuilleton-inedit-tous-les-episodes-parus\/#breadcrumb\",\"itemListElement\":[{\"@type\":\"ListItem\",\"position\":1,\"name\":\"Accueil\",\"item\":\"https:\/\/leregardlibre.com\/\"},{\"@type\":\"ListItem\",\"position\":2,\"name\":\"\u00abLe retour\u00bb (roman): tous les \u00e9pisodes parus\"}]},{\"@type\":\"WebSite\",\"@id\":\"https:\/\/leregardlibre.com\/#website\",\"url\":\"https:\/\/leregardlibre.com\/\",\"name\":\"Le Regard Libre\",\"description\":\"Premier mensuel suisse de d\u00e9bat\",\"publisher\":{\"@id\":\"https:\/\/leregardlibre.com\/#organization\"},\"potentialAction\":[{\"@type\":\"SearchAction\",\"target\":{\"@type\":\"EntryPoint\",\"urlTemplate\":\"https:\/\/leregardlibre.com\/?s={search_term_string}\"},\"query-input\":{\"@type\":\"PropertyValueSpecification\",\"valueRequired\":true,\"valueName\":\"search_term_string\"}}],\"inLanguage\":\"en-US\"},{\"@type\":\"Organization\",\"@id\":\"https:\/\/leregardlibre.com\/#organization\",\"name\":\"Le Regard Libre\",\"url\":\"https:\/\/leregardlibre.com\/\",\"logo\":{\"@type\":\"ImageObject\",\"inLanguage\":\"en-US\",\"@id\":\"https:\/\/leregardlibre.com\/#\/schema\/logo\/image\/\",\"url\":\"https:\/\/leregardlibre.com\/wp-content\/uploads\/2025\/08\/logo-rl-icone-neg.jpeg\",\"contentUrl\":\"https:\/\/leregardlibre.com\/wp-content\/uploads\/2025\/08\/logo-rl-icone-neg.jpeg\",\"width\":557,\"height\":556,\"caption\":\"Le Regard Libre\"},\"image\":{\"@id\":\"https:\/\/leregardlibre.com\/#\/schema\/logo\/image\/\"},\"sameAs\":[\"https:\/\/www.facebook.com\/leregardlibre\/\",\"https:\/\/x.com\/LeRegardLibre\",\"https:\/\/www.linkedin.com\/company\/le-regard-libre\",\"https:\/\/www.instagram.com\/leregardlibre\/\",\"http:\/\/t.me\/leregardlibre\",\"https:\/\/youtube.com\/channel\/UC6HzGPomj1LsUmlz-sJtITQ\"],\"description\":\"Le Regard Libre est un mensuel suisse de d\u00e9bat intellectuel et culturel. Sa r\u00e9daction est jeune, b\u00e9n\u00e9vole, lib\u00e9rale et pluraliste. Le magazine para\u00eet en ligne et sous forme papier. Sa langue est le fran\u00e7ais.\",\"email\":\"redaction@leregardlibre.com\",\"legalName\":\"Le Regard Libre\",\"foundingDate\":\"2014-01-01\",\"numberOfEmployees\":{\"@type\":\"QuantitativeValue\",\"minValue\":\"11\",\"maxValue\":\"50\"},\"publishingPrinciples\":\"https:\/\/leregardlibre.com\/a-propos\/notre-manifeste\/\",\"ownershipFundingInfo\":\"https:\/\/leregardlibre.com\/mentions-legales\/\",\"actionableFeedbackPolicy\":\"https:\/\/leregardlibre.com\/conditions-generales-de-vente\/\"}]}<\/script>\n<!-- \/ Yoast SEO Premium plugin. -->","yoast_head_json":{"title":"\u00abThe Return\u00bb (novel): all published episodes","description":"\u00abThe Return\u00bb, an unpublished novel by young Swiss author Elliot Mazzella in the form of a 15-episode serial. All episodes already published","robots":{"index":"index","follow":"follow","max-snippet":"max-snippet:-1","max-image-preview":"max-image-preview:large","max-video-preview":"max-video-preview:-1"},"canonical":"https:\/\/leregardlibre.com\/en\/le-retour-novel-unpublished-serial-all-published-episodes\/","og_locale":"en_US","og_type":"article","og_title":"\u00abLe retour\u00bb (roman): tous les \u00e9pisodes parus","og_description":"\u00abLe retour\u00bb, roman in\u00e9dit du jeune auteur suisse Elliot Mazzella sous forme de feuilleton de quinze \u00e9pisodes. Tous les \u00e9pisodes d\u00e9j\u00e0 parus","og_url":"https:\/\/leregardlibre.com\/en\/le-retour-novel-unpublished-serial-all-published-episodes\/","og_site_name":"Le Regard Libre","article_publisher":"https:\/\/www.facebook.com\/leregardlibre\/","article_modified_time":"2025-08-20T15:11:28+00:00","og_image":[{"width":2154,"height":1264,"url":"https:\/\/leregardlibre.com\/wp-content\/uploads\/2025\/11\/rl_logo_1a-e1762609033480.jpg","type":"image\/jpeg"}],"twitter_card":"summary_large_image","twitter_site":"@LeRegardLibre","twitter_misc":{"Est. reading time":"6 minutes"},"schema":{"@context":"https:\/\/schema.org","@graph":[{"@type":"WebPage","@id":"https:\/\/leregardlibre.com\/le-retour-roman-feuilleton-inedit-tous-les-episodes-parus\/","url":"https:\/\/leregardlibre.com\/le-retour-roman-feuilleton-inedit-tous-les-episodes-parus\/","name":"\u00abThe Return\u00bb (novel): all published episodes","isPartOf":{"@id":"https:\/\/leregardlibre.com\/#website"},"datePublished":"2022-02-14T17:19:33+00:00","dateModified":"2025-08-20T15:11:28+00:00","description":"\u00abThe Return\u00bb, an unpublished novel by young Swiss author Elliot Mazzella in the form of a 15-episode serial. All episodes already published","breadcrumb":{"@id":"https:\/\/leregardlibre.com\/le-retour-roman-feuilleton-inedit-tous-les-episodes-parus\/#breadcrumb"},"inLanguage":"en-US","potentialAction":[{"@type":"ReadAction","target":["https:\/\/leregardlibre.com\/le-retour-roman-feuilleton-inedit-tous-les-episodes-parus\/"]}]},{"@type":"BreadcrumbList","@id":"https:\/\/leregardlibre.com\/le-retour-roman-feuilleton-inedit-tous-les-episodes-parus\/#breadcrumb","itemListElement":[{"@type":"ListItem","position":1,"name":"Accueil","item":"https:\/\/leregardlibre.com\/"},{"@type":"ListItem","position":2,"name":"\u00abLe retour\u00bb (roman): tous les \u00e9pisodes parus"}]},{"@type":"WebSite","@id":"https:\/\/leregardlibre.com\/#website","url":"https:\/\/leregardlibre.com\/","name":"Le Regard Libre","description":"Switzerland's first monthly debate magazine","publisher":{"@id":"https:\/\/leregardlibre.com\/#organization"},"potentialAction":[{"@type":"SearchAction","target":{"@type":"EntryPoint","urlTemplate":"https:\/\/leregardlibre.com\/?s={search_term_string}"},"query-input":{"@type":"PropertyValueSpecification","valueRequired":true,"valueName":"search_term_string"}}],"inLanguage":"en-US"},{"@type":"Organization","@id":"https:\/\/leregardlibre.com\/#organization","name":"Le Regard Libre","url":"https:\/\/leregardlibre.com\/","logo":{"@type":"ImageObject","inLanguage":"en-US","@id":"https:\/\/leregardlibre.com\/#\/schema\/logo\/image\/","url":"https:\/\/leregardlibre.com\/wp-content\/uploads\/2025\/08\/logo-rl-icone-neg.jpeg","contentUrl":"https:\/\/leregardlibre.com\/wp-content\/uploads\/2025\/08\/logo-rl-icone-neg.jpeg","width":557,"height":556,"caption":"Le Regard Libre"},"image":{"@id":"https:\/\/leregardlibre.com\/#\/schema\/logo\/image\/"},"sameAs":["https:\/\/www.facebook.com\/leregardlibre\/","https:\/\/x.com\/LeRegardLibre","https:\/\/www.linkedin.com\/company\/le-regard-libre","https:\/\/www.instagram.com\/leregardlibre\/","http:\/\/t.me\/leregardlibre","https:\/\/youtube.com\/channel\/UC6HzGPomj1LsUmlz-sJtITQ"],"description":"Le Regard Libre is a Swiss monthly magazine for intellectual and cultural debate. Its editorial team is young, voluntary, liberal and pluralist. The magazine appears online and in print. Its language is French.","email":"redaction@leregardlibre.com","legalName":"Le Regard Libre","foundingDate":"2014-01-01","numberOfEmployees":{"@type":"QuantitativeValue","minValue":"11","maxValue":"50"},"publishingPrinciples":"https:\/\/leregardlibre.com\/a-propos\/notre-manifeste\/","ownershipFundingInfo":"https:\/\/leregardlibre.com\/mentions-legales\/","actionableFeedbackPolicy":"https:\/\/leregardlibre.com\/conditions-generales-de-vente\/"}]}},"_links":{"self":[{"href":"https:\/\/leregardlibre.com\/en\/wp-json\/wp\/v2\/pages\/45975","targetHints":{"allow":["GET"]}}],"collection":[{"href":"https:\/\/leregardlibre.com\/en\/wp-json\/wp\/v2\/pages"}],"about":[{"href":"https:\/\/leregardlibre.com\/en\/wp-json\/wp\/v2\/types\/page"}],"author":[{"embeddable":true,"href":"https:\/\/leregardlibre.com\/en\/wp-json\/wp\/v2\/users\/1"}],"replies":[{"embeddable":true,"href":"https:\/\/leregardlibre.com\/en\/wp-json\/wp\/v2\/comments?post=45975"}],"version-history":[{"count":2,"href":"https:\/\/leregardlibre.com\/en\/wp-json\/wp\/v2\/pages\/45975\/revisions"}],"predecessor-version":[{"id":521702,"href":"https:\/\/leregardlibre.com\/en\/wp-json\/wp\/v2\/pages\/45975\/revisions\/521702"}],"wp:attachment":[{"href":"https:\/\/leregardlibre.com\/en\/wp-json\/wp\/v2\/media?parent=45975"}],"curies":[{"name":"wp","href":"https:\/\/api.w.org\/{rel}","templated":true}]}}