{"id":49867,"date":"2022-06-28T08:12:19","date_gmt":"2022-06-28T06:12:19","guid":{"rendered":"https:\/\/leregardlibre.com\/?page_id=49867"},"modified":"2025-11-10T08:25:50","modified_gmt":"2025-11-10T07:25:50","slug":"a-propos","status":"publish","type":"page","link":"https:\/\/leregardlibre.com\/en\/a-propos\/","title":{"rendered":"About us"},"content":{"rendered":"<div data-elementor-type=\"wp-page\" data-elementor-id=\"49867\" class=\"elementor elementor-49867\">\n\t\t\t\t\t\t<section class=\"elementor-section elementor-top-section elementor-element elementor-element-72a51fa elementor-section-boxed elementor-section-height-default elementor-section-height-default\" data-id=\"72a51fa\" data-element_type=\"section\" data-e-type=\"section\">\n\t\t\t\t\t\t<div class=\"elementor-container elementor-column-gap-default\">\n\t\t\t\t\t<div class=\"elementor-column elementor-col-100 elementor-top-column elementor-element elementor-element-01ad100\" data-id=\"01ad100\" data-element_type=\"column\" data-e-type=\"column\">\n\t\t\t<div class=\"elementor-widget-wrap elementor-element-populated\">\n\t\t\t\t\t\t<div class=\"elementor-element elementor-element-a562184 elementor-widget elementor-widget-heading\" data-id=\"a562184\" data-element_type=\"widget\" data-e-type=\"widget\" data-widget_type=\"heading.default\">\n\t\t\t\t<div class=\"elementor-widget-container\">\n\t\t\t\t\t<h1 class=\"elementor-heading-title elementor-size-default\">About us<\/h1>\t\t\t\t<\/div>\n\t\t\t\t<\/div>\n\t\t\t\t\t<\/div>\n\t\t<\/div>\n\t\t\t\t\t<\/div>\n\t\t<\/section>\n\t\t\t\t<section class=\"elementor-section elementor-top-section elementor-element elementor-element-2926a69 elementor-section-content-top elementor-section-boxed elementor-section-height-default elementor-section-height-default\" data-id=\"2926a69\" data-element_type=\"section\" data-e-type=\"section\">\n\t\t\t\t\t\t<div class=\"elementor-container elementor-column-gap-default\">\n\t\t\t\t\t<div class=\"elementor-column elementor-col-50 elementor-top-column elementor-element elementor-element-3be1316\" data-id=\"3be1316\" data-element_type=\"column\" data-e-type=\"column\">\n\t\t\t<div class=\"elementor-widget-wrap elementor-element-populated\">\n\t\t\t\t\t\t<div class=\"elementor-element elementor-element-42fa946 elementor-widget elementor-widget-text-editor\" data-id=\"42fa946\" data-element_type=\"widget\" data-e-type=\"widget\" data-widget_type=\"text-editor.default\">\n\t\t\t\t<div class=\"elementor-widget-container\">\n\t\t\t\t\t\t\t\t\t<p style=\"margin-bottom: 17px; text-align: left; font-family: Cabin, sans-serif; font-weight: 400; color: #313131;\"><span style=\"font-weight: bolder;\">Do you also notice a lack of media coverage, despite the multitude of players?<\/span>\u00a0A mimicry of the subjects tackled and points of view expressed?<\/p><p style=\"margin-bottom: 17px; text-align: left; font-family: Cabin, sans-serif; font-weight: 400; color: #313131;\"><span style=\"font-weight: bolder;\">A media for reflection was to emerge on the journalistic and intellectual scene,<\/span>\u00a0whose aim is not so much to inform its readers as to give them food for thought. Our aim is not so much to inform our readers as to provide them with food for thought, offering them analyses, debates and insights into little-reported aspects of reality and the life of ideas.<\/p><p style=\"margin-bottom: 17px; text-align: left; font-family: Cabin, sans-serif; font-weight: 400; color: #313131;\"><span style=\"font-weight: bolder; font-size: inherit;\">This medium, which appeared in 2014, is\u00a0<\/span><em style=\"font-weight: bolder; font-size: inherit;\">Le Regard Libre<\/em><span style=\"font-weight: bolder; font-size: inherit;\">.<\/span><\/p><p style=\"margin-bottom: 17px; text-align: left; font-family: Cabin, sans-serif; font-weight: 400; color: #313131;\"><span style=\"font-weight: bolder;\">Free, because independent.<\/span>\u00a0Independent of any major press group, publisher, patron or advertiser, independent of buzzwords and ready-made ideas, independent of political or religious camps, independent of the moral pressures of society, independent of the din of the news.<\/p><p style=\"margin-bottom: 17px; text-align: left; font-family: Cabin, sans-serif; font-weight: 400; color: #313131;\"><span style=\"font-weight: bolder;\">It's also independent of the routine instilled by a salary, because our team is 100% voluntary and committed to its work out of conviction.<\/span>, The team is made up of both editorial staff and members of the association Le Regard Libre, which publishes the medium of the same name.<\/p><p style=\"margin-bottom: 17px; text-align: left; font-family: Cabin, sans-serif; font-weight: 400; color: #313131;\"><span style=\"font-weight: bolder;\">One constant guides us: the need for open and serious reasoning.<\/span>\u00a0Join us on a voyage of discovery of ideas that clash, of observers who give meaning to what surrounds us, of artists who sublimate our daily lives.<\/p><p style=\"margin-bottom: 17px; text-align: left;\"><em><a href=\"https:\/\/leregardlibre.com\/en\/our-manifesto\/\" rel=\"noopener\">Our manifesto<\/a> |\u00a0<a href=\"https:\/\/leregardlibre.com\/en\/our-offer\/\" rel=\"noopener\">Our offer<\/a> | <a href=\"https:\/\/leregardlibre.com\/en\/team\/\" rel=\"noopener\">Our team<\/a><\/em><\/p><p style=\"margin-bottom: 17px; text-align: left;\"><strong style=\"color: inherit; font-family: inherit; font-size: inherit; text-align: inherit;\"><em>Le Regard Libre<\/em> is also presented by<\/strong><strong>\u00a0<a href=\"https:\/\/leregardlibre.com\/en\/company\/media\/le-regard-libre-readers-testimonials\/\">our readers<\/a>.<\/strong><\/p>\t\t\t\t\t\t\t\t<\/div>\n\t\t\t\t<\/div>\n\t\t\t\t\t<\/div>\n\t\t<\/div>\n\t\t\t\t<div class=\"elementor-column elementor-col-50 elementor-top-column elementor-element elementor-element-8cd323a\" data-id=\"8cd323a\" data-element_type=\"column\" data-e-type=\"column\" data-settings=\"{&quot;background_background&quot;:&quot;classic&quot;}\">\n\t\t\t<div class=\"elementor-widget-wrap elementor-element-populated\">\n\t\t\t\t\t\t<div class=\"elementor-element elementor-element-d5f0d70 elementor-widget elementor-widget-image\" data-id=\"d5f0d70\" data-element_type=\"widget\" data-e-type=\"widget\" data-widget_type=\"image.default\">\n\t\t\t\t<div class=\"elementor-widget-container\">\n\t\t\t\t\t\t\t\t\t\t\t\t\t\t\t<img fetchpriority=\"high\" decoding=\"async\" width=\"724\" height=\"1024\" src=\"https:\/\/leregardlibre.com\/wp-content\/uploads\/2024\/12\/une-le-regard-libre-n112-724x1024.jpg\" class=\"attachment-large size-large wp-image-526031\" alt=\"One Le Regard Libre N\u00b0112\" srcset=\"https:\/\/leregardlibre.com\/wp-content\/uploads\/2024\/12\/une-le-regard-libre-n112-724x1024.jpg 724w, https:\/\/leregardlibre.com\/wp-content\/uploads\/2024\/12\/une-le-regard-libre-n112-212x300.jpg 212w, https:\/\/leregardlibre.com\/wp-content\/uploads\/2024\/12\/une-le-regard-libre-n112-106x150.jpg 106w, https:\/\/leregardlibre.com\/wp-content\/uploads\/2024\/12\/une-le-regard-libre-n112-768x1086.jpg 768w, https:\/\/leregardlibre.com\/wp-content\/uploads\/2024\/12\/une-le-regard-libre-n112-e1734338862347.jpg 1920w, https:\/\/leregardlibre.com\/wp-content\/uploads\/2024\/12\/une-le-regard-libre-n112-1170x1655.jpg 1170w, https:\/\/leregardlibre.com\/wp-content\/uploads\/2024\/12\/une-le-regard-libre-n112-585x827.jpg 585w, https:\/\/leregardlibre.com\/wp-content\/uploads\/2024\/12\/une-le-regard-libre-n112-300x424.jpg 300w, https:\/\/leregardlibre.com\/wp-content\/uploads\/2024\/12\/une-le-regard-libre-n112-600x849.jpg 600w\" sizes=\"(max-width: 724px) 100vw, 724px\" \/>\t\t\t\t\t\t\t\t\t\t\t\t\t\t\t<\/div>\n\t\t\t\t<\/div>\n\t\t\t\t\t<\/div>\n\t\t<\/div>\n\t\t\t\t\t<\/div>\n\t\t<\/section>\n\t\t\t\t<\/div>","protected":false},"excerpt":{"rendered":"<p>Accueil A propos Vous aussi, vous constatez un manque dans le monde m\u00e9diatique, malgr\u00e9 la multitude des acteurs?\u00a0Un mim\u00e9tisme des&#8230;<\/p>","protected":false},"author":1,"featured_media":0,"parent":0,"menu_order":0,"comment_status":"closed","ping_status":"closed","template":"page-fullwidth.php","meta":{"_acf_changed":false,"footnotes":""},"class_list":["post-49867","page","type-page","status-publish","hentry"],"acf":[],"yoast_head":"<!-- This site is optimized with the Yoast SEO Premium plugin v27.4 (Yoast SEO v27.4) - https:\/\/yoast.com\/product\/yoast-seo-premium-wordpress\/ -->\n<title>A propos | Le Regard Libre<\/title>\n<meta name=\"description\" content=\"Le mensuel Le Regard Libre entend combler un vide dans la vie des id\u00e9es\u00a0en servant de pont entre les d\u00e9bats de fond et le grand public.\" \/>\n<meta name=\"robots\" content=\"index, follow, max-snippet:-1, max-image-preview:large, max-video-preview:-1\" \/>\n<link rel=\"canonical\" href=\"https:\/\/leregardlibre.com\/en\/a-propos\/\" \/>\n<meta property=\"og:locale\" content=\"en_US\" \/>\n<meta property=\"og:type\" content=\"article\" \/>\n<meta property=\"og:title\" content=\"A propos\" \/>\n<meta property=\"og:description\" content=\"Le mensuel Le Regard Libre entend combler un vide dans la vie des id\u00e9es\u00a0en servant de pont entre les d\u00e9bats de fond et le grand public.\" \/>\n<meta property=\"og:url\" content=\"https:\/\/leregardlibre.com\/en\/a-propos\/\" \/>\n<meta property=\"og:site_name\" content=\"Le Regard Libre\" \/>\n<meta property=\"article:publisher\" content=\"https:\/\/www.facebook.com\/leregardlibre\/\" \/>\n<meta property=\"article:modified_time\" content=\"2025-11-10T07:25:50+00:00\" \/>\n<meta property=\"og:image\" content=\"https:\/\/leregardlibre.com\/wp-content\/uploads\/2024\/12\/une-le-regard-libre-n112-e1734338862347.jpg\" \/>\n\t<meta property=\"og:image:width\" content=\"1920\" \/>\n\t<meta property=\"og:image:height\" content=\"2716\" \/>\n\t<meta property=\"og:image:type\" content=\"image\/jpeg\" \/>\n<meta name=\"twitter:card\" content=\"summary_large_image\" \/>\n<meta name=\"twitter:site\" content=\"@LeRegardLibre\" \/>\n<meta name=\"twitter:label1\" content=\"Est. reading time\" \/>\n\t<meta name=\"twitter:data1\" content=\"2 minutes\" \/>\n<script type=\"application\/ld+json\" class=\"yoast-schema-graph\">{\"@context\":\"https:\\\/\\\/schema.org\",\"@graph\":[{\"@type\":\"WebPage\",\"@id\":\"https:\\\/\\\/leregardlibre.com\\\/a-propos\\\/\",\"url\":\"https:\\\/\\\/leregardlibre.com\\\/a-propos\\\/\",\"name\":\"A propos | Le Regard Libre\",\"isPartOf\":{\"@id\":\"https:\\\/\\\/leregardlibre.com\\\/#website\"},\"primaryImageOfPage\":{\"@id\":\"https:\\\/\\\/leregardlibre.com\\\/a-propos\\\/#primaryimage\"},\"image\":{\"@id\":\"https:\\\/\\\/leregardlibre.com\\\/a-propos\\\/#primaryimage\"},\"thumbnailUrl\":\"https:\\\/\\\/leregardlibre.com\\\/wp-content\\\/uploads\\\/2024\\\/12\\\/une-le-regard-libre-n112-724x1024.jpg\",\"datePublished\":\"2022-06-28T06:12:19+00:00\",\"dateModified\":\"2025-11-10T07:25:50+00:00\",\"description\":\"Le mensuel Le Regard Libre entend combler un vide dans la vie des id\u00e9es\u00a0en servant de pont entre les d\u00e9bats de fond et le grand public.\",\"breadcrumb\":{\"@id\":\"https:\\\/\\\/leregardlibre.com\\\/a-propos\\\/#breadcrumb\"},\"inLanguage\":\"en-US\",\"potentialAction\":[{\"@type\":\"ReadAction\",\"target\":[\"https:\\\/\\\/leregardlibre.com\\\/a-propos\\\/\"]}]},{\"@type\":\"ImageObject\",\"inLanguage\":\"en-US\",\"@id\":\"https:\\\/\\\/leregardlibre.com\\\/a-propos\\\/#primaryimage\",\"url\":\"https:\\\/\\\/leregardlibre.com\\\/wp-content\\\/uploads\\\/2024\\\/12\\\/une-le-regard-libre-n112-724x1024.jpg\",\"contentUrl\":\"https:\\\/\\\/leregardlibre.com\\\/wp-content\\\/uploads\\\/2024\\\/12\\\/une-le-regard-libre-n112-724x1024.jpg\"},{\"@type\":\"BreadcrumbList\",\"@id\":\"https:\\\/\\\/leregardlibre.com\\\/a-propos\\\/#breadcrumb\",\"itemListElement\":[{\"@type\":\"ListItem\",\"position\":1,\"name\":\"Accueil\",\"item\":\"https:\\\/\\\/leregardlibre.com\\\/\"},{\"@type\":\"ListItem\",\"position\":2,\"name\":\"A propos\"}]},{\"@type\":\"WebSite\",\"@id\":\"https:\\\/\\\/leregardlibre.com\\\/#website\",\"url\":\"https:\\\/\\\/leregardlibre.com\\\/\",\"name\":\"Le Regard Libre\",\"description\":\"Premier mensuel suisse de d\u00e9bat\",\"publisher\":{\"@id\":\"https:\\\/\\\/leregardlibre.com\\\/#organization\"},\"potentialAction\":[{\"@type\":\"SearchAction\",\"target\":{\"@type\":\"EntryPoint\",\"urlTemplate\":\"https:\\\/\\\/leregardlibre.com\\\/?s={search_term_string}\"},\"query-input\":{\"@type\":\"PropertyValueSpecification\",\"valueRequired\":true,\"valueName\":\"search_term_string\"}}],\"inLanguage\":\"en-US\"},{\"@type\":\"Organization\",\"@id\":\"https:\\\/\\\/leregardlibre.com\\\/#organization\",\"name\":\"Le Regard Libre\",\"url\":\"https:\\\/\\\/leregardlibre.com\\\/\",\"logo\":{\"@type\":\"ImageObject\",\"inLanguage\":\"en-US\",\"@id\":\"https:\\\/\\\/leregardlibre.com\\\/#\\\/schema\\\/logo\\\/image\\\/\",\"url\":\"https:\\\/\\\/leregardlibre.com\\\/wp-content\\\/uploads\\\/2025\\\/08\\\/logo-rl-icone-neg.jpeg\",\"contentUrl\":\"https:\\\/\\\/leregardlibre.com\\\/wp-content\\\/uploads\\\/2025\\\/08\\\/logo-rl-icone-neg.jpeg\",\"width\":557,\"height\":556,\"caption\":\"Le Regard Libre\"},\"image\":{\"@id\":\"https:\\\/\\\/leregardlibre.com\\\/#\\\/schema\\\/logo\\\/image\\\/\"},\"sameAs\":[\"https:\\\/\\\/www.facebook.com\\\/leregardlibre\\\/\",\"https:\\\/\\\/x.com\\\/LeRegardLibre\",\"https:\\\/\\\/www.linkedin.com\\\/company\\\/le-regard-libre\",\"https:\\\/\\\/www.instagram.com\\\/leregardlibre\\\/\",\"http:\\\/\\\/t.me\\\/leregardlibre\",\"https:\\\/\\\/youtube.com\\\/channel\\\/UC6HzGPomj1LsUmlz-sJtITQ\"],\"description\":\"Le Regard Libre est un mensuel suisse de d\u00e9bat intellectuel et culturel. Sa r\u00e9daction est jeune, b\u00e9n\u00e9vole, lib\u00e9rale et pluraliste. Le magazine para\u00eet en ligne et sous forme papier. Sa langue est le fran\u00e7ais.\",\"email\":\"redaction@leregardlibre.com\",\"legalName\":\"Le Regard Libre\",\"foundingDate\":\"2014-01-01\",\"numberOfEmployees\":{\"@type\":\"QuantitativeValue\",\"minValue\":\"11\",\"maxValue\":\"50\"},\"publishingPrinciples\":\"https:\\\/\\\/leregardlibre.com\\\/a-propos\\\/notre-manifeste\\\/\",\"ownershipFundingInfo\":\"https:\\\/\\\/leregardlibre.com\\\/mentions-legales\\\/\",\"actionableFeedbackPolicy\":\"https:\\\/\\\/leregardlibre.com\\\/conditions-generales-de-vente\\\/\"}]}<\/script>\n<!-- \/ Yoast SEO Premium plugin. -->","yoast_head_json":{"title":"About us | Le Regard Libre","description":"The monthly Le Regard Libre aims to fill a gap in the world of ideas by serving as a bridge between in-depth debate and the general public.","robots":{"index":"index","follow":"follow","max-snippet":"max-snippet:-1","max-image-preview":"max-image-preview:large","max-video-preview":"max-video-preview:-1"},"canonical":"https:\/\/leregardlibre.com\/en\/a-propos\/","og_locale":"en_US","og_type":"article","og_title":"A propos","og_description":"Le mensuel Le Regard Libre entend combler un vide dans la vie des id\u00e9es\u00a0en servant de pont entre les d\u00e9bats de fond et le grand public.","og_url":"https:\/\/leregardlibre.com\/en\/a-propos\/","og_site_name":"Le Regard Libre","article_publisher":"https:\/\/www.facebook.com\/leregardlibre\/","article_modified_time":"2025-11-10T07:25:50+00:00","og_image":[{"width":1920,"height":2716,"url":"https:\/\/leregardlibre.com\/wp-content\/uploads\/2024\/12\/une-le-regard-libre-n112-e1734338862347.jpg","type":"image\/jpeg"}],"twitter_card":"summary_large_image","twitter_site":"@LeRegardLibre","twitter_misc":{"Est. reading time":"2 minutes"},"schema":{"@context":"https:\/\/schema.org","@graph":[{"@type":"WebPage","@id":"https:\/\/leregardlibre.com\/a-propos\/","url":"https:\/\/leregardlibre.com\/a-propos\/","name":"About us | Le Regard Libre","isPartOf":{"@id":"https:\/\/leregardlibre.com\/#website"},"primaryImageOfPage":{"@id":"https:\/\/leregardlibre.com\/a-propos\/#primaryimage"},"image":{"@id":"https:\/\/leregardlibre.com\/a-propos\/#primaryimage"},"thumbnailUrl":"https:\/\/leregardlibre.com\/wp-content\/uploads\/2024\/12\/une-le-regard-libre-n112-724x1024.jpg","datePublished":"2022-06-28T06:12:19+00:00","dateModified":"2025-11-10T07:25:50+00:00","description":"The monthly Le Regard Libre aims to fill a gap in the world of ideas by serving as a bridge between in-depth debate and the general public.","breadcrumb":{"@id":"https:\/\/leregardlibre.com\/a-propos\/#breadcrumb"},"inLanguage":"en-US","potentialAction":[{"@type":"ReadAction","target":["https:\/\/leregardlibre.com\/a-propos\/"]}]},{"@type":"ImageObject","inLanguage":"en-US","@id":"https:\/\/leregardlibre.com\/a-propos\/#primaryimage","url":"https:\/\/leregardlibre.com\/wp-content\/uploads\/2024\/12\/une-le-regard-libre-n112-724x1024.jpg","contentUrl":"https:\/\/leregardlibre.com\/wp-content\/uploads\/2024\/12\/une-le-regard-libre-n112-724x1024.jpg"},{"@type":"BreadcrumbList","@id":"https:\/\/leregardlibre.com\/a-propos\/#breadcrumb","itemListElement":[{"@type":"ListItem","position":1,"name":"Accueil","item":"https:\/\/leregardlibre.com\/"},{"@type":"ListItem","position":2,"name":"A propos"}]},{"@type":"WebSite","@id":"https:\/\/leregardlibre.com\/#website","url":"https:\/\/leregardlibre.com\/","name":"Le Regard Libre","description":"Switzerland's first monthly debate magazine","publisher":{"@id":"https:\/\/leregardlibre.com\/#organization"},"potentialAction":[{"@type":"SearchAction","target":{"@type":"EntryPoint","urlTemplate":"https:\/\/leregardlibre.com\/?s={search_term_string}"},"query-input":{"@type":"PropertyValueSpecification","valueRequired":true,"valueName":"search_term_string"}}],"inLanguage":"en-US"},{"@type":"Organization","@id":"https:\/\/leregardlibre.com\/#organization","name":"Le Regard Libre","url":"https:\/\/leregardlibre.com\/","logo":{"@type":"ImageObject","inLanguage":"en-US","@id":"https:\/\/leregardlibre.com\/#\/schema\/logo\/image\/","url":"https:\/\/leregardlibre.com\/wp-content\/uploads\/2025\/08\/logo-rl-icone-neg.jpeg","contentUrl":"https:\/\/leregardlibre.com\/wp-content\/uploads\/2025\/08\/logo-rl-icone-neg.jpeg","width":557,"height":556,"caption":"Le Regard Libre"},"image":{"@id":"https:\/\/leregardlibre.com\/#\/schema\/logo\/image\/"},"sameAs":["https:\/\/www.facebook.com\/leregardlibre\/","https:\/\/x.com\/LeRegardLibre","https:\/\/www.linkedin.com\/company\/le-regard-libre","https:\/\/www.instagram.com\/leregardlibre\/","http:\/\/t.me\/leregardlibre","https:\/\/youtube.com\/channel\/UC6HzGPomj1LsUmlz-sJtITQ"],"description":"Le Regard Libre is a Swiss monthly magazine for intellectual and cultural debate. Its editorial team is young, voluntary, liberal and pluralist. The magazine appears online and in print. Its language is French.","email":"redaction@leregardlibre.com","legalName":"Le Regard Libre","foundingDate":"2014-01-01","numberOfEmployees":{"@type":"QuantitativeValue","minValue":"11","maxValue":"50"},"publishingPrinciples":"https:\/\/leregardlibre.com\/a-propos\/notre-manifeste\/","ownershipFundingInfo":"https:\/\/leregardlibre.com\/mentions-legales\/","actionableFeedbackPolicy":"https:\/\/leregardlibre.com\/conditions-generales-de-vente\/"}]}},"_links":{"self":[{"href":"https:\/\/leregardlibre.com\/en\/wp-json\/wp\/v2\/pages\/49867","targetHints":{"allow":["GET"]}}],"collection":[{"href":"https:\/\/leregardlibre.com\/en\/wp-json\/wp\/v2\/pages"}],"about":[{"href":"https:\/\/leregardlibre.com\/en\/wp-json\/wp\/v2\/types\/page"}],"author":[{"embeddable":true,"href":"https:\/\/leregardlibre.com\/en\/wp-json\/wp\/v2\/users\/1"}],"replies":[{"embeddable":true,"href":"https:\/\/leregardlibre.com\/en\/wp-json\/wp\/v2\/comments?post=49867"}],"version-history":[{"count":2,"href":"https:\/\/leregardlibre.com\/en\/wp-json\/wp\/v2\/pages\/49867\/revisions"}],"predecessor-version":[{"id":529803,"href":"https:\/\/leregardlibre.com\/en\/wp-json\/wp\/v2\/pages\/49867\/revisions\/529803"}],"wp:attachment":[{"href":"https:\/\/leregardlibre.com\/en\/wp-json\/wp\/v2\/media?parent=49867"}],"curies":[{"name":"wp","href":"https:\/\/api.w.org\/{rel}","templated":true}]}}