{"id":18294,"date":"2018-10-16T14:20:56","date_gmt":"2018-10-16T12:20:56","guid":{"rendered":"https:\/\/leregardlibre.com\/?post_type=product&#038;p=18294"},"modified":"2024-07-10T15:32:52","modified_gmt":"2024-07-10T13:32:52","slug":"le-regard-libre-n-43","status":"publish","type":"product","link":"https:\/\/leregardlibre.com\/en\/product\/le-regard-libre-n-43\/","title":{"rendered":"Le Regard Libre - N\u00b0 43"},"content":{"rendered":"<p>Paper copy<br \/>\nOctober 2018 issue<br \/>\nChic paper magazine format (68 pages)<\/p>\n<div class=\"woocommerce-tabs wc-tabs-wrapper\">\n<div id=\"tab-description\" class=\"woocommerce-Tabs-panel woocommerce-Tabs-panel--description panel entry-content wc-tab\" role=\"tabpanel\" aria-labelledby=\"tab-title-description\">\n<p>CONTENTS:<\/p>\n<p><span class=\"s1\"><i>04<\/i><\/span><b>\u00a0Editorial<br \/>\n<\/b><em>Le Regard Libre<\/em>, oriented?<\/p>\n<p class=\"p1\"><span class=\"s1\"><i>06<\/i><\/span><b>\u00a0Maintenance<br \/>\n<\/b>Fran\u00e7ois Asselineau, 2017 presidential candidate: \u00abI created my party out of desperation\u00bb.\u00bb<\/p>\n<p><span class=\"s1\"><i>12<\/i><\/span><b> Policy<br \/>\n<\/b>Yes to the European Union, but reformed<\/p>\n<p><span class=\"s1\"><i>14<\/i><\/span><b>\u00a0Economy<br \/>\n<\/b>\u00abAnonymity is a choice\u00bb<\/p>\n<p><span class=\"s1\"><i>18<\/i><\/span><b> Photography<br \/>\n<\/b>A short tour of Switzerland<br \/>\nMerci, Marina - Tribute<\/p>\n<p><span class=\"s1\"><i>20<\/i><\/span><b> Literature<br \/>\n<\/b>Philip Roth in four novels - Our tribute dossier<\/p>\n<p><span class=\"s1\"><i>32<\/i><\/span><b> Cinema<br \/>\n<\/b>File of the month<\/p>\n<p class=\"p3\"><span class=\"s1\"><i>50<\/i><\/span><b> Music<br \/>\n<\/b>Is the new McCartney really a masterpiece?<br \/>\nHigh-value-added sound walk<\/p>\n<p class=\"p3\"><span class=\"s1\"><i>57<\/i><\/span><b> Gastronomy<\/b><b><br \/>\n<\/b>La Com\u00e8te, a brewery of valour<br \/>\nL'Apais\u00e9e, a pearl of hops at the end of Lake Geneva<\/p>\n<p class=\"p3\"><span class=\"s1\"><i>60<\/i><\/span><b> Forum<br \/>\n<\/b>Cannabis, why legislation is needed<\/p>\n<p class=\"p3\"><span class=\"s1\"><i>65<\/i><\/span><b> Travel<br \/>\n<\/b>Micro-narrative of an intimate trip to Korea<\/p>\n<p class=\"p3\"><span class=\"s1\"><i>68<\/i><\/span><b> Quotes<br \/>\n<\/b>Excerpts from works by Philip Roth<b><br \/>\n<\/b><\/p>\n<\/div>\n<\/div>","protected":false},"excerpt":{"rendered":"<p>Exemplaire papier Edition d&#8217;octobre 2018 Format magazine papier chic (68 pages) SOMMAIRE: 04\u00a0Editorial Le Regard Libre, orient\u00e9? 06\u00a0Entretien Fran\u00e7ois Asselineau,&#8230;<\/p>","protected":false},"featured_media":519816,"comment_status":"open","ping_status":"closed","template":"","meta":{"_acf_changed":false},"product_brand":[],"product_cat":[644340392],"product_tag":[],"class_list":{"0":"post-18294","1":"product","2":"type-product","3":"status-publish","4":"has-post-thumbnail","6":"product_cat-numeros","8":"first","9":"instock","10":"shipping-taxable","11":"purchasable","12":"product-type-simple"},"acf":[],"yoast_head":"<!-- This site is optimized with the Yoast SEO Premium plugin v26.9 (Yoast SEO v26.9) - https:\/\/yoast.com\/product\/yoast-seo-premium-wordpress\/ -->\n<title>Le Regard Libre - N\u00b0\u00a043 | Le Regard Libre<\/title>\n<meta name=\"description\" content=\"Le Regard Libre N\u00b043. Inclus l&#039;interview de Fran\u00e7ois Asselineau, candidat \u00e0 la pr\u00e9sidentielle fran\u00e7aise de 2017: \u00abJ&#039;ai cr\u00e9\u00e9 mon parti par d\u00e9sespoir\u00bb\" \/>\n<meta name=\"robots\" content=\"index, follow, max-snippet:-1, max-image-preview:large, max-video-preview:-1\" \/>\n<link rel=\"canonical\" href=\"https:\/\/leregardlibre.com\/en\/product\/le-regard-libre-n-43\/\" \/>\n<meta property=\"og:locale\" content=\"en_US\" \/>\n<meta property=\"og:type\" content=\"article\" \/>\n<meta property=\"og:title\" content=\"Le Regard Libre - N\u00b0\u00a043\" \/>\n<meta property=\"og:description\" content=\"Le Regard Libre N\u00b043. Inclus l&#039;interview de Fran\u00e7ois Asselineau, candidat \u00e0 la pr\u00e9sidentielle fran\u00e7aise de 2017: \u00abJ&#039;ai cr\u00e9\u00e9 mon parti par d\u00e9sespoir\u00bb\" \/>\n<meta property=\"og:url\" content=\"https:\/\/leregardlibre.com\/en\/product\/le-regard-libre-n-43\/\" \/>\n<meta property=\"og:site_name\" content=\"Le Regard Libre\" \/>\n<meta property=\"article:publisher\" content=\"https:\/\/www.facebook.com\/leregardlibre\/\" \/>\n<meta property=\"article:modified_time\" content=\"2024-07-10T13:32:52+00:00\" \/>\n<meta property=\"og:image\" content=\"https:\/\/leregardlibre.com\/wp-content\/uploads\/2018\/10\/une-le_regard_libre_n_43.jpg\" \/>\n\t<meta property=\"og:image:width\" content=\"905\" \/>\n\t<meta property=\"og:image:height\" content=\"1280\" \/>\n\t<meta property=\"og:image:type\" content=\"image\/jpeg\" \/>\n<meta name=\"twitter:card\" content=\"summary_large_image\" \/>\n<meta name=\"twitter:site\" content=\"@LeRegardLibre\" \/>\n<meta name=\"twitter:label1\" content=\"Est. reading time\" \/>\n\t<meta name=\"twitter:data1\" content=\"1 minute\" \/>\n<script type=\"application\/ld+json\" class=\"yoast-schema-graph\">{\"@context\":\"https:\/\/schema.org\",\"@graph\":[{\"@type\":\"WebPage\",\"@id\":\"https:\/\/leregardlibre.com\/produit\/le-regard-libre-n-43\/\",\"url\":\"https:\/\/leregardlibre.com\/produit\/le-regard-libre-n-43\/\",\"name\":\"Le Regard Libre - N\u00b0\u00a043 | Le Regard Libre\",\"isPartOf\":{\"@id\":\"https:\/\/leregardlibre.com\/#website\"},\"primaryImageOfPage\":{\"@id\":\"https:\/\/leregardlibre.com\/produit\/le-regard-libre-n-43\/#primaryimage\"},\"image\":{\"@id\":\"https:\/\/leregardlibre.com\/produit\/le-regard-libre-n-43\/#primaryimage\"},\"thumbnailUrl\":\"https:\/\/leregardlibre.com\/wp-content\/uploads\/2018\/10\/une-le_regard_libre_n_43.jpg\",\"datePublished\":\"2018-10-16T12:20:56+00:00\",\"dateModified\":\"2024-07-10T13:32:52+00:00\",\"description\":\"Le Regard Libre N\u00b043. Inclus l'interview de Fran\u00e7ois Asselineau, candidat \u00e0 la pr\u00e9sidentielle fran\u00e7aise de 2017: \u00abJ'ai cr\u00e9\u00e9 mon parti par d\u00e9sespoir\u00bb\",\"breadcrumb\":{\"@id\":\"https:\/\/leregardlibre.com\/produit\/le-regard-libre-n-43\/#breadcrumb\"},\"inLanguage\":\"en-US\",\"potentialAction\":[{\"@type\":\"ReadAction\",\"target\":[\"https:\/\/leregardlibre.com\/produit\/le-regard-libre-n-43\/\"]}]},{\"@type\":\"ImageObject\",\"inLanguage\":\"en-US\",\"@id\":\"https:\/\/leregardlibre.com\/produit\/le-regard-libre-n-43\/#primaryimage\",\"url\":\"https:\/\/leregardlibre.com\/wp-content\/uploads\/2018\/10\/une-le_regard_libre_n_43.jpg\",\"contentUrl\":\"https:\/\/leregardlibre.com\/wp-content\/uploads\/2018\/10\/une-le_regard_libre_n_43.jpg\",\"width\":905,\"height\":1280,\"caption\":\"Une Le_Regard_Libre_N_43\"},{\"@type\":\"BreadcrumbList\",\"@id\":\"https:\/\/leregardlibre.com\/produit\/le-regard-libre-n-43\/#breadcrumb\",\"itemListElement\":[{\"@type\":\"ListItem\",\"position\":1,\"name\":\"Accueil\",\"item\":\"https:\/\/leregardlibre.com\/\"},{\"@type\":\"ListItem\",\"position\":2,\"name\":\"Boutique\",\"item\":\"https:\/\/leregardlibre.com\/boutique\/\"},{\"@type\":\"ListItem\",\"position\":3,\"name\":\"Le Regard Libre &#8211; N\u00b0\u00a043\"}]},{\"@type\":\"WebSite\",\"@id\":\"https:\/\/leregardlibre.com\/#website\",\"url\":\"https:\/\/leregardlibre.com\/\",\"name\":\"Le Regard Libre\",\"description\":\"Premier mensuel suisse de d\u00e9bat\",\"publisher\":{\"@id\":\"https:\/\/leregardlibre.com\/#organization\"},\"potentialAction\":[{\"@type\":\"SearchAction\",\"target\":{\"@type\":\"EntryPoint\",\"urlTemplate\":\"https:\/\/leregardlibre.com\/?s={search_term_string}\"},\"query-input\":{\"@type\":\"PropertyValueSpecification\",\"valueRequired\":true,\"valueName\":\"search_term_string\"}}],\"inLanguage\":\"en-US\"},{\"@type\":\"Organization\",\"@id\":\"https:\/\/leregardlibre.com\/#organization\",\"name\":\"Le Regard Libre\",\"url\":\"https:\/\/leregardlibre.com\/\",\"logo\":{\"@type\":\"ImageObject\",\"inLanguage\":\"en-US\",\"@id\":\"https:\/\/leregardlibre.com\/#\/schema\/logo\/image\/\",\"url\":\"https:\/\/leregardlibre.com\/wp-content\/uploads\/2025\/08\/logo-rl-icone-neg.jpeg\",\"contentUrl\":\"https:\/\/leregardlibre.com\/wp-content\/uploads\/2025\/08\/logo-rl-icone-neg.jpeg\",\"width\":557,\"height\":556,\"caption\":\"Le Regard Libre\"},\"image\":{\"@id\":\"https:\/\/leregardlibre.com\/#\/schema\/logo\/image\/\"},\"sameAs\":[\"https:\/\/www.facebook.com\/leregardlibre\/\",\"https:\/\/x.com\/LeRegardLibre\",\"https:\/\/www.linkedin.com\/company\/le-regard-libre\",\"https:\/\/www.instagram.com\/leregardlibre\/\",\"http:\/\/t.me\/leregardlibre\",\"https:\/\/youtube.com\/channel\/UC6HzGPomj1LsUmlz-sJtITQ\"],\"description\":\"Le Regard Libre est un mensuel suisse de d\u00e9bat intellectuel et culturel. Sa r\u00e9daction est jeune, b\u00e9n\u00e9vole, lib\u00e9rale et pluraliste. Le magazine para\u00eet en ligne et sous forme papier. Sa langue est le fran\u00e7ais.\",\"email\":\"redaction@leregardlibre.com\",\"legalName\":\"Le Regard Libre\",\"foundingDate\":\"2014-01-01\",\"numberOfEmployees\":{\"@type\":\"QuantitativeValue\",\"minValue\":\"11\",\"maxValue\":\"50\"},\"publishingPrinciples\":\"https:\/\/leregardlibre.com\/a-propos\/notre-manifeste\/\",\"ownershipFundingInfo\":\"https:\/\/leregardlibre.com\/mentions-legales\/\",\"actionableFeedbackPolicy\":\"https:\/\/leregardlibre.com\/conditions-generales-de-vente\/\"}]}<\/script>\n<!-- \/ Yoast SEO Premium plugin. -->","yoast_head_json":{"title":"Le Regard Libre - N\u00b0 43 | Le Regard Libre","description":"Le Regard Libre N\u00b043. Includes an interview with Fran\u00e7ois Asselineau, candidate in the 2017 French presidential election: \u00abI created my party out of desperation\u00bb.\u00bb","robots":{"index":"index","follow":"follow","max-snippet":"max-snippet:-1","max-image-preview":"max-image-preview:large","max-video-preview":"max-video-preview:-1"},"canonical":"https:\/\/leregardlibre.com\/en\/product\/le-regard-libre-n-43\/","og_locale":"en_US","og_type":"article","og_title":"Le Regard Libre - N\u00b0\u00a043","og_description":"Le Regard Libre N\u00b043. Inclus l'interview de Fran\u00e7ois Asselineau, candidat \u00e0 la pr\u00e9sidentielle fran\u00e7aise de 2017: \u00abJ'ai cr\u00e9\u00e9 mon parti par d\u00e9sespoir\u00bb","og_url":"https:\/\/leregardlibre.com\/en\/product\/le-regard-libre-n-43\/","og_site_name":"Le Regard Libre","article_publisher":"https:\/\/www.facebook.com\/leregardlibre\/","article_modified_time":"2024-07-10T13:32:52+00:00","og_image":[{"width":905,"height":1280,"url":"https:\/\/leregardlibre.com\/wp-content\/uploads\/2018\/10\/une-le_regard_libre_n_43.jpg","type":"image\/jpeg"}],"twitter_card":"summary_large_image","twitter_site":"@LeRegardLibre","twitter_misc":{"Est. reading time":"1 minute"},"schema":{"@context":"https:\/\/schema.org","@graph":[{"@type":"WebPage","@id":"https:\/\/leregardlibre.com\/produit\/le-regard-libre-n-43\/","url":"https:\/\/leregardlibre.com\/produit\/le-regard-libre-n-43\/","name":"Le Regard Libre - N\u00b0 43 | Le Regard Libre","isPartOf":{"@id":"https:\/\/leregardlibre.com\/#website"},"primaryImageOfPage":{"@id":"https:\/\/leregardlibre.com\/produit\/le-regard-libre-n-43\/#primaryimage"},"image":{"@id":"https:\/\/leregardlibre.com\/produit\/le-regard-libre-n-43\/#primaryimage"},"thumbnailUrl":"https:\/\/leregardlibre.com\/wp-content\/uploads\/2018\/10\/une-le_regard_libre_n_43.jpg","datePublished":"2018-10-16T12:20:56+00:00","dateModified":"2024-07-10T13:32:52+00:00","description":"Le Regard Libre N\u00b043. Includes an interview with Fran\u00e7ois Asselineau, candidate in the 2017 French presidential election: \u00abI created my party out of desperation\u00bb.\u00bb","breadcrumb":{"@id":"https:\/\/leregardlibre.com\/produit\/le-regard-libre-n-43\/#breadcrumb"},"inLanguage":"en-US","potentialAction":[{"@type":"ReadAction","target":["https:\/\/leregardlibre.com\/produit\/le-regard-libre-n-43\/"]}]},{"@type":"ImageObject","inLanguage":"en-US","@id":"https:\/\/leregardlibre.com\/produit\/le-regard-libre-n-43\/#primaryimage","url":"https:\/\/leregardlibre.com\/wp-content\/uploads\/2018\/10\/une-le_regard_libre_n_43.jpg","contentUrl":"https:\/\/leregardlibre.com\/wp-content\/uploads\/2018\/10\/une-le_regard_libre_n_43.jpg","width":905,"height":1280,"caption":"Une Le_Regard_Libre_N_43"},{"@type":"BreadcrumbList","@id":"https:\/\/leregardlibre.com\/produit\/le-regard-libre-n-43\/#breadcrumb","itemListElement":[{"@type":"ListItem","position":1,"name":"Accueil","item":"https:\/\/leregardlibre.com\/"},{"@type":"ListItem","position":2,"name":"Boutique","item":"https:\/\/leregardlibre.com\/boutique\/"},{"@type":"ListItem","position":3,"name":"Le Regard Libre &#8211; N\u00b0\u00a043"}]},{"@type":"WebSite","@id":"https:\/\/leregardlibre.com\/#website","url":"https:\/\/leregardlibre.com\/","name":"Le Regard Libre","description":"Switzerland's first monthly debate magazine","publisher":{"@id":"https:\/\/leregardlibre.com\/#organization"},"potentialAction":[{"@type":"SearchAction","target":{"@type":"EntryPoint","urlTemplate":"https:\/\/leregardlibre.com\/?s={search_term_string}"},"query-input":{"@type":"PropertyValueSpecification","valueRequired":true,"valueName":"search_term_string"}}],"inLanguage":"en-US"},{"@type":"Organization","@id":"https:\/\/leregardlibre.com\/#organization","name":"Le Regard Libre","url":"https:\/\/leregardlibre.com\/","logo":{"@type":"ImageObject","inLanguage":"en-US","@id":"https:\/\/leregardlibre.com\/#\/schema\/logo\/image\/","url":"https:\/\/leregardlibre.com\/wp-content\/uploads\/2025\/08\/logo-rl-icone-neg.jpeg","contentUrl":"https:\/\/leregardlibre.com\/wp-content\/uploads\/2025\/08\/logo-rl-icone-neg.jpeg","width":557,"height":556,"caption":"Le Regard Libre"},"image":{"@id":"https:\/\/leregardlibre.com\/#\/schema\/logo\/image\/"},"sameAs":["https:\/\/www.facebook.com\/leregardlibre\/","https:\/\/x.com\/LeRegardLibre","https:\/\/www.linkedin.com\/company\/le-regard-libre","https:\/\/www.instagram.com\/leregardlibre\/","http:\/\/t.me\/leregardlibre","https:\/\/youtube.com\/channel\/UC6HzGPomj1LsUmlz-sJtITQ"],"description":"Le Regard Libre is a Swiss monthly magazine for intellectual and cultural debate. Its editorial team is young, voluntary, liberal and pluralist. The magazine appears online and in print. Its language is French.","email":"redaction@leregardlibre.com","legalName":"Le Regard Libre","foundingDate":"2014-01-01","numberOfEmployees":{"@type":"QuantitativeValue","minValue":"11","maxValue":"50"},"publishingPrinciples":"https:\/\/leregardlibre.com\/a-propos\/notre-manifeste\/","ownershipFundingInfo":"https:\/\/leregardlibre.com\/mentions-legales\/","actionableFeedbackPolicy":"https:\/\/leregardlibre.com\/conditions-generales-de-vente\/"}]}},"_links":{"self":[{"href":"https:\/\/leregardlibre.com\/en\/wp-json\/wp\/v2\/product\/18294","targetHints":{"allow":["GET"]}}],"collection":[{"href":"https:\/\/leregardlibre.com\/en\/wp-json\/wp\/v2\/product"}],"about":[{"href":"https:\/\/leregardlibre.com\/en\/wp-json\/wp\/v2\/types\/product"}],"replies":[{"embeddable":true,"href":"https:\/\/leregardlibre.com\/en\/wp-json\/wp\/v2\/comments?post=18294"}],"wp:featuredmedia":[{"embeddable":true,"href":"https:\/\/leregardlibre.com\/en\/wp-json\/wp\/v2\/media\/519816"}],"wp:attachment":[{"href":"https:\/\/leregardlibre.com\/en\/wp-json\/wp\/v2\/media?parent=18294"}],"wp:term":[{"taxonomy":"product_brand","embeddable":true,"href":"https:\/\/leregardlibre.com\/en\/wp-json\/wp\/v2\/product_brand?post=18294"},{"taxonomy":"product_cat","embeddable":true,"href":"https:\/\/leregardlibre.com\/en\/wp-json\/wp\/v2\/product_cat?post=18294"},{"taxonomy":"product_tag","embeddable":true,"href":"https:\/\/leregardlibre.com\/en\/wp-json\/wp\/v2\/product_tag?post=18294"}],"curies":[{"name":"wp","href":"https:\/\/api.w.org\/{rel}","templated":true}]}}