{"id":34626,"date":"2020-06-23T11:53:29","date_gmt":"2020-06-23T09:53:29","guid":{"rendered":"https:\/\/leregardlibre.com\/?post_type=product&#038;p=34626"},"modified":"2024-07-10T17:07:28","modified_gmt":"2024-07-10T15:07:28","slug":"le-regard-libre-no-64","status":"publish","type":"product","link":"https:\/\/leregardlibre.com\/en\/product\/le-regard-libre-no-64\/","title":{"rendered":"Le Regard Libre - N\u00ba 64"},"content":{"rendered":"<p>Paper copy<br \/>\nJuly 2020 edition<br \/>\nChic paper magazine format (68 pages)<\/p>\n<hr \/>\n<p>CONTENTS:<\/p>\n<p class=\"p1\"><span class=\"s1\"><b>6<\/b><\/span><b> | <\/b>The world according to Laure Mi Hyun Croset<\/p>\n<p class=\"p1\"><span class=\"s1\"><b>7<\/b><\/span><b> | <\/b>Editorial by Jonas Follonier<\/p>\n<p class=\"p1\"><span class=\"s2\"><b>8<\/b><\/span><b> | <\/b>Daniel Sangsue and the ghost of the university<\/p>\n<p class=\"p1\"><span class=\"s2\"><b>14<\/b><\/span><b> | <\/b>The hirak in Algeria and us<\/p>\n<p class=\"p1\"><span class=\"s2\"><b>18<\/b><\/span><b> | <\/b>Europe: from bankruptcy to hope<\/p>\n<p class=\"p1\"><span class=\"s2\"><b>20<\/b><\/span><b> | <\/b>We've been soldiers, and that's fine.<\/p>\n<p class=\"p1\"><span class=\"s2\"><b>23<\/b><\/span><b> | <\/b>Liszt, a modern at heart<\/p>\n<p class=\"p1\"><span class=\"s2\"><b>26<\/b><\/span><b> |<span class=\"Apple-converted-space\">\u00a0 <\/span><\/b>Am\u00e9lie Wauthier's outcry<\/p>\n<p class=\"p1\"><span class=\"s2\"><b>28<\/b><\/span><b> |<\/b> <i>La Vagabonde<\/i>, our wounded heart in mirror<\/p>\n<p class=\"p1\"><span class=\"s2\"><b>30<\/b><\/span><b> | <\/b>Tarantino: his ten films with a scalpel<\/p>\n<p class=\"p1\"><span class=\"s2\"><b>54<\/b><\/span><b> | <\/b>Bor\u00e9-Abimi, a couple with a wacky writing style<\/p>\n<p class=\"p1\"><span class=\"s2\"><b>58<\/b><\/span><b> | <\/b>Adama Bathily, the rugby fanatic who's making his mark on the small (and big) screen<\/p>\n<p class=\"p1\"><span class=\"s2\"><b>62<\/b><\/span><b> | <\/b>Photographs by Indra Crittin<\/p>\n<p class=\"p1\"><span class=\"s2\"><b>66<\/b><\/span><b> | <\/b>Subscription coupon and sponsorship form<\/p>\n<p class=\"p1\"><span class=\"s2\"><b>67<\/b><\/span><b> | <\/b>Impressum<\/p>\n<p class=\"p1\"><span class=\"s3\"><b>68<\/b><\/span><b> | <\/b><span class=\"s4\">Quotes<\/span><\/p>","protected":false},"excerpt":{"rendered":"<p>Exemplaire papier Edition de juillet 2020 Format magazine papier chic (68 pages) SOMMAIRE: 6 | Le monde selon Laure Mi&#8230;<\/p>","protected":false},"featured_media":34691,"comment_status":"open","ping_status":"closed","template":"","meta":{"_acf_changed":false},"product_brand":[],"product_cat":[644340392],"product_tag":[],"class_list":{"0":"post-34626","1":"product","2":"type-product","3":"status-publish","4":"has-post-thumbnail","6":"product_cat-numeros","8":"first","9":"instock","10":"shipping-taxable","11":"purchasable","12":"product-type-simple"},"acf":[],"yoast_head":"<!-- This site is optimized with the Yoast SEO Premium plugin v26.9 (Yoast SEO v26.9) - https:\/\/yoast.com\/product\/yoast-seo-premium-wordpress\/ -->\n<title>Le Regard Libre - N\u00ba 64 | Le Regard Libre<\/title>\n<meta name=\"robots\" content=\"index, follow, max-snippet:-1, max-image-preview:large, max-video-preview:-1\" \/>\n<link rel=\"canonical\" href=\"https:\/\/leregardlibre.com\/en\/product\/le-regard-libre-no-64\/\" \/>\n<meta property=\"og:locale\" content=\"en_US\" \/>\n<meta property=\"og:type\" content=\"article\" \/>\n<meta property=\"og:title\" content=\"Le Regard Libre - N\u00ba 64\" \/>\n<meta property=\"og:description\" content=\"Exemplaire papier Edition de juillet 2020 Format magazine papier chic (68 pages) SOMMAIRE: 6 | Le monde selon Laure Mi...\" \/>\n<meta property=\"og:url\" content=\"https:\/\/leregardlibre.com\/en\/product\/le-regard-libre-no-64\/\" \/>\n<meta property=\"og:site_name\" content=\"Le Regard Libre\" \/>\n<meta property=\"article:publisher\" content=\"https:\/\/www.facebook.com\/leregardlibre\/\" \/>\n<meta property=\"article:modified_time\" content=\"2024-07-10T15:07:28+00:00\" \/>\n<meta property=\"og:image\" content=\"https:\/\/leregardlibre.com\/wp-content\/uploads\/2020\/06\/Une-RL-N\u00b0-64-1-scaled.jpg\" \/>\n\t<meta property=\"og:image:width\" content=\"1810\" \/>\n\t<meta property=\"og:image:height\" content=\"2560\" \/>\n\t<meta property=\"og:image:type\" content=\"image\/jpeg\" \/>\n<meta name=\"twitter:card\" content=\"summary_large_image\" \/>\n<meta name=\"twitter:site\" content=\"@LeRegardLibre\" \/>\n<meta name=\"twitter:label1\" content=\"Est. reading time\" \/>\n\t<meta name=\"twitter:data1\" content=\"1 minute\" \/>\n<script type=\"application\/ld+json\" class=\"yoast-schema-graph\">{\"@context\":\"https:\/\/schema.org\",\"@graph\":[{\"@type\":\"WebPage\",\"@id\":\"https:\/\/leregardlibre.com\/produit\/le-regard-libre-no-64\/\",\"url\":\"https:\/\/leregardlibre.com\/produit\/le-regard-libre-no-64\/\",\"name\":\"Le Regard Libre - N\u00ba 64 | Le Regard Libre\",\"isPartOf\":{\"@id\":\"https:\/\/leregardlibre.com\/#website\"},\"primaryImageOfPage\":{\"@id\":\"https:\/\/leregardlibre.com\/produit\/le-regard-libre-no-64\/#primaryimage\"},\"image\":{\"@id\":\"https:\/\/leregardlibre.com\/produit\/le-regard-libre-no-64\/#primaryimage\"},\"thumbnailUrl\":\"https:\/\/leregardlibre.com\/wp-content\/uploads\/2020\/06\/Une-RL-N\u00b0-64-1-scaled.jpg\",\"datePublished\":\"2020-06-23T09:53:29+00:00\",\"dateModified\":\"2024-07-10T15:07:28+00:00\",\"breadcrumb\":{\"@id\":\"https:\/\/leregardlibre.com\/produit\/le-regard-libre-no-64\/#breadcrumb\"},\"inLanguage\":\"en-US\",\"potentialAction\":[{\"@type\":\"ReadAction\",\"target\":[\"https:\/\/leregardlibre.com\/produit\/le-regard-libre-no-64\/\"]}]},{\"@type\":\"ImageObject\",\"inLanguage\":\"en-US\",\"@id\":\"https:\/\/leregardlibre.com\/produit\/le-regard-libre-no-64\/#primaryimage\",\"url\":\"https:\/\/leregardlibre.com\/wp-content\/uploads\/2020\/06\/Une-RL-N\u00b0-64-1-scaled.jpg\",\"contentUrl\":\"https:\/\/leregardlibre.com\/wp-content\/uploads\/2020\/06\/Une-RL-N\u00b0-64-1-scaled.jpg\",\"width\":1810,\"height\":2560},{\"@type\":\"BreadcrumbList\",\"@id\":\"https:\/\/leregardlibre.com\/produit\/le-regard-libre-no-64\/#breadcrumb\",\"itemListElement\":[{\"@type\":\"ListItem\",\"position\":1,\"name\":\"Accueil\",\"item\":\"https:\/\/leregardlibre.com\/\"},{\"@type\":\"ListItem\",\"position\":2,\"name\":\"Boutique\",\"item\":\"https:\/\/leregardlibre.com\/boutique\/\"},{\"@type\":\"ListItem\",\"position\":3,\"name\":\"Le Regard Libre &#8211; N\u00ba 64\"}]},{\"@type\":\"WebSite\",\"@id\":\"https:\/\/leregardlibre.com\/#website\",\"url\":\"https:\/\/leregardlibre.com\/\",\"name\":\"Le Regard Libre\",\"description\":\"Premier mensuel suisse de d\u00e9bat\",\"publisher\":{\"@id\":\"https:\/\/leregardlibre.com\/#organization\"},\"potentialAction\":[{\"@type\":\"SearchAction\",\"target\":{\"@type\":\"EntryPoint\",\"urlTemplate\":\"https:\/\/leregardlibre.com\/?s={search_term_string}\"},\"query-input\":{\"@type\":\"PropertyValueSpecification\",\"valueRequired\":true,\"valueName\":\"search_term_string\"}}],\"inLanguage\":\"en-US\"},{\"@type\":\"Organization\",\"@id\":\"https:\/\/leregardlibre.com\/#organization\",\"name\":\"Le Regard Libre\",\"url\":\"https:\/\/leregardlibre.com\/\",\"logo\":{\"@type\":\"ImageObject\",\"inLanguage\":\"en-US\",\"@id\":\"https:\/\/leregardlibre.com\/#\/schema\/logo\/image\/\",\"url\":\"https:\/\/leregardlibre.com\/wp-content\/uploads\/2025\/08\/logo-rl-icone-neg.jpeg\",\"contentUrl\":\"https:\/\/leregardlibre.com\/wp-content\/uploads\/2025\/08\/logo-rl-icone-neg.jpeg\",\"width\":557,\"height\":556,\"caption\":\"Le Regard Libre\"},\"image\":{\"@id\":\"https:\/\/leregardlibre.com\/#\/schema\/logo\/image\/\"},\"sameAs\":[\"https:\/\/www.facebook.com\/leregardlibre\/\",\"https:\/\/x.com\/LeRegardLibre\",\"https:\/\/www.linkedin.com\/company\/le-regard-libre\",\"https:\/\/www.instagram.com\/leregardlibre\/\",\"http:\/\/t.me\/leregardlibre\",\"https:\/\/youtube.com\/channel\/UC6HzGPomj1LsUmlz-sJtITQ\"],\"description\":\"Le Regard Libre est un mensuel suisse de d\u00e9bat intellectuel et culturel. Sa r\u00e9daction est jeune, b\u00e9n\u00e9vole, lib\u00e9rale et pluraliste. Le magazine para\u00eet en ligne et sous forme papier. Sa langue est le fran\u00e7ais.\",\"email\":\"redaction@leregardlibre.com\",\"legalName\":\"Le Regard Libre\",\"foundingDate\":\"2014-01-01\",\"numberOfEmployees\":{\"@type\":\"QuantitativeValue\",\"minValue\":\"11\",\"maxValue\":\"50\"},\"publishingPrinciples\":\"https:\/\/leregardlibre.com\/a-propos\/notre-manifeste\/\",\"ownershipFundingInfo\":\"https:\/\/leregardlibre.com\/mentions-legales\/\",\"actionableFeedbackPolicy\":\"https:\/\/leregardlibre.com\/conditions-generales-de-vente\/\"}]}<\/script>\n<!-- \/ Yoast SEO Premium plugin. -->","yoast_head_json":{"title":"Le Regard Libre - N\u00ba 64 | Le Regard Libre","robots":{"index":"index","follow":"follow","max-snippet":"max-snippet:-1","max-image-preview":"max-image-preview:large","max-video-preview":"max-video-preview:-1"},"canonical":"https:\/\/leregardlibre.com\/en\/product\/le-regard-libre-no-64\/","og_locale":"en_US","og_type":"article","og_title":"Le Regard Libre - N\u00ba 64","og_description":"Exemplaire papier Edition de juillet 2020 Format magazine papier chic (68 pages) SOMMAIRE: 6 | Le monde selon Laure Mi...","og_url":"https:\/\/leregardlibre.com\/en\/product\/le-regard-libre-no-64\/","og_site_name":"Le Regard Libre","article_publisher":"https:\/\/www.facebook.com\/leregardlibre\/","article_modified_time":"2024-07-10T15:07:28+00:00","og_image":[{"width":1810,"height":2560,"url":"https:\/\/leregardlibre.com\/wp-content\/uploads\/2020\/06\/Une-RL-N\u00b0-64-1-scaled.jpg","type":"image\/jpeg"}],"twitter_card":"summary_large_image","twitter_site":"@LeRegardLibre","twitter_misc":{"Est. reading time":"1 minute"},"schema":{"@context":"https:\/\/schema.org","@graph":[{"@type":"WebPage","@id":"https:\/\/leregardlibre.com\/produit\/le-regard-libre-no-64\/","url":"https:\/\/leregardlibre.com\/produit\/le-regard-libre-no-64\/","name":"Le Regard Libre - N\u00ba 64 | Le Regard Libre","isPartOf":{"@id":"https:\/\/leregardlibre.com\/#website"},"primaryImageOfPage":{"@id":"https:\/\/leregardlibre.com\/produit\/le-regard-libre-no-64\/#primaryimage"},"image":{"@id":"https:\/\/leregardlibre.com\/produit\/le-regard-libre-no-64\/#primaryimage"},"thumbnailUrl":"https:\/\/leregardlibre.com\/wp-content\/uploads\/2020\/06\/Une-RL-N\u00b0-64-1-scaled.jpg","datePublished":"2020-06-23T09:53:29+00:00","dateModified":"2024-07-10T15:07:28+00:00","breadcrumb":{"@id":"https:\/\/leregardlibre.com\/produit\/le-regard-libre-no-64\/#breadcrumb"},"inLanguage":"en-US","potentialAction":[{"@type":"ReadAction","target":["https:\/\/leregardlibre.com\/produit\/le-regard-libre-no-64\/"]}]},{"@type":"ImageObject","inLanguage":"en-US","@id":"https:\/\/leregardlibre.com\/produit\/le-regard-libre-no-64\/#primaryimage","url":"https:\/\/leregardlibre.com\/wp-content\/uploads\/2020\/06\/Une-RL-N\u00b0-64-1-scaled.jpg","contentUrl":"https:\/\/leregardlibre.com\/wp-content\/uploads\/2020\/06\/Une-RL-N\u00b0-64-1-scaled.jpg","width":1810,"height":2560},{"@type":"BreadcrumbList","@id":"https:\/\/leregardlibre.com\/produit\/le-regard-libre-no-64\/#breadcrumb","itemListElement":[{"@type":"ListItem","position":1,"name":"Accueil","item":"https:\/\/leregardlibre.com\/"},{"@type":"ListItem","position":2,"name":"Boutique","item":"https:\/\/leregardlibre.com\/boutique\/"},{"@type":"ListItem","position":3,"name":"Le Regard Libre &#8211; N\u00ba 64"}]},{"@type":"WebSite","@id":"https:\/\/leregardlibre.com\/#website","url":"https:\/\/leregardlibre.com\/","name":"Le Regard Libre","description":"Switzerland's first monthly debate magazine","publisher":{"@id":"https:\/\/leregardlibre.com\/#organization"},"potentialAction":[{"@type":"SearchAction","target":{"@type":"EntryPoint","urlTemplate":"https:\/\/leregardlibre.com\/?s={search_term_string}"},"query-input":{"@type":"PropertyValueSpecification","valueRequired":true,"valueName":"search_term_string"}}],"inLanguage":"en-US"},{"@type":"Organization","@id":"https:\/\/leregardlibre.com\/#organization","name":"Le Regard Libre","url":"https:\/\/leregardlibre.com\/","logo":{"@type":"ImageObject","inLanguage":"en-US","@id":"https:\/\/leregardlibre.com\/#\/schema\/logo\/image\/","url":"https:\/\/leregardlibre.com\/wp-content\/uploads\/2025\/08\/logo-rl-icone-neg.jpeg","contentUrl":"https:\/\/leregardlibre.com\/wp-content\/uploads\/2025\/08\/logo-rl-icone-neg.jpeg","width":557,"height":556,"caption":"Le Regard Libre"},"image":{"@id":"https:\/\/leregardlibre.com\/#\/schema\/logo\/image\/"},"sameAs":["https:\/\/www.facebook.com\/leregardlibre\/","https:\/\/x.com\/LeRegardLibre","https:\/\/www.linkedin.com\/company\/le-regard-libre","https:\/\/www.instagram.com\/leregardlibre\/","http:\/\/t.me\/leregardlibre","https:\/\/youtube.com\/channel\/UC6HzGPomj1LsUmlz-sJtITQ"],"description":"Le Regard Libre is a Swiss monthly magazine for intellectual and cultural debate. Its editorial team is young, voluntary, liberal and pluralist. The magazine appears online and in print. Its language is French.","email":"redaction@leregardlibre.com","legalName":"Le Regard Libre","foundingDate":"2014-01-01","numberOfEmployees":{"@type":"QuantitativeValue","minValue":"11","maxValue":"50"},"publishingPrinciples":"https:\/\/leregardlibre.com\/a-propos\/notre-manifeste\/","ownershipFundingInfo":"https:\/\/leregardlibre.com\/mentions-legales\/","actionableFeedbackPolicy":"https:\/\/leregardlibre.com\/conditions-generales-de-vente\/"}]}},"_links":{"self":[{"href":"https:\/\/leregardlibre.com\/en\/wp-json\/wp\/v2\/product\/34626","targetHints":{"allow":["GET"]}}],"collection":[{"href":"https:\/\/leregardlibre.com\/en\/wp-json\/wp\/v2\/product"}],"about":[{"href":"https:\/\/leregardlibre.com\/en\/wp-json\/wp\/v2\/types\/product"}],"replies":[{"embeddable":true,"href":"https:\/\/leregardlibre.com\/en\/wp-json\/wp\/v2\/comments?post=34626"}],"wp:featuredmedia":[{"embeddable":true,"href":"https:\/\/leregardlibre.com\/en\/wp-json\/wp\/v2\/media\/34691"}],"wp:attachment":[{"href":"https:\/\/leregardlibre.com\/en\/wp-json\/wp\/v2\/media?parent=34626"}],"wp:term":[{"taxonomy":"product_brand","embeddable":true,"href":"https:\/\/leregardlibre.com\/en\/wp-json\/wp\/v2\/product_brand?post=34626"},{"taxonomy":"product_cat","embeddable":true,"href":"https:\/\/leregardlibre.com\/en\/wp-json\/wp\/v2\/product_cat?post=34626"},{"taxonomy":"product_tag","embeddable":true,"href":"https:\/\/leregardlibre.com\/en\/wp-json\/wp\/v2\/product_tag?post=34626"}],"curies":[{"name":"wp","href":"https:\/\/api.w.org\/{rel}","templated":true}]}}