{"id":45408,"date":"2022-01-31T18:16:26","date_gmt":"2022-01-31T17:16:26","guid":{"rendered":"https:\/\/leregardlibre.com\/?post_type=product&#038;p=45408"},"modified":"2024-07-10T17:44:39","modified_gmt":"2024-07-10T15:44:39","slug":"le-regard-libre-no-82","status":"publish","type":"product","link":"https:\/\/leregardlibre.com\/en\/product\/le-regard-libre-no-82\/","title":{"rendered":"Le Regard Libre - N\u00ba 82 | Dossier IMMIGRATION"},"content":{"rendered":"<p>Le Regard Libre N\u00b0 82 | Dossier IMMIGRATION<br \/>\nPaper copy<br \/>\nFebruary 2022 edition<br \/>\nChic paper magazine format (68 pages)<\/p>\n<hr \/>\n<p><strong><em><a href=\"https:\/\/www.youtube.com\/watch?v=EQeU0jCvsLY\">Video presentation of the issue<\/a><\/em><\/strong><\/p>\n<p class=\"p1\"><strong>CONTENTS:<\/strong><\/p>\n<p class=\"p1\"><b>05 <\/b>| Editorial by Jonas Follonier: Say hello to the new <i>Regard Libre<\/i>!<br \/>\n<b>07 <\/b>| In Lebanon with Sophie Woeldgen: Beirut and communitarianism<br \/>\n<b>08 <\/b><span class=\"s1\">| <\/span><span class=\"s2\">Unusual stories: a disgraced teacher and the Bogdanoffs' end of the road<br \/>\n<\/span><b>10 <\/b>| <span class=\"s3\">Letters from readers: Eric Zemmour, Claude-Inga Barbey...<br \/>\n<\/span><b>11 <\/b>| <span class=\"s4\">Adam Smith, between selfishness and altruism<\/span><\/p>\n<p class=\"p2\"><b>DOSSIER | Immigration: facts, issues, ideas<br \/>\n<\/b><b>16 | <\/b>Eug\u00e9nie Basti\u00e9: \u00abThe question of identity has become central to the war of ideas\u00bb.\u00bb<br \/>\n<b>21 <\/b>| Immigration at the heart of the French presidential election<br \/>\n<b>22 <\/b>| The Great Replacement: back to text<br \/>\n<b>24 <\/b>| Europe divided between mistrust and the need for manpower<br \/>\n<b>26 <\/b>| Switzerland: immigration in figures, from 1850 to 2050<span class=\"Apple-converted-space\"><br \/>\n<\/span><b>28 <\/b>| <span class=\"s4\">Claude Calame: \u00abThe EU is guilty of a crime against humanity\u00bb.\u00bb<br \/>\n<\/span><b>32 <\/b>| <span class=\"s2\">Immigration vs. immigrations<\/span><\/p>\n<p class=\"p2\"><b>Cultural news<br \/>\n<\/b><b>36 <\/b>| Peter Brook, an artist crowned by the years<br \/>\n<b>38 <\/b>| A museum where lives meet<br \/>\n<b>40 <\/b>| When being an intellectual leads to death<br \/>\n<b>42 <\/b>| Sylvain Tesson: a rainy summer with Rimbaud<br \/>\n<b>44 <\/b>Through Isabelle Tabin-Darbellay's stained glass windows, the light<br \/>\n<b>48 <\/b>Coghuf, the artist who dances on the R\u00f6stigraben\u00ab<\/p>\n<p class=\"p3\"><b>End of magazine events<br \/>\n<\/b><b>50 <\/b>| Bernard L\u00e9chot's photo essay: Out of season<br \/>\n<b>56 <\/b>| <i>The return<\/i>, Elliot Mazzella's novel, episode 2\/15<br \/>\n<b>60 <\/b>| Sport: 1956, boycotting sport was a no-brainer<br \/>\n<b>66 <\/b>| Subscription stub and sponsorship form<br \/>\n<b>67 <\/b>| Impressum<br \/>\n<b>68 <\/b>| Quotes<\/p>\n<p><a href=\"https:\/\/leregardlibre.com\/en\/product\/le-regard-libre-no-81\/\"><em>Back to previous issue<\/em><\/a><\/p>","protected":false},"excerpt":{"rendered":"<p>Le Regard Libre N\u00b0 82 | Dossier IMMIGRATION Exemplaire papier Edition de f\u00e9vrier 2022 Format magazine papier chic (68 pages)&#8230;<\/p>","protected":false},"featured_media":45411,"comment_status":"open","ping_status":"closed","template":"","meta":{"_acf_changed":false},"product_brand":[],"product_cat":[644340392],"product_tag":[],"class_list":{"0":"post-45408","1":"product","2":"type-product","3":"status-publish","4":"has-post-thumbnail","6":"product_cat-numeros","8":"first","9":"instock","10":"shipping-taxable","11":"purchasable","12":"product-type-variable"},"acf":[],"yoast_head":"<!-- This site is optimized with the Yoast SEO Premium plugin v27.4 (Yoast SEO v27.4) - https:\/\/yoast.com\/product\/yoast-seo-premium-wordpress\/ -->\n<title>Le Regard Libre - N\u00ba 82 | Dossier IMMIGRATION | Le Regard Libre<\/title>\n<meta name=\"description\" content=\"Mensuel Le Regard Libre, \u00e9dition de f\u00e9vrier 2022 (N\u00b0\u00a082). Dossier IMMIGRATION avec interviews d&#039;Eug\u00e9nie Basti\u00e9 et Claude Calame, analyses...\" \/>\n<meta name=\"robots\" content=\"index, follow, max-snippet:-1, max-image-preview:large, max-video-preview:-1\" \/>\n<link rel=\"canonical\" href=\"https:\/\/leregardlibre.com\/en\/product\/le-regard-libre-no-82\/\" \/>\n<meta property=\"og:locale\" content=\"en_US\" \/>\n<meta property=\"og:type\" content=\"article\" \/>\n<meta property=\"og:title\" content=\"Le Regard Libre - N\u00ba 82 | Dossier IMMIGRATION\" \/>\n<meta property=\"og:description\" content=\"Mensuel Le Regard Libre, \u00e9dition de f\u00e9vrier 2022 (N\u00b0\u00a082). Dossier IMMIGRATION avec interviews d&#039;Eug\u00e9nie Basti\u00e9 et Claude Calame, analyses...\" \/>\n<meta property=\"og:url\" content=\"https:\/\/leregardlibre.com\/en\/product\/le-regard-libre-no-82\/\" \/>\n<meta property=\"og:site_name\" content=\"Le Regard Libre\" \/>\n<meta property=\"article:publisher\" content=\"https:\/\/www.facebook.com\/leregardlibre\/\" \/>\n<meta property=\"article:modified_time\" content=\"2024-07-10T15:44:39+00:00\" \/>\n<meta property=\"og:image\" content=\"https:\/\/leregardlibre.com\/wp-content\/uploads\/2022\/01\/Une-RL-N\u00b0-82-scaled.jpg\" \/>\n\t<meta property=\"og:image:width\" content=\"1810\" \/>\n\t<meta property=\"og:image:height\" content=\"2560\" \/>\n\t<meta property=\"og:image:type\" content=\"image\/jpeg\" \/>\n<meta name=\"twitter:card\" content=\"summary_large_image\" \/>\n<meta name=\"twitter:site\" content=\"@LeRegardLibre\" \/>\n<meta name=\"twitter:label1\" content=\"Est. reading time\" \/>\n\t<meta name=\"twitter:data1\" content=\"2 minutes\" \/>\n<script type=\"application\/ld+json\" class=\"yoast-schema-graph\">{\"@context\":\"https:\\\/\\\/schema.org\",\"@graph\":[{\"@type\":\"WebPage\",\"@id\":\"https:\\\/\\\/leregardlibre.com\\\/produit\\\/le-regard-libre-no-82\\\/\",\"url\":\"https:\\\/\\\/leregardlibre.com\\\/produit\\\/le-regard-libre-no-82\\\/\",\"name\":\"Le Regard Libre - N\u00ba 82 | Dossier IMMIGRATION | Le Regard Libre\",\"isPartOf\":{\"@id\":\"https:\\\/\\\/leregardlibre.com\\\/#website\"},\"primaryImageOfPage\":{\"@id\":\"https:\\\/\\\/leregardlibre.com\\\/produit\\\/le-regard-libre-no-82\\\/#primaryimage\"},\"image\":{\"@id\":\"https:\\\/\\\/leregardlibre.com\\\/produit\\\/le-regard-libre-no-82\\\/#primaryimage\"},\"thumbnailUrl\":\"https:\\\/\\\/leregardlibre.com\\\/wp-content\\\/uploads\\\/2022\\\/01\\\/Une-RL-N\u00b0-82-scaled.jpg\",\"datePublished\":\"2022-01-31T17:16:26+00:00\",\"dateModified\":\"2024-07-10T15:44:39+00:00\",\"description\":\"Mensuel Le Regard Libre, \u00e9dition de f\u00e9vrier 2022 (N\u00b0\u00a082). Dossier IMMIGRATION avec interviews d'Eug\u00e9nie Basti\u00e9 et Claude Calame, analyses...\",\"breadcrumb\":{\"@id\":\"https:\\\/\\\/leregardlibre.com\\\/produit\\\/le-regard-libre-no-82\\\/#breadcrumb\"},\"inLanguage\":\"en-US\",\"potentialAction\":[{\"@type\":\"ReadAction\",\"target\":[\"https:\\\/\\\/leregardlibre.com\\\/produit\\\/le-regard-libre-no-82\\\/\"]}]},{\"@type\":\"ImageObject\",\"inLanguage\":\"en-US\",\"@id\":\"https:\\\/\\\/leregardlibre.com\\\/produit\\\/le-regard-libre-no-82\\\/#primaryimage\",\"url\":\"https:\\\/\\\/leregardlibre.com\\\/wp-content\\\/uploads\\\/2022\\\/01\\\/Une-RL-N\u00b0-82-scaled.jpg\",\"contentUrl\":\"https:\\\/\\\/leregardlibre.com\\\/wp-content\\\/uploads\\\/2022\\\/01\\\/Une-RL-N\u00b0-82-scaled.jpg\",\"width\":1810,\"height\":2560,\"caption\":\"Le Regard Libre N\u00b0\u00a082 (f\u00e9vrier 2022), dossier sp\u00e9cial IMMIGRATION\"},{\"@type\":\"BreadcrumbList\",\"@id\":\"https:\\\/\\\/leregardlibre.com\\\/produit\\\/le-regard-libre-no-82\\\/#breadcrumb\",\"itemListElement\":[{\"@type\":\"ListItem\",\"position\":1,\"name\":\"Accueil\",\"item\":\"https:\\\/\\\/leregardlibre.com\\\/\"},{\"@type\":\"ListItem\",\"position\":2,\"name\":\"Boutique\",\"item\":\"https:\\\/\\\/leregardlibre.com\\\/boutique\\\/\"},{\"@type\":\"ListItem\",\"position\":3,\"name\":\"Le Regard Libre &#8211; N\u00ba 82 | Dossier IMMIGRATION\"}]},{\"@type\":\"WebSite\",\"@id\":\"https:\\\/\\\/leregardlibre.com\\\/#website\",\"url\":\"https:\\\/\\\/leregardlibre.com\\\/\",\"name\":\"Le Regard Libre\",\"description\":\"Premier mensuel suisse de d\u00e9bat\",\"publisher\":{\"@id\":\"https:\\\/\\\/leregardlibre.com\\\/#organization\"},\"potentialAction\":[{\"@type\":\"SearchAction\",\"target\":{\"@type\":\"EntryPoint\",\"urlTemplate\":\"https:\\\/\\\/leregardlibre.com\\\/?s={search_term_string}\"},\"query-input\":{\"@type\":\"PropertyValueSpecification\",\"valueRequired\":true,\"valueName\":\"search_term_string\"}}],\"inLanguage\":\"en-US\"},{\"@type\":\"Organization\",\"@id\":\"https:\\\/\\\/leregardlibre.com\\\/#organization\",\"name\":\"Le Regard Libre\",\"url\":\"https:\\\/\\\/leregardlibre.com\\\/\",\"logo\":{\"@type\":\"ImageObject\",\"inLanguage\":\"en-US\",\"@id\":\"https:\\\/\\\/leregardlibre.com\\\/#\\\/schema\\\/logo\\\/image\\\/\",\"url\":\"https:\\\/\\\/leregardlibre.com\\\/wp-content\\\/uploads\\\/2025\\\/08\\\/logo-rl-icone-neg.jpeg\",\"contentUrl\":\"https:\\\/\\\/leregardlibre.com\\\/wp-content\\\/uploads\\\/2025\\\/08\\\/logo-rl-icone-neg.jpeg\",\"width\":557,\"height\":556,\"caption\":\"Le Regard Libre\"},\"image\":{\"@id\":\"https:\\\/\\\/leregardlibre.com\\\/#\\\/schema\\\/logo\\\/image\\\/\"},\"sameAs\":[\"https:\\\/\\\/www.facebook.com\\\/leregardlibre\\\/\",\"https:\\\/\\\/x.com\\\/LeRegardLibre\",\"https:\\\/\\\/www.linkedin.com\\\/company\\\/le-regard-libre\",\"https:\\\/\\\/www.instagram.com\\\/leregardlibre\\\/\",\"http:\\\/\\\/t.me\\\/leregardlibre\",\"https:\\\/\\\/youtube.com\\\/channel\\\/UC6HzGPomj1LsUmlz-sJtITQ\"],\"description\":\"Le Regard Libre est un mensuel suisse de d\u00e9bat intellectuel et culturel. Sa r\u00e9daction est jeune, b\u00e9n\u00e9vole, lib\u00e9rale et pluraliste. Le magazine para\u00eet en ligne et sous forme papier. Sa langue est le fran\u00e7ais.\",\"email\":\"redaction@leregardlibre.com\",\"legalName\":\"Le Regard Libre\",\"foundingDate\":\"2014-01-01\",\"numberOfEmployees\":{\"@type\":\"QuantitativeValue\",\"minValue\":\"11\",\"maxValue\":\"50\"},\"publishingPrinciples\":\"https:\\\/\\\/leregardlibre.com\\\/a-propos\\\/notre-manifeste\\\/\",\"ownershipFundingInfo\":\"https:\\\/\\\/leregardlibre.com\\\/mentions-legales\\\/\",\"actionableFeedbackPolicy\":\"https:\\\/\\\/leregardlibre.com\\\/conditions-generales-de-vente\\\/\"}]}<\/script>\n<!-- \/ Yoast SEO Premium plugin. -->","yoast_head_json":{"title":"Le Regard Libre - N\u00ba 82 | Dossier IMMIGRATION | Le Regard Libre","description":"Le Regard Libre monthly, February 2022 issue (No. 82). IMMIGRATION feature with interviews with Eug\u00e9nie Basti\u00e9 and Claude Calame, analyses...","robots":{"index":"index","follow":"follow","max-snippet":"max-snippet:-1","max-image-preview":"max-image-preview:large","max-video-preview":"max-video-preview:-1"},"canonical":"https:\/\/leregardlibre.com\/en\/product\/le-regard-libre-no-82\/","og_locale":"en_US","og_type":"article","og_title":"Le Regard Libre - N\u00ba 82 | Dossier IMMIGRATION","og_description":"Mensuel Le Regard Libre, \u00e9dition de f\u00e9vrier 2022 (N\u00b0\u00a082). Dossier IMMIGRATION avec interviews d'Eug\u00e9nie Basti\u00e9 et Claude Calame, analyses...","og_url":"https:\/\/leregardlibre.com\/en\/product\/le-regard-libre-no-82\/","og_site_name":"Le Regard Libre","article_publisher":"https:\/\/www.facebook.com\/leregardlibre\/","article_modified_time":"2024-07-10T15:44:39+00:00","og_image":[{"width":1810,"height":2560,"url":"https:\/\/leregardlibre.com\/wp-content\/uploads\/2022\/01\/Une-RL-N\u00b0-82-scaled.jpg","type":"image\/jpeg"}],"twitter_card":"summary_large_image","twitter_site":"@LeRegardLibre","twitter_misc":{"Est. reading time":"2 minutes"},"schema":{"@context":"https:\/\/schema.org","@graph":[{"@type":"WebPage","@id":"https:\/\/leregardlibre.com\/produit\/le-regard-libre-no-82\/","url":"https:\/\/leregardlibre.com\/produit\/le-regard-libre-no-82\/","name":"Le Regard Libre - N\u00ba 82 | Dossier IMMIGRATION | Le Regard Libre","isPartOf":{"@id":"https:\/\/leregardlibre.com\/#website"},"primaryImageOfPage":{"@id":"https:\/\/leregardlibre.com\/produit\/le-regard-libre-no-82\/#primaryimage"},"image":{"@id":"https:\/\/leregardlibre.com\/produit\/le-regard-libre-no-82\/#primaryimage"},"thumbnailUrl":"https:\/\/leregardlibre.com\/wp-content\/uploads\/2022\/01\/Une-RL-N\u00b0-82-scaled.jpg","datePublished":"2022-01-31T17:16:26+00:00","dateModified":"2024-07-10T15:44:39+00:00","description":"Le Regard Libre monthly, February 2022 issue (No. 82). IMMIGRATION feature with interviews with Eug\u00e9nie Basti\u00e9 and Claude Calame, analyses...","breadcrumb":{"@id":"https:\/\/leregardlibre.com\/produit\/le-regard-libre-no-82\/#breadcrumb"},"inLanguage":"en-US","potentialAction":[{"@type":"ReadAction","target":["https:\/\/leregardlibre.com\/produit\/le-regard-libre-no-82\/"]}]},{"@type":"ImageObject","inLanguage":"en-US","@id":"https:\/\/leregardlibre.com\/produit\/le-regard-libre-no-82\/#primaryimage","url":"https:\/\/leregardlibre.com\/wp-content\/uploads\/2022\/01\/Une-RL-N\u00b0-82-scaled.jpg","contentUrl":"https:\/\/leregardlibre.com\/wp-content\/uploads\/2022\/01\/Une-RL-N\u00b0-82-scaled.jpg","width":1810,"height":2560,"caption":"Le Regard Libre N\u00b0\u00a082 (f\u00e9vrier 2022), dossier sp\u00e9cial IMMIGRATION"},{"@type":"BreadcrumbList","@id":"https:\/\/leregardlibre.com\/produit\/le-regard-libre-no-82\/#breadcrumb","itemListElement":[{"@type":"ListItem","position":1,"name":"Accueil","item":"https:\/\/leregardlibre.com\/"},{"@type":"ListItem","position":2,"name":"Boutique","item":"https:\/\/leregardlibre.com\/boutique\/"},{"@type":"ListItem","position":3,"name":"Le Regard Libre &#8211; N\u00ba 82 | Dossier IMMIGRATION"}]},{"@type":"WebSite","@id":"https:\/\/leregardlibre.com\/#website","url":"https:\/\/leregardlibre.com\/","name":"Le Regard Libre","description":"Switzerland's first monthly debate magazine","publisher":{"@id":"https:\/\/leregardlibre.com\/#organization"},"potentialAction":[{"@type":"SearchAction","target":{"@type":"EntryPoint","urlTemplate":"https:\/\/leregardlibre.com\/?s={search_term_string}"},"query-input":{"@type":"PropertyValueSpecification","valueRequired":true,"valueName":"search_term_string"}}],"inLanguage":"en-US"},{"@type":"Organization","@id":"https:\/\/leregardlibre.com\/#organization","name":"Le Regard Libre","url":"https:\/\/leregardlibre.com\/","logo":{"@type":"ImageObject","inLanguage":"en-US","@id":"https:\/\/leregardlibre.com\/#\/schema\/logo\/image\/","url":"https:\/\/leregardlibre.com\/wp-content\/uploads\/2025\/08\/logo-rl-icone-neg.jpeg","contentUrl":"https:\/\/leregardlibre.com\/wp-content\/uploads\/2025\/08\/logo-rl-icone-neg.jpeg","width":557,"height":556,"caption":"Le Regard Libre"},"image":{"@id":"https:\/\/leregardlibre.com\/#\/schema\/logo\/image\/"},"sameAs":["https:\/\/www.facebook.com\/leregardlibre\/","https:\/\/x.com\/LeRegardLibre","https:\/\/www.linkedin.com\/company\/le-regard-libre","https:\/\/www.instagram.com\/leregardlibre\/","http:\/\/t.me\/leregardlibre","https:\/\/youtube.com\/channel\/UC6HzGPomj1LsUmlz-sJtITQ"],"description":"Le Regard Libre is a Swiss monthly magazine for intellectual and cultural debate. Its editorial team is young, voluntary, liberal and pluralist. The magazine appears online and in print. Its language is French.","email":"redaction@leregardlibre.com","legalName":"Le Regard Libre","foundingDate":"2014-01-01","numberOfEmployees":{"@type":"QuantitativeValue","minValue":"11","maxValue":"50"},"publishingPrinciples":"https:\/\/leregardlibre.com\/a-propos\/notre-manifeste\/","ownershipFundingInfo":"https:\/\/leregardlibre.com\/mentions-legales\/","actionableFeedbackPolicy":"https:\/\/leregardlibre.com\/conditions-generales-de-vente\/"}]}},"_links":{"self":[{"href":"https:\/\/leregardlibre.com\/en\/wp-json\/wp\/v2\/product\/45408","targetHints":{"allow":["GET"]}}],"collection":[{"href":"https:\/\/leregardlibre.com\/en\/wp-json\/wp\/v2\/product"}],"about":[{"href":"https:\/\/leregardlibre.com\/en\/wp-json\/wp\/v2\/types\/product"}],"replies":[{"embeddable":true,"href":"https:\/\/leregardlibre.com\/en\/wp-json\/wp\/v2\/comments?post=45408"}],"wp:featuredmedia":[{"embeddable":true,"href":"https:\/\/leregardlibre.com\/en\/wp-json\/wp\/v2\/media\/45411"}],"wp:attachment":[{"href":"https:\/\/leregardlibre.com\/en\/wp-json\/wp\/v2\/media?parent=45408"}],"wp:term":[{"taxonomy":"product_brand","embeddable":true,"href":"https:\/\/leregardlibre.com\/en\/wp-json\/wp\/v2\/product_brand?post=45408"},{"taxonomy":"product_cat","embeddable":true,"href":"https:\/\/leregardlibre.com\/en\/wp-json\/wp\/v2\/product_cat?post=45408"},{"taxonomy":"product_tag","embeddable":true,"href":"https:\/\/leregardlibre.com\/en\/wp-json\/wp\/v2\/product_tag?post=45408"}],"curies":[{"name":"wp","href":"https:\/\/api.w.org\/{rel}","templated":true}]}}