{"id":47463,"date":"2022-03-31T20:27:07","date_gmt":"2022-03-31T18:27:07","guid":{"rendered":"https:\/\/leregardlibre.com\/?post_type=product&#038;p=47463"},"modified":"2025-06-02T21:37:57","modified_gmt":"2025-06-02T19:37:57","slug":"le-regard-libre-no-84-dossier-ukraine","status":"publish","type":"product","link":"https:\/\/leregardlibre.com\/en\/product\/le-regard-libre-no-84-dossier-ukraine\/","title":{"rendered":"Le Regard Libre - N\u00ba 84 | Dossier UKRAINE"},"content":{"rendered":"<p><em>Le Regard Libre<\/em> N\u00b0 84 | Dossier UKRAINE<br \/>\nPaper copy<br \/>\nApril 2022 edition<br \/>\nChic paper magazine format (68 pages)<\/p>\n<hr \/>\n<p class=\"p1\"><b>CONTENTS:<br \/>\n<\/b><b>05 <\/b>| Editorial: When a monthly collides with current events<br \/>\n<b>07 <\/b>| <span class=\"s1\"><a href=\"https:\/\/fr.wikipedia.org\/wiki\/Quentin_Mouron\">Quentin Mouron<\/a>Capitalism doesn't count its dead\u00ab.\u00bb<br \/>\n<\/span><b>08 <\/b><span class=\"s2\">| <\/span><span class=\"s1\">Unusual stories: Bear-writing and shared pet-sitting<br \/>\n<\/span><b>10 <\/b>The Sarah Halimi affair reveals France's fractures<\/p>\n<p class=\"p2\"><b>Special report: A new war in Europe<br \/>\n<\/b><b>16 <\/b>| Ukraine exists: this is its story<span class=\"Apple-converted-space\"><br \/>\n<\/span><b>18 <\/b>| Towards a new geopolitical world order<br \/>\n<b>21 <\/b>| War 2.0 on social networks<br \/>\n<b>24 <\/b>| <a href=\"https:\/\/fr.wikipedia.org\/wiki\/Pascal_Couchepin\">Pascal Couchepin<\/a> recounts his meeting with Putin<\/p>\n<p class=\"p2\"><b>Theme of the month: Man and animal<br \/>\n<\/b><b>30 <\/b>|<span class=\"s3\"> Discovering the monkey in us means getting to know ourselves<br \/>\n<\/span><b>35 <\/b>| Animal rights: towards anti-humanism<br \/>\n<b>38 <\/b>| At the height of the Renaissance, animal trials<br \/>\n<b>40 <\/b>Animals in literature, live-fire satire<\/p>\n<p class=\"p2\"><b>Cultural news<br \/>\n<\/b><b>43 <\/b>| <a href=\"https:\/\/www.imdb.com\/name\/nm3701357\/\">Mounia Akl<\/a>Creation is an act of freedom\u00ab.\u00bb<br \/>\n<b>46 <\/b>| <span class=\"s1\"><i>The Alps by bike<\/i> or when sporting effort stimulates creativity<br \/>\n<\/span><b>50 <\/b>| Daniel Simon, May 68 in Neuch\u00e2tel<\/p>\n<p class=\"p4\"><b>End of magazine events<br \/>\n<\/b><b>52 <\/b>| Bernard L\u00e9chot's photo essay: <i>Three fishermen<br \/>\n<\/i><b>58 <\/b>| <i>The return<\/i>, Elliot Mazzella's novel, episode 4\/15<br \/>\n<b>62 <\/b>| <span class=\"s1\">Nahed Basheer al-Baqer, icon of the defenders of information<br \/>\n<\/span><b>66 <\/b>| Subscription stub and sponsorship form<br \/>\n<b>67 <\/b>| Impressum<br \/>\n<b>68 <\/b>| Quotes<\/p>\n<p><a href=\"https:\/\/leregardlibre.com\/en\/product\/le-regard-libre-no-83\/\"><em>Back to previous issue<\/em><\/a><\/p>","protected":false},"excerpt":{"rendered":"<p>Le Regard Libre N\u00b0 84 | Dossier UKRAINE Exemplaire papier Edition d\u2019avril 2022 Format magazine papier chic (68 pages) SOMMAIRE:&#8230;<\/p>","protected":false},"featured_media":47467,"comment_status":"open","ping_status":"closed","template":"","meta":{"_acf_changed":false},"product_brand":[],"product_cat":[644340392],"product_tag":[],"class_list":{"0":"post-47463","1":"product","2":"type-product","3":"status-publish","4":"has-post-thumbnail","6":"product_cat-numeros","8":"first","9":"instock","10":"shipping-taxable","11":"purchasable","12":"product-type-variable"},"acf":[],"yoast_head":"<!-- This site is optimized with the Yoast SEO Premium plugin v26.9 (Yoast SEO v26.9) - https:\/\/yoast.com\/product\/yoast-seo-premium-wordpress\/ -->\n<title>Le Regard Libre - N\u00ba 84 | Dossier UKRAINE | Sommaire et commande<\/title>\n<meta name=\"description\" content=\"Mensuel Le Regard Libre, \u00e9dition d&#039;avril 2022 (N\u00b0\u00a084): dossier UKRAINE avec une interview de Pascal Couchepin, dossier L&#039;HOMME ET L&#039;ANIMAL...\" \/>\n<meta name=\"robots\" content=\"index, follow, max-snippet:-1, max-image-preview:large, max-video-preview:-1\" \/>\n<link rel=\"canonical\" href=\"https:\/\/leregardlibre.com\/en\/product\/le-regard-libre-no-84-dossier-ukraine\/\" \/>\n<meta property=\"og:locale\" content=\"en_US\" \/>\n<meta property=\"og:type\" content=\"article\" \/>\n<meta property=\"og:title\" content=\"Le Regard Libre - N\u00ba 84 | Dossier UKRAINE\" \/>\n<meta property=\"og:description\" content=\"Mensuel Le Regard Libre, \u00e9dition d&#039;avril 2022 (N\u00b0\u00a084): dossier UKRAINE avec une interview de Pascal Couchepin, dossier L&#039;HOMME ET L&#039;ANIMAL...\" \/>\n<meta property=\"og:url\" content=\"https:\/\/leregardlibre.com\/en\/product\/le-regard-libre-no-84-dossier-ukraine\/\" \/>\n<meta property=\"og:site_name\" content=\"Le Regard Libre\" \/>\n<meta property=\"article:publisher\" content=\"https:\/\/www.facebook.com\/leregardlibre\/\" \/>\n<meta property=\"article:modified_time\" content=\"2025-06-02T19:37:57+00:00\" \/>\n<meta property=\"og:image\" content=\"https:\/\/leregardlibre.com\/wp-content\/uploads\/2022\/03\/Une-RL-N\u00b0-84-scaled.jpg\" \/>\n\t<meta property=\"og:image:width\" content=\"1810\" \/>\n\t<meta property=\"og:image:height\" content=\"2560\" \/>\n\t<meta property=\"og:image:type\" content=\"image\/jpeg\" \/>\n<meta name=\"twitter:card\" content=\"summary_large_image\" \/>\n<meta name=\"twitter:site\" content=\"@LeRegardLibre\" \/>\n<meta name=\"twitter:label1\" content=\"Est. reading time\" \/>\n\t<meta name=\"twitter:data1\" content=\"2 minutes\" \/>\n<script type=\"application\/ld+json\" class=\"yoast-schema-graph\">{\"@context\":\"https:\/\/schema.org\",\"@graph\":[{\"@type\":\"WebPage\",\"@id\":\"https:\/\/leregardlibre.com\/produit\/le-regard-libre-no-84-dossier-ukraine\/\",\"url\":\"https:\/\/leregardlibre.com\/produit\/le-regard-libre-no-84-dossier-ukraine\/\",\"name\":\"Le Regard Libre - N\u00ba 84 | Dossier UKRAINE | Sommaire et commande\",\"isPartOf\":{\"@id\":\"https:\/\/leregardlibre.com\/#website\"},\"primaryImageOfPage\":{\"@id\":\"https:\/\/leregardlibre.com\/produit\/le-regard-libre-no-84-dossier-ukraine\/#primaryimage\"},\"image\":{\"@id\":\"https:\/\/leregardlibre.com\/produit\/le-regard-libre-no-84-dossier-ukraine\/#primaryimage\"},\"thumbnailUrl\":\"https:\/\/leregardlibre.com\/wp-content\/uploads\/2022\/03\/Une-RL-N\u00b0-84-scaled.jpg\",\"datePublished\":\"2022-03-31T18:27:07+00:00\",\"dateModified\":\"2025-06-02T19:37:57+00:00\",\"description\":\"Mensuel Le Regard Libre, \u00e9dition d'avril 2022 (N\u00b0\u00a084): dossier UKRAINE avec une interview de Pascal Couchepin, dossier L'HOMME ET L'ANIMAL...\",\"breadcrumb\":{\"@id\":\"https:\/\/leregardlibre.com\/produit\/le-regard-libre-no-84-dossier-ukraine\/#breadcrumb\"},\"inLanguage\":\"en-US\",\"potentialAction\":[{\"@type\":\"ReadAction\",\"target\":[\"https:\/\/leregardlibre.com\/produit\/le-regard-libre-no-84-dossier-ukraine\/\"]}]},{\"@type\":\"ImageObject\",\"inLanguage\":\"en-US\",\"@id\":\"https:\/\/leregardlibre.com\/produit\/le-regard-libre-no-84-dossier-ukraine\/#primaryimage\",\"url\":\"https:\/\/leregardlibre.com\/wp-content\/uploads\/2022\/03\/Une-RL-N\u00b0-84-scaled.jpg\",\"contentUrl\":\"https:\/\/leregardlibre.com\/wp-content\/uploads\/2022\/03\/Une-RL-N\u00b0-84-scaled.jpg\",\"width\":1810,\"height\":2560,\"caption\":\"Ukraine \u2013 Le Regard Libre N\u00b0\u00a084 (avril 2022)\"},{\"@type\":\"BreadcrumbList\",\"@id\":\"https:\/\/leregardlibre.com\/produit\/le-regard-libre-no-84-dossier-ukraine\/#breadcrumb\",\"itemListElement\":[{\"@type\":\"ListItem\",\"position\":1,\"name\":\"Accueil\",\"item\":\"https:\/\/leregardlibre.com\/\"},{\"@type\":\"ListItem\",\"position\":2,\"name\":\"Boutique\",\"item\":\"https:\/\/leregardlibre.com\/boutique\/\"},{\"@type\":\"ListItem\",\"position\":3,\"name\":\"Le Regard Libre &#8211; N\u00ba 84 | Dossier UKRAINE\"}]},{\"@type\":\"WebSite\",\"@id\":\"https:\/\/leregardlibre.com\/#website\",\"url\":\"https:\/\/leregardlibre.com\/\",\"name\":\"Le Regard Libre\",\"description\":\"Premier mensuel suisse de d\u00e9bat\",\"publisher\":{\"@id\":\"https:\/\/leregardlibre.com\/#organization\"},\"potentialAction\":[{\"@type\":\"SearchAction\",\"target\":{\"@type\":\"EntryPoint\",\"urlTemplate\":\"https:\/\/leregardlibre.com\/?s={search_term_string}\"},\"query-input\":{\"@type\":\"PropertyValueSpecification\",\"valueRequired\":true,\"valueName\":\"search_term_string\"}}],\"inLanguage\":\"en-US\"},{\"@type\":\"Organization\",\"@id\":\"https:\/\/leregardlibre.com\/#organization\",\"name\":\"Le Regard Libre\",\"url\":\"https:\/\/leregardlibre.com\/\",\"logo\":{\"@type\":\"ImageObject\",\"inLanguage\":\"en-US\",\"@id\":\"https:\/\/leregardlibre.com\/#\/schema\/logo\/image\/\",\"url\":\"https:\/\/leregardlibre.com\/wp-content\/uploads\/2025\/08\/logo-rl-icone-neg.jpeg\",\"contentUrl\":\"https:\/\/leregardlibre.com\/wp-content\/uploads\/2025\/08\/logo-rl-icone-neg.jpeg\",\"width\":557,\"height\":556,\"caption\":\"Le Regard Libre\"},\"image\":{\"@id\":\"https:\/\/leregardlibre.com\/#\/schema\/logo\/image\/\"},\"sameAs\":[\"https:\/\/www.facebook.com\/leregardlibre\/\",\"https:\/\/x.com\/LeRegardLibre\",\"https:\/\/www.linkedin.com\/company\/le-regard-libre\",\"https:\/\/www.instagram.com\/leregardlibre\/\",\"http:\/\/t.me\/leregardlibre\",\"https:\/\/youtube.com\/channel\/UC6HzGPomj1LsUmlz-sJtITQ\"],\"description\":\"Le Regard Libre est un mensuel suisse de d\u00e9bat intellectuel et culturel. Sa r\u00e9daction est jeune, b\u00e9n\u00e9vole, lib\u00e9rale et pluraliste. Le magazine para\u00eet en ligne et sous forme papier. Sa langue est le fran\u00e7ais.\",\"email\":\"redaction@leregardlibre.com\",\"legalName\":\"Le Regard Libre\",\"foundingDate\":\"2014-01-01\",\"numberOfEmployees\":{\"@type\":\"QuantitativeValue\",\"minValue\":\"11\",\"maxValue\":\"50\"},\"publishingPrinciples\":\"https:\/\/leregardlibre.com\/a-propos\/notre-manifeste\/\",\"ownershipFundingInfo\":\"https:\/\/leregardlibre.com\/mentions-legales\/\",\"actionableFeedbackPolicy\":\"https:\/\/leregardlibre.com\/conditions-generales-de-vente\/\"}]}<\/script>\n<!-- \/ Yoast SEO Premium plugin. -->","yoast_head_json":{"title":"Le Regard Libre - N\u00ba 84 | Dossier UKRAINE | Contents and order form","description":"Le Regard Libre monthly, April 2022 issue (N\u00b0 84): UKRAINE dossier with an interview with Pascal Couchepin, L'HOMME ET L'ANIMAL dossier...","robots":{"index":"index","follow":"follow","max-snippet":"max-snippet:-1","max-image-preview":"max-image-preview:large","max-video-preview":"max-video-preview:-1"},"canonical":"https:\/\/leregardlibre.com\/en\/product\/le-regard-libre-no-84-dossier-ukraine\/","og_locale":"en_US","og_type":"article","og_title":"Le Regard Libre - N\u00ba 84 | Dossier UKRAINE","og_description":"Mensuel Le Regard Libre, \u00e9dition d'avril 2022 (N\u00b0\u00a084): dossier UKRAINE avec une interview de Pascal Couchepin, dossier L'HOMME ET L'ANIMAL...","og_url":"https:\/\/leregardlibre.com\/en\/product\/le-regard-libre-no-84-dossier-ukraine\/","og_site_name":"Le Regard Libre","article_publisher":"https:\/\/www.facebook.com\/leregardlibre\/","article_modified_time":"2025-06-02T19:37:57+00:00","og_image":[{"width":1810,"height":2560,"url":"https:\/\/leregardlibre.com\/wp-content\/uploads\/2022\/03\/Une-RL-N\u00b0-84-scaled.jpg","type":"image\/jpeg"}],"twitter_card":"summary_large_image","twitter_site":"@LeRegardLibre","twitter_misc":{"Est. reading time":"2 minutes"},"schema":{"@context":"https:\/\/schema.org","@graph":[{"@type":"WebPage","@id":"https:\/\/leregardlibre.com\/produit\/le-regard-libre-no-84-dossier-ukraine\/","url":"https:\/\/leregardlibre.com\/produit\/le-regard-libre-no-84-dossier-ukraine\/","name":"Le Regard Libre - N\u00ba 84 | Dossier UKRAINE | Contents and order form","isPartOf":{"@id":"https:\/\/leregardlibre.com\/#website"},"primaryImageOfPage":{"@id":"https:\/\/leregardlibre.com\/produit\/le-regard-libre-no-84-dossier-ukraine\/#primaryimage"},"image":{"@id":"https:\/\/leregardlibre.com\/produit\/le-regard-libre-no-84-dossier-ukraine\/#primaryimage"},"thumbnailUrl":"https:\/\/leregardlibre.com\/wp-content\/uploads\/2022\/03\/Une-RL-N\u00b0-84-scaled.jpg","datePublished":"2022-03-31T18:27:07+00:00","dateModified":"2025-06-02T19:37:57+00:00","description":"Le Regard Libre monthly, April 2022 issue (N\u00b0 84): UKRAINE dossier with an interview with Pascal Couchepin, L'HOMME ET L'ANIMAL dossier...","breadcrumb":{"@id":"https:\/\/leregardlibre.com\/produit\/le-regard-libre-no-84-dossier-ukraine\/#breadcrumb"},"inLanguage":"en-US","potentialAction":[{"@type":"ReadAction","target":["https:\/\/leregardlibre.com\/produit\/le-regard-libre-no-84-dossier-ukraine\/"]}]},{"@type":"ImageObject","inLanguage":"en-US","@id":"https:\/\/leregardlibre.com\/produit\/le-regard-libre-no-84-dossier-ukraine\/#primaryimage","url":"https:\/\/leregardlibre.com\/wp-content\/uploads\/2022\/03\/Une-RL-N\u00b0-84-scaled.jpg","contentUrl":"https:\/\/leregardlibre.com\/wp-content\/uploads\/2022\/03\/Une-RL-N\u00b0-84-scaled.jpg","width":1810,"height":2560,"caption":"Ukraine \u2013 Le Regard Libre N\u00b0\u00a084 (avril 2022)"},{"@type":"BreadcrumbList","@id":"https:\/\/leregardlibre.com\/produit\/le-regard-libre-no-84-dossier-ukraine\/#breadcrumb","itemListElement":[{"@type":"ListItem","position":1,"name":"Accueil","item":"https:\/\/leregardlibre.com\/"},{"@type":"ListItem","position":2,"name":"Boutique","item":"https:\/\/leregardlibre.com\/boutique\/"},{"@type":"ListItem","position":3,"name":"Le Regard Libre &#8211; N\u00ba 84 | Dossier UKRAINE"}]},{"@type":"WebSite","@id":"https:\/\/leregardlibre.com\/#website","url":"https:\/\/leregardlibre.com\/","name":"Le Regard Libre","description":"Switzerland's first monthly debate magazine","publisher":{"@id":"https:\/\/leregardlibre.com\/#organization"},"potentialAction":[{"@type":"SearchAction","target":{"@type":"EntryPoint","urlTemplate":"https:\/\/leregardlibre.com\/?s={search_term_string}"},"query-input":{"@type":"PropertyValueSpecification","valueRequired":true,"valueName":"search_term_string"}}],"inLanguage":"en-US"},{"@type":"Organization","@id":"https:\/\/leregardlibre.com\/#organization","name":"Le Regard Libre","url":"https:\/\/leregardlibre.com\/","logo":{"@type":"ImageObject","inLanguage":"en-US","@id":"https:\/\/leregardlibre.com\/#\/schema\/logo\/image\/","url":"https:\/\/leregardlibre.com\/wp-content\/uploads\/2025\/08\/logo-rl-icone-neg.jpeg","contentUrl":"https:\/\/leregardlibre.com\/wp-content\/uploads\/2025\/08\/logo-rl-icone-neg.jpeg","width":557,"height":556,"caption":"Le Regard Libre"},"image":{"@id":"https:\/\/leregardlibre.com\/#\/schema\/logo\/image\/"},"sameAs":["https:\/\/www.facebook.com\/leregardlibre\/","https:\/\/x.com\/LeRegardLibre","https:\/\/www.linkedin.com\/company\/le-regard-libre","https:\/\/www.instagram.com\/leregardlibre\/","http:\/\/t.me\/leregardlibre","https:\/\/youtube.com\/channel\/UC6HzGPomj1LsUmlz-sJtITQ"],"description":"Le Regard Libre is a Swiss monthly magazine for intellectual and cultural debate. Its editorial team is young, voluntary, liberal and pluralist. The magazine appears online and in print. Its language is French.","email":"redaction@leregardlibre.com","legalName":"Le Regard Libre","foundingDate":"2014-01-01","numberOfEmployees":{"@type":"QuantitativeValue","minValue":"11","maxValue":"50"},"publishingPrinciples":"https:\/\/leregardlibre.com\/a-propos\/notre-manifeste\/","ownershipFundingInfo":"https:\/\/leregardlibre.com\/mentions-legales\/","actionableFeedbackPolicy":"https:\/\/leregardlibre.com\/conditions-generales-de-vente\/"}]}},"_links":{"self":[{"href":"https:\/\/leregardlibre.com\/en\/wp-json\/wp\/v2\/product\/47463","targetHints":{"allow":["GET"]}}],"collection":[{"href":"https:\/\/leregardlibre.com\/en\/wp-json\/wp\/v2\/product"}],"about":[{"href":"https:\/\/leregardlibre.com\/en\/wp-json\/wp\/v2\/types\/product"}],"replies":[{"embeddable":true,"href":"https:\/\/leregardlibre.com\/en\/wp-json\/wp\/v2\/comments?post=47463"}],"wp:featuredmedia":[{"embeddable":true,"href":"https:\/\/leregardlibre.com\/en\/wp-json\/wp\/v2\/media\/47467"}],"wp:attachment":[{"href":"https:\/\/leregardlibre.com\/en\/wp-json\/wp\/v2\/media?parent=47463"}],"wp:term":[{"taxonomy":"product_brand","embeddable":true,"href":"https:\/\/leregardlibre.com\/en\/wp-json\/wp\/v2\/product_brand?post=47463"},{"taxonomy":"product_cat","embeddable":true,"href":"https:\/\/leregardlibre.com\/en\/wp-json\/wp\/v2\/product_cat?post=47463"},{"taxonomy":"product_tag","embeddable":true,"href":"https:\/\/leregardlibre.com\/en\/wp-json\/wp\/v2\/product_tag?post=47463"}],"curies":[{"name":"wp","href":"https:\/\/api.w.org\/{rel}","templated":true}]}}