{"id":50917,"date":"2022-07-01T08:12:15","date_gmt":"2022-07-01T06:12:15","guid":{"rendered":"https:\/\/leregardlibre.com\/?post_type=product&#038;p=50917"},"modified":"2024-07-11T11:46:51","modified_gmt":"2024-07-11T09:46:51","slug":"le-regard-libre-no87-dossier-europe","status":"publish","type":"product","link":"https:\/\/leregardlibre.com\/en\/product\/le-regard-libre-no87-dossier-europe\/","title":{"rendered":"Le Regard Libre N\u00ba87 | Dossier EUROPE"},"content":{"rendered":"<p><em>Le Regard Libre<\/em>\u00a0N\u00b0 87 | Dossier EUROPE<br \/>\nPaper copy<br \/>\nJuly 2022 edition<br \/>\nChic paper magazine format (68 pages)<\/p>\n<hr \/>\n<p class=\"p1\"><a href=\"https:\/\/www.youtube.com\/watch?v=RxnkfAaBHA4\"><b><em>Video presentation of the issue<\/em><\/b><\/a><\/p>\n<p class=\"p1\"><b>CONTENTS:<br \/>\n<\/b><\/p>\n<p class=\"p1\"><b>05\u00a0<\/b>|\u00a0<span class=\"s1\">Editorial:\u00a0<\/span>This nanny-state that wants to do us good<span class=\"Apple-converted-space\"><br \/>\n<\/span><b>07\u00a0<\/b>| Pascal Couchepin's reading:\u00a0<i>An axe to the head<br \/>\n<\/i><b>08\u00a0<\/b><span class=\"s2\">|\u00a0<\/span>Gender-neutral cycle paths in Lyon\u00ab<br \/>\n<b>10\u00a0<\/b>| American flinguomania<\/p>\n<p class=\"p2\"><b>Dossier: Did you say Europe?<br \/>\n<\/b><b>16\u00a0<\/b>| Geopolitical review with\u00a0<a href=\"https:\/\/www.lefigaro.fr\/international\/alexandre-del-valle-l-europe-estle-dindon-de-la-farce-de-la-mondialisation-20211020\">Alexandre del Valle<\/a><br \/>\n<b>22\u00a0<\/b>| The British view of European integration<br \/>\n<b>25\u00a0<\/b>| Switzerland and the EU: Julien Rilliet VS F\u00e9licien Monnier<br \/>\n<b>30\u00a0<\/b>| L'Europe f\u00e9d\u00e9rale by Denis de Rougemont<br \/>\n<b>34\u00a0<\/b>A Europe still questioning its roots<br \/>\n<b>38\u00a0<\/b>| The border as a condition of plurality<br \/>\n<b>40\u00a0<\/b>| Guy de Pourtal\u00e8s, Europe as a literary compass<\/p>\n<p class=\"p2\"><b>Cultural news<br \/>\n<\/b><b>44\u00a0<\/b>|\u00a0<span class=\"s1\">In Valais, a utopian community confronts a food giant<br \/>\n<\/span><b>46\u00a0<\/b>|\u00a0<i>The last summer in town<\/i>, the exhilaration of la dolce vita<br \/>\n<b>48\u00a0<\/b>|\u00a0<span class=\"s3\">Johnny Hallyday as you've never seen him before: \u00abJ'suis une pute\u00bb (I'm a whore)\u00bb<\/span><\/p>\n<p class=\"p3\"><b>End of magazine events<br \/>\n<\/b><b>50\u00a0<\/b>| Bernard L\u00e9chot's photo essay:\u00a0<em>Infinite limited<\/em><br \/>\n<b>56\u00a0<\/b>|\u00a0<i>The return<\/i>, Elliot Mazzella's novel, episode 7\/15<br \/>\n<b>60\u00a0<\/b>|\u00a0<span class=\"s4\">What legends surround the capital of athletics? Report<br \/>\n<\/span><b>66\u00a0<\/b>| Subscription stub and sponsorship form<br \/>\n<b>67\u00a0<\/b>| Impressum<br \/>\n<b>68\u00a0<\/b>| Quotes<\/p>\n<p class=\"p1\">","protected":false},"excerpt":{"rendered":"<p>Le Regard Libre\u00a0N\u00b0 87 | Dossier EUROPE Exemplaire papier Edition de juillet 2022 Format magazine papier chic (68 pages) Pr\u00e9sentation&#8230;<\/p>","protected":false},"featured_media":50920,"comment_status":"open","ping_status":"closed","template":"","meta":{"_acf_changed":false},"product_brand":[],"product_cat":[644340392],"product_tag":[],"class_list":{"0":"post-50917","1":"product","2":"type-product","3":"status-publish","4":"has-post-thumbnail","6":"product_cat-numeros","8":"first","9":"instock","10":"shipping-taxable","11":"purchasable","12":"product-type-variable"},"acf":[],"yoast_head":"<!-- This site is optimized with the Yoast SEO Premium plugin v27.4 (Yoast SEO v27.4) - https:\/\/yoast.com\/product\/yoast-seo-premium-wordpress\/ -->\n<title>Le Regard Libre N\u00ba87 | Dossier EUROPE | Sommaire et commande<\/title>\n<meta name=\"description\" content=\"Mensuel Le Regard Libre, \u00e9dition de juin 2022 (N\u00b0\u00a087): dossier EUROPE\" \/>\n<meta name=\"robots\" content=\"index, follow, max-snippet:-1, max-image-preview:large, max-video-preview:-1\" \/>\n<link rel=\"canonical\" href=\"https:\/\/leregardlibre.com\/en\/product\/le-regard-libre-no87-dossier-europe\/\" \/>\n<meta property=\"og:locale\" content=\"en_US\" \/>\n<meta property=\"og:type\" content=\"article\" \/>\n<meta property=\"og:title\" content=\"Le Regard Libre N\u00ba87 | Dossier EUROPE\" \/>\n<meta property=\"og:description\" content=\"Mensuel Le Regard Libre, \u00e9dition de juin 2022 (N\u00b0\u00a087): dossier EUROPE\" \/>\n<meta property=\"og:url\" content=\"https:\/\/leregardlibre.com\/en\/product\/le-regard-libre-no87-dossier-europe\/\" \/>\n<meta property=\"og:site_name\" content=\"Le Regard Libre\" \/>\n<meta property=\"article:publisher\" content=\"https:\/\/www.facebook.com\/leregardlibre\/\" \/>\n<meta property=\"article:modified_time\" content=\"2024-07-11T09:46:51+00:00\" \/>\n<meta property=\"og:image\" content=\"https:\/\/leregardlibre.com\/wp-content\/uploads\/2022\/08\/Une-N\u00b0-87-e1657618132675-scaled.webp\" \/>\n\t<meta property=\"og:image:width\" content=\"1810\" \/>\n\t<meta property=\"og:image:height\" content=\"2560\" \/>\n\t<meta property=\"og:image:type\" content=\"image\/webp\" \/>\n<meta name=\"twitter:card\" content=\"summary_large_image\" \/>\n<meta name=\"twitter:site\" content=\"@LeRegardLibre\" \/>\n<meta name=\"twitter:label1\" content=\"Est. reading time\" \/>\n\t<meta name=\"twitter:data1\" content=\"2 minutes\" \/>\n<script type=\"application\/ld+json\" class=\"yoast-schema-graph\">{\"@context\":\"https:\\\/\\\/schema.org\",\"@graph\":[{\"@type\":\"WebPage\",\"@id\":\"https:\\\/\\\/leregardlibre.com\\\/produit\\\/le-regard-libre-no87-dossier-europe\\\/\",\"url\":\"https:\\\/\\\/leregardlibre.com\\\/produit\\\/le-regard-libre-no87-dossier-europe\\\/\",\"name\":\"Le Regard Libre N\u00ba87 | Dossier EUROPE | Sommaire et commande\",\"isPartOf\":{\"@id\":\"https:\\\/\\\/leregardlibre.com\\\/#website\"},\"primaryImageOfPage\":{\"@id\":\"https:\\\/\\\/leregardlibre.com\\\/produit\\\/le-regard-libre-no87-dossier-europe\\\/#primaryimage\"},\"image\":{\"@id\":\"https:\\\/\\\/leregardlibre.com\\\/produit\\\/le-regard-libre-no87-dossier-europe\\\/#primaryimage\"},\"thumbnailUrl\":\"https:\\\/\\\/leregardlibre.com\\\/wp-content\\\/uploads\\\/2022\\\/08\\\/Une-N\u00b0-87-e1657618132675-scaled.webp\",\"datePublished\":\"2022-07-01T06:12:15+00:00\",\"dateModified\":\"2024-07-11T09:46:51+00:00\",\"description\":\"Mensuel Le Regard Libre, \u00e9dition de juin 2022 (N\u00b0\u00a087): dossier EUROPE\",\"breadcrumb\":{\"@id\":\"https:\\\/\\\/leregardlibre.com\\\/produit\\\/le-regard-libre-no87-dossier-europe\\\/#breadcrumb\"},\"inLanguage\":\"en-US\",\"potentialAction\":[{\"@type\":\"ReadAction\",\"target\":[\"https:\\\/\\\/leregardlibre.com\\\/produit\\\/le-regard-libre-no87-dossier-europe\\\/\"]}]},{\"@type\":\"ImageObject\",\"inLanguage\":\"en-US\",\"@id\":\"https:\\\/\\\/leregardlibre.com\\\/produit\\\/le-regard-libre-no87-dossier-europe\\\/#primaryimage\",\"url\":\"https:\\\/\\\/leregardlibre.com\\\/wp-content\\\/uploads\\\/2022\\\/08\\\/Une-N\u00b0-87-e1657618132675-scaled.webp\",\"contentUrl\":\"https:\\\/\\\/leregardlibre.com\\\/wp-content\\\/uploads\\\/2022\\\/08\\\/Une-N\u00b0-87-e1657618132675-scaled.webp\",\"width\":1810,\"height\":2560},{\"@type\":\"BreadcrumbList\",\"@id\":\"https:\\\/\\\/leregardlibre.com\\\/produit\\\/le-regard-libre-no87-dossier-europe\\\/#breadcrumb\",\"itemListElement\":[{\"@type\":\"ListItem\",\"position\":1,\"name\":\"Accueil\",\"item\":\"https:\\\/\\\/leregardlibre.com\\\/\"},{\"@type\":\"ListItem\",\"position\":2,\"name\":\"Boutique\",\"item\":\"https:\\\/\\\/leregardlibre.com\\\/boutique\\\/\"},{\"@type\":\"ListItem\",\"position\":3,\"name\":\"Le Regard Libre N\u00ba87 | Dossier EUROPE\"}]},{\"@type\":\"WebSite\",\"@id\":\"https:\\\/\\\/leregardlibre.com\\\/#website\",\"url\":\"https:\\\/\\\/leregardlibre.com\\\/\",\"name\":\"Le Regard Libre\",\"description\":\"Premier mensuel suisse de d\u00e9bat\",\"publisher\":{\"@id\":\"https:\\\/\\\/leregardlibre.com\\\/#organization\"},\"potentialAction\":[{\"@type\":\"SearchAction\",\"target\":{\"@type\":\"EntryPoint\",\"urlTemplate\":\"https:\\\/\\\/leregardlibre.com\\\/?s={search_term_string}\"},\"query-input\":{\"@type\":\"PropertyValueSpecification\",\"valueRequired\":true,\"valueName\":\"search_term_string\"}}],\"inLanguage\":\"en-US\"},{\"@type\":\"Organization\",\"@id\":\"https:\\\/\\\/leregardlibre.com\\\/#organization\",\"name\":\"Le Regard Libre\",\"url\":\"https:\\\/\\\/leregardlibre.com\\\/\",\"logo\":{\"@type\":\"ImageObject\",\"inLanguage\":\"en-US\",\"@id\":\"https:\\\/\\\/leregardlibre.com\\\/#\\\/schema\\\/logo\\\/image\\\/\",\"url\":\"https:\\\/\\\/leregardlibre.com\\\/wp-content\\\/uploads\\\/2025\\\/08\\\/logo-rl-icone-neg.jpeg\",\"contentUrl\":\"https:\\\/\\\/leregardlibre.com\\\/wp-content\\\/uploads\\\/2025\\\/08\\\/logo-rl-icone-neg.jpeg\",\"width\":557,\"height\":556,\"caption\":\"Le Regard Libre\"},\"image\":{\"@id\":\"https:\\\/\\\/leregardlibre.com\\\/#\\\/schema\\\/logo\\\/image\\\/\"},\"sameAs\":[\"https:\\\/\\\/www.facebook.com\\\/leregardlibre\\\/\",\"https:\\\/\\\/x.com\\\/LeRegardLibre\",\"https:\\\/\\\/www.linkedin.com\\\/company\\\/le-regard-libre\",\"https:\\\/\\\/www.instagram.com\\\/leregardlibre\\\/\",\"http:\\\/\\\/t.me\\\/leregardlibre\",\"https:\\\/\\\/youtube.com\\\/channel\\\/UC6HzGPomj1LsUmlz-sJtITQ\"],\"description\":\"Le Regard Libre est un mensuel suisse de d\u00e9bat intellectuel et culturel. Sa r\u00e9daction est jeune, b\u00e9n\u00e9vole, lib\u00e9rale et pluraliste. Le magazine para\u00eet en ligne et sous forme papier. Sa langue est le fran\u00e7ais.\",\"email\":\"redaction@leregardlibre.com\",\"legalName\":\"Le Regard Libre\",\"foundingDate\":\"2014-01-01\",\"numberOfEmployees\":{\"@type\":\"QuantitativeValue\",\"minValue\":\"11\",\"maxValue\":\"50\"},\"publishingPrinciples\":\"https:\\\/\\\/leregardlibre.com\\\/a-propos\\\/notre-manifeste\\\/\",\"ownershipFundingInfo\":\"https:\\\/\\\/leregardlibre.com\\\/mentions-legales\\\/\",\"actionableFeedbackPolicy\":\"https:\\\/\\\/leregardlibre.com\\\/conditions-generales-de-vente\\\/\"}]}<\/script>\n<!-- \/ Yoast SEO Premium plugin. -->","yoast_head_json":{"title":"Le Regard Libre N\u00ba87 | Dossier EUROPE | Contents and order form","description":"Le Regard Libre monthly, June 2022 issue (No. 87): EUROPE dossier","robots":{"index":"index","follow":"follow","max-snippet":"max-snippet:-1","max-image-preview":"max-image-preview:large","max-video-preview":"max-video-preview:-1"},"canonical":"https:\/\/leregardlibre.com\/en\/product\/le-regard-libre-no87-dossier-europe\/","og_locale":"en_US","og_type":"article","og_title":"Le Regard Libre N\u00ba87 | Dossier EUROPE","og_description":"Mensuel Le Regard Libre, \u00e9dition de juin 2022 (N\u00b0\u00a087): dossier EUROPE","og_url":"https:\/\/leregardlibre.com\/en\/product\/le-regard-libre-no87-dossier-europe\/","og_site_name":"Le Regard Libre","article_publisher":"https:\/\/www.facebook.com\/leregardlibre\/","article_modified_time":"2024-07-11T09:46:51+00:00","og_image":[{"width":1810,"height":2560,"url":"https:\/\/leregardlibre.com\/wp-content\/uploads\/2022\/08\/Une-N\u00b0-87-e1657618132675-scaled.webp","type":"image\/webp"}],"twitter_card":"summary_large_image","twitter_site":"@LeRegardLibre","twitter_misc":{"Est. reading time":"2 minutes"},"schema":{"@context":"https:\/\/schema.org","@graph":[{"@type":"WebPage","@id":"https:\/\/leregardlibre.com\/produit\/le-regard-libre-no87-dossier-europe\/","url":"https:\/\/leregardlibre.com\/produit\/le-regard-libre-no87-dossier-europe\/","name":"Le Regard Libre N\u00ba87 | Dossier EUROPE | Contents and order form","isPartOf":{"@id":"https:\/\/leregardlibre.com\/#website"},"primaryImageOfPage":{"@id":"https:\/\/leregardlibre.com\/produit\/le-regard-libre-no87-dossier-europe\/#primaryimage"},"image":{"@id":"https:\/\/leregardlibre.com\/produit\/le-regard-libre-no87-dossier-europe\/#primaryimage"},"thumbnailUrl":"https:\/\/leregardlibre.com\/wp-content\/uploads\/2022\/08\/Une-N\u00b0-87-e1657618132675-scaled.webp","datePublished":"2022-07-01T06:12:15+00:00","dateModified":"2024-07-11T09:46:51+00:00","description":"Le Regard Libre monthly, June 2022 issue (No. 87): EUROPE dossier","breadcrumb":{"@id":"https:\/\/leregardlibre.com\/produit\/le-regard-libre-no87-dossier-europe\/#breadcrumb"},"inLanguage":"en-US","potentialAction":[{"@type":"ReadAction","target":["https:\/\/leregardlibre.com\/produit\/le-regard-libre-no87-dossier-europe\/"]}]},{"@type":"ImageObject","inLanguage":"en-US","@id":"https:\/\/leregardlibre.com\/produit\/le-regard-libre-no87-dossier-europe\/#primaryimage","url":"https:\/\/leregardlibre.com\/wp-content\/uploads\/2022\/08\/Une-N\u00b0-87-e1657618132675-scaled.webp","contentUrl":"https:\/\/leregardlibre.com\/wp-content\/uploads\/2022\/08\/Une-N\u00b0-87-e1657618132675-scaled.webp","width":1810,"height":2560},{"@type":"BreadcrumbList","@id":"https:\/\/leregardlibre.com\/produit\/le-regard-libre-no87-dossier-europe\/#breadcrumb","itemListElement":[{"@type":"ListItem","position":1,"name":"Accueil","item":"https:\/\/leregardlibre.com\/"},{"@type":"ListItem","position":2,"name":"Boutique","item":"https:\/\/leregardlibre.com\/boutique\/"},{"@type":"ListItem","position":3,"name":"Le Regard Libre N\u00ba87 | Dossier EUROPE"}]},{"@type":"WebSite","@id":"https:\/\/leregardlibre.com\/#website","url":"https:\/\/leregardlibre.com\/","name":"Le Regard Libre","description":"Switzerland's first monthly debate magazine","publisher":{"@id":"https:\/\/leregardlibre.com\/#organization"},"potentialAction":[{"@type":"SearchAction","target":{"@type":"EntryPoint","urlTemplate":"https:\/\/leregardlibre.com\/?s={search_term_string}"},"query-input":{"@type":"PropertyValueSpecification","valueRequired":true,"valueName":"search_term_string"}}],"inLanguage":"en-US"},{"@type":"Organization","@id":"https:\/\/leregardlibre.com\/#organization","name":"Le Regard Libre","url":"https:\/\/leregardlibre.com\/","logo":{"@type":"ImageObject","inLanguage":"en-US","@id":"https:\/\/leregardlibre.com\/#\/schema\/logo\/image\/","url":"https:\/\/leregardlibre.com\/wp-content\/uploads\/2025\/08\/logo-rl-icone-neg.jpeg","contentUrl":"https:\/\/leregardlibre.com\/wp-content\/uploads\/2025\/08\/logo-rl-icone-neg.jpeg","width":557,"height":556,"caption":"Le Regard Libre"},"image":{"@id":"https:\/\/leregardlibre.com\/#\/schema\/logo\/image\/"},"sameAs":["https:\/\/www.facebook.com\/leregardlibre\/","https:\/\/x.com\/LeRegardLibre","https:\/\/www.linkedin.com\/company\/le-regard-libre","https:\/\/www.instagram.com\/leregardlibre\/","http:\/\/t.me\/leregardlibre","https:\/\/youtube.com\/channel\/UC6HzGPomj1LsUmlz-sJtITQ"],"description":"Le Regard Libre is a Swiss monthly magazine for intellectual and cultural debate. Its editorial team is young, voluntary, liberal and pluralist. The magazine appears online and in print. Its language is French.","email":"redaction@leregardlibre.com","legalName":"Le Regard Libre","foundingDate":"2014-01-01","numberOfEmployees":{"@type":"QuantitativeValue","minValue":"11","maxValue":"50"},"publishingPrinciples":"https:\/\/leregardlibre.com\/a-propos\/notre-manifeste\/","ownershipFundingInfo":"https:\/\/leregardlibre.com\/mentions-legales\/","actionableFeedbackPolicy":"https:\/\/leregardlibre.com\/conditions-generales-de-vente\/"}]}},"_links":{"self":[{"href":"https:\/\/leregardlibre.com\/en\/wp-json\/wp\/v2\/product\/50917","targetHints":{"allow":["GET"]}}],"collection":[{"href":"https:\/\/leregardlibre.com\/en\/wp-json\/wp\/v2\/product"}],"about":[{"href":"https:\/\/leregardlibre.com\/en\/wp-json\/wp\/v2\/types\/product"}],"replies":[{"embeddable":true,"href":"https:\/\/leregardlibre.com\/en\/wp-json\/wp\/v2\/comments?post=50917"}],"wp:featuredmedia":[{"embeddable":true,"href":"https:\/\/leregardlibre.com\/en\/wp-json\/wp\/v2\/media\/50920"}],"wp:attachment":[{"href":"https:\/\/leregardlibre.com\/en\/wp-json\/wp\/v2\/media?parent=50917"}],"wp:term":[{"taxonomy":"product_brand","embeddable":true,"href":"https:\/\/leregardlibre.com\/en\/wp-json\/wp\/v2\/product_brand?post=50917"},{"taxonomy":"product_cat","embeddable":true,"href":"https:\/\/leregardlibre.com\/en\/wp-json\/wp\/v2\/product_cat?post=50917"},{"taxonomy":"product_tag","embeddable":true,"href":"https:\/\/leregardlibre.com\/en\/wp-json\/wp\/v2\/product_tag?post=50917"}],"curies":[{"name":"wp","href":"https:\/\/api.w.org\/{rel}","templated":true}]}}