{"id":512696,"date":"2022-10-01T23:43:12","date_gmt":"2022-10-01T21:43:12","guid":{"rendered":"https:\/\/leregardlibre.com\/?post_type=product&#038;p=512696"},"modified":"2025-06-02T21:39:46","modified_gmt":"2025-06-02T19:39:46","slug":"le-regard-libre-no89-dossier-end-of-the-world","status":"publish","type":"product","link":"https:\/\/leregardlibre.com\/en\/product\/le-regard-libre-no89-dossier-end-of-the-world\/","title":{"rendered":"Le Regard Libre N\u00ba89 | Dossier END OF THE WORLD"},"content":{"rendered":"<h2><em>PRE-ORDER<\/em><\/h2>\n<p><em>Le Regard Libre<\/em> N\u00b0 89 | Dossier END OF THE WORLD<br \/>\nPaper copy<br \/>\nOctober 2022 edition<br \/>\nChic paper magazine format (68 pages)<\/p>\n<hr \/>\n<p><strong>CONTENTS:<\/strong><\/p>\n<p class=\"p1\"><b>05 <\/b>| Editorial: The end of the world, a world without end<br \/>\n<b>07 <\/b>Ralph M\u00fcller's cartridge: The laughter of resentment<br \/>\n<b>08 <\/b><span class=\"s1\">| <\/span>News in brief: A flotsam and jetsam | An imperceptible earthquake<br \/>\n<b>10 <\/b>| <i>The Grand Chessboard<\/i>, part between the United States and the rest of the world<\/p>\n<p class=\"p2\"><b>Dossier: The end of the world<\/b><\/p>\n<p class=\"p1\"><b>14 <\/b>| \u00abThere are bridges between secular concerns and spiritual approaches\u00bb.\u00bb<br \/>\n<b>22 <\/b>| Collapsologists: they predict collapse<br \/>\n<b>26 <\/b>When humanity came close to the end of the world<br \/>\n<b>28 <\/b>| <span class=\"s2\">Innovation, for what effect? Reflections with Schumpeter and Polanyi<br \/>\n<\/span><b>30 <\/b>The meaning of life hidden in the story of the end of the world<br \/>\n<b>32 <\/b>The Taiping revolt and the promise of paradise on earth<br \/>\n<b>34 <\/b>| The spectre of nuclear power in East Asia<br \/>\n<b>38 <\/b>Apocalypse in prose: has the worst happened or is it yet to come?<br \/>\n<b>40 <\/b>| Is art immortal?<\/p>\n<p class=\"p2\"><b>Cultural news<\/b><\/p>\n<p class=\"p1\"><b>44 <\/b>Steve Morse quits Deep Purple: a look back at the end of an era<br \/>\n<b>46 <\/b>| Staying in \u00aba crazy country\u00bb<br \/>\n<b>48 <\/b>| <i>La Sainte Touche<\/i> or the praise of resourcefulness<\/p>\n<p class=\"p3\"><b>End of magazine events<\/b><\/p>\n<p class=\"p1\"><b>50 <\/b>| Bernard L\u00e9chot's photo essay: <i>Red marble<br \/>\n<\/i><b>56 <\/b>| <i>The return<\/i>, Elliot Mazzella's novel, episode 9\/15<br \/>\n<b>60 <\/b>| <span class=\"s3\">Engaged swing, when ethics prevail over aesthetics<br \/>\n<\/span><b>66 <\/b>| Subscription stub and sponsorship form<br \/>\n<b>67 <\/b>| Impressum<br \/>\n<b>68 <\/b>| Quotes<\/p>","protected":false},"excerpt":{"rendered":"<p>PR\u00c9-COMMANDE Le Regard Libre N\u00b0 89 | Dossier FIN DU MONDE Exemplaire papier Edition d\u2019octobre 2022 Format magazine papier chic&#8230;<\/p>","protected":false},"featured_media":512699,"comment_status":"open","ping_status":"closed","template":"","meta":{"_acf_changed":false},"product_brand":[],"product_cat":[644340392],"product_tag":[],"class_list":{"0":"post-512696","1":"product","2":"type-product","3":"status-publish","4":"has-post-thumbnail","6":"product_cat-numeros","8":"first","9":"instock","10":"shipping-taxable","11":"purchasable","12":"product-type-variable"},"acf":[],"yoast_head":"<!-- This site is optimized with the Yoast SEO Premium plugin v27.4 (Yoast SEO v27.4) - https:\/\/yoast.com\/product\/yoast-seo-premium-wordpress\/ -->\n<title>Le Regard Libre N\u00ba89 | Dossier FIN DU MONDE<\/title>\n<meta name=\"description\" content=\"Mensuel Le Regard Libre, \u00e9dition d&#039;octobre 2022 (N\u00b0\u00a089): dossier FIN DU MONDE. Sommaire et commande\" \/>\n<meta name=\"robots\" content=\"index, follow, max-snippet:-1, max-image-preview:large, max-video-preview:-1\" \/>\n<link rel=\"canonical\" href=\"https:\/\/leregardlibre.com\/en\/product\/le-regard-libre-no89-dossier-end-of-the-world\/\" \/>\n<meta property=\"og:locale\" content=\"en_US\" \/>\n<meta property=\"og:type\" content=\"article\" \/>\n<meta property=\"og:title\" content=\"Le Regard Libre N\u00ba89 | Dossier FIN DU MONDE\" \/>\n<meta property=\"og:description\" content=\"Mensuel Le Regard Libre, \u00e9dition d&#039;octobre 2022 (N\u00b0\u00a089): dossier FIN DU MONDE. Sommaire et commande\" \/>\n<meta property=\"og:url\" content=\"https:\/\/leregardlibre.com\/en\/product\/le-regard-libre-no89-dossier-end-of-the-world\/\" \/>\n<meta property=\"og:site_name\" content=\"Le Regard Libre\" \/>\n<meta property=\"article:publisher\" content=\"https:\/\/www.facebook.com\/leregardlibre\/\" \/>\n<meta property=\"article:modified_time\" content=\"2025-06-02T19:39:46+00:00\" \/>\n<meta property=\"og:image\" content=\"https:\/\/leregardlibre.com\/wp-content\/uploads\/2022\/10\/une-le-regard-libre-n89-e1664660880248-724x1024.jpg\" \/>\n\t<meta property=\"og:image:width\" content=\"724\" \/>\n\t<meta property=\"og:image:height\" content=\"1024\" \/>\n\t<meta property=\"og:image:type\" content=\"image\/jpeg\" \/>\n<meta name=\"twitter:card\" content=\"summary_large_image\" \/>\n<meta name=\"twitter:site\" content=\"@LeRegardLibre\" \/>\n<meta name=\"twitter:label1\" content=\"Est. reading time\" \/>\n\t<meta name=\"twitter:data1\" content=\"2 minutes\" \/>\n<script type=\"application\/ld+json\" class=\"yoast-schema-graph\">{\"@context\":\"https:\\\/\\\/schema.org\",\"@graph\":[{\"@type\":\"WebPage\",\"@id\":\"https:\\\/\\\/leregardlibre.com\\\/produit\\\/le-regard-libre-no89-dossier-fin-du-monde\\\/\",\"url\":\"https:\\\/\\\/leregardlibre.com\\\/produit\\\/le-regard-libre-no89-dossier-fin-du-monde\\\/\",\"name\":\"Le Regard Libre N\u00ba89 | Dossier FIN DU MONDE\",\"isPartOf\":{\"@id\":\"https:\\\/\\\/leregardlibre.com\\\/#website\"},\"primaryImageOfPage\":{\"@id\":\"https:\\\/\\\/leregardlibre.com\\\/produit\\\/le-regard-libre-no89-dossier-fin-du-monde\\\/#primaryimage\"},\"image\":{\"@id\":\"https:\\\/\\\/leregardlibre.com\\\/produit\\\/le-regard-libre-no89-dossier-fin-du-monde\\\/#primaryimage\"},\"thumbnailUrl\":\"https:\\\/\\\/leregardlibre.com\\\/wp-content\\\/uploads\\\/2022\\\/10\\\/une-le-regard-libre-n89-e1664660880248.jpg\",\"datePublished\":\"2022-10-01T21:43:12+00:00\",\"dateModified\":\"2025-06-02T19:39:46+00:00\",\"description\":\"Mensuel Le Regard Libre, \u00e9dition d'octobre 2022 (N\u00b0\u00a089): dossier FIN DU MONDE. Sommaire et commande\",\"breadcrumb\":{\"@id\":\"https:\\\/\\\/leregardlibre.com\\\/produit\\\/le-regard-libre-no89-dossier-fin-du-monde\\\/#breadcrumb\"},\"inLanguage\":\"en-US\",\"potentialAction\":[{\"@type\":\"ReadAction\",\"target\":[\"https:\\\/\\\/leregardlibre.com\\\/produit\\\/le-regard-libre-no89-dossier-fin-du-monde\\\/\"]}]},{\"@type\":\"ImageObject\",\"inLanguage\":\"en-US\",\"@id\":\"https:\\\/\\\/leregardlibre.com\\\/produit\\\/le-regard-libre-no89-dossier-fin-du-monde\\\/#primaryimage\",\"url\":\"https:\\\/\\\/leregardlibre.com\\\/wp-content\\\/uploads\\\/2022\\\/10\\\/une-le-regard-libre-n89-e1664660880248.jpg\",\"contentUrl\":\"https:\\\/\\\/leregardlibre.com\\\/wp-content\\\/uploads\\\/2022\\\/10\\\/une-le-regard-libre-n89-e1664660880248.jpg\",\"width\":1358,\"height\":1920,\"caption\":\"Une Le Regard Libre N\u00b089 | Dossier FIN DU MONDE\"},{\"@type\":\"BreadcrumbList\",\"@id\":\"https:\\\/\\\/leregardlibre.com\\\/produit\\\/le-regard-libre-no89-dossier-fin-du-monde\\\/#breadcrumb\",\"itemListElement\":[{\"@type\":\"ListItem\",\"position\":1,\"name\":\"Accueil\",\"item\":\"https:\\\/\\\/leregardlibre.com\\\/\"},{\"@type\":\"ListItem\",\"position\":2,\"name\":\"Boutique\",\"item\":\"https:\\\/\\\/leregardlibre.com\\\/boutique\\\/\"},{\"@type\":\"ListItem\",\"position\":3,\"name\":\"Le Regard Libre N\u00ba89 | Dossier FIN DU MONDE\"}]},{\"@type\":\"WebSite\",\"@id\":\"https:\\\/\\\/leregardlibre.com\\\/#website\",\"url\":\"https:\\\/\\\/leregardlibre.com\\\/\",\"name\":\"Le Regard Libre\",\"description\":\"Premier mensuel suisse de d\u00e9bat\",\"publisher\":{\"@id\":\"https:\\\/\\\/leregardlibre.com\\\/#organization\"},\"potentialAction\":[{\"@type\":\"SearchAction\",\"target\":{\"@type\":\"EntryPoint\",\"urlTemplate\":\"https:\\\/\\\/leregardlibre.com\\\/?s={search_term_string}\"},\"query-input\":{\"@type\":\"PropertyValueSpecification\",\"valueRequired\":true,\"valueName\":\"search_term_string\"}}],\"inLanguage\":\"en-US\"},{\"@type\":\"Organization\",\"@id\":\"https:\\\/\\\/leregardlibre.com\\\/#organization\",\"name\":\"Le Regard Libre\",\"url\":\"https:\\\/\\\/leregardlibre.com\\\/\",\"logo\":{\"@type\":\"ImageObject\",\"inLanguage\":\"en-US\",\"@id\":\"https:\\\/\\\/leregardlibre.com\\\/#\\\/schema\\\/logo\\\/image\\\/\",\"url\":\"https:\\\/\\\/leregardlibre.com\\\/wp-content\\\/uploads\\\/2025\\\/08\\\/logo-rl-icone-neg.jpeg\",\"contentUrl\":\"https:\\\/\\\/leregardlibre.com\\\/wp-content\\\/uploads\\\/2025\\\/08\\\/logo-rl-icone-neg.jpeg\",\"width\":557,\"height\":556,\"caption\":\"Le Regard Libre\"},\"image\":{\"@id\":\"https:\\\/\\\/leregardlibre.com\\\/#\\\/schema\\\/logo\\\/image\\\/\"},\"sameAs\":[\"https:\\\/\\\/www.facebook.com\\\/leregardlibre\\\/\",\"https:\\\/\\\/x.com\\\/LeRegardLibre\",\"https:\\\/\\\/www.linkedin.com\\\/company\\\/le-regard-libre\",\"https:\\\/\\\/www.instagram.com\\\/leregardlibre\\\/\",\"http:\\\/\\\/t.me\\\/leregardlibre\",\"https:\\\/\\\/youtube.com\\\/channel\\\/UC6HzGPomj1LsUmlz-sJtITQ\"],\"description\":\"Le Regard Libre est un mensuel suisse de d\u00e9bat intellectuel et culturel. Sa r\u00e9daction est jeune, b\u00e9n\u00e9vole, lib\u00e9rale et pluraliste. Le magazine para\u00eet en ligne et sous forme papier. Sa langue est le fran\u00e7ais.\",\"email\":\"redaction@leregardlibre.com\",\"legalName\":\"Le Regard Libre\",\"foundingDate\":\"2014-01-01\",\"numberOfEmployees\":{\"@type\":\"QuantitativeValue\",\"minValue\":\"11\",\"maxValue\":\"50\"},\"publishingPrinciples\":\"https:\\\/\\\/leregardlibre.com\\\/a-propos\\\/notre-manifeste\\\/\",\"ownershipFundingInfo\":\"https:\\\/\\\/leregardlibre.com\\\/mentions-legales\\\/\",\"actionableFeedbackPolicy\":\"https:\\\/\\\/leregardlibre.com\\\/conditions-generales-de-vente\\\/\"}]}<\/script>\n<!-- \/ Yoast SEO Premium plugin. -->","yoast_head_json":{"title":"Le Regard Libre N\u00ba89 | Dossier END OF THE WORLD","description":"Le Regard Libre monthly, October 2022 issue (N\u00b0 89): feature on the END OF THE WORLD. Contents and order","robots":{"index":"index","follow":"follow","max-snippet":"max-snippet:-1","max-image-preview":"max-image-preview:large","max-video-preview":"max-video-preview:-1"},"canonical":"https:\/\/leregardlibre.com\/en\/product\/le-regard-libre-no89-dossier-end-of-the-world\/","og_locale":"en_US","og_type":"article","og_title":"Le Regard Libre N\u00ba89 | Dossier FIN DU MONDE","og_description":"Mensuel Le Regard Libre, \u00e9dition d'octobre 2022 (N\u00b0\u00a089): dossier FIN DU MONDE. Sommaire et commande","og_url":"https:\/\/leregardlibre.com\/en\/product\/le-regard-libre-no89-dossier-end-of-the-world\/","og_site_name":"Le Regard Libre","article_publisher":"https:\/\/www.facebook.com\/leregardlibre\/","article_modified_time":"2025-06-02T19:39:46+00:00","og_image":[{"width":724,"height":1024,"url":"https:\/\/leregardlibre.com\/wp-content\/uploads\/2022\/10\/une-le-regard-libre-n89-e1664660880248-724x1024.jpg","type":"image\/jpeg"}],"twitter_card":"summary_large_image","twitter_site":"@LeRegardLibre","twitter_misc":{"Est. reading time":"2 minutes"},"schema":{"@context":"https:\/\/schema.org","@graph":[{"@type":"WebPage","@id":"https:\/\/leregardlibre.com\/produit\/le-regard-libre-no89-dossier-fin-du-monde\/","url":"https:\/\/leregardlibre.com\/produit\/le-regard-libre-no89-dossier-fin-du-monde\/","name":"Le Regard Libre N\u00ba89 | Dossier END OF THE WORLD","isPartOf":{"@id":"https:\/\/leregardlibre.com\/#website"},"primaryImageOfPage":{"@id":"https:\/\/leregardlibre.com\/produit\/le-regard-libre-no89-dossier-fin-du-monde\/#primaryimage"},"image":{"@id":"https:\/\/leregardlibre.com\/produit\/le-regard-libre-no89-dossier-fin-du-monde\/#primaryimage"},"thumbnailUrl":"https:\/\/leregardlibre.com\/wp-content\/uploads\/2022\/10\/une-le-regard-libre-n89-e1664660880248.jpg","datePublished":"2022-10-01T21:43:12+00:00","dateModified":"2025-06-02T19:39:46+00:00","description":"Le Regard Libre monthly, October 2022 issue (N\u00b0 89): feature on the END OF THE WORLD. Contents and order","breadcrumb":{"@id":"https:\/\/leregardlibre.com\/produit\/le-regard-libre-no89-dossier-fin-du-monde\/#breadcrumb"},"inLanguage":"en-US","potentialAction":[{"@type":"ReadAction","target":["https:\/\/leregardlibre.com\/produit\/le-regard-libre-no89-dossier-fin-du-monde\/"]}]},{"@type":"ImageObject","inLanguage":"en-US","@id":"https:\/\/leregardlibre.com\/produit\/le-regard-libre-no89-dossier-fin-du-monde\/#primaryimage","url":"https:\/\/leregardlibre.com\/wp-content\/uploads\/2022\/10\/une-le-regard-libre-n89-e1664660880248.jpg","contentUrl":"https:\/\/leregardlibre.com\/wp-content\/uploads\/2022\/10\/une-le-regard-libre-n89-e1664660880248.jpg","width":1358,"height":1920,"caption":"Une Le Regard Libre N\u00b089 | Dossier FIN DU MONDE"},{"@type":"BreadcrumbList","@id":"https:\/\/leregardlibre.com\/produit\/le-regard-libre-no89-dossier-fin-du-monde\/#breadcrumb","itemListElement":[{"@type":"ListItem","position":1,"name":"Accueil","item":"https:\/\/leregardlibre.com\/"},{"@type":"ListItem","position":2,"name":"Boutique","item":"https:\/\/leregardlibre.com\/boutique\/"},{"@type":"ListItem","position":3,"name":"Le Regard Libre N\u00ba89 | Dossier FIN DU MONDE"}]},{"@type":"WebSite","@id":"https:\/\/leregardlibre.com\/#website","url":"https:\/\/leregardlibre.com\/","name":"Le Regard Libre","description":"Switzerland's first monthly debate magazine","publisher":{"@id":"https:\/\/leregardlibre.com\/#organization"},"potentialAction":[{"@type":"SearchAction","target":{"@type":"EntryPoint","urlTemplate":"https:\/\/leregardlibre.com\/?s={search_term_string}"},"query-input":{"@type":"PropertyValueSpecification","valueRequired":true,"valueName":"search_term_string"}}],"inLanguage":"en-US"},{"@type":"Organization","@id":"https:\/\/leregardlibre.com\/#organization","name":"Le Regard Libre","url":"https:\/\/leregardlibre.com\/","logo":{"@type":"ImageObject","inLanguage":"en-US","@id":"https:\/\/leregardlibre.com\/#\/schema\/logo\/image\/","url":"https:\/\/leregardlibre.com\/wp-content\/uploads\/2025\/08\/logo-rl-icone-neg.jpeg","contentUrl":"https:\/\/leregardlibre.com\/wp-content\/uploads\/2025\/08\/logo-rl-icone-neg.jpeg","width":557,"height":556,"caption":"Le Regard Libre"},"image":{"@id":"https:\/\/leregardlibre.com\/#\/schema\/logo\/image\/"},"sameAs":["https:\/\/www.facebook.com\/leregardlibre\/","https:\/\/x.com\/LeRegardLibre","https:\/\/www.linkedin.com\/company\/le-regard-libre","https:\/\/www.instagram.com\/leregardlibre\/","http:\/\/t.me\/leregardlibre","https:\/\/youtube.com\/channel\/UC6HzGPomj1LsUmlz-sJtITQ"],"description":"Le Regard Libre is a Swiss monthly magazine for intellectual and cultural debate. Its editorial team is young, voluntary, liberal and pluralist. The magazine appears online and in print. Its language is French.","email":"redaction@leregardlibre.com","legalName":"Le Regard Libre","foundingDate":"2014-01-01","numberOfEmployees":{"@type":"QuantitativeValue","minValue":"11","maxValue":"50"},"publishingPrinciples":"https:\/\/leregardlibre.com\/a-propos\/notre-manifeste\/","ownershipFundingInfo":"https:\/\/leregardlibre.com\/mentions-legales\/","actionableFeedbackPolicy":"https:\/\/leregardlibre.com\/conditions-generales-de-vente\/"}]}},"_links":{"self":[{"href":"https:\/\/leregardlibre.com\/en\/wp-json\/wp\/v2\/product\/512696","targetHints":{"allow":["GET"]}}],"collection":[{"href":"https:\/\/leregardlibre.com\/en\/wp-json\/wp\/v2\/product"}],"about":[{"href":"https:\/\/leregardlibre.com\/en\/wp-json\/wp\/v2\/types\/product"}],"replies":[{"embeddable":true,"href":"https:\/\/leregardlibre.com\/en\/wp-json\/wp\/v2\/comments?post=512696"}],"wp:featuredmedia":[{"embeddable":true,"href":"https:\/\/leregardlibre.com\/en\/wp-json\/wp\/v2\/media\/512699"}],"wp:attachment":[{"href":"https:\/\/leregardlibre.com\/en\/wp-json\/wp\/v2\/media?parent=512696"}],"wp:term":[{"taxonomy":"product_brand","embeddable":true,"href":"https:\/\/leregardlibre.com\/en\/wp-json\/wp\/v2\/product_brand?post=512696"},{"taxonomy":"product_cat","embeddable":true,"href":"https:\/\/leregardlibre.com\/en\/wp-json\/wp\/v2\/product_cat?post=512696"},{"taxonomy":"product_tag","embeddable":true,"href":"https:\/\/leregardlibre.com\/en\/wp-json\/wp\/v2\/product_tag?post=512696"}],"curies":[{"name":"wp","href":"https:\/\/api.w.org\/{rel}","templated":true}]}}