{"id":514171,"date":"2022-11-27T11:05:08","date_gmt":"2022-11-27T10:05:08","guid":{"rendered":"https:\/\/leregardlibre.com\/?post_type=product&#038;p=514171"},"modified":"2024-07-11T11:57:37","modified_gmt":"2024-07-11T09:57:37","slug":"le-regard-libre-no91-dossier-mensonge","status":"publish","type":"product","link":"https:\/\/leregardlibre.com\/en\/product\/le-regard-libre-no91-dossier-mensonge\/","title":{"rendered":"Le Regard Libre N\u00ba91 | Dossier MENSONGE"},"content":{"rendered":"<p><em>Le Regard Libre<\/em> N\u00b0 91 | Dossier MENSONGE<br \/>\nPaper copy<br \/>\nDecember 2022 edition<br \/>\nChic paper magazine format (68 pages)<\/p>\n<hr \/>\n<p><strong>CONTENTS:<\/strong><\/p>\n<p class=\"p1\"><b>05 <\/b>| Editorial: There can be no lie if there is no truth<br \/>\n<b>07 <\/b>| Pascal Couchepin's reading: <i>Apocalypses<br \/>\n<\/i><b>09 <\/b>| Validity or credibility in the humanities?<br \/>\n<b>10 <\/b>| Fighting in a dictatorship<br \/>\n<b>12 <\/b>| Karl Kraus, infrequent and visionary (episode 1\/3)<br \/>\n<b>16 <\/b>| The EU: beauty in cowardice, joy in denial<\/p>\n<p class=\"p3\"><b>Dossier: The lie<br \/>\n<\/b><b>22 <\/b>Myret Zaki: \u00abBeware of those who claim to be neutral\u00bb.\u00bb<br \/>\n<b>28 <\/b>| The lie, a player in history<br \/>\n<b>31 <\/b>| Shameless lies<br \/>\n<b>32 <\/b>Is it ethical to lie? The Kant-Constant controversy<br \/>\n<b>34 <\/b>| Iraq: when intoxication forced war<br \/>\n<b>36 <\/b>| Can lying endanger the state?<br \/>\n<b>38 <\/b>| Monica Sabolo, the secret as true lie<\/p>\n<p class=\"p3\"><b>Cultural news<\/b><\/p>\n<p class=\"p1\"><b>42 <\/b>The Purple Biennial against the universality of artworks<br \/>\n<b>44 <\/b>| A manifesto for diversity in literature<br \/>\n<b>46 <\/b>| The new must-have regional thriller in French-speaking Switzerland<br \/>\n<b>47 <\/b>| The torments of the superman<br \/>\n<b>48 <\/b>| <span class=\"s1\">Roger Federer in your album, what a surprisingly obvious choice, Serge Lama<\/span><\/p>\n<p class=\"p4\"><b>End of magazine events<br \/>\n<\/b><b>50 <\/b>| Sport: How France's Grand-Est is preparing for the Paris Olympics<br \/>\n<b>56 <\/b>| Bernard L\u00e9chot's photo essay: At the heart of music<br \/>\n<b>62 <\/b>| <i>The return<\/i>, Elliot Mazzella's novel (episode 11\/15)<br \/>\n<b>66 <\/b>| Subscription stub and sponsorship form<br \/>\n<b>67 <\/b>| Impressum<br \/>\n<b>68 <\/b>| Quotes<\/p>\n<p><a href=\"https:\/\/leregardlibre.com\/en\/cpt-editions\/the-90-clear-view\/\"><em>Back to previous edition<\/em><\/a><\/p>","protected":false},"excerpt":{"rendered":"<p>Le Regard Libre N\u00b0 91 | Dossier MENSONGE Exemplaire papier Edition de d\u00e9cembre 2022 Format magazine papier chic (68 pages)&#8230;<\/p>","protected":false},"featured_media":514174,"comment_status":"open","ping_status":"closed","template":"","meta":{"_acf_changed":false},"product_brand":[],"product_cat":[644340392],"product_tag":[],"class_list":{"0":"post-514171","1":"product","2":"type-product","3":"status-publish","4":"has-post-thumbnail","6":"product_cat-numeros","8":"first","9":"instock","10":"shipping-taxable","11":"purchasable","12":"product-type-variable"},"acf":[],"yoast_head":"<!-- This site is optimized with the Yoast SEO Premium plugin v27.4 (Yoast SEO v27.4) - https:\/\/yoast.com\/product\/yoast-seo-premium-wordpress\/ -->\n<title>Le Regard Libre N\u00ba91 | Dossier MENSONGE<\/title>\n<meta name=\"description\" content=\"Mensuel Le Regard Libre, \u00e9dition de d\u00e9cembre 2022 (N\u00b0\u00a091): dossier sp\u00e9cial consacr\u00e9 au MENSONGE. Sommaire et commande du num\u00e9ro\" \/>\n<meta name=\"robots\" content=\"index, follow, max-snippet:-1, max-image-preview:large, max-video-preview:-1\" \/>\n<link rel=\"canonical\" href=\"https:\/\/leregardlibre.com\/en\/product\/le-regard-libre-no91-dossier-mensonge\/\" \/>\n<meta property=\"og:locale\" content=\"en_US\" \/>\n<meta property=\"og:type\" content=\"article\" \/>\n<meta property=\"og:title\" content=\"Le Regard Libre N\u00ba91 | Dossier MENSONGE\" \/>\n<meta property=\"og:description\" content=\"Mensuel Le Regard Libre, \u00e9dition de d\u00e9cembre 2022 (N\u00b0\u00a091): dossier sp\u00e9cial consacr\u00e9 au MENSONGE. Sommaire et commande du num\u00e9ro\" \/>\n<meta property=\"og:url\" content=\"https:\/\/leregardlibre.com\/en\/product\/le-regard-libre-no91-dossier-mensonge\/\" \/>\n<meta property=\"og:site_name\" content=\"Le Regard Libre\" \/>\n<meta property=\"article:publisher\" content=\"https:\/\/www.facebook.com\/leregardlibre\/\" \/>\n<meta property=\"article:modified_time\" content=\"2024-07-11T09:57:37+00:00\" \/>\n<meta property=\"og:image\" content=\"https:\/\/leregardlibre.com\/wp-content\/uploads\/2022\/11\/une-rl-n-91-e1669551768197-724x1024.jpg\" \/>\n\t<meta property=\"og:image:width\" content=\"724\" \/>\n\t<meta property=\"og:image:height\" content=\"1024\" \/>\n\t<meta property=\"og:image:type\" content=\"image\/jpeg\" \/>\n<meta name=\"twitter:card\" content=\"summary_large_image\" \/>\n<meta name=\"twitter:site\" content=\"@LeRegardLibre\" \/>\n<meta name=\"twitter:label1\" content=\"Est. reading time\" \/>\n\t<meta name=\"twitter:data1\" content=\"2 minutes\" \/>\n<script type=\"application\/ld+json\" class=\"yoast-schema-graph\">{\"@context\":\"https:\\\/\\\/schema.org\",\"@graph\":[{\"@type\":\"WebPage\",\"@id\":\"https:\\\/\\\/leregardlibre.com\\\/produit\\\/le-regard-libre-no91-dossier-mensonge\\\/\",\"url\":\"https:\\\/\\\/leregardlibre.com\\\/produit\\\/le-regard-libre-no91-dossier-mensonge\\\/\",\"name\":\"Le Regard Libre N\u00ba91 | Dossier MENSONGE\",\"isPartOf\":{\"@id\":\"https:\\\/\\\/leregardlibre.com\\\/#website\"},\"primaryImageOfPage\":{\"@id\":\"https:\\\/\\\/leregardlibre.com\\\/produit\\\/le-regard-libre-no91-dossier-mensonge\\\/#primaryimage\"},\"image\":{\"@id\":\"https:\\\/\\\/leregardlibre.com\\\/produit\\\/le-regard-libre-no91-dossier-mensonge\\\/#primaryimage\"},\"thumbnailUrl\":\"https:\\\/\\\/leregardlibre.com\\\/wp-content\\\/uploads\\\/2022\\\/11\\\/une-rl-n-91-e1669551768197.jpg\",\"datePublished\":\"2022-11-27T10:05:08+00:00\",\"dateModified\":\"2024-07-11T09:57:37+00:00\",\"description\":\"Mensuel Le Regard Libre, \u00e9dition de d\u00e9cembre 2022 (N\u00b0\u00a091): dossier sp\u00e9cial consacr\u00e9 au MENSONGE. Sommaire et commande du num\u00e9ro\",\"breadcrumb\":{\"@id\":\"https:\\\/\\\/leregardlibre.com\\\/produit\\\/le-regard-libre-no91-dossier-mensonge\\\/#breadcrumb\"},\"inLanguage\":\"en-US\",\"potentialAction\":[{\"@type\":\"ReadAction\",\"target\":[\"https:\\\/\\\/leregardlibre.com\\\/produit\\\/le-regard-libre-no91-dossier-mensonge\\\/\"]}]},{\"@type\":\"ImageObject\",\"inLanguage\":\"en-US\",\"@id\":\"https:\\\/\\\/leregardlibre.com\\\/produit\\\/le-regard-libre-no91-dossier-mensonge\\\/#primaryimage\",\"url\":\"https:\\\/\\\/leregardlibre.com\\\/wp-content\\\/uploads\\\/2022\\\/11\\\/une-rl-n-91-e1669551768197.jpg\",\"contentUrl\":\"https:\\\/\\\/leregardlibre.com\\\/wp-content\\\/uploads\\\/2022\\\/11\\\/une-rl-n-91-e1669551768197.jpg\",\"width\":1357,\"height\":1920,\"caption\":\"le regard libre dossier mensonge\"},{\"@type\":\"BreadcrumbList\",\"@id\":\"https:\\\/\\\/leregardlibre.com\\\/produit\\\/le-regard-libre-no91-dossier-mensonge\\\/#breadcrumb\",\"itemListElement\":[{\"@type\":\"ListItem\",\"position\":1,\"name\":\"Accueil\",\"item\":\"https:\\\/\\\/leregardlibre.com\\\/\"},{\"@type\":\"ListItem\",\"position\":2,\"name\":\"Boutique\",\"item\":\"https:\\\/\\\/leregardlibre.com\\\/boutique\\\/\"},{\"@type\":\"ListItem\",\"position\":3,\"name\":\"Le Regard Libre N\u00ba91 | Dossier MENSONGE\"}]},{\"@type\":\"WebSite\",\"@id\":\"https:\\\/\\\/leregardlibre.com\\\/#website\",\"url\":\"https:\\\/\\\/leregardlibre.com\\\/\",\"name\":\"Le Regard Libre\",\"description\":\"Premier mensuel suisse de d\u00e9bat\",\"publisher\":{\"@id\":\"https:\\\/\\\/leregardlibre.com\\\/#organization\"},\"potentialAction\":[{\"@type\":\"SearchAction\",\"target\":{\"@type\":\"EntryPoint\",\"urlTemplate\":\"https:\\\/\\\/leregardlibre.com\\\/?s={search_term_string}\"},\"query-input\":{\"@type\":\"PropertyValueSpecification\",\"valueRequired\":true,\"valueName\":\"search_term_string\"}}],\"inLanguage\":\"en-US\"},{\"@type\":\"Organization\",\"@id\":\"https:\\\/\\\/leregardlibre.com\\\/#organization\",\"name\":\"Le Regard Libre\",\"url\":\"https:\\\/\\\/leregardlibre.com\\\/\",\"logo\":{\"@type\":\"ImageObject\",\"inLanguage\":\"en-US\",\"@id\":\"https:\\\/\\\/leregardlibre.com\\\/#\\\/schema\\\/logo\\\/image\\\/\",\"url\":\"https:\\\/\\\/leregardlibre.com\\\/wp-content\\\/uploads\\\/2025\\\/08\\\/logo-rl-icone-neg.jpeg\",\"contentUrl\":\"https:\\\/\\\/leregardlibre.com\\\/wp-content\\\/uploads\\\/2025\\\/08\\\/logo-rl-icone-neg.jpeg\",\"width\":557,\"height\":556,\"caption\":\"Le Regard Libre\"},\"image\":{\"@id\":\"https:\\\/\\\/leregardlibre.com\\\/#\\\/schema\\\/logo\\\/image\\\/\"},\"sameAs\":[\"https:\\\/\\\/www.facebook.com\\\/leregardlibre\\\/\",\"https:\\\/\\\/x.com\\\/LeRegardLibre\",\"https:\\\/\\\/www.linkedin.com\\\/company\\\/le-regard-libre\",\"https:\\\/\\\/www.instagram.com\\\/leregardlibre\\\/\",\"http:\\\/\\\/t.me\\\/leregardlibre\",\"https:\\\/\\\/youtube.com\\\/channel\\\/UC6HzGPomj1LsUmlz-sJtITQ\"],\"description\":\"Le Regard Libre est un mensuel suisse de d\u00e9bat intellectuel et culturel. Sa r\u00e9daction est jeune, b\u00e9n\u00e9vole, lib\u00e9rale et pluraliste. Le magazine para\u00eet en ligne et sous forme papier. Sa langue est le fran\u00e7ais.\",\"email\":\"redaction@leregardlibre.com\",\"legalName\":\"Le Regard Libre\",\"foundingDate\":\"2014-01-01\",\"numberOfEmployees\":{\"@type\":\"QuantitativeValue\",\"minValue\":\"11\",\"maxValue\":\"50\"},\"publishingPrinciples\":\"https:\\\/\\\/leregardlibre.com\\\/a-propos\\\/notre-manifeste\\\/\",\"ownershipFundingInfo\":\"https:\\\/\\\/leregardlibre.com\\\/mentions-legales\\\/\",\"actionableFeedbackPolicy\":\"https:\\\/\\\/leregardlibre.com\\\/conditions-generales-de-vente\\\/\"}]}<\/script>\n<!-- \/ Yoast SEO Premium plugin. -->","yoast_head_json":{"title":"Le Regard Libre N\u00ba91 | Dossier MENSONGE","description":"Le Regard Libre monthly, December 2022 issue (N\u00b0 91): special report on LIES. Contents and how to order","robots":{"index":"index","follow":"follow","max-snippet":"max-snippet:-1","max-image-preview":"max-image-preview:large","max-video-preview":"max-video-preview:-1"},"canonical":"https:\/\/leregardlibre.com\/en\/product\/le-regard-libre-no91-dossier-mensonge\/","og_locale":"en_US","og_type":"article","og_title":"Le Regard Libre N\u00ba91 | Dossier MENSONGE","og_description":"Mensuel Le Regard Libre, \u00e9dition de d\u00e9cembre 2022 (N\u00b0\u00a091): dossier sp\u00e9cial consacr\u00e9 au MENSONGE. Sommaire et commande du num\u00e9ro","og_url":"https:\/\/leregardlibre.com\/en\/product\/le-regard-libre-no91-dossier-mensonge\/","og_site_name":"Le Regard Libre","article_publisher":"https:\/\/www.facebook.com\/leregardlibre\/","article_modified_time":"2024-07-11T09:57:37+00:00","og_image":[{"width":724,"height":1024,"url":"https:\/\/leregardlibre.com\/wp-content\/uploads\/2022\/11\/une-rl-n-91-e1669551768197-724x1024.jpg","type":"image\/jpeg"}],"twitter_card":"summary_large_image","twitter_site":"@LeRegardLibre","twitter_misc":{"Est. reading time":"2 minutes"},"schema":{"@context":"https:\/\/schema.org","@graph":[{"@type":"WebPage","@id":"https:\/\/leregardlibre.com\/produit\/le-regard-libre-no91-dossier-mensonge\/","url":"https:\/\/leregardlibre.com\/produit\/le-regard-libre-no91-dossier-mensonge\/","name":"Le Regard Libre N\u00ba91 | Dossier MENSONGE","isPartOf":{"@id":"https:\/\/leregardlibre.com\/#website"},"primaryImageOfPage":{"@id":"https:\/\/leregardlibre.com\/produit\/le-regard-libre-no91-dossier-mensonge\/#primaryimage"},"image":{"@id":"https:\/\/leregardlibre.com\/produit\/le-regard-libre-no91-dossier-mensonge\/#primaryimage"},"thumbnailUrl":"https:\/\/leregardlibre.com\/wp-content\/uploads\/2022\/11\/une-rl-n-91-e1669551768197.jpg","datePublished":"2022-11-27T10:05:08+00:00","dateModified":"2024-07-11T09:57:37+00:00","description":"Le Regard Libre monthly, December 2022 issue (N\u00b0 91): special report on LIES. Contents and how to order","breadcrumb":{"@id":"https:\/\/leregardlibre.com\/produit\/le-regard-libre-no91-dossier-mensonge\/#breadcrumb"},"inLanguage":"en-US","potentialAction":[{"@type":"ReadAction","target":["https:\/\/leregardlibre.com\/produit\/le-regard-libre-no91-dossier-mensonge\/"]}]},{"@type":"ImageObject","inLanguage":"en-US","@id":"https:\/\/leregardlibre.com\/produit\/le-regard-libre-no91-dossier-mensonge\/#primaryimage","url":"https:\/\/leregardlibre.com\/wp-content\/uploads\/2022\/11\/une-rl-n-91-e1669551768197.jpg","contentUrl":"https:\/\/leregardlibre.com\/wp-content\/uploads\/2022\/11\/une-rl-n-91-e1669551768197.jpg","width":1357,"height":1920,"caption":"le regard libre dossier mensonge"},{"@type":"BreadcrumbList","@id":"https:\/\/leregardlibre.com\/produit\/le-regard-libre-no91-dossier-mensonge\/#breadcrumb","itemListElement":[{"@type":"ListItem","position":1,"name":"Accueil","item":"https:\/\/leregardlibre.com\/"},{"@type":"ListItem","position":2,"name":"Boutique","item":"https:\/\/leregardlibre.com\/boutique\/"},{"@type":"ListItem","position":3,"name":"Le Regard Libre N\u00ba91 | Dossier MENSONGE"}]},{"@type":"WebSite","@id":"https:\/\/leregardlibre.com\/#website","url":"https:\/\/leregardlibre.com\/","name":"Le Regard Libre","description":"Switzerland's first monthly debate magazine","publisher":{"@id":"https:\/\/leregardlibre.com\/#organization"},"potentialAction":[{"@type":"SearchAction","target":{"@type":"EntryPoint","urlTemplate":"https:\/\/leregardlibre.com\/?s={search_term_string}"},"query-input":{"@type":"PropertyValueSpecification","valueRequired":true,"valueName":"search_term_string"}}],"inLanguage":"en-US"},{"@type":"Organization","@id":"https:\/\/leregardlibre.com\/#organization","name":"Le Regard Libre","url":"https:\/\/leregardlibre.com\/","logo":{"@type":"ImageObject","inLanguage":"en-US","@id":"https:\/\/leregardlibre.com\/#\/schema\/logo\/image\/","url":"https:\/\/leregardlibre.com\/wp-content\/uploads\/2025\/08\/logo-rl-icone-neg.jpeg","contentUrl":"https:\/\/leregardlibre.com\/wp-content\/uploads\/2025\/08\/logo-rl-icone-neg.jpeg","width":557,"height":556,"caption":"Le Regard Libre"},"image":{"@id":"https:\/\/leregardlibre.com\/#\/schema\/logo\/image\/"},"sameAs":["https:\/\/www.facebook.com\/leregardlibre\/","https:\/\/x.com\/LeRegardLibre","https:\/\/www.linkedin.com\/company\/le-regard-libre","https:\/\/www.instagram.com\/leregardlibre\/","http:\/\/t.me\/leregardlibre","https:\/\/youtube.com\/channel\/UC6HzGPomj1LsUmlz-sJtITQ"],"description":"Le Regard Libre is a Swiss monthly magazine for intellectual and cultural debate. Its editorial team is young, voluntary, liberal and pluralist. The magazine appears online and in print. Its language is French.","email":"redaction@leregardlibre.com","legalName":"Le Regard Libre","foundingDate":"2014-01-01","numberOfEmployees":{"@type":"QuantitativeValue","minValue":"11","maxValue":"50"},"publishingPrinciples":"https:\/\/leregardlibre.com\/a-propos\/notre-manifeste\/","ownershipFundingInfo":"https:\/\/leregardlibre.com\/mentions-legales\/","actionableFeedbackPolicy":"https:\/\/leregardlibre.com\/conditions-generales-de-vente\/"}]}},"_links":{"self":[{"href":"https:\/\/leregardlibre.com\/en\/wp-json\/wp\/v2\/product\/514171","targetHints":{"allow":["GET"]}}],"collection":[{"href":"https:\/\/leregardlibre.com\/en\/wp-json\/wp\/v2\/product"}],"about":[{"href":"https:\/\/leregardlibre.com\/en\/wp-json\/wp\/v2\/types\/product"}],"replies":[{"embeddable":true,"href":"https:\/\/leregardlibre.com\/en\/wp-json\/wp\/v2\/comments?post=514171"}],"wp:featuredmedia":[{"embeddable":true,"href":"https:\/\/leregardlibre.com\/en\/wp-json\/wp\/v2\/media\/514174"}],"wp:attachment":[{"href":"https:\/\/leregardlibre.com\/en\/wp-json\/wp\/v2\/media?parent=514171"}],"wp:term":[{"taxonomy":"product_brand","embeddable":true,"href":"https:\/\/leregardlibre.com\/en\/wp-json\/wp\/v2\/product_brand?post=514171"},{"taxonomy":"product_cat","embeddable":true,"href":"https:\/\/leregardlibre.com\/en\/wp-json\/wp\/v2\/product_cat?post=514171"},{"taxonomy":"product_tag","embeddable":true,"href":"https:\/\/leregardlibre.com\/en\/wp-json\/wp\/v2\/product_tag?post=514171"}],"curies":[{"name":"wp","href":"https:\/\/api.w.org\/{rel}","templated":true}]}}