{"id":521566,"date":"2023-12-24T11:35:23","date_gmt":"2023-12-24T10:35:23","guid":{"rendered":"https:\/\/leregardlibre.com\/?post_type=product&#038;p=521566"},"modified":"2024-09-29T14:13:10","modified_gmt":"2024-09-29T12:13:10","slug":"le-regard-libre-n101-dossier-monde-rural","status":"publish","type":"product","link":"https:\/\/leregardlibre.com\/en\/product\/le-regard-libre-n101-dossier-monde-rural\/","title":{"rendered":"Le Regard Libre N\u00b0102 | Dossier MONDE RURAL"},"content":{"rendered":"<p><em>Le Regard Libre<\/em> N\u00b0102 | Dossier RURAL WORLD<br \/>\nPaper copy<br \/>\nDecember 2023 edition<br \/>\nChic paper magazine format<\/p>\n<hr \/>\n<p class=\"p1\"><strong>05<\/strong><b> <\/b>| Editorial: The extreme right, an overused concept<br \/>\n<strong>07<\/strong><b> <\/b>| Pascal Couchepin's reading: <i>The Wager castaways<br \/>\n<\/i><strong>09<\/strong><b> <\/b>| In a few words: Javier Milei and Milan Kundera<br \/>\n<strong>10<\/strong> The assertion of Japanese military power in South Asia<br \/>\n<b>12 <\/b>| Stefan Zweig, episode 3\/3: For a world in color<br \/>\n<b>16 <\/b>The \u00abgreat convergence\u00bb: global equality and its drawbacks<\/p>\n<p class=\"p2\"><strong>Feature: The rural world<\/strong><br \/>\n<strong>28<\/strong> Michael Hermann: \u00abThe countryside feels infantilized by the cities\u00bb.\u00bb<br \/>\n<strong>38<\/strong> Jean-Claude Mich\u00e9a, a country philosopher<br \/>\n<strong>40<\/strong> The center-periphery divide: Switzerland's eternal problem<br \/>\n<strong>41<\/strong> | Locals who have to put up with off-road cyclists<br \/>\n<strong>42<\/strong> | Pierric Bailly, lands of fascination<br \/>\n<strong>44<\/strong> | Two more nuggets of contemporary rural literature<br \/>\n<strong>46<\/strong> | Bernard L\u00e9chot's photo essay: <i>Cattle International<\/i><\/p>\n<p class=\"p2\"><strong>Cultural news<\/strong><br \/>\n<b>54<\/b> Caspar David Friedrich, the brush of philosophical Romanticism<br \/>\n<b>58<\/b> | Freedmen among the Osages<br \/>\n<b>60<\/b> | <i>Panorama<\/i>, the nightmare of transparency<br \/>\n<b>61<\/b> | Tribolet's tribulations<br \/>\n<b>62<\/b> | Florent Oiseau, vicissitudes without weariness<br \/>\n<b>64<\/b> | From January 2024, a new novel in the <i>Le Regard Libre<\/i><\/p>\n<p class=\"p2\"><strong>66<\/strong><b> <\/b>| Subscription stub and sponsorship form<br \/>\n<strong>67<\/strong> | Impressum<br \/>\n<strong>68<\/strong> | Quotes<\/p>\n<p class=\"p1\"><a href=\"https:\/\/leregardlibre.com\/en\/cpt-editions\/le-regard-libre-n101-dossier-communautes\/\"><em>Back to previous edition<\/em><\/a><\/p>","protected":false},"excerpt":{"rendered":"<p>Le Regard Libre N\u00b0102 | Dossier MONDE RURAL Exemplaire papier Edition de d\u00e9cembre 2023 Format magazine papier chic 05 |&#8230;<\/p>","protected":false},"featured_media":521569,"comment_status":"open","ping_status":"closed","template":"","meta":{"_acf_changed":false},"product_brand":[],"product_cat":[644340392],"product_tag":[],"class_list":{"0":"post-521566","1":"product","2":"type-product","3":"status-publish","4":"has-post-thumbnail","6":"product_cat-numeros","8":"first","9":"instock","10":"shipping-taxable","11":"purchasable","12":"product-type-variable"},"acf":[],"yoast_head":"<!-- This site is optimized with the Yoast SEO Premium plugin v26.9 (Yoast SEO v26.9) - https:\/\/yoast.com\/product\/yoast-seo-premium-wordpress\/ -->\n<title>Le Regard Libre N\u00b0102 | Dossier MONDE RURAL<\/title>\n<meta name=\"robots\" content=\"index, follow, max-snippet:-1, max-image-preview:large, max-video-preview:-1\" \/>\n<link rel=\"canonical\" href=\"https:\/\/leregardlibre.com\/en\/product\/le-regard-libre-n101-dossier-monde-rural\/\" \/>\n<meta property=\"og:locale\" content=\"en_US\" \/>\n<meta property=\"og:type\" content=\"article\" \/>\n<meta property=\"og:title\" content=\"Le Regard Libre N\u00b0102 | Dossier MONDE RURAL\" \/>\n<meta property=\"og:description\" content=\"Le Regard Libre N\u00b0102 | Dossier MONDE RURAL Exemplaire papier Edition de d\u00e9cembre 2023 Format magazine papier chic 05 |...\" \/>\n<meta property=\"og:url\" content=\"https:\/\/leregardlibre.com\/en\/product\/le-regard-libre-n101-dossier-monde-rural\/\" \/>\n<meta property=\"og:site_name\" content=\"Le Regard Libre\" \/>\n<meta property=\"article:publisher\" content=\"https:\/\/www.facebook.com\/leregardlibre\/\" \/>\n<meta property=\"article:modified_time\" content=\"2024-09-29T12:13:10+00:00\" \/>\n<meta property=\"og:image\" content=\"https:\/\/leregardlibre.com\/wp-content\/uploads\/2023\/12\/une-le-regard-libre-n102-724x1024.jpg\" \/>\n\t<meta property=\"og:image:width\" content=\"724\" \/>\n\t<meta property=\"og:image:height\" content=\"1024\" \/>\n\t<meta property=\"og:image:type\" content=\"image\/jpeg\" \/>\n<meta name=\"twitter:card\" content=\"summary_large_image\" \/>\n<meta name=\"twitter:site\" content=\"@LeRegardLibre\" \/>\n<meta name=\"twitter:label1\" content=\"Est. reading time\" \/>\n\t<meta name=\"twitter:data1\" content=\"2 minutes\" \/>\n<script type=\"application\/ld+json\" class=\"yoast-schema-graph\">{\"@context\":\"https:\/\/schema.org\",\"@graph\":[{\"@type\":\"WebPage\",\"@id\":\"https:\/\/leregardlibre.com\/produit\/le-regard-libre-n101-dossier-monde-rural\/\",\"url\":\"https:\/\/leregardlibre.com\/produit\/le-regard-libre-n101-dossier-monde-rural\/\",\"name\":\"Le Regard Libre N\u00b0102 | Dossier MONDE RURAL\",\"isPartOf\":{\"@id\":\"https:\/\/leregardlibre.com\/#website\"},\"primaryImageOfPage\":{\"@id\":\"https:\/\/leregardlibre.com\/produit\/le-regard-libre-n101-dossier-monde-rural\/#primaryimage\"},\"image\":{\"@id\":\"https:\/\/leregardlibre.com\/produit\/le-regard-libre-n101-dossier-monde-rural\/#primaryimage\"},\"thumbnailUrl\":\"https:\/\/leregardlibre.com\/wp-content\/uploads\/2023\/12\/une-le-regard-libre-n102.jpg\",\"datePublished\":\"2023-12-24T10:35:23+00:00\",\"dateModified\":\"2024-09-29T12:13:10+00:00\",\"breadcrumb\":{\"@id\":\"https:\/\/leregardlibre.com\/produit\/le-regard-libre-n101-dossier-monde-rural\/#breadcrumb\"},\"inLanguage\":\"en-US\",\"potentialAction\":[{\"@type\":\"ReadAction\",\"target\":[\"https:\/\/leregardlibre.com\/produit\/le-regard-libre-n101-dossier-monde-rural\/\"]}]},{\"@type\":\"ImageObject\",\"inLanguage\":\"en-US\",\"@id\":\"https:\/\/leregardlibre.com\/produit\/le-regard-libre-n101-dossier-monde-rural\/#primaryimage\",\"url\":\"https:\/\/leregardlibre.com\/wp-content\/uploads\/2023\/12\/une-le-regard-libre-n102.jpg\",\"contentUrl\":\"https:\/\/leregardlibre.com\/wp-content\/uploads\/2023\/12\/une-le-regard-libre-n102.jpg\",\"width\":4961,\"height\":7016,\"caption\":\"Une Le Regard Libre N\u00b0102\"},{\"@type\":\"BreadcrumbList\",\"@id\":\"https:\/\/leregardlibre.com\/produit\/le-regard-libre-n101-dossier-monde-rural\/#breadcrumb\",\"itemListElement\":[{\"@type\":\"ListItem\",\"position\":1,\"name\":\"Accueil\",\"item\":\"https:\/\/leregardlibre.com\/\"},{\"@type\":\"ListItem\",\"position\":2,\"name\":\"Boutique\",\"item\":\"https:\/\/leregardlibre.com\/boutique\/\"},{\"@type\":\"ListItem\",\"position\":3,\"name\":\"Le Regard Libre N\u00b0102 | Dossier MONDE RURAL\"}]},{\"@type\":\"WebSite\",\"@id\":\"https:\/\/leregardlibre.com\/#website\",\"url\":\"https:\/\/leregardlibre.com\/\",\"name\":\"Le Regard Libre\",\"description\":\"Premier mensuel suisse de d\u00e9bat\",\"publisher\":{\"@id\":\"https:\/\/leregardlibre.com\/#organization\"},\"potentialAction\":[{\"@type\":\"SearchAction\",\"target\":{\"@type\":\"EntryPoint\",\"urlTemplate\":\"https:\/\/leregardlibre.com\/?s={search_term_string}\"},\"query-input\":{\"@type\":\"PropertyValueSpecification\",\"valueRequired\":true,\"valueName\":\"search_term_string\"}}],\"inLanguage\":\"en-US\"},{\"@type\":\"Organization\",\"@id\":\"https:\/\/leregardlibre.com\/#organization\",\"name\":\"Le Regard Libre\",\"url\":\"https:\/\/leregardlibre.com\/\",\"logo\":{\"@type\":\"ImageObject\",\"inLanguage\":\"en-US\",\"@id\":\"https:\/\/leregardlibre.com\/#\/schema\/logo\/image\/\",\"url\":\"https:\/\/leregardlibre.com\/wp-content\/uploads\/2025\/08\/logo-rl-icone-neg.jpeg\",\"contentUrl\":\"https:\/\/leregardlibre.com\/wp-content\/uploads\/2025\/08\/logo-rl-icone-neg.jpeg\",\"width\":557,\"height\":556,\"caption\":\"Le Regard Libre\"},\"image\":{\"@id\":\"https:\/\/leregardlibre.com\/#\/schema\/logo\/image\/\"},\"sameAs\":[\"https:\/\/www.facebook.com\/leregardlibre\/\",\"https:\/\/x.com\/LeRegardLibre\",\"https:\/\/www.linkedin.com\/company\/le-regard-libre\",\"https:\/\/www.instagram.com\/leregardlibre\/\",\"http:\/\/t.me\/leregardlibre\",\"https:\/\/youtube.com\/channel\/UC6HzGPomj1LsUmlz-sJtITQ\"],\"description\":\"Le Regard Libre est un mensuel suisse de d\u00e9bat intellectuel et culturel. Sa r\u00e9daction est jeune, b\u00e9n\u00e9vole, lib\u00e9rale et pluraliste. Le magazine para\u00eet en ligne et sous forme papier. Sa langue est le fran\u00e7ais.\",\"email\":\"redaction@leregardlibre.com\",\"legalName\":\"Le Regard Libre\",\"foundingDate\":\"2014-01-01\",\"numberOfEmployees\":{\"@type\":\"QuantitativeValue\",\"minValue\":\"11\",\"maxValue\":\"50\"},\"publishingPrinciples\":\"https:\/\/leregardlibre.com\/a-propos\/notre-manifeste\/\",\"ownershipFundingInfo\":\"https:\/\/leregardlibre.com\/mentions-legales\/\",\"actionableFeedbackPolicy\":\"https:\/\/leregardlibre.com\/conditions-generales-de-vente\/\"}]}<\/script>\n<!-- \/ Yoast SEO Premium plugin. -->","yoast_head_json":{"title":"Le Regard Libre N\u00b0102 | Dossier MONDE RURAL","robots":{"index":"index","follow":"follow","max-snippet":"max-snippet:-1","max-image-preview":"max-image-preview:large","max-video-preview":"max-video-preview:-1"},"canonical":"https:\/\/leregardlibre.com\/en\/product\/le-regard-libre-n101-dossier-monde-rural\/","og_locale":"en_US","og_type":"article","og_title":"Le Regard Libre N\u00b0102 | Dossier MONDE RURAL","og_description":"Le Regard Libre N\u00b0102 | Dossier MONDE RURAL Exemplaire papier Edition de d\u00e9cembre 2023 Format magazine papier chic 05 |...","og_url":"https:\/\/leregardlibre.com\/en\/product\/le-regard-libre-n101-dossier-monde-rural\/","og_site_name":"Le Regard Libre","article_publisher":"https:\/\/www.facebook.com\/leregardlibre\/","article_modified_time":"2024-09-29T12:13:10+00:00","og_image":[{"width":724,"height":1024,"url":"https:\/\/leregardlibre.com\/wp-content\/uploads\/2023\/12\/une-le-regard-libre-n102-724x1024.jpg","type":"image\/jpeg"}],"twitter_card":"summary_large_image","twitter_site":"@LeRegardLibre","twitter_misc":{"Est. reading time":"2 minutes"},"schema":{"@context":"https:\/\/schema.org","@graph":[{"@type":"WebPage","@id":"https:\/\/leregardlibre.com\/produit\/le-regard-libre-n101-dossier-monde-rural\/","url":"https:\/\/leregardlibre.com\/produit\/le-regard-libre-n101-dossier-monde-rural\/","name":"Le Regard Libre N\u00b0102 | Dossier MONDE RURAL","isPartOf":{"@id":"https:\/\/leregardlibre.com\/#website"},"primaryImageOfPage":{"@id":"https:\/\/leregardlibre.com\/produit\/le-regard-libre-n101-dossier-monde-rural\/#primaryimage"},"image":{"@id":"https:\/\/leregardlibre.com\/produit\/le-regard-libre-n101-dossier-monde-rural\/#primaryimage"},"thumbnailUrl":"https:\/\/leregardlibre.com\/wp-content\/uploads\/2023\/12\/une-le-regard-libre-n102.jpg","datePublished":"2023-12-24T10:35:23+00:00","dateModified":"2024-09-29T12:13:10+00:00","breadcrumb":{"@id":"https:\/\/leregardlibre.com\/produit\/le-regard-libre-n101-dossier-monde-rural\/#breadcrumb"},"inLanguage":"en-US","potentialAction":[{"@type":"ReadAction","target":["https:\/\/leregardlibre.com\/produit\/le-regard-libre-n101-dossier-monde-rural\/"]}]},{"@type":"ImageObject","inLanguage":"en-US","@id":"https:\/\/leregardlibre.com\/produit\/le-regard-libre-n101-dossier-monde-rural\/#primaryimage","url":"https:\/\/leregardlibre.com\/wp-content\/uploads\/2023\/12\/une-le-regard-libre-n102.jpg","contentUrl":"https:\/\/leregardlibre.com\/wp-content\/uploads\/2023\/12\/une-le-regard-libre-n102.jpg","width":4961,"height":7016,"caption":"Une Le Regard Libre N\u00b0102"},{"@type":"BreadcrumbList","@id":"https:\/\/leregardlibre.com\/produit\/le-regard-libre-n101-dossier-monde-rural\/#breadcrumb","itemListElement":[{"@type":"ListItem","position":1,"name":"Accueil","item":"https:\/\/leregardlibre.com\/"},{"@type":"ListItem","position":2,"name":"Boutique","item":"https:\/\/leregardlibre.com\/boutique\/"},{"@type":"ListItem","position":3,"name":"Le Regard Libre N\u00b0102 | Dossier MONDE RURAL"}]},{"@type":"WebSite","@id":"https:\/\/leregardlibre.com\/#website","url":"https:\/\/leregardlibre.com\/","name":"Le Regard Libre","description":"Switzerland's first monthly debate magazine","publisher":{"@id":"https:\/\/leregardlibre.com\/#organization"},"potentialAction":[{"@type":"SearchAction","target":{"@type":"EntryPoint","urlTemplate":"https:\/\/leregardlibre.com\/?s={search_term_string}"},"query-input":{"@type":"PropertyValueSpecification","valueRequired":true,"valueName":"search_term_string"}}],"inLanguage":"en-US"},{"@type":"Organization","@id":"https:\/\/leregardlibre.com\/#organization","name":"Le Regard Libre","url":"https:\/\/leregardlibre.com\/","logo":{"@type":"ImageObject","inLanguage":"en-US","@id":"https:\/\/leregardlibre.com\/#\/schema\/logo\/image\/","url":"https:\/\/leregardlibre.com\/wp-content\/uploads\/2025\/08\/logo-rl-icone-neg.jpeg","contentUrl":"https:\/\/leregardlibre.com\/wp-content\/uploads\/2025\/08\/logo-rl-icone-neg.jpeg","width":557,"height":556,"caption":"Le Regard Libre"},"image":{"@id":"https:\/\/leregardlibre.com\/#\/schema\/logo\/image\/"},"sameAs":["https:\/\/www.facebook.com\/leregardlibre\/","https:\/\/x.com\/LeRegardLibre","https:\/\/www.linkedin.com\/company\/le-regard-libre","https:\/\/www.instagram.com\/leregardlibre\/","http:\/\/t.me\/leregardlibre","https:\/\/youtube.com\/channel\/UC6HzGPomj1LsUmlz-sJtITQ"],"description":"Le Regard Libre is a Swiss monthly magazine for intellectual and cultural debate. Its editorial team is young, voluntary, liberal and pluralist. The magazine appears online and in print. Its language is French.","email":"redaction@leregardlibre.com","legalName":"Le Regard Libre","foundingDate":"2014-01-01","numberOfEmployees":{"@type":"QuantitativeValue","minValue":"11","maxValue":"50"},"publishingPrinciples":"https:\/\/leregardlibre.com\/a-propos\/notre-manifeste\/","ownershipFundingInfo":"https:\/\/leregardlibre.com\/mentions-legales\/","actionableFeedbackPolicy":"https:\/\/leregardlibre.com\/conditions-generales-de-vente\/"}]}},"_links":{"self":[{"href":"https:\/\/leregardlibre.com\/en\/wp-json\/wp\/v2\/product\/521566","targetHints":{"allow":["GET"]}}],"collection":[{"href":"https:\/\/leregardlibre.com\/en\/wp-json\/wp\/v2\/product"}],"about":[{"href":"https:\/\/leregardlibre.com\/en\/wp-json\/wp\/v2\/types\/product"}],"replies":[{"embeddable":true,"href":"https:\/\/leregardlibre.com\/en\/wp-json\/wp\/v2\/comments?post=521566"}],"wp:featuredmedia":[{"embeddable":true,"href":"https:\/\/leregardlibre.com\/en\/wp-json\/wp\/v2\/media\/521569"}],"wp:attachment":[{"href":"https:\/\/leregardlibre.com\/en\/wp-json\/wp\/v2\/media?parent=521566"}],"wp:term":[{"taxonomy":"product_brand","embeddable":true,"href":"https:\/\/leregardlibre.com\/en\/wp-json\/wp\/v2\/product_brand?post=521566"},{"taxonomy":"product_cat","embeddable":true,"href":"https:\/\/leregardlibre.com\/en\/wp-json\/wp\/v2\/product_cat?post=521566"},{"taxonomy":"product_tag","embeddable":true,"href":"https:\/\/leregardlibre.com\/en\/wp-json\/wp\/v2\/product_tag?post=521566"}],"curies":[{"name":"wp","href":"https:\/\/api.w.org\/{rel}","templated":true}]}}