{"id":522021,"date":"2024-01-26T09:52:08","date_gmt":"2024-01-26T08:52:08","guid":{"rendered":"https:\/\/leregardlibre.com\/?post_type=product&#038;p=522021"},"modified":"2025-03-02T11:20:24","modified_gmt":"2025-03-02T10:20:24","slug":"le-regard-libre-n102-dossier-monde-rural-copie","status":"publish","type":"product","link":"https:\/\/leregardlibre.com\/en\/product\/le-regard-libre-n102-dossier-monde-rural-copie\/","title":{"rendered":"Le Regard Libre N\u00b0103 | Dossier TRANSPORT"},"content":{"rendered":"<p><em>Le Regard Libre<\/em> N\u00b0103 | Dossier TRANSPORT<br \/>\nPaper copy<br \/>\nJanuary 2024 edition <strong>- 10 years this month!<\/strong><br \/>\nChic paper magazine format, inauguration of the new layout<\/p>\n<hr \/>\n<p class=\"p1\"><strong><span class=\"s1\">Opinions and reflections<br \/>\n<\/span><\/strong><span class=\"s2\">05\u00a0|\u00a0<\/span>Depardieu: the absurdity of RTS's choice, in five points<br \/>\n<span class=\"s2\">06\u00a0|\u00a0<\/span>Should stores be allowed to open on Sundays?<br \/>\n<span class=\"s2\">07<\/span> <span class=\"s2\">|\u00a0<\/span>Not funding UNRWA feeds hatred of the West<br \/>\n<span class=\"s2\">08<\/span> <span class=\"s2\">|\u00a0<\/span>\u00abThe European Union cannot tolerate direct democracy\u00bb.\u00bb<br \/>\n<span class=\"s2\">11<\/span> <span class=\"s2\">|\u00a0<\/span>The creation of the euro according to Charles Gave<br \/>\n<span class=\"s2\">12<\/span> <span class=\"s2\">|\u00a0<\/span>Africans deserve economic freedom<br \/>\n<span class=\"s2\">16<\/span> <span class=\"s2\">|\u00a0<\/span>French as an art of living<\/p>\n<p class=\"p3\"><strong><span class=\"s1\">Dossier: Transportation<br \/>\n<\/span><\/strong><span class=\"s2\">20<\/span> <span class=\"s2\">|\u00a0<\/span>Vincent Kaufmann: \u00abSBB has too high a sense of routine\u00bb.\u00bb<br \/>\n<span class=\"s2\">24<\/span> <span class=\"s2\">|\u00a0<\/span>The heroes of l'A\u00e9ropostale<br \/>\n<span class=\"s2\">26<\/span> <span class=\"s2\">|\u00a0<\/span>The three-master, a boat through the ages<br \/>\n<span class=\"s2\">28<\/span> <span class=\"s2\">|\u00a0<\/span>Importing tomatoes makes more sense than producing them in Switzerland<br \/>\n<span class=\"s2\">30<\/span> <span class=\"s2\">|\u00a0<\/span>Increasing discomfort on planes and other curiosities<br \/>\n<span class=\"s2\">32<\/span> <span class=\"s2\">|\u00a0<\/span>Voyages en mots troubles<br \/>\n<span class=\"s2\">34<\/span> <span class=\"s2\">|\u00a0<\/span>In the footsteps of explorer Xavier Chevrin<br \/>\n<span class=\"s2\">40<\/span> <span class=\"s2\">|\u00a0<\/span>Bernard L\u00e9chot's photo essay: At the \u00abCorner of three countries\u00bb.\u00bb<\/p>\n<p class=\"p1\"><strong><span class=\"s1\">Cultural news<br \/>\n<\/span><\/strong><span class=\"s2\">48<\/span> <span class=\"s2\">| <\/span>M\u00e9lanie Richoz: <span class=\"s1\">\u00abKeeping things quiet is a way of condoning them\u00bb.\u00bb<i><br \/>\n<\/i><\/span><span class=\"s2\">54<\/span> <span class=\"s2\">|\u00a0<\/span>It's for their own good<br \/>\n<span class=\"s2\">56<\/span> <span class=\"s2\">|\u00a0<\/span><i>Segurant<\/i>, chasing the manuscript and the dragon<br \/>\n<span class=\"s2\">58<\/span> <span class=\"s2\">|\u00a0<\/span>Silencing the lemurs<\/p>\n<p class=\"p1\"><strong><span class=\"s1\">End of magazine events<br \/>\n<\/span><\/strong><span class=\"s2\">60<\/span> <span class=\"s2\">|\u00a0<\/span><i>G\u00fctsch night<\/i>, Andr\u00e9 Durussel's unpublished novel (1\/10)<br \/>\n<span class=\"s2\">64<\/span> <span class=\"s2\">|\u00a0<\/span>In brief: Harvard, great authors, Robert Boyle and a communist party<br \/>\n<span class=\"s2\">66<\/span> <span class=\"s2\">|\u00a0<\/span>Subscription coupon and sponsorship form<br \/>\n<span class=\"s2\">68<\/span> <span class=\"s2\">|\u00a0<\/span>Quotes<\/p>\n<p class=\"p1\"><a href=\"https:\/\/leregardlibre.com\/en\/cpt-editions\/le-regard-libre-n102-dossier-monde-rural\/\"><em>Back to previous edition<\/em><\/a><\/p>","protected":false},"excerpt":{"rendered":"<p>Le Regard Libre N\u00b0103 | Dossier TRANSPORTS Exemplaire papier Edition de janvier 2024 \u2013 10 ans ce mois-ci! Format magazine&#8230;<\/p>","protected":false},"featured_media":522024,"comment_status":"open","ping_status":"closed","template":"","meta":{"_acf_changed":false},"product_brand":[],"product_cat":[644340392],"product_tag":[],"class_list":{"0":"post-522021","1":"product","2":"type-product","3":"status-publish","4":"has-post-thumbnail","6":"product_cat-numeros","8":"first","9":"instock","10":"shipping-taxable","11":"purchasable","12":"product-type-variable"},"acf":[],"yoast_head":"<!-- This site is optimized with the Yoast SEO Premium plugin v26.9 (Yoast SEO v26.9) - https:\/\/yoast.com\/product\/yoast-seo-premium-wordpress\/ -->\n<title>Le Regard Libre N\u00b0103 | Dossier TRANSPORTS<\/title>\n<meta name=\"robots\" content=\"index, follow, max-snippet:-1, max-image-preview:large, max-video-preview:-1\" \/>\n<link rel=\"canonical\" href=\"https:\/\/leregardlibre.com\/en\/product\/le-regard-libre-n102-dossier-monde-rural-copie\/\" \/>\n<meta property=\"og:locale\" content=\"en_US\" \/>\n<meta property=\"og:type\" content=\"article\" \/>\n<meta property=\"og:title\" content=\"Le Regard Libre N\u00b0103 | Dossier TRANSPORTS\" \/>\n<meta property=\"og:description\" content=\"Le Regard Libre N\u00b0103 | Dossier TRANSPORTS Exemplaire papier Edition de janvier 2024 \u2013 10 ans ce mois-ci! Format magazine...\" \/>\n<meta property=\"og:url\" content=\"https:\/\/leregardlibre.com\/en\/product\/le-regard-libre-n102-dossier-monde-rural-copie\/\" \/>\n<meta property=\"og:site_name\" content=\"Le Regard Libre\" \/>\n<meta property=\"article:publisher\" content=\"https:\/\/www.facebook.com\/leregardlibre\/\" \/>\n<meta property=\"article:modified_time\" content=\"2025-03-02T10:20:24+00:00\" \/>\n<meta property=\"og:image\" content=\"https:\/\/leregardlibre.com\/wp-content\/uploads\/2024\/01\/une-le-regard-libre-n103-e1706259569436-724x1024.jpg\" \/>\n\t<meta property=\"og:image:width\" content=\"724\" \/>\n\t<meta property=\"og:image:height\" content=\"1024\" \/>\n\t<meta property=\"og:image:type\" content=\"image\/jpeg\" \/>\n<meta name=\"twitter:card\" content=\"summary_large_image\" \/>\n<meta name=\"twitter:site\" content=\"@LeRegardLibre\" \/>\n<meta name=\"twitter:label1\" content=\"Est. reading time\" \/>\n\t<meta name=\"twitter:data1\" content=\"2 minutes\" \/>\n<script type=\"application\/ld+json\" class=\"yoast-schema-graph\">{\"@context\":\"https:\/\/schema.org\",\"@graph\":[{\"@type\":\"WebPage\",\"@id\":\"https:\/\/leregardlibre.com\/produit\/le-regard-libre-n102-dossier-monde-rural-copie\/\",\"url\":\"https:\/\/leregardlibre.com\/produit\/le-regard-libre-n102-dossier-monde-rural-copie\/\",\"name\":\"Le Regard Libre N\u00b0103 | Dossier TRANSPORTS\",\"isPartOf\":{\"@id\":\"https:\/\/leregardlibre.com\/#website\"},\"primaryImageOfPage\":{\"@id\":\"https:\/\/leregardlibre.com\/produit\/le-regard-libre-n102-dossier-monde-rural-copie\/#primaryimage\"},\"image\":{\"@id\":\"https:\/\/leregardlibre.com\/produit\/le-regard-libre-n102-dossier-monde-rural-copie\/#primaryimage\"},\"thumbnailUrl\":\"https:\/\/leregardlibre.com\/wp-content\/uploads\/2024\/01\/une-le-regard-libre-n103-e1706259569436.jpg\",\"datePublished\":\"2024-01-26T08:52:08+00:00\",\"dateModified\":\"2025-03-02T10:20:24+00:00\",\"breadcrumb\":{\"@id\":\"https:\/\/leregardlibre.com\/produit\/le-regard-libre-n102-dossier-monde-rural-copie\/#breadcrumb\"},\"inLanguage\":\"en-US\",\"potentialAction\":[{\"@type\":\"ReadAction\",\"target\":[\"https:\/\/leregardlibre.com\/produit\/le-regard-libre-n102-dossier-monde-rural-copie\/\"]}]},{\"@type\":\"ImageObject\",\"inLanguage\":\"en-US\",\"@id\":\"https:\/\/leregardlibre.com\/produit\/le-regard-libre-n102-dossier-monde-rural-copie\/#primaryimage\",\"url\":\"https:\/\/leregardlibre.com\/wp-content\/uploads\/2024\/01\/une-le-regard-libre-n103-e1706259569436.jpg\",\"contentUrl\":\"https:\/\/leregardlibre.com\/wp-content\/uploads\/2024\/01\/une-le-regard-libre-n103-e1706259569436.jpg\",\"width\":1280,\"height\":1810,\"caption\":\"Le Regard Libre N\u00b0103, dossier TRANSPORTS\"},{\"@type\":\"BreadcrumbList\",\"@id\":\"https:\/\/leregardlibre.com\/produit\/le-regard-libre-n102-dossier-monde-rural-copie\/#breadcrumb\",\"itemListElement\":[{\"@type\":\"ListItem\",\"position\":1,\"name\":\"Accueil\",\"item\":\"https:\/\/leregardlibre.com\/\"},{\"@type\":\"ListItem\",\"position\":2,\"name\":\"Boutique\",\"item\":\"https:\/\/leregardlibre.com\/boutique\/\"},{\"@type\":\"ListItem\",\"position\":3,\"name\":\"Le Regard Libre N\u00b0103 | Dossier TRANSPORTS\"}]},{\"@type\":\"WebSite\",\"@id\":\"https:\/\/leregardlibre.com\/#website\",\"url\":\"https:\/\/leregardlibre.com\/\",\"name\":\"Le Regard Libre\",\"description\":\"Premier mensuel suisse de d\u00e9bat\",\"publisher\":{\"@id\":\"https:\/\/leregardlibre.com\/#organization\"},\"potentialAction\":[{\"@type\":\"SearchAction\",\"target\":{\"@type\":\"EntryPoint\",\"urlTemplate\":\"https:\/\/leregardlibre.com\/?s={search_term_string}\"},\"query-input\":{\"@type\":\"PropertyValueSpecification\",\"valueRequired\":true,\"valueName\":\"search_term_string\"}}],\"inLanguage\":\"en-US\"},{\"@type\":\"Organization\",\"@id\":\"https:\/\/leregardlibre.com\/#organization\",\"name\":\"Le Regard Libre\",\"url\":\"https:\/\/leregardlibre.com\/\",\"logo\":{\"@type\":\"ImageObject\",\"inLanguage\":\"en-US\",\"@id\":\"https:\/\/leregardlibre.com\/#\/schema\/logo\/image\/\",\"url\":\"https:\/\/leregardlibre.com\/wp-content\/uploads\/2025\/08\/logo-rl-icone-neg.jpeg\",\"contentUrl\":\"https:\/\/leregardlibre.com\/wp-content\/uploads\/2025\/08\/logo-rl-icone-neg.jpeg\",\"width\":557,\"height\":556,\"caption\":\"Le Regard Libre\"},\"image\":{\"@id\":\"https:\/\/leregardlibre.com\/#\/schema\/logo\/image\/\"},\"sameAs\":[\"https:\/\/www.facebook.com\/leregardlibre\/\",\"https:\/\/x.com\/LeRegardLibre\",\"https:\/\/www.linkedin.com\/company\/le-regard-libre\",\"https:\/\/www.instagram.com\/leregardlibre\/\",\"http:\/\/t.me\/leregardlibre\",\"https:\/\/youtube.com\/channel\/UC6HzGPomj1LsUmlz-sJtITQ\"],\"description\":\"Le Regard Libre est un mensuel suisse de d\u00e9bat intellectuel et culturel. Sa r\u00e9daction est jeune, b\u00e9n\u00e9vole, lib\u00e9rale et pluraliste. Le magazine para\u00eet en ligne et sous forme papier. Sa langue est le fran\u00e7ais.\",\"email\":\"redaction@leregardlibre.com\",\"legalName\":\"Le Regard Libre\",\"foundingDate\":\"2014-01-01\",\"numberOfEmployees\":{\"@type\":\"QuantitativeValue\",\"minValue\":\"11\",\"maxValue\":\"50\"},\"publishingPrinciples\":\"https:\/\/leregardlibre.com\/a-propos\/notre-manifeste\/\",\"ownershipFundingInfo\":\"https:\/\/leregardlibre.com\/mentions-legales\/\",\"actionableFeedbackPolicy\":\"https:\/\/leregardlibre.com\/conditions-generales-de-vente\/\"}]}<\/script>\n<!-- \/ Yoast SEO Premium plugin. -->","yoast_head_json":{"title":"Le Regard Libre N\u00b0103 | Dossier TRANSPORT","robots":{"index":"index","follow":"follow","max-snippet":"max-snippet:-1","max-image-preview":"max-image-preview:large","max-video-preview":"max-video-preview:-1"},"canonical":"https:\/\/leregardlibre.com\/en\/product\/le-regard-libre-n102-dossier-monde-rural-copie\/","og_locale":"en_US","og_type":"article","og_title":"Le Regard Libre N\u00b0103 | Dossier TRANSPORTS","og_description":"Le Regard Libre N\u00b0103 | Dossier TRANSPORTS Exemplaire papier Edition de janvier 2024 \u2013 10 ans ce mois-ci! Format magazine...","og_url":"https:\/\/leregardlibre.com\/en\/product\/le-regard-libre-n102-dossier-monde-rural-copie\/","og_site_name":"Le Regard Libre","article_publisher":"https:\/\/www.facebook.com\/leregardlibre\/","article_modified_time":"2025-03-02T10:20:24+00:00","og_image":[{"width":724,"height":1024,"url":"https:\/\/leregardlibre.com\/wp-content\/uploads\/2024\/01\/une-le-regard-libre-n103-e1706259569436-724x1024.jpg","type":"image\/jpeg"}],"twitter_card":"summary_large_image","twitter_site":"@LeRegardLibre","twitter_misc":{"Est. reading time":"2 minutes"},"schema":{"@context":"https:\/\/schema.org","@graph":[{"@type":"WebPage","@id":"https:\/\/leregardlibre.com\/produit\/le-regard-libre-n102-dossier-monde-rural-copie\/","url":"https:\/\/leregardlibre.com\/produit\/le-regard-libre-n102-dossier-monde-rural-copie\/","name":"Le Regard Libre N\u00b0103 | Dossier TRANSPORT","isPartOf":{"@id":"https:\/\/leregardlibre.com\/#website"},"primaryImageOfPage":{"@id":"https:\/\/leregardlibre.com\/produit\/le-regard-libre-n102-dossier-monde-rural-copie\/#primaryimage"},"image":{"@id":"https:\/\/leregardlibre.com\/produit\/le-regard-libre-n102-dossier-monde-rural-copie\/#primaryimage"},"thumbnailUrl":"https:\/\/leregardlibre.com\/wp-content\/uploads\/2024\/01\/une-le-regard-libre-n103-e1706259569436.jpg","datePublished":"2024-01-26T08:52:08+00:00","dateModified":"2025-03-02T10:20:24+00:00","breadcrumb":{"@id":"https:\/\/leregardlibre.com\/produit\/le-regard-libre-n102-dossier-monde-rural-copie\/#breadcrumb"},"inLanguage":"en-US","potentialAction":[{"@type":"ReadAction","target":["https:\/\/leregardlibre.com\/produit\/le-regard-libre-n102-dossier-monde-rural-copie\/"]}]},{"@type":"ImageObject","inLanguage":"en-US","@id":"https:\/\/leregardlibre.com\/produit\/le-regard-libre-n102-dossier-monde-rural-copie\/#primaryimage","url":"https:\/\/leregardlibre.com\/wp-content\/uploads\/2024\/01\/une-le-regard-libre-n103-e1706259569436.jpg","contentUrl":"https:\/\/leregardlibre.com\/wp-content\/uploads\/2024\/01\/une-le-regard-libre-n103-e1706259569436.jpg","width":1280,"height":1810,"caption":"Le Regard Libre N\u00b0103, dossier TRANSPORTS"},{"@type":"BreadcrumbList","@id":"https:\/\/leregardlibre.com\/produit\/le-regard-libre-n102-dossier-monde-rural-copie\/#breadcrumb","itemListElement":[{"@type":"ListItem","position":1,"name":"Accueil","item":"https:\/\/leregardlibre.com\/"},{"@type":"ListItem","position":2,"name":"Boutique","item":"https:\/\/leregardlibre.com\/boutique\/"},{"@type":"ListItem","position":3,"name":"Le Regard Libre N\u00b0103 | Dossier TRANSPORTS"}]},{"@type":"WebSite","@id":"https:\/\/leregardlibre.com\/#website","url":"https:\/\/leregardlibre.com\/","name":"Le Regard Libre","description":"Switzerland's first monthly debate magazine","publisher":{"@id":"https:\/\/leregardlibre.com\/#organization"},"potentialAction":[{"@type":"SearchAction","target":{"@type":"EntryPoint","urlTemplate":"https:\/\/leregardlibre.com\/?s={search_term_string}"},"query-input":{"@type":"PropertyValueSpecification","valueRequired":true,"valueName":"search_term_string"}}],"inLanguage":"en-US"},{"@type":"Organization","@id":"https:\/\/leregardlibre.com\/#organization","name":"Le Regard Libre","url":"https:\/\/leregardlibre.com\/","logo":{"@type":"ImageObject","inLanguage":"en-US","@id":"https:\/\/leregardlibre.com\/#\/schema\/logo\/image\/","url":"https:\/\/leregardlibre.com\/wp-content\/uploads\/2025\/08\/logo-rl-icone-neg.jpeg","contentUrl":"https:\/\/leregardlibre.com\/wp-content\/uploads\/2025\/08\/logo-rl-icone-neg.jpeg","width":557,"height":556,"caption":"Le Regard Libre"},"image":{"@id":"https:\/\/leregardlibre.com\/#\/schema\/logo\/image\/"},"sameAs":["https:\/\/www.facebook.com\/leregardlibre\/","https:\/\/x.com\/LeRegardLibre","https:\/\/www.linkedin.com\/company\/le-regard-libre","https:\/\/www.instagram.com\/leregardlibre\/","http:\/\/t.me\/leregardlibre","https:\/\/youtube.com\/channel\/UC6HzGPomj1LsUmlz-sJtITQ"],"description":"Le Regard Libre is a Swiss monthly magazine for intellectual and cultural debate. Its editorial team is young, voluntary, liberal and pluralist. The magazine appears online and in print. Its language is French.","email":"redaction@leregardlibre.com","legalName":"Le Regard Libre","foundingDate":"2014-01-01","numberOfEmployees":{"@type":"QuantitativeValue","minValue":"11","maxValue":"50"},"publishingPrinciples":"https:\/\/leregardlibre.com\/a-propos\/notre-manifeste\/","ownershipFundingInfo":"https:\/\/leregardlibre.com\/mentions-legales\/","actionableFeedbackPolicy":"https:\/\/leregardlibre.com\/conditions-generales-de-vente\/"}]}},"_links":{"self":[{"href":"https:\/\/leregardlibre.com\/en\/wp-json\/wp\/v2\/product\/522021","targetHints":{"allow":["GET"]}}],"collection":[{"href":"https:\/\/leregardlibre.com\/en\/wp-json\/wp\/v2\/product"}],"about":[{"href":"https:\/\/leregardlibre.com\/en\/wp-json\/wp\/v2\/types\/product"}],"replies":[{"embeddable":true,"href":"https:\/\/leregardlibre.com\/en\/wp-json\/wp\/v2\/comments?post=522021"}],"wp:featuredmedia":[{"embeddable":true,"href":"https:\/\/leregardlibre.com\/en\/wp-json\/wp\/v2\/media\/522024"}],"wp:attachment":[{"href":"https:\/\/leregardlibre.com\/en\/wp-json\/wp\/v2\/media?parent=522021"}],"wp:term":[{"taxonomy":"product_brand","embeddable":true,"href":"https:\/\/leregardlibre.com\/en\/wp-json\/wp\/v2\/product_brand?post=522021"},{"taxonomy":"product_cat","embeddable":true,"href":"https:\/\/leregardlibre.com\/en\/wp-json\/wp\/v2\/product_cat?post=522021"},{"taxonomy":"product_tag","embeddable":true,"href":"https:\/\/leregardlibre.com\/en\/wp-json\/wp\/v2\/product_tag?post=522021"}],"curies":[{"name":"wp","href":"https:\/\/api.w.org\/{rel}","templated":true}]}}