{"id":522593,"date":"2024-03-03T10:53:06","date_gmt":"2024-03-03T09:53:06","guid":{"rendered":"https:\/\/leregardlibre.com\/?post_type=product&#038;p=522593"},"modified":"2025-06-02T21:43:21","modified_gmt":"2025-06-02T19:43:21","slug":"le-regard-libre-n104-dossier-travail","status":"publish","type":"product","link":"https:\/\/leregardlibre.com\/en\/product\/le-regard-libre-n104-dossier-travail\/","title":{"rendered":"Le Regard Libre N\u00b0104 | Dossier TRAVAIL"},"content":{"rendered":"<p><em>Le Regard Libre<\/em> N\u00b0104 | Dossier TRAVAIL<br \/>\nPaper copy<br \/>\nMarch 2024 edition<br \/>\nChic paper magazine format<\/p>\n<hr \/>\n<p class=\"p1\"><strong><span class=\"s1\">Opinions and reflections<br \/>\n<\/span><\/strong><span class=\"s1\">05 <span class=\"s2\">|\u00a0<\/span><\/span>Editorial: When homosexuals become a target on the left<br \/>\n<span class=\"s1\">07 <span class=\"s2\">|\u00a0<\/span><\/span>Quentin Mouron's column: The miracle of persistent thought<br \/>\n<span class=\"s1\">08 <span class=\"s2\">|\u00a0<\/span><\/span>Chaos in Yemen<br \/>\n<span class=\"s1\">10 <span class=\"s2\">|\u00a0<\/span><\/span>Israel and international humanitarian law<br \/>\n<span class=\"s1\">12 <span class=\"s2\">|\u00a0<\/span><\/span>Change of sporting nationality: should rules be imposed?<br \/>\n<span class=\"s1\">20 <span class=\"s2\">|\u00a0<\/span><\/span>Some reasons (more or less good) not to abolish the Swiss army<\/p>\n<p class=\"p3\"><strong><span class=\"s1\">Dossier: Work<br \/>\n<\/span><\/strong><span class=\"s1\">22 <span class=\"s2\">|\u00a0<\/span><\/span><span class=\"s2\">Vera Nikolski: \u00abWomen's liberation began with industrial capitalism\u00bb.\u00bb<br \/>\n<\/span><span class=\"s1\">28 <span class=\"s2\">|\u00a0<\/span><\/span>Artificial intelligence and employment, all affected by the revolution<br \/>\n<span class=\"s1\">30 <span class=\"s2\">|\u00a0<\/span><\/span>The training system: a work in progress<br \/>\n<span class=\"s1\">32 <span class=\"s2\">|\u00a0<\/span><\/span>Leveraging the labor market to finance the AHV scheme<br \/>\n<span class=\"s1\">35 <span class=\"s2\">|\u00a0<\/span><\/span>Should we ban <i>open spaces<\/i>? Editorial disagreement<br \/>\n<span class=\"s1\">36 <span class=\"s2\">|\u00a0<\/span><\/span>Marcel Proust's figures of idleness<br \/>\n<span class=\"s1\">38 <span class=\"s2\">|\u00a0<\/span><\/span>Bernard L\u00e9chot's photo essay: Saint-Gobain without Saint-Gobain<\/p>\n<p class=\"p1\"><strong><span class=\"s1\">Cultural news<br \/>\n<\/span><\/strong><span class=\"s1\">46 <span class=\"s2\">|\u00a0<\/span><\/span>The successful revival of Roman des Romands<br \/>\n<span class=\"s1\">48 <span class=\"s2\">|\u00a0<\/span><\/span><i>The double night on the lake<\/i>, through a rupture<br \/>\n<span class=\"s1\">50 <span class=\"s2\">|\u00a0<\/span><\/span><i>Eurotrash<\/i>, between family novel and cathartic work<br \/>\n<span class=\"s1\">52 <span class=\"s2\">|\u00a0<\/span><\/span>The Pajak fathers and sons united by their ardent common passions<\/p>\n<p class=\"p1\"><strong><span class=\"s1\">End of magazine events<br \/>\n<\/span><\/strong><span class=\"s2\">56 | Debates <em>Regard Libre<\/em> at the Geneva Book Fair, March 6-10<br \/>\n58<\/span> <span class=\"s2\">|\u00a0<\/span><i>G\u00fctsch night<\/i>, unpublished novel by Andr\u00e9 Durussel (2\/10)<br \/>\n<span class=\"s2\">64<\/span> <span class=\"s2\">| <\/span><span class=\"s1\">In a nutshell: <i>Germinal<\/i> in the XXI<sup>th<\/sup>, cat-fish, cheap Caravaggio and Reporters with Borders<br \/>\n<\/span><span class=\"s2\">66<\/span> <span class=\"s2\">|\u00a0<\/span>Subscription coupon and sponsorship form<br \/>\n<span class=\"s2\">68<\/span> <span class=\"s2\">|\u00a0<\/span>Quotes<\/p>\n<p class=\"p1\"><a href=\"https:\/\/leregardlibre.com\/en\/cpt-editions\/le-regard-libre-n103-dossier-transports\/\"><em>Back to previous edition<\/em><\/a><\/p>","protected":false},"excerpt":{"rendered":"<p>Le Regard Libre N\u00b0104 | Dossier TRAVAIL Exemplaire papier Edition de mars 2024 Format magazine papier chic Opinions et r\u00e9flexions&#8230;<\/p>","protected":false},"featured_media":522597,"comment_status":"open","ping_status":"closed","template":"","meta":{"_acf_changed":false},"product_brand":[],"product_cat":[644340392],"product_tag":[],"class_list":{"0":"post-522593","1":"product","2":"type-product","3":"status-publish","4":"has-post-thumbnail","6":"product_cat-numeros","8":"first","9":"instock","10":"shipping-taxable","11":"purchasable","12":"product-type-variable"},"acf":[],"yoast_head":"<!-- This site is optimized with the Yoast SEO Premium plugin v26.9 (Yoast SEO v26.9) - https:\/\/yoast.com\/product\/yoast-seo-premium-wordpress\/ -->\n<title>Le Regard Libre N\u00b0104 | Dossier TRAVAIL<\/title>\n<meta name=\"robots\" content=\"index, follow, max-snippet:-1, max-image-preview:large, max-video-preview:-1\" \/>\n<link rel=\"canonical\" href=\"https:\/\/leregardlibre.com\/en\/product\/le-regard-libre-n104-dossier-travail\/\" \/>\n<meta property=\"og:locale\" content=\"en_US\" \/>\n<meta property=\"og:type\" content=\"article\" \/>\n<meta property=\"og:title\" content=\"Le Regard Libre N\u00b0104 | Dossier TRAVAIL\" \/>\n<meta property=\"og:description\" content=\"Le Regard Libre N\u00b0104 | Dossier TRAVAIL Exemplaire papier Edition de mars 2024 Format magazine papier chic Opinions et r\u00e9flexions...\" \/>\n<meta property=\"og:url\" content=\"https:\/\/leregardlibre.com\/en\/product\/le-regard-libre-n104-dossier-travail\/\" \/>\n<meta property=\"og:site_name\" content=\"Le Regard Libre\" \/>\n<meta property=\"article:publisher\" content=\"https:\/\/www.facebook.com\/leregardlibre\/\" \/>\n<meta property=\"article:modified_time\" content=\"2025-06-02T19:43:21+00:00\" \/>\n<meta property=\"og:image\" content=\"https:\/\/leregardlibre.com\/wp-content\/uploads\/2024\/03\/une-le-regard-libre-n104-724x1024.jpg\" \/>\n\t<meta property=\"og:image:width\" content=\"724\" \/>\n\t<meta property=\"og:image:height\" content=\"1024\" \/>\n\t<meta property=\"og:image:type\" content=\"image\/jpeg\" \/>\n<meta name=\"twitter:card\" content=\"summary_large_image\" \/>\n<meta name=\"twitter:site\" content=\"@LeRegardLibre\" \/>\n<meta name=\"twitter:label1\" content=\"Est. reading time\" \/>\n\t<meta name=\"twitter:data1\" content=\"2 minutes\" \/>\n<script type=\"application\/ld+json\" class=\"yoast-schema-graph\">{\"@context\":\"https:\/\/schema.org\",\"@graph\":[{\"@type\":\"WebPage\",\"@id\":\"https:\/\/leregardlibre.com\/produit\/le-regard-libre-n104-dossier-travail\/\",\"url\":\"https:\/\/leregardlibre.com\/produit\/le-regard-libre-n104-dossier-travail\/\",\"name\":\"Le Regard Libre N\u00b0104 | Dossier TRAVAIL\",\"isPartOf\":{\"@id\":\"https:\/\/leregardlibre.com\/#website\"},\"primaryImageOfPage\":{\"@id\":\"https:\/\/leregardlibre.com\/produit\/le-regard-libre-n104-dossier-travail\/#primaryimage\"},\"image\":{\"@id\":\"https:\/\/leregardlibre.com\/produit\/le-regard-libre-n104-dossier-travail\/#primaryimage\"},\"thumbnailUrl\":\"https:\/\/leregardlibre.com\/wp-content\/uploads\/2024\/03\/une-le-regard-libre-n104-e1709459990911.jpg\",\"datePublished\":\"2024-03-03T09:53:06+00:00\",\"dateModified\":\"2025-06-02T19:43:21+00:00\",\"breadcrumb\":{\"@id\":\"https:\/\/leregardlibre.com\/produit\/le-regard-libre-n104-dossier-travail\/#breadcrumb\"},\"inLanguage\":\"en-US\",\"potentialAction\":[{\"@type\":\"ReadAction\",\"target\":[\"https:\/\/leregardlibre.com\/produit\/le-regard-libre-n104-dossier-travail\/\"]}]},{\"@type\":\"ImageObject\",\"inLanguage\":\"en-US\",\"@id\":\"https:\/\/leregardlibre.com\/produit\/le-regard-libre-n104-dossier-travail\/#primaryimage\",\"url\":\"https:\/\/leregardlibre.com\/wp-content\/uploads\/2024\/03\/une-le-regard-libre-n104-e1709459990911.jpg\",\"contentUrl\":\"https:\/\/leregardlibre.com\/wp-content\/uploads\/2024\/03\/une-le-regard-libre-n104-e1709459990911.jpg\",\"width\":1920,\"height\":2715,\"caption\":\"Une Le Regard Libre N\u00b0104\"},{\"@type\":\"BreadcrumbList\",\"@id\":\"https:\/\/leregardlibre.com\/produit\/le-regard-libre-n104-dossier-travail\/#breadcrumb\",\"itemListElement\":[{\"@type\":\"ListItem\",\"position\":1,\"name\":\"Accueil\",\"item\":\"https:\/\/leregardlibre.com\/\"},{\"@type\":\"ListItem\",\"position\":2,\"name\":\"Boutique\",\"item\":\"https:\/\/leregardlibre.com\/boutique\/\"},{\"@type\":\"ListItem\",\"position\":3,\"name\":\"Le Regard Libre N\u00b0104 | Dossier TRAVAIL\"}]},{\"@type\":\"WebSite\",\"@id\":\"https:\/\/leregardlibre.com\/#website\",\"url\":\"https:\/\/leregardlibre.com\/\",\"name\":\"Le Regard Libre\",\"description\":\"Premier mensuel suisse de d\u00e9bat\",\"publisher\":{\"@id\":\"https:\/\/leregardlibre.com\/#organization\"},\"potentialAction\":[{\"@type\":\"SearchAction\",\"target\":{\"@type\":\"EntryPoint\",\"urlTemplate\":\"https:\/\/leregardlibre.com\/?s={search_term_string}\"},\"query-input\":{\"@type\":\"PropertyValueSpecification\",\"valueRequired\":true,\"valueName\":\"search_term_string\"}}],\"inLanguage\":\"en-US\"},{\"@type\":\"Organization\",\"@id\":\"https:\/\/leregardlibre.com\/#organization\",\"name\":\"Le Regard Libre\",\"url\":\"https:\/\/leregardlibre.com\/\",\"logo\":{\"@type\":\"ImageObject\",\"inLanguage\":\"en-US\",\"@id\":\"https:\/\/leregardlibre.com\/#\/schema\/logo\/image\/\",\"url\":\"https:\/\/leregardlibre.com\/wp-content\/uploads\/2025\/08\/logo-rl-icone-neg.jpeg\",\"contentUrl\":\"https:\/\/leregardlibre.com\/wp-content\/uploads\/2025\/08\/logo-rl-icone-neg.jpeg\",\"width\":557,\"height\":556,\"caption\":\"Le Regard Libre\"},\"image\":{\"@id\":\"https:\/\/leregardlibre.com\/#\/schema\/logo\/image\/\"},\"sameAs\":[\"https:\/\/www.facebook.com\/leregardlibre\/\",\"https:\/\/x.com\/LeRegardLibre\",\"https:\/\/www.linkedin.com\/company\/le-regard-libre\",\"https:\/\/www.instagram.com\/leregardlibre\/\",\"http:\/\/t.me\/leregardlibre\",\"https:\/\/youtube.com\/channel\/UC6HzGPomj1LsUmlz-sJtITQ\"],\"description\":\"Le Regard Libre est un mensuel suisse de d\u00e9bat intellectuel et culturel. Sa r\u00e9daction est jeune, b\u00e9n\u00e9vole, lib\u00e9rale et pluraliste. Le magazine para\u00eet en ligne et sous forme papier. Sa langue est le fran\u00e7ais.\",\"email\":\"redaction@leregardlibre.com\",\"legalName\":\"Le Regard Libre\",\"foundingDate\":\"2014-01-01\",\"numberOfEmployees\":{\"@type\":\"QuantitativeValue\",\"minValue\":\"11\",\"maxValue\":\"50\"},\"publishingPrinciples\":\"https:\/\/leregardlibre.com\/a-propos\/notre-manifeste\/\",\"ownershipFundingInfo\":\"https:\/\/leregardlibre.com\/mentions-legales\/\",\"actionableFeedbackPolicy\":\"https:\/\/leregardlibre.com\/conditions-generales-de-vente\/\"}]}<\/script>\n<!-- \/ Yoast SEO Premium plugin. -->","yoast_head_json":{"title":"Le Regard Libre N\u00b0104 | Dossier TRAVAIL","robots":{"index":"index","follow":"follow","max-snippet":"max-snippet:-1","max-image-preview":"max-image-preview:large","max-video-preview":"max-video-preview:-1"},"canonical":"https:\/\/leregardlibre.com\/en\/product\/le-regard-libre-n104-dossier-travail\/","og_locale":"en_US","og_type":"article","og_title":"Le Regard Libre N\u00b0104 | Dossier TRAVAIL","og_description":"Le Regard Libre N\u00b0104 | Dossier TRAVAIL Exemplaire papier Edition de mars 2024 Format magazine papier chic Opinions et r\u00e9flexions...","og_url":"https:\/\/leregardlibre.com\/en\/product\/le-regard-libre-n104-dossier-travail\/","og_site_name":"Le Regard Libre","article_publisher":"https:\/\/www.facebook.com\/leregardlibre\/","article_modified_time":"2025-06-02T19:43:21+00:00","og_image":[{"width":724,"height":1024,"url":"https:\/\/leregardlibre.com\/wp-content\/uploads\/2024\/03\/une-le-regard-libre-n104-724x1024.jpg","type":"image\/jpeg"}],"twitter_card":"summary_large_image","twitter_site":"@LeRegardLibre","twitter_misc":{"Est. reading time":"2 minutes"},"schema":{"@context":"https:\/\/schema.org","@graph":[{"@type":"WebPage","@id":"https:\/\/leregardlibre.com\/produit\/le-regard-libre-n104-dossier-travail\/","url":"https:\/\/leregardlibre.com\/produit\/le-regard-libre-n104-dossier-travail\/","name":"Le Regard Libre N\u00b0104 | Dossier TRAVAIL","isPartOf":{"@id":"https:\/\/leregardlibre.com\/#website"},"primaryImageOfPage":{"@id":"https:\/\/leregardlibre.com\/produit\/le-regard-libre-n104-dossier-travail\/#primaryimage"},"image":{"@id":"https:\/\/leregardlibre.com\/produit\/le-regard-libre-n104-dossier-travail\/#primaryimage"},"thumbnailUrl":"https:\/\/leregardlibre.com\/wp-content\/uploads\/2024\/03\/une-le-regard-libre-n104-e1709459990911.jpg","datePublished":"2024-03-03T09:53:06+00:00","dateModified":"2025-06-02T19:43:21+00:00","breadcrumb":{"@id":"https:\/\/leregardlibre.com\/produit\/le-regard-libre-n104-dossier-travail\/#breadcrumb"},"inLanguage":"en-US","potentialAction":[{"@type":"ReadAction","target":["https:\/\/leregardlibre.com\/produit\/le-regard-libre-n104-dossier-travail\/"]}]},{"@type":"ImageObject","inLanguage":"en-US","@id":"https:\/\/leregardlibre.com\/produit\/le-regard-libre-n104-dossier-travail\/#primaryimage","url":"https:\/\/leregardlibre.com\/wp-content\/uploads\/2024\/03\/une-le-regard-libre-n104-e1709459990911.jpg","contentUrl":"https:\/\/leregardlibre.com\/wp-content\/uploads\/2024\/03\/une-le-regard-libre-n104-e1709459990911.jpg","width":1920,"height":2715,"caption":"Une Le Regard Libre N\u00b0104"},{"@type":"BreadcrumbList","@id":"https:\/\/leregardlibre.com\/produit\/le-regard-libre-n104-dossier-travail\/#breadcrumb","itemListElement":[{"@type":"ListItem","position":1,"name":"Accueil","item":"https:\/\/leregardlibre.com\/"},{"@type":"ListItem","position":2,"name":"Boutique","item":"https:\/\/leregardlibre.com\/boutique\/"},{"@type":"ListItem","position":3,"name":"Le Regard Libre N\u00b0104 | Dossier TRAVAIL"}]},{"@type":"WebSite","@id":"https:\/\/leregardlibre.com\/#website","url":"https:\/\/leregardlibre.com\/","name":"Le Regard Libre","description":"Switzerland's first monthly debate magazine","publisher":{"@id":"https:\/\/leregardlibre.com\/#organization"},"potentialAction":[{"@type":"SearchAction","target":{"@type":"EntryPoint","urlTemplate":"https:\/\/leregardlibre.com\/?s={search_term_string}"},"query-input":{"@type":"PropertyValueSpecification","valueRequired":true,"valueName":"search_term_string"}}],"inLanguage":"en-US"},{"@type":"Organization","@id":"https:\/\/leregardlibre.com\/#organization","name":"Le Regard Libre","url":"https:\/\/leregardlibre.com\/","logo":{"@type":"ImageObject","inLanguage":"en-US","@id":"https:\/\/leregardlibre.com\/#\/schema\/logo\/image\/","url":"https:\/\/leregardlibre.com\/wp-content\/uploads\/2025\/08\/logo-rl-icone-neg.jpeg","contentUrl":"https:\/\/leregardlibre.com\/wp-content\/uploads\/2025\/08\/logo-rl-icone-neg.jpeg","width":557,"height":556,"caption":"Le Regard Libre"},"image":{"@id":"https:\/\/leregardlibre.com\/#\/schema\/logo\/image\/"},"sameAs":["https:\/\/www.facebook.com\/leregardlibre\/","https:\/\/x.com\/LeRegardLibre","https:\/\/www.linkedin.com\/company\/le-regard-libre","https:\/\/www.instagram.com\/leregardlibre\/","http:\/\/t.me\/leregardlibre","https:\/\/youtube.com\/channel\/UC6HzGPomj1LsUmlz-sJtITQ"],"description":"Le Regard Libre is a Swiss monthly magazine for intellectual and cultural debate. Its editorial team is young, voluntary, liberal and pluralist. The magazine appears online and in print. Its language is French.","email":"redaction@leregardlibre.com","legalName":"Le Regard Libre","foundingDate":"2014-01-01","numberOfEmployees":{"@type":"QuantitativeValue","minValue":"11","maxValue":"50"},"publishingPrinciples":"https:\/\/leregardlibre.com\/a-propos\/notre-manifeste\/","ownershipFundingInfo":"https:\/\/leregardlibre.com\/mentions-legales\/","actionableFeedbackPolicy":"https:\/\/leregardlibre.com\/conditions-generales-de-vente\/"}]}},"_links":{"self":[{"href":"https:\/\/leregardlibre.com\/en\/wp-json\/wp\/v2\/product\/522593","targetHints":{"allow":["GET"]}}],"collection":[{"href":"https:\/\/leregardlibre.com\/en\/wp-json\/wp\/v2\/product"}],"about":[{"href":"https:\/\/leregardlibre.com\/en\/wp-json\/wp\/v2\/types\/product"}],"replies":[{"embeddable":true,"href":"https:\/\/leregardlibre.com\/en\/wp-json\/wp\/v2\/comments?post=522593"}],"wp:featuredmedia":[{"embeddable":true,"href":"https:\/\/leregardlibre.com\/en\/wp-json\/wp\/v2\/media\/522597"}],"wp:attachment":[{"href":"https:\/\/leregardlibre.com\/en\/wp-json\/wp\/v2\/media?parent=522593"}],"wp:term":[{"taxonomy":"product_brand","embeddable":true,"href":"https:\/\/leregardlibre.com\/en\/wp-json\/wp\/v2\/product_brand?post=522593"},{"taxonomy":"product_cat","embeddable":true,"href":"https:\/\/leregardlibre.com\/en\/wp-json\/wp\/v2\/product_cat?post=522593"},{"taxonomy":"product_tag","embeddable":true,"href":"https:\/\/leregardlibre.com\/en\/wp-json\/wp\/v2\/product_tag?post=522593"}],"curies":[{"name":"wp","href":"https:\/\/api.w.org\/{rel}","templated":true}]}}