{"id":522999,"date":"2024-04-09T21:06:44","date_gmt":"2024-04-09T19:06:44","guid":{"rendered":"https:\/\/leregardlibre.com\/?post_type=product&#038;p=522999"},"modified":"2025-08-19T21:02:09","modified_gmt":"2025-08-19T19:02:09","slug":"le-regard-libre-n105-dossier-securite","status":"publish","type":"product","link":"https:\/\/leregardlibre.com\/en\/product\/le-regard-libre-n105-dossier-securite\/","title":{"rendered":"Le Regard Libre N\u00b0105 | Dossier SAFETY"},"content":{"rendered":"<p><em>Le Regard Libre<\/em> N\u00b0105 | SAFETY special report<br \/>\nPaper copy<br \/>\nApril 2024 edition<br \/>\nChic paper magazine format<\/p>\n<hr \/>\n<p class=\"p1\"><strong><span class=\"s1\">Opinions and reflections<br \/>\n<\/span><\/strong><span class=\"s1\">05 <span class=\"s2\">|\u00a0<\/span><\/span>Male-female wages: the myth of inequality as unfair<br \/>\n<span class=\"s1\">07 <span class=\"s2\">|\u00a0<\/span><\/span>Pascal Couchepin's reading: <i>Augmented man<\/i> by Rapha\u00ebl Gaillard<br \/>\n<span class=\"s1\">08 <span class=\"s2\">|\u00a0<\/span><\/span>Etienne Klein: \u00abShort-circuits, an antidote to repetition\u00bb.\u00bb<br \/>\n<span class=\"s1\">14 <span class=\"s2\">|\u00a0<\/span><\/span>Political economy and sports economy are one and the same in Uzbekistan<br \/>\n<span class=\"s1\">20 <span class=\"s2\">|\u00a0<\/span><\/span>Le go\u00fbt de l'ivresse, a lifestyle program<br \/>\n<span class=\"s1\">22 <span class=\"s2\">|\u00a0<\/span><\/span>Barnabooth, the diary of a free man<\/p>\n<p class=\"p3\"><strong><span class=\"s1\">Dossier: Safety<br \/>\n<\/span><\/strong><span class=\"s1\">26 <span class=\"s2\">|\u00a0<\/span><\/span><span class=\"s2\">Gerhard Andrey: \u00abCybersecurity is by definition a sovereign task\u00bb.\u00bb<br \/>\n<\/span><span class=\"s1\">30 <span class=\"s2\">|\u00a0<\/span><\/span>When war threatens, military history becomes topical again<br \/>\n<span class=\"s1\">34 <span class=\"s2\">|\u00a0<\/span><\/span>Paris 2024 under high tension<br \/>\n<span class=\"s1\">38 <span class=\"s2\">|\u00a0<\/span><\/span>Andy Ngo: \u00abThe attack I suffered was celebrated by the radical left\u00bb<br \/>\n<span class=\"s1\">42 <span class=\"s2\">|\u00a0<\/span><\/span>Judicial responsibility at the heart of two novels<br \/>\n<span class=\"s1\">44 <span class=\"s2\">|\u00a0<\/span><\/span>Bernard L\u00e9chot's photo essay: Come in, it's (almost) open!<\/p>\n<p class=\"p1\"><strong><span class=\"s1\">Cultural news<br \/>\n<\/span><\/strong><span class=\"s1\">52<span class=\"s2\">\u00a0|\u00a0<\/span><\/span><i>Camille leaves<\/i> against a backdrop of sirens and tear gas grenades<br \/>\n<span class=\"s1\">54<span class=\"s2\">\u00a0|\u00a0<\/span><\/span>Renaud Rodier, getting out of the maze<br \/>\n<span class=\"s1\">56<span class=\"s2\">\u00a0|\u00a0<\/span><\/span>When Ossorgin's swallows resist the chaos of the world<\/p>\n<p class=\"p1\"><strong><span class=\"s1\">End of magazine events<br \/>\n<\/span><\/strong><span class=\"s1\">60<span class=\"s2\">\u00a0|\u00a0<\/span><\/span><i>G\u00fctsch night<\/i>, unpublished novel by Andr\u00e9 Durussel (3\/10)<br \/>\n<span class=\"s1\">64<span class=\"s2\">\u00a0|\u00a0<\/span><\/span><span class=\"s2\">In brief: Protestant Jung, Sardou's autoplagiats, Badinter's death, Nikos's surprise<br \/>\n<\/span><span class=\"s1\">66<span class=\"s2\">\u00a0|\u00a0<\/span><\/span>Subscription coupon and sponsorship form<br \/>\n<span class=\"s1\">68<span class=\"s2\">\u00a0|\u00a0<\/span><\/span>Quotes<\/p>\n<p class=\"p1\"><a href=\"https:\/\/leregardlibre.com\/en\/cpt-editions\/le-regard-libre-n104-dossier-travail\/\"><em>Back to previous edition<\/em><\/a><\/p>","protected":false},"excerpt":{"rendered":"<p>Le Regard Libre N\u00b0105 | Dossier S\u00c9CURIT\u00c9 Exemplaire papier Edition d\u2019avril 2024 Format magazine papier chic Opinions et r\u00e9flexions 05&#8230;<\/p>","protected":false},"featured_media":523008,"comment_status":"open","ping_status":"closed","template":"","meta":{"_acf_changed":false},"product_brand":[],"product_cat":[644340392],"product_tag":[],"class_list":{"0":"post-522999","1":"product","2":"type-product","3":"status-publish","4":"has-post-thumbnail","6":"product_cat-numeros","8":"first","9":"instock","10":"shipping-taxable","11":"purchasable","12":"product-type-variable"},"acf":[],"yoast_head":"<!-- This site is optimized with the Yoast SEO Premium plugin v27.4 (Yoast SEO v27.4) - https:\/\/yoast.com\/product\/yoast-seo-premium-wordpress\/ -->\n<title>Le Regard Libre N\u00b0105 | Dossier S\u00c9CURIT\u00c9<\/title>\n<meta name=\"robots\" content=\"index, follow, max-snippet:-1, max-image-preview:large, max-video-preview:-1\" \/>\n<link rel=\"canonical\" href=\"https:\/\/leregardlibre.com\/en\/product\/le-regard-libre-n105-dossier-securite\/\" \/>\n<meta property=\"og:locale\" content=\"en_US\" \/>\n<meta property=\"og:type\" content=\"article\" \/>\n<meta property=\"og:title\" content=\"Le Regard Libre N\u00b0105 | Dossier S\u00c9CURIT\u00c9\" \/>\n<meta property=\"og:description\" content=\"Le Regard Libre N\u00b0105 | Dossier S\u00c9CURIT\u00c9 Exemplaire papier Edition d\u2019avril 2024 Format magazine papier chic Opinions et r\u00e9flexions 05...\" \/>\n<meta property=\"og:url\" content=\"https:\/\/leregardlibre.com\/en\/product\/le-regard-libre-n105-dossier-securite\/\" \/>\n<meta property=\"og:site_name\" content=\"Le Regard Libre\" \/>\n<meta property=\"article:publisher\" content=\"https:\/\/www.facebook.com\/leregardlibre\/\" \/>\n<meta property=\"article:modified_time\" content=\"2025-08-19T19:02:09+00:00\" \/>\n<meta property=\"og:image\" content=\"https:\/\/leregardlibre.com\/wp-content\/uploads\/2024\/04\/une-le-regard-libre-n105-e1712690666566.jpg\" \/>\n\t<meta property=\"og:image:width\" content=\"724\" \/>\n\t<meta property=\"og:image:height\" content=\"1024\" \/>\n\t<meta property=\"og:image:type\" content=\"image\/jpeg\" \/>\n<meta name=\"twitter:card\" content=\"summary_large_image\" \/>\n<meta name=\"twitter:site\" content=\"@LeRegardLibre\" \/>\n<meta name=\"twitter:label1\" content=\"Est. reading time\" \/>\n\t<meta name=\"twitter:data1\" content=\"2 minutes\" \/>\n<script type=\"application\/ld+json\" class=\"yoast-schema-graph\">{\"@context\":\"https:\\\/\\\/schema.org\",\"@graph\":[{\"@type\":\"WebPage\",\"@id\":\"https:\\\/\\\/leregardlibre.com\\\/produit\\\/le-regard-libre-n105-dossier-securite\\\/\",\"url\":\"https:\\\/\\\/leregardlibre.com\\\/produit\\\/le-regard-libre-n105-dossier-securite\\\/\",\"name\":\"Le Regard Libre N\u00b0105 | Dossier S\u00c9CURIT\u00c9\",\"isPartOf\":{\"@id\":\"https:\\\/\\\/leregardlibre.com\\\/#website\"},\"primaryImageOfPage\":{\"@id\":\"https:\\\/\\\/leregardlibre.com\\\/produit\\\/le-regard-libre-n105-dossier-securite\\\/#primaryimage\"},\"image\":{\"@id\":\"https:\\\/\\\/leregardlibre.com\\\/produit\\\/le-regard-libre-n105-dossier-securite\\\/#primaryimage\"},\"thumbnailUrl\":\"https:\\\/\\\/leregardlibre.com\\\/wp-content\\\/uploads\\\/2024\\\/04\\\/une-le-regard-libre-n105-e1712690666566.jpg\",\"datePublished\":\"2024-04-09T19:06:44+00:00\",\"dateModified\":\"2025-08-19T19:02:09+00:00\",\"breadcrumb\":{\"@id\":\"https:\\\/\\\/leregardlibre.com\\\/produit\\\/le-regard-libre-n105-dossier-securite\\\/#breadcrumb\"},\"inLanguage\":\"en-US\",\"potentialAction\":[{\"@type\":\"ReadAction\",\"target\":[\"https:\\\/\\\/leregardlibre.com\\\/produit\\\/le-regard-libre-n105-dossier-securite\\\/\"]}]},{\"@type\":\"ImageObject\",\"inLanguage\":\"en-US\",\"@id\":\"https:\\\/\\\/leregardlibre.com\\\/produit\\\/le-regard-libre-n105-dossier-securite\\\/#primaryimage\",\"url\":\"https:\\\/\\\/leregardlibre.com\\\/wp-content\\\/uploads\\\/2024\\\/04\\\/une-le-regard-libre-n105-e1712690666566.jpg\",\"contentUrl\":\"https:\\\/\\\/leregardlibre.com\\\/wp-content\\\/uploads\\\/2024\\\/04\\\/une-le-regard-libre-n105-e1712690666566.jpg\",\"width\":1920,\"height\":2715,\"caption\":\"Une Le Regard Libre N\u00b0105\"},{\"@type\":\"BreadcrumbList\",\"@id\":\"https:\\\/\\\/leregardlibre.com\\\/produit\\\/le-regard-libre-n105-dossier-securite\\\/#breadcrumb\",\"itemListElement\":[{\"@type\":\"ListItem\",\"position\":1,\"name\":\"Accueil\",\"item\":\"https:\\\/\\\/leregardlibre.com\\\/\"},{\"@type\":\"ListItem\",\"position\":2,\"name\":\"Boutique\",\"item\":\"https:\\\/\\\/leregardlibre.com\\\/boutique\\\/\"},{\"@type\":\"ListItem\",\"position\":3,\"name\":\"Le Regard Libre N\u00b0105 | Dossier S\u00c9CURIT\u00c9\"}]},{\"@type\":\"WebSite\",\"@id\":\"https:\\\/\\\/leregardlibre.com\\\/#website\",\"url\":\"https:\\\/\\\/leregardlibre.com\\\/\",\"name\":\"Le Regard Libre\",\"description\":\"Premier mensuel suisse de d\u00e9bat\",\"publisher\":{\"@id\":\"https:\\\/\\\/leregardlibre.com\\\/#organization\"},\"potentialAction\":[{\"@type\":\"SearchAction\",\"target\":{\"@type\":\"EntryPoint\",\"urlTemplate\":\"https:\\\/\\\/leregardlibre.com\\\/?s={search_term_string}\"},\"query-input\":{\"@type\":\"PropertyValueSpecification\",\"valueRequired\":true,\"valueName\":\"search_term_string\"}}],\"inLanguage\":\"en-US\"},{\"@type\":\"Organization\",\"@id\":\"https:\\\/\\\/leregardlibre.com\\\/#organization\",\"name\":\"Le Regard Libre\",\"url\":\"https:\\\/\\\/leregardlibre.com\\\/\",\"logo\":{\"@type\":\"ImageObject\",\"inLanguage\":\"en-US\",\"@id\":\"https:\\\/\\\/leregardlibre.com\\\/#\\\/schema\\\/logo\\\/image\\\/\",\"url\":\"https:\\\/\\\/leregardlibre.com\\\/wp-content\\\/uploads\\\/2025\\\/08\\\/logo-rl-icone-neg.jpeg\",\"contentUrl\":\"https:\\\/\\\/leregardlibre.com\\\/wp-content\\\/uploads\\\/2025\\\/08\\\/logo-rl-icone-neg.jpeg\",\"width\":557,\"height\":556,\"caption\":\"Le Regard Libre\"},\"image\":{\"@id\":\"https:\\\/\\\/leregardlibre.com\\\/#\\\/schema\\\/logo\\\/image\\\/\"},\"sameAs\":[\"https:\\\/\\\/www.facebook.com\\\/leregardlibre\\\/\",\"https:\\\/\\\/x.com\\\/LeRegardLibre\",\"https:\\\/\\\/www.linkedin.com\\\/company\\\/le-regard-libre\",\"https:\\\/\\\/www.instagram.com\\\/leregardlibre\\\/\",\"http:\\\/\\\/t.me\\\/leregardlibre\",\"https:\\\/\\\/youtube.com\\\/channel\\\/UC6HzGPomj1LsUmlz-sJtITQ\"],\"description\":\"Le Regard Libre est un mensuel suisse de d\u00e9bat intellectuel et culturel. Sa r\u00e9daction est jeune, b\u00e9n\u00e9vole, lib\u00e9rale et pluraliste. Le magazine para\u00eet en ligne et sous forme papier. Sa langue est le fran\u00e7ais.\",\"email\":\"redaction@leregardlibre.com\",\"legalName\":\"Le Regard Libre\",\"foundingDate\":\"2014-01-01\",\"numberOfEmployees\":{\"@type\":\"QuantitativeValue\",\"minValue\":\"11\",\"maxValue\":\"50\"},\"publishingPrinciples\":\"https:\\\/\\\/leregardlibre.com\\\/a-propos\\\/notre-manifeste\\\/\",\"ownershipFundingInfo\":\"https:\\\/\\\/leregardlibre.com\\\/mentions-legales\\\/\",\"actionableFeedbackPolicy\":\"https:\\\/\\\/leregardlibre.com\\\/conditions-generales-de-vente\\\/\"}]}<\/script>\n<!-- \/ Yoast SEO Premium plugin. -->","yoast_head_json":{"title":"Le Regard Libre N\u00b0105 | Dossier SAFETY","robots":{"index":"index","follow":"follow","max-snippet":"max-snippet:-1","max-image-preview":"max-image-preview:large","max-video-preview":"max-video-preview:-1"},"canonical":"https:\/\/leregardlibre.com\/en\/product\/le-regard-libre-n105-dossier-securite\/","og_locale":"en_US","og_type":"article","og_title":"Le Regard Libre N\u00b0105 | Dossier S\u00c9CURIT\u00c9","og_description":"Le Regard Libre N\u00b0105 | Dossier S\u00c9CURIT\u00c9 Exemplaire papier Edition d\u2019avril 2024 Format magazine papier chic Opinions et r\u00e9flexions 05...","og_url":"https:\/\/leregardlibre.com\/en\/product\/le-regard-libre-n105-dossier-securite\/","og_site_name":"Le Regard Libre","article_publisher":"https:\/\/www.facebook.com\/leregardlibre\/","article_modified_time":"2025-08-19T19:02:09+00:00","og_image":[{"url":"https:\/\/leregardlibre.com\/wp-content\/uploads\/2024\/04\/une-le-regard-libre-n105-e1712690666566.jpg","width":724,"height":1024,"type":"image\/jpeg"}],"twitter_card":"summary_large_image","twitter_site":"@LeRegardLibre","twitter_misc":{"Est. reading time":"2 minutes"},"schema":{"@context":"https:\/\/schema.org","@graph":[{"@type":"WebPage","@id":"https:\/\/leregardlibre.com\/produit\/le-regard-libre-n105-dossier-securite\/","url":"https:\/\/leregardlibre.com\/produit\/le-regard-libre-n105-dossier-securite\/","name":"Le Regard Libre N\u00b0105 | Dossier SAFETY","isPartOf":{"@id":"https:\/\/leregardlibre.com\/#website"},"primaryImageOfPage":{"@id":"https:\/\/leregardlibre.com\/produit\/le-regard-libre-n105-dossier-securite\/#primaryimage"},"image":{"@id":"https:\/\/leregardlibre.com\/produit\/le-regard-libre-n105-dossier-securite\/#primaryimage"},"thumbnailUrl":"https:\/\/leregardlibre.com\/wp-content\/uploads\/2024\/04\/une-le-regard-libre-n105-e1712690666566.jpg","datePublished":"2024-04-09T19:06:44+00:00","dateModified":"2025-08-19T19:02:09+00:00","breadcrumb":{"@id":"https:\/\/leregardlibre.com\/produit\/le-regard-libre-n105-dossier-securite\/#breadcrumb"},"inLanguage":"en-US","potentialAction":[{"@type":"ReadAction","target":["https:\/\/leregardlibre.com\/produit\/le-regard-libre-n105-dossier-securite\/"]}]},{"@type":"ImageObject","inLanguage":"en-US","@id":"https:\/\/leregardlibre.com\/produit\/le-regard-libre-n105-dossier-securite\/#primaryimage","url":"https:\/\/leregardlibre.com\/wp-content\/uploads\/2024\/04\/une-le-regard-libre-n105-e1712690666566.jpg","contentUrl":"https:\/\/leregardlibre.com\/wp-content\/uploads\/2024\/04\/une-le-regard-libre-n105-e1712690666566.jpg","width":1920,"height":2715,"caption":"Une Le Regard Libre N\u00b0105"},{"@type":"BreadcrumbList","@id":"https:\/\/leregardlibre.com\/produit\/le-regard-libre-n105-dossier-securite\/#breadcrumb","itemListElement":[{"@type":"ListItem","position":1,"name":"Accueil","item":"https:\/\/leregardlibre.com\/"},{"@type":"ListItem","position":2,"name":"Boutique","item":"https:\/\/leregardlibre.com\/boutique\/"},{"@type":"ListItem","position":3,"name":"Le Regard Libre N\u00b0105 | Dossier S\u00c9CURIT\u00c9"}]},{"@type":"WebSite","@id":"https:\/\/leregardlibre.com\/#website","url":"https:\/\/leregardlibre.com\/","name":"Le Regard Libre","description":"Switzerland's first monthly debate magazine","publisher":{"@id":"https:\/\/leregardlibre.com\/#organization"},"potentialAction":[{"@type":"SearchAction","target":{"@type":"EntryPoint","urlTemplate":"https:\/\/leregardlibre.com\/?s={search_term_string}"},"query-input":{"@type":"PropertyValueSpecification","valueRequired":true,"valueName":"search_term_string"}}],"inLanguage":"en-US"},{"@type":"Organization","@id":"https:\/\/leregardlibre.com\/#organization","name":"Le Regard Libre","url":"https:\/\/leregardlibre.com\/","logo":{"@type":"ImageObject","inLanguage":"en-US","@id":"https:\/\/leregardlibre.com\/#\/schema\/logo\/image\/","url":"https:\/\/leregardlibre.com\/wp-content\/uploads\/2025\/08\/logo-rl-icone-neg.jpeg","contentUrl":"https:\/\/leregardlibre.com\/wp-content\/uploads\/2025\/08\/logo-rl-icone-neg.jpeg","width":557,"height":556,"caption":"Le Regard Libre"},"image":{"@id":"https:\/\/leregardlibre.com\/#\/schema\/logo\/image\/"},"sameAs":["https:\/\/www.facebook.com\/leregardlibre\/","https:\/\/x.com\/LeRegardLibre","https:\/\/www.linkedin.com\/company\/le-regard-libre","https:\/\/www.instagram.com\/leregardlibre\/","http:\/\/t.me\/leregardlibre","https:\/\/youtube.com\/channel\/UC6HzGPomj1LsUmlz-sJtITQ"],"description":"Le Regard Libre is a Swiss monthly magazine for intellectual and cultural debate. Its editorial team is young, voluntary, liberal and pluralist. The magazine appears online and in print. Its language is French.","email":"redaction@leregardlibre.com","legalName":"Le Regard Libre","foundingDate":"2014-01-01","numberOfEmployees":{"@type":"QuantitativeValue","minValue":"11","maxValue":"50"},"publishingPrinciples":"https:\/\/leregardlibre.com\/a-propos\/notre-manifeste\/","ownershipFundingInfo":"https:\/\/leregardlibre.com\/mentions-legales\/","actionableFeedbackPolicy":"https:\/\/leregardlibre.com\/conditions-generales-de-vente\/"}]}},"_links":{"self":[{"href":"https:\/\/leregardlibre.com\/en\/wp-json\/wp\/v2\/product\/522999","targetHints":{"allow":["GET"]}}],"collection":[{"href":"https:\/\/leregardlibre.com\/en\/wp-json\/wp\/v2\/product"}],"about":[{"href":"https:\/\/leregardlibre.com\/en\/wp-json\/wp\/v2\/types\/product"}],"replies":[{"embeddable":true,"href":"https:\/\/leregardlibre.com\/en\/wp-json\/wp\/v2\/comments?post=522999"}],"wp:featuredmedia":[{"embeddable":true,"href":"https:\/\/leregardlibre.com\/en\/wp-json\/wp\/v2\/media\/523008"}],"wp:attachment":[{"href":"https:\/\/leregardlibre.com\/en\/wp-json\/wp\/v2\/media?parent=522999"}],"wp:term":[{"taxonomy":"product_brand","embeddable":true,"href":"https:\/\/leregardlibre.com\/en\/wp-json\/wp\/v2\/product_brand?post=522999"},{"taxonomy":"product_cat","embeddable":true,"href":"https:\/\/leregardlibre.com\/en\/wp-json\/wp\/v2\/product_cat?post=522999"},{"taxonomy":"product_tag","embeddable":true,"href":"https:\/\/leregardlibre.com\/en\/wp-json\/wp\/v2\/product_tag?post=522999"}],"curies":[{"name":"wp","href":"https:\/\/api.w.org\/{rel}","templated":true}]}}