{"id":525462,"date":"2024-11-03T19:32:55","date_gmt":"2024-11-03T18:32:55","guid":{"rendered":"https:\/\/leregardlibre.com\/?post_type=product&#038;p=525462"},"modified":"2025-06-02T21:46:44","modified_gmt":"2025-06-02T19:46:44","slug":"le-regard-libre-n111-dossier-liberalisme","status":"publish","type":"product","link":"https:\/\/leregardlibre.com\/en\/product\/le-regard-libre-n111-dossier-liberalisme\/","title":{"rendered":"Le Regard Libre N\u00b0111 | Dossier LIBERALISM"},"content":{"rendered":"<p><em>Le Regard Libre<\/em> N\u00b0111 | Dossier LIBERALISM<br \/>\nPaper copy<br \/>\nNovember 2024 edition<br \/>\nChic paper magazine format<\/p>\n<hr \/>\n<p class=\"p1\"><strong><span class=\"s1\">Opinions and reflections<br \/>\n<\/span><\/strong><span class=\"s1\">05<\/span> Editorial: Necessary, but is liberalism enough?<br \/>\n<span class=\"s1\">07<\/span> Pascal Couchepin's reading: <i>Discourse on voluntary servitude<br \/>\n<\/i><span class=\"s1\">09<\/span> Ralph M\u00fcller's cartridge: False time and space<br \/>\n<span class=\"s1\">10<\/span> The program that encourages young people to read and think<br \/>\n<span class=\"s1\">14<\/span> Cyprus: two memories in conflict<br \/>\n<span class=\"s1\">16<\/span> She's not left-wing, he's not right-wing<\/p>\n<p class=\"p3\"><strong><span class=\"s1\">Dossier: Current liberal thinking<br \/>\n<\/span><\/strong><span class=\"s1\">20<\/span> The constitutive unity of liberalism<br \/>\n<span class=\"s1\">23<\/span> Biographer Olivier Zunz: \u00abTocqueville had a fair mind\u00bb.\u00bb<br \/>\n<span class=\"s1\">26<\/span> Frederick II, in his own way a precursor of liberalism<br \/>\n<span class=\"s1\">28<\/span> El Salvador as an application of Hobbes' Leviathan<br \/>\n<span class=\"s1\">30<\/span> Germaine de Sta\u00ebl, the forgotten liberal<br \/>\n<span class=\"s1\">33<\/span> The founding myth of economic liberalism<br \/>\n<span class=\"s1\">34<\/span> Three of Friedman's lessons for today's challenges<br \/>\n<span class=\"s1\">36<\/span> Austrian heterodoxy: an assertive liberal economy<br \/>\n<span class=\"s1\">38<\/span> Hayek and the end of truth<br \/>\n<span class=\"s1\">41<\/span> The cultural struggle for interpretive sovereignty<\/p>\n<p class=\"p1\"><strong><span class=\"s1\">Cultural news<br \/>\n<\/span><\/strong><span class=\"s1\">44<\/span> Peter Stamm, the perfume of words without a silhouette<br \/>\n<span class=\"s1\">46<\/span> <i>Ilaria<\/i>, a road trip from a child's point of view<br \/>\n<span class=\"s1\">47<\/span> <i>The Ritz bartender<\/i>, ambiguity at the bottom of the cocktail<br \/>\n<span class=\"s1\">48<\/span> C\u0101rt\u0101rescu the visionary plays the archangel in a novel<br \/>\n<span class=\"s1\">50<\/span> <i>Drone<\/i>, panopticon in the age of OnlyFans<\/p>\n<p class=\"p1\"><strong><span class=\"s1\">End of magazine events<br \/>\n<\/span><\/strong><span class=\"s1\">52<\/span> Bernard L\u00e9chot's photo essay: <i>Bridges of Paris<br \/>\n<\/i><span class=\"s1\">58<\/span> <i>G\u00fctsch night<\/i>, unpublished novel by Andr\u00e9 Durussel (9\/10)<br \/>\n<span class=\"s1\">63<\/span> Theodor Wildt's development notebooks (4\/10)<br \/>\n<span class=\"s1\">64<\/span> In brief: Antiscientific science, a new monthly magazine and a baby photoreporter<br \/>\n<span class=\"s1\">66<\/span> Subscription coupon and sponsorship form<br \/>\n<span class=\"s1\">68<\/span> Quotes<\/p>\n<p class=\"p1\"><a href=\"https:\/\/leregardlibre.com\/en\/cpt-editions\/le-regard-libre-n110-dossier-feminisme\/\"><em>Back to previous edition<\/em><\/a><\/p>","protected":false},"excerpt":{"rendered":"<p>Le Regard Libre N\u00b0111 | Dossier LIB\u00c9RALISME Exemplaire papier Edition de novembre 2024 Format magazine papier chic Opinions et r\u00e9flexions&#8230;<\/p>","protected":false},"featured_media":525459,"comment_status":"open","ping_status":"closed","template":"","meta":{"_acf_changed":false},"product_brand":[],"product_cat":[644340392],"product_tag":[],"class_list":{"0":"post-525462","1":"product","2":"type-product","3":"status-publish","4":"has-post-thumbnail","6":"product_cat-numeros","8":"first","9":"instock","10":"shipping-taxable","11":"purchasable","12":"product-type-variable"},"acf":[],"yoast_head":"<!-- This site is optimized with the Yoast SEO Premium plugin v26.9 (Yoast SEO v26.9) - https:\/\/yoast.com\/product\/yoast-seo-premium-wordpress\/ -->\n<title>Le Regard Libre N\u00b0111 | Dossier LIB\u00c9RALISME<\/title>\n<meta name=\"robots\" content=\"index, follow, max-snippet:-1, max-image-preview:large, max-video-preview:-1\" \/>\n<link rel=\"canonical\" href=\"https:\/\/leregardlibre.com\/en\/product\/le-regard-libre-n111-dossier-liberalisme\/\" \/>\n<meta property=\"og:locale\" content=\"en_US\" \/>\n<meta property=\"og:type\" content=\"article\" \/>\n<meta property=\"og:title\" content=\"Le Regard Libre N\u00b0111 | Dossier LIB\u00c9RALISME\" \/>\n<meta property=\"og:description\" content=\"Le Regard Libre N\u00b0111 | Dossier LIB\u00c9RALISME Exemplaire papier Edition de novembre 2024 Format magazine papier chic Opinions et r\u00e9flexions...\" \/>\n<meta property=\"og:url\" content=\"https:\/\/leregardlibre.com\/en\/product\/le-regard-libre-n111-dossier-liberalisme\/\" \/>\n<meta property=\"og:site_name\" content=\"Le Regard Libre\" \/>\n<meta property=\"article:publisher\" content=\"https:\/\/www.facebook.com\/leregardlibre\/\" \/>\n<meta property=\"article:modified_time\" content=\"2025-06-02T19:46:44+00:00\" \/>\n<meta property=\"og:image\" content=\"https:\/\/leregardlibre.com\/wp-content\/uploads\/2024\/11\/une-le-regard-libre-n111-724x1024.jpg\" \/>\n\t<meta property=\"og:image:width\" content=\"724\" \/>\n\t<meta property=\"og:image:height\" content=\"1024\" \/>\n\t<meta property=\"og:image:type\" content=\"image\/jpeg\" \/>\n<meta name=\"twitter:card\" content=\"summary_large_image\" \/>\n<meta name=\"twitter:site\" content=\"@LeRegardLibre\" \/>\n<meta name=\"twitter:label1\" content=\"Est. reading time\" \/>\n\t<meta name=\"twitter:data1\" content=\"2 minutes\" \/>\n<script type=\"application\/ld+json\" class=\"yoast-schema-graph\">{\"@context\":\"https:\/\/schema.org\",\"@graph\":[{\"@type\":\"WebPage\",\"@id\":\"https:\/\/leregardlibre.com\/produit\/le-regard-libre-n111-dossier-liberalisme\/\",\"url\":\"https:\/\/leregardlibre.com\/produit\/le-regard-libre-n111-dossier-liberalisme\/\",\"name\":\"Le Regard Libre N\u00b0111 | Dossier LIB\u00c9RALISME\",\"isPartOf\":{\"@id\":\"https:\/\/leregardlibre.com\/#website\"},\"primaryImageOfPage\":{\"@id\":\"https:\/\/leregardlibre.com\/produit\/le-regard-libre-n111-dossier-liberalisme\/#primaryimage\"},\"image\":{\"@id\":\"https:\/\/leregardlibre.com\/produit\/le-regard-libre-n111-dossier-liberalisme\/#primaryimage\"},\"thumbnailUrl\":\"https:\/\/leregardlibre.com\/wp-content\/uploads\/2024\/11\/une-le-regard-libre-n111-e1730659200377.jpg\",\"datePublished\":\"2024-11-03T18:32:55+00:00\",\"dateModified\":\"2025-06-02T19:46:44+00:00\",\"breadcrumb\":{\"@id\":\"https:\/\/leregardlibre.com\/produit\/le-regard-libre-n111-dossier-liberalisme\/#breadcrumb\"},\"inLanguage\":\"en-US\",\"potentialAction\":[{\"@type\":\"ReadAction\",\"target\":[\"https:\/\/leregardlibre.com\/produit\/le-regard-libre-n111-dossier-liberalisme\/\"]}]},{\"@type\":\"ImageObject\",\"inLanguage\":\"en-US\",\"@id\":\"https:\/\/leregardlibre.com\/produit\/le-regard-libre-n111-dossier-liberalisme\/#primaryimage\",\"url\":\"https:\/\/leregardlibre.com\/wp-content\/uploads\/2024\/11\/une-le-regard-libre-n111-e1730659200377.jpg\",\"contentUrl\":\"https:\/\/leregardlibre.com\/wp-content\/uploads\/2024\/11\/une-le-regard-libre-n111-e1730659200377.jpg\",\"width\":1920,\"height\":2715,\"caption\":\"Une Le Regard Libre N\u00b0111 lib\u00e9ralisme\"},{\"@type\":\"BreadcrumbList\",\"@id\":\"https:\/\/leregardlibre.com\/produit\/le-regard-libre-n111-dossier-liberalisme\/#breadcrumb\",\"itemListElement\":[{\"@type\":\"ListItem\",\"position\":1,\"name\":\"Accueil\",\"item\":\"https:\/\/leregardlibre.com\/\"},{\"@type\":\"ListItem\",\"position\":2,\"name\":\"Boutique\",\"item\":\"https:\/\/leregardlibre.com\/boutique\/\"},{\"@type\":\"ListItem\",\"position\":3,\"name\":\"Le Regard Libre N\u00b0111 | Dossier LIB\u00c9RALISME\"}]},{\"@type\":\"WebSite\",\"@id\":\"https:\/\/leregardlibre.com\/#website\",\"url\":\"https:\/\/leregardlibre.com\/\",\"name\":\"Le Regard Libre\",\"description\":\"Premier mensuel suisse de d\u00e9bat\",\"publisher\":{\"@id\":\"https:\/\/leregardlibre.com\/#organization\"},\"potentialAction\":[{\"@type\":\"SearchAction\",\"target\":{\"@type\":\"EntryPoint\",\"urlTemplate\":\"https:\/\/leregardlibre.com\/?s={search_term_string}\"},\"query-input\":{\"@type\":\"PropertyValueSpecification\",\"valueRequired\":true,\"valueName\":\"search_term_string\"}}],\"inLanguage\":\"en-US\"},{\"@type\":\"Organization\",\"@id\":\"https:\/\/leregardlibre.com\/#organization\",\"name\":\"Le Regard Libre\",\"url\":\"https:\/\/leregardlibre.com\/\",\"logo\":{\"@type\":\"ImageObject\",\"inLanguage\":\"en-US\",\"@id\":\"https:\/\/leregardlibre.com\/#\/schema\/logo\/image\/\",\"url\":\"https:\/\/leregardlibre.com\/wp-content\/uploads\/2025\/08\/logo-rl-icone-neg.jpeg\",\"contentUrl\":\"https:\/\/leregardlibre.com\/wp-content\/uploads\/2025\/08\/logo-rl-icone-neg.jpeg\",\"width\":557,\"height\":556,\"caption\":\"Le Regard Libre\"},\"image\":{\"@id\":\"https:\/\/leregardlibre.com\/#\/schema\/logo\/image\/\"},\"sameAs\":[\"https:\/\/www.facebook.com\/leregardlibre\/\",\"https:\/\/x.com\/LeRegardLibre\",\"https:\/\/www.linkedin.com\/company\/le-regard-libre\",\"https:\/\/www.instagram.com\/leregardlibre\/\",\"http:\/\/t.me\/leregardlibre\",\"https:\/\/youtube.com\/channel\/UC6HzGPomj1LsUmlz-sJtITQ\"],\"description\":\"Le Regard Libre est un mensuel suisse de d\u00e9bat intellectuel et culturel. Sa r\u00e9daction est jeune, b\u00e9n\u00e9vole, lib\u00e9rale et pluraliste. Le magazine para\u00eet en ligne et sous forme papier. Sa langue est le fran\u00e7ais.\",\"email\":\"redaction@leregardlibre.com\",\"legalName\":\"Le Regard Libre\",\"foundingDate\":\"2014-01-01\",\"numberOfEmployees\":{\"@type\":\"QuantitativeValue\",\"minValue\":\"11\",\"maxValue\":\"50\"},\"publishingPrinciples\":\"https:\/\/leregardlibre.com\/a-propos\/notre-manifeste\/\",\"ownershipFundingInfo\":\"https:\/\/leregardlibre.com\/mentions-legales\/\",\"actionableFeedbackPolicy\":\"https:\/\/leregardlibre.com\/conditions-generales-de-vente\/\"}]}<\/script>\n<!-- \/ Yoast SEO Premium plugin. -->","yoast_head_json":{"title":"Le Regard Libre N\u00b0111 | Dossier LIBERALISM","robots":{"index":"index","follow":"follow","max-snippet":"max-snippet:-1","max-image-preview":"max-image-preview:large","max-video-preview":"max-video-preview:-1"},"canonical":"https:\/\/leregardlibre.com\/en\/product\/le-regard-libre-n111-dossier-liberalisme\/","og_locale":"en_US","og_type":"article","og_title":"Le Regard Libre N\u00b0111 | Dossier LIB\u00c9RALISME","og_description":"Le Regard Libre N\u00b0111 | Dossier LIB\u00c9RALISME Exemplaire papier Edition de novembre 2024 Format magazine papier chic Opinions et r\u00e9flexions...","og_url":"https:\/\/leregardlibre.com\/en\/product\/le-regard-libre-n111-dossier-liberalisme\/","og_site_name":"Le Regard Libre","article_publisher":"https:\/\/www.facebook.com\/leregardlibre\/","article_modified_time":"2025-06-02T19:46:44+00:00","og_image":[{"width":724,"height":1024,"url":"https:\/\/leregardlibre.com\/wp-content\/uploads\/2024\/11\/une-le-regard-libre-n111-724x1024.jpg","type":"image\/jpeg"}],"twitter_card":"summary_large_image","twitter_site":"@LeRegardLibre","twitter_misc":{"Est. reading time":"2 minutes"},"schema":{"@context":"https:\/\/schema.org","@graph":[{"@type":"WebPage","@id":"https:\/\/leregardlibre.com\/produit\/le-regard-libre-n111-dossier-liberalisme\/","url":"https:\/\/leregardlibre.com\/produit\/le-regard-libre-n111-dossier-liberalisme\/","name":"Le Regard Libre N\u00b0111 | Dossier LIBERALISM","isPartOf":{"@id":"https:\/\/leregardlibre.com\/#website"},"primaryImageOfPage":{"@id":"https:\/\/leregardlibre.com\/produit\/le-regard-libre-n111-dossier-liberalisme\/#primaryimage"},"image":{"@id":"https:\/\/leregardlibre.com\/produit\/le-regard-libre-n111-dossier-liberalisme\/#primaryimage"},"thumbnailUrl":"https:\/\/leregardlibre.com\/wp-content\/uploads\/2024\/11\/une-le-regard-libre-n111-e1730659200377.jpg","datePublished":"2024-11-03T18:32:55+00:00","dateModified":"2025-06-02T19:46:44+00:00","breadcrumb":{"@id":"https:\/\/leregardlibre.com\/produit\/le-regard-libre-n111-dossier-liberalisme\/#breadcrumb"},"inLanguage":"en-US","potentialAction":[{"@type":"ReadAction","target":["https:\/\/leregardlibre.com\/produit\/le-regard-libre-n111-dossier-liberalisme\/"]}]},{"@type":"ImageObject","inLanguage":"en-US","@id":"https:\/\/leregardlibre.com\/produit\/le-regard-libre-n111-dossier-liberalisme\/#primaryimage","url":"https:\/\/leregardlibre.com\/wp-content\/uploads\/2024\/11\/une-le-regard-libre-n111-e1730659200377.jpg","contentUrl":"https:\/\/leregardlibre.com\/wp-content\/uploads\/2024\/11\/une-le-regard-libre-n111-e1730659200377.jpg","width":1920,"height":2715,"caption":"Une Le Regard Libre N\u00b0111 lib\u00e9ralisme"},{"@type":"BreadcrumbList","@id":"https:\/\/leregardlibre.com\/produit\/le-regard-libre-n111-dossier-liberalisme\/#breadcrumb","itemListElement":[{"@type":"ListItem","position":1,"name":"Accueil","item":"https:\/\/leregardlibre.com\/"},{"@type":"ListItem","position":2,"name":"Boutique","item":"https:\/\/leregardlibre.com\/boutique\/"},{"@type":"ListItem","position":3,"name":"Le Regard Libre N\u00b0111 | Dossier LIB\u00c9RALISME"}]},{"@type":"WebSite","@id":"https:\/\/leregardlibre.com\/#website","url":"https:\/\/leregardlibre.com\/","name":"Le Regard Libre","description":"Switzerland's first monthly debate magazine","publisher":{"@id":"https:\/\/leregardlibre.com\/#organization"},"potentialAction":[{"@type":"SearchAction","target":{"@type":"EntryPoint","urlTemplate":"https:\/\/leregardlibre.com\/?s={search_term_string}"},"query-input":{"@type":"PropertyValueSpecification","valueRequired":true,"valueName":"search_term_string"}}],"inLanguage":"en-US"},{"@type":"Organization","@id":"https:\/\/leregardlibre.com\/#organization","name":"Le Regard Libre","url":"https:\/\/leregardlibre.com\/","logo":{"@type":"ImageObject","inLanguage":"en-US","@id":"https:\/\/leregardlibre.com\/#\/schema\/logo\/image\/","url":"https:\/\/leregardlibre.com\/wp-content\/uploads\/2025\/08\/logo-rl-icone-neg.jpeg","contentUrl":"https:\/\/leregardlibre.com\/wp-content\/uploads\/2025\/08\/logo-rl-icone-neg.jpeg","width":557,"height":556,"caption":"Le Regard Libre"},"image":{"@id":"https:\/\/leregardlibre.com\/#\/schema\/logo\/image\/"},"sameAs":["https:\/\/www.facebook.com\/leregardlibre\/","https:\/\/x.com\/LeRegardLibre","https:\/\/www.linkedin.com\/company\/le-regard-libre","https:\/\/www.instagram.com\/leregardlibre\/","http:\/\/t.me\/leregardlibre","https:\/\/youtube.com\/channel\/UC6HzGPomj1LsUmlz-sJtITQ"],"description":"Le Regard Libre is a Swiss monthly magazine for intellectual and cultural debate. Its editorial team is young, voluntary, liberal and pluralist. The magazine appears online and in print. Its language is French.","email":"redaction@leregardlibre.com","legalName":"Le Regard Libre","foundingDate":"2014-01-01","numberOfEmployees":{"@type":"QuantitativeValue","minValue":"11","maxValue":"50"},"publishingPrinciples":"https:\/\/leregardlibre.com\/a-propos\/notre-manifeste\/","ownershipFundingInfo":"https:\/\/leregardlibre.com\/mentions-legales\/","actionableFeedbackPolicy":"https:\/\/leregardlibre.com\/conditions-generales-de-vente\/"}]}},"_links":{"self":[{"href":"https:\/\/leregardlibre.com\/en\/wp-json\/wp\/v2\/product\/525462","targetHints":{"allow":["GET"]}}],"collection":[{"href":"https:\/\/leregardlibre.com\/en\/wp-json\/wp\/v2\/product"}],"about":[{"href":"https:\/\/leregardlibre.com\/en\/wp-json\/wp\/v2\/types\/product"}],"replies":[{"embeddable":true,"href":"https:\/\/leregardlibre.com\/en\/wp-json\/wp\/v2\/comments?post=525462"}],"wp:featuredmedia":[{"embeddable":true,"href":"https:\/\/leregardlibre.com\/en\/wp-json\/wp\/v2\/media\/525459"}],"wp:attachment":[{"href":"https:\/\/leregardlibre.com\/en\/wp-json\/wp\/v2\/media?parent=525462"}],"wp:term":[{"taxonomy":"product_brand","embeddable":true,"href":"https:\/\/leregardlibre.com\/en\/wp-json\/wp\/v2\/product_brand?post=525462"},{"taxonomy":"product_cat","embeddable":true,"href":"https:\/\/leregardlibre.com\/en\/wp-json\/wp\/v2\/product_cat?post=525462"},{"taxonomy":"product_tag","embeddable":true,"href":"https:\/\/leregardlibre.com\/en\/wp-json\/wp\/v2\/product_tag?post=525462"}],"curies":[{"name":"wp","href":"https:\/\/api.w.org\/{rel}","templated":true}]}}